{"id":78,"date":"2022-08-03T08:38:54","date_gmt":"2022-08-03T08:38:54","guid":{"rendered":"https:\/\/incensemachinery.com\/?post_type=product&#038;p=78"},"modified":"2025-07-24T16:38:13","modified_gmt":"2025-07-24T08:38:13","slug":"backflow-incense-cone-making-machine","status":"publish","type":"product","link":"https:\/\/incensemachinery.com\/vi\/product\/backflow-incense-cone-making-machine\/","title":{"rendered":"M\u00e1y L\u00e0m Nhang Ng\u01b0\u1ee3c D\u00f2ng Ch\u1ea3y Ng\u01b0\u1ee3c | M\u00e1y l\u00e0m n\u00f3n h\u01b0\u01a1ng th\u00e1c n\u01b0\u1edbc"},"content":{"rendered":"<div class=\"kk-star-ratings kksr-auto kksr-align-left kksr-valign-top\"     data-payload='{&quot;align&quot;:&quot;left&quot;,&quot;id&quot;:&quot;78&quot;,&quot;slug&quot;:&quot;default&quot;,&quot;valign&quot;:&quot;top&quot;,&quot;ignore&quot;:&quot;&quot;,&quot;reference&quot;:&quot;auto&quot;,&quot;class&quot;:&quot;&quot;,&quot;count&quot;:&quot;23&quot;,&quot;legendonly&quot;:&quot;&quot;,&quot;readonly&quot;:&quot;&quot;,&quot;score&quot;:&quot;4.8&quot;,&quot;starsonly&quot;:&quot;&quot;,&quot;best&quot;:&quot;5&quot;,&quot;gap&quot;:&quot;5&quot;,&quot;greet&quot;:&quot;Rate this product&quot;,&quot;legend&quot;:&quot;4.8\\\/5 - (23 b\u00ecnh ch\u1ecdn)&quot;,&quot;size&quot;:&quot;24&quot;,&quot;title&quot;:&quot;Backflow Incense Cone Making Machine | Waterfall Incense Cones Maker&quot;,&quot;width&quot;:&quot;136.7&quot;,&quot;_legend&quot;:&quot;{score}\\\/{best} - ({count} {votes})&quot;,&quot;font_factor&quot;:&quot;1.25&quot;}'>              <div class=\"kksr-stars\">      <div class=\"kksr-stars-inactive\">             <div class=\"kksr-star\" data-star=\"1\" style=\"padding-right: 5px\">               <div class=\"kksr-icon\" style=\"width: 24px; height: 24px;\"><\/div>         <\/div>             <div class=\"kksr-star\" data-star=\"2\" style=\"padding-right: 5px\">               <div class=\"kksr-icon\" style=\"width: 24px; height: 24px;\"><\/div>         <\/div>             <div class=\"kksr-star\" data-star=\"3\" style=\"padding-right: 5px\">               <div class=\"kksr-icon\" style=\"width: 24px; height: 24px;\"><\/div>         <\/div>             <div class=\"kksr-star\" data-star=\"4\" style=\"padding-right: 5px\">               <div class=\"kksr-icon\" style=\"width: 24px; height: 24px;\"><\/div>         <\/div>             <div class=\"kksr-star\" data-star=\"5\" style=\"padding-right: 5px\">               <div class=\"kksr-icon\" style=\"width: 24px; height: 24px;\"><\/div>         <\/div>     <\/div>      <div class=\"kksr-stars-active\" style=\"width: 136.7px;\">             <div class=\"kksr-star\" style=\"padding-right: 5px\">               <div class=\"kksr-icon\" style=\"width: 24px; height: 24px;\"><\/div>         <\/div>             <div class=\"kksr-star\" style=\"padding-right: 5px\">               <div class=\"kksr-icon\" style=\"width: 24px; height: 24px;\"><\/div>         <\/div>             <div class=\"kksr-star\" style=\"padding-right: 5px\">               <div class=\"kksr-icon\" style=\"width: 24px; height: 24px;\"><\/div>         <\/div>             <div class=\"kksr-star\" style=\"padding-right: 5px\">               <div class=\"kksr-icon\" style=\"width: 24px; height: 24px;\"><\/div>         <\/div>             <div class=\"kksr-star\" style=\"padding-right: 5px\">               <div class=\"kksr-icon\" style=\"width: 24px; height: 24px;\"><\/div>         <\/div>     <\/div> <\/div>                   <div class=\"kksr-legend\" style=\"font-size: 19.2px;\">             4.8\/5 - (23 b\u00ecnh ch\u1ecdn)    <\/div>     <\/div>  <p>M\u00e1y l\u00e0m nhang ch\u1ea3y ng\u01b0\u1ee3c li\u00ean t\u1ee5c \u0111\u01b0\u1ee3c s\u1eed d\u1ee5ng \u0111\u1ec3 s\u1ea3n xu\u1ea5t c\u00e1c lo\u1ea1i nhang c\u00f3 l\u1ed7 \u1edf gi\u1eefa ho\u1eb7c nhang h\u00ecnh ch\u00f9a v\u1edbi nhi\u1ec1u ki\u1ec3u ch\u1ea1m kh\u1eafc kh\u00e1c nhau. M\u00e1y t\u1ea1o n\u00f3n h\u01b0\u01a1ng th\u00e1c n\u01b0\u1edbc t\u1ef1 \u0111\u1ed9ng c\u00f3 th\u1ec3 \u0111\u01b0\u1ee3c s\u1eed d\u1ee5ng \u0111\u1ec3 s\u1ea3n xu\u1ea5t n\u00f3n h\u01b0\u01a1ng ch\u1ea3y ng\u01b0\u1ee3c v\u1edbi nhi\u1ec1u k\u00edch c\u1ee1 kh\u00e1c nhau b\u1eb1ng c\u00e1ch thay \u0111\u1ed5i khu\u00f4n. T\u1ea5t nhi\u00ean, ch\u00fang ta c\u0169ng c\u00f3 th\u1ec3 s\u1eed d\u1ee5ng m\u00e1y nhang ch\u1ea3y ng\u01b0\u1ee3c \u0111\u1ec3 s\u1ea3n xu\u1ea5t nhang m\u00e0u.<\/p>    <figure class=\"wp-block-gallery has-nested-images columns-default is-cropped wp-block-gallery-2 is-layout-flex wp-block-gallery-is-layout-flex\"> <figure class=\"wp-block-image size-large\"><img loading=\"lazy\" decoding=\"async\" width=\"720\" height=\"540\" data-id=\"84\" src=\"https:\/\/incensemachinery.com\/wp-content\/uploads\/2022\/08\/commercial-backflow-incense-cone-maker-for-sale.webp\" alt=\"m\u00e1y l\u00e0m n\u00f3n h\u01b0\u01a1ng ch\u1ea3y ng\u01b0\u1ee3c \" class=\"wp-image-84\" srcset=\"https:\/\/incensemachinery.com\/wp-content\/uploads\/2022\/08\/commercial-backflow-incense-cone-maker-for-sale.webp 720w, https:\/\/incensemachinery.com\/wp-content\/uploads\/2022\/08\/commercial-backflow-incense-cone-maker-for-sale-300x225.webp 300w\" sizes=\"auto, (max-width: 720px) 100vw, 720px\" \/><figcaption class=\"wp-element-caption\">nh\u00e0 s\u1ea3n xu\u1ea5t n\u00f3n h\u01b0\u01a1ng ng\u01b0\u1ee3c th\u01b0\u01a1ng m\u1ea1i \u0111\u1ec3 b\u00e1n<\/figcaption><\/figure>    <figure class=\"wp-block-image size-large\"><img loading=\"lazy\" decoding=\"async\" width=\"720\" height=\"540\" data-id=\"85\" src=\"https:\/\/incensemachinery.com\/wp-content\/uploads\/2022\/08\/waterfall-incense-cone.webp\" alt=\"n\u00f3n h\u01b0\u01a1ng th\u00e1c n\u01b0\u1edbc\" class=\"wp-image-85\" srcset=\"https:\/\/incensemachinery.com\/wp-content\/uploads\/2022\/08\/waterfall-incense-cone.webp 720w, https:\/\/incensemachinery.com\/wp-content\/uploads\/2022\/08\/waterfall-incense-cone-300x225.webp 300w\" sizes=\"auto, (max-width: 720px) 100vw, 720px\" \/><figcaption class=\"wp-element-caption\">n\u00f3n h\u01b0\u01a1ng th\u00e1c n\u01b0\u1edbc<\/figcaption><\/figure> <\/figure>    <h2 class=\"wp-block-heading\" id=\"h-what-are-backflow-incense-cones\">N\u00f3n h\u01b0\u01a1ng ch\u1ea3y ng\u01b0\u1ee3c l\u00e0 g\u00ec?<\/h2>    <p>Nhang tr\u1ea7m hay c\u00f2n g\u1ecdi l\u00e0 nhang tr\u1ea7m ch\u1ea3y ng\u01b0\u1ee3c, th\u01b0\u1eddng l\u00e0 lo\u1ea1i nhang c\u00f3 h\u00ecnh n\u00f3n ho\u1eb7c h\u00ecnh th\u00e1p c\u00f3 l\u1ed7 \u1edf gi\u1eefa. Kh\u00f4ng gi\u1ed1ng nh\u01b0 nhang th\u00f4ng th\u01b0\u1eddng, nhang tr\u1ea7m \u0111\u1ed9c \u0111\u00e1o n\u00e0y t\u1ea1o ra kh\u00f3i th\u01b0\u1eddng ch\u1ea3y ra kh\u1ecfi l\u1ed7 \u1edf ph\u00eda d\u01b0\u1edbi khi \u0111\u1ed1t, gi\u1ed1ng nh\u01b0 th\u00e1c n\u01b0\u1edbc. \u0110\u00e2y ch\u00ednh l\u00e0 l\u00fd do t\u1ea1i sao h\u01b0\u01a1ng ch\u1ea3y ng\u01b0\u1ee3c c\u00f2n \u0111\u01b0\u1ee3c g\u1ecdi l\u00e0 n\u00f3n h\u01b0\u01a1ng th\u00e1c n\u01b0\u1edbc.<\/p>    <p class=\"translation-block\">S\u1ef1 kh\u00e1c bi\u1ec7t duy nh\u1ea5t gi\u1eefa lo\u1ea1i h\u01b0\u01a1ng n\u00e0y v\u00e0 h\u01b0\u01a1ng n\u1ee5 \u0111\u01b0\u1ee3c l\u00e0m b\u1eb1ng <strong>m\u00e1y l\u00e0m n\u1ee5 h\u01b0\u01a1ng th\u00f4ng th\u01b0\u1eddng<\/strong> l\u00e0 n\u00f3 c\u00f3 m\u1ed9t l\u1ed7 \u1edf gi\u1eefa.<\/p>    <figure class=\"wp-block-gallery has-nested-images columns-default is-cropped wp-block-gallery-3 is-layout-flex wp-block-gallery-is-layout-flex\"> <figure class=\"wp-block-image size-large\"><img loading=\"lazy\" decoding=\"async\" width=\"720\" height=\"540\" data-id=\"86\" src=\"https:\/\/incensemachinery.com\/wp-content\/uploads\/2022\/08\/Backflow-Cones-Incense.webp\" alt=\"Nhang Ng\u01b0\u1ee3c Ch\u1ea3y Ng\u01b0\u1ee3c\" class=\"wp-image-86\" srcset=\"https:\/\/incensemachinery.com\/wp-content\/uploads\/2022\/08\/Backflow-Cones-Incense.webp 720w, https:\/\/incensemachinery.com\/wp-content\/uploads\/2022\/08\/Backflow-Cones-Incense-300x225.webp 300w\" sizes=\"auto, (max-width: 720px) 100vw, 720px\" \/><figcaption class=\"wp-element-caption\">Nhang Ng\u01b0\u1ee3c Ch\u1ea3y Ng\u01b0\u1ee3c<\/figcaption><\/figure>    <figure class=\"wp-block-image size-large\"><img loading=\"lazy\" decoding=\"async\" width=\"720\" height=\"540\" data-id=\"88\" src=\"https:\/\/incensemachinery.com\/wp-content\/uploads\/2022\/08\/waterfall-cones-burning.webp\" alt=\"n\u00f3n th\u00e1c \u0111\u1ed1t\" class=\"wp-image-88\" srcset=\"https:\/\/incensemachinery.com\/wp-content\/uploads\/2022\/08\/waterfall-cones-burning.webp 720w, https:\/\/incensemachinery.com\/wp-content\/uploads\/2022\/08\/waterfall-cones-burning-300x225.webp 300w\" sizes=\"auto, (max-width: 720px) 100vw, 720px\" \/><figcaption class=\"wp-element-caption\">n\u00f3n th\u00e1c \u0111\u1ed1t<\/figcaption><\/figure> <\/figure>    <h2 class=\"wp-block-heading\" id=\"h-how-does-the-incense-waterfall-work\">Th\u00e1c h\u01b0\u01a1ng ho\u1ea1t \u0111\u1ed9ng nh\u01b0 th\u1ebf n\u00e0o?<\/h2>    <p>Ch\u00fang ta th\u01b0\u1eddng th\u1ea5y kh\u00f3i h\u01b0\u01a1ng ng\u01b0\u1ee3c xu\u00f4i xu\u1ed1ng, t\u1ea1i sao l\u1ea1i nh\u01b0 v\u1eady? H\u01b0\u01a1ng ng\u01b0\u1ee3c s\u1eed d\u1ee5ng nguy\u00ean l\u00fd h\u00fat n\u01b0\u1edbc. Khi h\u01b0\u01a1ng ch\u1ea3y ng\u01b0\u1ee3c ch\u00e1y \u1edf ph\u00eda tr\u00ean, kh\u00f3i t\u1ea1o ra s\u1ebd ngu\u1ed9i d\u1ea7n qua c\u00e1c l\u1ed7 d\u00e0i h\u01a1n. Kh\u00f3i khi \u0111\u00f3 c\u0169ng l\u1edbn h\u01a1n v\u00e0 \u0111\u1eadm \u0111\u1eb7c h\u01a1n, khi ra kh\u1ecfi c\u1eeda tho\u00e1t kh\u00f3i \u0111\u1eadm \u0111\u1eb7c h\u01a1n kh\u00f4ng kh\u00ed b\u00ean ngo\u00e0i m\u1ed9t ch\u00fat n\u00ean t\u1ef1 nhi\u00ean ch\u1ea3y xu\u1ed1ng d\u01b0\u1edbi, cu\u1ed1i c\u00f9ng t\u1ea1o ra hi\u1ec7n t\u01b0\u1ee3ng ch\u1ea3y ng\u01b0\u1ee3c.<\/p>    <p class=\"translation-block\">Ngo\u00e0i ra, <strong>l\u01b0 h\u01b0\u01a1ng ng\u01b0\u1ee3c<\/strong> \u0111\u01b0\u1ee3c s\u1eed d\u1ee5ng trong c\u00e1c th\u00e1p h\u01b0\u01a1ng \u0111\u1eb7c bi\u1ec7t, h\u1ea7u h\u1ebft l\u00e0 lo\u1ea1i r\u1ed7ng h\u00ecnh n\u00f3n. Lo\u1ea1i l\u01b0 h\u01b0\u01a1ng n\u00e0y l\u00e0m m\u00e1t kh\u00f3i b\u1eb1ng c\u00e1ch c\u00e1ch ly n\u00f3 kh\u1ecfi kh\u00f4ng kh\u00ed n\u00f3ng v\u00e0 gi\u1eef n\u00f3 b\u00ean trong c\u1ed9t h\u01b0\u01a1ng h\u00ecnh ch\u00f9a h\u00ecnh r\u1ed7ng. Tro l\u1eafng xu\u1ed1ng \u0111\u1ea5t v\u00ec n\u00f3 n\u1eb7ng h\u01a1n kh\u00f4ng kh\u00ed v\u00e0 ch\u1ea3y ra qua c\u00e1c l\u1ed7 nh\u1ecf \u1edf ch\u00e2n c\u1ed9t h\u01b0\u01a1ng, t\u1ea1o ra d\u00f2ng ch\u1ea3y ng\u01b0\u1ee3c c\u1ee7a kh\u00f3i m\u00e0 ch\u00fang ta nh\u00ecn th\u1ea5y.<\/p>    <figure class=\"wp-block-gallery has-nested-images columns-default is-cropped wp-block-gallery-4 is-layout-flex wp-block-gallery-is-layout-flex\"> <figure class=\"wp-block-image size-large\"><img loading=\"lazy\" decoding=\"async\" width=\"720\" height=\"540\" data-id=\"91\" src=\"https:\/\/incensemachinery.com\/wp-content\/uploads\/2022\/08\/reverse-flow-incense-burner.webp\" alt=\"l\u01b0 h\u01b0\u01a1ng ch\u1ea3y ng\u01b0\u1ee3c\" class=\"wp-image-91\" srcset=\"https:\/\/incensemachinery.com\/wp-content\/uploads\/2022\/08\/reverse-flow-incense-burner.webp 720w, https:\/\/incensemachinery.com\/wp-content\/uploads\/2022\/08\/reverse-flow-incense-burner-300x225.webp 300w\" sizes=\"auto, (max-width: 720px) 100vw, 720px\" \/><figcaption class=\"wp-element-caption\">l\u01b0 h\u01b0\u01a1ng ch\u1ea3y ng\u01b0\u1ee3c<\/figcaption><\/figure>    <figure class=\"wp-block-image size-large\"><img loading=\"lazy\" decoding=\"async\" width=\"720\" height=\"540\" data-id=\"90\" src=\"https:\/\/incensemachinery.com\/wp-content\/uploads\/2022\/08\/backflow-dhoop-cones-use.webp\" alt=\"s\u1eed d\u1ee5ng n\u00f3n dhoop d\u00f2ng ch\u1ea3y ng\u01b0\u1ee3c\" class=\"wp-image-90\" srcset=\"https:\/\/incensemachinery.com\/wp-content\/uploads\/2022\/08\/backflow-dhoop-cones-use.webp 720w, https:\/\/incensemachinery.com\/wp-content\/uploads\/2022\/08\/backflow-dhoop-cones-use-300x225.webp 300w\" sizes=\"auto, (max-width: 720px) 100vw, 720px\" \/><figcaption class=\"wp-element-caption\">s\u1eed d\u1ee5ng n\u00f3n dhoop d\u00f2ng ch\u1ea3y ng\u01b0\u1ee3c<\/figcaption><\/figure>    <figure class=\"wp-block-image size-large\"><img loading=\"lazy\" decoding=\"async\" width=\"720\" height=\"540\" data-id=\"87\" src=\"https:\/\/incensemachinery.com\/wp-content\/uploads\/2022\/08\/backflow-cones-with-waterfall-effect.webp\" alt=\"n\u00f3n ch\u1ea3y ng\u01b0\u1ee3c v\u1edbi hi\u1ec7u \u1ee9ng th\u00e1c n\u01b0\u1edbc\" class=\"wp-image-87\" srcset=\"https:\/\/incensemachinery.com\/wp-content\/uploads\/2022\/08\/backflow-cones-with-waterfall-effect.webp 720w, https:\/\/incensemachinery.com\/wp-content\/uploads\/2022\/08\/backflow-cones-with-waterfall-effect-300x225.webp 300w\" sizes=\"auto, (max-width: 720px) 100vw, 720px\" \/><figcaption class=\"wp-element-caption\">n\u00f3n ch\u1ea3y ng\u01b0\u1ee3c v\u1edbi hi\u1ec7u \u1ee9ng th\u00e1c n\u01b0\u1edbc<\/figcaption><\/figure> <\/figure>    <h2 class=\"wp-block-heading\" id=\"h-common-ingredients-to-make-backflow-incense-cones\">Nguy\u00ean li\u1ec7u ph\u1ed5 bi\u1ebfn \u0111\u1ec3 l\u00e0m nhang ng\u01b0\u1ee3c<\/h2>    <p>Vi\u1ec7c s\u1ea3n xu\u1ea5t h\u01b0\u01a1ng \u0111\u1ed5 c\u0169ng t\u01b0\u01a1ng t\u1ef1 nh\u01b0 c\u00e1c lo\u1ea1i h\u01b0\u01a1ng kh\u00e1c \u1edf ch\u1ed7 s\u1eed d\u1ee5ng b\u1ed9t k\u1eb9o cao su, b\u1ed9t g\u1ed7, gia v\u1ecb v\u00e0 m\u1ed9t l\u01b0\u1ee3ng ch\u1ea5t tr\u1ee3 ch\u00e1y nh\u1ea5t \u0111\u1ecbnh l\u00e0m nguy\u00ean li\u1ec7u c\u01a1 b\u1ea3n. <\/p>    <p>Tuy nhi\u00ean, s\u1ef1 k\u1ebft h\u1ee3p c\u1ee7a c\u00e1c th\u00e0nh ph\u1ea7n \u1edf m\u1ed7i ng\u01b0\u1eddi l\u00e0 kh\u00e1c nhau v\u00e0 nh\u1eefng kh\u00e1ch h\u00e0ng kh\u00e1c nhau c\u00f3 nh\u1eefng y\u00eau c\u1ea7u kh\u00e1c nhau. H\u01b0\u01a1ng th\u01a1m t\u1ea1o ra khi \u0111\u1ed1t h\u01b0\u01a1ng ng\u01b0\u1ee3c \u0111\u01b0\u1ee3c x\u00e1c \u0111\u1ecbnh b\u1edfi c\u00e1c lo\u1ea1i gia v\u1ecb ho\u1eb7c ch\u1ea5t th\u01a1m \u0111\u01b0\u1ee3c th\u00eam v\u00e0o nguy\u00ean li\u1ec7u th\u00f4. C\u00e1c lo\u1ea1i gia v\u1ecb ph\u1ed5 bi\u1ebfn bao g\u1ed3m h\u01b0\u01a1ng, ng\u1ea3i c\u1ee9u, c\u00e2y b\u00e1ch v\u00e0 g\u1ed7 \u0111\u00e0n h\u01b0\u01a1ng.<\/p>    <h2 class=\"wp-block-heading\" id=\"h-how-to-make-backflow-incense-cones\">L\u00e0m th\u1ebf n\u00e0o \u0111\u1ec3 l\u00e0m nhang ch\u1ea3y ng\u01b0\u1ee3c t\u1ed1t?<\/h2>    <p>Vi\u1ec7c s\u1ea3n xu\u1ea5t c\u00e1c lo\u1ea1i nhang h\u01b0\u01a1ng th\u00e1c n\u01b0\u1edbc c\u00f3 h\u00ecnh d\u1ea1ng kh\u00e1c nhau th\u01b0\u1eddng \u0111\u00f2i h\u1ecfi ph\u1ea3i s\u1eed d\u1ee5ng m\u00e1y t\u1ea1o h\u01b0\u01a1ng ch\u1ea3y ng\u01b0\u1ee3c \u0111\u1eb7c bi\u1ec7t. M\u00e1y l\u00e0m nhang h\u01b0\u01a1ng ch\u1ea3y ng\u01b0\u1ee3c th\u01b0\u01a1ng m\u1ea1i n\u00e0y c\u00f3 c\u00e1c g\u00f3i khu\u00f4n t\u1ea1o h\u00ecnh \u0111\u1ec3 nhanh ch\u00f3ng \u00e9p b\u1ed9t h\u01b0\u01a1ng \u0111\u00e3 tr\u1ed9n \u0111\u1ec1u th\u00e0nh c\u00e1c d\u1ea3i \u0111\u1eb7c. <\/p>    <p>C\u00e1c h\u00ecnh n\u00f3n ch\u1ea3y ng\u01b0\u1ee3c sau \u0111\u00f3 \u0111\u01b0\u1ee3c \u0111\u1ecbnh h\u00ecnh b\u1eb1ng c\u00e1ch t\u1ea1o h\u00ecnh ch\u00ednh x\u00e1c c\u1ee7a khu\u00f4n. M\u00e1y l\u00e0m nhang n\u1ee5 th\u00e1c n\u01b0\u1edbc t\u1ea1o ra nh\u1eefng c\u00e2y nhang c\u00f3 k\u00edch th\u01b0\u1edbc \u0111\u1ed3ng \u0111\u1ec1u, b\u1ec1 m\u1eb7t nh\u1eb5n v\u00e0 l\u1edbp ho\u00e0n thi\u1ec7n c\u1ee9ng c\u00f3 kh\u1ea3 n\u0103ng ch\u1ed1ng bi\u1ebfn d\u1ea1ng, g\u00e3y r\u1ee5ng.<\/p>    <figure class=\"wp-block-gallery has-nested-images columns-default is-cropped wp-block-gallery-5 is-layout-flex wp-block-gallery-is-layout-flex\"> <figure class=\"wp-block-image size-large\"><img loading=\"lazy\" decoding=\"async\" width=\"720\" height=\"540\" data-id=\"225\" src=\"https:\/\/incensemachinery.com\/wp-content\/uploads\/2022\/08\/complete-set-of-backflow-cone-machine.webp\" alt=\"b\u1ed9 m\u00e1y h\u00ecnh n\u00f3n ch\u1ea3y ng\u01b0\u1ee3c ho\u00e0n ch\u1ec9nh\" class=\"wp-image-225\" srcset=\"https:\/\/incensemachinery.com\/wp-content\/uploads\/2022\/08\/complete-set-of-backflow-cone-machine.webp 720w, https:\/\/incensemachinery.com\/wp-content\/uploads\/2022\/08\/complete-set-of-backflow-cone-machine-300x225.webp 300w\" sizes=\"auto, (max-width: 720px) 100vw, 720px\" \/><figcaption class=\"wp-element-caption\">b\u1ed9 m\u00e1y h\u00ecnh n\u00f3n ch\u1ea3y ng\u01b0\u1ee3c ho\u00e0n ch\u1ec9nh<\/figcaption><\/figure>    <figure class=\"wp-block-image size-large\"><img loading=\"lazy\" decoding=\"async\" width=\"720\" height=\"540\" data-id=\"227\" src=\"https:\/\/incensemachinery.com\/wp-content\/uploads\/2022\/08\/waterfall-incense-cones-maker-mahine-1.webp\" alt=\"th\u00e1c n\u01b0\u1edbc s\u1ea3n xu\u1ea5t n\u00f3n h\u01b0\u01a1ng mahine\" class=\"wp-image-227\" srcset=\"https:\/\/incensemachinery.com\/wp-content\/uploads\/2022\/08\/waterfall-incense-cones-maker-mahine-1.webp 720w, https:\/\/incensemachinery.com\/wp-content\/uploads\/2022\/08\/waterfall-incense-cones-maker-mahine-1-300x225.webp 300w\" sizes=\"auto, (max-width: 720px) 100vw, 720px\" \/><figcaption class=\"wp-element-caption\">th\u00e1c n\u01b0\u1edbc s\u1ea3n xu\u1ea5t n\u00f3n h\u01b0\u01a1ng mahine<\/figcaption><\/figure> <\/figure>    <h2 class=\"wp-block-heading\" id=\"h-backflow-incense-cone-making-machine-advantages\">\u01afu \u0111i\u1ec3m c\u1ee7a m\u00e1y l\u00e0m nhang ch\u1ea3y ng\u01b0\u1ee3c<\/h2>    <ul class=\"wp-block-list\"> <li>M\u00e1y t\u1ea1o n\u00f3n dhoop d\u00f2ng ch\u1ea3y ng\u01b0\u1ee3c \u0111\u01b0\u1ee3c giao \u0111\u00e3 \u0111\u01b0\u1ee3c l\u1eafp r\u00e1p s\u1eb5n v\u00e0 s\u1eb5n s\u00e0ng s\u1eed d\u1ee5ng m\u00e0 kh\u00f4ng c\u1ea7n c\u00e0i \u0111\u1eb7t. H\u01a1n n\u1eefa, m\u00e1y r\u1ea5t d\u1ec5 v\u1eadn h\u00e0nh, v\u1edbi b\u1ea3ng \u0111i\u1ec1u khi\u1ec3n cho ph\u00e9p b\u1ea1n c\u00e0i \u0111\u1eb7t t\u1ed1c \u0111\u1ed9 x\u1eed l\u00fd. Nh\u00e0 m\u00e1y c\u1ee7a ch\u00fang t\u00f4i c\u0169ng g\u1eedi cho kh\u00e1ch h\u00e0ng h\u01b0\u1edbng d\u1eabn v\u1eadn h\u00e0nh chi ti\u1ebft b\u1eb1ng ti\u1ebfng Anh v\u00e0 c\u00e1c video h\u01b0\u1edbng d\u1eabn chi ti\u1ebft \u0111\u1ec3 gi\u00fap h\u1ecd nhanh ch\u00f3ng h\u1ecdc c\u00e1ch s\u1eed d\u1ee5ng \u0111\u00fang c\u00e1ch.<\/li>    <li>M\u00e1y n\u00e9n nhang ng\u01b0\u1ee3c c\u00f3 th\u1ec3 \u0111\u01b0\u1ee3c t\u00f9y ch\u1ec9nh v\u1edbi c\u00e1c khu\u00f4n nh\u01b0 ch\u00f9a, qu\u1ea3 b\u1ea7u, h\u00ecnh n\u00f3n, ch\u1eef c\u00e1i, hoa v\u0103n v\u00e0 logo. \u0110\u01b0\u1eddng k\u00ednh v\u00e0 chi\u1ec1u d\u00e0i c\u1ee7a s\u1ea3n ph\u1ea9m ho\u00e0n thi\u1ec7n c\u0169ng c\u00f3 th\u1ec3 \u0111\u01b0\u1ee3c t\u00f9y ch\u1ec9nh \u0111\u1ec3 ph\u00f9 h\u1ee3p v\u1edbi nhu c\u1ea7u c\u1ee7a kh\u00e1ch h\u00e0ng.<\/li> <\/ul>    <figure class=\"wp-block-gallery has-nested-images columns-2 is-cropped wp-block-gallery-6 is-layout-flex wp-block-gallery-is-layout-flex\"> <figure class=\"wp-block-image size-large\"><img loading=\"lazy\" decoding=\"async\" width=\"720\" height=\"540\" data-id=\"94\" src=\"https:\/\/incensemachinery.com\/wp-content\/uploads\/2022\/08\/tower-shape-backflow-incense-cone.webp\" alt=\"n\u00f3n h\u01b0\u01a1ng ch\u1ea3y ng\u01b0\u1ee3c h\u00ecnh th\u00e1p\" class=\"wp-image-94\" srcset=\"https:\/\/incensemachinery.com\/wp-content\/uploads\/2022\/08\/tower-shape-backflow-incense-cone.webp 720w, https:\/\/incensemachinery.com\/wp-content\/uploads\/2022\/08\/tower-shape-backflow-incense-cone-300x225.webp 300w\" sizes=\"auto, (max-width: 720px) 100vw, 720px\" \/><figcaption class=\"wp-element-caption\">n\u00f3n h\u01b0\u01a1ng ch\u1ea3y ng\u01b0\u1ee3c h\u00ecnh th\u00e1p<\/figcaption><\/figure>    <figure class=\"wp-block-image size-large\"><img loading=\"lazy\" decoding=\"async\" width=\"720\" height=\"540\" data-id=\"83\" src=\"https:\/\/incensemachinery.com\/wp-content\/uploads\/2022\/08\/backflow-cones-with-different-shapes.webp\" alt=\"n\u00f3n ch\u1ea3y ng\u01b0\u1ee3c v\u1edbi h\u00ecnh d\u1ea1ng kh\u00e1c nhau\" class=\"wp-image-83\" srcset=\"https:\/\/incensemachinery.com\/wp-content\/uploads\/2022\/08\/backflow-cones-with-different-shapes.webp 720w, https:\/\/incensemachinery.com\/wp-content\/uploads\/2022\/08\/backflow-cones-with-different-shapes-300x225.webp 300w\" sizes=\"auto, (max-width: 720px) 100vw, 720px\" \/><figcaption class=\"wp-element-caption\">n\u00f3n ch\u1ea3y ng\u01b0\u1ee3c v\u1edbi h\u00ecnh d\u1ea1ng kh\u00e1c nhau<\/figcaption><\/figure>    <figure class=\"wp-block-image size-large\"><img loading=\"lazy\" decoding=\"async\" width=\"720\" height=\"540\" data-id=\"93\" src=\"https:\/\/incensemachinery.com\/wp-content\/uploads\/2022\/08\/bulk-back-flow-cones-production.webp\" alt=\"s\u1ea3n xu\u1ea5t n\u00f3n d\u00f2ng ch\u1ea3y ng\u01b0\u1ee3c s\u1ed1 l\u01b0\u1ee3ng l\u1edbn\" class=\"wp-image-93\" srcset=\"https:\/\/incensemachinery.com\/wp-content\/uploads\/2022\/08\/bulk-back-flow-cones-production.webp 720w, https:\/\/incensemachinery.com\/wp-content\/uploads\/2022\/08\/bulk-back-flow-cones-production-300x225.webp 300w\" sizes=\"auto, (max-width: 720px) 100vw, 720px\" \/><figcaption class=\"wp-element-caption\">s\u1ea3n xu\u1ea5t n\u00f3n d\u00f2ng ch\u1ea3y ng\u01b0\u1ee3c s\u1ed1 l\u01b0\u1ee3ng l\u1edbn<\/figcaption><\/figure>    <figure class=\"wp-block-image size-large\"><img loading=\"lazy\" decoding=\"async\" width=\"720\" height=\"540\" data-id=\"92\" src=\"https:\/\/incensemachinery.com\/wp-content\/uploads\/2022\/08\/backflow-cone-shapes-design.webp\" alt=\"thi\u1ebft k\u1ebf h\u00ecnh n\u00f3n ch\u1ea3y ng\u01b0\u1ee3c\" class=\"wp-image-92\" srcset=\"https:\/\/incensemachinery.com\/wp-content\/uploads\/2022\/08\/backflow-cone-shapes-design.webp 720w, https:\/\/incensemachinery.com\/wp-content\/uploads\/2022\/08\/backflow-cone-shapes-design-300x225.webp 300w\" sizes=\"auto, (max-width: 720px) 100vw, 720px\" \/><figcaption class=\"wp-element-caption\">thi\u1ebft k\u1ebf h\u00ecnh n\u00f3n ch\u1ea3y ng\u01b0\u1ee3c<\/figcaption><\/figure> <\/figure>    <h2 class=\"wp-block-heading\" id=\"h-parameters-of-waterfall-incense-cone-maker\">Th\u00f4ng s\u1ed1 m\u00e1y l\u00e0m nhang th\u00e1c n\u01b0\u1edbc<\/h2>    <figure class=\"wp-block-table\"><table><tbody><tr><td>Ng\u01b0\u1eddi m\u1eabu<\/td><td>SL-ZX-2<\/td><\/tr><tr><td>Quy\u1ec1n l\u1ef1c<\/td><td>3kw<\/td><\/tr><tr><td>M\u00e1y n\u00e9n kh\u00ed<\/td><td>1,5kw<\/td><\/tr><tr><td>\u0110i\u1ec7n \u00e1p<\/td><td>220\/380v<\/td><\/tr><tr><td>C\u00e2n n\u1eb7ng<\/td><td>800kg<\/td><\/tr><tr><td>Dung t\u00edch<\/td><td>200-250kg\/gi\u1edd<\/td><\/tr><tr><td>K\u00edch th\u01b0\u1edbc<\/td><td>2,3 * 1,8 * 0,9m<\/td><\/tr><\/tbody><\/table><\/figure>   <div class=\"wp-block-image\"> <figure class=\"aligncenter size-full\"><img loading=\"lazy\" decoding=\"async\" width=\"540\" height=\"720\" src=\"https:\/\/incensemachinery.com\/wp-content\/uploads\/2022\/08\/backflow-incense-cone-machine.webp\" alt=\"m\u00e1y l\u00e0m nhang ch\u1ea3y ng\u01b0\u1ee3c\" class=\"wp-image-80\" srcset=\"https:\/\/incensemachinery.com\/wp-content\/uploads\/2022\/08\/backflow-incense-cone-machine.webp 540w, https:\/\/incensemachinery.com\/wp-content\/uploads\/2022\/08\/backflow-incense-cone-machine-225x300.webp 225w\" sizes=\"auto, (max-width: 540px) 100vw, 540px\" \/><figcaption class=\"wp-element-caption\">m\u00e1y l\u00e0m nhang ch\u1ea3y ng\u01b0\u1ee3c<\/figcaption><\/figure> <\/div>   <h2 class=\"wp-block-heading\">Video m\u00e1y l\u00e0m nhang ch\u1ea3y ng\u01b0\u1ee3c<\/h2>    <figure class=\"wp-block-embed is-type-video is-provider-youtube wp-block-embed-youtube wp-embed-aspect-16-9 wp-has-aspect-ratio\"><div class=\"wp-block-embed__wrapper\"> <iframe loading=\"lazy\" title=\"M\u00e1y L\u00e0m Nhang Ng\u01b0\u1ee3c D\u00f2ng Ch\u1ea3y Ng\u01b0\u1ee3c | C\u00e1ch l\u00e0m nhang th\u00e1c th\u00e1c b\u1eb1ng m\u00e1y nhang?\" width=\"500\" height=\"281\" src=\"https:\/\/www.youtube.com\/embed\/DUIzkE9ElqM?feature=oembed\" frameborder=\"0\" allow=\"accelerometer; autoplay; clipboard-write; encrypted-media; gyroscope; picture-in-picture; web-share\" referrerpolicy=\"strict-origin-when-cross-origin\" allowfullscreen><\/iframe> <\/div><\/figure>","protected":false},"excerpt":{"rendered":"<p>The continuous backflow incense cone making machine is used for the production of various incense cones with central holes or pagoda-shaped incense with various types of engraving. The automatic waterfall incense cones maker machine can be used to produce backflow incense cones of various sizes by changing the molds. Of course, we can also use [&hellip;]<\/p>\n","protected":false},"author":1,"featured_media":79,"parent":0,"template":"","tags":[14],"product-type":[4],"class_list":["post-78","product","type-product","status-publish","has-post-thumbnail","hentry","tag-cone-incense","product-type-incense-making-machine"],"_links":{"self":[{"href":"https:\/\/incensemachinery.com\/vi\/wp-json\/wp\/v2\/product\/78","targetHints":{"allow":["GET"]}}],"collection":[{"href":"https:\/\/incensemachinery.com\/vi\/wp-json\/wp\/v2\/product"}],"about":[{"href":"https:\/\/incensemachinery.com\/vi\/wp-json\/wp\/v2\/types\/product"}],"author":[{"embeddable":true,"href":"https:\/\/incensemachinery.com\/vi\/wp-json\/wp\/v2\/users\/1"}],"wp:featuredmedia":[{"embeddable":true,"href":"https:\/\/incensemachinery.com\/vi\/wp-json\/wp\/v2\/media\/79"}],"wp:attachment":[{"href":"https:\/\/incensemachinery.com\/vi\/wp-json\/wp\/v2\/media?parent=78"}],"wp:term":[{"taxonomy":"post_tag","embeddable":true,"href":"https:\/\/incensemachinery.com\/vi\/wp-json\/wp\/v2\/tags?post=78"},{"taxonomy":"product-type","embeddable":true,"href":"https:\/\/incensemachinery.com\/vi\/wp-json\/wp\/v2\/product-type?post=78"}],"curies":[{"name":"wp","href":"https:\/\/api.w.org\/{rel}","templated":true}]}}