{"id":49,"date":"2022-08-03T07:13:17","date_gmt":"2022-08-03T07:13:17","guid":{"rendered":"https:\/\/incensemachinery.com\/?post_type=product&#038;p=49"},"modified":"2025-07-24T16:37:41","modified_gmt":"2025-07-24T08:37:41","slug":"dhoop-incense-cone-making-machine","status":"publish","type":"product","link":"https:\/\/incensemachinery.com\/vi\/product\/dhoop-incense-cone-making-machine\/","title":{"rendered":"M\u00e1y L\u00e0m Nhang Nhang | M\u00e1y n\u00f3n Dhoop \u0111\u1ea7y m\u00e0u s\u1eafc"},"content":{"rendered":"<div class=\"kk-star-ratings kksr-auto kksr-align-left kksr-valign-top\"     data-payload='{&quot;align&quot;:&quot;left&quot;,&quot;id&quot;:&quot;49&quot;,&quot;slug&quot;:&quot;default&quot;,&quot;valign&quot;:&quot;top&quot;,&quot;ignore&quot;:&quot;&quot;,&quot;reference&quot;:&quot;auto&quot;,&quot;class&quot;:&quot;&quot;,&quot;count&quot;:&quot;16&quot;,&quot;legendonly&quot;:&quot;&quot;,&quot;readonly&quot;:&quot;&quot;,&quot;score&quot;:&quot;4.6&quot;,&quot;starsonly&quot;:&quot;&quot;,&quot;best&quot;:&quot;5&quot;,&quot;gap&quot;:&quot;5&quot;,&quot;greet&quot;:&quot;Rate this product&quot;,&quot;legend&quot;:&quot;4.6\\\/5 - (16 b\u00ecnh ch\u1ecdn)&quot;,&quot;size&quot;:&quot;24&quot;,&quot;title&quot;:&quot;Incense Cone Making Machine | Colourful Dhoop Cone Machine&quot;,&quot;width&quot;:&quot;130.9&quot;,&quot;_legend&quot;:&quot;{score}\\\/{best} - ({count} {votes})&quot;,&quot;font_factor&quot;:&quot;1.25&quot;}'>              <div class=\"kksr-stars\">      <div class=\"kksr-stars-inactive\">             <div class=\"kksr-star\" data-star=\"1\" style=\"padding-right: 5px\">               <div class=\"kksr-icon\" style=\"width: 24px; height: 24px;\"><\/div>         <\/div>             <div class=\"kksr-star\" data-star=\"2\" style=\"padding-right: 5px\">               <div class=\"kksr-icon\" style=\"width: 24px; height: 24px;\"><\/div>         <\/div>             <div class=\"kksr-star\" data-star=\"3\" style=\"padding-right: 5px\">               <div class=\"kksr-icon\" style=\"width: 24px; height: 24px;\"><\/div>         <\/div>             <div class=\"kksr-star\" data-star=\"4\" style=\"padding-right: 5px\">               <div class=\"kksr-icon\" style=\"width: 24px; height: 24px;\"><\/div>         <\/div>             <div class=\"kksr-star\" data-star=\"5\" style=\"padding-right: 5px\">               <div class=\"kksr-icon\" style=\"width: 24px; height: 24px;\"><\/div>         <\/div>     <\/div>      <div class=\"kksr-stars-active\" style=\"width: 130.9px;\">             <div class=\"kksr-star\" style=\"padding-right: 5px\">               <div class=\"kksr-icon\" style=\"width: 24px; height: 24px;\"><\/div>         <\/div>             <div class=\"kksr-star\" style=\"padding-right: 5px\">               <div class=\"kksr-icon\" style=\"width: 24px; height: 24px;\"><\/div>         <\/div>             <div class=\"kksr-star\" style=\"padding-right: 5px\">               <div class=\"kksr-icon\" style=\"width: 24px; height: 24px;\"><\/div>         <\/div>             <div class=\"kksr-star\" style=\"padding-right: 5px\">               <div class=\"kksr-icon\" style=\"width: 24px; height: 24px;\"><\/div>         <\/div>             <div class=\"kksr-star\" style=\"padding-right: 5px\">               <div class=\"kksr-icon\" style=\"width: 24px; height: 24px;\"><\/div>         <\/div>     <\/div> <\/div>                   <div class=\"kksr-legend\" style=\"font-size: 19.2px;\">             4.6\/5 - (16 l\u01b0\u1ee3t b\u00ecnh ch\u1ecdn)    <\/div>     <\/div>  <p>M\u00e1y l\u00e0m nhang n\u00f3n th\u01b0\u01a1ng m\u1ea1i n\u00e0y ch\u1ee7 y\u1ebfu \u0111\u01b0\u1ee3c s\u1eed d\u1ee5ng \u0111\u1ec3 ch\u1ebf bi\u1ebfn c\u00e1c lo\u1ea1i nhang n\u00f3n kh\u00e1c nhau. B\u1eb1ng c\u00e1ch thay \u0111\u1ed5i khu\u00f4n t\u1ea1o h\u01b0\u01a1ng, m\u00e1y c\u00f3 th\u1ec3 gia c\u00f4ng c\u00e1c lo\u1ea1i nhang c\u00f3 \u0111\u01b0\u1eddng k\u00ednh, chi\u1ec1u d\u00e0i kh\u00e1c nhau. M\u00e1y n\u00f3n dhoop c\u00f3 c\u00f4ng su\u1ea5t 30-240 n\u00f3n m\u1ed7i ph\u00fat v\u00e0 t\u1ed1c \u0111\u1ed9 x\u1eed l\u00fd c\u00f3 th\u1ec3 \u0111\u01b0\u1ee3c \u0111i\u1ec1u ch\u1ec9nh theo nhu c\u1ea7u s\u1ea3n xu\u1ea5t.<\/p>    <figure class=\"wp-block-gallery has-nested-images columns-default is-cropped wp-block-gallery-2 is-layout-flex wp-block-gallery-is-layout-flex\"> <figure class=\"wp-block-image size-large\"><img loading=\"lazy\" decoding=\"async\" width=\"720\" height=\"540\" data-id=\"59\" src=\"https:\/\/incensemachinery.com\/wp-content\/uploads\/2022\/08\/tower-incense-machine-1.webp\" alt=\"m\u00e1y l\u00e0m nhang th\u00e1p\" class=\"wp-image-59\" srcset=\"https:\/\/incensemachinery.com\/wp-content\/uploads\/2022\/08\/tower-incense-machine-1.webp 720w, https:\/\/incensemachinery.com\/wp-content\/uploads\/2022\/08\/tower-incense-machine-1-300x225.webp 300w\" sizes=\"auto, (max-width: 720px) 100vw, 720px\" \/><figcaption class=\"wp-element-caption\">m\u00e1y l\u00e0m nhang th\u00e1p<\/figcaption><\/figure>    <figure class=\"wp-block-image size-large\"><img loading=\"lazy\" decoding=\"async\" width=\"720\" height=\"540\" data-id=\"58\" src=\"https:\/\/incensemachinery.com\/wp-content\/uploads\/2022\/08\/incense-cones.webp\" alt=\"\" class=\"wp-image-58\" srcset=\"https:\/\/incensemachinery.com\/wp-content\/uploads\/2022\/08\/incense-cones.webp 720w, https:\/\/incensemachinery.com\/wp-content\/uploads\/2022\/08\/incense-cones-300x225.webp 300w\" sizes=\"auto, (max-width: 720px) 100vw, 720px\" \/><\/figure> <\/figure>    <h2 class=\"wp-block-heading\">N\u00f3n h\u01b0\u01a1ng l\u00e0 g\u00ec?<\/h2>    <p class=\"translation-block\">N\u00f3n nhang c\u00f2n \u0111\u01b0\u1ee3c bi\u1ebft \u0111\u1ebfn v\u1edbi t\u00ean g\u1ecdi nhang th\u00e1p ho\u1eb7c <strong>dhoop cones<\/strong>, l\u00e0 m\u1ed9t lo\u1ea1i nhang c\u00f3 h\u00ecnh d\u1ea1ng n\u00f3n. Lo\u1ea1i nhang \u0111\u1eb7c bi\u1ec7t n\u00e0y ch\u1ee7 y\u1ebfu \u0111\u01b0\u1ee3c l\u00e0m b\u1eb1ng c\u00e1ch tr\u1ed9n v\u00e0 \u00e9p b\u1ed9t g\u1ed7, c\u00e1c lo\u1ea1i gia v\u1ecb kh\u00e1c nhau, b\u1ed9t keo v\u00e0 n\u01b0\u1edbc. N\u00f3n nhang n\u00e0y r\u1ea5t gi\u1ed1ng v\u1edbi c\u00e1c lo\u1ea1i nhang kh\u00e1c v\u00e0 c\u00f3 th\u1ec3 \u0111\u01b0\u1ee3c th\u1eafp l\u00ean \u0111\u1ec3 s\u1eed d\u1ee5ng l\u00e0m li\u1ec7u ph\u00e1p h\u01b0\u01a1ng li\u1ec7u ho\u1eb7c nhang Ph\u1eadt gi\u00e1o.<\/p>    <p class=\"translation-block\">Trong nh\u1eefng n\u0103m g\u1ea7n \u0111\u00e2y, nh\u1eefng n\u00f3n nhang nh\u1ecf v\u00e0 di \u0111\u1ed9ng n\u00e0y th\u01b0\u1eddng \u0111\u01b0\u1ee3c s\u1eed d\u1ee5ng cho nhang trong nh\u00e0, \u0111\u1eb7c bi\u1ec7t l\u00e0 trong ph\u00f2ng h\u1ecdc v\u00e0 ph\u00f2ng tr\u00e0. H\u01a1n n\u1eefa, lo\u1ea1i nhang n\u00e0y c\u00f3 th\u1ec3 \u0111\u01b0\u1ee3c ch\u1ebf bi\u1ebfn th\u00e0nh c\u00e1c n\u00f3n v\u1edbi chi\u1ec1u d\u00e0i v\u00e0 \u0111\u01b0\u1eddng k\u00ednh kh\u00e1c nhau theo y\u00eau c\u1ea7u c\u1ee7a kh\u00e1ch h\u00e0ng. Nh\u1eefng n\u00f3n nhang th\u00f4ng th\u01b0\u1eddng n\u00e0y kh\u00e1c v\u1edbi nh\u1eefng n\u00f3n nhang c\u00f3 l\u1ed7 \u0111\u01b0\u1ee3c ch\u1ebf t\u1ea1o b\u1edfi <strong><a href=\"https:\/\/incensemachinery.com\/vi\/product\/backflow-incense-cone-making-machine\/?swcfpc=1\">m\u00e1y l\u00e0m n\u00f3n nhang h\u1ed3i l\u01b0u<\/a><\/strong>.<\/p>    <figure class=\"wp-block-gallery has-nested-images columns-default is-cropped wp-block-gallery-3 is-layout-flex wp-block-gallery-is-layout-flex\"> <figure class=\"wp-block-image size-large\"><img loading=\"lazy\" decoding=\"async\" width=\"720\" height=\"540\" data-id=\"60\" src=\"https:\/\/incensemachinery.com\/wp-content\/uploads\/2022\/08\/Religious-Incense-Cones.webp\" alt=\"N\u00f3n h\u01b0\u01a1ng t\u00f4n gi\u00e1o\" class=\"wp-image-60\" srcset=\"https:\/\/incensemachinery.com\/wp-content\/uploads\/2022\/08\/Religious-Incense-Cones.webp 720w, https:\/\/incensemachinery.com\/wp-content\/uploads\/2022\/08\/Religious-Incense-Cones-300x225.webp 300w\" sizes=\"auto, (max-width: 720px) 100vw, 720px\" \/><figcaption class=\"wp-element-caption\">N\u00f3n h\u01b0\u01a1ng t\u00f4n gi\u00e1o<\/figcaption><\/figure>    <figure class=\"wp-block-image size-large\"><img loading=\"lazy\" decoding=\"async\" width=\"720\" height=\"540\" data-id=\"61\" src=\"https:\/\/incensemachinery.com\/wp-content\/uploads\/2022\/08\/small-cone-incense.webp\" alt=\"nhang n\u00f3n nh\u1ecf\" class=\"wp-image-61\" srcset=\"https:\/\/incensemachinery.com\/wp-content\/uploads\/2022\/08\/small-cone-incense.webp 720w, https:\/\/incensemachinery.com\/wp-content\/uploads\/2022\/08\/small-cone-incense-300x225.webp 300w\" sizes=\"auto, (max-width: 720px) 100vw, 720px\" \/><figcaption class=\"wp-element-caption\">nhang n\u00f3n nh\u1ecf<\/figcaption><\/figure> <\/figure>    <h2 class=\"wp-block-heading\">\u1ee8ng d\u1ee5ng c\u1ee7a nhang n\u00f3n dhoop<\/h2>    <p>Nhang tr\u1ea7m Dhoop r\u1ea5t \u0111a n\u0103ng, c\u00f3 th\u1ec3 d\u00f9ng l\u00e0m nhang t\u00f4n gi\u00e1o trong c\u00e1c ch\u00f9a chi\u1ec1n c\u0169ng nh\u01b0 c\u00f4ng d\u1ee5ng ph\u1ed5 bi\u1ebfn nh\u1ea5t l\u00e0 c\u00e1c lo\u1ea1i nhang trong nh\u00e0. S\u1edf d\u0129 nh\u01b0 v\u1eady l\u00e0 do trong qu\u00e1 tr\u00ecnh ch\u1ebf bi\u1ebfn nhang tr\u1ea7m ch\u00fang ta c\u00f3 th\u1ec3 th\u00eam c\u00e1c lo\u1ea1i h\u01b0\u01a1ng li\u1ec7u kh\u00e1c nhau \u0111\u1ec3 t\u1ea1o ra nh\u1eefng m\u00f9i h\u01b0\u01a1ng kh\u00e1c nhau. Nh\u1eefng chi\u1ebfc n\u00f3n h\u01b0\u01a1ng hi\u1ec7n \u0111ang \u0111\u01b0\u1ee3c s\u1eed d\u1ee5ng trong ph\u00f2ng h\u1ecdc, qu\u00e1n tr\u00e0, ph\u00f2ng kh\u00e1ch, ph\u00f2ng ng\u1ee7, ph\u00f2ng t\u1eafm v\u00e0 nh\u1eefng n\u01a1i kh\u00e1c.<\/p>   <div class=\"wp-block-image\"> <figure class=\"aligncenter size-full\"><img loading=\"lazy\" decoding=\"async\" width=\"720\" height=\"540\" src=\"https:\/\/incensemachinery.com\/wp-content\/uploads\/2022\/08\/incense-cones-burning.webp\" alt=\"\u0111\u1ed1t nhang\" class=\"wp-image-62\" srcset=\"https:\/\/incensemachinery.com\/wp-content\/uploads\/2022\/08\/incense-cones-burning.webp 720w, https:\/\/incensemachinery.com\/wp-content\/uploads\/2022\/08\/incense-cones-burning-300x225.webp 300w\" sizes=\"auto, (max-width: 720px) 100vw, 720px\" \/><figcaption class=\"wp-element-caption\">\u0111\u1ed1t nhang<\/figcaption><\/figure> <\/div>   <h2 class=\"wp-block-heading\">L\u00e0m nhang n\u1ee5 b\u1eb1ng m\u00e1y l\u00e0m nhang nh\u01b0 th\u1ebf n\u00e0o?<\/h2>    <p>Th\u00f4ng th\u01b0\u1eddng, vi\u1ec7c s\u1ea3n xu\u1ea5t nhang n\u00f3n c\u00f3 th\u1ec3 \u0111\u01b0\u1ee3c th\u1ef1c hi\u1ec7n th\u1ee7 c\u00f4ng. Tuy nhi\u00ean, vi\u1ec7c s\u1ea3n xu\u1ea5t h\u00e0ng lo\u1ea1t nhang tr\u1ea7m dhoop \u0111\u00f2i h\u1ecfi ph\u1ea3i s\u1eed d\u1ee5ng m\u00e1y l\u00e0m nhang nhang c\u00f3 b\u00e1n tr\u00ean th\u1ecb tr\u01b0\u1eddng. Quy tr\u00ecnh ch\u1ebf bi\u1ebfn nhang n\u1ee5 b\u1eb1ng m\u00e1y n\u00f3n dhoop c\u0169ng \u0111\u01a1n gi\u1ea3n.<\/p>    <figure class=\"wp-block-gallery has-nested-images columns-3 is-cropped wp-block-gallery-4 is-layout-flex wp-block-gallery-is-layout-flex\"> <figure class=\"wp-block-image size-large\"><img loading=\"lazy\" decoding=\"async\" width=\"720\" height=\"540\" data-id=\"63\" src=\"https:\/\/incensemachinery.com\/wp-content\/uploads\/2022\/08\/Religious-Incense-Cones-maker-1.webp\" alt=\"Nh\u00e0 s\u1ea3n xu\u1ea5t n\u00f3n h\u01b0\u01a1ng t\u00f4n gi\u00e1o\" class=\"wp-image-63\" srcset=\"https:\/\/incensemachinery.com\/wp-content\/uploads\/2022\/08\/Religious-Incense-Cones-maker-1.webp 720w, https:\/\/incensemachinery.com\/wp-content\/uploads\/2022\/08\/Religious-Incense-Cones-maker-1-300x225.webp 300w\" sizes=\"auto, (max-width: 720px) 100vw, 720px\" \/><figcaption class=\"wp-element-caption\">Nh\u00e0 s\u1ea3n xu\u1ea5t n\u00f3n h\u01b0\u01a1ng t\u00f4n gi\u00e1o<\/figcaption><\/figure>    <figure class=\"wp-block-image size-large is-style-default\"><img loading=\"lazy\" decoding=\"async\" width=\"720\" height=\"540\" data-id=\"64\" src=\"https:\/\/incensemachinery.com\/wp-content\/uploads\/2022\/08\/tower-incense-cone-forming-molds.webp\" alt=\"khu\u00f4n t\u1ea1o h\u00ecnh n\u00f3n th\u00e1p\" class=\"wp-image-64\" srcset=\"https:\/\/incensemachinery.com\/wp-content\/uploads\/2022\/08\/tower-incense-cone-forming-molds.webp 720w, https:\/\/incensemachinery.com\/wp-content\/uploads\/2022\/08\/tower-incense-cone-forming-molds-300x225.webp 300w\" sizes=\"auto, (max-width: 720px) 100vw, 720px\" \/><figcaption class=\"wp-element-caption\">khu\u00f4n t\u1ea1o h\u00ecnh n\u00f3n th\u00e1p<\/figcaption><\/figure>    <figure class=\"wp-block-image size-large\"><img loading=\"lazy\" decoding=\"async\" width=\"720\" height=\"540\" data-id=\"65\" src=\"https:\/\/incensemachinery.com\/wp-content\/uploads\/2022\/08\/Tower-Incense-Maker-structure.webp\" alt=\"C\u1ea5u tr\u00fac Th\u00e1p H\u01b0\u01a1ng\" class=\"wp-image-65\" srcset=\"https:\/\/incensemachinery.com\/wp-content\/uploads\/2022\/08\/Tower-Incense-Maker-structure.webp 720w, https:\/\/incensemachinery.com\/wp-content\/uploads\/2022\/08\/Tower-Incense-Maker-structure-300x225.webp 300w\" sizes=\"auto, (max-width: 720px) 100vw, 720px\" \/><figcaption class=\"wp-element-caption\">C\u1ea5u tr\u00fac Th\u00e1p H\u01b0\u01a1ng<\/figcaption><\/figure> <\/figure>    <p>B\u01b0\u1edbc 1: B\u1ed9t g\u1ed7, b\u1ed9t keo v\u00e0 n\u01b0\u1edbc \u0111\u01b0\u1ee3c tr\u1ed9n \u0111\u1ec1u theo t\u1ef7 l\u1ec7 nh\u1ea5t \u0111\u1ecbnh. B\u1ed9t g\u1ed7, n\u01b0\u1edbc v\u00e0 b\u1ed9t keo l\u00e0 nh\u1eefng nguy\u00ean li\u1ec7u c\u01a1 b\u1ea3n \u0111\u1ec3 ch\u1ebf bi\u1ebfn h\u01b0\u01a1ng, kh\u00e1ch h\u00e0ng c\u00f3 th\u1ec3 th\u00eam l\u01b0\u1ee3ng gia v\u1ecb ph\u00f9 h\u1ee3p t\u00f9y theo nhu c\u1ea7u ch\u1ebf bi\u1ebfn c\u1ee5 th\u1ec3.<\/p>    <p>B\u01b0\u1edbc 2: Cho nguy\u00ean li\u1ec7u \u0111\u00e3 tr\u1ed9n \u0111\u1ec1u v\u00e0o \u0111\u1ea7u v\u00e0o c\u1ee7a m\u00e1y. V\u1eadt li\u1ec7u \u0111\u01b0\u1ee3c b\u1ed9 ph\u1eadn th\u1ee7y l\u1ef1c b\u00ean trong m\u00e1y \u0111\u1ea9y v\u1ec1 ph\u00eda tr\u01b0\u1edbc t\u1edbi khu\u00f4n \u00e9p \u0111\u00f9n. Khu\u00f4n c\u1ee7a m\u00e1y l\u00e0 khay khu\u00f4n tr\u00ean v\u00e0 khay d\u01b0\u1edbi theo nh\u00f3m. \u1ede t\u1ed1c \u0111\u1ed9 cao, b\u1ed9t th\u01a1m nhanh ch\u00f3ng \u0111\u01b0\u1ee3c \u00e9p th\u00e0nh h\u00ecnh n\u00f3n. Sau \u0111\u00f3, m\u1ed9t m\u00e1y th\u1ed5i g\u1ea7n \u0111\u1ea7u ra s\u1ebd t\u1ef1 \u0111\u1ed9ng th\u1ed5i nh\u1eefng c\u00e2y nhang \u0111\u00e3 h\u00ecnh th\u00e0nh trong khu\u00f4n xu\u1ed1ng b\u0103ng t\u1ea3i \u0111\u1ea7u ra.<\/p>    <p>B\u01b0\u1edbc 3: Nhang nhang m\u1edbi qua ch\u1ebf bi\u1ebfn c\u00f2n m\u1ec1m, d\u1ec5 g\u00e3y, bi\u1ebfn d\u1ea1ng. V\u00ec v\u1eady, ch\u00fang ta c\u1ea7n ph\u1ea3i thu th\u1eadp ch\u00fang v\u00e0 cho v\u00e0o khung l\u01b0\u1edbi \u0111\u1ec3 ph\u01a1i kh\u00f4.<\/p>    <h2 class=\"wp-block-heading\">\u0110\u1eb7c \u0111i\u1ec3m ch\u00ednh c\u1ee7a m\u00e1y l\u00e0m nhang n\u00f3n<\/h2>    <ul class=\"wp-block-list\"> <li>M\u00e1y l\u00e0m nhang t\u1ef1 \u0111\u1ed9ng c\u1ee7a ch\u00fang t\u00f4i l\u00e0 d\u00e2y chuy\u1ec1n l\u1eafp r\u00e1p t\u1ef1 \u0111\u1ed9ng. C\u1ea7n c\u00f3 thi\u1ebft b\u1ecb thu th\u1eadp,\u00a0gi\u00fap ti\u1ebfn \u0111\u1ed9 c\u00f4ng vi\u1ec7c nhanh ch\u00f3ng v\u00e0 thu\u1eadn ti\u1ec7n. C\u00f4ng su\u1ea5t kho\u1ea3ng 240 chi\u1ebfc m\u1ed7i ph\u00fat.<\/li> <\/ul>    <ul class=\"wp-block-list\"> <li>Nh\u1eefng chi\u1ebfc n\u00f3n h\u01b0\u01a1ng c\u00f3 th\u1ec3 \u0111\u01b0\u1ee3c ho\u00e0n thi\u1ec7n b\u1eb1ng d\u00e2y chuy\u1ec1n l\u1eafp r\u00e1p n\u00f3n nhang t\u1ef1 \u0111\u1ed9ng. Nguy\u00ean li\u1ec7u t\u1eeb ph\u1ec5u \u0111\u01b0a v\u00e0o th\u00f9ng, sau khi \u00e9p \u0111\u00f9n v\u00e0 \u00e9p phun s\u1ebd t\u1ea1o th\u00e0nh nhang n\u00f3n.<\/li> <\/ul>    <ul class=\"wp-block-list\"> <li>Nhang nhang th\u00e0nh ph\u1ea9m t\u1eeb m\u00e1y l\u00e0m nhang n\u00f3n t\u1ef1 \u0111\u1ed9ng c\u1ee7a ch\u00fang t\u00f4i c\u00f3 \u01b0u \u0111i\u1ec3m l\u00e0 \u0111\u1ed9 d\u00e0y \u0111\u1ed3ng \u0111\u1ec1u v\u00e0 b\u1ec1 m\u1eb7t nh\u1eb5n. V\u00e0 n\u00f3 s\u1ebd kh\u00f4ng r\u01a1i ra b\u1ed9t sau khi n\u00f3n dhoop \u0111\u01b0\u1ee3c s\u1ea5y kh\u00f4.<\/li> <\/ul>    <figure class=\"wp-block-gallery has-nested-images columns-default is-cropped wp-block-gallery-5 is-layout-flex wp-block-gallery-is-layout-flex\"> <figure class=\"wp-block-image size-large\"><img loading=\"lazy\" decoding=\"async\" width=\"540\" height=\"720\" data-id=\"67\" src=\"https:\/\/incensemachinery.com\/wp-content\/uploads\/2022\/08\/Shuliy-incense-cone-machine.webp\" alt=\"M\u00e1y l\u00e0m nhang Shuliy\" class=\"wp-image-67\" srcset=\"https:\/\/incensemachinery.com\/wp-content\/uploads\/2022\/08\/Shuliy-incense-cone-machine.webp 540w, https:\/\/incensemachinery.com\/wp-content\/uploads\/2022\/08\/Shuliy-incense-cone-machine-225x300.webp 225w\" sizes=\"auto, (max-width: 540px) 100vw, 540px\" \/><figcaption class=\"wp-element-caption\">M\u00e1y l\u00e0m nhang Shuliy<\/figcaption><\/figure>    <figure class=\"wp-block-image size-large\"><img loading=\"lazy\" decoding=\"async\" width=\"540\" height=\"720\" data-id=\"71\" src=\"https:\/\/incensemachinery.com\/wp-content\/uploads\/2022\/08\/automatic-dhoop-incense-cone-maker.webp\" alt=\"m\u00e1y l\u00e0m nhang tr\u1ea7m t\u1ef1 \u0111\u1ed9ng dhoop\" class=\"wp-image-71\" srcset=\"https:\/\/incensemachinery.com\/wp-content\/uploads\/2022\/08\/automatic-dhoop-incense-cone-maker.webp 540w, https:\/\/incensemachinery.com\/wp-content\/uploads\/2022\/08\/automatic-dhoop-incense-cone-maker-225x300.webp 225w\" sizes=\"auto, (max-width: 540px) 100vw, 540px\" \/><figcaption class=\"wp-element-caption\">m\u00e1y l\u00e0m nhang tr\u1ea7m t\u1ef1 \u0111\u1ed9ng dhoop<\/figcaption><\/figure>    <figure class=\"wp-block-image size-large\"><img loading=\"lazy\" decoding=\"async\" width=\"720\" height=\"540\" data-id=\"66\" src=\"https:\/\/incensemachinery.com\/wp-content\/uploads\/2022\/08\/Dhoop-cone-making-machine-details.webp\" alt=\"Chi ti\u1ebft m\u00e1y l\u00e0m n\u00f3n Dhoop\" class=\"wp-image-66\" srcset=\"https:\/\/incensemachinery.com\/wp-content\/uploads\/2022\/08\/Dhoop-cone-making-machine-details.webp 720w, https:\/\/incensemachinery.com\/wp-content\/uploads\/2022\/08\/Dhoop-cone-making-machine-details-300x225.webp 300w\" sizes=\"auto, (max-width: 720px) 100vw, 720px\" \/><figcaption class=\"wp-element-caption\">Chi ti\u1ebft m\u00e1y l\u00e0m n\u00f3n Dhoop<\/figcaption><\/figure>    <figure class=\"wp-block-image size-large\"><img loading=\"lazy\" decoding=\"async\" width=\"720\" height=\"540\" data-id=\"69\" src=\"https:\/\/incensemachinery.com\/wp-content\/uploads\/2022\/08\/purple-cone-incense.webp\" alt=\"Nhang n\u00f3n t\u00edm\" class=\"wp-image-69\" srcset=\"https:\/\/incensemachinery.com\/wp-content\/uploads\/2022\/08\/purple-cone-incense.webp 720w, https:\/\/incensemachinery.com\/wp-content\/uploads\/2022\/08\/purple-cone-incense-300x225.webp 300w\" sizes=\"auto, (max-width: 720px) 100vw, 720px\" \/><figcaption class=\"wp-element-caption\">Nhang n\u00f3n t\u00edm<\/figcaption><\/figure>    <figure class=\"wp-block-image size-large\"><img loading=\"lazy\" decoding=\"async\" width=\"720\" height=\"540\" data-id=\"70\" src=\"https:\/\/incensemachinery.com\/wp-content\/uploads\/2022\/08\/red-incense-cones.webp\" alt=\"n\u00f3n h\u01b0\u01a1ng \u0111\u1ecf\" class=\"wp-image-70\" srcset=\"https:\/\/incensemachinery.com\/wp-content\/uploads\/2022\/08\/red-incense-cones.webp 720w, https:\/\/incensemachinery.com\/wp-content\/uploads\/2022\/08\/red-incense-cones-300x225.webp 300w\" sizes=\"auto, (max-width: 720px) 100vw, 720px\" \/><figcaption class=\"wp-element-caption\">n\u00f3n h\u01b0\u01a1ng \u0111\u1ecf<\/figcaption><\/figure>    <figure class=\"wp-block-image size-large\"><img loading=\"lazy\" decoding=\"async\" width=\"720\" height=\"540\" data-id=\"68\" src=\"https:\/\/incensemachinery.com\/wp-content\/uploads\/2022\/08\/colorful-dhoop-cones.webp\" alt=\"n\u00f3n dhoop \u0111\u1ea7y m\u00e0u s\u1eafc\" class=\"wp-image-68\" srcset=\"https:\/\/incensemachinery.com\/wp-content\/uploads\/2022\/08\/colorful-dhoop-cones.webp 720w, https:\/\/incensemachinery.com\/wp-content\/uploads\/2022\/08\/colorful-dhoop-cones-300x225.webp 300w\" sizes=\"auto, (max-width: 720px) 100vw, 720px\" \/><figcaption class=\"wp-element-caption\">n\u00f3n dhoop \u0111\u1ea7y m\u00e0u s\u1eafc<\/figcaption><\/figure> <\/figure>    <h2 class=\"wp-block-heading\">Th\u00f4ng s\u1ed1 m\u00e1y l\u00e0m nhang n\u00f3n<\/h2>    <figure class=\"wp-block-table\"><table><tbody><tr><td>Ng\u01b0\u1eddi m\u1eabu<\/td><td>SL-ZX-1<\/td><\/tr><tr><td>Chi\u1ec1u d\u00e0i th\u00e1p h\u01b0\u01a1ng<\/td><td>10-100mm<\/td><\/tr><tr><td>Quy\u1ec1n l\u1ef1c<\/td><td>4kw<\/td><\/tr><tr><td>C\u00e2n n\u1eb7ng<\/td><td>350kg<\/td><\/tr><tr><td>K\u00edch th\u01b0\u1edbc m\u00e1y<\/td><td>1700*500*1500mm<\/td><\/tr><tr><td>\u0110\u01b0\u1eddng k\u00ednh xi lanh th\u1ee7y l\u1ef1c<\/td><td>180mm<\/td><\/tr><tr><td>\u0110\u1ed9t qu\u1ef5<\/td><td>700mm<\/td><\/tr><tr><td>\u0110\u01b0\u1eddng k\u00ednh th\u00f9ng<\/td><td>219mm<\/td><\/tr><\/tbody><\/table><\/figure>    <h2 class=\"wp-block-heading\">Video v\u1ec1 m\u00e1y l\u00e0m n\u00f3n Dhoop<\/h2>    <figure class=\"wp-block-embed is-type-video is-provider-youtube wp-block-embed-youtube wp-embed-aspect-16-9 wp-has-aspect-ratio\"><div class=\"wp-block-embed__wrapper\"> <iframe loading=\"lazy\" title=\"Nh\u00e0 cung c\u1ea5p m\u00e1y l\u00e0m nhang nhanh | Quy tr\u00ecnh l\u00e0m vi\u1ec7c c\u1ee7a m\u00e1y t\u1ea1o n\u00f3n Dhoop #indicecones\" width=\"500\" height=\"281\" src=\"https:\/\/www.youtube.com\/embed\/rdno3c_3PkY?feature=oembed\" frameborder=\"0\" allow=\"accelerometer; autoplay; clipboard-write; encrypted-media; gyroscope; picture-in-picture; web-share\" referrerpolicy=\"strict-origin-when-cross-origin\" allowfullscreen><\/iframe> <\/div><\/figure>","protected":false},"excerpt":{"rendered":"<p>This commercial incense cone making machine is mainly used to process various types of conical incense cones. By changing the cone incense forming molds, the machine can process incense cones of different diameters and lengths. The dhoop cone machine has a capacity of 30-240 cones per minute and its processing speed can be adjusted according [&hellip;]<\/p>\n","protected":false},"author":1,"featured_media":50,"parent":0,"template":"","tags":[14],"product-type":[4],"class_list":["post-49","product","type-product","status-publish","has-post-thumbnail","hentry","tag-cone-incense","product-type-incense-making-machine"],"_links":{"self":[{"href":"https:\/\/incensemachinery.com\/vi\/wp-json\/wp\/v2\/product\/49","targetHints":{"allow":["GET"]}}],"collection":[{"href":"https:\/\/incensemachinery.com\/vi\/wp-json\/wp\/v2\/product"}],"about":[{"href":"https:\/\/incensemachinery.com\/vi\/wp-json\/wp\/v2\/types\/product"}],"author":[{"embeddable":true,"href":"https:\/\/incensemachinery.com\/vi\/wp-json\/wp\/v2\/users\/1"}],"wp:featuredmedia":[{"embeddable":true,"href":"https:\/\/incensemachinery.com\/vi\/wp-json\/wp\/v2\/media\/50"}],"wp:attachment":[{"href":"https:\/\/incensemachinery.com\/vi\/wp-json\/wp\/v2\/media?parent=49"}],"wp:term":[{"taxonomy":"post_tag","embeddable":true,"href":"https:\/\/incensemachinery.com\/vi\/wp-json\/wp\/v2\/tags?post=49"},{"taxonomy":"product-type","embeddable":true,"href":"https:\/\/incensemachinery.com\/vi\/wp-json\/wp\/v2\/product-type?post=49"}],"curies":[{"name":"wp","href":"https:\/\/api.w.org\/{rel}","templated":true}]}}