{"id":154,"date":"2022-08-04T06:27:47","date_gmt":"2022-08-04T06:27:47","guid":{"rendered":"https:\/\/incensemachinery.com\/?post_type=product&#038;p=154"},"modified":"2025-07-24T16:38:23","modified_gmt":"2025-07-24T08:38:23","slug":"thread-incense-stick-production-line","status":"publish","type":"product","link":"https:\/\/incensemachinery.com\/vi\/product\/thread-incense-stick-production-line\/","title":{"rendered":"D\u00e2y chuy\u1ec1n s\u1ea3n xu\u1ea5t nhang tr\u1ea7m t\u1ef1 \u0111\u1ed9ng"},"content":{"rendered":"<div class=\"kk-star-ratings kksr-auto kksr-align-left kksr-valign-top\"     data-payload='{&quot;align&quot;:&quot;left&quot;,&quot;id&quot;:&quot;154&quot;,&quot;slug&quot;:&quot;default&quot;,&quot;valign&quot;:&quot;top&quot;,&quot;ignore&quot;:&quot;&quot;,&quot;reference&quot;:&quot;auto&quot;,&quot;class&quot;:&quot;&quot;,&quot;count&quot;:&quot;34&quot;,&quot;legendonly&quot;:&quot;&quot;,&quot;readonly&quot;:&quot;&quot;,&quot;score&quot;:&quot;4.6&quot;,&quot;starsonly&quot;:&quot;&quot;,&quot;best&quot;:&quot;5&quot;,&quot;gap&quot;:&quot;5&quot;,&quot;greet&quot;:&quot;Rate this product&quot;,&quot;legend&quot;:&quot;4.6\\\/5 - (34 b\u00ecnh ch\u1ecdn)&quot;,&quot;size&quot;:&quot;24&quot;,&quot;title&quot;:&quot;Automatic Thread Incense Stick Production Line&quot;,&quot;width&quot;:&quot;130.9&quot;,&quot;_legend&quot;:&quot;{score}\\\/{best} - ({count} {votes})&quot;,&quot;font_factor&quot;:&quot;1.25&quot;}'>              <div class=\"kksr-stars\">      <div class=\"kksr-stars-inactive\">             <div class=\"kksr-star\" data-star=\"1\" style=\"padding-right: 5px\">               <div class=\"kksr-icon\" style=\"width: 24px; height: 24px;\"><\/div>         <\/div>             <div class=\"kksr-star\" data-star=\"2\" style=\"padding-right: 5px\">               <div class=\"kksr-icon\" style=\"width: 24px; height: 24px;\"><\/div>         <\/div>             <div class=\"kksr-star\" data-star=\"3\" style=\"padding-right: 5px\">               <div class=\"kksr-icon\" style=\"width: 24px; height: 24px;\"><\/div>         <\/div>             <div class=\"kksr-star\" data-star=\"4\" style=\"padding-right: 5px\">               <div class=\"kksr-icon\" style=\"width: 24px; height: 24px;\"><\/div>         <\/div>             <div class=\"kksr-star\" data-star=\"5\" style=\"padding-right: 5px\">               <div class=\"kksr-icon\" style=\"width: 24px; height: 24px;\"><\/div>         <\/div>     <\/div>      <div class=\"kksr-stars-active\" style=\"width: 130.9px;\">             <div class=\"kksr-star\" style=\"padding-right: 5px\">               <div class=\"kksr-icon\" style=\"width: 24px; height: 24px;\"><\/div>         <\/div>             <div class=\"kksr-star\" style=\"padding-right: 5px\">               <div class=\"kksr-icon\" style=\"width: 24px; height: 24px;\"><\/div>         <\/div>             <div class=\"kksr-star\" style=\"padding-right: 5px\">               <div class=\"kksr-icon\" style=\"width: 24px; height: 24px;\"><\/div>         <\/div>             <div class=\"kksr-star\" style=\"padding-right: 5px\">               <div class=\"kksr-icon\" style=\"width: 24px; height: 24px;\"><\/div>         <\/div>             <div class=\"kksr-star\" style=\"padding-right: 5px\">               <div class=\"kksr-icon\" style=\"width: 24px; height: 24px;\"><\/div>         <\/div>     <\/div> <\/div>                   <div class=\"kksr-legend\" style=\"font-size: 19.2px;\">             4.6\/5 - (34 l\u01b0\u1ee3t b\u00ecnh ch\u1ecdn)    <\/div>     <\/div>  <p>D\u00e2y chuy\u1ec1n s\u1ea3n xu\u1ea5t nhang t\u1ef1 \u0111\u1ed9ng l\u00e0 d\u00e2y chuy\u1ec1n gia c\u00f4ng nhang s\u1ee3i ho\u00e0n ch\u1ec9nh \u0111\u1ec3 ch\u1ebf bi\u1ebfn nhang kh\u00f4ng c\u1ea7n tre. D\u00e2y chuy\u1ec1n s\u1ea3n xu\u1ea5t nhang ch\u1ec9 bao g\u1ed3m m\u00e1y nghi\u1ec1n g\u1ed7, m\u00e1y b\u1ed9t g\u1ed7, m\u00e1y tr\u1ed9n, m\u00e1y t\u1ea1o s\u1ee3i nhang, m\u00e1y s\u1ea5y nhang v\u00e0 m\u00e1y \u0111\u00f3ng g\u00f3i nhang. Quy tr\u00ecnh s\u1ea3n xu\u1ea5t bao g\u1ed3m ch\u1ebf bi\u1ebfn m\u00f9n c\u01b0a, nghi\u1ec1n b\u1ed9t g\u1ed7, tr\u1ed9n b\u1ed9t g\u1ed7, l\u00e0m h\u01b0\u01a1ng, s\u1ea5y kh\u00f4 v\u00e0 \u0111\u00f3ng g\u00f3i.<\/p>   <div class=\"wp-block-image\"> <figure class=\"aligncenter size-full\"><img loading=\"lazy\" decoding=\"async\" width=\"720\" height=\"540\" src=\"https:\/\/incensemachinery.com\/wp-content\/uploads\/2022\/08\/agarbatti-incense-stick-applications.webp\" alt=\"\u1ee9ng d\u1ee5ng l\u00e0m nhang agarbatti\" class=\"wp-image-158\" srcset=\"https:\/\/incensemachinery.com\/wp-content\/uploads\/2022\/08\/agarbatti-incense-stick-applications.webp 720w, https:\/\/incensemachinery.com\/wp-content\/uploads\/2022\/08\/agarbatti-incense-stick-applications-300x225.webp 300w\" sizes=\"auto, (max-width: 720px) 100vw, 720px\" \/><figcaption>\u1ee9ng d\u1ee5ng l\u00e0m nhang agarbatti<\/figcaption><\/figure> <\/div>     <h2 class=\"wp-block-heading\">B\u1ed9t g\u1ed7 l\u00e0m nhang c\u1ea7n c\u00f3 nh\u1eefng y\u00eau c\u1ea7u g\u00ec?<\/h2>    <p>Th\u00e0nh ph\u1ea7n ch\u00ednh c\u1ee7a nhang tr\u1ea7m l\u00e0 b\u1ed9t g\u1ed7. B\u1ed9t g\u1ed7 th\u01b0\u1eddng l\u00e0 lo\u1ea1i b\u1ed9t m\u1ecbn h\u01a1n \u0111\u01b0\u1ee3c l\u00e0m t\u1eeb nhi\u1ec1u lo\u1ea1i b\u1ed9t g\u1ed7 kh\u00e1c nhau. B\u1ed9t g\u1ed7 d\u00f9ng l\u00e0m nhang c\u00f3 th\u1ec3 l\u00e0 b\u1ed9t g\u1ed7 th\u00f4ng th\u01b0\u1eddng (kh\u00f4ng c\u1ea7n m\u00f9i), g\u1ed7 \u0111\u00e0n h\u01b0\u01a1ng, g\u1ed7 h\u01b0\u01a1ng\u2026 <\/p>    <p class=\"translation-block\">T\u1ea5t nhi\u00ean, n\u00f3 c\u0169ng c\u00f3 th\u1ec3 l\u00e0 c\u00e1c lo\u1ea1i c\u00e2y cam, th\u1ea3o m\u1ed9c, v.v. \u0110\u1ed9 m\u1ecbn c\u1ee7a b\u1ed9t g\u1ed7 d\u00f9ng \u0111\u1ec3 l\u00e0m nhang th\u01b0\u1eddng n\u1eb1m trong kho\u1ea3ng 80~120 mesh. Vi\u1ec7c ch\u1ebf bi\u1ebfn <strong><a href=\"https:\/\/en.wikipedia.org\/wiki\/Incense\" target=\"_blank\" rel=\"noopener\">nhang<\/a><\/strong> \u0111\u1eb7c bi\u1ec7t c\u00f3 th\u1ec3 y\u00eau c\u1ea7u \u0111\u1ed9 m\u1ecbn kh\u00e1c nhau c\u1ee7a b\u1ed9t g\u1ed7.<\/p>    <figure class=\"wp-block-gallery has-nested-images columns-default is-cropped wp-block-gallery-2 is-layout-flex wp-block-gallery-is-layout-flex\"> <figure class=\"wp-block-image size-large\"><img loading=\"lazy\" decoding=\"async\" width=\"720\" height=\"540\" data-id=\"156\" src=\"https:\/\/incensemachinery.com\/wp-content\/uploads\/2022\/08\/incense-sticks-making.webp\" alt=\"nhang l\u00e0m b\u1eb1ng d\u00e2y chuy\u1ec1n s\u1ea3n xu\u1ea5t nhang ch\u1ec9\" class=\"wp-image-156\" srcset=\"https:\/\/incensemachinery.com\/wp-content\/uploads\/2022\/08\/incense-sticks-making.webp 720w, https:\/\/incensemachinery.com\/wp-content\/uploads\/2022\/08\/incense-sticks-making-300x225.webp 300w\" sizes=\"auto, (max-width: 720px) 100vw, 720px\" \/><figcaption>l\u00e0m nhang tr\u1ea7m<\/figcaption><\/figure>    <figure class=\"wp-block-image size-large\"><img loading=\"lazy\" decoding=\"async\" width=\"720\" height=\"540\" data-id=\"157\" src=\"https:\/\/incensemachinery.com\/wp-content\/uploads\/2022\/08\/thread-incense-production.webp\" alt=\"s\u1ea3n xu\u1ea5t nhang s\u1ee3i\" class=\"wp-image-157\" srcset=\"https:\/\/incensemachinery.com\/wp-content\/uploads\/2022\/08\/thread-incense-production.webp 720w, https:\/\/incensemachinery.com\/wp-content\/uploads\/2022\/08\/thread-incense-production-300x225.webp 300w\" sizes=\"auto, (max-width: 720px) 100vw, 720px\" \/><figcaption>s\u1ea3n xu\u1ea5t nhang s\u1ee3i<\/figcaption><\/figure> <\/figure>    <h2 class=\"wp-block-heading\">Quy tr\u00ecnh s\u1ea3n xu\u1ea5t c\u1ee7a d\u00e2y chuy\u1ec1n s\u1ea3n xu\u1ea5t nhang cu\u1ed9n ho\u00e0n ch\u1ec9nh<\/h2>    <h3 class=\"wp-block-heading\"><strong>L\u00e0m m\u00f9n c\u01b0a<\/strong><\/h3>    <p>\u0110\u1ed1i v\u1edbi nh\u1eefng lo\u1ea1i g\u1ed7 c\u00f3 k\u00edch th\u01b0\u1edbc l\u1edbn h\u01a1n, c\u00e0nh, r\u1ec5, r\u01a1m r\u1ea1, rau th\u01a1m,\u2026 ch\u00fang ta c\u00f3 th\u1ec3 d\u00f9ng chi\u1ebfc m\u00e1y nghi\u1ec1n g\u1ed7 lo\u1ea1i nh\u1ecf n\u00e0y \u0111\u1ec3 nghi\u1ec1n th\u00e0nh m\u00f9n c\u01b0a. Lo\u1ea1i m\u00e1y nghi\u1ec1n b\u00faa n\u00e0y th\u01b0\u1eddng c\u00f3 th\u1ec3 nghi\u1ec1n nguy\u00ean li\u1ec7u th\u00e0nh m\u00f9n c\u01b0a v\u1edbi k\u00edch th\u01b0\u1edbc kho\u1ea3ng 3 mm.<\/p>   <div class=\"wp-block-image\"> <figure class=\"aligncenter size-full\"><img loading=\"lazy\" decoding=\"async\" width=\"720\" height=\"540\" src=\"https:\/\/incensemachinery.com\/wp-content\/uploads\/2022\/08\/small-wood-crusher-for-sawdust-making.webp\" alt=\"m\u00e1y nghi\u1ec1n g\u1ed7 nh\u1ecf \u0111\u1ec3 l\u00e0m m\u00f9n c\u01b0a\" class=\"wp-image-159\" srcset=\"https:\/\/incensemachinery.com\/wp-content\/uploads\/2022\/08\/small-wood-crusher-for-sawdust-making.webp 720w, https:\/\/incensemachinery.com\/wp-content\/uploads\/2022\/08\/small-wood-crusher-for-sawdust-making-300x225.webp 300w\" sizes=\"auto, (max-width: 720px) 100vw, 720px\" \/><figcaption>m\u00e1y nghi\u1ec1n g\u1ed7 nh\u1ecf \u0111\u1ec3 l\u00e0m m\u00f9n c\u01b0a<\/figcaption><\/figure> <\/div>   <h3 class=\"wp-block-heading\"><strong>Nghi\u1ec1n b\u1ed9t g\u1ed7<\/strong><\/h3>    <p>K\u00edch th\u01b0\u1edbc c\u1ee7a m\u00f9n c\u01b0a \u0111\u01b0\u1ee3c x\u1eed l\u00fd b\u1edfi m\u00e1y nghi\u1ec1n g\u1ed7 qu\u00e1 l\u1edbn \u0111\u1ec3 c\u00f3 th\u1ec3 s\u1eed d\u1ee5ng tr\u1ef1c ti\u1ebfp l\u00e0m que nhang, v\u00ec v\u1eady ch\u00fang t\u00f4i c\u1ea7n s\u1eed d\u1ee5ng m\u1ed9t m\u00e1y xay b\u1ed9t g\u1ed7 th\u01b0\u01a1ng m\u1ea1i \u0111\u1ec3 nghi\u1ec1n m\u00f9n c\u01b0a th\u00e0nh b\u1ed9t g\u1ed7 m\u1ecbn h\u01a1n. \u0110\u1ed9 m\u1ecbn c\u1ee7a m\u00e1y xay b\u1ed9t g\u1ed7 c\u00f3 th\u1ec3 \u0111\u01b0\u1ee3c \u0111i\u1ec1u ch\u1ec9nh theo nhu c\u1ea7u c\u1ee7a kh\u00e1ch h\u00e0ng. Th\u00f4ng th\u01b0\u1eddng, \u0111\u1ed9 m\u1ecbn c\u1ee7a b\u1ed9t g\u1ed7 cho que nhang n\u1eb1m trong kho\u1ea3ng t\u1eeb 60 \u0111\u1ebfn 120 l\u01b0\u1edbi.<\/p>   <div class=\"wp-block-image\"> <figure class=\"aligncenter size-full\"><img loading=\"lazy\" decoding=\"async\" width=\"720\" height=\"540\" src=\"https:\/\/incensemachinery.com\/wp-content\/uploads\/2022\/08\/wood-powder-grinding-machine.webp\" alt=\"m\u00e1y nghi\u1ec1n b\u1ed9t g\u1ed7\" class=\"wp-image-160\" srcset=\"https:\/\/incensemachinery.com\/wp-content\/uploads\/2022\/08\/wood-powder-grinding-machine.webp 720w, https:\/\/incensemachinery.com\/wp-content\/uploads\/2022\/08\/wood-powder-grinding-machine-300x225.webp 300w\" sizes=\"auto, (max-width: 720px) 100vw, 720px\" \/><figcaption>m\u00e1y nghi\u1ec1n b\u1ed9t g\u1ed7<\/figcaption><\/figure> <\/div>   <h3 class=\"wp-block-heading\"><strong>Tr\u1ed9n b\u1ed9t<\/strong><\/h3>    <p>Sau khi qu\u00e1 tr\u00ecnh ch\u1ebf bi\u1ebfn b\u1ed9t g\u1ed7 ho\u00e0n t\u1ea5t, ch\u00fang ta c\u1ea7n s\u1eed d\u1ee5ng m\u00e1y tr\u1ed9n t\u1ef1 \u0111\u1ed9ng \u0111\u1ec3 tr\u1ed9n, tr\u1ed9n t\u1ea5t c\u1ea3 c\u00e1c nguy\u00ean li\u1ec7u l\u00e0m nhang theo m\u1ed9t t\u1ef7 l\u1ec7 nh\u1ea5t \u0111\u1ecbnh. C\u00f4ng vi\u1ec7c c\u1ee7a m\u00e1y tr\u1ed9n n\u00e0y \u0111\u01b0\u1ee3c th\u1ef1c hi\u1ec7n theo t\u1eebng \u0111\u1ee3t. Kh\u1ed1i l\u01b0\u1ee3ng x\u1eed l\u00fd m\u1ed7i m\u1ebb kho\u1ea3ng 50kg.<\/p>   <div class=\"wp-block-image\"> <figure class=\"aligncenter size-full\"><img loading=\"lazy\" decoding=\"async\" width=\"720\" height=\"540\" src=\"https:\/\/incensemachinery.com\/wp-content\/uploads\/2022\/08\/wood-powder-mixing-machine.webp\" alt=\"m\u00e1y tr\u1ed9n b\u1ed9t g\u1ed7\" class=\"wp-image-161\" srcset=\"https:\/\/incensemachinery.com\/wp-content\/uploads\/2022\/08\/wood-powder-mixing-machine.webp 720w, https:\/\/incensemachinery.com\/wp-content\/uploads\/2022\/08\/wood-powder-mixing-machine-300x225.webp 300w\" sizes=\"auto, (max-width: 720px) 100vw, 720px\" \/><figcaption>m\u00e1y tr\u1ed9n b\u1ed9t g\u1ed7<\/figcaption><\/figure> <\/div>   <h3 class=\"wp-block-heading\"><strong>S\u1ee3i nhang h\u00ecnh th\u00e0nh<\/strong><\/h3>    <p class=\"translation-block\"><strong>M\u00e1y l\u00e0m nhang<\/strong> n\u00e0y c\u00f3 th\u1ec3 \u0111\u00f9n nguy\u00ean li\u1ec7u \u0111\u00e3 khu\u1ea5y th\u00e0nh s\u1ee3i r\u1eafn v\u00e0 c\u1eaft ch\u00fang th\u00e0nh nhang c\u00f3 \u0111\u1ed9 d\u00e0i \u0111\u1ed3ng \u0111\u1ec1u b\u1eb1ng thi\u1ebft b\u1ecb c\u1eaft. B\u1eb1ng c\u00e1ch thay \u0111\u1ed5i khu\u00f4n \u0111\u00f9n kh\u00e1c nhau, m\u00e1y l\u00e0m nhang c\u00e2y d\u1ea1ng s\u1ee3i c\u00f3 th\u1ec3 x\u1eed l\u00fd c\u00e1c h\u00ecnh d\u1ea1ng nhang kh\u00e1c nhau, ch\u1eb3ng h\u1ea1n nh\u01b0 n\u0103m sao, kh\u1ed1i vu\u00f4ng, h\u00ecnh tam gi\u00e1c, tr\u00e1i tim, hoa, v.v. H\u01a1n n\u1eefa, chi\u1ec1u d\u00e0i c\u1eaft nhang c\u0169ng c\u00f3 th\u1ec3 \u0111\u01b0\u1ee3c \u0111i\u1ec1u ch\u1ec9nh.<\/p>   <div class=\"wp-block-image\"> <figure class=\"aligncenter size-full\"><img loading=\"lazy\" decoding=\"async\" width=\"720\" height=\"540\" src=\"https:\/\/incensemachinery.com\/wp-content\/uploads\/2022\/08\/incense-making-machine-for-sale.webp\" alt=\"C\u1ea7n b\u00e1n m\u00e1y l\u00e0m nhang\" class=\"wp-image-121\" srcset=\"https:\/\/incensemachinery.com\/wp-content\/uploads\/2022\/08\/incense-making-machine-for-sale.webp 720w, https:\/\/incensemachinery.com\/wp-content\/uploads\/2022\/08\/incense-making-machine-for-sale-300x225.webp 300w\" sizes=\"auto, (max-width: 720px) 100vw, 720px\" \/><figcaption>D\u00e2y chuy\u1ec1n s\u1ea3n xu\u1ea5t nhang ch\u1ec9 \u0111\u1ec3 b\u00e1n<\/figcaption><\/figure> <\/div>   <h3 class=\"wp-block-heading\"><strong>S\u1ea5y nhang<\/strong><\/h3>    <p>M\u00e1y s\u1ea5y nhang n\u00e0y r\u1ea5t th\u00edch h\u1ee3p \u0111\u1ec3 s\u1ea5y s\u1ee3i nhang, que h\u01b0\u01a1ng. M\u00e1y s\u1ea5y n\u00e0y c\u00f3 m\u1ed9t xe \u0111\u1ea9y di chuy\u1ec3n \u0111\u01b0\u1ee3c b\u00ean trong v\u00e0 c\u00f3 th\u1ec3 \u0111\u1eb7t nhi\u1ec1u l\u1edbp khay l\u00ean k\u1ec7 xe \u0111\u1ea9y. Ch\u00fang ta c\u00f3 th\u1ec3 x\u1ebfp nh\u1eefng c\u00e2y nhang \u0111\u00e3 c\u1eaft g\u1ecdn g\u00e0ng v\u00e0o khay r\u1ed3i cho nh\u1eefng khay \u0111\u1ea7y h\u01b0\u01a1ng v\u00e0o m\u00e1y s\u1ea5y cho kh\u00f4. Nhi\u1ec7t \u0111\u1ed9 s\u1ea5y v\u00e0 th\u1eddi gian s\u1ea5y c\u1ee7a m\u00e1y s\u1ea5y h\u01b0\u01a1ng s\u1ee3i n\u00e0y c\u00f3 th\u1ec3 \u0111\u01b0\u1ee3c c\u00e0i \u0111\u1eb7t v\u00e0 \u0111i\u1ec1u ch\u1ec9nh.<\/p>   <div class=\"wp-block-image\"> <figure class=\"aligncenter size-full\"><img loading=\"lazy\" decoding=\"async\" width=\"720\" height=\"540\" src=\"https:\/\/incensemachinery.com\/wp-content\/uploads\/2022\/08\/thread-incense-dryer-machine.webp\" alt=\"m\u00e1y s\u1ea5y s\u1ee3i nhang\" class=\"wp-image-162\" srcset=\"https:\/\/incensemachinery.com\/wp-content\/uploads\/2022\/08\/thread-incense-dryer-machine.webp 720w, https:\/\/incensemachinery.com\/wp-content\/uploads\/2022\/08\/thread-incense-dryer-machine-300x225.webp 300w\" sizes=\"auto, (max-width: 720px) 100vw, 720px\" \/><figcaption>m\u00e1y s\u1ea5y s\u1ee3i nhang<\/figcaption><\/figure> <\/div>   <h3 class=\"wp-block-heading\">M\u00e1y \u0111\u00f3ng g\u00f3i nhang<\/h3>    <p>M\u00e1y \u0111\u00f3ng g\u00f3i nhang ph\u1eadt c\u00f3 th\u1ec3 \u0111\u00f3ng g\u00f3i nhang kh\u00f4 theo c\u00e1c y\u1ebfu t\u1ed1 kh\u00e1c nhau v\u1ec1 tr\u1ecdng l\u01b0\u1ee3ng, chi\u1ec1u d\u00e0i v\u00e0 \u0111\u01b0\u1eddng k\u00ednh. Cho d\u00f9 k\u00edch th\u01b0\u1edbc nhang \u0111\u01b0\u1ee3c kh\u00e1ch h\u00e0ng x\u1eed l\u00fd c\u00f3 l\u1edbn \u0111\u1ebfn \u0111\u00e2u th\u00ec n\u00f3 c\u0169ng c\u00f3 th\u1ec3 \u0111\u01b0\u1ee3c \u0111\u00f3ng g\u00f3i b\u1eb1ng m\u00e1y \u0111\u00f3ng g\u00f3i n\u00e0y. Ngo\u00e0i ra, kh\u00e1ch h\u00e0ng c\u0169ng c\u00f3 th\u1ec3 thi\u1ebft l\u1eadp ki\u1ec3u d\u00e1ng \u0111\u00f3ng g\u00f3i c\u1ee7a nhang nh\u01b0 t\u00fai, h\u1ed9p, \u1ed1ng, bao b\u00ec m\u00e0ng co nhi\u1ec7t, v.v.<\/p>   <div class=\"wp-block-image\"> <figure class=\"aligncenter size-full\"><img loading=\"lazy\" decoding=\"async\" width=\"720\" height=\"540\" src=\"https:\/\/incensemachinery.com\/wp-content\/uploads\/2022\/08\/thread-incense-packaging-machine.webp\" alt=\"m\u00e1y \u0111\u00f3ng g\u00f3i h\u01b0\u01a1ng s\u1ee3i\" class=\"wp-image-169\" srcset=\"https:\/\/incensemachinery.com\/wp-content\/uploads\/2022\/08\/thread-incense-packaging-machine.webp 720w, https:\/\/incensemachinery.com\/wp-content\/uploads\/2022\/08\/thread-incense-packaging-machine-300x225.webp 300w\" sizes=\"auto, (max-width: 720px) 100vw, 720px\" \/><figcaption>m\u00e1y \u0111\u00f3ng g\u00f3i h\u01b0\u01a1ng s\u1ee3i<\/figcaption><\/figure> <\/div>   <h2 class=\"wp-block-heading\">\u01afu \u0111i\u1ec3m c\u1ee7a nh\u00e0 m\u00e1y ch\u1ebf bi\u1ebfn h\u01b0\u01a1ng s\u1ee3i Shuliy<\/h2>    <ul class=\"wp-block-list\"><li>D\u00e2y chuy\u1ec1n s\u1ea3n xu\u1ea5t nhang bao g\u1ed3m t\u1ea5t c\u1ea3 c\u00e1c thi\u1ebft b\u1ecb c\u1ea7n thi\u1ebft cho s\u1ea3n xu\u1ea5t nhang c\u00f4ng nghi\u1ec7p v\u00e0 l\u00fd t\u01b0\u1edfng cho nh\u1eefng kh\u00e1ch h\u00e0ng s\u1ea3n xu\u1ea5t nhang s\u1ee3i quy m\u00f4 l\u1edbn. Nh\u00e0 m\u00e1y ch\u1ebf bi\u1ebfn h\u01b0\u01a1ng c\u1ea7n 5-10 c\u00f4ng nh\u00e2n, gi\u00fap ti\u1ebft ki\u1ec7m r\u1ea5t nhi\u1ec1u chi ph\u00ed nh\u00e2n c\u00f4ng so v\u1edbi s\u1ea3n xu\u1ea5t h\u01b0\u01a1ng th\u1ee7 c\u00f4ng.<\/li><\/ul>    <ul class=\"wp-block-list\"><li>\u0110\u1ed1i v\u1edbi h\u1ea7u h\u1ebft kh\u00e1ch h\u00e0ng mu\u1ed1n b\u1eaft \u0111\u1ea7u kinh doanh n\u01b0\u1edbc hoa, d\u00f2ng nhang ch\u1ec9 l\u00e0 m\u1ed9t c\u1ea5u h\u00ecnh tham kh\u1ea3o. Nh\u00e0 m\u00e1y c\u1ee7a ch\u00fang t\u00f4i th\u01b0\u1eddng c\u1ea7n ph\u00e1t tri\u1ec3n m\u1ed9t k\u1ebf ho\u1ea1ch s\u1ea3n xu\u1ea5t nhang ph\u00f9 h\u1ee3p d\u1ef1a tr\u00ean k\u00edch th\u01b0\u1edbc nh\u00e0 m\u00e1y c\u1ee7a kh\u00e1ch h\u00e0ng, ng\u00e2n s\u00e1ch \u0111\u1ea7u t\u01b0, s\u1ea3n l\u01b0\u1ee3ng ch\u1ebf bi\u1ebfn v\u00e0 c\u00e1c y\u1ebfu t\u1ed1 kh\u00e1c.<\/li><\/ul>    <ul class=\"wp-block-list\"><li>Nh\u00e0 m\u00e1y Shuliy c\u00f3 th\u1ec3 cung c\u1ea5p d\u1ecbch v\u1ee5 t\u00f9y ch\u1ec9nh cho t\u1eebng b\u1ed9 x\u1eed l\u00fd h\u01b0\u01a1ng v\u00e0 s\u1ebd cung c\u1ea5p d\u1ecbch v\u1ee5 h\u1eadu m\u00e3i \u0111\u1ea7y \u0111\u1ee7 cho kh\u00e1ch h\u00e0ng mua thi\u1ebft b\u1ecb h\u01b0\u01a1ng. Ch\u00fang t\u00f4i h\u1ed7 tr\u1ee3 kh\u00e1ch h\u00e0ng g\u1eedi m\u1eabu \u0111\u1ec3 th\u1eed nghi\u1ec7m v\u00e0 ch\u00e0o \u0111\u00f3n kh\u00e1ch h\u00e0ng \u0111\u1ebfn th\u0103m nh\u00e0 m\u00e1y c\u1ee7a ch\u00fang t\u00f4i v\u00e0 ki\u1ec3m tra m\u00e1y.<\/li><\/ul>    <figure class=\"wp-block-gallery has-nested-images columns-2 is-cropped wp-block-gallery-3 is-layout-flex wp-block-gallery-is-layout-flex\"> <figure class=\"wp-block-image size-large\"><img loading=\"lazy\" decoding=\"async\" width=\"720\" height=\"540\" data-id=\"176\" src=\"https:\/\/incensemachinery.com\/wp-content\/uploads\/2022\/08\/thread-incense-bulk-prodution.webp\" alt=\"s\u1ea3n xu\u1ea5t nhang s\u1ed1 l\u01b0\u1ee3ng l\u1edbn\" class=\"wp-image-176\" srcset=\"https:\/\/incensemachinery.com\/wp-content\/uploads\/2022\/08\/thread-incense-bulk-prodution.webp 720w, https:\/\/incensemachinery.com\/wp-content\/uploads\/2022\/08\/thread-incense-bulk-prodution-300x225.webp 300w\" sizes=\"auto, (max-width: 720px) 100vw, 720px\" \/><figcaption>s\u1ea3n xu\u1ea5t nhang s\u1ed1 l\u01b0\u1ee3ng l\u1edbn<\/figcaption><\/figure>    <figure class=\"wp-block-image size-large\"><img loading=\"lazy\" decoding=\"async\" width=\"720\" height=\"540\" data-id=\"177\" src=\"https:\/\/incensemachinery.com\/wp-content\/uploads\/2022\/08\/well-packed-incense.webp\" alt=\"h\u01b0\u01a1ng \u0111\u01b0\u1ee3c \u0111\u00f3ng g\u00f3i k\u1ef9 l\u01b0\u1ee1ng\" class=\"wp-image-177\" srcset=\"https:\/\/incensemachinery.com\/wp-content\/uploads\/2022\/08\/well-packed-incense.webp 720w, https:\/\/incensemachinery.com\/wp-content\/uploads\/2022\/08\/well-packed-incense-300x225.webp 300w\" sizes=\"auto, (max-width: 720px) 100vw, 720px\" \/><figcaption>h\u01b0\u01a1ng \u0111\u01b0\u1ee3c \u0111\u00f3ng g\u00f3i k\u1ef9 l\u01b0\u1ee1ng<\/figcaption><\/figure>    <figure class=\"wp-block-image size-large\"><img loading=\"lazy\" decoding=\"async\" width=\"720\" height=\"540\" data-id=\"173\" src=\"https:\/\/incensemachinery.com\/wp-content\/uploads\/2022\/08\/agarbatti-incense.webp\" alt=\"h\u01b0\u01a1ng tr\u1ea7m\" class=\"wp-image-173\" srcset=\"https:\/\/incensemachinery.com\/wp-content\/uploads\/2022\/08\/agarbatti-incense.webp 720w, https:\/\/incensemachinery.com\/wp-content\/uploads\/2022\/08\/agarbatti-incense-300x225.webp 300w\" sizes=\"auto, (max-width: 720px) 100vw, 720px\" \/><figcaption>h\u01b0\u01a1ng tr\u1ea7m<\/figcaption><\/figure>    <figure class=\"wp-block-image size-large\"><img loading=\"lazy\" decoding=\"async\" width=\"720\" height=\"540\" data-id=\"174\" src=\"https:\/\/incensemachinery.com\/wp-content\/uploads\/2022\/08\/incense-packing-with-film.webp\" alt=\"\u0111\u00f3ng g\u00f3i h\u01b0\u01a1ng b\u1eb1ng m\u00e0ng\" class=\"wp-image-174\" srcset=\"https:\/\/incensemachinery.com\/wp-content\/uploads\/2022\/08\/incense-packing-with-film.webp 720w, https:\/\/incensemachinery.com\/wp-content\/uploads\/2022\/08\/incense-packing-with-film-300x225.webp 300w\" sizes=\"auto, (max-width: 720px) 100vw, 720px\" \/><figcaption>\u0111\u00f3ng g\u00f3i h\u01b0\u01a1ng b\u1eb1ng m\u00e0ng<\/figcaption><\/figure> <\/figure>","protected":false},"excerpt":{"rendered":"<p>The automatic incense production line is a complete thread incense stick processing line for processing incense without bamboo sticks. The thread incense stick production line includes a wood crusher, wood powder machine, mixer, thread incense forming machine, incense stick drying machine, and incense packaging machine. The production process includes sawdust processing, wood flour grinding, wood [&hellip;]<\/p>\n","protected":false},"author":1,"featured_media":155,"parent":0,"template":"","tags":[13],"product-type":[7],"class_list":["post-154","product","type-product","status-publish","has-post-thumbnail","hentry","tag-stick-incense","product-type-incense-stick-production-line"],"_links":{"self":[{"href":"https:\/\/incensemachinery.com\/vi\/wp-json\/wp\/v2\/product\/154","targetHints":{"allow":["GET"]}}],"collection":[{"href":"https:\/\/incensemachinery.com\/vi\/wp-json\/wp\/v2\/product"}],"about":[{"href":"https:\/\/incensemachinery.com\/vi\/wp-json\/wp\/v2\/types\/product"}],"author":[{"embeddable":true,"href":"https:\/\/incensemachinery.com\/vi\/wp-json\/wp\/v2\/users\/1"}],"wp:featuredmedia":[{"embeddable":true,"href":"https:\/\/incensemachinery.com\/vi\/wp-json\/wp\/v2\/media\/155"}],"wp:attachment":[{"href":"https:\/\/incensemachinery.com\/vi\/wp-json\/wp\/v2\/media?parent=154"}],"wp:term":[{"taxonomy":"post_tag","embeddable":true,"href":"https:\/\/incensemachinery.com\/vi\/wp-json\/wp\/v2\/tags?post=154"},{"taxonomy":"product-type","embeddable":true,"href":"https:\/\/incensemachinery.com\/vi\/wp-json\/wp\/v2\/product-type?post=154"}],"curies":[{"name":"wp","href":"https:\/\/api.w.org\/{rel}","templated":true}]}}