{"id":138,"date":"2022-08-04T02:33:13","date_gmt":"2022-08-04T02:33:13","guid":{"rendered":"https:\/\/incensemachinery.com\/?post_type=product&#038;p=138"},"modified":"2025-07-24T16:38:20","modified_gmt":"2025-07-24T08:38:20","slug":"stick-incense-production-line","status":"publish","type":"product","link":"https:\/\/incensemachinery.com\/vi\/product\/stick-incense-production-line\/","title":{"rendered":"D\u00e2y chuy\u1ec1n s\u1ea3n xu\u1ea5t nhang quy m\u00f4 nh\u1ecf"},"content":{"rendered":"<div class=\"kk-star-ratings kksr-auto kksr-align-left kksr-valign-top\"     data-payload='{&quot;align&quot;:&quot;left&quot;,&quot;id&quot;:&quot;138&quot;,&quot;slug&quot;:&quot;default&quot;,&quot;valign&quot;:&quot;top&quot;,&quot;ignore&quot;:&quot;&quot;,&quot;reference&quot;:&quot;auto&quot;,&quot;class&quot;:&quot;&quot;,&quot;count&quot;:&quot;15&quot;,&quot;legendonly&quot;:&quot;&quot;,&quot;readonly&quot;:&quot;&quot;,&quot;score&quot;:&quot;4.8&quot;,&quot;starsonly&quot;:&quot;&quot;,&quot;best&quot;:&quot;5&quot;,&quot;gap&quot;:&quot;5&quot;,&quot;greet&quot;:&quot;Rate this product&quot;,&quot;legend&quot;:&quot;4.8\\\/5 - (15 b\u00ecnh ch\u1ecdn)&quot;,&quot;size&quot;:&quot;24&quot;,&quot;title&quot;:&quot;Small-scale Stick Incense Production Line&quot;,&quot;width&quot;:&quot;136.7&quot;,&quot;_legend&quot;:&quot;{score}\\\/{best} - ({count} {votes})&quot;,&quot;font_factor&quot;:&quot;1.25&quot;}'>              <div class=\"kksr-stars\">      <div class=\"kksr-stars-inactive\">             <div class=\"kksr-star\" data-star=\"1\" style=\"padding-right: 5px\">               <div class=\"kksr-icon\" style=\"width: 24px; height: 24px;\"><\/div>         <\/div>             <div class=\"kksr-star\" data-star=\"2\" style=\"padding-right: 5px\">               <div class=\"kksr-icon\" style=\"width: 24px; height: 24px;\"><\/div>         <\/div>             <div class=\"kksr-star\" data-star=\"3\" style=\"padding-right: 5px\">               <div class=\"kksr-icon\" style=\"width: 24px; height: 24px;\"><\/div>         <\/div>             <div class=\"kksr-star\" data-star=\"4\" style=\"padding-right: 5px\">               <div class=\"kksr-icon\" style=\"width: 24px; height: 24px;\"><\/div>         <\/div>             <div class=\"kksr-star\" data-star=\"5\" style=\"padding-right: 5px\">               <div class=\"kksr-icon\" style=\"width: 24px; height: 24px;\"><\/div>         <\/div>     <\/div>      <div class=\"kksr-stars-active\" style=\"width: 136.7px;\">             <div class=\"kksr-star\" style=\"padding-right: 5px\">               <div class=\"kksr-icon\" style=\"width: 24px; height: 24px;\"><\/div>         <\/div>             <div class=\"kksr-star\" style=\"padding-right: 5px\">               <div class=\"kksr-icon\" style=\"width: 24px; height: 24px;\"><\/div>         <\/div>             <div class=\"kksr-star\" style=\"padding-right: 5px\">               <div class=\"kksr-icon\" style=\"width: 24px; height: 24px;\"><\/div>         <\/div>             <div class=\"kksr-star\" style=\"padding-right: 5px\">               <div class=\"kksr-icon\" style=\"width: 24px; height: 24px;\"><\/div>         <\/div>             <div class=\"kksr-star\" style=\"padding-right: 5px\">               <div class=\"kksr-icon\" style=\"width: 24px; height: 24px;\"><\/div>         <\/div>     <\/div> <\/div>                   <div class=\"kksr-legend\" style=\"font-size: 19.2px;\">             4.8\/5 - (15 phi\u1ebfu b\u1ea7u)    <\/div>     <\/div>  <p>D\u00e2y chuy\u1ec1n s\u1ea3n xu\u1ea5t nhang tr\u1ea7m quy m\u00f4 nh\u1ecf n\u00e0y ch\u1ee7 y\u1ebfu \u0111\u01b0\u1ee3c s\u1eed d\u1ee5ng trong c\u00e1c x\u01b0\u1edfng s\u1ea3n xu\u1ea5t nhang v\u1eeba v\u00e0 nh\u1ecf chuy\u00ean ch\u1ebf bi\u1ebfn nhang. C\u00e1c thi\u1ebft b\u1ecb ch\u00ednh c\u1ee7a nh\u00e0 m\u00e1y ch\u1ebf bi\u1ebfn nhang tr\u1ea7m n\u00e0y bao g\u1ed3m m\u00e1y tr\u1ed9n b\u1ed9t g\u1ed7, m\u00e1y t\u1ea1o nhang v\u00e0 m\u00e1y \u0111\u00f3ng g\u00f3i nhang. D\u00e2y chuy\u1ec1n ch\u1ebf bi\u1ebfn c\u00f3 th\u1ec3 x\u1eed l\u00fd nhang c\u00f3 \u0111\u01b0\u1eddng k\u00ednh v\u00e0 chi\u1ec1u d\u00e0i kh\u00e1c nhau.<\/p>   <div class=\"wp-block-image\"> <figure class=\"aligncenter size-full\"><img loading=\"lazy\" decoding=\"async\" width=\"720\" height=\"540\" src=\"https:\/\/incensemachinery.com\/wp-content\/uploads\/2022\/08\/stick-incense.jpg\" alt=\"th\u1eafp h\u01b0\u01a1ng\" class=\"wp-image-143\" srcset=\"https:\/\/incensemachinery.com\/wp-content\/uploads\/2022\/08\/stick-incense.jpg 720w, https:\/\/incensemachinery.com\/wp-content\/uploads\/2022\/08\/stick-incense-300x225.jpg 300w\" sizes=\"auto, (max-width: 720px) 100vw, 720px\" \/><figcaption>th\u1eafp h\u01b0\u01a1ng<\/figcaption><\/figure> <\/div>   <h2 class=\"wp-block-heading\">Thi\u1ebft b\u1ecb ch\u00ednh c\u1ee7a nh\u00e0 m\u00e1y ch\u1ebf bi\u1ebfn nhang agarbatti<\/h2>    <p>D\u00e2y chuy\u1ec1n ch\u1ebf bi\u1ebfn nhang nh\u1ecf n\u00e0y l\u00e0 m\u1ed9t s\u1ea3n ph\u1ea9m b\u00e1n ch\u1ea1y t\u1ea1i nh\u00e0 m\u00e1y c\u1ee7a ch\u00fang t\u00f4i. \u0110i\u1ec1u n\u00e0y l\u00e0 do nh\u00e0 m\u00e1y ch\u1ebf bi\u1ebfn thanh agarbatti r\u1ea5t \u0111\u01a1n gi\u1ea3n, d\u1ec5 v\u1eadn h\u00e0nh, chi ph\u00ed th\u1ea5p v\u00e0 r\u1ea5t ti\u1ebft ki\u1ec7m chi ph\u00ed. D\u00e2y chuy\u1ec1n s\u1ea3n xu\u1ea5t ch\u1ee7 y\u1ebfu bao g\u1ed3m m\u00e1y tr\u1ed9n, m\u00e1y \u0111\u00f9n nhang v\u00e0 m\u00e1y \u0111\u00f3ng g\u00f3i nhang.  Khi kh\u00e1ch h\u00e0ng tham kh\u1ea3o \u00fd ki\u1ebfn \u200b\u200bc\u1ee7a ch\u00fang t\u00f4i v\u1ec1 thi\u1ebft b\u1ecb l\u00e0m nhang, ch\u00fang t\u00f4i th\u01b0\u1eddng \u0111\u1ec1 xu\u1ea5t lo\u1ea1i m\u00e1y ph\u00f9 h\u1ee3p cho kh\u00e1ch h\u00e0ng d\u1ef1a tr\u00ean nhu c\u1ea7u s\u1ea3n xu\u1ea5t th\u1ef1c t\u1ebf c\u1ee7a h\u1ecd.<\/p>    <h3 class=\"wp-block-heading\">M\u00e1y tr\u1ed9n b\u1ed9t g\u1ed7<\/h3>    <p>M\u00e1y tr\u1ed9n t\u1ef1 \u0111\u1ed9ng n\u1eb1m ngang n\u00e0y \u0111\u01b0\u1ee3c s\u1eed d\u1ee5ng r\u1ed9ng r\u00e3i trong th\u1ee9c \u0103n ch\u0103n nu\u00f4i, th\u1ef1c ph\u1ea9m, h\u00f3a ch\u1ea5t, ph\u00e2n b\u00f3n, d\u01b0\u1ee3c ph\u1ea9m v\u00e0 c\u00e1c ng\u00e0nh c\u00f4ng nghi\u1ec7p kh\u00e1c \u0111\u1ec3 tr\u1ed9n v\u00e0 khu\u1ea5y c\u00e1c v\u1eadt li\u1ec7u d\u1ea1ng b\u1ed9t, d\u1ea1ng h\u1ea1t, d\u1ea1ng v\u1ea3y, c\u1ee5c v\u00e0 nh\u1edbt. M\u00e1y tr\u1ed9n s\u1eed d\u1ee5ng nguy\u00ean l\u00fd kh\u00f4ng tr\u1ecdng l\u01b0\u1ee3ng t\u1ee9c th\u1eddi \u0111\u1ec3 t\u1ea1o ra c\u00e1c v\u1eadt li\u1ec7u trong c\u01a1 th\u1ec3 b\u1eb1ng c\u00e1ch tr\u1ed9n c\u01a1 h\u1ecdc, nh\u1eb1m \u0111\u1ea1t \u0111\u01b0\u1ee3c m\u1ee5c \u0111\u00edch tr\u1ed9n \u0111\u1ec1u. Ch\u00fang ta c\u00f3 th\u1ec3 cho c\u00e1c nguy\u00ean li\u1ec7u l\u00e0m h\u01b0\u01a1ng nh\u01b0 b\u1ed9t g\u1ed7, b\u1ed9t n\u1ebfp, n\u01b0\u1edbc, h\u01b0\u01a1ng th\u01a1m,\u2026 theo t\u1ef7 l\u1ec7 nh\u1ea5t \u0111\u1ecbnh v\u00e0o m\u00e1y tr\u1ed9n \u0111\u1ec3 tr\u1ed9n \u0111\u1ec1u.<\/p>    <figure class=\"wp-block-gallery has-nested-images columns-default is-cropped wp-block-gallery-2 is-layout-flex wp-block-gallery-is-layout-flex\"> <figure class=\"wp-block-image size-large\"><img loading=\"lazy\" decoding=\"async\" width=\"720\" height=\"540\" data-id=\"144\" src=\"https:\/\/incensemachinery.com\/wp-content\/uploads\/2022\/08\/mixer-machine.webp\" alt=\"m\u00e1y tr\u1ed9n\" class=\"wp-image-144\" srcset=\"https:\/\/incensemachinery.com\/wp-content\/uploads\/2022\/08\/mixer-machine.webp 720w, https:\/\/incensemachinery.com\/wp-content\/uploads\/2022\/08\/mixer-machine-300x225.webp 300w\" sizes=\"auto, (max-width: 720px) 100vw, 720px\" \/><figcaption>m\u00e1y tr\u1ed9n<\/figcaption><\/figure>    <figure class=\"wp-block-image size-large\"><img loading=\"lazy\" decoding=\"async\" width=\"720\" height=\"540\" data-id=\"145\" src=\"https:\/\/incensemachinery.com\/wp-content\/uploads\/2022\/08\/wood-powder-1.webp\" alt=\"b\u1ed9t g\u1ed7\" class=\"wp-image-145\" srcset=\"https:\/\/incensemachinery.com\/wp-content\/uploads\/2022\/08\/wood-powder-1.webp 720w, https:\/\/incensemachinery.com\/wp-content\/uploads\/2022\/08\/wood-powder-1-300x225.webp 300w\" sizes=\"auto, (max-width: 720px) 100vw, 720px\" \/><figcaption>b\u1ed9t g\u1ed7<\/figcaption><\/figure> <\/figure>    <h4 class=\"wp-block-heading\">C\u00e1c th\u00f4ng s\u1ed1 c\u1ee7a m\u00e1y tr\u1ed9n<\/h4>    <figure class=\"wp-block-table\"><table><tbody><tr><td>Ng\u01b0\u1eddi m\u1eabu<\/td><td>SL-ZW-0101<\/td><\/tr><tr><td>Tr\u1ecdng l\u01b0\u1ee3ng khu\u1ea5y<\/td><td>50kg\/m\u1ebb<\/td><\/tr><tr><td>Quy\u1ec1n l\u1ef1c<\/td><td>3kw<\/td><\/tr><tr><td>K\u00edch c\u1ee1<\/td><td>1100*750*1050mm<\/td><\/tr><tr><td>C\u00e2n n\u1eb7ng<\/td><td>300kg<\/td><\/tr><\/tbody><\/table><\/figure>    <h3 class=\"wp-block-heading\">M\u00e1y \u0111\u00f9n nhang<\/h3>    <p class=\"translation-block\">M\u00e1y <strong>\u00e9p nhang<\/strong> l\u00e0 thi\u1ebft b\u1ecb ch\u00ednh c\u1ee7a d\u00e2y chuy\u1ec1n s\u1ea3n xu\u1ea5t nhang n\u00e0y, \u0111\u01b0\u1ee3c d\u00f9ng \u0111\u1ec3 qu\u1ea5n v\u00e0 ph\u1ebft \u0111\u1ed3ng nh\u1ea5t nguy\u00ean li\u1ec7u \u0111\u00e3 tr\u1ed9n l\u00ean que tre. Trong \u0111\u00f3, \u0111\u1ed9 d\u00e0y v\u00e0 chi\u1ec1u d\u00e0i c\u1ee7a l\u1edbp ph\u1ee7 nhang c\u00f3 th\u1ec3 \u0111\u01b0\u1ee3c thi\u1ebft l\u1eadp v\u00e0 \u0111i\u1ec1u ch\u1ec9nh tr\u00ean b\u1ea3ng \u0111i\u1ec1u khi\u1ec3n c\u1ee7a m\u00e1y. Hi\u1ec7u su\u1ea5t x\u1eed l\u00fd c\u1ee7a m\u00e1y \u00e9p nhang agarbatti kho\u1ea3ng 300 mi\u1ebfng m\u1ed7i ph\u00fat. T\u1ed1c \u0111\u1ed9 s\u1ea3n xu\u1ea5t c\u0169ng c\u00f3 th\u1ec3 \u0111i\u1ec1u ch\u1ec9nh. M\u1eabu m\u00e3 d\u01b0\u1edbi \u0111\u00e2y l\u00e0 m\u1ed9t trong nh\u1eefng m\u00e1y \u00e9p \u0111\u01b0\u1ee3c b\u00e1n ch\u1ea1y nh\u1ea5t.<\/p>    <figure class=\"wp-block-gallery has-nested-images columns-default is-cropped wp-block-gallery-3 is-layout-flex wp-block-gallery-is-layout-flex\"> <figure class=\"wp-block-image size-large\"><img loading=\"lazy\" decoding=\"async\" width=\"720\" height=\"540\" data-id=\"115\" src=\"https:\/\/incensemachinery.com\/wp-content\/uploads\/2022\/08\/dhoop-incense-stick-making-machine.webp\" alt=\"m\u00e1y l\u00e0m nhang dhoop\" class=\"wp-image-115\" srcset=\"https:\/\/incensemachinery.com\/wp-content\/uploads\/2022\/08\/dhoop-incense-stick-making-machine.webp 720w, https:\/\/incensemachinery.com\/wp-content\/uploads\/2022\/08\/dhoop-incense-stick-making-machine-300x225.webp 300w\" sizes=\"auto, (max-width: 720px) 100vw, 720px\" \/><figcaption>m\u00e1y l\u00e0m nhang dhoop<\/figcaption><\/figure>    <figure class=\"wp-block-image size-large\"><img loading=\"lazy\" decoding=\"async\" width=\"720\" height=\"540\" data-id=\"127\" src=\"https:\/\/incensemachinery.com\/wp-content\/uploads\/2022\/08\/stick-incense.webp\" alt=\"th\u1eafp h\u01b0\u01a1ng\" class=\"wp-image-127\" srcset=\"https:\/\/incensemachinery.com\/wp-content\/uploads\/2022\/08\/stick-incense.webp 720w, https:\/\/incensemachinery.com\/wp-content\/uploads\/2022\/08\/stick-incense-300x225.webp 300w\" sizes=\"auto, (max-width: 720px) 100vw, 720px\" \/><figcaption>tr\u1ea7m h\u01b0\u01a1ng agarbatti<\/figcaption><\/figure> <\/figure>    <h4 class=\"wp-block-heading\">Th\u00f4ng s\u1ed1 m\u00e1y \u00e9p nhang<\/h4>    <figure class=\"wp-block-table\"><table><tbody><tr><td>Ng\u01b0\u1eddi m\u1eabu<\/td><td>SL-ZW-07<\/td><\/tr><tr><td>Quy\u1ec1n l\u1ef1c<\/td><td>3kw<\/td><\/tr><tr><td>K\u00edch th\u01b0\u1edbc s\u1ea3n ph\u1ea9m cu\u1ed1i c\u00f9ng<\/td><td>3-6mm\u00a0chi\u1ec1u d\u00e0i 2,5mm d\u01b0\u1edbi 48cm<\/td><\/tr><tr><td>K\u00edch th\u01b0\u1edbc g\u00f3i<\/td><td>800*1050*800mm<\/td><\/tr><tr><td>T\u1ed1c \u0111\u1ed9<\/td><td>H\u01a1n 300 chi\u1ebfc \/ ph\u00fat<\/td><\/tr><tr><td>C\u00e2n n\u1eb7ng<\/td><td>300kg<\/td><\/tr><\/tbody><\/table><\/figure>    <h3 class=\"wp-block-heading\">M\u00e1y \u0111\u00f3ng g\u00f3i nhang<\/h3>    <p class=\"translation-block\">Lo\u1ea1i <strong><a href=\"https:\/\/taizypackaging.com\/incense-stick-counting-and-packing-machine\/\" target=\"_blank\" rel=\"noopener\">m\u00e1y \u0111\u00f3ng g\u00f3i nhang<\/a><\/strong> c\u00f3 ch\u1ee9c n\u0103ng \u0111\u1ebfm v\u00e0 \u0111\u00f3ng g\u00f3i t\u1ef1 \u0111\u1ed9ng. N\u00f3 c\u00f3 th\u1ec3 \u0111\u00f3ng g\u00f3i nhang agarbatti kh\u00f4 t\u1ef1 \u0111\u1ed9ng theo c\u00e1c th\u00f4ng s\u1ed1 \u0111\u00f3ng g\u00f3i nh\u1ea5t \u0111\u1ecbnh. M\u00e1y \u0111\u00f3ng g\u00f3i n\u00e0y c\u00f3 th\u1ec3 thay th\u1ebf m\u1ed9t l\u01b0\u1ee3ng l\u1edbn c\u00f4ng nh\u00e2n th\u1ee7 c\u00f4ng \u0111\u1ec3 \u0111\u1ebfm v\u00e0 \u0111\u00f3ng g\u00f3i nhang agarbatti m\u00e0 kh\u00f4ng l\u00e0m h\u1ecfng nhang. M\u00e1y \u0111\u00f3ng g\u00f3i nhang que c\u00f3 th\u1ec3 d\u00f9ng \u0111\u1ec3 \u0111\u00f3ng g\u00f3i t\u1ea5t c\u1ea3 c\u00e1c lo\u1ea1i nhang c\u00f3 \u0111\u1ed9 d\u00e0i t\u1eeb 1-100 cm.<\/p>   <div class=\"wp-block-image\"> <figure class=\"aligncenter size-full\"><img loading=\"lazy\" decoding=\"async\" width=\"720\" height=\"540\" src=\"https:\/\/incensemachinery.com\/wp-content\/uploads\/2022\/08\/incense-stick-packaging-machine.webp\" alt=\"m\u00e1y \u0111\u00f3ng g\u00f3i nhang\" class=\"wp-image-146\" srcset=\"https:\/\/incensemachinery.com\/wp-content\/uploads\/2022\/08\/incense-stick-packaging-machine.webp 720w, https:\/\/incensemachinery.com\/wp-content\/uploads\/2022\/08\/incense-stick-packaging-machine-300x225.webp 300w\" sizes=\"auto, (max-width: 720px) 100vw, 720px\" \/><figcaption>m\u00e1y \u0111\u00f3ng g\u00f3i nhang<\/figcaption><\/figure> <\/div>   <h4 class=\"wp-block-heading\">Th\u00f4ng s\u1ed1 m\u00e1y \u0111\u00f3ng g\u00f3i nhang<\/h4>    <figure class=\"wp-block-table\"><table><tbody><tr><td>Ng\u01b0\u1eddi m\u1eabu<\/td><td>SL-CX-350<\/td><\/tr><tr><td>Quy\u1ec1n l\u1ef1c<\/td><td>220V\/3kw<\/td><\/tr><tr><td>Lo\u1ea1i \u0111\u00f3ng g\u00f3i<\/td><td>lo\u1ea1i H<\/td><\/tr><tr><td>T\u1ed1c \u0111\u1ed9<\/td><td>30-50 t\u00fai \/ ph\u00fat<\/td><\/tr><tr><td>\u0110\u1ed9 d\u00e0y c\u1ee7a m\u00e0ng nh\u1ef1a<\/td><td>1.0\u20142.2um<\/td><\/tr><tr><td>Chi\u1ec1u r\u1ed9ng \u0111\u00f3ng g\u00f3i<\/td><td>300mm<\/td><\/tr><tr><td>Chi\u1ec1u cao \u0111\u00f3ng g\u00f3i<\/td><td>80mm&nbsp;&nbsp;<\/td><\/tr><tr><td>Y\u00eau c\u1ea7u c\u1ee7a b\u1ea1n<\/td><td>\u0110\u01b0\u1eddng k\u00ednh: 5-6mm, 100 c\u00e1i\/t\u00fai<\/td><\/tr><tr><td>K\u00edch c\u1ee1<\/td><td>2300*1400*1450 &nbsp;&nbsp;<\/td><\/tr><tr><td>c\u00e2n n\u1eb7ng<\/td><td>350kg<\/td><\/tr><tr><td>Th\u00edch h\u1ee3p<\/td><td>Que nhang, \u1ed1ng h\u00fat n\u01b0\u1edbc, que BBQ, v.v.<\/td><\/tr><\/tbody><\/table><\/figure>    <figure class=\"wp-block-gallery has-nested-images columns-2 is-cropped wp-block-gallery-4 is-layout-flex wp-block-gallery-is-layout-flex\"> <figure class=\"wp-block-image size-large\"><img loading=\"lazy\" decoding=\"async\" width=\"720\" height=\"540\" data-id=\"147\" src=\"https:\/\/incensemachinery.com\/wp-content\/uploads\/2022\/08\/agarbatti-incense-stick-plants-in-Vietnam.webp\" alt=\"C\u00e2y nhang agarbatti \u1edf Vi\u1ec7t Nam\" class=\"wp-image-147\" srcset=\"https:\/\/incensemachinery.com\/wp-content\/uploads\/2022\/08\/agarbatti-incense-stick-plants-in-Vietnam.webp 720w, https:\/\/incensemachinery.com\/wp-content\/uploads\/2022\/08\/agarbatti-incense-stick-plants-in-Vietnam-300x225.webp 300w\" sizes=\"auto, (max-width: 720px) 100vw, 720px\" \/><figcaption>C\u00e2y nhang agarbatti \u1edf Vi\u1ec7t Nam<\/figcaption><\/figure>    <figure class=\"wp-block-image size-large\"><img loading=\"lazy\" decoding=\"async\" width=\"720\" height=\"540\" data-id=\"148\" src=\"https:\/\/incensemachinery.com\/wp-content\/uploads\/2022\/08\/incense-machine-factory.webp\" alt=\"nh\u00e0 m\u00e1y s\u1ea3n xu\u1ea5t m\u00e1y l\u00e0m nhang\" class=\"wp-image-148\" srcset=\"https:\/\/incensemachinery.com\/wp-content\/uploads\/2022\/08\/incense-machine-factory.webp 720w, https:\/\/incensemachinery.com\/wp-content\/uploads\/2022\/08\/incense-machine-factory-300x225.webp 300w\" sizes=\"auto, (max-width: 720px) 100vw, 720px\" \/><figcaption>nh\u00e0 m\u00e1y s\u1ea3n xu\u1ea5t m\u00e1y l\u00e0m nhang<\/figcaption><\/figure>    <figure class=\"wp-block-image size-large\"><img loading=\"lazy\" decoding=\"async\" width=\"720\" height=\"540\" data-id=\"149\" src=\"https:\/\/incensemachinery.com\/wp-content\/uploads\/2022\/08\/stick-incense-making.webp\" alt=\"l\u00e0m nhang\" class=\"wp-image-149\" srcset=\"https:\/\/incensemachinery.com\/wp-content\/uploads\/2022\/08\/stick-incense-making.webp 720w, https:\/\/incensemachinery.com\/wp-content\/uploads\/2022\/08\/stick-incense-making-300x225.webp 300w\" sizes=\"auto, (max-width: 720px) 100vw, 720px\" \/><figcaption>l\u00e0m nhang<\/figcaption><\/figure>    <figure class=\"wp-block-image size-large\"><img loading=\"lazy\" decoding=\"async\" width=\"720\" height=\"540\" data-id=\"150\" src=\"https:\/\/incensemachinery.com\/wp-content\/uploads\/2022\/08\/white-stick-incense-making.webp\" alt=\"l\u00e0m nhang tr\u1eafng\" class=\"wp-image-150\" srcset=\"https:\/\/incensemachinery.com\/wp-content\/uploads\/2022\/08\/white-stick-incense-making.webp 720w, https:\/\/incensemachinery.com\/wp-content\/uploads\/2022\/08\/white-stick-incense-making-300x225.webp 300w\" sizes=\"auto, (max-width: 720px) 100vw, 720px\" \/><figcaption>l\u00e0m nhang tr\u1eafng<\/figcaption><\/figure> <\/figure>    <h2 class=\"wp-block-heading\">\u0110\u1eb7c \u0111i\u1ec3m c\u1ee7a d\u00e2y chuy\u1ec1n s\u1ea3n xu\u1ea5t nhang nh\u1ecf<\/h2>    <p>Nh\u00e0 m\u00e1y ch\u1ebf bi\u1ebfn h\u01b0\u01a1ng que quy m\u00f4 nh\u1ecf n\u00e0y l\u00e0 m\u1ed9t gi\u1ea3i ph\u00e1p s\u1ea3n xu\u1ea5t h\u01b0\u01a1ng \u0111\u01a1n gi\u1ea3n \u0111\u01b0\u1ee3c thi\u1ebft k\u1ebf b\u1edfi nh\u00e0 m\u00e1y Shuliy c\u1ee7a ch\u00fang t\u00f4i d\u1ef1a tr\u00ean h\u1ea7u h\u1ebft c\u00e1c l\u1ef1a ch\u1ecdn c\u1ee7a kh\u00e1ch h\u00e0ng. Chi ph\u00ed th\u1ea5p c\u1ee7a d\u00e2y chuy\u1ec1n n\u00e0y ph\u00f9 h\u1ee3p v\u1edbi nh\u1eefng kh\u00e1ch h\u00e0ng c\u00f3 kh\u1ed1i l\u01b0\u1ee3ng ch\u1ebf bi\u1ebfn cao nh\u01b0ng ng\u00e2n s\u00e1ch \u0111\u1ea7u t\u01b0 th\u1ea5p. D\u00e2y chuy\u1ec1n n\u00e0y c\u00f3 th\u1ec3 \u0111\u00e1p \u1ee9ng c\u01a1 b\u1ea3n nhu c\u1ea7u c\u1ee7a 70% c\u00e1c nh\u00e0 m\u00e1y h\u01b0\u01a1ng.<\/p>    <p>Thi\u1ebft b\u1ecb tr\u00ean d\u00e2y chuy\u1ec1n ch\u1ebf bi\u1ebfn thanh agarbatti n\u00e0y ch\u1ec9 l\u00e0 thi\u1ebft k\u1ebf tham kh\u1ea3o. V\u00ed d\u1ee5: n\u1ebfu kh\u00e1ch h\u00e0ng s\u1ea3n xu\u1ea5t nhang kh\u00f4ng c\u1ea7n \u0111\u00f3ng g\u00f3i th\u00ec kh\u00f4ng c\u1ea7n ph\u1ea3i mua m\u00e1y \u0111\u00f3ng g\u00f3i nhang. Th\u00f4ng th\u01b0\u1eddng, nh\u00e0 m\u00e1y c\u1ee7a ch\u00fang t\u00f4i c\u00f3 th\u1ec3 t\u00f9y ch\u1ec9nh m\u1ed9t gi\u1ea3i ph\u00e1p ph\u00f9 h\u1ee3p cho kh\u00e1ch h\u00e0ng theo nhu c\u1ea7u x\u1eed l\u00fd v\u00e0 ng\u00e2n s\u00e1ch \u0111\u1ea7u t\u01b0 c\u1ee7a h\u1ecd.<\/p>","protected":false},"excerpt":{"rendered":"<p>This small-scale stick incense production line is mainly used in medium and small incense factories that process incense sticks. The main equipment of this agarbatti stick processing plant includes the wood powder mixer, stick incense forming machine, and stick incense packaging machine. The processing line can process stick incense of different diameters and lengths. Main [&hellip;]<\/p>\n","protected":false},"author":1,"featured_media":139,"parent":0,"template":"","tags":[13],"product-type":[7],"class_list":["post-138","product","type-product","status-publish","has-post-thumbnail","hentry","tag-stick-incense","product-type-incense-stick-production-line"],"_links":{"self":[{"href":"https:\/\/incensemachinery.com\/vi\/wp-json\/wp\/v2\/product\/138","targetHints":{"allow":["GET"]}}],"collection":[{"href":"https:\/\/incensemachinery.com\/vi\/wp-json\/wp\/v2\/product"}],"about":[{"href":"https:\/\/incensemachinery.com\/vi\/wp-json\/wp\/v2\/types\/product"}],"author":[{"embeddable":true,"href":"https:\/\/incensemachinery.com\/vi\/wp-json\/wp\/v2\/users\/1"}],"wp:featuredmedia":[{"embeddable":true,"href":"https:\/\/incensemachinery.com\/vi\/wp-json\/wp\/v2\/media\/139"}],"wp:attachment":[{"href":"https:\/\/incensemachinery.com\/vi\/wp-json\/wp\/v2\/media?parent=138"}],"wp:term":[{"taxonomy":"post_tag","embeddable":true,"href":"https:\/\/incensemachinery.com\/vi\/wp-json\/wp\/v2\/tags?post=138"},{"taxonomy":"product-type","embeddable":true,"href":"https:\/\/incensemachinery.com\/vi\/wp-json\/wp\/v2\/product-type?post=138"}],"curies":[{"name":"wp","href":"https:\/\/api.w.org\/{rel}","templated":true}]}}