{"id":118,"date":"2022-08-03T10:43:01","date_gmt":"2022-08-03T10:43:01","guid":{"rendered":"https:\/\/incensemachinery.com\/?post_type=product&#038;p=118"},"modified":"2025-07-03T16:24:50","modified_gmt":"2025-07-03T08:24:50","slug":"thread-incense-making-machine","status":"publish","type":"product","link":"https:\/\/incensemachinery.com\/vi\/product\/thread-incense-making-machine\/","title":{"rendered":"M\u00e1y L\u00e0m Nhang | M\u00e1y l\u00e0m nhang s\u1ee3i"},"content":{"rendered":"<div class=\"kk-star-ratings kksr-auto kksr-align-left kksr-valign-top\"     data-payload='{&quot;align&quot;:&quot;left&quot;,&quot;id&quot;:&quot;118&quot;,&quot;slug&quot;:&quot;default&quot;,&quot;valign&quot;:&quot;top&quot;,&quot;ignore&quot;:&quot;&quot;,&quot;reference&quot;:&quot;auto&quot;,&quot;class&quot;:&quot;&quot;,&quot;count&quot;:&quot;14&quot;,&quot;legendonly&quot;:&quot;&quot;,&quot;readonly&quot;:&quot;&quot;,&quot;score&quot;:&quot;4.9&quot;,&quot;starsonly&quot;:&quot;&quot;,&quot;best&quot;:&quot;5&quot;,&quot;gap&quot;:&quot;5&quot;,&quot;greet&quot;:&quot;Rate this product&quot;,&quot;legend&quot;:&quot;4.9\\\/5 - (14 b\u00ecnh ch\u1ecdn)&quot;,&quot;size&quot;:&quot;24&quot;,&quot;title&quot;:&quot;Incense Making Machine | Thread Incense Machine&quot;,&quot;width&quot;:&quot;139.6&quot;,&quot;_legend&quot;:&quot;{score}\\\/{best} - ({count} {votes})&quot;,&quot;font_factor&quot;:&quot;1.25&quot;}'>              <div class=\"kksr-stars\">      <div class=\"kksr-stars-inactive\">             <div class=\"kksr-star\" data-star=\"1\" style=\"padding-right: 5px\">               <div class=\"kksr-icon\" style=\"width: 24px; height: 24px;\"><\/div>         <\/div>             <div class=\"kksr-star\" data-star=\"2\" style=\"padding-right: 5px\">               <div class=\"kksr-icon\" style=\"width: 24px; height: 24px;\"><\/div>         <\/div>             <div class=\"kksr-star\" data-star=\"3\" style=\"padding-right: 5px\">               <div class=\"kksr-icon\" style=\"width: 24px; height: 24px;\"><\/div>         <\/div>             <div class=\"kksr-star\" data-star=\"4\" style=\"padding-right: 5px\">               <div class=\"kksr-icon\" style=\"width: 24px; height: 24px;\"><\/div>         <\/div>             <div class=\"kksr-star\" data-star=\"5\" style=\"padding-right: 5px\">               <div class=\"kksr-icon\" style=\"width: 24px; height: 24px;\"><\/div>         <\/div>     <\/div>      <div class=\"kksr-stars-active\" style=\"width: 139.6px;\">             <div class=\"kksr-star\" style=\"padding-right: 5px\">               <div class=\"kksr-icon\" style=\"width: 24px; height: 24px;\"><\/div>         <\/div>             <div class=\"kksr-star\" style=\"padding-right: 5px\">               <div class=\"kksr-icon\" style=\"width: 24px; height: 24px;\"><\/div>         <\/div>             <div class=\"kksr-star\" style=\"padding-right: 5px\">               <div class=\"kksr-icon\" style=\"width: 24px; height: 24px;\"><\/div>         <\/div>             <div class=\"kksr-star\" style=\"padding-right: 5px\">               <div class=\"kksr-icon\" style=\"width: 24px; height: 24px;\"><\/div>         <\/div>             <div class=\"kksr-star\" style=\"padding-right: 5px\">               <div class=\"kksr-icon\" style=\"width: 24px; height: 24px;\"><\/div>         <\/div>     <\/div> <\/div>                   <div class=\"kksr-legend\" style=\"font-size: 19.2px;\">             4.9\/5 - (14 l\u01b0\u1ee3t b\u00ecnh ch\u1ecdn)    <\/div>     <\/div>  <p class=\"translation-block\">M\u00e1y l\u00e0m nhang t\u1ef1 \u0111\u1ed9ng n\u00e0y c\u0169ng c\u00f3 th\u1ec3 \u0111\u01b0\u1ee3c g\u1ecdi l\u00e0 m\u00e1y nhang que, nh\u01b0ng n\u00f3 ch\u1ee7 y\u1ebfu \u0111\u01b0\u1ee3c d\u00f9ng \u0111\u1ec3 l\u00e0m nhang kh\u00f4ng c\u00f3 que tre. M\u00e1y nhang n\u00e0y c\u00f3 th\u1ec3 x\u1eed l\u00fd c\u00e1c lo\u1ea1i nhang v\u1edbi c\u00e1c \u0111\u01b0\u1eddng k\u00ednh v\u00e0 \u0111\u1ed9 d\u00e0i kh\u00e1c nhau. Nhang \u0111\u01b0\u1ee3c s\u1ea3n xu\u1ea5t t\u1eeb m\u00e1y n\u00e0y th\u01b0\u1eddng \u0111\u01b0\u1ee3c d\u00f9ng l\u00e0m <strong><a href=\"https:\/\/buddingbuddhist.com\/what-kind-of-incense-is-used-in-buddhist-temples\/\" target=\"_blank\" rel=\"noopener\">nhang Ph\u1eadt gi\u00e1o<\/a><\/strong> v\u00e0 nhang d\u00f9ng trong nh\u00e0. B\u1eb1ng c\u00e1ch th\u00eam c\u00e1c m\u00e0u s\u1eafc kh\u00e1c nhau v\u00e0o nguy\u00ean li\u1ec7u th\u00f4, m\u00e1y c\u0169ng c\u00f3 th\u1ec3 ch\u1ebf bi\u1ebfn nhang que nhi\u1ec1u m\u00e0u.<\/p>    <figure class=\"wp-block-gallery has-nested-images columns-default is-cropped wp-block-gallery-2 is-layout-flex wp-block-gallery-is-layout-flex\"> <figure class=\"wp-block-image size-large\"><img loading=\"lazy\" decoding=\"async\" width=\"720\" height=\"540\" data-id=\"124\" src=\"https:\/\/incensemachinery.com\/wp-content\/uploads\/2022\/08\/industrial-thread-incense-stick-machine.webp\" alt=\"m\u00e1y l\u00e0m nhang s\u1ee3i c\u00f4ng nghi\u1ec7p\" class=\"wp-image-124\" srcset=\"https:\/\/incensemachinery.com\/wp-content\/uploads\/2022\/08\/industrial-thread-incense-stick-machine.webp 720w, https:\/\/incensemachinery.com\/wp-content\/uploads\/2022\/08\/industrial-thread-incense-stick-machine-300x225.webp 300w\" sizes=\"auto, (max-width: 720px) 100vw, 720px\" \/><figcaption class=\"wp-element-caption\">m\u00e1y l\u00e0m nhang s\u1ee3i c\u00f4ng nghi\u1ec7p<\/figcaption><\/figure>    <figure class=\"wp-block-image size-large\"><img loading=\"lazy\" decoding=\"async\" width=\"720\" height=\"540\" data-id=\"125\" src=\"https:\/\/incensemachinery.com\/wp-content\/uploads\/2022\/08\/thread-incense-stick.webp\" alt=\"s\u1ee3i ch\u1ec9 nhang\" class=\"wp-image-125\" srcset=\"https:\/\/incensemachinery.com\/wp-content\/uploads\/2022\/08\/thread-incense-stick.webp 720w, https:\/\/incensemachinery.com\/wp-content\/uploads\/2022\/08\/thread-incense-stick-300x225.webp 300w\" sizes=\"auto, (max-width: 720px) 100vw, 720px\" \/><figcaption class=\"wp-element-caption\">s\u1ee3i ch\u1ec9 nhang<\/figcaption><\/figure> <\/figure>    <h2 class=\"wp-block-heading\" id=\"h-raw-materials-for-making-incense\">Nguy\u00ean li\u1ec7u l\u00e0m h\u01b0\u01a1ng<\/h2>    <p>Nguy\u00ean li\u1ec7u c\u01a1 b\u1ea3n \u0111\u1ec3 ch\u1ebf bi\u1ebfn h\u01b0\u01a1ng ch\u1ee7 y\u1ebfu l\u00e0 b\u1ed9t g\u1ed7 m\u1ecbn (60-100 l\u01b0\u1edbi), b\u1ed9t n\u1ebfp, b\u1ed9t m\u00e0u, h\u01b0\u01a1ng li\u1ec7u... Trong \u0111\u00f3, b\u1ed9t n\u1ebfp kh\u00f4ng ph\u1ea3i l\u00e0 lo\u1ea1i b\u1ed9t g\u00f4m d\u00f9ng trong c\u00f4ng nghi\u1ec7p m\u00e0 l\u00e0 lo\u1ea1i b\u1ed9t \u0111\u01b0\u1ee3c l\u00e0m t\u1eeb v\u1ecf, c\u00e0nh, l\u00e1, r\u1ec5 c\u00e2y c\u00f3 \u0111\u1ed9 d\u00ednh. Lo\u1ea1i b\u1ed9t n\u00e0y khi g\u1eb7p n\u01b0\u1edbc s\u1ebd d\u00ednh, c\u00f3 ch\u1ea5t nh\u1ea7y v\u00e0 \u0111\u1ed9 d\u00ednh m\u1ea1nh.<\/p>    <h2 class=\"wp-block-heading\" id=\"h-incense-with-stick-vs-incense-without-sticks\">Nhang c\u00f3 que VS nhang kh\u00f4ng c\u00f3 que<\/h2>    <p class=\"translation-block\">C\u00f3 hai lo\u1ea1i nhang que ch\u00ednh m\u00e0 ch\u00fang ta th\u01b0\u1eddng g\u1eb7p, m\u1ed9t lo\u1ea1i c\u00f3 que tre ho\u1eb7c g\u1ed7 v\u00e0 lo\u1ea1i kia kh\u00f4ng c\u00f3 que. Th\u1ef1c t\u1ebf, hai lo\u1ea1i nhang n\u00e0y v\u1ec1 c\u00e1ch s\u1eed d\u1ee5ng kh\u00f4ng kh\u00e1c nhau, ch\u1ec9 kh\u00e1c \u1edf ngo\u1ea1i h\u00ecnh m\u1ed9t ch\u00fat. Nhang c\u00f3 que b\u1eb1ng que tre <strong><a href=\"https:\/\/incensemachinery.com\/vi\/product\/agarbatti-incense-stick-machine\/?swcfpc=1\">d\u00f9ng que tre<\/a><\/strong> d\u1ec5 \u0111\u01b0\u1ee3c \u0111\u1eb7t v\u00e0o v\u1ecb tr\u00ed nh\u00fang nhang v\u00e0 d\u1ec5 c\u1ea7m. Lo\u1ea1i kh\u00f4ng c\u00f3 que th\u01b0\u1eddng c\u1ea7n \u0111\u01b0\u1ee3c \u0111\u1eb7t l\u00ean \u0111\u0129a \u0111\u1ed1t nhang.<\/p>    <figure class=\"wp-block-gallery has-nested-images columns-default is-cropped wp-block-gallery-3 is-layout-flex wp-block-gallery-is-layout-flex\"> <figure class=\"wp-block-image size-large\"><img loading=\"lazy\" decoding=\"async\" width=\"720\" height=\"540\" data-id=\"127\" src=\"https:\/\/incensemachinery.com\/wp-content\/uploads\/2022\/08\/stick-incense.webp\" alt=\"th\u1eafp h\u01b0\u01a1ng\" class=\"wp-image-127\" srcset=\"https:\/\/incensemachinery.com\/wp-content\/uploads\/2022\/08\/stick-incense.webp 720w, https:\/\/incensemachinery.com\/wp-content\/uploads\/2022\/08\/stick-incense-300x225.webp 300w\" sizes=\"auto, (max-width: 720px) 100vw, 720px\" \/><figcaption class=\"wp-element-caption\">th\u1eafp h\u01b0\u01a1ng<\/figcaption><\/figure>    <figure class=\"wp-block-image size-large\"><img loading=\"lazy\" decoding=\"async\" width=\"720\" height=\"540\" data-id=\"128\" src=\"https:\/\/incensemachinery.com\/wp-content\/uploads\/2022\/08\/thread-incense-without-sticks.webp\" alt=\"ch\u1ec9 nhang kh\u00f4ng c\u1ea7n que\" class=\"wp-image-128\" srcset=\"https:\/\/incensemachinery.com\/wp-content\/uploads\/2022\/08\/thread-incense-without-sticks.webp 720w, https:\/\/incensemachinery.com\/wp-content\/uploads\/2022\/08\/thread-incense-without-sticks-300x225.webp 300w\" sizes=\"auto, (max-width: 720px) 100vw, 720px\" \/><figcaption class=\"wp-element-caption\">ch\u1ec9 nhang kh\u00f4ng c\u1ea7n que<\/figcaption><\/figure> <\/figure>    <h2 class=\"wp-block-heading\" id=\"h-main-structure-of-thread-incense-making-machine\">C\u1ea5u t\u1ea1o ch\u00ednh c\u1ee7a m\u00e1y l\u00e0m nhang s\u1ee3i<\/h2>    <p>M\u00e1y nhang ho\u00e0n ch\u1ec9nh bao g\u1ed3m m\u1ed9t m\u00e1y \u00e9p \u0111\u00f9n, ba b\u0103ng t\u1ea3i (m\u1ed9t b\u0103ng t\u1ea3i c\u1ea5p li\u1ec7u, m\u1ed9t b\u0103ng t\u1ea3i c\u00f3 m\u00e1y c\u1eaft v\u00e0 m\u1ed9t b\u0103ng t\u1ea3i \u0111\u1ec3 v\u1eadn chuy\u1ec3n) v\u00e0 m\u1ed9t m\u00e1y x\u1ebfp ch\u1ed3ng. K\u00edch th\u01b0\u1edbc h\u01b0\u01a1ng c\u00f3 th\u1ec3 \u0111\u01b0\u1ee3c t\u00f9y ch\u1ec9nh theo y\u00eau c\u1ea7u c\u1ee7a kh\u00e1ch h\u00e0ng v\u00e0 c\u0169ng c\u00f3 th\u1ec3 thay \u0111\u1ed5i khu\u00f4n b\u00ean trong \u0111\u1ec3 t\u1ea1o ra c\u00e1c h\u00ecnh d\u1ea1ng kh\u00e1c nhau ho\u1eb7c \u0111\u01b0\u1eddng k\u00ednh kh\u00e1c nhau c\u1ee7a h\u01b0\u01a1ng cu\u1ed1i c\u00f9ng.<\/p>    <figure class=\"wp-block-gallery has-nested-images columns-default is-cropped wp-block-gallery-4 is-layout-flex wp-block-gallery-is-layout-flex\"> <figure class=\"wp-block-image size-large\"><img loading=\"lazy\" decoding=\"async\" width=\"720\" height=\"540\" data-id=\"130\" src=\"https:\/\/incensemachinery.com\/wp-content\/uploads\/2022\/08\/small-thread-incense-processing-line.webp\" alt=\"d\u00e2y chuy\u1ec1n ch\u1ebf bi\u1ebfn h\u01b0\u01a1ng s\u1ee3i nh\u1ecf\" class=\"wp-image-130\" srcset=\"https:\/\/incensemachinery.com\/wp-content\/uploads\/2022\/08\/small-thread-incense-processing-line.webp 720w, https:\/\/incensemachinery.com\/wp-content\/uploads\/2022\/08\/small-thread-incense-processing-line-300x225.webp 300w\" sizes=\"auto, (max-width: 720px) 100vw, 720px\" \/><figcaption class=\"wp-element-caption\">d\u00e2y chuy\u1ec1n ch\u1ebf bi\u1ebfn h\u01b0\u01a1ng s\u1ee3i nh\u1ecf<\/figcaption><\/figure>    <figure class=\"wp-block-image size-large\"><img loading=\"lazy\" decoding=\"async\" width=\"720\" height=\"540\" data-id=\"134\" src=\"https:\/\/incensemachinery.com\/wp-content\/uploads\/2022\/08\/stick-incense-extruding-molds.webp\" alt=\"khu\u00f4n \u00e9p nhang\" class=\"wp-image-134\" srcset=\"https:\/\/incensemachinery.com\/wp-content\/uploads\/2022\/08\/stick-incense-extruding-molds.webp 720w, https:\/\/incensemachinery.com\/wp-content\/uploads\/2022\/08\/stick-incense-extruding-molds-300x225.webp 300w\" sizes=\"auto, (max-width: 720px) 100vw, 720px\" \/><figcaption class=\"wp-element-caption\">khu\u00f4n \u00e9p nhang<\/figcaption><\/figure> <\/figure>    <h2 class=\"wp-block-heading\" id=\"h-main-advantages-of-shuliy-stick-incense-machine\">\u01afu \u0111i\u1ec3m ch\u00ednh c\u1ee7a m\u00e1y nhang Shuliy<\/h2>    <ol class=\"wp-block-list\"> <li>M\u00e1y l\u00e0m nhang c\u1ee7a nh\u00e0 m\u00e1y Shuliy c\u00f3 nhi\u1ec1u m\u1eabu m\u00e3 kh\u00e1c nhau. Ch\u1ec9 c\u1ea7n cho ch\u00fang t\u00f4i bi\u1ebft lo\u1ea1i v\u00e0 k\u00edch th\u01b0\u1edbc h\u01b0\u01a1ng b\u1ea1n mu\u1ed1n x\u1eed l\u00fd, ch\u00fang t\u00f4i s\u1ebd \u0111\u1ec1 xu\u1ea5t m\u00e1y l\u00e0m h\u01b0\u01a1ng ph\u00f9 h\u1ee3p nh\u1ea5t v\u00e0 gi\u1ea3i ph\u00e1p x\u1eed l\u00fd h\u01b0\u01a1ng ho\u00e0n ch\u1ec9nh v\u1edbi hi\u1ec7u su\u1ea5t chi ph\u00ed cao.<\/li>    <li>Nh\u00e0 m\u00e1y Shuliy ki\u00ean quy\u1ebft \u0111\u1ed5i m\u1edbi v\u00e0 ph\u00e1t tri\u1ec3n, li\u00ean t\u1ee5c c\u1eadp nh\u1eadt thi\u1ebft b\u1ecb s\u1ea3n xu\u1ea5t nhang d\u1ef1a tr\u00ean ph\u1ea3n h\u1ed3i c\u1ee7a kh\u00e1ch h\u00e0ng. Do \u0111\u00f3, nh\u00e0 m\u00e1y c\u1ee7a ch\u00fang t\u00f4i c\u00f3 th\u1ec3 t\u00f9y ch\u1ec9nh c\u00e1c gi\u1ea3i ph\u00e1p ch\u1ebf bi\u1ebfn nhang ph\u00f9 h\u1ee3p cho t\u1eebng kh\u00e1ch h\u00e0ng. Ch\u00fang t\u00f4i c\u00f3 th\u1ec3 t\u00f9y ch\u1ec9nh \u0111\u01b0\u1eddng k\u00ednh, chi\u1ec1u d\u00e0i, h\u00ecnh d\u1ea1ng, hoa v\u0103n, h\u01b0\u01a1ng th\u01a1m, h\u00e0m l\u01b0\u1ee3ng tro, th\u1eddi gian ch\u00e1y, th\u1eddi gian \u0111\u1ed1t, v.v. theo nhu c\u1ea7u c\u1ee7a kh\u00e1ch h\u00e0ng.<\/li> <\/ol>    <figure class=\"wp-block-gallery has-nested-images columns-2 is-cropped wp-block-gallery-5 is-layout-flex wp-block-gallery-is-layout-flex\"> <figure class=\"wp-block-image size-large\"><img loading=\"lazy\" decoding=\"async\" width=\"720\" height=\"540\" data-id=\"131\" src=\"https:\/\/incensemachinery.com\/wp-content\/uploads\/2022\/08\/incense-making-machine-packaing-and-shipping.webp\" alt=\"m\u00e1y l\u00e0m h\u01b0\u01a1ng \u0111\u00f3ng g\u00f3i v\u00e0 v\u1eadn chuy\u1ec3n\" class=\"wp-image-131\" srcset=\"https:\/\/incensemachinery.com\/wp-content\/uploads\/2022\/08\/incense-making-machine-packaing-and-shipping.webp 720w, https:\/\/incensemachinery.com\/wp-content\/uploads\/2022\/08\/incense-making-machine-packaing-and-shipping-300x225.webp 300w\" sizes=\"auto, (max-width: 720px) 100vw, 720px\" \/><figcaption class=\"wp-element-caption\">m\u00e1y l\u00e0m h\u01b0\u01a1ng \u0111\u00f3ng g\u00f3i v\u00e0 v\u1eadn chuy\u1ec3n<\/figcaption><\/figure>    <figure class=\"wp-block-image size-large\"><img loading=\"lazy\" decoding=\"async\" width=\"720\" height=\"540\" data-id=\"132\" src=\"https:\/\/incensemachinery.com\/wp-content\/uploads\/2022\/08\/thread-incense-machine-shipment.webp\" alt=\"l\u00f4 h\u00e0ng m\u00e1y l\u00e0m nhang\" class=\"wp-image-132\" srcset=\"https:\/\/incensemachinery.com\/wp-content\/uploads\/2022\/08\/thread-incense-machine-shipment.webp 720w, https:\/\/incensemachinery.com\/wp-content\/uploads\/2022\/08\/thread-incense-machine-shipment-300x225.webp 300w\" sizes=\"auto, (max-width: 720px) 100vw, 720px\" \/><figcaption class=\"wp-element-caption\">l\u00f4 h\u00e0ng m\u00e1y l\u00e0m nhang<\/figcaption><\/figure>    <figure class=\"wp-block-image size-large\"><img loading=\"lazy\" decoding=\"async\" width=\"720\" height=\"540\" data-id=\"120\" src=\"https:\/\/incensemachinery.com\/wp-content\/uploads\/2022\/08\/complete-thread-incense-machine.webp\" alt=\"m\u00e1y l\u00e0m nhang ho\u00e0n ch\u1ec9nh\" class=\"wp-image-120\" srcset=\"https:\/\/incensemachinery.com\/wp-content\/uploads\/2022\/08\/complete-thread-incense-machine.webp 720w, https:\/\/incensemachinery.com\/wp-content\/uploads\/2022\/08\/complete-thread-incense-machine-300x225.webp 300w\" sizes=\"auto, (max-width: 720px) 100vw, 720px\" \/><figcaption class=\"wp-element-caption\">m\u00e1y l\u00e0m nhang ho\u00e0n ch\u1ec9nh<\/figcaption><\/figure>    <figure class=\"wp-block-image size-large\"><img loading=\"lazy\" decoding=\"async\" width=\"720\" height=\"540\" data-id=\"121\" src=\"https:\/\/incensemachinery.com\/wp-content\/uploads\/2022\/08\/incense-making-machine-for-sale.webp\" alt=\"C\u1ea7n b\u00e1n m\u00e1y l\u00e0m nhang\" class=\"wp-image-121\" srcset=\"https:\/\/incensemachinery.com\/wp-content\/uploads\/2022\/08\/incense-making-machine-for-sale.webp 720w, https:\/\/incensemachinery.com\/wp-content\/uploads\/2022\/08\/incense-making-machine-for-sale-300x225.webp 300w\" sizes=\"auto, (max-width: 720px) 100vw, 720px\" \/><figcaption class=\"wp-element-caption\">C\u1ea7n b\u00e1n m\u00e1y l\u00e0m nhang<\/figcaption><\/figure> <\/figure>    <h2 class=\"wp-block-heading\" id=\"h-how-to-dry-the-incense-sticks\">L\u00e0m th\u1ebf n\u00e0o \u0111\u1ec3 l\u00e0m kh\u00f4 c\u00e2y nhang?<\/h2>    <p class=\"translation-block\">Nhang que m\u1ec1m khi v\u1eeba m\u1edbi l\u00e0m v\u00ec ch\u1ee9a m\u1ed9t l\u01b0\u1ee3ng n\u01b0\u1edbc nh\u1ea5t \u0111\u1ecbnh, d\u1ec5 b\u1ecb u\u1ed1n cong v\u00e0 g\u00e3y. Do \u0111\u00f3, \u0111\u1ec3 tr\u00e1nh cong v\u1eb9o c\u1ee7a nhang, ch\u00fang ta th\u01b0\u1eddng c\u1ea7n d\u00f9ng khay \u0111\u1ec3 s\u1ea5y nhang \u0111\u00e3 c\u1eaft, v\u00e0 s\u1ea5y nhang que c\u00f3 th\u1ec3 th\u1ef1c hi\u1ec7n t\u1ef1 nhi\u00ean ho\u1eb7c b\u1eb1ng c\u00e1ch d\u00f9ng <strong><a href=\"https:\/\/dryingplant.com\/\" target=\"_blank\" rel=\"noopener\">m\u00e1y s\u1ea5y<\/a><\/strong>. Nh\u00e0 m\u00e1y c\u1ee7a ch\u00fang t\u00f4i c\u00f3 th\u1ec3 cung c\u1ea5p thi\u1ebft b\u1ecb s\u1ea5y cho qu\u00e1 tr\u00ecnh s\u1ea5y li\u00ean t\u1ee5c nhang.<\/p>    <p>Ph\u01b0\u01a1ng ph\u00e1p l\u00e0m kh\u00f4 t\u1ef1 nhi\u00ean ph\u1ed5 bi\u1ebfn h\u01a1n. Tuy nhi\u00ean, \u0111i\u1ec1u quan tr\u1ecdng c\u1ea7n l\u01b0u \u00fd l\u00e0 vi\u1ec7c ph\u01a1i s\u1ee3i h\u01b0\u01a1ng t\u1ef1 nhi\u00ean kh\u00f4ng n\u00ean th\u1ef1c hi\u1ec7n tr\u1ef1c ti\u1ebfp d\u01b0\u1edbi \u00e1nh n\u1eafng m\u1eb7t tr\u1eddi m\u00e0 ph\u1ea3i \u1edf n\u01a1i tho\u00e1ng m\u00e1t. Nguy\u00ean nh\u00e2n l\u00e0 do nhang \u0111\u1eb7t d\u01b0\u1edbi n\u1eafng s\u1ebd b\u1ecb nung n\u00f3ng kh\u00f4ng \u0111\u1ec1u v\u00e0 s\u1ebd b\u1ecb cong, n\u1ee9t.<\/p>    <figure class=\"wp-block-gallery has-nested-images columns-default is-cropped wp-block-gallery-6 is-layout-flex wp-block-gallery-is-layout-flex\"> <figure class=\"wp-block-image size-full\"><img loading=\"lazy\" decoding=\"async\" width=\"720\" height=\"540\" data-id=\"165\" src=\"https:\/\/incensemachinery.com\/wp-content\/uploads\/2022\/08\/thread-incense-processing.webp\" alt=\"\" class=\"wp-image-165\" srcset=\"https:\/\/incensemachinery.com\/wp-content\/uploads\/2022\/08\/thread-incense-processing.webp 720w, https:\/\/incensemachinery.com\/wp-content\/uploads\/2022\/08\/thread-incense-processing-300x225.webp 300w\" sizes=\"auto, (max-width: 720px) 100vw, 720px\" \/><figcaption class=\"wp-element-caption\">h\u01b0\u01a1ng d\u00e0y<\/figcaption><\/figure>    <figure class=\"wp-block-image size-large\"><img loading=\"lazy\" decoding=\"async\" width=\"540\" height=\"720\" data-id=\"136\" src=\"https:\/\/incensemachinery.com\/wp-content\/uploads\/2022\/08\/thin-thread-incense-sticks.webp\" alt=\"c\u00e2y nhang s\u1ee3i m\u1ecfng\" class=\"wp-image-136\" srcset=\"https:\/\/incensemachinery.com\/wp-content\/uploads\/2022\/08\/thin-thread-incense-sticks.webp 540w, https:\/\/incensemachinery.com\/wp-content\/uploads\/2022\/08\/thin-thread-incense-sticks-225x300.webp 225w\" sizes=\"auto, (max-width: 540px) 100vw, 540px\" \/><figcaption class=\"wp-element-caption\">c\u00e2y nhang s\u1ee3i m\u1ecfng<\/figcaption><\/figure> <\/figure>    <h2 class=\"wp-block-heading\" id=\"h-parameters-of-incense-making-machine\">Th\u00f4ng s\u1ed1 m\u00e1y l\u00e0m nhang<\/h2>    <figure class=\"wp-block-table\"><table><tbody><tr><td>Ng\u01b0\u1eddi m\u1eabu<\/td><td>SL-ZX-4<\/td><\/tr><tr><td>Dung t\u00edch<\/td><td>1000kg m\u1ed7i ng\u00e0y<\/td><\/tr><tr><td>Quy\u1ec1n l\u1ef1c<\/td><td>5,5kw<\/td><\/tr><tr><td>\u0110i\u1ec7n \u00e1p<\/td><td>380V<\/td><\/tr><tr><td>K\u00edch th\u01b0\u1edbc s\u1ea3n ph\u1ea9m cu\u1ed1i c\u00f9ng<\/td><td>\u0110\u01b0\u1eddng k\u00ednh (1-5mm) * 1,25m<\/td><\/tr><tr><td>K\u00edch th\u01b0\u1edbc m\u00e1y<\/td><td>8*3.5*2m<\/td><\/tr><\/tbody><\/table><\/figure>    <h2 class=\"wp-block-heading\">Video m\u00e1y l\u00e0m nhang ch\u1ec9<\/h2>    <figure class=\"wp-block-embed is-type-video is-provider-youtube wp-block-embed-youtube wp-embed-aspect-16-9 wp-has-aspect-ratio\"><div class=\"wp-block-embed__wrapper\"> <iframe loading=\"lazy\" title=\"M\u00e1y L\u00e0m Nhang S\u1ee3i | D\u00e2y chuy\u1ec1n s\u1ea3n xu\u1ea5t nhang li\u00ean t\u1ee5c #inh H\u01b0\u01a1ng\" width=\"500\" height=\"281\" src=\"https:\/\/www.youtube.com\/embed\/ZD-PTHOlQ9I?feature=oembed\" frameborder=\"0\" allow=\"accelerometer; autoplay; clipboard-write; encrypted-media; gyroscope; picture-in-picture; web-share\" referrerpolicy=\"strict-origin-when-cross-origin\" allowfullscreen><\/iframe> <\/div><\/figure>","protected":false},"excerpt":{"rendered":"<p>This automatic incense making machine can also be called a stick incense machine, but it is mainly used to make incense without bamboo sticks. This thread incense machine can process various types of incense sticks of different diameters and lengths. The incense produced by this machine is usually used as Buddhist incense and indoor incense [&hellip;]<\/p>\n","protected":false},"author":1,"featured_media":119,"parent":0,"template":"","tags":[13],"product-type":[4],"class_list":["post-118","product","type-product","status-publish","has-post-thumbnail","hentry","tag-stick-incense","product-type-incense-making-machine"],"_links":{"self":[{"href":"https:\/\/incensemachinery.com\/vi\/wp-json\/wp\/v2\/product\/118","targetHints":{"allow":["GET"]}}],"collection":[{"href":"https:\/\/incensemachinery.com\/vi\/wp-json\/wp\/v2\/product"}],"about":[{"href":"https:\/\/incensemachinery.com\/vi\/wp-json\/wp\/v2\/types\/product"}],"author":[{"embeddable":true,"href":"https:\/\/incensemachinery.com\/vi\/wp-json\/wp\/v2\/users\/1"}],"wp:featuredmedia":[{"embeddable":true,"href":"https:\/\/incensemachinery.com\/vi\/wp-json\/wp\/v2\/media\/119"}],"wp:attachment":[{"href":"https:\/\/incensemachinery.com\/vi\/wp-json\/wp\/v2\/media?parent=118"}],"wp:term":[{"taxonomy":"post_tag","embeddable":true,"href":"https:\/\/incensemachinery.com\/vi\/wp-json\/wp\/v2\/tags?post=118"},{"taxonomy":"product-type","embeddable":true,"href":"https:\/\/incensemachinery.com\/vi\/wp-json\/wp\/v2\/product-type?post=118"}],"curies":[{"name":"wp","href":"https:\/\/api.w.org\/{rel}","templated":true}]}}