{"id":23,"date":"2022-08-02T10:17:01","date_gmt":"2022-08-02T10:17:01","guid":{"rendered":"https:\/\/incensemachinery.com\/?page_id=23"},"modified":"2025-08-13T17:19:29","modified_gmt":"2025-08-13T09:19:29","slug":"contact-us","status":"publish","type":"page","link":"https:\/\/incensemachinery.com\/vi\/contact-us\/","title":{"rendered":"Li\u00ean h\u1ec7 v\u1edbi ch\u00fang t\u00f4i"},"content":{"rendered":"<p>Zhengzhou Shuliy Machinery Equipment Co., Ltd. chuy\u00ean nghi\u00ean c\u1ee9u, s\u1ea3n xu\u1ea5t v\u00e0 xu\u1ea5t kh\u1ea9u m\u00e1y l\u00e0m h\u01b0\u01a1ng ch\u1ea5t l\u01b0\u1ee3ng cao v\u00e0 c\u00e1c thi\u1ebft b\u1ecb s\u1ea3n xu\u1ea5t li\u00ean quan. V\u1edbi h\u01a1n m\u1ed9t th\u1eadp k\u1ef7 kinh nghi\u1ec7m trong ng\u00e0nh m\u00e1y m\u00f3c, ch\u00fang t\u00f4i cam k\u1ebft cung c\u1ea5p c\u00e1c gi\u1ea3i ph\u00e1p hi\u1ec7u qu\u1ea3, \u0111\u00e1ng tin c\u1eady v\u00e0 ti\u1ebft ki\u1ec7m chi ph\u00ed cho c\u00e1c doanh nghi\u1ec7p s\u1ea3n xu\u1ea5t h\u01b0\u01a1ng tr\u00ean to\u00e0n th\u1ebf gi\u1edbi.<\/p>    <p>S\u1ea3n ph\u1ea9m c\u1ee7a ch\u00fang t\u00f4i \u0111\u01b0\u1ee3c thi\u1ebft k\u1ebf \u0111\u1ec3 n\u00e2ng cao hi\u1ec7u qu\u1ea3 s\u1ea3n xu\u1ea5t, gi\u1ea3m chi ph\u00ed nh\u00e2n c\u00f4ng v\u00e0 \u0111\u1ea3m b\u1ea3o ch\u1ea5t l\u01b0\u1ee3ng \u1ed5n \u0111\u1ecbnh \u2014 gi\u00fap kh\u00e1ch h\u00e0ng \u0111\u1ea1t \u0111\u01b0\u1ee3c l\u1ee3i nhu\u1eadn cao h\u01a1n v\u00e0 kh\u1ea3 n\u0103ng c\u1ea1nh tranh tr\u00ean th\u1ecb tr\u01b0\u1eddng. M\u00e1y m\u00f3c Shuliy \u0111\u00e3 \u0111\u01b0\u1ee3c xu\u1ea5t kh\u1ea9u \u0111\u1ebfn h\u01a1n 50 qu\u1ed1c gia, gi\u00e0nh \u0111\u01b0\u1ee3c danh ti\u1ebfng v\u1eefng ch\u1eafc v\u1ec1 hi\u1ec7u su\u1ea5t xu\u1ea5t s\u1eafc, \u0111\u1ed9 b\u1ec1n v\u00e0 ho\u1ea1t \u0111\u1ed9ng th\u00e2n thi\u1ec7n v\u1edbi ng\u01b0\u1eddi d\u00f9ng.<\/p>    <p>Ch\u00fang t\u00f4i tu\u00e2n th\u1ee7 nguy\u00ean t\u1eafc \u201cKh\u00e1ch h\u00e0ng l\u00e0 tr\u00ean h\u1ebft\u201d, cung c\u1ea5p h\u1ed7 tr\u1ee3 to\u00e0n di\u1ec7n t\u1eeb t\u01b0 v\u1ea5n tr\u01b0\u1edbc b\u00e1n h\u00e0ng, gi\u1ea3i ph\u00e1p t\u00f9y ch\u1ec9nh v\u00e0 giao h\u00e0ng nhanh ch\u00f3ng, \u0111\u1ebfn d\u1ecbch v\u1ee5 h\u1eadu m\u00e3i to\u00e0n di\u1ec7n bao g\u1ed3m l\u1eafp \u0111\u1eb7t, \u0111\u00e0o t\u1ea1o v\u00e0 b\u1ea3o tr\u00ec.<\/p>    <p>S\u1ea3n xu\u1ea5t c\u1ee7a b\u1ea1n, cam k\u1ebft c\u1ee7a ch\u00fang t\u00f4i \u2014 Shuliy l\u00e0 \u0111\u1ed1i t\u00e1c \u0111\u00e1ng tin c\u1eady c\u1ee7a b\u1ea1n trong ng\u00e0nh c\u00f4ng nghi\u1ec7p h\u01b0\u01a1ng.<\/p>    <p class=\"translation-block\"><strong>Th\u00f4ng tin li\u00ean h\u1ec7 b\u00ean d\u01b0\u1edbi<\/strong><\/p>    <p>WhatsApp\/WeChat\/Tel: +86 19139754781<\/p>    <p>Email: info@incenmachinery.com<\/p>    <h2 class=\"wp-block-heading alignwide has-text-align-left\" style=\"font-size:30px\">Ch\u00fang t\u00f4i cung c\u1ea5p<\/h2>    <div class=\"wp-block-media-text alignwide is-stacked-on-mobile\"><figure class=\"wp-block-media-text__media\"><img loading=\"lazy\" decoding=\"async\" width=\"720\" height=\"540\" src=\"https:\/\/incensemachinery.com\/wp-content\/uploads\/2025\/08\/South-African-customers-visit.webp\" alt=\"Kh\u00e1ch h\u00e0ng Nam Phi \u0111\u1ebfn th\u0103m\" class=\"wp-image-520 size-full\" srcset=\"https:\/\/incensemachinery.com\/wp-content\/uploads\/2025\/08\/South-African-customers-visit.webp 720w, https:\/\/incensemachinery.com\/wp-content\/uploads\/2025\/08\/South-African-customers-visit-300x225.webp 300w, https:\/\/incensemachinery.com\/wp-content\/uploads\/2025\/08\/South-African-customers-visit-16x12.webp 16w\" sizes=\"auto, (max-width: 720px) 100vw, 720px\" \/><\/figure><div class=\"wp-block-media-text__content\"> <p>D\u1ecbch v\u1ee5 tham quan nh\u00e0 m\u00e1y b\u1eb1ng video: N\u1ebfu b\u1ea1n kh\u00f4ng th\u1ec3 \u0111\u1ebfn th\u0103m Trung Qu\u1ed1c, \u0111\u1ed9i ng\u0169 b\u00e1n h\u00e0ng chuy\u00ean nghi\u1ec7p c\u1ee7a ch\u00fang t\u00f4i s\u1ebd cung c\u1ea5p cho b\u1ea1n d\u1ecbch v\u1ee5 tham quan nh\u00e0 m\u00e1y b\u1eb1ng video to\u00e0n di\u1ec7n. B\u1ea1n c\u00f3 th\u1ec3 xem th\u00f4ng tin chi ti\u1ebft v\u1ec1 m\u00e1y m\u00f3c, ph\u01b0\u01a1ng ph\u00e1p v\u1eadn h\u00e0nh v\u00e0 m\u00f4i tr\u01b0\u1eddng nh\u00e0 m\u00e1y.<\/p> <\/div><\/div>    <div class=\"wp-block-media-text alignwide has-media-on-the-right is-stacked-on-mobile\"><div class=\"wp-block-media-text__content\"> <p>D\u1ecbch v\u1ee5 \u0111\u00f3n t\u1ea1i s\u00e2n bay: Th\u00e0nh ph\u1ed1 c\u1ee7a ch\u00fang t\u00f4i c\u00f3 m\u1ed9t s\u00e2n bay qu\u1ed1c t\u1ebf l\u1edbn, gi\u00fap b\u1ea1n d\u1ec5 d\u00e0ng \u0111\u1ebfn v\u1edbi ch\u00fang t\u00f4i. T\u1ea5t nhi\u00ean, ch\u00fang t\u00f4i cung c\u1ea5p d\u1ecbch v\u1ee5 \u0111\u00f3n t\u1ea1i s\u00e2n bay.<\/p> <\/div><figure class=\"wp-block-media-text__media\"><img loading=\"lazy\" decoding=\"async\" width=\"720\" height=\"540\" src=\"https:\/\/incensemachinery.com\/wp-content\/uploads\/2025\/08\/Turkish-customers-visit.webp\" alt=\"Kh\u00e1ch h\u00e0ng Th\u1ed5 Nh\u0129 K\u1ef3 \u0111\u1ebfn th\u0103m\" class=\"wp-image-522 size-full\" srcset=\"https:\/\/incensemachinery.com\/wp-content\/uploads\/2025\/08\/Turkish-customers-visit.webp 720w, https:\/\/incensemachinery.com\/wp-content\/uploads\/2025\/08\/Turkish-customers-visit-300x225.webp 300w, https:\/\/incensemachinery.com\/wp-content\/uploads\/2025\/08\/Turkish-customers-visit-16x12.webp 16w\" sizes=\"auto, (max-width: 720px) 100vw, 720px\" \/><\/figure><\/div>    <div class=\"wp-block-media-text alignwide is-stacked-on-mobile\"><figure class=\"wp-block-media-text__media\"><img loading=\"lazy\" decoding=\"async\" width=\"720\" height=\"540\" src=\"https:\/\/incensemachinery.com\/wp-content\/uploads\/2025\/08\/Yemeni-customers-visit.webp\" alt=\"Kh\u00e1ch h\u00e0ng Yemen \u0111\u1ebfn th\u0103m\" class=\"wp-image-523 size-full\" srcset=\"https:\/\/incensemachinery.com\/wp-content\/uploads\/2025\/08\/Yemeni-customers-visit.webp 720w, https:\/\/incensemachinery.com\/wp-content\/uploads\/2025\/08\/Yemeni-customers-visit-300x225.webp 300w, https:\/\/incensemachinery.com\/wp-content\/uploads\/2025\/08\/Yemeni-customers-visit-16x12.webp 16w\" sizes=\"auto, (max-width: 720px) 100vw, 720px\" \/><\/figure><div class=\"wp-block-media-text__content\"> <p>D\u1ecbch v\u1ee5 tham quan nh\u00e0 m\u00e1y: Ch\u00fang t\u00f4i c\u00f3 th\u1ec3 \u0111\u01b0a kh\u00e1ch h\u00e0ng tham quan nh\u00e0 m\u00e1y. B\u1ea1n c\u00f3 th\u1ec3 \u0111\u1eb7t b\u1ea5t k\u1ef3 c\u00e2u h\u1ecfi n\u00e0o b\u1ea1n c\u00f3 v\u1ec1 m\u00e1y m\u00f3c.<\/p> <\/div><\/div>    <figure class=\"wp-block-gallery alignwide has-nested-images columns-default is-cropped wp-block-gallery-2 is-layout-flex wp-block-gallery-is-layout-flex\"> <figure class=\"wp-block-image size-large\"><img loading=\"lazy\" decoding=\"async\" width=\"720\" height=\"540\" data-id=\"521\" src=\"https:\/\/incensemachinery.com\/wp-content\/uploads\/2025\/08\/Spanish-customers-visit.webp\" alt=\"Kh\u00e1ch h\u00e0ng T\u00e2y Ban Nha \u0111\u1ebfn th\u0103m\" class=\"wp-image-521\" srcset=\"https:\/\/incensemachinery.com\/wp-content\/uploads\/2025\/08\/Spanish-customers-visit.webp 720w, https:\/\/incensemachinery.com\/wp-content\/uploads\/2025\/08\/Spanish-customers-visit-300x225.webp 300w, https:\/\/incensemachinery.com\/wp-content\/uploads\/2025\/08\/Spanish-customers-visit-16x12.webp 16w\" sizes=\"auto, (max-width: 720px) 100vw, 720px\" \/><\/figure>    <figure class=\"wp-block-image size-large\"><img loading=\"lazy\" decoding=\"async\" width=\"720\" height=\"540\" data-id=\"518\" src=\"https:\/\/incensemachinery.com\/wp-content\/uploads\/2025\/08\/Nigerian-customers-visit.webp\" alt=\"Kh\u00e1ch h\u00e0ng Nigeria \u0111\u1ebfn th\u0103m\" class=\"wp-image-518\" srcset=\"https:\/\/incensemachinery.com\/wp-content\/uploads\/2025\/08\/Nigerian-customers-visit.webp 720w, https:\/\/incensemachinery.com\/wp-content\/uploads\/2025\/08\/Nigerian-customers-visit-300x225.webp 300w, https:\/\/incensemachinery.com\/wp-content\/uploads\/2025\/08\/Nigerian-customers-visit-16x12.webp 16w\" sizes=\"auto, (max-width: 720px) 100vw, 720px\" \/><\/figure>    <figure class=\"wp-block-image size-large\"><img loading=\"lazy\" decoding=\"async\" width=\"720\" height=\"540\" data-id=\"517\" src=\"https:\/\/incensemachinery.com\/wp-content\/uploads\/2025\/08\/Kenyan-customers-visit.webp\" alt=\"Kh\u00e1ch h\u00e0ng Kenya \u0111\u1ebfn th\u0103m\" class=\"wp-image-517\" srcset=\"https:\/\/incensemachinery.com\/wp-content\/uploads\/2025\/08\/Kenyan-customers-visit.webp 720w, https:\/\/incensemachinery.com\/wp-content\/uploads\/2025\/08\/Kenyan-customers-visit-300x225.webp 300w, https:\/\/incensemachinery.com\/wp-content\/uploads\/2025\/08\/Kenyan-customers-visit-16x12.webp 16w\" sizes=\"auto, (max-width: 720px) 100vw, 720px\" \/><\/figure> <\/figure>","protected":false},"excerpt":{"rendered":"<p>Zhengzhou Shuliy Machinery Equipment Co., Ltd. specializes in the research, manufacturing, and export of high-quality incense making machines and related production equipment. With over a decade of experience in the machinery industry, we are committed to providing efficient, reliable, and cost-effective solutions for incense production businesses worldwide. Our products are designed to enhance production efficiency, [&hellip;]<\/p>\n","protected":false},"author":1,"featured_media":0,"parent":0,"menu_order":0,"comment_status":"closed","ping_status":"closed","template":"","meta":{"footnotes":""},"class_list":["post-23","page","type-page","status-publish","hentry"],"_links":{"self":[{"href":"https:\/\/incensemachinery.com\/vi\/wp-json\/wp\/v2\/pages\/23","targetHints":{"allow":["GET"]}}],"collection":[{"href":"https:\/\/incensemachinery.com\/vi\/wp-json\/wp\/v2\/pages"}],"about":[{"href":"https:\/\/incensemachinery.com\/vi\/wp-json\/wp\/v2\/types\/page"}],"author":[{"embeddable":true,"href":"https:\/\/incensemachinery.com\/vi\/wp-json\/wp\/v2\/users\/1"}],"replies":[{"embeddable":true,"href":"https:\/\/incensemachinery.com\/vi\/wp-json\/wp\/v2\/comments?post=23"}],"version-history":[{"count":0,"href":"https:\/\/incensemachinery.com\/vi\/wp-json\/wp\/v2\/pages\/23\/revisions"}],"wp:attachment":[{"href":"https:\/\/incensemachinery.com\/vi\/wp-json\/wp\/v2\/media?parent=23"}],"curies":[{"name":"wp","href":"https:\/\/api.w.org\/{rel}","templated":true}]}}