{"id":21,"date":"2022-08-02T10:16:40","date_gmt":"2022-08-02T10:16:40","guid":{"rendered":"https:\/\/incensemachinery.com\/?page_id=21"},"modified":"2022-08-03T06:36:27","modified_gmt":"2022-08-03T06:36:27","slug":"about-us","status":"publish","type":"page","link":"https:\/\/incensemachinery.com\/vi\/about-us\/","title":{"rendered":"V\u1ec1 ch\u00fang t\u00f4i"},"content":{"rendered":"<p>Shuliy Machinery l\u00e0 nh\u00e0 s\u1ea3n xu\u1ea5t v\u00e0 xu\u1ea5t kh\u1ea9u thi\u1ebft b\u1ecb c\u00f4ng nghi\u1ec7p l\u1edbn. Trong m\u01b0\u1eddi n\u0103m, t\u1eadp \u0111o\u00e0n Shuliy \u0111\u00e3 ph\u00e1t tri\u1ec3n th\u00e0nh m\u1ed9t nh\u00e0 m\u00e1y v\u1edbi hai c\u00f4ng ty con (th\u01b0\u01a1ng hi\u1ec7u Taizy &amp; th\u01b0\u01a1ng hi\u1ec7u Shuliy). Hi\u1ec7n t\u1ea1i, nh\u00e0 m\u00e1y Shuliy \u0111ang tham gia ph\u00e1t tri\u1ec3n, s\u1ea3n xu\u1ea5t v\u00e0 xu\u1ea5t kh\u1ea9u nhi\u1ec1u lo\u1ea1i thi\u1ebft b\u1ecb t\u00e1i ch\u1ebf. <\/p>    <p>M\u00e1y l\u00e0m nhang l\u00e0 m\u1ed9t trong nh\u1eefng lo\u1ea1i thi\u1ebft b\u1ecb t\u00e1i ch\u1ebf sinh kh\u1ed1i trong nh\u00e0 m\u00e1y c\u1ee7a ch\u00fang t\u00f4i. Hi\u1ec7n t\u1ea1i, nh\u00e0 m\u00e1y Shuliy cung c\u1ea5p nhi\u1ec1u lo\u1ea1i thi\u1ebft b\u1ecb s\u1ea3n xu\u1ea5t nhang v\u00e0 thi\u1ebft b\u1ecb ph\u1ee5 tr\u1ee3 nh\u01b0 m\u00e1y t\u1ea1o nhang v\u00e0 m\u00e1y t\u1ea1o nhang c\u00e1c lo\u1ea1i, m\u00e1y tr\u1ed9n b\u1ed9t nhang, m\u00e1y s\u1ea5y nhang, m\u00e1y \u0111\u00f3ng g\u00f3i nhang, v.v.<\/p>    <p>Thi\u1ebft b\u1ecb c\u1ee7a nh\u00e0 m\u00e1y Shuliy \u0111\u00e3 l\u1ea7n l\u01b0\u1ee3t \u0111\u01b0\u1ee3c xu\u1ea5t kh\u1ea9u t\u1edbi h\u01a1n 50 qu\u1ed1c gia v\u00e0 khu v\u1ef1c. H\u01a1n n\u1eefa, ch\u00fang t\u00f4i \u0111\u00e3 thi\u1ebft l\u1eadp m\u1ed1i quan h\u1ec7 \u0111\u1ea1i l\u00fd v\u1edbi kh\u00e1ch h\u00e0ng \u1edf m\u1ed9t s\u1ed1 qu\u1ed1c gia. <\/p>    <p>C\u00e1c qu\u1ed1c gia c\u00f3 s\u1ed1 l\u01b0\u1ee3ng kh\u00e1ch h\u00e0ng s\u1eed d\u1ee5ng m\u00e1y l\u00e0m nhang c\u1ee7a ch\u00fang t\u00f4i nhi\u1ec1u nh\u1ea5t l\u00e0 Th\u00e1i Lan, Nh\u1eadt B\u1ea3n, Singapore, Bangladesh, Malaysia, H\u00e0n Qu\u1ed1c, \u1ea4n \u0110\u1ed9, Th\u1ed5 Nh\u0129 K\u1ef3, Ai C\u1eadp, Iraq, \u1ea2 R\u1eadp Saudi, UAE, Lebanon, Uzbekistan, M\u1ef9, \u00dac, New Zealand, T\u00e2y Ban Nha, Slovakia, \u00dd, Nigeria, Senegal, Guinea, v.v.<\/p>","protected":false},"excerpt":{"rendered":"<p>Shuliy Machinery is a large manufacturer and exporter of industrial equipment. In ten years, the Shuliy group has grown into a factory with two subsidiaries (Taizy brand &amp; Shuliy brand). Currently, Shuliy factory is engaged in the development, manufacture, and export of various types of recycling equipment. Incense making machine is one of the types [&hellip;]<\/p>\n","protected":false},"author":1,"featured_media":0,"parent":0,"menu_order":0,"comment_status":"closed","ping_status":"closed","template":"","meta":{"footnotes":""},"class_list":["post-21","page","type-page","status-publish","hentry"],"_links":{"self":[{"href":"https:\/\/incensemachinery.com\/vi\/wp-json\/wp\/v2\/pages\/21","targetHints":{"allow":["GET"]}}],"collection":[{"href":"https:\/\/incensemachinery.com\/vi\/wp-json\/wp\/v2\/pages"}],"about":[{"href":"https:\/\/incensemachinery.com\/vi\/wp-json\/wp\/v2\/types\/page"}],"author":[{"embeddable":true,"href":"https:\/\/incensemachinery.com\/vi\/wp-json\/wp\/v2\/users\/1"}],"replies":[{"embeddable":true,"href":"https:\/\/incensemachinery.com\/vi\/wp-json\/wp\/v2\/comments?post=21"}],"version-history":[{"count":0,"href":"https:\/\/incensemachinery.com\/vi\/wp-json\/wp\/v2\/pages\/21\/revisions"}],"wp:attachment":[{"href":"https:\/\/incensemachinery.com\/vi\/wp-json\/wp\/v2\/media?parent=21"}],"curies":[{"name":"wp","href":"https:\/\/api.w.org\/{rel}","templated":true}]}}