{"id":78,"date":"2022-08-03T08:38:54","date_gmt":"2022-08-03T08:38:54","guid":{"rendered":"https:\/\/incensemachinery.com\/?post_type=product&#038;p=78"},"modified":"2025-07-24T16:38:13","modified_gmt":"2025-07-24T08:38:13","slug":"backflow-incense-cone-making-machine","status":"publish","type":"product","link":"https:\/\/incensemachinery.com\/tr\/product\/backflow-incense-cone-making-machine\/","title":{"rendered":"Geri Ak\u0131\u015f T\u00fcts\u00fc Koni Yapma Makinesi | \u015eelale T\u00fcts\u00fc Konileri Makinesi"},"content":{"rendered":"<div class=\"kk-star-ratings kksr-auto kksr-align-left kksr-valign-top\"     data-payload='{&quot;align&quot;:&quot;left&quot;,&quot;id&quot;:&quot;78&quot;,&quot;slug&quot;:&quot;default&quot;,&quot;valign&quot;:&quot;top&quot;,&quot;ignore&quot;:&quot;&quot;,&quot;reference&quot;:&quot;auto&quot;,&quot;class&quot;:&quot;&quot;,&quot;count&quot;:&quot;23&quot;,&quot;legendonly&quot;:&quot;&quot;,&quot;readonly&quot;:&quot;&quot;,&quot;score&quot;:&quot;4.8&quot;,&quot;starsonly&quot;:&quot;&quot;,&quot;best&quot;:&quot;5&quot;,&quot;gap&quot;:&quot;5&quot;,&quot;greet&quot;:&quot;Rate this product&quot;,&quot;legend&quot;:&quot;4.8\\\/5 - (23 votes)&quot;,&quot;size&quot;:&quot;24&quot;,&quot;title&quot;:&quot;Backflow Incense Cone Making Machine | Waterfall Incense Cones Maker&quot;,&quot;width&quot;:&quot;136.7&quot;,&quot;_legend&quot;:&quot;{score}\\\/{best} - ({count} {votes})&quot;,&quot;font_factor&quot;:&quot;1.25&quot;}'>              <div class=\"kksr-stars\">      <div class=\"kksr-stars-inactive\">             <div class=\"kksr-star\" data-star=\"1\" style=\"padding-right: 5px\">               <div class=\"kksr-icon\" style=\"width: 24px; height: 24px;\"><\/div>         <\/div>             <div class=\"kksr-star\" data-star=\"2\" style=\"padding-right: 5px\">               <div class=\"kksr-icon\" style=\"width: 24px; height: 24px;\"><\/div>         <\/div>             <div class=\"kksr-star\" data-star=\"3\" style=\"padding-right: 5px\">               <div class=\"kksr-icon\" style=\"width: 24px; height: 24px;\"><\/div>         <\/div>             <div class=\"kksr-star\" data-star=\"4\" style=\"padding-right: 5px\">               <div class=\"kksr-icon\" style=\"width: 24px; height: 24px;\"><\/div>         <\/div>             <div class=\"kksr-star\" data-star=\"5\" style=\"padding-right: 5px\">               <div class=\"kksr-icon\" style=\"width: 24px; height: 24px;\"><\/div>         <\/div>     <\/div>      <div class=\"kksr-stars-active\" style=\"width: 136.7px;\">             <div class=\"kksr-star\" style=\"padding-right: 5px\">               <div class=\"kksr-icon\" style=\"width: 24px; height: 24px;\"><\/div>         <\/div>             <div class=\"kksr-star\" style=\"padding-right: 5px\">               <div class=\"kksr-icon\" style=\"width: 24px; height: 24px;\"><\/div>         <\/div>             <div class=\"kksr-star\" style=\"padding-right: 5px\">               <div class=\"kksr-icon\" style=\"width: 24px; height: 24px;\"><\/div>         <\/div>             <div class=\"kksr-star\" style=\"padding-right: 5px\">               <div class=\"kksr-icon\" style=\"width: 24px; height: 24px;\"><\/div>         <\/div>             <div class=\"kksr-star\" style=\"padding-right: 5px\">               <div class=\"kksr-icon\" style=\"width: 24px; height: 24px;\"><\/div>         <\/div>     <\/div> <\/div>                   <div class=\"kksr-legend\" style=\"font-size: 19.2px;\">             4.8\/5 - (23 oy)    <\/div>     <\/div>  <p>S\u00fcrekli geri ak\u0131\u015fl\u0131 t\u00fcts\u00fc konisi yapma makinesi, merkezi delikli \u00e7e\u015fitli t\u00fcts\u00fc konilerinin veya \u00e7e\u015fitli grav\u00fcr t\u00fcrlerine sahip pagoda \u015feklindeki t\u00fcts\u00fclerin \u00fcretimi i\u00e7in kullan\u0131l\u0131r. Otomatik \u015felale t\u00fcts\u00fc konileri yapma makinesi, kal\u0131plar\u0131 de\u011fi\u015ftirerek \u00e7e\u015fitli boyutlarda geri ak\u0131\u015fl\u0131 t\u00fcts\u00fc konileri \u00fcretmek i\u00e7in kullan\u0131labilir. Elbette renkli t\u00fcts\u00fc konileri \u00fcretimi i\u00e7in ters ak\u0131\u015fl\u0131 t\u00fcts\u00fc makinesini de kullanabiliriz.<\/p>    <figure class=\"wp-block-gallery has-nested-images columns-default is-cropped wp-block-gallery-2 is-layout-flex wp-block-gallery-is-layout-flex\"> <figure class=\"wp-block-image size-large\"><img loading=\"lazy\" decoding=\"async\" width=\"720\" height=\"540\" data-id=\"84\" src=\"https:\/\/incensemachinery.com\/wp-content\/uploads\/2022\/08\/commercial-backflow-incense-cone-maker-for-sale.webp\" alt=\"geri ak\u0131\u015f t\u00fcts\u00fc konisi yapma makinesi \" class=\"wp-image-84\" srcset=\"https:\/\/incensemachinery.com\/wp-content\/uploads\/2022\/08\/commercial-backflow-incense-cone-maker-for-sale.webp 720w, https:\/\/incensemachinery.com\/wp-content\/uploads\/2022\/08\/commercial-backflow-incense-cone-maker-for-sale-300x225.webp 300w\" sizes=\"auto, (max-width: 720px) 100vw, 720px\" \/><figcaption class=\"wp-element-caption\">sat\u0131l\u0131k ticari geri ak\u0131\u015f t\u00fcts\u00fc konisi \u00fcreticisi<\/figcaption><\/figure>    <figure class=\"wp-block-image size-large\"><img loading=\"lazy\" decoding=\"async\" width=\"720\" height=\"540\" data-id=\"85\" src=\"https:\/\/incensemachinery.com\/wp-content\/uploads\/2022\/08\/waterfall-incense-cone.webp\" alt=\"\u015felale t\u00fcts\u00fc konisi\" class=\"wp-image-85\" srcset=\"https:\/\/incensemachinery.com\/wp-content\/uploads\/2022\/08\/waterfall-incense-cone.webp 720w, https:\/\/incensemachinery.com\/wp-content\/uploads\/2022\/08\/waterfall-incense-cone-300x225.webp 300w\" sizes=\"auto, (max-width: 720px) 100vw, 720px\" \/><figcaption class=\"wp-element-caption\">\u015felale t\u00fcts\u00fc konisi<\/figcaption><\/figure> <\/figure>    <h2 class=\"wp-block-heading\" id=\"h-what-are-backflow-incense-cones\">Geri ak\u0131\u015fl\u0131 t\u00fcts\u00fc konileri nelerdir?<\/h2>    <p>Geri ak\u0131\u015fl\u0131 dhoop konileri olarak da bilinen geri ak\u0131\u015fl\u0131 t\u00fcts\u00fc, genellikle merkezi bir deli\u011fe sahip koni \u015feklinde veya kule \u015feklinde bir t\u00fcts\u00fc konisidir. S\u0131radan t\u00fcts\u00fclerden farkl\u0131 olarak bu benzersiz t\u00fcts\u00fc konisi, yak\u0131ld\u0131\u011f\u0131nda genellikle alttaki delikten d\u0131\u015far\u0131 akan, \u015felaleye benzeyen bir duman \u00fcretir. Bu nedenle geri ak\u0131\u015fl\u0131 t\u00fcts\u00fclere \u015felale t\u00fcts\u00fc konileri de denilmektedir.<\/p>    <p class=\"translation-block\">Bu t\u00fcts\u00fcn\u00fcn ve <strong>normal t\u00fcts\u00fc koni makinesiyle yap\u0131lan koni t\u00fcts\u00fcs\u00fcn\u00fcn<\/strong> tek fark\u0131, merkezde bir delik bulunmas\u0131d\u0131r.<\/p>    <figure class=\"wp-block-gallery has-nested-images columns-default is-cropped wp-block-gallery-3 is-layout-flex wp-block-gallery-is-layout-flex\"> <figure class=\"wp-block-image size-large\"><img loading=\"lazy\" decoding=\"async\" width=\"720\" height=\"540\" data-id=\"86\" src=\"https:\/\/incensemachinery.com\/wp-content\/uploads\/2022\/08\/Backflow-Cones-Incense.webp\" alt=\"Geri Ak\u0131\u015f Konileri T\u00fcts\u00fc\" class=\"wp-image-86\" srcset=\"https:\/\/incensemachinery.com\/wp-content\/uploads\/2022\/08\/Backflow-Cones-Incense.webp 720w, https:\/\/incensemachinery.com\/wp-content\/uploads\/2022\/08\/Backflow-Cones-Incense-300x225.webp 300w\" sizes=\"auto, (max-width: 720px) 100vw, 720px\" \/><figcaption class=\"wp-element-caption\">Geri Ak\u0131\u015f Konileri T\u00fcts\u00fc<\/figcaption><\/figure>    <figure class=\"wp-block-image size-large\"><img loading=\"lazy\" decoding=\"async\" width=\"720\" height=\"540\" data-id=\"88\" src=\"https:\/\/incensemachinery.com\/wp-content\/uploads\/2022\/08\/waterfall-cones-burning.webp\" alt=\"\u015felale konileri yan\u0131yor\" class=\"wp-image-88\" srcset=\"https:\/\/incensemachinery.com\/wp-content\/uploads\/2022\/08\/waterfall-cones-burning.webp 720w, https:\/\/incensemachinery.com\/wp-content\/uploads\/2022\/08\/waterfall-cones-burning-300x225.webp 300w\" sizes=\"auto, (max-width: 720px) 100vw, 720px\" \/><figcaption class=\"wp-element-caption\">\u015felale konileri yan\u0131yor<\/figcaption><\/figure> <\/figure>    <h2 class=\"wp-block-heading\" id=\"h-how-does-the-incense-waterfall-work\">T\u00fcts\u00fc \u015felalesi nas\u0131l \u00e7al\u0131\u015f\u0131r?<\/h2>    <p>S\u0131k s\u0131k geri ak\u0131\u015fl\u0131 t\u00fcts\u00fc duman\u0131n\u0131n a\u015fa\u011f\u0131ya do\u011fru s\u00fcr\u00fcklendi\u011fini g\u00f6r\u00fcyoruz, bu neden? Ters t\u00fcts\u00fc sifonlama prensibini kullan\u0131r. Geri ak\u0131\u015fl\u0131 t\u00fcts\u00fc \u00fcst k\u0131s\u0131mda yanarken, olu\u015fan duman daha uzun delikler arac\u0131l\u0131\u011f\u0131yla kademeli olarak so\u011futulur. Bu durumda duman da daha b\u00fcy\u00fck ve daha yo\u011fun olur ve \u00e7\u0131k\u0131\u015ftan \u00e7\u0131kt\u0131\u011f\u0131nda duman d\u0131\u015far\u0131daki havadan biraz daha yo\u011fun olur, dolay\u0131s\u0131yla do\u011fal olarak a\u015fa\u011f\u0131 do\u011fru akar ve sonunda geri ak\u0131\u015f olgusuna neden olur.<\/p>    <p class=\"translation-block\">Ayr\u0131ca, \u00f6zel t\u00fcts\u00fc kulelerinde <strong>ters t\u00fcts\u00fc yak\u0131c\u0131lar<\/strong> kullan\u0131l\u0131r; \u00e7o\u011fu konik bo\u015f tiptedir. Bu t\u00fcts\u00fc yak\u0131c\u0131s\u0131, t\u00fcts\u00fcy\u00fc s\u0131cak havadan izole ederek i\u00e7erde kilitleyerek so\u011futur. Duman, hava'dan a\u011f\u0131r oldu\u011fundan zemine iner ve t\u00fcts\u00fc s\u00fctunun taban\u0131ndaki k\u00fc\u00e7\u00fck deliklerden akar, g\u00f6rd\u00fc\u011f\u00fcm\u00fcz ters duman ak\u0131\u015f\u0131n\u0131 olu\u015fturur.<\/p>    <figure class=\"wp-block-gallery has-nested-images columns-default is-cropped wp-block-gallery-4 is-layout-flex wp-block-gallery-is-layout-flex\"> <figure class=\"wp-block-image size-large\"><img loading=\"lazy\" decoding=\"async\" width=\"720\" height=\"540\" data-id=\"91\" src=\"https:\/\/incensemachinery.com\/wp-content\/uploads\/2022\/08\/reverse-flow-incense-burner.webp\" alt=\"ters ak\u0131\u015fl\u0131 t\u00fcts\u00fc br\u00fcl\u00f6r\" class=\"wp-image-91\" srcset=\"https:\/\/incensemachinery.com\/wp-content\/uploads\/2022\/08\/reverse-flow-incense-burner.webp 720w, https:\/\/incensemachinery.com\/wp-content\/uploads\/2022\/08\/reverse-flow-incense-burner-300x225.webp 300w\" sizes=\"auto, (max-width: 720px) 100vw, 720px\" \/><figcaption class=\"wp-element-caption\">ters ak\u0131\u015fl\u0131 t\u00fcts\u00fc br\u00fcl\u00f6r<\/figcaption><\/figure>    <figure class=\"wp-block-image size-large\"><img loading=\"lazy\" decoding=\"async\" width=\"720\" height=\"540\" data-id=\"90\" src=\"https:\/\/incensemachinery.com\/wp-content\/uploads\/2022\/08\/backflow-dhoop-cones-use.webp\" alt=\"geri ak\u0131\u015fl\u0131 dhoop konileri kullan\u0131m\u0131\" class=\"wp-image-90\" srcset=\"https:\/\/incensemachinery.com\/wp-content\/uploads\/2022\/08\/backflow-dhoop-cones-use.webp 720w, https:\/\/incensemachinery.com\/wp-content\/uploads\/2022\/08\/backflow-dhoop-cones-use-300x225.webp 300w\" sizes=\"auto, (max-width: 720px) 100vw, 720px\" \/><figcaption class=\"wp-element-caption\">geri ak\u0131\u015fl\u0131 dhoop konileri kullan\u0131m\u0131<\/figcaption><\/figure>    <figure class=\"wp-block-image size-large\"><img loading=\"lazy\" decoding=\"async\" width=\"720\" height=\"540\" data-id=\"87\" src=\"https:\/\/incensemachinery.com\/wp-content\/uploads\/2022\/08\/backflow-cones-with-waterfall-effect.webp\" alt=\"\u015felale efektli geri ak\u0131\u015f konileri\" class=\"wp-image-87\" srcset=\"https:\/\/incensemachinery.com\/wp-content\/uploads\/2022\/08\/backflow-cones-with-waterfall-effect.webp 720w, https:\/\/incensemachinery.com\/wp-content\/uploads\/2022\/08\/backflow-cones-with-waterfall-effect-300x225.webp 300w\" sizes=\"auto, (max-width: 720px) 100vw, 720px\" \/><figcaption class=\"wp-element-caption\">\u015felale efektli geri ak\u0131\u015f konileri<\/figcaption><\/figure> <\/figure>    <h2 class=\"wp-block-heading\" id=\"h-common-ingredients-to-make-backflow-incense-cones\">Geri ak\u0131\u015fl\u0131 t\u00fcts\u00fc konileri yapmak i\u00e7in ortak malzemeler<\/h2>    <p>D\u00f6kme t\u00fcts\u00fc \u00fcretimi di\u011fer t\u00fcts\u00fc t\u00fcrlerine benzer; temel bile\u015fenler olarak sak\u0131z tozu, odun tozu, baharatlar ve belirli miktarda yanmaya yard\u0131mc\u0131 maddeler kullan\u0131l\u0131r. <\/p>    <p>Bununla birlikte, bile\u015fenlerin kar\u0131\u015f\u0131m\u0131 ki\u015fiden ki\u015fiye de\u011fi\u015fir ve farkl\u0131 m\u00fc\u015fterilerin farkl\u0131 gereksinimleri vard\u0131r. Ters t\u00fcts\u00fc yak\u0131larak \u00fcretilen koku, hammaddeye eklenen baharatlar veya aromatik maddeler taraf\u0131ndan belirlenir. Yayg\u0131n baharatlar aras\u0131nda t\u00fcts\u00fc, pelin, selvi ve sandal a\u011fac\u0131 bulunur.<\/p>    <h2 class=\"wp-block-heading\" id=\"h-how-to-make-backflow-incense-cones\">\u0130yi geri ak\u0131\u015fl\u0131 t\u00fcts\u00fc konileri nas\u0131l yap\u0131l\u0131r?<\/h2>    <p>Farkl\u0131 \u015fekillerdeki \u015felale t\u00fcts\u00fc konilerinin \u00fcretimi genellikle \u00f6zel bir geri ak\u0131\u015fl\u0131 t\u00fcts\u00fc \u015fekillendirme makinesinin kullan\u0131lmas\u0131n\u0131 gerektirir. Bu ticari geri ak\u0131\u015fl\u0131 t\u00fcts\u00fc konisi yapma makinesi, iyi kar\u0131\u015ft\u0131r\u0131lm\u0131\u015f t\u00fcts\u00fc tozunu h\u0131zl\u0131 bir \u015fekilde kat\u0131 \u015feritler halinde s\u0131k\u0131\u015ft\u0131rmak i\u00e7in \u015fekillendirme kal\u0131plar\u0131 paketlerine sahiptir. <\/p>    <p>Geri ak\u0131\u015f konileri daha sonra kal\u0131plar\u0131n hassas \u015fekillendirilmesiyle \u015fekillendirilir. \u015eelale t\u00fcts\u00fc konisi yapma makinesi, p\u00fcr\u00fczs\u00fcz bir y\u00fczeye ve deformasyona ve k\u0131r\u0131lmaya kar\u015f\u0131 dayan\u0131kl\u0131, sert bir y\u00fczeye sahip, e\u015fit boyutlu t\u00fcts\u00fc konileri \u00fcretir.<\/p>    <figure class=\"wp-block-gallery has-nested-images columns-default is-cropped wp-block-gallery-5 is-layout-flex wp-block-gallery-is-layout-flex\"> <figure class=\"wp-block-image size-large\"><img loading=\"lazy\" decoding=\"async\" width=\"720\" height=\"540\" data-id=\"225\" src=\"https:\/\/incensemachinery.com\/wp-content\/uploads\/2022\/08\/complete-set-of-backflow-cone-machine.webp\" alt=\"komple geri ak\u0131\u015fl\u0131 koni makinesi seti\" class=\"wp-image-225\" srcset=\"https:\/\/incensemachinery.com\/wp-content\/uploads\/2022\/08\/complete-set-of-backflow-cone-machine.webp 720w, https:\/\/incensemachinery.com\/wp-content\/uploads\/2022\/08\/complete-set-of-backflow-cone-machine-300x225.webp 300w\" sizes=\"auto, (max-width: 720px) 100vw, 720px\" \/><figcaption class=\"wp-element-caption\">komple geri ak\u0131\u015fl\u0131 koni makinesi seti<\/figcaption><\/figure>    <figure class=\"wp-block-image size-large\"><img loading=\"lazy\" decoding=\"async\" width=\"720\" height=\"540\" data-id=\"227\" src=\"https:\/\/incensemachinery.com\/wp-content\/uploads\/2022\/08\/waterfall-incense-cones-maker-mahine-1.webp\" alt=\"\u015felale t\u00fcts\u00fc konileri makinesi mahine\" class=\"wp-image-227\" srcset=\"https:\/\/incensemachinery.com\/wp-content\/uploads\/2022\/08\/waterfall-incense-cones-maker-mahine-1.webp 720w, https:\/\/incensemachinery.com\/wp-content\/uploads\/2022\/08\/waterfall-incense-cones-maker-mahine-1-300x225.webp 300w\" sizes=\"auto, (max-width: 720px) 100vw, 720px\" \/><figcaption class=\"wp-element-caption\">\u015felale t\u00fcts\u00fc konileri makinesi mahine<\/figcaption><\/figure> <\/figure>    <h2 class=\"wp-block-heading\" id=\"h-backflow-incense-cone-making-machine-advantages\">Geri ak\u0131\u015fl\u0131 t\u00fcts\u00fc konisi yapma makinesi avantajlar\u0131<\/h2>    <ul class=\"wp-block-list\"> <li>Geri ak\u0131\u015fl\u0131 dhoop koni yapma makinesi, \u00f6nceden monte edilmi\u015f ve kurulum gerektirmeden kullan\u0131ma haz\u0131r olarak teslim edilir. Ayr\u0131ca, i\u015flem h\u0131z\u0131n\u0131 ayarlaman\u0131za olanak tan\u0131yan operat\u00f6r paneliyle makinenin kullan\u0131m\u0131 olduk\u00e7a kolayd\u0131r. Fabrikam\u0131z ayr\u0131ca m\u00fc\u015fterilerimize, bunlar\u0131 kullanman\u0131n do\u011fru yolunu h\u0131zl\u0131 bir \u015fekilde \u00f6\u011frenmelerine yard\u0131mc\u0131 olmak i\u00e7in \u0130ngilizce olarak ayr\u0131nt\u0131l\u0131 kullan\u0131m talimatlar\u0131 ve ayr\u0131nt\u0131l\u0131 e\u011fitim videolar\u0131 da g\u00f6ndermektedir.<\/li>    <li>Geri ak\u0131\u015f t\u00fcts\u00fc koni makinesi, pagodalar, \u015fi\u015feler, koniler, yaz\u0131lar, desenler ve logolar gibi kal\u0131plarla \u00f6zelle\u015ftirilebilir. Tamamlanm\u0131\u015f \u00fcr\u00fcnlerin \u00e7aplar\u0131 ve uzunluklar\u0131 da m\u00fc\u015fterinin ihtiya\u00e7lar\u0131na g\u00f6re \u00f6zelle\u015ftirilebilir.<\/li> <\/ul>    <figure class=\"wp-block-gallery has-nested-images columns-2 is-cropped wp-block-gallery-6 is-layout-flex wp-block-gallery-is-layout-flex\"> <figure class=\"wp-block-image size-large\"><img loading=\"lazy\" decoding=\"async\" width=\"720\" height=\"540\" data-id=\"94\" src=\"https:\/\/incensemachinery.com\/wp-content\/uploads\/2022\/08\/tower-shape-backflow-incense-cone.webp\" alt=\"kule \u015fekli geri ak\u0131\u015f t\u00fcts\u00fc konisi\" class=\"wp-image-94\" srcset=\"https:\/\/incensemachinery.com\/wp-content\/uploads\/2022\/08\/tower-shape-backflow-incense-cone.webp 720w, https:\/\/incensemachinery.com\/wp-content\/uploads\/2022\/08\/tower-shape-backflow-incense-cone-300x225.webp 300w\" sizes=\"auto, (max-width: 720px) 100vw, 720px\" \/><figcaption class=\"wp-element-caption\">kule \u015fekli geri ak\u0131\u015f t\u00fcts\u00fc konisi<\/figcaption><\/figure>    <figure class=\"wp-block-image size-large\"><img loading=\"lazy\" decoding=\"async\" width=\"720\" height=\"540\" data-id=\"83\" src=\"https:\/\/incensemachinery.com\/wp-content\/uploads\/2022\/08\/backflow-cones-with-different-shapes.webp\" alt=\"farkl\u0131 \u015fekillerde geri ak\u0131\u015f konileri\" class=\"wp-image-83\" srcset=\"https:\/\/incensemachinery.com\/wp-content\/uploads\/2022\/08\/backflow-cones-with-different-shapes.webp 720w, https:\/\/incensemachinery.com\/wp-content\/uploads\/2022\/08\/backflow-cones-with-different-shapes-300x225.webp 300w\" sizes=\"auto, (max-width: 720px) 100vw, 720px\" \/><figcaption class=\"wp-element-caption\">farkl\u0131 \u015fekillerde geri ak\u0131\u015f konileri<\/figcaption><\/figure>    <figure class=\"wp-block-image size-large\"><img loading=\"lazy\" decoding=\"async\" width=\"720\" height=\"540\" data-id=\"93\" src=\"https:\/\/incensemachinery.com\/wp-content\/uploads\/2022\/08\/bulk-back-flow-cones-production.webp\" alt=\"toplu geri ak\u0131\u015f konileri \u00fcretimi\" class=\"wp-image-93\" srcset=\"https:\/\/incensemachinery.com\/wp-content\/uploads\/2022\/08\/bulk-back-flow-cones-production.webp 720w, https:\/\/incensemachinery.com\/wp-content\/uploads\/2022\/08\/bulk-back-flow-cones-production-300x225.webp 300w\" sizes=\"auto, (max-width: 720px) 100vw, 720px\" \/><figcaption class=\"wp-element-caption\">toplu geri ak\u0131\u015f konileri \u00fcretimi<\/figcaption><\/figure>    <figure class=\"wp-block-image size-large\"><img loading=\"lazy\" decoding=\"async\" width=\"720\" height=\"540\" data-id=\"92\" src=\"https:\/\/incensemachinery.com\/wp-content\/uploads\/2022\/08\/backflow-cone-shapes-design.webp\" alt=\"geri ak\u0131\u015f konisi \u015fekilleri tasar\u0131m\u0131\" class=\"wp-image-92\" srcset=\"https:\/\/incensemachinery.com\/wp-content\/uploads\/2022\/08\/backflow-cone-shapes-design.webp 720w, https:\/\/incensemachinery.com\/wp-content\/uploads\/2022\/08\/backflow-cone-shapes-design-300x225.webp 300w\" sizes=\"auto, (max-width: 720px) 100vw, 720px\" \/><figcaption class=\"wp-element-caption\">geri ak\u0131\u015f konisi \u015fekilleri tasar\u0131m\u0131<\/figcaption><\/figure> <\/figure>    <h2 class=\"wp-block-heading\" id=\"h-parameters-of-waterfall-incense-cone-maker\">\u015eelale t\u00fcts\u00fc konisi yap\u0131c\u0131n\u0131n parametreleri<\/h2>    <figure class=\"wp-block-table\"><table><tbody><tr><td>Modeli<\/td><td>SL-ZX-2<\/td><\/tr><tr><td>G\u00fc\u00e7<\/td><td>3kw<\/td><\/tr><tr><td>Hava kompres\u00f6r\u00fc<\/td><td>1,5 kW<\/td><\/tr><tr><td>Gerilim<\/td><td>220\/380v<\/td><\/tr><tr><td>A\u011f\u0131rl\u0131k<\/td><td>800kg<\/td><\/tr><tr><td>Kapasite<\/td><td>200-250kg\/saat<\/td><\/tr><tr><td>Boyut<\/td><td>2,3*1,8*0,9 m<\/td><\/tr><\/tbody><\/table><\/figure>   <div class=\"wp-block-image\"> <figure class=\"aligncenter size-full\"><img loading=\"lazy\" decoding=\"async\" width=\"540\" height=\"720\" src=\"https:\/\/incensemachinery.com\/wp-content\/uploads\/2022\/08\/backflow-incense-cone-machine.webp\" alt=\"geri ak\u0131\u015f t\u00fcts\u00fc konisi makinesi\" class=\"wp-image-80\" srcset=\"https:\/\/incensemachinery.com\/wp-content\/uploads\/2022\/08\/backflow-incense-cone-machine.webp 540w, https:\/\/incensemachinery.com\/wp-content\/uploads\/2022\/08\/backflow-incense-cone-machine-225x300.webp 225w\" sizes=\"auto, (max-width: 540px) 100vw, 540px\" \/><figcaption class=\"wp-element-caption\">geri ak\u0131\u015f t\u00fcts\u00fc konisi makinesi<\/figcaption><\/figure> <\/div>   <h2 class=\"wp-block-heading\">Geri ak\u0131\u015f t\u00fcts\u00fc konisi makinesi makinesi videosu<\/h2>    <figure class=\"wp-block-embed is-type-video is-provider-youtube wp-block-embed-youtube wp-embed-aspect-16-9 wp-has-aspect-ratio\"><div class=\"wp-block-embed__wrapper\"> <iframe loading=\"lazy\" title=\"Geri Ak\u0131\u015f T\u00fcts\u00fc Koni Yapma Makinesi | T\u00fcts\u00fc makinesi ile \u015felale t\u00fcts\u00fc k\u00fclahlar\u0131 nas\u0131l yap\u0131l\u0131r?\" width=\"500\" height=\"281\" src=\"https:\/\/www.youtube.com\/embed\/DUIzkE9ElqM?feature=oembed\" frameborder=\"0\" allow=\"accelerometer; autoplay; clipboard-write; encrypted-media; gyroscope; picture-in-picture; web-share\" referrerpolicy=\"strict-origin-when-cross-origin\" allowfullscreen><\/iframe> <\/div><\/figure>","protected":false},"excerpt":{"rendered":"<p>The continuous backflow incense cone making machine is used for the production of various incense cones with central holes or pagoda-shaped incense with various types of engraving. The automatic waterfall incense cones maker machine can be used to produce backflow incense cones of various sizes by changing the molds. Of course, we can also use [&hellip;]<\/p>\n","protected":false},"author":1,"featured_media":79,"parent":0,"template":"","tags":[14],"product-type":[4],"class_list":["post-78","product","type-product","status-publish","has-post-thumbnail","hentry","tag-cone-incense","product-type-incense-making-machine"],"_links":{"self":[{"href":"https:\/\/incensemachinery.com\/tr\/wp-json\/wp\/v2\/product\/78","targetHints":{"allow":["GET"]}}],"collection":[{"href":"https:\/\/incensemachinery.com\/tr\/wp-json\/wp\/v2\/product"}],"about":[{"href":"https:\/\/incensemachinery.com\/tr\/wp-json\/wp\/v2\/types\/product"}],"author":[{"embeddable":true,"href":"https:\/\/incensemachinery.com\/tr\/wp-json\/wp\/v2\/users\/1"}],"wp:featuredmedia":[{"embeddable":true,"href":"https:\/\/incensemachinery.com\/tr\/wp-json\/wp\/v2\/media\/79"}],"wp:attachment":[{"href":"https:\/\/incensemachinery.com\/tr\/wp-json\/wp\/v2\/media?parent=78"}],"wp:term":[{"taxonomy":"post_tag","embeddable":true,"href":"https:\/\/incensemachinery.com\/tr\/wp-json\/wp\/v2\/tags?post=78"},{"taxonomy":"product-type","embeddable":true,"href":"https:\/\/incensemachinery.com\/tr\/wp-json\/wp\/v2\/product-type?post=78"}],"curies":[{"name":"wp","href":"https:\/\/api.w.org\/{rel}","templated":true}]}}