{"id":49,"date":"2022-08-03T07:13:17","date_gmt":"2022-08-03T07:13:17","guid":{"rendered":"https:\/\/incensemachinery.com\/?post_type=product&#038;p=49"},"modified":"2026-04-17T17:00:54","modified_gmt":"2026-04-17T09:00:54","slug":"dhoop-incense-cone-making-machine","status":"publish","type":"product","link":"https:\/\/incensemachinery.com\/tr\/product\/dhoop-incense-cone-making-machine\/","title":{"rendered":"T\u00fcts\u00fc Koni Yapma Makinesi | Renkli Dhoop Koni Makinesi"},"content":{"rendered":"<div class=\"kk-star-ratings kksr-auto kksr-align-left kksr-valign-top\"     data-payload='{&quot;align&quot;:&quot;left&quot;,&quot;id&quot;:&quot;49&quot;,&quot;slug&quot;:&quot;default&quot;,&quot;valign&quot;:&quot;top&quot;,&quot;ignore&quot;:&quot;&quot;,&quot;reference&quot;:&quot;auto&quot;,&quot;class&quot;:&quot;&quot;,&quot;count&quot;:&quot;16&quot;,&quot;legendonly&quot;:&quot;&quot;,&quot;readonly&quot;:&quot;&quot;,&quot;score&quot;:&quot;4.6&quot;,&quot;starsonly&quot;:&quot;&quot;,&quot;best&quot;:&quot;5&quot;,&quot;gap&quot;:&quot;5&quot;,&quot;greet&quot;:&quot;Rate this product&quot;,&quot;legend&quot;:&quot;4.6\\\/5 - (16 votes)&quot;,&quot;size&quot;:&quot;24&quot;,&quot;title&quot;:&quot;Incense Cone Making Machine | Colourful Dhoop Cone Machine&quot;,&quot;width&quot;:&quot;130.9&quot;,&quot;_legend&quot;:&quot;{score}\\\/{best} - ({count} {votes})&quot;,&quot;font_factor&quot;:&quot;1.25&quot;}'>              <div class=\"kksr-stars\">      <div class=\"kksr-stars-inactive\">             <div class=\"kksr-star\" data-star=\"1\" style=\"padding-right: 5px\">               <div class=\"kksr-icon\" style=\"width: 24px; height: 24px;\"><\/div>         <\/div>             <div class=\"kksr-star\" data-star=\"2\" style=\"padding-right: 5px\">               <div class=\"kksr-icon\" style=\"width: 24px; height: 24px;\"><\/div>         <\/div>             <div class=\"kksr-star\" data-star=\"3\" style=\"padding-right: 5px\">               <div class=\"kksr-icon\" style=\"width: 24px; height: 24px;\"><\/div>         <\/div>             <div class=\"kksr-star\" data-star=\"4\" style=\"padding-right: 5px\">               <div class=\"kksr-icon\" style=\"width: 24px; height: 24px;\"><\/div>         <\/div>             <div class=\"kksr-star\" data-star=\"5\" style=\"padding-right: 5px\">               <div class=\"kksr-icon\" style=\"width: 24px; height: 24px;\"><\/div>         <\/div>     <\/div>      <div class=\"kksr-stars-active\" style=\"width: 130.9px;\">             <div class=\"kksr-star\" style=\"padding-right: 5px\">               <div class=\"kksr-icon\" style=\"width: 24px; height: 24px;\"><\/div>         <\/div>             <div class=\"kksr-star\" style=\"padding-right: 5px\">               <div class=\"kksr-icon\" style=\"width: 24px; height: 24px;\"><\/div>         <\/div>             <div class=\"kksr-star\" style=\"padding-right: 5px\">               <div class=\"kksr-icon\" style=\"width: 24px; height: 24px;\"><\/div>         <\/div>             <div class=\"kksr-star\" style=\"padding-right: 5px\">               <div class=\"kksr-icon\" style=\"width: 24px; height: 24px;\"><\/div>         <\/div>             <div class=\"kksr-star\" style=\"padding-right: 5px\">               <div class=\"kksr-icon\" style=\"width: 24px; height: 24px;\"><\/div>         <\/div>     <\/div> <\/div>                   <div class=\"kksr-legend\" style=\"font-size: 19.2px;\">             4.6\/5 - (16 oy)    <\/div>     <\/div>  <p>Bu ticari koni t\u00fcts\u00fc yap\u0131m makinesi, \u00e7e\u015fitli konik t\u00fcts\u00fc konilerini i\u015flemek i\u00e7in kullan\u0131l\u0131r. Koni t\u00fcts\u00fc kal\u0131plar\u0131n\u0131 de\u011fi\u015ftirerek, makine farkl\u0131 \u00e7ap ve uzunluktaki t\u00fcts\u00fc konilerini i\u015fleyebilir. Dhoop koni makinesi, dakikada 30-240 koni kapasitesine sahiptir ve \u00fcretim ihtiya\u00e7lar\u0131na g\u00f6re i\u015flem h\u0131z\u0131 ayarlanabilir.<\/p>    <figure class=\"wp-block-gallery has-nested-images columns-default is-cropped wp-block-gallery-2 is-layout-flex wp-block-gallery-is-layout-flex\"> <figure class=\"wp-block-image size-large\"><img loading=\"lazy\" decoding=\"async\" width=\"720\" height=\"540\" data-id=\"59\" src=\"https:\/\/incensemachinery.com\/wp-content\/uploads\/2022\/08\/tower-incense-machine-1.webp\" alt=\"kule t\u00fcts\u00fc makinesi\" class=\"wp-image-59\" srcset=\"https:\/\/incensemachinery.com\/wp-content\/uploads\/2022\/08\/tower-incense-machine-1.webp 720w, https:\/\/incensemachinery.com\/wp-content\/uploads\/2022\/08\/tower-incense-machine-1-300x225.webp 300w\" sizes=\"auto, (max-width: 720px) 100vw, 720px\" \/><figcaption class=\"wp-element-caption\">kule t\u00fcts\u00fc makinesi<\/figcaption><\/figure>    <figure class=\"wp-block-image size-large\"><img loading=\"lazy\" decoding=\"async\" width=\"720\" height=\"540\" data-id=\"58\" src=\"https:\/\/incensemachinery.com\/wp-content\/uploads\/2022\/08\/incense-cones.webp\" alt=\"\" class=\"wp-image-58\" srcset=\"https:\/\/incensemachinery.com\/wp-content\/uploads\/2022\/08\/incense-cones.webp 720w, https:\/\/incensemachinery.com\/wp-content\/uploads\/2022\/08\/incense-cones-300x225.webp 300w\" sizes=\"auto, (max-width: 720px) 100vw, 720px\" \/><\/figure> <\/figure>    <h2 class=\"wp-block-heading\">T\u00fcts\u00fc konileri nelerdir?<\/h2>    <p class=\"translation-block\">T\u00fcts\u00fc konileri, kule t\u00fcts\u00fc veya <strong>dhoop konileri<\/strong> olarak da bilinir, konik \u015fekilli t\u00fcts\u00fc t\u00fcr\u00fcd\u00fcr. Bu benzersiz t\u00fcts\u00fc, ah\u015fap tozu, \u00e7e\u015fitli baharatlar, sak\u0131z tozu ve su kar\u0131\u015ft\u0131r\u0131larak ekstr\u00fcde edilerek yap\u0131l\u0131r. Bu koni t\u00fcts\u00fc, di\u011fer t\u00fcts\u00fc t\u00fcrlerine \u00e7ok benzedi\u011fi gibi, aromaterapi veya Budist t\u00fcts\u00fc olarak kullan\u0131lmak \u00fczere yak\u0131labilir.<\/p>    <p class=\"translation-block\">Son y\u0131llarda, bu k\u00fc\u00e7\u00fck ve ta\u015f\u0131nabilir t\u00fcts\u00fc konileri, \u00f6zellikle \u00e7al\u0131\u015fma odalar\u0131 ve \u00e7ay odalar\u0131nda i\u00e7 mekan t\u00fcts\u00fcs\u00fc olarak kullan\u0131lmaktad\u0131r. Ayr\u0131ca, bu t\u00fcts\u00fc, m\u00fc\u015fteri taleplerine g\u00f6re farkl\u0131 uzunluk ve \u00e7aplarda konilere i\u015flenebilir. Bu d\u00fczenli t\u00fcts\u00fc konileri, delik a\u00e7\u0131lm\u0131\u015f t\u00fcts\u00fc konilerinden farkl\u0131d\u0131r.<\/p>    <figure class=\"wp-block-gallery has-nested-images columns-default is-cropped wp-block-gallery-3 is-layout-flex wp-block-gallery-is-layout-flex\"> <figure class=\"wp-block-image size-large\"><img loading=\"lazy\" decoding=\"async\" width=\"720\" height=\"540\" data-id=\"60\" src=\"https:\/\/incensemachinery.com\/wp-content\/uploads\/2022\/08\/Religious-Incense-Cones.webp\" alt=\"Dini T\u00fcts\u00fc Konileri\" class=\"wp-image-60\" srcset=\"https:\/\/incensemachinery.com\/wp-content\/uploads\/2022\/08\/Religious-Incense-Cones.webp 720w, https:\/\/incensemachinery.com\/wp-content\/uploads\/2022\/08\/Religious-Incense-Cones-300x225.webp 300w\" sizes=\"auto, (max-width: 720px) 100vw, 720px\" \/><figcaption class=\"wp-element-caption\">Dini T\u00fcts\u00fc Konileri<\/figcaption><\/figure>    <figure class=\"wp-block-image size-large\"><img loading=\"lazy\" decoding=\"async\" width=\"720\" height=\"540\" data-id=\"61\" src=\"https:\/\/incensemachinery.com\/wp-content\/uploads\/2022\/08\/small-cone-incense.webp\" alt=\"k\u00fc\u00e7\u00fck koni t\u00fcts\u00fc\" class=\"wp-image-61\" srcset=\"https:\/\/incensemachinery.com\/wp-content\/uploads\/2022\/08\/small-cone-incense.webp 720w, https:\/\/incensemachinery.com\/wp-content\/uploads\/2022\/08\/small-cone-incense-300x225.webp 300w\" sizes=\"auto, (max-width: 720px) 100vw, 720px\" \/><figcaption class=\"wp-element-caption\">k\u00fc\u00e7\u00fck koni t\u00fcts\u00fc<\/figcaption><\/figure> <\/figure>    <h2 class=\"wp-block-heading\">Dhoop koni t\u00fcts\u00fc uygulamalar\u0131<\/h2>    <p>Dhoop t\u00fcts\u00fc konileri \u00e7ok y\u00f6nl\u00fcd\u00fcr ve tap\u0131naklarda dini t\u00fcts\u00fc olarak kullan\u0131labilir, ayr\u0131ca t\u00fcm i\u00e7 mekan t\u00fcts\u00fcleri i\u00e7in en yayg\u0131n kullan\u0131m \u015feklidir. \u00c7\u00fcnk\u00fc, t\u00fcts\u00fc konilerinin i\u015flenmesinde farkl\u0131 kokular ekleyerek \u00e7e\u015fitli aromalar yaratabiliriz. Bu t\u00fcts\u00fc konileri \u015fu anda \u00e7al\u0131\u015fmalar, \u00e7ayevleri, salonlar, yatak odalar\u0131, banyolar ve di\u011fer yerlerde kullan\u0131lmaktad\u0131r.<\/p>   <div class=\"wp-block-image\"> <figure class=\"aligncenter size-full\"><img loading=\"lazy\" decoding=\"async\" width=\"720\" height=\"540\" src=\"https:\/\/incensemachinery.com\/wp-content\/uploads\/2022\/08\/incense-cones-burning.webp\" alt=\"t\u00fcts\u00fc konileri yan\u0131yor\" class=\"wp-image-62\" srcset=\"https:\/\/incensemachinery.com\/wp-content\/uploads\/2022\/08\/incense-cones-burning.webp 720w, https:\/\/incensemachinery.com\/wp-content\/uploads\/2022\/08\/incense-cones-burning-300x225.webp 300w\" sizes=\"auto, (max-width: 720px) 100vw, 720px\" \/><figcaption class=\"wp-element-caption\">t\u00fcts\u00fc konileri yan\u0131yor<\/figcaption><\/figure> <\/div>   <h2 class=\"wp-block-heading\">Bir koni t\u00fcts\u00fc makinesiyle t\u00fcts\u00fc konileri nas\u0131l yap\u0131l\u0131r?<\/h2>    <p>Genellikle, koni t\u00fcts\u00fc \u00fcretimi manuel olarak yap\u0131labilir. Ancak, dhoop t\u00fcts\u00fc konilerinin seri \u00fcretimi, ticari olarak temin edilebilen bir koni t\u00fcts\u00fc makinesi kullanmay\u0131 gerektirir. Dhoop koni makinesi ile t\u00fcts\u00fc konisi i\u015fleme s\u00fcreci de basittir.<\/p>    <figure class=\"wp-block-gallery has-nested-images columns-3 is-cropped wp-block-gallery-4 is-layout-flex wp-block-gallery-is-layout-flex\"> <figure class=\"wp-block-image size-large\"><img loading=\"lazy\" decoding=\"async\" width=\"720\" height=\"540\" data-id=\"63\" src=\"https:\/\/incensemachinery.com\/wp-content\/uploads\/2022\/08\/Religious-Incense-Cones-maker-1.webp\" alt=\"Dini T\u00fcts\u00fc Konileri yap\u0131mc\u0131s\u0131\" class=\"wp-image-63\" srcset=\"https:\/\/incensemachinery.com\/wp-content\/uploads\/2022\/08\/Religious-Incense-Cones-maker-1.webp 720w, https:\/\/incensemachinery.com\/wp-content\/uploads\/2022\/08\/Religious-Incense-Cones-maker-1-300x225.webp 300w\" sizes=\"auto, (max-width: 720px) 100vw, 720px\" \/><figcaption class=\"wp-element-caption\">Dini T\u00fcts\u00fc Konileri yap\u0131mc\u0131s\u0131<\/figcaption><\/figure>    <figure class=\"wp-block-image size-large is-style-default\"><img loading=\"lazy\" decoding=\"async\" width=\"720\" height=\"540\" data-id=\"64\" src=\"https:\/\/incensemachinery.com\/wp-content\/uploads\/2022\/08\/tower-incense-cone-forming-molds.webp\" alt=\"kule t\u00fcts\u00fc konisi \u015fekillendirme kal\u0131plar\u0131\" class=\"wp-image-64\" srcset=\"https:\/\/incensemachinery.com\/wp-content\/uploads\/2022\/08\/tower-incense-cone-forming-molds.webp 720w, https:\/\/incensemachinery.com\/wp-content\/uploads\/2022\/08\/tower-incense-cone-forming-molds-300x225.webp 300w\" sizes=\"auto, (max-width: 720px) 100vw, 720px\" \/><figcaption class=\"wp-element-caption\">kule t\u00fcts\u00fc konisi \u015fekillendirme kal\u0131plar\u0131<\/figcaption><\/figure>    <figure class=\"wp-block-image size-large\"><img loading=\"lazy\" decoding=\"async\" width=\"720\" height=\"540\" data-id=\"65\" src=\"https:\/\/incensemachinery.com\/wp-content\/uploads\/2022\/08\/Tower-Incense-Maker-structure.webp\" alt=\"Kule T\u00fcts\u00fc Yap\u0131c\u0131 yap\u0131s\u0131\" class=\"wp-image-65\" srcset=\"https:\/\/incensemachinery.com\/wp-content\/uploads\/2022\/08\/Tower-Incense-Maker-structure.webp 720w, https:\/\/incensemachinery.com\/wp-content\/uploads\/2022\/08\/Tower-Incense-Maker-structure-300x225.webp 300w\" sizes=\"auto, (max-width: 720px) 100vw, 720px\" \/><figcaption class=\"wp-element-caption\">Kule T\u00fcts\u00fc Yap\u0131c\u0131 yap\u0131s\u0131<\/figcaption><\/figure> <\/figure>    <p>Ad\u0131m 1: Tahta unu, tutkal tozu ve su belirli bir oranda iyice kar\u0131\u015ft\u0131r\u0131l\u0131r. Odun unu, su ve tutkal tozu t\u00fcts\u00fc i\u015flemenin temel hammaddeleridir ve m\u00fc\u015fteri, \u00f6zel i\u015fleme ihtiya\u00e7lar\u0131na g\u00f6re bunlara do\u011fru miktarda baharat ekleyebilir.<\/p>    <p>Ad\u0131m 2: \u0130yice kar\u0131\u015fan malzemeleri makinenin giri\u015fine yerle\u015ftirin. Malzeme, makinenin i\u00e7indeki hidrolik \u00fcnite taraf\u0131ndan ekstr\u00fczyon kal\u0131b\u0131na do\u011fru itilir. Makinenin kal\u0131plar\u0131 gruplar halinde \u00fcst ve alt kal\u0131p tepsileridir. Y\u00fcksek h\u0131zda, kokulu toz h\u0131zl\u0131 bir \u015fekilde koni \u015fekline s\u0131k\u0131\u015ft\u0131r\u0131l\u0131r. \u00c7\u0131k\u0131\u015f\u0131n yak\u0131n\u0131ndaki bir \u00fcfleyici daha sonra kal\u0131pta \u00f6nceden olu\u015fturulmu\u015f olan t\u00fcts\u00fc konilerini otomatik olarak \u00e7\u0131k\u0131\u015f konvey\u00f6r band\u0131n\u0131n \u00fczerine \u00fcfler.<\/p>    <p>Ad\u0131m 3: Taze i\u015flenmi\u015f t\u00fcts\u00fc k\u00fclahlar\u0131 h\u00e2l\u00e2 yumu\u015fakt\u0131r ve k\u0131r\u0131lmaya ve deformasyona e\u011filimlidir. Bu nedenle onlar\u0131 toplamam\u0131z ve kurumas\u0131 i\u00e7in a\u011f bir \u00e7er\u00e7eveye koymam\u0131z gerekiyor.<\/p>    <figure class=\"wp-block-gallery has-nested-images columns-default is-cropped wp-block-gallery-5 is-layout-flex wp-block-gallery-is-layout-flex\"> <figure class=\"wp-block-image size-large\"><img loading=\"lazy\" decoding=\"async\" width=\"720\" height=\"540\" data-id=\"342\" src=\"https:\/\/incensemachinery.com\/wp-content\/uploads\/2023\/05\/commercial-backflow-cone-incense-making-machine.webp\" alt=\"ticari geri ak\u0131\u015f koni t\u00fcts\u00fc yapma makinesi\" class=\"wp-image-342\" srcset=\"https:\/\/incensemachinery.com\/wp-content\/uploads\/2023\/05\/commercial-backflow-cone-incense-making-machine.webp 720w, https:\/\/incensemachinery.com\/wp-content\/uploads\/2023\/05\/commercial-backflow-cone-incense-making-machine-300x225.webp 300w\" sizes=\"auto, (max-width: 720px) 100vw, 720px\" \/><figcaption class=\"wp-element-caption\">Ticari koni t\u00fcts\u00fc yap\u0131m makinesi<\/figcaption><\/figure>    <figure class=\"wp-block-image size-large\"><img loading=\"lazy\" decoding=\"async\" width=\"720\" height=\"540\" data-id=\"331\" src=\"https:\/\/incensemachinery.com\/wp-content\/uploads\/2023\/03\/Shuliy-waterfall-incense-cone-machines-for-sale.webp\" alt=\"Sat\u0131l\u0131k Shuliy \u015felale t\u00fcts\u00fc konisi makineleri\" class=\"wp-image-331\" srcset=\"https:\/\/incensemachinery.com\/wp-content\/uploads\/2023\/03\/Shuliy-waterfall-incense-cone-machines-for-sale.webp 720w, https:\/\/incensemachinery.com\/wp-content\/uploads\/2023\/03\/Shuliy-waterfall-incense-cone-machines-for-sale-300x225.webp 300w\" sizes=\"auto, (max-width: 720px) 100vw, 720px\" \/><figcaption class=\"wp-element-caption\">Shuliy t\u00fcts\u00fc konisi makineleri sat\u0131l\u0131k<\/figcaption><\/figure> <\/figure>    <h2 class=\"wp-block-heading\">T\u00fcts\u00fc konisi yap\u0131m makinesinin temel \u00f6zellikleri<\/h2>    <ul class=\"wp-block-list\"> <li>Otomatik t\u00fcts\u00fc konisi makinemiz, otomatik montaj hatt\u0131d\u0131r. Toplama cihaz\u0131n\u0131 kullan\u0131r, bu da \u00e7al\u0131\u015fma s\u00fcrecini h\u0131zl\u0131 ve pratik hale getirir. Kapasitesi yakla\u015f\u0131k dakikada 240 adet.<\/li> <\/ul>    <ul class=\"wp-block-list\"> <li>T\u00fcts\u00fc konileri, otomatik koni t\u00fcts\u00fc montaj hatt\u0131 ile tamamlanabilir. Hoperden al\u0131nan malzeme, ekstr\u00fczyon ve enjeksiyon kal\u0131plama sonras\u0131, koni t\u00fcts\u00fc haline gelir.<\/li> <\/ul>    <ul class=\"wp-block-list\"> <li>Otomatik t\u00fcts\u00fc konisi makinemizden \u00e7\u0131kan tamamlanm\u0131\u015f koni t\u00fcts\u00fc, uniform kal\u0131nl\u0131k ve p\u00fcr\u00fczs\u00fcz y\u00fczey avantajlar\u0131na sahiptir. Ayr\u0131ca, dhoop konileri kuruduktan sonra toz d\u00f6kmez.<\/li> <\/ul>    <figure class=\"wp-block-gallery has-nested-images columns-default is-cropped wp-block-gallery-6 is-layout-flex wp-block-gallery-is-layout-flex\"> <figure class=\"wp-block-image size-large\"><img loading=\"lazy\" decoding=\"async\" width=\"540\" height=\"720\" data-id=\"67\" src=\"https:\/\/incensemachinery.com\/wp-content\/uploads\/2022\/08\/Shuliy-incense-cone-machine.webp\" alt=\"Shuliy t\u00fcts\u00fc konisi makinesi\" class=\"wp-image-67\" srcset=\"https:\/\/incensemachinery.com\/wp-content\/uploads\/2022\/08\/Shuliy-incense-cone-machine.webp 540w, https:\/\/incensemachinery.com\/wp-content\/uploads\/2022\/08\/Shuliy-incense-cone-machine-225x300.webp 225w\" sizes=\"auto, (max-width: 540px) 100vw, 540px\" \/><figcaption class=\"wp-element-caption\">Shuliy t\u00fcts\u00fc konisi makinesi<\/figcaption><\/figure>    <figure class=\"wp-block-image size-large\"><img loading=\"lazy\" decoding=\"async\" width=\"540\" height=\"720\" data-id=\"71\" src=\"https:\/\/incensemachinery.com\/wp-content\/uploads\/2022\/08\/automatic-dhoop-incense-cone-maker.webp\" alt=\"otomatik dhoop t\u00fcts\u00fc konisi yap\u0131mc\u0131s\u0131\" class=\"wp-image-71\" srcset=\"https:\/\/incensemachinery.com\/wp-content\/uploads\/2022\/08\/automatic-dhoop-incense-cone-maker.webp 540w, https:\/\/incensemachinery.com\/wp-content\/uploads\/2022\/08\/automatic-dhoop-incense-cone-maker-225x300.webp 225w\" sizes=\"auto, (max-width: 540px) 100vw, 540px\" \/><figcaption class=\"wp-element-caption\">otomatik dhoop t\u00fcts\u00fc konisi yap\u0131mc\u0131s\u0131<\/figcaption><\/figure>    <figure class=\"wp-block-image size-large\"><img loading=\"lazy\" decoding=\"async\" width=\"720\" height=\"540\" data-id=\"66\" src=\"https:\/\/incensemachinery.com\/wp-content\/uploads\/2022\/08\/Dhoop-cone-making-machine-details.webp\" alt=\"Dhoop koni yapma makinesi detaylar\u0131\" class=\"wp-image-66\" srcset=\"https:\/\/incensemachinery.com\/wp-content\/uploads\/2022\/08\/Dhoop-cone-making-machine-details.webp 720w, https:\/\/incensemachinery.com\/wp-content\/uploads\/2022\/08\/Dhoop-cone-making-machine-details-300x225.webp 300w\" sizes=\"auto, (max-width: 720px) 100vw, 720px\" \/><figcaption class=\"wp-element-caption\">Dhoop koni yapma makinesi detaylar\u0131<\/figcaption><\/figure>    <figure class=\"wp-block-image size-large\"><img loading=\"lazy\" decoding=\"async\" width=\"720\" height=\"540\" data-id=\"69\" src=\"https:\/\/incensemachinery.com\/wp-content\/uploads\/2022\/08\/purple-cone-incense.webp\" alt=\"mor koni t\u00fcts\u00fc\" class=\"wp-image-69\" srcset=\"https:\/\/incensemachinery.com\/wp-content\/uploads\/2022\/08\/purple-cone-incense.webp 720w, https:\/\/incensemachinery.com\/wp-content\/uploads\/2022\/08\/purple-cone-incense-300x225.webp 300w\" sizes=\"auto, (max-width: 720px) 100vw, 720px\" \/><figcaption class=\"wp-element-caption\">mor koni t\u00fcts\u00fc<\/figcaption><\/figure>    <figure class=\"wp-block-image size-large\"><img loading=\"lazy\" decoding=\"async\" width=\"720\" height=\"540\" data-id=\"70\" src=\"https:\/\/incensemachinery.com\/wp-content\/uploads\/2022\/08\/red-incense-cones.webp\" alt=\"k\u0131rm\u0131z\u0131 t\u00fcts\u00fc konileri\" class=\"wp-image-70\" srcset=\"https:\/\/incensemachinery.com\/wp-content\/uploads\/2022\/08\/red-incense-cones.webp 720w, https:\/\/incensemachinery.com\/wp-content\/uploads\/2022\/08\/red-incense-cones-300x225.webp 300w\" sizes=\"auto, (max-width: 720px) 100vw, 720px\" \/><figcaption class=\"wp-element-caption\">k\u0131rm\u0131z\u0131 t\u00fcts\u00fc konileri<\/figcaption><\/figure>    <figure class=\"wp-block-image size-large\"><img loading=\"lazy\" decoding=\"async\" width=\"720\" height=\"540\" data-id=\"68\" src=\"https:\/\/incensemachinery.com\/wp-content\/uploads\/2022\/08\/colorful-dhoop-cones.webp\" alt=\"renkli dhoop konileri\" class=\"wp-image-68\" srcset=\"https:\/\/incensemachinery.com\/wp-content\/uploads\/2022\/08\/colorful-dhoop-cones.webp 720w, https:\/\/incensemachinery.com\/wp-content\/uploads\/2022\/08\/colorful-dhoop-cones-300x225.webp 300w\" sizes=\"auto, (max-width: 720px) 100vw, 720px\" \/><figcaption class=\"wp-element-caption\">renkli dhoop konileri<\/figcaption><\/figure> <\/figure>    <h2 class=\"wp-block-heading\">T\u00fcts\u00fc konisi yap\u0131m makinesinin parametreleri<\/h2>    <figure class=\"wp-block-table\"><table><tbody><tr><td>Modeli<\/td><td>SL-ZX-1<\/td><\/tr><tr><td>Kule t\u00fcts\u00fc uzunlu\u011fu<\/td><td>10-100mm<\/td><\/tr><tr><td>G\u00fc\u00e7<\/td><td>4kw<\/td><\/tr><tr><td>A\u011f\u0131rl\u0131k<\/td><td>350kg<\/td><\/tr><tr><td>Makine boyutu<\/td><td>1700*500*1500mm<\/td><\/tr><tr><td>Hidrolik silindir \u00e7ap\u0131<\/td><td>180mm<\/td><\/tr><tr><td>Fel\u00e7<\/td><td>700 mm<\/td><\/tr><tr><td>Namlu \u00e7ap\u0131<\/td><td>219 mm<\/td><\/tr><\/tbody><\/table><\/figure>    <h2 class=\"wp-block-heading\">Dhoop koni yapma makinesi videosu<\/h2>    <figure class=\"wp-block-embed is-type-video is-provider-youtube wp-block-embed-youtube wp-embed-aspect-16-9 wp-has-aspect-ratio\"><div class=\"wp-block-embed__wrapper\"> <iframe loading=\"lazy\" title=\"H\u0131zl\u0131 T\u00fcts\u00fc Konileri Yapma Makinesi Tedarik\u00e7isi | Dhoop Koni Yapma Makinesi \u00c7al\u0131\u015fma S\u00fcreci #incensecones\" width=\"500\" height=\"281\" src=\"https:\/\/www.youtube.com\/embed\/rdno3c_3PkY?feature=oembed\" frameborder=\"0\" allow=\"accelerometer; autoplay; clipboard-write; encrypted-media; gyroscope; picture-in-picture; web-share\" referrerpolicy=\"strict-origin-when-cross-origin\" allowfullscreen><\/iframe> <\/div><\/figure>    <h2 class=\"wp-block-heading\">Koni T\u00fcts\u00fc Yap\u0131m Makinesi \u2013 SSS<\/h2>   <div id=\"rank-math-faq\" class=\"rank-math-block\"> <div class=\"rank-math-list\"> <div id=\"faq-question-1776416314848\" class=\"rank-math-list-item\"> <h3 class=\"rank-math-question\">Bu makine hangi \u00fcr\u00fcnleri \u00fcretebilir?<\/h3> <div class=\"rank-math-answer\">  <p>Koni t\u00fcts\u00fc (kule t\u00fcts\u00fc), geri ak\u0131\u015f t\u00fcts\u00fc konileri ve di\u011fer k\u00fc\u00e7\u00fck t\u00fcts\u00fc \u015fekilleri.<\/p>  <\/div> <\/div> <div id=\"faq-question-1776416328243\" class=\"rank-math-list-item\"> <h3 class=\"rank-math-question\">Hangi hammaddeler gereklidir?<\/h3> <div class=\"rank-math-answer\">  <p>Ah\u015fap tozu, bambu tozu, k\u00f6m\u00fcr tozu, jigat tozu, koku ve su.<\/p>  <\/div> <\/div> <div id=\"faq-question-1776416342055\" class=\"rank-math-list-item\"> <h3 class=\"rank-math-question\">Boyut ve \u015fekil \u00f6zelle\u015ftirilebilir mi?<\/h3> <div class=\"rank-math-answer\">  <p>Evet. Koni y\u00fcksekli\u011fi, \u00e7ap\u0131 ve \u015fekli, kal\u0131plar de\u011fi\u015ftirilerek \u00f6zelle\u015ftirilebilir.<\/p>  <\/div> <\/div> <div id=\"faq-question-1776416356926\" class=\"rank-math-list-item\"> <h3 class=\"rank-math-question\">Makine tamamen otomatik mi?<\/h3> <div class=\"rank-math-answer\">  <p>Yar\u0131 otomatik ve tam otomatik modeller mevcuttur.<\/p>  <\/div> <\/div> <\/div> <\/div>   <h2 class=\"wp-block-heading\">Kendi T\u00fcts\u00fc \u0130\u015finizi Ba\u015flatmaya Haz\u0131r m\u0131s\u0131n\u0131z?<\/h2>    <p>Don&#8217;t miss the opportunity to automate your production with our high-efficiency Incense Cone Making Machine. Whether you are looking to produce traditional dhoop cones or colorful backflow incense, Shuliy Machinery provides the perfect technical support and customized molds to meet your market needs. <\/p>    <p>Bug\u00fcn bizimle ileti\u015fime ge\u00e7in, \u00fccretsiz teklif ve i\u015fletme \u00f6l\u00e7e\u011finize uygun profesyonel \u00fcretim plan\u0131 al\u0131n. Aromatik vizyonunuzu karl\u0131 bir ger\u00e7e\u011fe d\u00f6n\u00fc\u015ft\u00fcrelim!<\/p>","protected":false},"excerpt":{"rendered":"<p>This commercial incense cone making machine is mainly used to process various types of conical incense cones. By changing the cone incense forming molds, the machine can process incense cones of different diameters and lengths. The dhoop cone machine has a capacity of 30-240 cones per minute, and its processing speed can be adjusted according [&hellip;]<\/p>\n","protected":false},"author":1,"featured_media":50,"parent":0,"template":"","tags":[14],"product-type":[4],"class_list":["post-49","product","type-product","status-publish","has-post-thumbnail","hentry","tag-cone-incense","product-type-incense-making-machine"],"_links":{"self":[{"href":"https:\/\/incensemachinery.com\/tr\/wp-json\/wp\/v2\/product\/49","targetHints":{"allow":["GET"]}}],"collection":[{"href":"https:\/\/incensemachinery.com\/tr\/wp-json\/wp\/v2\/product"}],"about":[{"href":"https:\/\/incensemachinery.com\/tr\/wp-json\/wp\/v2\/types\/product"}],"author":[{"embeddable":true,"href":"https:\/\/incensemachinery.com\/tr\/wp-json\/wp\/v2\/users\/1"}],"wp:featuredmedia":[{"embeddable":true,"href":"https:\/\/incensemachinery.com\/tr\/wp-json\/wp\/v2\/media\/50"}],"wp:attachment":[{"href":"https:\/\/incensemachinery.com\/tr\/wp-json\/wp\/v2\/media?parent=49"}],"wp:term":[{"taxonomy":"post_tag","embeddable":true,"href":"https:\/\/incensemachinery.com\/tr\/wp-json\/wp\/v2\/tags?post=49"},{"taxonomy":"product-type","embeddable":true,"href":"https:\/\/incensemachinery.com\/tr\/wp-json\/wp\/v2\/product-type?post=49"}],"curies":[{"name":"wp","href":"https:\/\/api.w.org\/{rel}","templated":true}]}}