{"id":154,"date":"2022-08-04T06:27:47","date_gmt":"2022-08-04T06:27:47","guid":{"rendered":"https:\/\/incensemachinery.com\/?post_type=product&#038;p=154"},"modified":"2025-07-24T16:38:23","modified_gmt":"2025-07-24T08:38:23","slug":"thread-incense-stick-production-line","status":"publish","type":"product","link":"https:\/\/incensemachinery.com\/tr\/product\/thread-incense-stick-production-line\/","title":{"rendered":"Otomatik \u0130plik T\u00fcts\u00fc \u00c7ubu\u011fu \u00dcretim Hatt\u0131"},"content":{"rendered":"<div class=\"kk-star-ratings kksr-auto kksr-align-left kksr-valign-top\"     data-payload='{&quot;align&quot;:&quot;left&quot;,&quot;id&quot;:&quot;154&quot;,&quot;slug&quot;:&quot;default&quot;,&quot;valign&quot;:&quot;top&quot;,&quot;ignore&quot;:&quot;&quot;,&quot;reference&quot;:&quot;auto&quot;,&quot;class&quot;:&quot;&quot;,&quot;count&quot;:&quot;34&quot;,&quot;legendonly&quot;:&quot;&quot;,&quot;readonly&quot;:&quot;&quot;,&quot;score&quot;:&quot;4.6&quot;,&quot;starsonly&quot;:&quot;&quot;,&quot;best&quot;:&quot;5&quot;,&quot;gap&quot;:&quot;5&quot;,&quot;greet&quot;:&quot;Rate this product&quot;,&quot;legend&quot;:&quot;4.6\\\/5 - (34 votes)&quot;,&quot;size&quot;:&quot;24&quot;,&quot;title&quot;:&quot;Automatic Thread Incense Stick Production Line&quot;,&quot;width&quot;:&quot;130.9&quot;,&quot;_legend&quot;:&quot;{score}\\\/{best} - ({count} {votes})&quot;,&quot;font_factor&quot;:&quot;1.25&quot;}'>              <div class=\"kksr-stars\">      <div class=\"kksr-stars-inactive\">             <div class=\"kksr-star\" data-star=\"1\" style=\"padding-right: 5px\">               <div class=\"kksr-icon\" style=\"width: 24px; height: 24px;\"><\/div>         <\/div>             <div class=\"kksr-star\" data-star=\"2\" style=\"padding-right: 5px\">               <div class=\"kksr-icon\" style=\"width: 24px; height: 24px;\"><\/div>         <\/div>             <div class=\"kksr-star\" data-star=\"3\" style=\"padding-right: 5px\">               <div class=\"kksr-icon\" style=\"width: 24px; height: 24px;\"><\/div>         <\/div>             <div class=\"kksr-star\" data-star=\"4\" style=\"padding-right: 5px\">               <div class=\"kksr-icon\" style=\"width: 24px; height: 24px;\"><\/div>         <\/div>             <div class=\"kksr-star\" data-star=\"5\" style=\"padding-right: 5px\">               <div class=\"kksr-icon\" style=\"width: 24px; height: 24px;\"><\/div>         <\/div>     <\/div>      <div class=\"kksr-stars-active\" style=\"width: 130.9px;\">             <div class=\"kksr-star\" style=\"padding-right: 5px\">               <div class=\"kksr-icon\" style=\"width: 24px; height: 24px;\"><\/div>         <\/div>             <div class=\"kksr-star\" style=\"padding-right: 5px\">               <div class=\"kksr-icon\" style=\"width: 24px; height: 24px;\"><\/div>         <\/div>             <div class=\"kksr-star\" style=\"padding-right: 5px\">               <div class=\"kksr-icon\" style=\"width: 24px; height: 24px;\"><\/div>         <\/div>             <div class=\"kksr-star\" style=\"padding-right: 5px\">               <div class=\"kksr-icon\" style=\"width: 24px; height: 24px;\"><\/div>         <\/div>             <div class=\"kksr-star\" style=\"padding-right: 5px\">               <div class=\"kksr-icon\" style=\"width: 24px; height: 24px;\"><\/div>         <\/div>     <\/div> <\/div>                   <div class=\"kksr-legend\" style=\"font-size: 19.2px;\">             4.6\/5 - (34 oy)    <\/div>     <\/div>  <p>Otomatik t\u00fcts\u00fc \u00fcretim hatt\u0131, bambu \u00e7ubuklar\u0131 olmadan t\u00fcts\u00fc i\u015flemek i\u00e7in komple iplik t\u00fcts\u00fc \u00e7ubu\u011fu i\u015fleme hatt\u0131d\u0131r. \u0130plik t\u00fcts\u00fc \u00e7ubu\u011fu \u00fcretim hatt\u0131nda bir ah\u015fap k\u0131r\u0131c\u0131, ah\u015fap tozu makinesi, kar\u0131\u015ft\u0131r\u0131c\u0131, iplik t\u00fcts\u00fc \u015fekillendirme makinesi, t\u00fcts\u00fc \u00e7ubu\u011fu kurutma makinesi ve t\u00fcts\u00fc paketleme makinesi bulunur. \u00dcretim s\u00fcreci tala\u015f i\u015flemeyi, odun ununun \u00f6\u011f\u00fct\u00fclmesini, odun ununun kar\u0131\u015ft\u0131r\u0131lmas\u0131n\u0131, t\u00fcts\u00fc yap\u0131m\u0131n\u0131, kurutmay\u0131 ve paketlemeyi i\u00e7erir.<\/p>   <div class=\"wp-block-image\"> <figure class=\"aligncenter size-full\"><img loading=\"lazy\" decoding=\"async\" width=\"720\" height=\"540\" src=\"https:\/\/incensemachinery.com\/wp-content\/uploads\/2022\/08\/agarbatti-incense-stick-applications.webp\" alt=\"agarbatti t\u00fcts\u00fc \u00e7ubu\u011fu uygulamalar\u0131\" class=\"wp-image-158\" srcset=\"https:\/\/incensemachinery.com\/wp-content\/uploads\/2022\/08\/agarbatti-incense-stick-applications.webp 720w, https:\/\/incensemachinery.com\/wp-content\/uploads\/2022\/08\/agarbatti-incense-stick-applications-300x225.webp 300w\" sizes=\"auto, (max-width: 720px) 100vw, 720px\" \/><figcaption>agarbatti t\u00fcts\u00fc \u00e7ubu\u011fu uygulamalar\u0131<\/figcaption><\/figure> <\/div>     <h2 class=\"wp-block-heading\">T\u00fcts\u00fc yap\u0131m\u0131 i\u00e7in odun tozunun gereksinimleri nelerdir?<\/h2>    <p>T\u00fcts\u00fcn\u00fcn ana bile\u015feni odun tozudur. Ah\u015fap tozu genellikle \u00e7e\u015fitli ah\u015fap tozlar\u0131ndan yap\u0131lm\u0131\u015f daha ince bir tozdur. T\u00fcts\u00fc yapmak i\u00e7in kullan\u0131lan a\u011fa\u00e7 tozu s\u0131radan a\u011fa\u00e7 tozu (koku gerektirmez), sandal a\u011fac\u0131, t\u00fcts\u00fc a\u011fac\u0131 vb. olabilir. <\/p>    <p class=\"translation-block\">Elbette, portakal \u00e7ubu\u011fu gibi \u00e7e\u015fitli tar\u0131m \u00fcr\u00fcnleri, bitkiler vb. t\u00fcts\u00fc yapmak i\u00e7in kullan\u0131lan odun tozunun inceli\u011fi genellikle 80~120 elek aras\u0131ndad\u0131r. \u00d6zel <strong><a href=\"https:\/\/en.wikipedia.org\/wiki\/Incense\" target=\"_blank\" rel=\"noopener\">t\u00fcts\u00fc<\/a><\/strong> i\u015flemi, odun tozunun farkl\u0131 inceli\u011fini gerektirebilir.<\/p>    <figure class=\"wp-block-gallery has-nested-images columns-default is-cropped wp-block-gallery-2 is-layout-flex wp-block-gallery-is-layout-flex\"> <figure class=\"wp-block-image size-large\"><img loading=\"lazy\" decoding=\"async\" width=\"720\" height=\"540\" data-id=\"156\" src=\"https:\/\/incensemachinery.com\/wp-content\/uploads\/2022\/08\/incense-sticks-making.webp\" alt=\"iplik t\u00fcts\u00fc \u00e7ubu\u011fu \u00fcretim hatt\u0131 taraf\u0131ndan yap\u0131lan t\u00fcts\u00fc\" class=\"wp-image-156\" srcset=\"https:\/\/incensemachinery.com\/wp-content\/uploads\/2022\/08\/incense-sticks-making.webp 720w, https:\/\/incensemachinery.com\/wp-content\/uploads\/2022\/08\/incense-sticks-making-300x225.webp 300w\" sizes=\"auto, (max-width: 720px) 100vw, 720px\" \/><figcaption>t\u00fcts\u00fc \u00e7ubuklar\u0131 yap\u0131m\u0131<\/figcaption><\/figure>    <figure class=\"wp-block-image size-large\"><img loading=\"lazy\" decoding=\"async\" width=\"720\" height=\"540\" data-id=\"157\" src=\"https:\/\/incensemachinery.com\/wp-content\/uploads\/2022\/08\/thread-incense-production.webp\" alt=\"iplik t\u00fcts\u00fc \u00fcretimi\" class=\"wp-image-157\" srcset=\"https:\/\/incensemachinery.com\/wp-content\/uploads\/2022\/08\/thread-incense-production.webp 720w, https:\/\/incensemachinery.com\/wp-content\/uploads\/2022\/08\/thread-incense-production-300x225.webp 300w\" sizes=\"auto, (max-width: 720px) 100vw, 720px\" \/><figcaption>iplik t\u00fcts\u00fc \u00fcretimi<\/figcaption><\/figure> <\/figure>    <h2 class=\"wp-block-heading\">Tam iplik t\u00fcts\u00fc \u00e7ubu\u011fu \u00fcretim hatt\u0131n\u0131n \u00fcretim s\u00fcreci<\/h2>    <h3 class=\"wp-block-heading\"><strong>Tala\u015f yap\u0131m\u0131<\/strong><\/h3>    <p>Daha b\u00fcy\u00fck boyutlu odun, dallar, k\u00f6kler, saman, otlar vb. i\u00e7in bunlar\u0131 tala\u015f haline getirmek i\u00e7in bu k\u00fc\u00e7\u00fck a\u011fa\u00e7 k\u0131r\u0131c\u0131y\u0131 kullanabiliriz. Bu tip \u00e7eki\u00e7li de\u011firmen genellikle ham maddeleri yakla\u015f\u0131k 3 mm boyutunda tala\u015f haline getirebilir.<\/p>   <div class=\"wp-block-image\"> <figure class=\"aligncenter size-full\"><img loading=\"lazy\" decoding=\"async\" width=\"720\" height=\"540\" src=\"https:\/\/incensemachinery.com\/wp-content\/uploads\/2022\/08\/small-wood-crusher-for-sawdust-making.webp\" alt=\"tala\u015f yap\u0131m\u0131 i\u00e7in k\u00fc\u00e7\u00fck ah\u015fap k\u0131r\u0131c\u0131\" class=\"wp-image-159\" srcset=\"https:\/\/incensemachinery.com\/wp-content\/uploads\/2022\/08\/small-wood-crusher-for-sawdust-making.webp 720w, https:\/\/incensemachinery.com\/wp-content\/uploads\/2022\/08\/small-wood-crusher-for-sawdust-making-300x225.webp 300w\" sizes=\"auto, (max-width: 720px) 100vw, 720px\" \/><figcaption>tala\u015f yap\u0131m\u0131 i\u00e7in k\u00fc\u00e7\u00fck ah\u015fap k\u0131r\u0131c\u0131<\/figcaption><\/figure> <\/div>   <h3 class=\"wp-block-heading\"><strong>Ah\u015fap tozu ta\u015flama<\/strong><\/h3>    <p>Ah\u015fap \u00f6\u011f\u00fct\u00fcc\u00fc taraf\u0131ndan i\u015flenen tala\u015f\u0131n boyutu, do\u011frudan t\u00fcts\u00fc \u00e7ubuklar\u0131 yapmak i\u00e7in kullan\u0131lacak kadar b\u00fcy\u00fck, bu nedenle tala\u015f\u0131 daha ince bir ah\u015fap unu haline getirmek i\u00e7in ticari bir ah\u015fap unu de\u011firmeni kullanmam\u0131z gerekiyor. Ah\u015fap unu de\u011firmeninin inceli\u011fi, m\u00fc\u015fterinin ihtiya\u00e7lar\u0131na g\u00f6re ayarlanabilir. Genellikle, t\u00fcts\u00fc \u00e7ubuklar\u0131 i\u00e7in ah\u015fap ununun inceli\u011fi 60 ile 120 a\u011f aras\u0131nda de\u011fi\u015fmektedir.<\/p>   <div class=\"wp-block-image\"> <figure class=\"aligncenter size-full\"><img loading=\"lazy\" decoding=\"async\" width=\"720\" height=\"540\" src=\"https:\/\/incensemachinery.com\/wp-content\/uploads\/2022\/08\/wood-powder-grinding-machine.webp\" alt=\"ah\u015fap tozu ta\u015flama makinesi\" class=\"wp-image-160\" srcset=\"https:\/\/incensemachinery.com\/wp-content\/uploads\/2022\/08\/wood-powder-grinding-machine.webp 720w, https:\/\/incensemachinery.com\/wp-content\/uploads\/2022\/08\/wood-powder-grinding-machine-300x225.webp 300w\" sizes=\"auto, (max-width: 720px) 100vw, 720px\" \/><figcaption>ah\u015fap tozu ta\u015flama makinesi<\/figcaption><\/figure> <\/div>   <h3 class=\"wp-block-heading\"><strong>Toz kar\u0131\u015ft\u0131rma<\/strong><\/h3>    <p>Odun tozunun i\u015flenmesi tamamland\u0131ktan sonra, t\u00fcts\u00fc yapmak i\u00e7in t\u00fcm hammaddeleri belirli bir orana g\u00f6re kar\u0131\u015ft\u0131r\u0131p harmanlamak i\u00e7in otomatik kar\u0131\u015ft\u0131r\u0131c\u0131y\u0131 kullanmam\u0131z gerekiyor. Bu kar\u0131\u015ft\u0131r\u0131c\u0131n\u0131n i\u015fi gruplar halinde yap\u0131l\u0131r. Her partinin i\u015fleme hacmi yakla\u015f\u0131k 50 kg'd\u0131r.<\/p>   <div class=\"wp-block-image\"> <figure class=\"aligncenter size-full\"><img loading=\"lazy\" decoding=\"async\" width=\"720\" height=\"540\" src=\"https:\/\/incensemachinery.com\/wp-content\/uploads\/2022\/08\/wood-powder-mixing-machine.webp\" alt=\"ah\u015fap tozu kar\u0131\u015ft\u0131rma makinesi\" class=\"wp-image-161\" srcset=\"https:\/\/incensemachinery.com\/wp-content\/uploads\/2022\/08\/wood-powder-mixing-machine.webp 720w, https:\/\/incensemachinery.com\/wp-content\/uploads\/2022\/08\/wood-powder-mixing-machine-300x225.webp 300w\" sizes=\"auto, (max-width: 720px) 100vw, 720px\" \/><figcaption>ah\u015fap tozu kar\u0131\u015ft\u0131rma makinesi<\/figcaption><\/figure> <\/div>   <h3 class=\"wp-block-heading\"><strong>\u0130plik t\u00fcts\u00fc \u00e7ubu\u011fu \u015fekillendirme<\/strong><\/h3>    <p class=\"translation-block\">Bu <strong>t\u00fcts\u00fc yap\u0131m makinesi<\/strong> kar\u0131\u015ft\u0131r\u0131lan hammaddeleri kat\u0131 hatlar halinde d\u0131\u015fa basabilir ve kesici aletle ayn\u0131 uzunlukta t\u00fcts\u00fcler kesebilir. Farkl\u0131 ekstr\u00fczyon kal\u0131plar\u0131 de\u011fi\u015ftirildi\u011finde, iplik t\u00fcts\u00fc \u00e7ubu\u011fu yap\u0131c\u0131s\u0131 be\u015f y\u0131ld\u0131z, k\u00fcp, \u00fc\u00e7gen, kalp, \u00e7i\u00e7ek vb. gibi farkl\u0131 \u015fekillerde t\u00fcts\u00fc \u00e7ubuklar\u0131 i\u015fleyebilir. Ayr\u0131ca t\u00fcts\u00fc kesme uzunlu\u011fu da ayarlanabilir.<\/p>   <div class=\"wp-block-image\"> <figure class=\"aligncenter size-full\"><img loading=\"lazy\" decoding=\"async\" width=\"720\" height=\"540\" src=\"https:\/\/incensemachinery.com\/wp-content\/uploads\/2022\/08\/incense-making-machine-for-sale.webp\" alt=\"sat\u0131l\u0131k t\u00fcts\u00fc yapma makinesi\" class=\"wp-image-121\" srcset=\"https:\/\/incensemachinery.com\/wp-content\/uploads\/2022\/08\/incense-making-machine-for-sale.webp 720w, https:\/\/incensemachinery.com\/wp-content\/uploads\/2022\/08\/incense-making-machine-for-sale-300x225.webp 300w\" sizes=\"auto, (max-width: 720px) 100vw, 720px\" \/><figcaption>sat\u0131l\u0131k iplik t\u00fcts\u00fc \u00e7ubu\u011fu \u00fcretim hatt\u0131<\/figcaption><\/figure> <\/div>   <h3 class=\"wp-block-heading\"><strong>T\u00fcts\u00fc \u00e7ubu\u011fu kurutma<\/strong><\/h3>    <p>Bu t\u00fcts\u00fc kurutucu, iplik t\u00fcts\u00fclerini ve t\u00fcts\u00fc \u00e7ubuklar\u0131n\u0131 kurutmak i\u00e7in \u00e7ok uygundur. Bu kurutucunun i\u00e7inde hareketli bir araba bulunur ve araba raflar\u0131na birka\u00e7 kat tepsi yerle\u015ftirilebilir. D\u00fczg\u00fcnce kesilmi\u015f t\u00fcts\u00fc \u00e7ubuklar\u0131n\u0131 tepsilere yerle\u015ftirip daha sonra t\u00fcts\u00fc dolu tepsileri kurumas\u0131 i\u00e7in kurutucuya koyabiliriz. Bu iplik t\u00fcts\u00fc kurutucusunun kurutma s\u0131cakl\u0131\u011f\u0131 ve kuruma s\u00fcresi ayarlanabilir ve ayarlanabilir.<\/p>   <div class=\"wp-block-image\"> <figure class=\"aligncenter size-full\"><img loading=\"lazy\" decoding=\"async\" width=\"720\" height=\"540\" src=\"https:\/\/incensemachinery.com\/wp-content\/uploads\/2022\/08\/thread-incense-dryer-machine.webp\" alt=\"iplik t\u00fcts\u00fc kurutma makinesi\" class=\"wp-image-162\" srcset=\"https:\/\/incensemachinery.com\/wp-content\/uploads\/2022\/08\/thread-incense-dryer-machine.webp 720w, https:\/\/incensemachinery.com\/wp-content\/uploads\/2022\/08\/thread-incense-dryer-machine-300x225.webp 300w\" sizes=\"auto, (max-width: 720px) 100vw, 720px\" \/><figcaption>iplik t\u00fcts\u00fc kurutma makinesi<\/figcaption><\/figure> <\/div>   <h3 class=\"wp-block-heading\">\u0130plik t\u00fcts\u00fc paketleme makinesi<\/h3>    <p>Buda t\u00fcts\u00fc paketleme makinesi, kurutulmu\u015f t\u00fcts\u00fcy\u00fc farkl\u0131 a\u011f\u0131rl\u0131k, uzunluk ve \u00e7ap fakt\u00f6rlerine g\u00f6re paketleyebilir. M\u00fc\u015fterinin i\u015fledi\u011fi t\u00fcts\u00fc boyutu ne kadar b\u00fcy\u00fck olursa olsun bu paketleme makinas\u0131 kullan\u0131larak paketlenebilmektedir. Ayr\u0131ca m\u00fc\u015fteriler t\u00fcts\u00fcn\u00fcn torba, kutu, t\u00fcp, \u0131s\u0131yla daralan film ambalaj\u0131 vb. ambalaj stilini de ayarlayabilir.<\/p>   <div class=\"wp-block-image\"> <figure class=\"aligncenter size-full\"><img loading=\"lazy\" decoding=\"async\" width=\"720\" height=\"540\" src=\"https:\/\/incensemachinery.com\/wp-content\/uploads\/2022\/08\/thread-incense-packaging-machine.webp\" alt=\"iplik t\u00fcts\u00fc paketleme makinesi\" class=\"wp-image-169\" srcset=\"https:\/\/incensemachinery.com\/wp-content\/uploads\/2022\/08\/thread-incense-packaging-machine.webp 720w, https:\/\/incensemachinery.com\/wp-content\/uploads\/2022\/08\/thread-incense-packaging-machine-300x225.webp 300w\" sizes=\"auto, (max-width: 720px) 100vw, 720px\" \/><figcaption>iplik t\u00fcts\u00fc paketleme makinesi<\/figcaption><\/figure> <\/div>   <h2 class=\"wp-block-heading\">Shuliy iplik t\u00fcts\u00fc i\u015fleme tesisinin avantajlar\u0131<\/h2>    <ul class=\"wp-block-list\"><li>T\u00fcts\u00fc \u00fcretim hatt\u0131, end\u00fcstriyel t\u00fcts\u00fc \u00fcretimi i\u00e7in gerekli t\u00fcm ekipmanlar\u0131 i\u00e7erir ve b\u00fcy\u00fck \u00f6l\u00e7ekli iplik t\u00fcts\u00fc \u00fcreten m\u00fc\u015fteriler i\u00e7in idealdir. T\u00fcts\u00fc i\u015fleme tesisi 5-10 i\u015f\u00e7i gerektirir, bu da manuel t\u00fcts\u00fc \u00fcretimine k\u0131yasla \u00e7ok fazla i\u015f\u00e7ilik maliyeti tasarrufu sa\u011flar.<\/li><\/ul>    <ul class=\"wp-block-list\"><li>Bir parf\u00fcm i\u015fine ba\u015flamak isteyen \u00e7o\u011fu m\u00fc\u015fteri i\u00e7in, t\u00fcts\u00fc hatt\u0131 sadece bir referans konfig\u00fcrasyonudur. Fabrikam\u0131z genellikle m\u00fc\u015fterinin fabrika b\u00fcy\u00fckl\u00fc\u011f\u00fc, yat\u0131r\u0131m b\u00fct\u00e7esi, i\u015fleme \u00e7\u0131kt\u0131s\u0131 ve di\u011fer fakt\u00f6rlere g\u00f6re uygun bir t\u00fcts\u00fc \u00fcretim plan\u0131 geli\u015ftirmeye ihtiya\u00e7 duyar.<\/li><\/ul>    <ul class=\"wp-block-list\"><li>Shuliy fabrikas\u0131, her t\u00fcts\u00fc i\u015flemcisi i\u00e7in \u00f6zelle\u015ftirilmi\u015f hizmet sa\u011flayabilir ve t\u00fcts\u00fc ekipman\u0131 sat\u0131n alan m\u00fc\u015fterilere tam sat\u0131\u015f sonras\u0131 hizmet sa\u011flayacakt\u0131r. M\u00fc\u015fterilerimizin test i\u00e7in numune g\u00f6ndermelerini destekliyoruz ve m\u00fc\u015fterilerimizi fabrikam\u0131z\u0131 ziyaret etmeye ve makineleri test etmeye davet ediyoruz.<\/li><\/ul>    <figure class=\"wp-block-gallery has-nested-images columns-2 is-cropped wp-block-gallery-3 is-layout-flex wp-block-gallery-is-layout-flex\"> <figure class=\"wp-block-image size-large\"><img loading=\"lazy\" decoding=\"async\" width=\"720\" height=\"540\" data-id=\"176\" src=\"https:\/\/incensemachinery.com\/wp-content\/uploads\/2022\/08\/thread-incense-bulk-prodution.webp\" alt=\"iplik t\u00fcts\u00fc toplu \u00fcretimi\" class=\"wp-image-176\" srcset=\"https:\/\/incensemachinery.com\/wp-content\/uploads\/2022\/08\/thread-incense-bulk-prodution.webp 720w, https:\/\/incensemachinery.com\/wp-content\/uploads\/2022\/08\/thread-incense-bulk-prodution-300x225.webp 300w\" sizes=\"auto, (max-width: 720px) 100vw, 720px\" \/><figcaption>iplik t\u00fcts\u00fc toplu \u00fcretimi<\/figcaption><\/figure>    <figure class=\"wp-block-image size-large\"><img loading=\"lazy\" decoding=\"async\" width=\"720\" height=\"540\" data-id=\"177\" src=\"https:\/\/incensemachinery.com\/wp-content\/uploads\/2022\/08\/well-packed-incense.webp\" alt=\"iyi paketlenmi\u015f t\u00fcts\u00fc\" class=\"wp-image-177\" srcset=\"https:\/\/incensemachinery.com\/wp-content\/uploads\/2022\/08\/well-packed-incense.webp 720w, https:\/\/incensemachinery.com\/wp-content\/uploads\/2022\/08\/well-packed-incense-300x225.webp 300w\" sizes=\"auto, (max-width: 720px) 100vw, 720px\" \/><figcaption>iyi paketlenmi\u015f t\u00fcts\u00fc<\/figcaption><\/figure>    <figure class=\"wp-block-image size-large\"><img loading=\"lazy\" decoding=\"async\" width=\"720\" height=\"540\" data-id=\"173\" src=\"https:\/\/incensemachinery.com\/wp-content\/uploads\/2022\/08\/agarbatti-incense.webp\" alt=\"agarbatti t\u00fcts\u00fc\" class=\"wp-image-173\" srcset=\"https:\/\/incensemachinery.com\/wp-content\/uploads\/2022\/08\/agarbatti-incense.webp 720w, https:\/\/incensemachinery.com\/wp-content\/uploads\/2022\/08\/agarbatti-incense-300x225.webp 300w\" sizes=\"auto, (max-width: 720px) 100vw, 720px\" \/><figcaption>agarbatti t\u00fcts\u00fc<\/figcaption><\/figure>    <figure class=\"wp-block-image size-large\"><img loading=\"lazy\" decoding=\"async\" width=\"720\" height=\"540\" data-id=\"174\" src=\"https:\/\/incensemachinery.com\/wp-content\/uploads\/2022\/08\/incense-packing-with-film.webp\" alt=\"film ile t\u00fcts\u00fc ambalaj\u0131\" class=\"wp-image-174\" srcset=\"https:\/\/incensemachinery.com\/wp-content\/uploads\/2022\/08\/incense-packing-with-film.webp 720w, https:\/\/incensemachinery.com\/wp-content\/uploads\/2022\/08\/incense-packing-with-film-300x225.webp 300w\" sizes=\"auto, (max-width: 720px) 100vw, 720px\" \/><figcaption>film ile t\u00fcts\u00fc ambalaj\u0131<\/figcaption><\/figure> <\/figure>","protected":false},"excerpt":{"rendered":"<p>The automatic incense production line is a complete thread incense stick processing line for processing incense without bamboo sticks. The thread incense stick production line includes a wood crusher, wood powder machine, mixer, thread incense forming machine, incense stick drying machine, and incense packaging machine. The production process includes sawdust processing, wood flour grinding, wood [&hellip;]<\/p>\n","protected":false},"author":1,"featured_media":155,"parent":0,"template":"","tags":[13],"product-type":[7],"class_list":["post-154","product","type-product","status-publish","has-post-thumbnail","hentry","tag-stick-incense","product-type-incense-stick-production-line"],"_links":{"self":[{"href":"https:\/\/incensemachinery.com\/tr\/wp-json\/wp\/v2\/product\/154","targetHints":{"allow":["GET"]}}],"collection":[{"href":"https:\/\/incensemachinery.com\/tr\/wp-json\/wp\/v2\/product"}],"about":[{"href":"https:\/\/incensemachinery.com\/tr\/wp-json\/wp\/v2\/types\/product"}],"author":[{"embeddable":true,"href":"https:\/\/incensemachinery.com\/tr\/wp-json\/wp\/v2\/users\/1"}],"wp:featuredmedia":[{"embeddable":true,"href":"https:\/\/incensemachinery.com\/tr\/wp-json\/wp\/v2\/media\/155"}],"wp:attachment":[{"href":"https:\/\/incensemachinery.com\/tr\/wp-json\/wp\/v2\/media?parent=154"}],"wp:term":[{"taxonomy":"post_tag","embeddable":true,"href":"https:\/\/incensemachinery.com\/tr\/wp-json\/wp\/v2\/tags?post=154"},{"taxonomy":"product-type","embeddable":true,"href":"https:\/\/incensemachinery.com\/tr\/wp-json\/wp\/v2\/product-type?post=154"}],"curies":[{"name":"wp","href":"https:\/\/api.w.org\/{rel}","templated":true}]}}