{"id":138,"date":"2022-08-04T02:33:13","date_gmt":"2022-08-04T02:33:13","guid":{"rendered":"https:\/\/incensemachinery.com\/?post_type=product&#038;p=138"},"modified":"2025-07-24T16:38:20","modified_gmt":"2025-07-24T08:38:20","slug":"stick-incense-production-line","status":"publish","type":"product","link":"https:\/\/incensemachinery.com\/tr\/product\/stick-incense-production-line\/","title":{"rendered":"K\u00fc\u00e7\u00fck \u00d6l\u00e7ekli \u00c7ubuk T\u00fcts\u00fc \u00dcretim Hatt\u0131"},"content":{"rendered":"<div class=\"kk-star-ratings kksr-auto kksr-align-left kksr-valign-top\"     data-payload='{&quot;align&quot;:&quot;left&quot;,&quot;id&quot;:&quot;138&quot;,&quot;slug&quot;:&quot;default&quot;,&quot;valign&quot;:&quot;top&quot;,&quot;ignore&quot;:&quot;&quot;,&quot;reference&quot;:&quot;auto&quot;,&quot;class&quot;:&quot;&quot;,&quot;count&quot;:&quot;15&quot;,&quot;legendonly&quot;:&quot;&quot;,&quot;readonly&quot;:&quot;&quot;,&quot;score&quot;:&quot;4.8&quot;,&quot;starsonly&quot;:&quot;&quot;,&quot;best&quot;:&quot;5&quot;,&quot;gap&quot;:&quot;5&quot;,&quot;greet&quot;:&quot;Rate this product&quot;,&quot;legend&quot;:&quot;4.8\\\/5 - (15 votes)&quot;,&quot;size&quot;:&quot;24&quot;,&quot;title&quot;:&quot;Small-scale Stick Incense Production Line&quot;,&quot;width&quot;:&quot;136.7&quot;,&quot;_legend&quot;:&quot;{score}\\\/{best} - ({count} {votes})&quot;,&quot;font_factor&quot;:&quot;1.25&quot;}'>              <div class=\"kksr-stars\">      <div class=\"kksr-stars-inactive\">             <div class=\"kksr-star\" data-star=\"1\" style=\"padding-right: 5px\">               <div class=\"kksr-icon\" style=\"width: 24px; height: 24px;\"><\/div>         <\/div>             <div class=\"kksr-star\" data-star=\"2\" style=\"padding-right: 5px\">               <div class=\"kksr-icon\" style=\"width: 24px; height: 24px;\"><\/div>         <\/div>             <div class=\"kksr-star\" data-star=\"3\" style=\"padding-right: 5px\">               <div class=\"kksr-icon\" style=\"width: 24px; height: 24px;\"><\/div>         <\/div>             <div class=\"kksr-star\" data-star=\"4\" style=\"padding-right: 5px\">               <div class=\"kksr-icon\" style=\"width: 24px; height: 24px;\"><\/div>         <\/div>             <div class=\"kksr-star\" data-star=\"5\" style=\"padding-right: 5px\">               <div class=\"kksr-icon\" style=\"width: 24px; height: 24px;\"><\/div>         <\/div>     <\/div>      <div class=\"kksr-stars-active\" style=\"width: 136.7px;\">             <div class=\"kksr-star\" style=\"padding-right: 5px\">               <div class=\"kksr-icon\" style=\"width: 24px; height: 24px;\"><\/div>         <\/div>             <div class=\"kksr-star\" style=\"padding-right: 5px\">               <div class=\"kksr-icon\" style=\"width: 24px; height: 24px;\"><\/div>         <\/div>             <div class=\"kksr-star\" style=\"padding-right: 5px\">               <div class=\"kksr-icon\" style=\"width: 24px; height: 24px;\"><\/div>         <\/div>             <div class=\"kksr-star\" style=\"padding-right: 5px\">               <div class=\"kksr-icon\" style=\"width: 24px; height: 24px;\"><\/div>         <\/div>             <div class=\"kksr-star\" style=\"padding-right: 5px\">               <div class=\"kksr-icon\" style=\"width: 24px; height: 24px;\"><\/div>         <\/div>     <\/div> <\/div>                   <div class=\"kksr-legend\" style=\"font-size: 19.2px;\">             4.8\/5 - (15 oy)    <\/div>     <\/div>  <p>Bu k\u00fc\u00e7\u00fck \u00f6l\u00e7ekli \u00e7ubuk t\u00fcts\u00fc \u00fcretim hatt\u0131 esas olarak t\u00fcts\u00fc \u00e7ubuklar\u0131n\u0131 i\u015fleyen orta ve k\u00fc\u00e7\u00fck t\u00fcts\u00fc fabrikalar\u0131nda kullan\u0131l\u0131r. Bu agarbatti \u00e7ubu\u011fu i\u015fleme tesisinin ana ekipman\u0131, ah\u015fap tozu kar\u0131\u015ft\u0131r\u0131c\u0131s\u0131, \u00e7ubuk t\u00fcts\u00fc \u015fekillendirme makinesi ve \u00e7ubuk t\u00fcts\u00fc paketleme makinesini i\u00e7erir. \u0130\u015fleme hatt\u0131 farkl\u0131 \u00e7ap ve uzunluklardaki \u00e7ubuk t\u00fcts\u00fcleri i\u015fleyebilir.<\/p>   <div class=\"wp-block-image\"> <figure class=\"aligncenter size-full\"><img loading=\"lazy\" decoding=\"async\" width=\"720\" height=\"540\" src=\"https:\/\/incensemachinery.com\/wp-content\/uploads\/2022\/08\/stick-incense.jpg\" alt=\"sopa t\u00fcts\u00fc\" class=\"wp-image-143\" srcset=\"https:\/\/incensemachinery.com\/wp-content\/uploads\/2022\/08\/stick-incense.jpg 720w, https:\/\/incensemachinery.com\/wp-content\/uploads\/2022\/08\/stick-incense-300x225.jpg 300w\" sizes=\"auto, (max-width: 720px) 100vw, 720px\" \/><figcaption>sopa t\u00fcts\u00fc<\/figcaption><\/figure> <\/div>   <h2 class=\"wp-block-heading\">Agarbatti t\u00fcts\u00fc \u00e7ubu\u011fu i\u015fleme tesisinin ana ekipman\u0131<\/h2>    <p>Bu k\u00fc\u00e7\u00fck t\u00fcts\u00fc \u00e7ubu\u011fu i\u015fleme hatt\u0131 fabrikam\u0131zda \u00e7ok satan bir \u00fcr\u00fcnd\u00fcr. Bunun nedeni, agarbatti \u00e7ubu\u011fu i\u015fleme tesisinin basit, kullan\u0131m\u0131 kolay, d\u00fc\u015f\u00fck maliyetli ve olduk\u00e7a uygun maliyetli olmas\u0131d\u0131r. \u00dcretim hatt\u0131nda esas olarak bir kar\u0131\u015ft\u0131r\u0131c\u0131, t\u00fcts\u00fc \u00e7ubu\u011fu ekstruder makinesi ve t\u00fcts\u00fc \u00e7ubu\u011fu paketleme makinesi bulunmaktad\u0131r.  M\u00fc\u015fteriler t\u00fcts\u00fc yapma ekipman\u0131 konusunda bize dan\u0131\u015ft\u0131klar\u0131nda, genellikle m\u00fc\u015fterilerin ger\u00e7ek \u00fcretim ihtiya\u00e7lar\u0131na g\u00f6re uygun makineleri \u00f6neriyoruz.<\/p>    <h3 class=\"wp-block-heading\">Ah\u015fap tozu kar\u0131\u015ft\u0131r\u0131c\u0131 makinesi<\/h3>    <p>Bu yatay otomatik kar\u0131\u015ft\u0131r\u0131c\u0131, yem, g\u0131da, kimya, g\u00fcbre, ila\u00e7 ve di\u011fer end\u00fcstrilerde toz, gran\u00fcler, pul, topak ve viskoz malzemelerin kar\u0131\u015ft\u0131r\u0131lmas\u0131 ve kar\u0131\u015ft\u0131r\u0131lmas\u0131 i\u00e7in yayg\u0131n olarak kullan\u0131lmaktad\u0131r. Mikser, homojen kar\u0131\u015ft\u0131rma amac\u0131na ula\u015fmak i\u00e7in v\u00fccuttaki malzemeleri mekanik kar\u0131\u015ft\u0131rma yoluyla yapmak i\u00e7in an\u0131nda a\u011f\u0131rl\u0131ks\u0131zl\u0131k ilkesini kullan\u0131r. T\u00fcts\u00fc yapmak i\u00e7in kullan\u0131lan ah\u015fap tozu, yap\u0131\u015fkan toz, su, koku vb. hammaddeleri iyice kar\u0131\u015ft\u0131rmak i\u00e7in miksere belirli bir oranda koyabiliriz.<\/p>    <figure class=\"wp-block-gallery has-nested-images columns-default is-cropped wp-block-gallery-2 is-layout-flex wp-block-gallery-is-layout-flex\"> <figure class=\"wp-block-image size-large\"><img loading=\"lazy\" decoding=\"async\" width=\"720\" height=\"540\" data-id=\"144\" src=\"https:\/\/incensemachinery.com\/wp-content\/uploads\/2022\/08\/mixer-machine.webp\" alt=\"mikser makinesi\" class=\"wp-image-144\" srcset=\"https:\/\/incensemachinery.com\/wp-content\/uploads\/2022\/08\/mixer-machine.webp 720w, https:\/\/incensemachinery.com\/wp-content\/uploads\/2022\/08\/mixer-machine-300x225.webp 300w\" sizes=\"auto, (max-width: 720px) 100vw, 720px\" \/><figcaption>mikser makinesi<\/figcaption><\/figure>    <figure class=\"wp-block-image size-large\"><img loading=\"lazy\" decoding=\"async\" width=\"720\" height=\"540\" data-id=\"145\" src=\"https:\/\/incensemachinery.com\/wp-content\/uploads\/2022\/08\/wood-powder-1.webp\" alt=\"ah\u015fap tozu\" class=\"wp-image-145\" srcset=\"https:\/\/incensemachinery.com\/wp-content\/uploads\/2022\/08\/wood-powder-1.webp 720w, https:\/\/incensemachinery.com\/wp-content\/uploads\/2022\/08\/wood-powder-1-300x225.webp 300w\" sizes=\"auto, (max-width: 720px) 100vw, 720px\" \/><figcaption>ah\u015fap tozu<\/figcaption><\/figure> <\/figure>    <h4 class=\"wp-block-heading\">Mikser parametreleri<\/h4>    <figure class=\"wp-block-table\"><table><tbody><tr><td>Modeli<\/td><td>SL-ZW-0101<\/td><\/tr><tr><td>Kar\u0131\u015ft\u0131rma a\u011f\u0131rl\u0131\u011f\u0131<\/td><td>50kg\/toplu<\/td><\/tr><tr><td>G\u00fc\u00e7<\/td><td>3kw<\/td><\/tr><tr><td>Boyut<\/td><td>1100*750*1050mm<\/td><\/tr><tr><td>A\u011f\u0131rl\u0131k<\/td><td>300kg<\/td><\/tr><\/tbody><\/table><\/figure>    <h3 class=\"wp-block-heading\">T\u00fcts\u00fc \u00e7ubu\u011fu ekstruder makinesi<\/h3>    <p class=\"translation-block\"><strong>t\u00fcts\u00fc ekstr\u00fcder makinesi<\/strong>, bu t\u00fcts\u00fc \u00e7ubu\u011fu \u00fcretim hatt\u0131n\u0131n ana ekipman\u0131d\u0131r ve kar\u0131\u015ft\u0131r\u0131lan ham maddeleri bambu \u00e7ubuklar\u0131na e\u015fit \u015fekilde sarmak ve kaplamak i\u00e7in kullan\u0131l\u0131r. Bunlar aras\u0131nda, t\u00fcts\u00fc sarma kal\u0131nl\u0131\u011f\u0131 ve uzunlu\u011fu makinenin kontrol panelinde ayarlanabilir ve de\u011fi\u015ftirilebilir. Agarbatti \u00e7ubu\u011fu ekstr\u00fcder makinesinin i\u015fleme verimlili\u011fi dakikada yakla\u015f\u0131k 300 par\u00e7ad\u0131r. \u00dcretim h\u0131z\u0131 da ayarlanabilir. A\u015fa\u011f\u0131daki model, en \u00e7ok satan ekstr\u00fcderlerden biridir.<\/p>    <figure class=\"wp-block-gallery has-nested-images columns-default is-cropped wp-block-gallery-3 is-layout-flex wp-block-gallery-is-layout-flex\"> <figure class=\"wp-block-image size-large\"><img loading=\"lazy\" decoding=\"async\" width=\"720\" height=\"540\" data-id=\"115\" src=\"https:\/\/incensemachinery.com\/wp-content\/uploads\/2022\/08\/dhoop-incense-stick-making-machine.webp\" alt=\"dhoop t\u00fcts\u00fc \u00e7ubu\u011fu yapma makinesi\" class=\"wp-image-115\" srcset=\"https:\/\/incensemachinery.com\/wp-content\/uploads\/2022\/08\/dhoop-incense-stick-making-machine.webp 720w, https:\/\/incensemachinery.com\/wp-content\/uploads\/2022\/08\/dhoop-incense-stick-making-machine-300x225.webp 300w\" sizes=\"auto, (max-width: 720px) 100vw, 720px\" \/><figcaption>dhoop t\u00fcts\u00fc \u00e7ubu\u011fu yapma makinesi<\/figcaption><\/figure>    <figure class=\"wp-block-image size-large\"><img loading=\"lazy\" decoding=\"async\" width=\"720\" height=\"540\" data-id=\"127\" src=\"https:\/\/incensemachinery.com\/wp-content\/uploads\/2022\/08\/stick-incense.webp\" alt=\"sopa t\u00fcts\u00fc\" class=\"wp-image-127\" srcset=\"https:\/\/incensemachinery.com\/wp-content\/uploads\/2022\/08\/stick-incense.webp 720w, https:\/\/incensemachinery.com\/wp-content\/uploads\/2022\/08\/stick-incense-300x225.webp 300w\" sizes=\"auto, (max-width: 720px) 100vw, 720px\" \/><figcaption>agarbatti \u00e7ubu\u011fu t\u00fcts\u00fc<\/figcaption><\/figure> <\/figure>    <h4 class=\"wp-block-heading\">T\u00fcts\u00fc ekstruder makinesinin parametreleri<\/h4>    <figure class=\"wp-block-table\"><table><tbody><tr><td>Modeli<\/td><td>SL-ZW-07<\/td><\/tr><tr><td>G\u00fc\u00e7<\/td><td>3kw<\/td><\/tr><tr><td>Nihai \u00fcr\u00fcn boyutu<\/td><td>3-6 mm\u00a02,5 mm uzunluk 48 cm'nin alt\u0131nda<\/td><\/tr><tr><td>Paket boyutu<\/td><td>800*1050*800mm<\/td><\/tr><tr><td>H\u0131z<\/td><td>300+ adet\/dak<\/td><\/tr><tr><td>A\u011f\u0131rl\u0131k<\/td><td>300kg<\/td><\/tr><\/tbody><\/table><\/figure>    <h3 class=\"wp-block-heading\">\u00c7ubuk T\u00fcts\u00fc paketleme makinesi<\/h3>    <p class=\"translation-block\">Bu t\u00fcr bir <strong><a href=\"https:\/\/taizypackaging.com\/incense-stick-counting-and-packing-machine\/\" target=\"_blank\" rel=\"noopener\">t\u00fcts\u00fc \u00e7ubu\u011fu paketleme makinesi <\/a><\/strong>otomatik sayma ve paketleme i\u015flevine sahiptir. Belirli paketleme spesifikasyonlar\u0131na g\u00f6re kurutulmu\u015f agarbatti t\u00fcts\u00fc \u00e7ubuklar\u0131n\u0131 otomatik olarak paketleyebilir. Bu paketleme makinesi, agarbatti \u00e7ubu\u011fu t\u00fcts\u00fcs\u00fcn\u00fc saymak ve paketlemek i\u00e7in \u00e7ok say\u0131da manuel i\u015f\u00e7i yerine ge\u00e7ebilir ve \u00e7ubu\u011fun t\u00fcts\u00fcs\u00fcne zarar vermeden \u00e7al\u0131\u015f\u0131r. T\u00fcts\u00fc \u00e7ubu\u011fu paketleme makinesi, 1-100 cm uzunlu\u011fundaki her t\u00fcrl\u00fc t\u00fcts\u00fc \u00e7ubu\u011funu paketlemek i\u00e7in kullan\u0131labilir.<\/p>   <div class=\"wp-block-image\"> <figure class=\"aligncenter size-full\"><img loading=\"lazy\" decoding=\"async\" width=\"720\" height=\"540\" src=\"https:\/\/incensemachinery.com\/wp-content\/uploads\/2022\/08\/incense-stick-packaging-machine.webp\" alt=\"t\u00fcts\u00fc \u00e7ubu\u011fu paketleme makinesi\" class=\"wp-image-146\" srcset=\"https:\/\/incensemachinery.com\/wp-content\/uploads\/2022\/08\/incense-stick-packaging-machine.webp 720w, https:\/\/incensemachinery.com\/wp-content\/uploads\/2022\/08\/incense-stick-packaging-machine-300x225.webp 300w\" sizes=\"auto, (max-width: 720px) 100vw, 720px\" \/><figcaption>t\u00fcts\u00fc \u00e7ubu\u011fu paketleme makinesi<\/figcaption><\/figure> <\/div>   <h4 class=\"wp-block-heading\">T\u00fcts\u00fc paketleme makinesinin parametreleri<\/h4>    <figure class=\"wp-block-table\"><table><tbody><tr><td>Modeli<\/td><td>SL-CX-350<\/td><\/tr><tr><td>G\u00fc\u00e7<\/td><td>220V\/3kw<\/td><\/tr><tr><td>Paketleme t\u00fcr\u00fc<\/td><td>H tipi<\/td><\/tr><tr><td>H\u0131z<\/td><td>30-50 torba\/dak<\/td><\/tr><tr><td>Plastik filmin kal\u0131nl\u0131\u011f\u0131<\/td><td>1.0\u20142.2um<\/td><\/tr><tr><td>Ambalaj geni\u015fli\u011fi<\/td><td>300 mm<\/td><\/tr><tr><td>Ambalaj\u0131n y\u00fcksekli\u011fi<\/td><td>\u226480mm&nbsp;&nbsp;<\/td><\/tr><tr><td>Gereksinimleriniz<\/td><td>\u00c7ap: 5-6mm, 100 adet\/torba<\/td><\/tr><tr><td>Boyut<\/td><td>2300*1400*1450 &nbsp;&nbsp;<\/td><\/tr><tr><td>a\u011f\u0131rl\u0131k<\/td><td>350kg<\/td><\/tr><tr><td>Uygun<\/td><td>T\u00fcts\u00fc \u00e7ubuklar\u0131, i\u00e7ecek pipetleri, barbek\u00fc \u00e7ubuklar\u0131 vb.<\/td><\/tr><\/tbody><\/table><\/figure>    <figure class=\"wp-block-gallery has-nested-images columns-2 is-cropped wp-block-gallery-4 is-layout-flex wp-block-gallery-is-layout-flex\"> <figure class=\"wp-block-image size-large\"><img loading=\"lazy\" decoding=\"async\" width=\"720\" height=\"540\" data-id=\"147\" src=\"https:\/\/incensemachinery.com\/wp-content\/uploads\/2022\/08\/agarbatti-incense-stick-plants-in-Vietnam.webp\" alt=\"Vietnam&#039;daki agarbatti t\u00fcts\u00fc \u00e7ubu\u011fu tesisleri\" class=\"wp-image-147\" srcset=\"https:\/\/incensemachinery.com\/wp-content\/uploads\/2022\/08\/agarbatti-incense-stick-plants-in-Vietnam.webp 720w, https:\/\/incensemachinery.com\/wp-content\/uploads\/2022\/08\/agarbatti-incense-stick-plants-in-Vietnam-300x225.webp 300w\" sizes=\"auto, (max-width: 720px) 100vw, 720px\" \/><figcaption>Vietnam'daki agarbatti t\u00fcts\u00fc \u00e7ubu\u011fu tesisleri<\/figcaption><\/figure>    <figure class=\"wp-block-image size-large\"><img loading=\"lazy\" decoding=\"async\" width=\"720\" height=\"540\" data-id=\"148\" src=\"https:\/\/incensemachinery.com\/wp-content\/uploads\/2022\/08\/incense-machine-factory.webp\" alt=\"t\u00fcts\u00fc makinesi fabrikas\u0131\" class=\"wp-image-148\" srcset=\"https:\/\/incensemachinery.com\/wp-content\/uploads\/2022\/08\/incense-machine-factory.webp 720w, https:\/\/incensemachinery.com\/wp-content\/uploads\/2022\/08\/incense-machine-factory-300x225.webp 300w\" sizes=\"auto, (max-width: 720px) 100vw, 720px\" \/><figcaption>t\u00fcts\u00fc makinesi fabrikas\u0131<\/figcaption><\/figure>    <figure class=\"wp-block-image size-large\"><img loading=\"lazy\" decoding=\"async\" width=\"720\" height=\"540\" data-id=\"149\" src=\"https:\/\/incensemachinery.com\/wp-content\/uploads\/2022\/08\/stick-incense-making.webp\" alt=\"\u00e7ubuk t\u00fcts\u00fc yap\u0131m\u0131\" class=\"wp-image-149\" srcset=\"https:\/\/incensemachinery.com\/wp-content\/uploads\/2022\/08\/stick-incense-making.webp 720w, https:\/\/incensemachinery.com\/wp-content\/uploads\/2022\/08\/stick-incense-making-300x225.webp 300w\" sizes=\"auto, (max-width: 720px) 100vw, 720px\" \/><figcaption>\u00e7ubuk t\u00fcts\u00fc yap\u0131m\u0131<\/figcaption><\/figure>    <figure class=\"wp-block-image size-large\"><img loading=\"lazy\" decoding=\"async\" width=\"720\" height=\"540\" data-id=\"150\" src=\"https:\/\/incensemachinery.com\/wp-content\/uploads\/2022\/08\/white-stick-incense-making.webp\" alt=\"beyaz \u00e7ubuk t\u00fcts\u00fc yap\u0131m\u0131\" class=\"wp-image-150\" srcset=\"https:\/\/incensemachinery.com\/wp-content\/uploads\/2022\/08\/white-stick-incense-making.webp 720w, https:\/\/incensemachinery.com\/wp-content\/uploads\/2022\/08\/white-stick-incense-making-300x225.webp 300w\" sizes=\"auto, (max-width: 720px) 100vw, 720px\" \/><figcaption>beyaz \u00e7ubuk t\u00fcts\u00fc yap\u0131m\u0131<\/figcaption><\/figure> <\/figure>    <h2 class=\"wp-block-heading\">K\u00fc\u00e7\u00fck \u00e7ubuk t\u00fcts\u00fc \u00fcretim hatt\u0131n\u0131n \u00f6zellikleri<\/h2>    <p>Bu k\u00fc\u00e7\u00fck \u00f6l\u00e7ekli t\u00fcts\u00fc \u00e7ubu\u011fu i\u015fleme tesisi, Shuliy fabrikam\u0131z taraf\u0131ndan \u00e7o\u011fu m\u00fc\u015fterimizin tercihlerine dayal\u0131 olarak tasarlanm\u0131\u015f basit bir t\u00fcts\u00fc \u00fcretim \u00e7\u00f6z\u00fcm\u00fcd\u00fcr. Bu hatt\u0131n d\u00fc\u015f\u00fck maliyeti, y\u00fcksek i\u015fleme hacmine sahip ancak d\u00fc\u015f\u00fck yat\u0131r\u0131m b\u00fct\u00e7esi olan m\u00fc\u015fteriler i\u00e7in uygundur. Bu hat, t\u00fcts\u00fc fabrikalar\u0131n\u0131n 'inin ihtiya\u00e7lar\u0131n\u0131 temel olarak kar\u015f\u0131layabilir.<\/p>    <p>Bu agarbatti \u00e7ubu\u011fu i\u015fleme hatt\u0131ndaki ekipman yaln\u0131zca referans tasar\u0131md\u0131r. \u00d6rne\u011fin m\u00fc\u015fteri paketlenmesine gerek olmayan t\u00fcts\u00fc \u00e7ubuklar\u0131 \u00fcretiyorsa t\u00fcts\u00fc \u00e7ubu\u011fu paketleme makinesi sat\u0131n almas\u0131na gerek yoktur. Genellikle fabrikam\u0131z, m\u00fc\u015fterilerimiz i\u00e7in i\u015fleme ihtiya\u00e7lar\u0131na ve yat\u0131r\u0131m b\u00fct\u00e7elerine g\u00f6re uygun bir \u00e7\u00f6z\u00fcm\u00fc \u00f6zelle\u015ftirebilmektedir.<\/p>","protected":false},"excerpt":{"rendered":"<p>This small-scale stick incense production line is mainly used in medium and small incense factories that process incense sticks. The main equipment of this agarbatti stick processing plant includes the wood powder mixer, stick incense forming machine, and stick incense packaging machine. The processing line can process stick incense of different diameters and lengths. Main [&hellip;]<\/p>\n","protected":false},"author":1,"featured_media":139,"parent":0,"template":"","tags":[13],"product-type":[7],"class_list":["post-138","product","type-product","status-publish","has-post-thumbnail","hentry","tag-stick-incense","product-type-incense-stick-production-line"],"_links":{"self":[{"href":"https:\/\/incensemachinery.com\/tr\/wp-json\/wp\/v2\/product\/138","targetHints":{"allow":["GET"]}}],"collection":[{"href":"https:\/\/incensemachinery.com\/tr\/wp-json\/wp\/v2\/product"}],"about":[{"href":"https:\/\/incensemachinery.com\/tr\/wp-json\/wp\/v2\/types\/product"}],"author":[{"embeddable":true,"href":"https:\/\/incensemachinery.com\/tr\/wp-json\/wp\/v2\/users\/1"}],"wp:featuredmedia":[{"embeddable":true,"href":"https:\/\/incensemachinery.com\/tr\/wp-json\/wp\/v2\/media\/139"}],"wp:attachment":[{"href":"https:\/\/incensemachinery.com\/tr\/wp-json\/wp\/v2\/media?parent=138"}],"wp:term":[{"taxonomy":"post_tag","embeddable":true,"href":"https:\/\/incensemachinery.com\/tr\/wp-json\/wp\/v2\/tags?post=138"},{"taxonomy":"product-type","embeddable":true,"href":"https:\/\/incensemachinery.com\/tr\/wp-json\/wp\/v2\/product-type?post=138"}],"curies":[{"name":"wp","href":"https:\/\/api.w.org\/{rel}","templated":true}]}}