{"id":118,"date":"2022-08-03T10:43:01","date_gmt":"2022-08-03T10:43:01","guid":{"rendered":"https:\/\/incensemachinery.com\/?post_type=product&#038;p=118"},"modified":"2025-07-03T16:24:50","modified_gmt":"2025-07-03T08:24:50","slug":"thread-incense-making-machine","status":"publish","type":"product","link":"https:\/\/incensemachinery.com\/tr\/product\/thread-incense-making-machine\/","title":{"rendered":"T\u00fcts\u00fc Yapma Makinesi | \u0130plik T\u00fcts\u00fc Makinesi"},"content":{"rendered":"<div class=\"kk-star-ratings kksr-auto kksr-align-left kksr-valign-top\"     data-payload='{&quot;align&quot;:&quot;left&quot;,&quot;id&quot;:&quot;118&quot;,&quot;slug&quot;:&quot;default&quot;,&quot;valign&quot;:&quot;top&quot;,&quot;ignore&quot;:&quot;&quot;,&quot;reference&quot;:&quot;auto&quot;,&quot;class&quot;:&quot;&quot;,&quot;count&quot;:&quot;14&quot;,&quot;legendonly&quot;:&quot;&quot;,&quot;readonly&quot;:&quot;&quot;,&quot;score&quot;:&quot;4.9&quot;,&quot;starsonly&quot;:&quot;&quot;,&quot;best&quot;:&quot;5&quot;,&quot;gap&quot;:&quot;5&quot;,&quot;greet&quot;:&quot;Rate this product&quot;,&quot;legend&quot;:&quot;4.9\\\/5 - (14 votes)&quot;,&quot;size&quot;:&quot;24&quot;,&quot;title&quot;:&quot;Incense Making Machine | Thread Incense Machine&quot;,&quot;width&quot;:&quot;139.6&quot;,&quot;_legend&quot;:&quot;{score}\\\/{best} - ({count} {votes})&quot;,&quot;font_factor&quot;:&quot;1.25&quot;}'>              <div class=\"kksr-stars\">      <div class=\"kksr-stars-inactive\">             <div class=\"kksr-star\" data-star=\"1\" style=\"padding-right: 5px\">               <div class=\"kksr-icon\" style=\"width: 24px; height: 24px;\"><\/div>         <\/div>             <div class=\"kksr-star\" data-star=\"2\" style=\"padding-right: 5px\">               <div class=\"kksr-icon\" style=\"width: 24px; height: 24px;\"><\/div>         <\/div>             <div class=\"kksr-star\" data-star=\"3\" style=\"padding-right: 5px\">               <div class=\"kksr-icon\" style=\"width: 24px; height: 24px;\"><\/div>         <\/div>             <div class=\"kksr-star\" data-star=\"4\" style=\"padding-right: 5px\">               <div class=\"kksr-icon\" style=\"width: 24px; height: 24px;\"><\/div>         <\/div>             <div class=\"kksr-star\" data-star=\"5\" style=\"padding-right: 5px\">               <div class=\"kksr-icon\" style=\"width: 24px; height: 24px;\"><\/div>         <\/div>     <\/div>      <div class=\"kksr-stars-active\" style=\"width: 139.6px;\">             <div class=\"kksr-star\" style=\"padding-right: 5px\">               <div class=\"kksr-icon\" style=\"width: 24px; height: 24px;\"><\/div>         <\/div>             <div class=\"kksr-star\" style=\"padding-right: 5px\">               <div class=\"kksr-icon\" style=\"width: 24px; height: 24px;\"><\/div>         <\/div>             <div class=\"kksr-star\" style=\"padding-right: 5px\">               <div class=\"kksr-icon\" style=\"width: 24px; height: 24px;\"><\/div>         <\/div>             <div class=\"kksr-star\" style=\"padding-right: 5px\">               <div class=\"kksr-icon\" style=\"width: 24px; height: 24px;\"><\/div>         <\/div>             <div class=\"kksr-star\" style=\"padding-right: 5px\">               <div class=\"kksr-icon\" style=\"width: 24px; height: 24px;\"><\/div>         <\/div>     <\/div> <\/div>                   <div class=\"kksr-legend\" style=\"font-size: 19.2px;\">             4.9\/5 - (14 oy)    <\/div>     <\/div>  <p class=\"translation-block\">Bu otomatik t\u00fcts\u00fc yapma makinesi, \u00e7ubuk t\u00fcts\u00fc makinesi olarak da adland\u0131r\u0131labilir, ancak esas olarak bambu \u00e7ubuksuz t\u00fcts\u00fc yapmak i\u00e7in kullan\u0131l\u0131r. Bu ip t\u00fcts\u00fc makinesi, farkl\u0131 \u00e7aplarda ve uzunluklarda \u00e7e\u015fitli t\u00fcrlerde t\u00fcts\u00fc \u00e7ubuklar\u0131n\u0131 i\u015fleyebilir. Bu makine taraf\u0131ndan \u00fcretilen t\u00fcts\u00fc genellikle <strong><a href=\"https:\/\/buddingbuddhist.com\/what-kind-of-incense-is-used-in-buddhist-temples\/\" target=\"_blank\" rel=\"noopener\">Budist t\u00fcts\u00fcs\u00fc<\/a><\/strong> ve i\u00e7 mekan t\u00fcts\u00fc \u00e7ubuklar\u0131 olarak kullan\u0131l\u0131r. Hammaddeye farkl\u0131 renkler ekleyerek, makine renkli t\u00fcts\u00fc \u00e7ubuklar\u0131n\u0131 da i\u015fleyebilir.<\/p>    <figure class=\"wp-block-gallery has-nested-images columns-default is-cropped wp-block-gallery-2 is-layout-flex wp-block-gallery-is-layout-flex\"> <figure class=\"wp-block-image size-large\"><img loading=\"lazy\" decoding=\"async\" width=\"720\" height=\"540\" data-id=\"124\" src=\"https:\/\/incensemachinery.com\/wp-content\/uploads\/2022\/08\/industrial-thread-incense-stick-machine.webp\" alt=\"end\u00fcstriyel iplik t\u00fcts\u00fc \u00e7ubu\u011fu makinesi\" class=\"wp-image-124\" srcset=\"https:\/\/incensemachinery.com\/wp-content\/uploads\/2022\/08\/industrial-thread-incense-stick-machine.webp 720w, https:\/\/incensemachinery.com\/wp-content\/uploads\/2022\/08\/industrial-thread-incense-stick-machine-300x225.webp 300w\" sizes=\"auto, (max-width: 720px) 100vw, 720px\" \/><figcaption class=\"wp-element-caption\">end\u00fcstriyel iplik t\u00fcts\u00fc \u00e7ubu\u011fu makinesi<\/figcaption><\/figure>    <figure class=\"wp-block-image size-large\"><img loading=\"lazy\" decoding=\"async\" width=\"720\" height=\"540\" data-id=\"125\" src=\"https:\/\/incensemachinery.com\/wp-content\/uploads\/2022\/08\/thread-incense-stick.webp\" alt=\"iplik t\u00fcts\u00fc \u00e7ubu\u011fu\" class=\"wp-image-125\" srcset=\"https:\/\/incensemachinery.com\/wp-content\/uploads\/2022\/08\/thread-incense-stick.webp 720w, https:\/\/incensemachinery.com\/wp-content\/uploads\/2022\/08\/thread-incense-stick-300x225.webp 300w\" sizes=\"auto, (max-width: 720px) 100vw, 720px\" \/><figcaption class=\"wp-element-caption\">iplik t\u00fcts\u00fc \u00e7ubu\u011fu<\/figcaption><\/figure> <\/figure>    <h2 class=\"wp-block-heading\" id=\"h-raw-materials-for-making-incense\">T\u00fcts\u00fc yapmak i\u00e7in hammaddeler<\/h2>    <p>T\u00fcts\u00fc i\u015flemek i\u00e7in temel hammaddeler esas olarak daha ince a\u011fa\u00e7 tozu (60-100 a\u011f g\u00f6z\u00fc), yap\u0131\u015fkan toz, pigment, aroma vb.'dir. Bunlar\u0131n aras\u0131nda yap\u0131\u015fkan toz, end\u00fcstride kullan\u0131lan sak\u0131z tozu t\u00fcr\u00fc de\u011fil, ondan yap\u0131lan tozdur. A\u011fa\u00e7lar\u0131n kabuklar\u0131, dallar\u0131, yapraklar\u0131 ve k\u00f6kleri yap\u0131\u015fkand\u0131r. Bu toz su ile kar\u015f\u0131la\u015ft\u0131\u011f\u0131nda yap\u0131\u015fkan olacakt\u0131r, zamkl\u0131d\u0131r ve g\u00fc\u00e7l\u00fc bir yap\u0131\u015fkanl\u0131\u011fa sahiptir.<\/p>    <h2 class=\"wp-block-heading\" id=\"h-incense-with-stick-vs-incense-without-sticks\">\u00c7ubuklu t\u00fcts\u00fc VS \u00e7ubuksuz t\u00fcts\u00fc<\/h2>    <p class=\"translation-block\">Genellikle g\u00f6rd\u00fc\u011f\u00fcm\u00fcz \u00e7ubuk t\u00fcts\u00fclerin iki ana t\u00fcr\u00fc vard\u0131r, biri bambu veya tahta \u00e7ubuklu, di\u011feri ise \u00e7ubuksuz olan\u0131d\u0131r. Asl\u0131nda, kullan\u0131m a\u00e7\u0131s\u0131ndan bu iki t\u00fcr t\u00fcts\u00fc aras\u0131nda hi\u00e7bir fark yoktur, yaln\u0131zca g\u00f6r\u00fcn\u00fcmde k\u00fc\u00e7\u00fck bir fark vard\u0131r. <strong><a href=\"https:\/\/incensemachinery.com\/tr\/product\/agarbatti-incense-stick-machine\/?swcfpc=1\">Bambu \u00e7ubuklu \u00e7ubuk t\u00fcts\u00fc<\/a><\/strong>, t\u00fcts\u00fcn\u00fcn yak\u0131ld\u0131\u011f\u0131 yere kolayca tak\u0131l\u0131r ve tutmas\u0131 kolayd\u0131r. \u00c7ubuksuz olan\u0131n genellikle t\u00fcts\u00fc yakma kab\u0131na yerle\u015ftirilmesi gerekir.<\/p>    <figure class=\"wp-block-gallery has-nested-images columns-default is-cropped wp-block-gallery-3 is-layout-flex wp-block-gallery-is-layout-flex\"> <figure class=\"wp-block-image size-large\"><img loading=\"lazy\" decoding=\"async\" width=\"720\" height=\"540\" data-id=\"127\" src=\"https:\/\/incensemachinery.com\/wp-content\/uploads\/2022\/08\/stick-incense.webp\" alt=\"sopa t\u00fcts\u00fc\" class=\"wp-image-127\" srcset=\"https:\/\/incensemachinery.com\/wp-content\/uploads\/2022\/08\/stick-incense.webp 720w, https:\/\/incensemachinery.com\/wp-content\/uploads\/2022\/08\/stick-incense-300x225.webp 300w\" sizes=\"auto, (max-width: 720px) 100vw, 720px\" \/><figcaption class=\"wp-element-caption\">sopa t\u00fcts\u00fc<\/figcaption><\/figure>    <figure class=\"wp-block-image size-large\"><img loading=\"lazy\" decoding=\"async\" width=\"720\" height=\"540\" data-id=\"128\" src=\"https:\/\/incensemachinery.com\/wp-content\/uploads\/2022\/08\/thread-incense-without-sticks.webp\" alt=\"\u00e7ubuksuz iplik t\u00fcts\u00fc\" class=\"wp-image-128\" srcset=\"https:\/\/incensemachinery.com\/wp-content\/uploads\/2022\/08\/thread-incense-without-sticks.webp 720w, https:\/\/incensemachinery.com\/wp-content\/uploads\/2022\/08\/thread-incense-without-sticks-300x225.webp 300w\" sizes=\"auto, (max-width: 720px) 100vw, 720px\" \/><figcaption class=\"wp-element-caption\">\u00e7ubuksuz iplik t\u00fcts\u00fc<\/figcaption><\/figure> <\/figure>    <h2 class=\"wp-block-heading\" id=\"h-main-structure-of-thread-incense-making-machine\">\u0130plik t\u00fcts\u00fc yapma makinesinin ana yap\u0131s\u0131<\/h2>    <p>T\u00fcts\u00fc makinesinin tamam\u0131 bir ekstr\u00fczyon makinesi, \u00fc\u00e7 konvey\u00f6r (besleme i\u00e7in bir konvey\u00f6r, kesicili bir konvey\u00f6r ve ta\u015f\u0131ma i\u00e7in bir konvey\u00f6r) ve bir istifleme makinesi i\u00e7erir. T\u00fcts\u00fc boyutu m\u00fc\u015fterinin iste\u011fine g\u00f6re \u00f6zelle\u015ftirilebilir ve ayr\u0131ca i\u00e7indeki kal\u0131plar de\u011fi\u015ftirilerek farkl\u0131 \u015fekillerde veya farkl\u0131 \u00e7aplarda nihai t\u00fcts\u00fc \u00fcretilebilir.<\/p>    <figure class=\"wp-block-gallery has-nested-images columns-default is-cropped wp-block-gallery-4 is-layout-flex wp-block-gallery-is-layout-flex\"> <figure class=\"wp-block-image size-large\"><img loading=\"lazy\" decoding=\"async\" width=\"720\" height=\"540\" data-id=\"130\" src=\"https:\/\/incensemachinery.com\/wp-content\/uploads\/2022\/08\/small-thread-incense-processing-line.webp\" alt=\"k\u00fc\u00e7\u00fck iplik t\u00fcts\u00fc i\u015fleme hatt\u0131\" class=\"wp-image-130\" srcset=\"https:\/\/incensemachinery.com\/wp-content\/uploads\/2022\/08\/small-thread-incense-processing-line.webp 720w, https:\/\/incensemachinery.com\/wp-content\/uploads\/2022\/08\/small-thread-incense-processing-line-300x225.webp 300w\" sizes=\"auto, (max-width: 720px) 100vw, 720px\" \/><figcaption class=\"wp-element-caption\">k\u00fc\u00e7\u00fck iplik t\u00fcts\u00fc i\u015fleme hatt\u0131<\/figcaption><\/figure>    <figure class=\"wp-block-image size-large\"><img loading=\"lazy\" decoding=\"async\" width=\"720\" height=\"540\" data-id=\"134\" src=\"https:\/\/incensemachinery.com\/wp-content\/uploads\/2022\/08\/stick-incense-extruding-molds.webp\" alt=\"sopa t\u00fcts\u00fc ekstr\u00fczyon kal\u0131plar\u0131\" class=\"wp-image-134\" srcset=\"https:\/\/incensemachinery.com\/wp-content\/uploads\/2022\/08\/stick-incense-extruding-molds.webp 720w, https:\/\/incensemachinery.com\/wp-content\/uploads\/2022\/08\/stick-incense-extruding-molds-300x225.webp 300w\" sizes=\"auto, (max-width: 720px) 100vw, 720px\" \/><figcaption class=\"wp-element-caption\">sopa t\u00fcts\u00fc ekstr\u00fczyon kal\u0131plar\u0131<\/figcaption><\/figure> <\/figure>    <h2 class=\"wp-block-heading\" id=\"h-main-advantages-of-shuliy-stick-incense-machine\">Shuliy \u00e7ubuk t\u00fcts\u00fc makinesinin ana avantajlar\u0131<\/h2>    <ol class=\"wp-block-list\"> <li>Shuliy fabrika t\u00fcts\u00fc makinelerinin \u00e7e\u015fitli modelleri mevcuttur. Bize i\u015flemek istedi\u011finiz t\u00fcts\u00fc t\u00fcr\u00fcn\u00fc ve boyutunu s\u00f6ylemeniz yeterli; size en uygun t\u00fcts\u00fc yapma makinesini ve y\u00fcksek maliyet performans\u0131na sahip eksiksiz bir t\u00fcts\u00fc i\u015fleme \u00e7\u00f6z\u00fcm\u00fcn\u00fc \u00f6nerece\u011fiz.<\/li>    <li>Shuliy fabrikas\u0131 yenilik ve geli\u015fim konusunda \u0131srarc\u0131d\u0131r, s\u00fcrekli olarak m\u00fc\u015fteri geri bildirimlerine dayanarak t\u00fcts\u00fc \u00fcretim ekipman\u0131n\u0131 g\u00fcncellemektedir. Bu nedenle, fabrikam\u0131z her m\u00fc\u015fteri i\u00e7in do\u011fru t\u00fcts\u00fc \u00e7ubu\u011fu i\u015fleme \u00e7\u00f6z\u00fcmlerini \u00f6zelle\u015ftirebilir. M\u00fc\u015fterinin ihtiya\u00e7lar\u0131na g\u00f6re \u00e7ap, uzunluk, \u015fekil, desen, koku, k\u00fcl i\u00e7eri\u011fi, ate\u015fleme s\u00fcresi, yanma s\u00fcresi vb. gibi \u00f6zellikleri \u00f6zelle\u015ftirebiliriz.<\/li> <\/ol>    <figure class=\"wp-block-gallery has-nested-images columns-2 is-cropped wp-block-gallery-5 is-layout-flex wp-block-gallery-is-layout-flex\"> <figure class=\"wp-block-image size-large\"><img loading=\"lazy\" decoding=\"async\" width=\"720\" height=\"540\" data-id=\"131\" src=\"https:\/\/incensemachinery.com\/wp-content\/uploads\/2022\/08\/incense-making-machine-packaing-and-shipping.webp\" alt=\"t\u00fcts\u00fc yapma makinesi paketleme ve nakliye\" class=\"wp-image-131\" srcset=\"https:\/\/incensemachinery.com\/wp-content\/uploads\/2022\/08\/incense-making-machine-packaing-and-shipping.webp 720w, https:\/\/incensemachinery.com\/wp-content\/uploads\/2022\/08\/incense-making-machine-packaing-and-shipping-300x225.webp 300w\" sizes=\"auto, (max-width: 720px) 100vw, 720px\" \/><figcaption class=\"wp-element-caption\">t\u00fcts\u00fc yapma makinesi paketleme ve nakliye<\/figcaption><\/figure>    <figure class=\"wp-block-image size-large\"><img loading=\"lazy\" decoding=\"async\" width=\"720\" height=\"540\" data-id=\"132\" src=\"https:\/\/incensemachinery.com\/wp-content\/uploads\/2022\/08\/thread-incense-machine-shipment.webp\" alt=\"iplik t\u00fcts\u00fc makinesi sevkiyat\u0131\" class=\"wp-image-132\" srcset=\"https:\/\/incensemachinery.com\/wp-content\/uploads\/2022\/08\/thread-incense-machine-shipment.webp 720w, https:\/\/incensemachinery.com\/wp-content\/uploads\/2022\/08\/thread-incense-machine-shipment-300x225.webp 300w\" sizes=\"auto, (max-width: 720px) 100vw, 720px\" \/><figcaption class=\"wp-element-caption\">iplik t\u00fcts\u00fc makinesi sevkiyat\u0131<\/figcaption><\/figure>    <figure class=\"wp-block-image size-large\"><img loading=\"lazy\" decoding=\"async\" width=\"720\" height=\"540\" data-id=\"120\" src=\"https:\/\/incensemachinery.com\/wp-content\/uploads\/2022\/08\/complete-thread-incense-machine.webp\" alt=\"komple iplik t\u00fcts\u00fc makinesi\" class=\"wp-image-120\" srcset=\"https:\/\/incensemachinery.com\/wp-content\/uploads\/2022\/08\/complete-thread-incense-machine.webp 720w, https:\/\/incensemachinery.com\/wp-content\/uploads\/2022\/08\/complete-thread-incense-machine-300x225.webp 300w\" sizes=\"auto, (max-width: 720px) 100vw, 720px\" \/><figcaption class=\"wp-element-caption\">komple iplik t\u00fcts\u00fc makinesi<\/figcaption><\/figure>    <figure class=\"wp-block-image size-large\"><img loading=\"lazy\" decoding=\"async\" width=\"720\" height=\"540\" data-id=\"121\" src=\"https:\/\/incensemachinery.com\/wp-content\/uploads\/2022\/08\/incense-making-machine-for-sale.webp\" alt=\"sat\u0131l\u0131k t\u00fcts\u00fc yapma makinesi\" class=\"wp-image-121\" srcset=\"https:\/\/incensemachinery.com\/wp-content\/uploads\/2022\/08\/incense-making-machine-for-sale.webp 720w, https:\/\/incensemachinery.com\/wp-content\/uploads\/2022\/08\/incense-making-machine-for-sale-300x225.webp 300w\" sizes=\"auto, (max-width: 720px) 100vw, 720px\" \/><figcaption class=\"wp-element-caption\">sat\u0131l\u0131k t\u00fcts\u00fc yapma makinesi<\/figcaption><\/figure> <\/figure>    <h2 class=\"wp-block-heading\" id=\"h-how-to-dry-the-incense-sticks\">T\u00fcts\u00fc \u00e7ubuklar\u0131 nas\u0131l kurutulur?<\/h2>    <p class=\"translation-block\">\u0130p t\u00fcts\u00fc yap\u0131ld\u0131\u011f\u0131nda, belirli bir miktar su i\u00e7erdi\u011fi i\u00e7in yumu\u015fakt\u0131r ve b\u00fck\u00fcl\u00fcp k\u0131r\u0131lmas\u0131 kolayd\u0131r. Bu nedenle, t\u00fcts\u00fc \u00e7ubuklar\u0131n\u0131n deformasyonunu \u00f6nlemek i\u00e7in, kesilmi\u015f t\u00fcts\u00fcy\u00fc kurutmak i\u00e7in genellikle tepsiler kullanmam\u0131z gerekir ve \u00e7ubuk t\u00fcts\u00fc kurutma i\u015flemi do\u011fal olarak veya bir <strong><a href=\"https:\/\/dryingplant.com\/\" target=\"_blank\" rel=\"noopener\">kurutucu makine<\/a><\/strong> kullan\u0131larak yap\u0131labilir. Fabrikam\u0131z, t\u00fcts\u00fc \u00e7ubuklar\u0131n\u0131n s\u00fcrekli kurutulmas\u0131 i\u00e7in kurutma ekipman\u0131 sa\u011flayabilir.<\/p>    <p>Do\u011fal kurutma y\u00f6ntemi daha yayg\u0131nd\u0131r. Ancak iplik t\u00fcts\u00fcs\u00fcn\u00fcn do\u011fal kurutulmas\u0131n\u0131n do\u011frudan g\u00fcne\u015fte de\u011fil, serin ve havaland\u0131r\u0131lm\u0131\u015f bir yerde yap\u0131lmas\u0131 gerekti\u011fine dikkat etmek \u00f6nemlidir. Bunun nedeni, g\u00fcne\u015fe konulan t\u00fcts\u00fc \u00e7ubuklar\u0131n\u0131n dengesiz bir \u015fekilde \u0131s\u0131nmas\u0131 ve b\u00fck\u00fcl\u00fcp \u00e7atlamas\u0131d\u0131r.<\/p>    <figure class=\"wp-block-gallery has-nested-images columns-default is-cropped wp-block-gallery-6 is-layout-flex wp-block-gallery-is-layout-flex\"> <figure class=\"wp-block-image size-full\"><img loading=\"lazy\" decoding=\"async\" width=\"720\" height=\"540\" data-id=\"165\" src=\"https:\/\/incensemachinery.com\/wp-content\/uploads\/2022\/08\/thread-incense-processing.webp\" alt=\"\" class=\"wp-image-165\" srcset=\"https:\/\/incensemachinery.com\/wp-content\/uploads\/2022\/08\/thread-incense-processing.webp 720w, https:\/\/incensemachinery.com\/wp-content\/uploads\/2022\/08\/thread-incense-processing-300x225.webp 300w\" sizes=\"auto, (max-width: 720px) 100vw, 720px\" \/><figcaption class=\"wp-element-caption\">kal\u0131n t\u00fcts\u00fc<\/figcaption><\/figure>    <figure class=\"wp-block-image size-large\"><img loading=\"lazy\" decoding=\"async\" width=\"540\" height=\"720\" data-id=\"136\" src=\"https:\/\/incensemachinery.com\/wp-content\/uploads\/2022\/08\/thin-thread-incense-sticks.webp\" alt=\"ince iplik t\u00fcts\u00fc \u00e7ubuklar\u0131\" class=\"wp-image-136\" srcset=\"https:\/\/incensemachinery.com\/wp-content\/uploads\/2022\/08\/thin-thread-incense-sticks.webp 540w, https:\/\/incensemachinery.com\/wp-content\/uploads\/2022\/08\/thin-thread-incense-sticks-225x300.webp 225w\" sizes=\"auto, (max-width: 540px) 100vw, 540px\" \/><figcaption class=\"wp-element-caption\">ince iplik t\u00fcts\u00fc \u00e7ubuklar\u0131<\/figcaption><\/figure> <\/figure>    <h2 class=\"wp-block-heading\" id=\"h-parameters-of-incense-making-machine\">T\u00fcts\u00fc yapma makinesinin parametreleri<\/h2>    <figure class=\"wp-block-table\"><table><tbody><tr><td>Modeli<\/td><td>SL-ZX-4<\/td><\/tr><tr><td>Kapasite<\/td><td>G\u00fcnde 1000kg<\/td><\/tr><tr><td>G\u00fc\u00e7<\/td><td>5,5kw<\/td><\/tr><tr><td>Gerilim<\/td><td>380V<\/td><\/tr><tr><td>Nihai \u00fcr\u00fcn boyutu<\/td><td>\u00c7ap(1-5mm)*1,25m<\/td><\/tr><tr><td>Makine boyutu<\/td><td>8*3.5*2 m<\/td><\/tr><\/tbody><\/table><\/figure>    <h2 class=\"wp-block-heading\">\u0130plik t\u00fcts\u00fc \u00e7ubu\u011fu yapma makinesi videosu<\/h2>    <figure class=\"wp-block-embed is-type-video is-provider-youtube wp-block-embed-youtube wp-embed-aspect-16-9 wp-has-aspect-ratio\"><div class=\"wp-block-embed__wrapper\"> <iframe loading=\"lazy\" title=\"Konu T\u00fcts\u00fc \u00c7ubu\u011fu Yapma Makinesi | S\u00fcrekli T\u00fcts\u00fc \u00c7ubuklar\u0131 \u00dcretim Hatt\u0131 #incense\" width=\"500\" height=\"281\" src=\"https:\/\/www.youtube.com\/embed\/ZD-PTHOlQ9I?feature=oembed\" frameborder=\"0\" allow=\"accelerometer; autoplay; clipboard-write; encrypted-media; gyroscope; picture-in-picture; web-share\" referrerpolicy=\"strict-origin-when-cross-origin\" allowfullscreen><\/iframe> <\/div><\/figure>","protected":false},"excerpt":{"rendered":"<p>This automatic incense making machine can also be called a stick incense machine, but it is mainly used to make incense without bamboo sticks. This thread incense machine can process various types of incense sticks of different diameters and lengths. The incense produced by this machine is usually used as Buddhist incense and indoor incense [&hellip;]<\/p>\n","protected":false},"author":1,"featured_media":119,"parent":0,"template":"","tags":[13],"product-type":[4],"class_list":["post-118","product","type-product","status-publish","has-post-thumbnail","hentry","tag-stick-incense","product-type-incense-making-machine"],"_links":{"self":[{"href":"https:\/\/incensemachinery.com\/tr\/wp-json\/wp\/v2\/product\/118","targetHints":{"allow":["GET"]}}],"collection":[{"href":"https:\/\/incensemachinery.com\/tr\/wp-json\/wp\/v2\/product"}],"about":[{"href":"https:\/\/incensemachinery.com\/tr\/wp-json\/wp\/v2\/types\/product"}],"author":[{"embeddable":true,"href":"https:\/\/incensemachinery.com\/tr\/wp-json\/wp\/v2\/users\/1"}],"wp:featuredmedia":[{"embeddable":true,"href":"https:\/\/incensemachinery.com\/tr\/wp-json\/wp\/v2\/media\/119"}],"wp:attachment":[{"href":"https:\/\/incensemachinery.com\/tr\/wp-json\/wp\/v2\/media?parent=118"}],"wp:term":[{"taxonomy":"post_tag","embeddable":true,"href":"https:\/\/incensemachinery.com\/tr\/wp-json\/wp\/v2\/tags?post=118"},{"taxonomy":"product-type","embeddable":true,"href":"https:\/\/incensemachinery.com\/tr\/wp-json\/wp\/v2\/product-type?post=118"}],"curies":[{"name":"wp","href":"https:\/\/api.w.org\/{rel}","templated":true}]}}