{"id":23,"date":"2022-08-02T10:17:01","date_gmt":"2022-08-02T10:17:01","guid":{"rendered":"https:\/\/incensemachinery.com\/?page_id=23"},"modified":"2025-08-13T17:19:29","modified_gmt":"2025-08-13T09:19:29","slug":"contact-us","status":"publish","type":"page","link":"https:\/\/incensemachinery.com\/tr\/contact-us\/","title":{"rendered":"Bize Ula\u015f\u0131n"},"content":{"rendered":"<p>Zhengzhou Shuliy Machinery Equipment Co., Ltd., y\u00fcksek kaliteli t\u00fcts\u00fc yapma makineleri ve ilgili \u00fcretim ekipmanlar\u0131n\u0131n ara\u015ft\u0131rma, \u00fcretim ve ihracat\u0131nda uzmanla\u015fm\u0131\u015ft\u0131r. Makine end\u00fcstrisindeki on y\u0131l\u0131 a\u015fk\u0131n deneyimimizle, d\u00fcnya \u00e7ap\u0131ndaki t\u00fcts\u00fc \u00fcretimi i\u015fletmeleri i\u00e7in verimli, g\u00fcvenilir ve uygun maliyetli \u00e7\u00f6z\u00fcmler sunmaya kararl\u0131y\u0131z.<\/p>    <p>\u00dcr\u00fcnlerimiz, \u00fcretim verimlili\u011fini art\u0131rmak, i\u015f\u00e7ilik maliyetlerini d\u00fc\u015f\u00fcrmek ve tutarl\u0131 kaliteyi sa\u011flamak \u00fczere tasarlanm\u0131\u015ft\u0131r; m\u00fc\u015fterilerin daha y\u00fcksek karl\u0131l\u0131k ve pazar rekabet\u00e7ili\u011fi elde etmelerine yard\u0131mc\u0131 olur. Shuliy makineleri, m\u00fckemmel performans\u0131, dayan\u0131kl\u0131l\u0131\u011f\u0131 ve kullan\u0131c\u0131 dostu \u00e7al\u0131\u015fmas\u0131yla g\u00fc\u00e7l\u00fc bir \u00fcne sahip olarak 50'den fazla \u00fclkeye ihra\u00e7 edilmi\u015ftir.<\/p>    <p>\u201c\u00d6nce M\u00fc\u015fteri\u201d ilkesini benimsiyoruz; sat\u0131\u015f \u00f6ncesi dan\u0131\u015fmanl\u0131k, \u00f6zelle\u015ftirilmi\u015f \u00e7\u00f6z\u00fcmler ve h\u0131zl\u0131 teslimattan kurulum, e\u011fitim ve bak\u0131m\u0131 i\u00e7eren kapsaml\u0131 sat\u0131\u015f sonras\u0131 hizmetlere kadar tam destek sunuyoruz.<\/p>    <p>Sizin \u00fcretiminize, bizim ba\u011fl\u0131l\u0131\u011f\u0131m\u0131z\u2014Shuliy, t\u00fcts\u00fc end\u00fcstrisindeki g\u00fcvenilir orta\u011f\u0131n\u0131zd\u0131r.<\/p>    <p class=\"translation-block\"><strong>A\u015fa\u011f\u0131da ileti\u015fim bilgileri bulunmaktad\u0131r<\/strong><\/p>    <p>WhatsApp\/WeChat\/Tel: +86 19139754781<\/p>    <p>E-posta: info@incensemachinery.com<\/p>    <h2 class=\"wp-block-heading alignwide has-text-align-left\" style=\"font-size:30px\">Tekliflerimiz<\/h2>    <div class=\"wp-block-media-text alignwide is-stacked-on-mobile\"><figure class=\"wp-block-media-text__media\"><img loading=\"lazy\" decoding=\"async\" width=\"720\" height=\"540\" src=\"https:\/\/incensemachinery.com\/wp-content\/uploads\/2025\/08\/South-African-customers-visit.webp\" alt=\"G\u00fcney Afrikal\u0131 m\u00fc\u015fteriler ziyaret ediyor\" class=\"wp-image-520 size-full\" srcset=\"https:\/\/incensemachinery.com\/wp-content\/uploads\/2025\/08\/South-African-customers-visit.webp 720w, https:\/\/incensemachinery.com\/wp-content\/uploads\/2025\/08\/South-African-customers-visit-300x225.webp 300w, https:\/\/incensemachinery.com\/wp-content\/uploads\/2025\/08\/South-African-customers-visit-16x12.webp 16w\" sizes=\"auto, (max-width: 720px) 100vw, 720px\" \/><\/figure><div class=\"wp-block-media-text__content\"> <p>Video Fabrika Turu Hizmeti: \u00c7in'i ziyaret edemiyorsan\u0131z, profesyonel sat\u0131\u015f personelimiz size kapsaml\u0131 bir video fabrika turu hizmeti sunacakt\u0131r. Makineler, \u00e7al\u0131\u015fma y\u00f6ntemleri ve fabrika ortam\u0131 hakk\u0131nda ayr\u0131nt\u0131l\u0131 bilgileri g\u00f6r\u00fcnt\u00fcleyebilirsiniz.<\/p> <\/div><\/div>    <div class=\"wp-block-media-text alignwide has-media-on-the-right is-stacked-on-mobile\"><div class=\"wp-block-media-text__content\"> <p>Havaalan\u0131 kar\u015f\u0131lama hizmeti: \u015eehrimizin b\u00fcy\u00fck bir uluslararas\u0131 havaalan\u0131 bulunmaktad\u0131r, bu da bize ula\u015fman\u0131z\u0131 kolayla\u015ft\u0131r\u0131r. Elbette, bir havaalan\u0131 kar\u015f\u0131lama hizmeti sunuyoruz.<\/p> <\/div><figure class=\"wp-block-media-text__media\"><img loading=\"lazy\" decoding=\"async\" width=\"720\" height=\"540\" src=\"https:\/\/incensemachinery.com\/wp-content\/uploads\/2025\/08\/Turkish-customers-visit.webp\" alt=\"T\u00fcrk m\u00fc\u015fteriler ziyaret ediyor\" class=\"wp-image-522 size-full\" srcset=\"https:\/\/incensemachinery.com\/wp-content\/uploads\/2025\/08\/Turkish-customers-visit.webp 720w, https:\/\/incensemachinery.com\/wp-content\/uploads\/2025\/08\/Turkish-customers-visit-300x225.webp 300w, https:\/\/incensemachinery.com\/wp-content\/uploads\/2025\/08\/Turkish-customers-visit-16x12.webp 16w\" sizes=\"auto, (max-width: 720px) 100vw, 720px\" \/><\/figure><\/div>    <div class=\"wp-block-media-text alignwide is-stacked-on-mobile\"><figure class=\"wp-block-media-text__media\"><img loading=\"lazy\" decoding=\"async\" width=\"720\" height=\"540\" src=\"https:\/\/incensemachinery.com\/wp-content\/uploads\/2025\/08\/Yemeni-customers-visit.webp\" alt=\"Yemenli m\u00fc\u015fteriler ziyaret ediyor\" class=\"wp-image-523 size-full\" srcset=\"https:\/\/incensemachinery.com\/wp-content\/uploads\/2025\/08\/Yemeni-customers-visit.webp 720w, https:\/\/incensemachinery.com\/wp-content\/uploads\/2025\/08\/Yemeni-customers-visit-300x225.webp 300w, https:\/\/incensemachinery.com\/wp-content\/uploads\/2025\/08\/Yemeni-customers-visit-16x12.webp 16w\" sizes=\"auto, (max-width: 720px) 100vw, 720px\" \/><\/figure><div class=\"wp-block-media-text__content\"> <p>Fabrika turu hizmeti: M\u00fc\u015fterileri fabrikada gezdirebiliriz. Makineler hakk\u0131nda akl\u0131n\u0131za tak\u0131lan her t\u00fcrl\u00fc soruyu sorabilirsiniz.<\/p> <\/div><\/div>    <figure class=\"wp-block-gallery alignwide has-nested-images columns-default is-cropped wp-block-gallery-2 is-layout-flex wp-block-gallery-is-layout-flex\"> <figure class=\"wp-block-image size-large\"><img loading=\"lazy\" decoding=\"async\" width=\"720\" height=\"540\" data-id=\"521\" src=\"https:\/\/incensemachinery.com\/wp-content\/uploads\/2025\/08\/Spanish-customers-visit.webp\" alt=\"\u0130spanyol m\u00fc\u015fteriler ziyaret ediyor\" class=\"wp-image-521\" srcset=\"https:\/\/incensemachinery.com\/wp-content\/uploads\/2025\/08\/Spanish-customers-visit.webp 720w, https:\/\/incensemachinery.com\/wp-content\/uploads\/2025\/08\/Spanish-customers-visit-300x225.webp 300w, https:\/\/incensemachinery.com\/wp-content\/uploads\/2025\/08\/Spanish-customers-visit-16x12.webp 16w\" sizes=\"auto, (max-width: 720px) 100vw, 720px\" \/><\/figure>    <figure class=\"wp-block-image size-large\"><img loading=\"lazy\" decoding=\"async\" width=\"720\" height=\"540\" data-id=\"518\" src=\"https:\/\/incensemachinery.com\/wp-content\/uploads\/2025\/08\/Nigerian-customers-visit.webp\" alt=\"Nijeryal\u0131 m\u00fc\u015fteriler ziyaret ediyor\" class=\"wp-image-518\" srcset=\"https:\/\/incensemachinery.com\/wp-content\/uploads\/2025\/08\/Nigerian-customers-visit.webp 720w, https:\/\/incensemachinery.com\/wp-content\/uploads\/2025\/08\/Nigerian-customers-visit-300x225.webp 300w, https:\/\/incensemachinery.com\/wp-content\/uploads\/2025\/08\/Nigerian-customers-visit-16x12.webp 16w\" sizes=\"auto, (max-width: 720px) 100vw, 720px\" \/><\/figure>    <figure class=\"wp-block-image size-large\"><img loading=\"lazy\" decoding=\"async\" width=\"720\" height=\"540\" data-id=\"517\" src=\"https:\/\/incensemachinery.com\/wp-content\/uploads\/2025\/08\/Kenyan-customers-visit.webp\" alt=\"Kenya&#039;l\u0131 m\u00fc\u015fteriler ziyaret ediyor\" class=\"wp-image-517\" srcset=\"https:\/\/incensemachinery.com\/wp-content\/uploads\/2025\/08\/Kenyan-customers-visit.webp 720w, https:\/\/incensemachinery.com\/wp-content\/uploads\/2025\/08\/Kenyan-customers-visit-300x225.webp 300w, https:\/\/incensemachinery.com\/wp-content\/uploads\/2025\/08\/Kenyan-customers-visit-16x12.webp 16w\" sizes=\"auto, (max-width: 720px) 100vw, 720px\" \/><\/figure> <\/figure>","protected":false},"excerpt":{"rendered":"<p>Zhengzhou Shuliy Machinery Equipment Co., Ltd. specializes in the research, manufacturing, and export of high-quality incense making machines and related production equipment. With over a decade of experience in the machinery industry, we are committed to providing efficient, reliable, and cost-effective solutions for incense production businesses worldwide. Our products are designed to enhance production efficiency, [&hellip;]<\/p>\n","protected":false},"author":1,"featured_media":0,"parent":0,"menu_order":0,"comment_status":"closed","ping_status":"closed","template":"","meta":{"footnotes":""},"class_list":["post-23","page","type-page","status-publish","hentry"],"_links":{"self":[{"href":"https:\/\/incensemachinery.com\/tr\/wp-json\/wp\/v2\/pages\/23","targetHints":{"allow":["GET"]}}],"collection":[{"href":"https:\/\/incensemachinery.com\/tr\/wp-json\/wp\/v2\/pages"}],"about":[{"href":"https:\/\/incensemachinery.com\/tr\/wp-json\/wp\/v2\/types\/page"}],"author":[{"embeddable":true,"href":"https:\/\/incensemachinery.com\/tr\/wp-json\/wp\/v2\/users\/1"}],"replies":[{"embeddable":true,"href":"https:\/\/incensemachinery.com\/tr\/wp-json\/wp\/v2\/comments?post=23"}],"version-history":[{"count":0,"href":"https:\/\/incensemachinery.com\/tr\/wp-json\/wp\/v2\/pages\/23\/revisions"}],"wp:attachment":[{"href":"https:\/\/incensemachinery.com\/tr\/wp-json\/wp\/v2\/media?parent=23"}],"curies":[{"name":"wp","href":"https:\/\/api.w.org\/{rel}","templated":true}]}}