{"id":21,"date":"2022-08-02T10:16:40","date_gmt":"2022-08-02T10:16:40","guid":{"rendered":"https:\/\/incensemachinery.com\/?page_id=21"},"modified":"2022-08-03T06:36:27","modified_gmt":"2022-08-03T06:36:27","slug":"about-us","status":"publish","type":"page","link":"https:\/\/incensemachinery.com\/tr\/about-us\/","title":{"rendered":"Hakk\u0131m\u0131zda"},"content":{"rendered":"<p>Shuliy Machinery, b\u00fcy\u00fck bir end\u00fcstriyel ekipman \u00fcreticisi ve ihracat\u00e7\u0131s\u0131d\u0131r. On y\u0131l i\u00e7inde Shuliy grubu iki yan kurulu\u015fla (Taizy markas\u0131 ve Shuliy markas\u0131) bir fabrikaya d\u00f6n\u00fc\u015ft\u00fc. Shuliy fabrikas\u0131 \u015fu anda \u00e7e\u015fitli geri d\u00f6n\u00fc\u015f\u00fcm ekipmanlar\u0131n\u0131n geli\u015ftirilmesi, \u00fcretimi ve ihracat\u0131yla u\u011fra\u015fmaktad\u0131r. <\/p>    <p>T\u00fcts\u00fc yapma makinesi fabrikam\u0131zdaki biyok\u00fctle geri d\u00f6n\u00fc\u015f\u00fcm ekipman\u0131 t\u00fcrlerinden biridir. \u015eu anda Shuliy fabrikas\u0131, farkl\u0131 t\u00fcrde t\u00fcts\u00fc konileri ve t\u00fcts\u00fc \u00e7ubu\u011fu \u015fekillendirme makineleri, t\u00fcts\u00fc tozu kar\u0131\u015ft\u0131r\u0131c\u0131lar\u0131, t\u00fcts\u00fc kurutma makineleri, t\u00fcts\u00fc \u00e7ubu\u011fu paketleme makineleri vb. gibi \u00e7ok \u00e7e\u015fitli t\u00fcts\u00fc \u00fcretim ekipman\u0131 ve yard\u0131mc\u0131 ekipman sunmaktad\u0131r.<\/p>    <p>Shuliy fabrikas\u0131n\u0131n ekipmanlar\u0131 birbiri ard\u0131na 50'den fazla \u00fclke ve b\u00f6lgeye ihra\u00e7 edildi. \u00dcstelik bir\u00e7ok \u00fclkedeki m\u00fc\u015fterilerimizle acentelik ili\u015fkilerine girmi\u015f durumday\u0131z. <\/p>    <p>T\u00fcts\u00fc yapma makinelerimizin en \u00e7ok m\u00fc\u015fterisi olan \u00fclkeler Tayland, Japonya, Singapur, Banglade\u015f, Malezya, Kore, Hindistan, T\u00fcrkiye, M\u0131s\u0131r, Irak, Suudi Arabistan, BAE, L\u00fcbnan, \u00d6zbekistan, ABD, Avustralya, Yeni Zelanda, \u0130spanya, Slovakya, \u0130talya, Nijerya, Senegal, Gine vb.<\/p>","protected":false},"excerpt":{"rendered":"<p>Shuliy Machinery is a large manufacturer and exporter of industrial equipment. In ten years, the Shuliy group has grown into a factory with two subsidiaries (Taizy brand &amp; Shuliy brand). Currently, Shuliy factory is engaged in the development, manufacture, and export of various types of recycling equipment. Incense making machine is one of the types [&hellip;]<\/p>\n","protected":false},"author":1,"featured_media":0,"parent":0,"menu_order":0,"comment_status":"closed","ping_status":"closed","template":"","meta":{"footnotes":""},"class_list":["post-21","page","type-page","status-publish","hentry"],"_links":{"self":[{"href":"https:\/\/incensemachinery.com\/tr\/wp-json\/wp\/v2\/pages\/21","targetHints":{"allow":["GET"]}}],"collection":[{"href":"https:\/\/incensemachinery.com\/tr\/wp-json\/wp\/v2\/pages"}],"about":[{"href":"https:\/\/incensemachinery.com\/tr\/wp-json\/wp\/v2\/types\/page"}],"author":[{"embeddable":true,"href":"https:\/\/incensemachinery.com\/tr\/wp-json\/wp\/v2\/users\/1"}],"replies":[{"embeddable":true,"href":"https:\/\/incensemachinery.com\/tr\/wp-json\/wp\/v2\/comments?post=21"}],"version-history":[{"count":0,"href":"https:\/\/incensemachinery.com\/tr\/wp-json\/wp\/v2\/pages\/21\/revisions"}],"wp:attachment":[{"href":"https:\/\/incensemachinery.com\/tr\/wp-json\/wp\/v2\/media?parent=21"}],"curies":[{"name":"wp","href":"https:\/\/api.w.org\/{rel}","templated":true}]}}