{"id":154,"date":"2022-08-04T06:27:47","date_gmt":"2022-08-04T06:27:47","guid":{"rendered":"https:\/\/incensemachinery.com\/?post_type=product&#038;p=154"},"modified":"2025-07-24T16:38:23","modified_gmt":"2025-07-24T08:38:23","slug":"thread-incense-stick-production-line","status":"publish","type":"product","link":"https:\/\/incensemachinery.com\/sw\/product\/thread-incense-stick-production-line\/","title":{"rendered":"Mstari wa Uzalishaji wa Fimbo ya Uvumba Otomatiki"},"content":{"rendered":"<div class=\"kk-star-ratings kksr-auto kksr-align-left kksr-valign-top\"     data-payload='{&quot;align&quot;:&quot;left&quot;,&quot;id&quot;:&quot;154&quot;,&quot;slug&quot;:&quot;default&quot;,&quot;valign&quot;:&quot;top&quot;,&quot;ignore&quot;:&quot;&quot;,&quot;reference&quot;:&quot;auto&quot;,&quot;class&quot;:&quot;&quot;,&quot;count&quot;:&quot;34&quot;,&quot;legendonly&quot;:&quot;&quot;,&quot;readonly&quot;:&quot;&quot;,&quot;score&quot;:&quot;4.6&quot;,&quot;starsonly&quot;:&quot;&quot;,&quot;best&quot;:&quot;5&quot;,&quot;gap&quot;:&quot;5&quot;,&quot;greet&quot;:&quot;Rate this product&quot;,&quot;legend&quot;:&quot;4.6\\\/5 - (34 votes)&quot;,&quot;size&quot;:&quot;24&quot;,&quot;title&quot;:&quot;Automatic Thread Incense Stick Production Line&quot;,&quot;width&quot;:&quot;130.9&quot;,&quot;_legend&quot;:&quot;{score}\\\/{best} - ({count} {votes})&quot;,&quot;font_factor&quot;:&quot;1.25&quot;}'>              <div class=\"kksr-stars\">      <div class=\"kksr-stars-inactive\">             <div class=\"kksr-star\" data-star=\"1\" style=\"padding-right: 5px\">               <div class=\"kksr-icon\" style=\"width: 24px; height: 24px;\"><\/div>         <\/div>             <div class=\"kksr-star\" data-star=\"2\" style=\"padding-right: 5px\">               <div class=\"kksr-icon\" style=\"width: 24px; height: 24px;\"><\/div>         <\/div>             <div class=\"kksr-star\" data-star=\"3\" style=\"padding-right: 5px\">               <div class=\"kksr-icon\" style=\"width: 24px; height: 24px;\"><\/div>         <\/div>             <div class=\"kksr-star\" data-star=\"4\" style=\"padding-right: 5px\">               <div class=\"kksr-icon\" style=\"width: 24px; height: 24px;\"><\/div>         <\/div>             <div class=\"kksr-star\" data-star=\"5\" style=\"padding-right: 5px\">               <div class=\"kksr-icon\" style=\"width: 24px; height: 24px;\"><\/div>         <\/div>     <\/div>      <div class=\"kksr-stars-active\" style=\"width: 130.9px;\">             <div class=\"kksr-star\" style=\"padding-right: 5px\">               <div class=\"kksr-icon\" style=\"width: 24px; height: 24px;\"><\/div>         <\/div>             <div class=\"kksr-star\" style=\"padding-right: 5px\">               <div class=\"kksr-icon\" style=\"width: 24px; height: 24px;\"><\/div>         <\/div>             <div class=\"kksr-star\" style=\"padding-right: 5px\">               <div class=\"kksr-icon\" style=\"width: 24px; height: 24px;\"><\/div>         <\/div>             <div class=\"kksr-star\" style=\"padding-right: 5px\">               <div class=\"kksr-icon\" style=\"width: 24px; height: 24px;\"><\/div>         <\/div>             <div class=\"kksr-star\" style=\"padding-right: 5px\">               <div class=\"kksr-icon\" style=\"width: 24px; height: 24px;\"><\/div>         <\/div>     <\/div> <\/div>                   <div class=\"kksr-legend\" style=\"font-size: 19.2px;\">             4.6\/5 - (kura 34)    <\/div>     <\/div>  <p>Laini ya kiotomatiki ya utengenezaji wa uvumba ni laini kamili ya kuchakata uvumba kwa ajili ya kusindika uvumba bila vijiti vya mianzi. Laini ya utengenezaji wa vijiti vya uvumba ni pamoja na kiponda mbao, mashine ya unga wa mbao, kichanganyaji, mashine ya kutengeneza uvumba, mashine ya kukaushia vijiti, na mashine ya kufungashia uvumba. Mchakato wa uzalishaji ni pamoja na usindikaji wa machujo ya mbao, kusaga unga wa mbao, kuchanganya unga wa mbao, kutengeneza uvumba, kukausha na kufungasha.<\/p>   <div class=\"wp-block-image\"> <figure class=\"aligncenter size-full\"><img loading=\"lazy\" decoding=\"async\" width=\"720\" height=\"540\" src=\"https:\/\/incensemachinery.com\/wp-content\/uploads\/2022\/08\/agarbatti-incense-stick-applications.webp\" alt=\"maombi ya fimbo ya uvumba ya agarbatti\" class=\"wp-image-158\" srcset=\"https:\/\/incensemachinery.com\/wp-content\/uploads\/2022\/08\/agarbatti-incense-stick-applications.webp 720w, https:\/\/incensemachinery.com\/wp-content\/uploads\/2022\/08\/agarbatti-incense-stick-applications-300x225.webp 300w\" sizes=\"auto, (max-width: 720px) 100vw, 720px\" \/><figcaption>maombi ya fimbo ya uvumba ya agarbatti<\/figcaption><\/figure> <\/div>     <h2 class=\"wp-block-heading\">Ni mahitaji gani ya unga wa kuni kwa kutengeneza uvumba?<\/h2>    <p>Sehemu kuu ya uvumba ni unga wa kuni. Poda ya kuni kwa kawaida ni poda laini zaidi iliyotengenezwa kwa poda mbalimbali za kuni. Poda ya kuni inayotumika kutengeneza uvumba inaweza kuwa poda ya kawaida ya kuni (hakuna harufu inayohitajika), sandalwood, kuni ya uvumba, nk. <\/p>    <p class=\"translation-block\">Bila shaka, inaweza pia kuwa mazao mbalimbali ya fimbo za machungwa, mimea, n.k. Ufinyu wa unga wa kuni unaotumika kutengeneza mshumaa kawaida huwa kati ya 80~120 mesh. Usindikaji maalum wa <strong><a href=\"https:\/\/en.wikipedia.org\/wiki\/Incense\" target=\"_blank\" rel=\"noopener\">mshumaa<\/a><\/strong> unaweza kuhitaji ufinyu tofauti wa unga wa kuni.<\/p>    <figure class=\"wp-block-gallery has-nested-images columns-default is-cropped wp-block-gallery-2 is-layout-flex wp-block-gallery-is-layout-flex\"> <figure class=\"wp-block-image size-large\"><img loading=\"lazy\" decoding=\"async\" width=\"720\" height=\"540\" data-id=\"156\" src=\"https:\/\/incensemachinery.com\/wp-content\/uploads\/2022\/08\/incense-sticks-making.webp\" alt=\"uvumba uliofanywa na mstari wa uzalishaji wa fimbo ya uvumba\" class=\"wp-image-156\" srcset=\"https:\/\/incensemachinery.com\/wp-content\/uploads\/2022\/08\/incense-sticks-making.webp 720w, https:\/\/incensemachinery.com\/wp-content\/uploads\/2022\/08\/incense-sticks-making-300x225.webp 300w\" sizes=\"auto, (max-width: 720px) 100vw, 720px\" \/><figcaption>kutengeneza vijiti vya uvumba<\/figcaption><\/figure>    <figure class=\"wp-block-image size-large\"><img loading=\"lazy\" decoding=\"async\" width=\"720\" height=\"540\" data-id=\"157\" src=\"https:\/\/incensemachinery.com\/wp-content\/uploads\/2022\/08\/thread-incense-production.webp\" alt=\"uzalishaji wa uvumba wa thread\" class=\"wp-image-157\" srcset=\"https:\/\/incensemachinery.com\/wp-content\/uploads\/2022\/08\/thread-incense-production.webp 720w, https:\/\/incensemachinery.com\/wp-content\/uploads\/2022\/08\/thread-incense-production-300x225.webp 300w\" sizes=\"auto, (max-width: 720px) 100vw, 720px\" \/><figcaption>uzalishaji wa uvumba wa thread<\/figcaption><\/figure> <\/figure>    <h2 class=\"wp-block-heading\">Komplett produktionsprocess f\u00f6r r\u00f6kelsepinnar<\/h2>    <h3 class=\"wp-block-heading\"><strong>Utengenezaji wa vumbi<\/strong><\/h3>    <p>Kwa mbao za ukubwa mkubwa, matawi, mizizi, majani, mimea, n.k., tunaweza kutumia kipondaji hiki kidogo cha kuni kuziponda kuwa vumbi la mbao. Aina hii ya kinu ya nyundo kawaida inaweza kuponda malighafi kuwa vumbi la mbao lenye ukubwa wa karibu 3mm.<\/p>   <div class=\"wp-block-image\"> <figure class=\"aligncenter size-full\"><img loading=\"lazy\" decoding=\"async\" width=\"720\" height=\"540\" src=\"https:\/\/incensemachinery.com\/wp-content\/uploads\/2022\/08\/small-wood-crusher-for-sawdust-making.webp\" alt=\"crusher ndogo ya mbao kwa ajili ya kutengeneza machujo ya mbao\" class=\"wp-image-159\" srcset=\"https:\/\/incensemachinery.com\/wp-content\/uploads\/2022\/08\/small-wood-crusher-for-sawdust-making.webp 720w, https:\/\/incensemachinery.com\/wp-content\/uploads\/2022\/08\/small-wood-crusher-for-sawdust-making-300x225.webp 300w\" sizes=\"auto, (max-width: 720px) 100vw, 720px\" \/><figcaption>crusher ndogo ya mbao kwa ajili ya kutengeneza machujo ya mbao<\/figcaption><\/figure> <\/div>   <h3 class=\"wp-block-heading\"><strong>Kusaga poda ya kuni<\/strong><\/h3>    <p>Ukubwa wa sawdust inayoshughulikiwa na grinder ya mbao ni mkubwa sana ili kutumika moja kwa moja kutengeneza vijiti vya uvumba, hivyo tunahitaji kutumia mchele wa mbao wa kibiashara ili kusaga sawdust hiyo kuwa unga wa mbao mwembamba zaidi. Ukali wa mchele wa mbao unaweza kubadilishwa kulingana na mahitaji ya mteja. Kawaida, ukali wa unga wa mbao kwa vijiti vya uvumba uko kati ya 60 na 120 mesh.<\/p>   <div class=\"wp-block-image\"> <figure class=\"aligncenter size-full\"><img loading=\"lazy\" decoding=\"async\" width=\"720\" height=\"540\" src=\"https:\/\/incensemachinery.com\/wp-content\/uploads\/2022\/08\/wood-powder-grinding-machine.webp\" alt=\"mashine ya kusaga poda ya mbao\" class=\"wp-image-160\" srcset=\"https:\/\/incensemachinery.com\/wp-content\/uploads\/2022\/08\/wood-powder-grinding-machine.webp 720w, https:\/\/incensemachinery.com\/wp-content\/uploads\/2022\/08\/wood-powder-grinding-machine-300x225.webp 300w\" sizes=\"auto, (max-width: 720px) 100vw, 720px\" \/><figcaption>mashine ya kusaga poda ya mbao<\/figcaption><\/figure> <\/div>   <h3 class=\"wp-block-heading\"><strong>Kuchanganya poda<\/strong><\/h3>    <p>Baada ya usindikaji wa poda ya kuni kukamilika, tunahitaji kutumia mchanganyiko wa moja kwa moja kuchanganya na kuchanganya malighafi yote ya kufanya uvumba kulingana na uwiano fulani. Kazi ya mchanganyiko huu inafanywa kwa makundi. Kiasi cha usindikaji wa kila kundi ni karibu 50kg.<\/p>   <div class=\"wp-block-image\"> <figure class=\"aligncenter size-full\"><img loading=\"lazy\" decoding=\"async\" width=\"720\" height=\"540\" src=\"https:\/\/incensemachinery.com\/wp-content\/uploads\/2022\/08\/wood-powder-mixing-machine.webp\" alt=\"mashine ya kuchanganya poda ya mbao\" class=\"wp-image-161\" srcset=\"https:\/\/incensemachinery.com\/wp-content\/uploads\/2022\/08\/wood-powder-mixing-machine.webp 720w, https:\/\/incensemachinery.com\/wp-content\/uploads\/2022\/08\/wood-powder-mixing-machine-300x225.webp 300w\" sizes=\"auto, (max-width: 720px) 100vw, 720px\" \/><figcaption>mashine ya kuchanganya poda ya mbao<\/figcaption><\/figure> <\/div>   <h3 class=\"wp-block-heading\"><strong>Utengenezaji wa fimbo ya uvumba<\/strong><\/h3>    <p class=\"translation-block\">Mashine hii ya <strong>kutengeneza mshumaa<\/strong> inaweza kubana malighafi zilizochanganywa kuwa mistari thabiti na kuzikata kuwa mshumaa wa urefu sawa kupitia kifaa cha kukata. Kwa kubadilisha vichwa tofauti vya kubana, mtengenezaji wa mshumaa wa thread anaweza kusindika maumbo tofauti ya mishumaa, kama vile nyota tano, cubes, pembetatu, mioyo, maua, nk. Aidha, urefu wa kukata mshumaa unaweza pia kubadilishwa.<\/p>   <div class=\"wp-block-image\"> <figure class=\"aligncenter size-full\"><img loading=\"lazy\" decoding=\"async\" width=\"720\" height=\"540\" src=\"https:\/\/incensemachinery.com\/wp-content\/uploads\/2022\/08\/incense-making-machine-for-sale.webp\" alt=\"mashine ya kutengeneza uvumba inauzwa\" class=\"wp-image-121\" srcset=\"https:\/\/incensemachinery.com\/wp-content\/uploads\/2022\/08\/incense-making-machine-for-sale.webp 720w, https:\/\/incensemachinery.com\/wp-content\/uploads\/2022\/08\/incense-making-machine-for-sale-300x225.webp 300w\" sizes=\"auto, (max-width: 720px) 100vw, 720px\" \/><figcaption>thread uvumba uzalishaji line kwa ajili ya kuuza<\/figcaption><\/figure> <\/div>   <h3 class=\"wp-block-heading\"><strong>Ukaushaji wa fimbo ya uvumba<\/strong><\/h3>    <p>Kikaushio hiki cha uvumba kinafaa sana kwa kukausha uvumba wa nyuzi na vijiti vya uvumba. Kikaushio hiki kina mkokoteni unaoweza kusongeshwa ndani na tabaka kadhaa za trei zinaweza kuwekwa kwenye rafu za mikokoteni. Tunaweza kuweka vijiti vya uvumba vilivyokatwa vizuri kwenye trei na kisha kuweka trei zilizojaa uvumba kwenye kikaushio ili zikauke. Joto la kukausha na wakati wa kukausha wa dryer hii ya uvumba inaweza kuweka na kurekebishwa.<\/p>   <div class=\"wp-block-image\"> <figure class=\"aligncenter size-full\"><img loading=\"lazy\" decoding=\"async\" width=\"720\" height=\"540\" src=\"https:\/\/incensemachinery.com\/wp-content\/uploads\/2022\/08\/thread-incense-dryer-machine.webp\" alt=\"mashine ya kukausha uvumba\" class=\"wp-image-162\" srcset=\"https:\/\/incensemachinery.com\/wp-content\/uploads\/2022\/08\/thread-incense-dryer-machine.webp 720w, https:\/\/incensemachinery.com\/wp-content\/uploads\/2022\/08\/thread-incense-dryer-machine-300x225.webp 300w\" sizes=\"auto, (max-width: 720px) 100vw, 720px\" \/><figcaption>mashine ya kukausha uvumba<\/figcaption><\/figure> <\/div>   <h3 class=\"wp-block-heading\">Mashine ya kufunga uvumba<\/h3>    <p>Mashine ya kufunga uvumba ya Buddha inaweza kupakia uvumba uliokaushwa kulingana na sababu tofauti za uzito, urefu na kipenyo. Haijalishi ukubwa wa uvumba uliochakatwa na mteja ni mkubwa kiasi gani, unaweza kupakiwa kwa kutumia mashine hii ya ufungashaji. Kwa kuongezea, wateja wanaweza pia kuweka mtindo wa ufungaji wa uvumba, kama vile begi, sanduku, bomba, vifungashio vya filamu vya kupunguza joto, n.k.<\/p>   <div class=\"wp-block-image\"> <figure class=\"aligncenter size-full\"><img loading=\"lazy\" decoding=\"async\" width=\"720\" height=\"540\" src=\"https:\/\/incensemachinery.com\/wp-content\/uploads\/2022\/08\/thread-incense-packaging-machine.webp\" alt=\"thread uvumba mashine ya ufungaji\" class=\"wp-image-169\" srcset=\"https:\/\/incensemachinery.com\/wp-content\/uploads\/2022\/08\/thread-incense-packaging-machine.webp 720w, https:\/\/incensemachinery.com\/wp-content\/uploads\/2022\/08\/thread-incense-packaging-machine-300x225.webp 300w\" sizes=\"auto, (max-width: 720px) 100vw, 720px\" \/><figcaption>thread uvumba mashine ya ufungaji<\/figcaption><\/figure> <\/div>   <h2 class=\"wp-block-heading\">Manufaa ya kiwanda cha kusindika uvumba cha Shuliy<\/h2>    <ul class=\"wp-block-list\"><li>Laini ya uzalishaji wa uvumba inajumuisha vifaa vyote vinavyohitajika kwa uzalishaji wa uvumba wa viwandani na ni bora kwa wateja wanaozalisha uvumba wa nyuzi nyingi. Kiwanda cha kusindika uvumba kinahitaji wafanyikazi 5-10, ambayo huokoa gharama nyingi za wafanyikazi ikilinganishwa na utengenezaji wa uvumba wa mwongozo.<\/li><\/ul>    <ul class=\"wp-block-list\"><li>F\u00f6r de flesta kunder som vill starta en doftverksamhet \u00e4r r\u00f6kelselinjen bara en referenskonfiguration. V\u00e5r fabrik beh\u00f6ver vanligtvis utveckla en l\u00e4mplig produktionsplan f\u00f6r r\u00f6kelse baserat p\u00e5 kundens fabrikstorlek, investeringsbudget, bearbetningskapacitet och andra faktorer.<\/li><\/ul>    <ul class=\"wp-block-list\"><li>Kiwanda cha Shuliy kinaweza kutoa huduma maalum kwa kila kichakata uvumba na kitatoa huduma kamili baada ya mauzo kwa wateja wanaonunua vifaa vya uvumba. Tunasaidia wateja kutuma sampuli za majaribio, na kuwakaribisha wateja kutembelea kiwanda chetu na kujaribu mashine.<\/li><\/ul>    <figure class=\"wp-block-gallery has-nested-images columns-2 is-cropped wp-block-gallery-3 is-layout-flex wp-block-gallery-is-layout-flex\"> <figure class=\"wp-block-image size-large\"><img loading=\"lazy\" decoding=\"async\" width=\"720\" height=\"540\" data-id=\"176\" src=\"https:\/\/incensemachinery.com\/wp-content\/uploads\/2022\/08\/thread-incense-bulk-prodution.webp\" alt=\"thread uvumba wingi uzalishaji\" class=\"wp-image-176\" srcset=\"https:\/\/incensemachinery.com\/wp-content\/uploads\/2022\/08\/thread-incense-bulk-prodution.webp 720w, https:\/\/incensemachinery.com\/wp-content\/uploads\/2022\/08\/thread-incense-bulk-prodution-300x225.webp 300w\" sizes=\"auto, (max-width: 720px) 100vw, 720px\" \/><figcaption>thread uvumba wingi uzalishaji<\/figcaption><\/figure>    <figure class=\"wp-block-image size-large\"><img loading=\"lazy\" decoding=\"async\" width=\"720\" height=\"540\" data-id=\"177\" src=\"https:\/\/incensemachinery.com\/wp-content\/uploads\/2022\/08\/well-packed-incense.webp\" alt=\"uvumba uliojaa vizuri\" class=\"wp-image-177\" srcset=\"https:\/\/incensemachinery.com\/wp-content\/uploads\/2022\/08\/well-packed-incense.webp 720w, https:\/\/incensemachinery.com\/wp-content\/uploads\/2022\/08\/well-packed-incense-300x225.webp 300w\" sizes=\"auto, (max-width: 720px) 100vw, 720px\" \/><figcaption>uvumba uliojaa vizuri<\/figcaption><\/figure>    <figure class=\"wp-block-image size-large\"><img loading=\"lazy\" decoding=\"async\" width=\"720\" height=\"540\" data-id=\"173\" src=\"https:\/\/incensemachinery.com\/wp-content\/uploads\/2022\/08\/agarbatti-incense.webp\" alt=\"uvumba wa agarbatti\" class=\"wp-image-173\" srcset=\"https:\/\/incensemachinery.com\/wp-content\/uploads\/2022\/08\/agarbatti-incense.webp 720w, https:\/\/incensemachinery.com\/wp-content\/uploads\/2022\/08\/agarbatti-incense-300x225.webp 300w\" sizes=\"auto, (max-width: 720px) 100vw, 720px\" \/><figcaption>uvumba wa agarbatti<\/figcaption><\/figure>    <figure class=\"wp-block-image size-large\"><img loading=\"lazy\" decoding=\"async\" width=\"720\" height=\"540\" data-id=\"174\" src=\"https:\/\/incensemachinery.com\/wp-content\/uploads\/2022\/08\/incense-packing-with-film.webp\" alt=\"ufungaji wa uvumba na filamu\" class=\"wp-image-174\" srcset=\"https:\/\/incensemachinery.com\/wp-content\/uploads\/2022\/08\/incense-packing-with-film.webp 720w, https:\/\/incensemachinery.com\/wp-content\/uploads\/2022\/08\/incense-packing-with-film-300x225.webp 300w\" sizes=\"auto, (max-width: 720px) 100vw, 720px\" \/><figcaption>ufungaji wa uvumba na filamu<\/figcaption><\/figure> <\/figure>","protected":false},"excerpt":{"rendered":"<p>The automatic incense production line is a complete thread incense stick processing line for processing incense without bamboo sticks. The thread incense stick production line includes a wood crusher, wood powder machine, mixer, thread incense forming machine, incense stick drying machine, and incense packaging machine. The production process includes sawdust processing, wood flour grinding, wood [&hellip;]<\/p>\n","protected":false},"author":1,"featured_media":155,"parent":0,"template":"","tags":[13],"product-type":[7],"class_list":["post-154","product","type-product","status-publish","has-post-thumbnail","hentry","tag-stick-incense","product-type-incense-stick-production-line"],"_links":{"self":[{"href":"https:\/\/incensemachinery.com\/sw\/wp-json\/wp\/v2\/product\/154","targetHints":{"allow":["GET"]}}],"collection":[{"href":"https:\/\/incensemachinery.com\/sw\/wp-json\/wp\/v2\/product"}],"about":[{"href":"https:\/\/incensemachinery.com\/sw\/wp-json\/wp\/v2\/types\/product"}],"author":[{"embeddable":true,"href":"https:\/\/incensemachinery.com\/sw\/wp-json\/wp\/v2\/users\/1"}],"wp:featuredmedia":[{"embeddable":true,"href":"https:\/\/incensemachinery.com\/sw\/wp-json\/wp\/v2\/media\/155"}],"wp:attachment":[{"href":"https:\/\/incensemachinery.com\/sw\/wp-json\/wp\/v2\/media?parent=154"}],"wp:term":[{"taxonomy":"post_tag","embeddable":true,"href":"https:\/\/incensemachinery.com\/sw\/wp-json\/wp\/v2\/tags?post=154"},{"taxonomy":"product-type","embeddable":true,"href":"https:\/\/incensemachinery.com\/sw\/wp-json\/wp\/v2\/product-type?post=154"}],"curies":[{"name":"wp","href":"https:\/\/api.w.org\/{rel}","templated":true}]}}