{"id":78,"date":"2022-08-03T08:38:54","date_gmt":"2022-08-03T08:38:54","guid":{"rendered":"https:\/\/incensemachinery.com\/?post_type=product&#038;p=78"},"modified":"2025-07-24T16:38:13","modified_gmt":"2025-07-24T08:38:13","slug":"backflow-incense-cone-making-machine","status":"publish","type":"product","link":"https:\/\/incensemachinery.com\/pt\/product\/backflow-incense-cone-making-machine\/","title":{"rendered":"M\u00e1quina de fazer cone de incenso de refluxo | Fabricante de cones de incenso em cascata"},"content":{"rendered":"<div class=\"kk-star-ratings kksr-auto kksr-align-left kksr-valign-top\"     data-payload='{&quot;align&quot;:&quot;left&quot;,&quot;id&quot;:&quot;78&quot;,&quot;slug&quot;:&quot;default&quot;,&quot;valign&quot;:&quot;top&quot;,&quot;ignore&quot;:&quot;&quot;,&quot;reference&quot;:&quot;auto&quot;,&quot;class&quot;:&quot;&quot;,&quot;count&quot;:&quot;23&quot;,&quot;legendonly&quot;:&quot;&quot;,&quot;readonly&quot;:&quot;&quot;,&quot;score&quot;:&quot;4.8&quot;,&quot;starsonly&quot;:&quot;&quot;,&quot;best&quot;:&quot;5&quot;,&quot;gap&quot;:&quot;5&quot;,&quot;greet&quot;:&quot;Rate this product&quot;,&quot;legend&quot;:&quot;4.8\\\/5 - (23 votes)&quot;,&quot;size&quot;:&quot;24&quot;,&quot;title&quot;:&quot;Backflow Incense Cone Making Machine | Waterfall Incense Cones Maker&quot;,&quot;width&quot;:&quot;136.7&quot;,&quot;_legend&quot;:&quot;{score}\\\/{best} - ({count} {votes})&quot;,&quot;font_factor&quot;:&quot;1.25&quot;}'>              <div class=\"kksr-stars\">      <div class=\"kksr-stars-inactive\">             <div class=\"kksr-star\" data-star=\"1\" style=\"padding-right: 5px\">               <div class=\"kksr-icon\" style=\"width: 24px; height: 24px;\"><\/div>         <\/div>             <div class=\"kksr-star\" data-star=\"2\" style=\"padding-right: 5px\">               <div class=\"kksr-icon\" style=\"width: 24px; height: 24px;\"><\/div>         <\/div>             <div class=\"kksr-star\" data-star=\"3\" style=\"padding-right: 5px\">               <div class=\"kksr-icon\" style=\"width: 24px; height: 24px;\"><\/div>         <\/div>             <div class=\"kksr-star\" data-star=\"4\" style=\"padding-right: 5px\">               <div class=\"kksr-icon\" style=\"width: 24px; height: 24px;\"><\/div>         <\/div>             <div class=\"kksr-star\" data-star=\"5\" style=\"padding-right: 5px\">               <div class=\"kksr-icon\" style=\"width: 24px; height: 24px;\"><\/div>         <\/div>     <\/div>      <div class=\"kksr-stars-active\" style=\"width: 136.7px;\">             <div class=\"kksr-star\" style=\"padding-right: 5px\">               <div class=\"kksr-icon\" style=\"width: 24px; height: 24px;\"><\/div>         <\/div>             <div class=\"kksr-star\" style=\"padding-right: 5px\">               <div class=\"kksr-icon\" style=\"width: 24px; height: 24px;\"><\/div>         <\/div>             <div class=\"kksr-star\" style=\"padding-right: 5px\">               <div class=\"kksr-icon\" style=\"width: 24px; height: 24px;\"><\/div>         <\/div>             <div class=\"kksr-star\" style=\"padding-right: 5px\">               <div class=\"kksr-icon\" style=\"width: 24px; height: 24px;\"><\/div>         <\/div>             <div class=\"kksr-star\" style=\"padding-right: 5px\">               <div class=\"kksr-icon\" style=\"width: 24px; height: 24px;\"><\/div>         <\/div>     <\/div> <\/div>                   <div class=\"kksr-legend\" style=\"font-size: 19.2px;\">             4.8\/5 - (23 votos)    <\/div>     <\/div>  <p>A m\u00e1quina para fabricar cone de incenso com refluxo cont\u00ednuo \u00e9 usada para a produ\u00e7\u00e3o de v\u00e1rios cones de incenso com furos centrais ou incenso em forma de pagode com v\u00e1rios tipos de grava\u00e7\u00e3o. A m\u00e1quina autom\u00e1tica para fabricar cones de incenso em cascata pode ser usada para produzir cones de incenso de refluxo de v\u00e1rios tamanhos, alterando os moldes. Claro, tamb\u00e9m podemos usar a m\u00e1quina de incenso de fluxo reverso para a produ\u00e7\u00e3o de cones de incenso coloridos.<\/p>    <figure class=\"wp-block-gallery has-nested-images columns-default is-cropped wp-block-gallery-2 is-layout-flex wp-block-gallery-is-layout-flex\"> <figure class=\"wp-block-image size-large\"><img loading=\"lazy\" decoding=\"async\" width=\"720\" height=\"540\" data-id=\"84\" src=\"https:\/\/incensemachinery.com\/wp-content\/uploads\/2022\/08\/commercial-backflow-incense-cone-maker-for-sale.webp\" alt=\"m\u00e1quina de fazer cone de incenso de refluxo \" class=\"wp-image-84\" srcset=\"https:\/\/incensemachinery.com\/wp-content\/uploads\/2022\/08\/commercial-backflow-incense-cone-maker-for-sale.webp 720w, https:\/\/incensemachinery.com\/wp-content\/uploads\/2022\/08\/commercial-backflow-incense-cone-maker-for-sale-300x225.webp 300w\" sizes=\"auto, (max-width: 720px) 100vw, 720px\" \/><figcaption class=\"wp-element-caption\">fabricante comercial de cone de incenso de refluxo para venda<\/figcaption><\/figure>    <figure class=\"wp-block-image size-large\"><img loading=\"lazy\" decoding=\"async\" width=\"720\" height=\"540\" data-id=\"85\" src=\"https:\/\/incensemachinery.com\/wp-content\/uploads\/2022\/08\/waterfall-incense-cone.webp\" alt=\"cone de incenso de cachoeira\" class=\"wp-image-85\" srcset=\"https:\/\/incensemachinery.com\/wp-content\/uploads\/2022\/08\/waterfall-incense-cone.webp 720w, https:\/\/incensemachinery.com\/wp-content\/uploads\/2022\/08\/waterfall-incense-cone-300x225.webp 300w\" sizes=\"auto, (max-width: 720px) 100vw, 720px\" \/><figcaption class=\"wp-element-caption\">cone de incenso de cachoeira<\/figcaption><\/figure> <\/figure>    <h2 class=\"wp-block-heading\" id=\"h-what-are-backflow-incense-cones\">O que s\u00e3o cones de incenso de refluxo?<\/h2>    <p>O incenso de refluxo, tamb\u00e9m conhecido como cones dhoop de refluxo, \u00e9 geralmente um cone de incenso em forma de cone ou torre com um orif\u00edcio central. Ao contr\u00e1rio do incenso comum, este cone de incenso exclusivo produz fuma\u00e7a que geralmente sai do buraco na parte inferior quando queimado, lembrando uma cachoeira. \u00c9 por isso que o incenso de refluxo tamb\u00e9m \u00e9 chamado de cones de incenso em cascata.<\/p>    <p class=\"translation-block\">A \u00fanica diferen\u00e7a entre este incenso e o incenso em cone feito com uma <strong>m\u00e1quina de incenso em cone normal<\/strong> \u00e9 que tem um orif\u00edcio central.<\/p>    <figure class=\"wp-block-gallery has-nested-images columns-default is-cropped wp-block-gallery-3 is-layout-flex wp-block-gallery-is-layout-flex\"> <figure class=\"wp-block-image size-large\"><img loading=\"lazy\" decoding=\"async\" width=\"720\" height=\"540\" data-id=\"86\" src=\"https:\/\/incensemachinery.com\/wp-content\/uploads\/2022\/08\/Backflow-Cones-Incense.webp\" alt=\"Incenso de cones de refluxo\" class=\"wp-image-86\" srcset=\"https:\/\/incensemachinery.com\/wp-content\/uploads\/2022\/08\/Backflow-Cones-Incense.webp 720w, https:\/\/incensemachinery.com\/wp-content\/uploads\/2022\/08\/Backflow-Cones-Incense-300x225.webp 300w\" sizes=\"auto, (max-width: 720px) 100vw, 720px\" \/><figcaption class=\"wp-element-caption\">Incenso de cones de refluxo<\/figcaption><\/figure>    <figure class=\"wp-block-image size-large\"><img loading=\"lazy\" decoding=\"async\" width=\"720\" height=\"540\" data-id=\"88\" src=\"https:\/\/incensemachinery.com\/wp-content\/uploads\/2022\/08\/waterfall-cones-burning.webp\" alt=\"cones de cachoeira queimando\" class=\"wp-image-88\" srcset=\"https:\/\/incensemachinery.com\/wp-content\/uploads\/2022\/08\/waterfall-cones-burning.webp 720w, https:\/\/incensemachinery.com\/wp-content\/uploads\/2022\/08\/waterfall-cones-burning-300x225.webp 300w\" sizes=\"auto, (max-width: 720px) 100vw, 720px\" \/><figcaption class=\"wp-element-caption\">cones de cachoeira queimando<\/figcaption><\/figure> <\/figure>    <h2 class=\"wp-block-heading\" id=\"h-how-does-the-incense-waterfall-work\">Como funciona a cascata de incenso?<\/h2>    <p>Muitas vezes vemos a fuma\u00e7a do incenso de refluxo descendo, por que isso acontece? O incenso invertido usa o princ\u00edpio da sifonagem. \u00c0 medida que o incenso de refluxo queima na parte superior, a fuma\u00e7a produzida \u00e9 gradualmente resfriada atrav\u00e9s de orif\u00edcios mais longos. O fumo \u00e9 ent\u00e3o tamb\u00e9m maior e mais denso e, quando sai pela sa\u00edda, o fumo \u00e9 um pouco mais denso que o ar exterior, pelo que flui naturalmente para baixo, acabando por produzir o fen\u00f3meno de refluxo.<\/p>    <p class=\"translation-block\">Al\u00e9m disso, s\u00e3o usados <strong>queimadores de incenso invertidos<\/strong> em torres de incenso especiais, na maioria dos tipos ocos em forma de cone. Este tipo de queimador de incenso arrefece a fuma\u00e7a isolando-a do ar quente e trancando-a dentro da coluna de incenso em pagoda oca. A fuligem desce ao ch\u00e3o, pois \u00e9 mais pesada que o ar, e sai pelos pequenos buracos na base da coluna de incenso, criando o fluxo invertido de fumo que vemos.<\/p>    <figure class=\"wp-block-gallery has-nested-images columns-default is-cropped wp-block-gallery-4 is-layout-flex wp-block-gallery-is-layout-flex\"> <figure class=\"wp-block-image size-large\"><img loading=\"lazy\" decoding=\"async\" width=\"720\" height=\"540\" data-id=\"91\" src=\"https:\/\/incensemachinery.com\/wp-content\/uploads\/2022\/08\/reverse-flow-incense-burner.webp\" alt=\"queimador de incenso de fluxo reverso\" class=\"wp-image-91\" srcset=\"https:\/\/incensemachinery.com\/wp-content\/uploads\/2022\/08\/reverse-flow-incense-burner.webp 720w, https:\/\/incensemachinery.com\/wp-content\/uploads\/2022\/08\/reverse-flow-incense-burner-300x225.webp 300w\" sizes=\"auto, (max-width: 720px) 100vw, 720px\" \/><figcaption class=\"wp-element-caption\">queimador de incenso de fluxo reverso<\/figcaption><\/figure>    <figure class=\"wp-block-image size-large\"><img loading=\"lazy\" decoding=\"async\" width=\"720\" height=\"540\" data-id=\"90\" src=\"https:\/\/incensemachinery.com\/wp-content\/uploads\/2022\/08\/backflow-dhoop-cones-use.webp\" alt=\"uso de cones dhoop de refluxo\" class=\"wp-image-90\" srcset=\"https:\/\/incensemachinery.com\/wp-content\/uploads\/2022\/08\/backflow-dhoop-cones-use.webp 720w, https:\/\/incensemachinery.com\/wp-content\/uploads\/2022\/08\/backflow-dhoop-cones-use-300x225.webp 300w\" sizes=\"auto, (max-width: 720px) 100vw, 720px\" \/><figcaption class=\"wp-element-caption\">uso de cones dhoop de refluxo<\/figcaption><\/figure>    <figure class=\"wp-block-image size-large\"><img loading=\"lazy\" decoding=\"async\" width=\"720\" height=\"540\" data-id=\"87\" src=\"https:\/\/incensemachinery.com\/wp-content\/uploads\/2022\/08\/backflow-cones-with-waterfall-effect.webp\" alt=\"cones de refluxo com efeito cascata\" class=\"wp-image-87\" srcset=\"https:\/\/incensemachinery.com\/wp-content\/uploads\/2022\/08\/backflow-cones-with-waterfall-effect.webp 720w, https:\/\/incensemachinery.com\/wp-content\/uploads\/2022\/08\/backflow-cones-with-waterfall-effect-300x225.webp 300w\" sizes=\"auto, (max-width: 720px) 100vw, 720px\" \/><figcaption class=\"wp-element-caption\">cones de refluxo com efeito cascata<\/figcaption><\/figure> <\/figure>    <h2 class=\"wp-block-heading\" id=\"h-common-ingredients-to-make-backflow-incense-cones\">Ingredientes comuns para fazer cones de incenso de refluxo<\/h2>    <p>A produ\u00e7\u00e3o de incenso derramado \u00e9 semelhante \u00e0 de outros tipos de incenso, pois utiliza p\u00f3 de goma, p\u00f3 de madeira, especiarias e uma certa quantidade de auxiliar de combust\u00e3o como ingredientes b\u00e1sicos. <\/p>    <p>No entanto, a mistura de ingredientes varia de pessoa para pessoa e clientes diferentes t\u00eam necessidades diferentes. A fragr\u00e2ncia produzida pela queima do incenso invertido \u00e9 determinada pelas especiarias ou aromas adicionados \u00e0 mat\u00e9ria-prima. As especiarias comuns incluem incenso, artem\u00edsia, cipreste e s\u00e2ndalo.<\/p>    <h2 class=\"wp-block-heading\" id=\"h-how-to-make-backflow-incense-cones\">Como fazer bons cones de incenso com refluxo?<\/h2>    <p>A produ\u00e7\u00e3o de diferentes formatos de cones de incenso em cascata geralmente requer o uso de uma m\u00e1quina especial formadora de incenso de refluxo. Esta m\u00e1quina comercial para fabricar cone de incenso de refluxo possui conjuntos de matrizes de forma\u00e7\u00e3o para espremer rapidamente o p\u00f3 de incenso bem misturado em tiras s\u00f3lidas. <\/p>    <p>Os cones de refluxo s\u00e3o ent\u00e3o moldados pela modelagem precisa dos moldes. A m\u00e1quina para fabricar cones de incenso em cascata produz cones de incenso de tamanhos uniformes com uma superf\u00edcie lisa e um acabamento duro que \u00e9 resistente \u00e0 deforma\u00e7\u00e3o e quebra.<\/p>    <figure class=\"wp-block-gallery has-nested-images columns-default is-cropped wp-block-gallery-5 is-layout-flex wp-block-gallery-is-layout-flex\"> <figure class=\"wp-block-image size-large\"><img loading=\"lazy\" decoding=\"async\" width=\"720\" height=\"540\" data-id=\"225\" src=\"https:\/\/incensemachinery.com\/wp-content\/uploads\/2022\/08\/complete-set-of-backflow-cone-machine.webp\" alt=\"conjunto completo de m\u00e1quina de cone de refluxo\" class=\"wp-image-225\" srcset=\"https:\/\/incensemachinery.com\/wp-content\/uploads\/2022\/08\/complete-set-of-backflow-cone-machine.webp 720w, https:\/\/incensemachinery.com\/wp-content\/uploads\/2022\/08\/complete-set-of-backflow-cone-machine-300x225.webp 300w\" sizes=\"auto, (max-width: 720px) 100vw, 720px\" \/><figcaption class=\"wp-element-caption\">conjunto completo de m\u00e1quina de cone de refluxo<\/figcaption><\/figure>    <figure class=\"wp-block-image size-large\"><img loading=\"lazy\" decoding=\"async\" width=\"720\" height=\"540\" data-id=\"227\" src=\"https:\/\/incensemachinery.com\/wp-content\/uploads\/2022\/08\/waterfall-incense-cones-maker-mahine-1.webp\" alt=\"fabricante de cones de incenso de cachoeira mahine\" class=\"wp-image-227\" srcset=\"https:\/\/incensemachinery.com\/wp-content\/uploads\/2022\/08\/waterfall-incense-cones-maker-mahine-1.webp 720w, https:\/\/incensemachinery.com\/wp-content\/uploads\/2022\/08\/waterfall-incense-cones-maker-mahine-1-300x225.webp 300w\" sizes=\"auto, (max-width: 720px) 100vw, 720px\" \/><figcaption class=\"wp-element-caption\">fabricante de cones de incenso de cachoeira mahine<\/figcaption><\/figure> <\/figure>    <h2 class=\"wp-block-heading\" id=\"h-backflow-incense-cone-making-machine-advantages\">Vantagens da m\u00e1quina para fazer cone de incenso de refluxo<\/h2>    <ul class=\"wp-block-list\"> <li>A m\u00e1quina fabricante de cones dhoop de refluxo \u00e9 entregue j\u00e1 montada e pronta para uso sem instala\u00e7\u00e3o. Al\u00e9m disso, a m\u00e1quina \u00e9 muito f\u00e1cil de operar, com painel de opera\u00e7\u00e3o que permite definir a velocidade de processamento. Nossa f\u00e1brica tamb\u00e9m envia aos nossos clientes instru\u00e7\u00f5es operacionais detalhadas em ingl\u00eas e v\u00eddeos instrutivos detalhados para ajud\u00e1-los a aprender rapidamente a maneira correta de us\u00e1-los.<\/li>    <li>A m\u00e1quina de cones de incenso de retrocesso pode ser personalizada com moldes como pagodes, caba\u00e7as, cones, letras, padr\u00f5es e log\u00f3tipos. Os di\u00e2metros e comprimentos dos produtos acabados tamb\u00e9m podem ser personalizados para atender \u00e0s necessidades do cliente.<\/li> <\/ul>    <figure class=\"wp-block-gallery has-nested-images columns-2 is-cropped wp-block-gallery-6 is-layout-flex wp-block-gallery-is-layout-flex\"> <figure class=\"wp-block-image size-large\"><img loading=\"lazy\" decoding=\"async\" width=\"720\" height=\"540\" data-id=\"94\" src=\"https:\/\/incensemachinery.com\/wp-content\/uploads\/2022\/08\/tower-shape-backflow-incense-cone.webp\" alt=\"cone de incenso de refluxo em forma de torre\" class=\"wp-image-94\" srcset=\"https:\/\/incensemachinery.com\/wp-content\/uploads\/2022\/08\/tower-shape-backflow-incense-cone.webp 720w, https:\/\/incensemachinery.com\/wp-content\/uploads\/2022\/08\/tower-shape-backflow-incense-cone-300x225.webp 300w\" sizes=\"auto, (max-width: 720px) 100vw, 720px\" \/><figcaption class=\"wp-element-caption\">cone de incenso de refluxo em forma de torre<\/figcaption><\/figure>    <figure class=\"wp-block-image size-large\"><img loading=\"lazy\" decoding=\"async\" width=\"720\" height=\"540\" data-id=\"83\" src=\"https:\/\/incensemachinery.com\/wp-content\/uploads\/2022\/08\/backflow-cones-with-different-shapes.webp\" alt=\"cones de refluxo com diferentes formatos\" class=\"wp-image-83\" srcset=\"https:\/\/incensemachinery.com\/wp-content\/uploads\/2022\/08\/backflow-cones-with-different-shapes.webp 720w, https:\/\/incensemachinery.com\/wp-content\/uploads\/2022\/08\/backflow-cones-with-different-shapes-300x225.webp 300w\" sizes=\"auto, (max-width: 720px) 100vw, 720px\" \/><figcaption class=\"wp-element-caption\">cones de refluxo com diferentes formatos<\/figcaption><\/figure>    <figure class=\"wp-block-image size-large\"><img loading=\"lazy\" decoding=\"async\" width=\"720\" height=\"540\" data-id=\"93\" src=\"https:\/\/incensemachinery.com\/wp-content\/uploads\/2022\/08\/bulk-back-flow-cones-production.webp\" alt=\"produ\u00e7\u00e3o de cones de refluxo em massa\" class=\"wp-image-93\" srcset=\"https:\/\/incensemachinery.com\/wp-content\/uploads\/2022\/08\/bulk-back-flow-cones-production.webp 720w, https:\/\/incensemachinery.com\/wp-content\/uploads\/2022\/08\/bulk-back-flow-cones-production-300x225.webp 300w\" sizes=\"auto, (max-width: 720px) 100vw, 720px\" \/><figcaption class=\"wp-element-caption\">produ\u00e7\u00e3o de cones de refluxo em massa<\/figcaption><\/figure>    <figure class=\"wp-block-image size-large\"><img loading=\"lazy\" decoding=\"async\" width=\"720\" height=\"540\" data-id=\"92\" src=\"https:\/\/incensemachinery.com\/wp-content\/uploads\/2022\/08\/backflow-cone-shapes-design.webp\" alt=\"design de formas de cone de refluxo\" class=\"wp-image-92\" srcset=\"https:\/\/incensemachinery.com\/wp-content\/uploads\/2022\/08\/backflow-cone-shapes-design.webp 720w, https:\/\/incensemachinery.com\/wp-content\/uploads\/2022\/08\/backflow-cone-shapes-design-300x225.webp 300w\" sizes=\"auto, (max-width: 720px) 100vw, 720px\" \/><figcaption class=\"wp-element-caption\">design de formas de cone de refluxo<\/figcaption><\/figure> <\/figure>    <h2 class=\"wp-block-heading\" id=\"h-parameters-of-waterfall-incense-cone-maker\">Par\u00e2metros do fabricante de cone de incenso em cascata<\/h2>    <figure class=\"wp-block-table\"><table><tbody><tr><td>Modelo<\/td><td>SL-ZX-2<\/td><\/tr><tr><td>Poder<\/td><td>3 kW<\/td><\/tr><tr><td>Compressor de ar<\/td><td>1,5 kW<\/td><\/tr><tr><td>Tens\u00e3o<\/td><td>220\/380 V<\/td><\/tr><tr><td>Peso<\/td><td>800kg<\/td><\/tr><tr><td>Capacidade<\/td><td>200-250 kg\/hora<\/td><\/tr><tr><td>Dimens\u00e3o<\/td><td>2,3*1,8*0,9m<\/td><\/tr><\/tbody><\/table><\/figure>   <div class=\"wp-block-image\"> <figure class=\"aligncenter size-full\"><img loading=\"lazy\" decoding=\"async\" width=\"540\" height=\"720\" src=\"https:\/\/incensemachinery.com\/wp-content\/uploads\/2022\/08\/backflow-incense-cone-machine.webp\" alt=\"m\u00e1quina de cone de incenso de refluxo\" class=\"wp-image-80\" srcset=\"https:\/\/incensemachinery.com\/wp-content\/uploads\/2022\/08\/backflow-incense-cone-machine.webp 540w, https:\/\/incensemachinery.com\/wp-content\/uploads\/2022\/08\/backflow-incense-cone-machine-225x300.webp 225w\" sizes=\"auto, (max-width: 540px) 100vw, 540px\" \/><figcaption class=\"wp-element-caption\">m\u00e1quina de cone de incenso de refluxo<\/figcaption><\/figure> <\/div>   <h2 class=\"wp-block-heading\">V\u00eddeo da m\u00e1quina fabricante de cone de incenso de refluxo<\/h2>    <figure class=\"wp-block-embed is-type-video is-provider-youtube wp-block-embed-youtube wp-embed-aspect-16-9 wp-has-aspect-ratio\"><div class=\"wp-block-embed__wrapper\"> <iframe loading=\"lazy\" title=\"M\u00e1quina de fazer cone de incenso de refluxo | Como fazer cones de incenso em cascata com m\u00e1quina de incenso?\" width=\"500\" height=\"281\" src=\"https:\/\/www.youtube.com\/embed\/DUIzkE9ElqM?feature=oembed\" frameborder=\"0\" allow=\"accelerometer; autoplay; clipboard-write; encrypted-media; gyroscope; picture-in-picture; web-share\" referrerpolicy=\"strict-origin-when-cross-origin\" allowfullscreen><\/iframe> <\/div><\/figure>","protected":false},"excerpt":{"rendered":"<p>The continuous backflow incense cone making machine is used for the production of various incense cones with central holes or pagoda-shaped incense with various types of engraving. The automatic waterfall incense cones maker machine can be used to produce backflow incense cones of various sizes by changing the molds. Of course, we can also use [&hellip;]<\/p>\n","protected":false},"author":1,"featured_media":79,"parent":0,"template":"","tags":[14],"product-type":[4],"class_list":["post-78","product","type-product","status-publish","has-post-thumbnail","hentry","tag-cone-incense","product-type-incense-making-machine"],"_links":{"self":[{"href":"https:\/\/incensemachinery.com\/pt\/wp-json\/wp\/v2\/product\/78","targetHints":{"allow":["GET"]}}],"collection":[{"href":"https:\/\/incensemachinery.com\/pt\/wp-json\/wp\/v2\/product"}],"about":[{"href":"https:\/\/incensemachinery.com\/pt\/wp-json\/wp\/v2\/types\/product"}],"author":[{"embeddable":true,"href":"https:\/\/incensemachinery.com\/pt\/wp-json\/wp\/v2\/users\/1"}],"wp:featuredmedia":[{"embeddable":true,"href":"https:\/\/incensemachinery.com\/pt\/wp-json\/wp\/v2\/media\/79"}],"wp:attachment":[{"href":"https:\/\/incensemachinery.com\/pt\/wp-json\/wp\/v2\/media?parent=78"}],"wp:term":[{"taxonomy":"post_tag","embeddable":true,"href":"https:\/\/incensemachinery.com\/pt\/wp-json\/wp\/v2\/tags?post=78"},{"taxonomy":"product-type","embeddable":true,"href":"https:\/\/incensemachinery.com\/pt\/wp-json\/wp\/v2\/product-type?post=78"}],"curies":[{"name":"wp","href":"https:\/\/api.w.org\/{rel}","templated":true}]}}