{"id":49,"date":"2022-08-03T07:13:17","date_gmt":"2022-08-03T07:13:17","guid":{"rendered":"https:\/\/incensemachinery.com\/?post_type=product&#038;p=49"},"modified":"2026-04-17T17:00:54","modified_gmt":"2026-04-17T09:00:54","slug":"dhoop-incense-cone-making-machine","status":"publish","type":"product","link":"https:\/\/incensemachinery.com\/pt\/product\/dhoop-incense-cone-making-machine\/","title":{"rendered":"M\u00e1quina de fazer cone de incenso | M\u00e1quina de cone Dhoop colorida"},"content":{"rendered":"<div class=\"kk-star-ratings kksr-auto kksr-align-left kksr-valign-top\"     data-payload='{&quot;align&quot;:&quot;left&quot;,&quot;id&quot;:&quot;49&quot;,&quot;slug&quot;:&quot;default&quot;,&quot;valign&quot;:&quot;top&quot;,&quot;ignore&quot;:&quot;&quot;,&quot;reference&quot;:&quot;auto&quot;,&quot;class&quot;:&quot;&quot;,&quot;count&quot;:&quot;16&quot;,&quot;legendonly&quot;:&quot;&quot;,&quot;readonly&quot;:&quot;&quot;,&quot;score&quot;:&quot;4.6&quot;,&quot;starsonly&quot;:&quot;&quot;,&quot;best&quot;:&quot;5&quot;,&quot;gap&quot;:&quot;5&quot;,&quot;greet&quot;:&quot;Rate this product&quot;,&quot;legend&quot;:&quot;4.6\\\/5 - (16 votes)&quot;,&quot;size&quot;:&quot;24&quot;,&quot;title&quot;:&quot;Incense Cone Making Machine | Colourful Dhoop Cone Machine&quot;,&quot;width&quot;:&quot;130.9&quot;,&quot;_legend&quot;:&quot;{score}\\\/{best} - ({count} {votes})&quot;,&quot;font_factor&quot;:&quot;1.25&quot;}'>              <div class=\"kksr-stars\">      <div class=\"kksr-stars-inactive\">             <div class=\"kksr-star\" data-star=\"1\" style=\"padding-right: 5px\">               <div class=\"kksr-icon\" style=\"width: 24px; height: 24px;\"><\/div>         <\/div>             <div class=\"kksr-star\" data-star=\"2\" style=\"padding-right: 5px\">               <div class=\"kksr-icon\" style=\"width: 24px; height: 24px;\"><\/div>         <\/div>             <div class=\"kksr-star\" data-star=\"3\" style=\"padding-right: 5px\">               <div class=\"kksr-icon\" style=\"width: 24px; height: 24px;\"><\/div>         <\/div>             <div class=\"kksr-star\" data-star=\"4\" style=\"padding-right: 5px\">               <div class=\"kksr-icon\" style=\"width: 24px; height: 24px;\"><\/div>         <\/div>             <div class=\"kksr-star\" data-star=\"5\" style=\"padding-right: 5px\">               <div class=\"kksr-icon\" style=\"width: 24px; height: 24px;\"><\/div>         <\/div>     <\/div>      <div class=\"kksr-stars-active\" style=\"width: 130.9px;\">             <div class=\"kksr-star\" style=\"padding-right: 5px\">               <div class=\"kksr-icon\" style=\"width: 24px; height: 24px;\"><\/div>         <\/div>             <div class=\"kksr-star\" style=\"padding-right: 5px\">               <div class=\"kksr-icon\" style=\"width: 24px; height: 24px;\"><\/div>         <\/div>             <div class=\"kksr-star\" style=\"padding-right: 5px\">               <div class=\"kksr-icon\" style=\"width: 24px; height: 24px;\"><\/div>         <\/div>             <div class=\"kksr-star\" style=\"padding-right: 5px\">               <div class=\"kksr-icon\" style=\"width: 24px; height: 24px;\"><\/div>         <\/div>             <div class=\"kksr-star\" style=\"padding-right: 5px\">               <div class=\"kksr-icon\" style=\"width: 24px; height: 24px;\"><\/div>         <\/div>     <\/div> <\/div>                   <div class=\"kksr-legend\" style=\"font-size: 19.2px;\">             4.6\/5 - (16 votos)    <\/div>     <\/div>  <p>Esta m\u00e1quina comercial de fabrica\u00e7\u00e3o de cones de incenso \u00e9 principalmente usada para processar v\u00e1rios tipos de cones de incenso c\u00f4nicos. Ao trocar os moldes de forma\u00e7\u00e3o de cones de incenso, a m\u00e1quina pode processar cones de incenso de diferentes di\u00e2metros e comprimentos. A m\u00e1quina de cones de dhoop tem uma capacidade de 30-240 cones por minuto, e sua velocidade de processamento pode ser ajustada de acordo com as necessidades de produ\u00e7\u00e3o.<\/p>    <figure class=\"wp-block-gallery has-nested-images columns-default is-cropped wp-block-gallery-2 is-layout-flex wp-block-gallery-is-layout-flex\"> <figure class=\"wp-block-image size-large\"><img loading=\"lazy\" decoding=\"async\" width=\"720\" height=\"540\" data-id=\"59\" src=\"https:\/\/incensemachinery.com\/wp-content\/uploads\/2022\/08\/tower-incense-machine-1.webp\" alt=\"m\u00e1quina de incenso de torre\" class=\"wp-image-59\" srcset=\"https:\/\/incensemachinery.com\/wp-content\/uploads\/2022\/08\/tower-incense-machine-1.webp 720w, https:\/\/incensemachinery.com\/wp-content\/uploads\/2022\/08\/tower-incense-machine-1-300x225.webp 300w\" sizes=\"auto, (max-width: 720px) 100vw, 720px\" \/><figcaption class=\"wp-element-caption\">m\u00e1quina de incenso de torre<\/figcaption><\/figure>    <figure class=\"wp-block-image size-large\"><img loading=\"lazy\" decoding=\"async\" width=\"720\" height=\"540\" data-id=\"58\" src=\"https:\/\/incensemachinery.com\/wp-content\/uploads\/2022\/08\/incense-cones.webp\" alt=\"\" class=\"wp-image-58\" srcset=\"https:\/\/incensemachinery.com\/wp-content\/uploads\/2022\/08\/incense-cones.webp 720w, https:\/\/incensemachinery.com\/wp-content\/uploads\/2022\/08\/incense-cones-300x225.webp 300w\" sizes=\"auto, (max-width: 720px) 100vw, 720px\" \/><\/figure> <\/figure>    <h2 class=\"wp-block-heading\">O que s\u00e3o cones de incenso?<\/h2>    <p class=\"translation-block\">Cones de incenso tamb\u00e9m s\u00e3o conhecidos como incenso torre ou <strong>cones de dhoop<\/strong>, que s\u00e3o\u00a0um tipo de incenso de forma c\u00f4nica. Este incenso \u00fanico \u00e9 feito principalmente misturando e extrudindo p\u00f3 de madeira, v\u00e1rias especiarias, p\u00f3 de goma e \u00e1gua. Este cone de incenso \u00e9 muito semelhante a outros tipos de incenso e pode ser aceso para uso como aromaterapia ou incenso budista.<\/p>    <p class=\"translation-block\">Nos \u00faltimos anos, esses pequenos e port\u00e1teis cones de incenso t\u00eam sido usados para incenso de interior, especialmente em salas de estudo e salas de ch\u00e1. Al\u00e9m disso, esse incenso pode ser processado em cones de diferentes comprimentos e di\u00e2metros de acordo com os requisitos do cliente. Esses cones de incenso regulares s\u00e3o diferentes dos cones de incenso com furos usinados por uma <strong><a href=\"https:\/\/incensemachinery.com\/pt\/product\/backflow-incense-cone-making-machine\/?swcfpc=1\">m\u00e1quina de cones de fluxo reverso<\/a><\/strong>.<\/p>    <figure class=\"wp-block-gallery has-nested-images columns-default is-cropped wp-block-gallery-3 is-layout-flex wp-block-gallery-is-layout-flex\"> <figure class=\"wp-block-image size-large\"><img loading=\"lazy\" decoding=\"async\" width=\"720\" height=\"540\" data-id=\"60\" src=\"https:\/\/incensemachinery.com\/wp-content\/uploads\/2022\/08\/Religious-Incense-Cones.webp\" alt=\"Cones de Incenso Religioso\" class=\"wp-image-60\" srcset=\"https:\/\/incensemachinery.com\/wp-content\/uploads\/2022\/08\/Religious-Incense-Cones.webp 720w, https:\/\/incensemachinery.com\/wp-content\/uploads\/2022\/08\/Religious-Incense-Cones-300x225.webp 300w\" sizes=\"auto, (max-width: 720px) 100vw, 720px\" \/><figcaption class=\"wp-element-caption\">Cones de Incenso Religioso<\/figcaption><\/figure>    <figure class=\"wp-block-image size-large\"><img loading=\"lazy\" decoding=\"async\" width=\"720\" height=\"540\" data-id=\"61\" src=\"https:\/\/incensemachinery.com\/wp-content\/uploads\/2022\/08\/small-cone-incense.webp\" alt=\"incenso de cone pequeno\" class=\"wp-image-61\" srcset=\"https:\/\/incensemachinery.com\/wp-content\/uploads\/2022\/08\/small-cone-incense.webp 720w, https:\/\/incensemachinery.com\/wp-content\/uploads\/2022\/08\/small-cone-incense-300x225.webp 300w\" sizes=\"auto, (max-width: 720px) 100vw, 720px\" \/><figcaption class=\"wp-element-caption\">incenso de cone pequeno<\/figcaption><\/figure> <\/figure>    <h2 class=\"wp-block-heading\">Aplica\u00e7\u00f5es de incenso de cone dhoop<\/h2>    <p>Os cones de incenso de dhoop s\u00e3o muito vers\u00e1teis e podem ser usados para incenso religioso em templos, bem como para o uso mais comum de todos os tipos de incenso de interior. Isso porque, no processamento de cones de incenso, podemos adicionar diferentes fragr\u00e2ncias para criar aromas variados. Atualmente, esses cones de incenso s\u00e3o usados em estudos, casas de ch\u00e1, sal\u00f5es, quartos, banheiros e outros locais.<\/p>   <div class=\"wp-block-image\"> <figure class=\"aligncenter size-full\"><img loading=\"lazy\" decoding=\"async\" width=\"720\" height=\"540\" src=\"https:\/\/incensemachinery.com\/wp-content\/uploads\/2022\/08\/incense-cones-burning.webp\" alt=\"cones de incenso queimando\" class=\"wp-image-62\" srcset=\"https:\/\/incensemachinery.com\/wp-content\/uploads\/2022\/08\/incense-cones-burning.webp 720w, https:\/\/incensemachinery.com\/wp-content\/uploads\/2022\/08\/incense-cones-burning-300x225.webp 300w\" sizes=\"auto, (max-width: 720px) 100vw, 720px\" \/><figcaption class=\"wp-element-caption\">cones de incenso queimando<\/figcaption><\/figure> <\/div>   <h2 class=\"wp-block-heading\">Como fazer cones de incenso com uma m\u00e1quina de cones de incenso?<\/h2>    <p>Normalmente, a produ\u00e7\u00e3o de cones de incenso pode ser feita manualmente. No entanto, a produ\u00e7\u00e3o em massa de cones de incenso de dhoop requer o uso de uma m\u00e1quina comercial de fabrica\u00e7\u00e3o de cones de incenso. O processo de processamento de cones de incenso com uma m\u00e1quina de cones de dhoop tamb\u00e9m \u00e9 simples.<\/p>    <figure class=\"wp-block-gallery has-nested-images columns-3 is-cropped wp-block-gallery-4 is-layout-flex wp-block-gallery-is-layout-flex\"> <figure class=\"wp-block-image size-large\"><img loading=\"lazy\" decoding=\"async\" width=\"720\" height=\"540\" data-id=\"63\" src=\"https:\/\/incensemachinery.com\/wp-content\/uploads\/2022\/08\/Religious-Incense-Cones-maker-1.webp\" alt=\"Fabricante de cones de incenso religioso\" class=\"wp-image-63\" srcset=\"https:\/\/incensemachinery.com\/wp-content\/uploads\/2022\/08\/Religious-Incense-Cones-maker-1.webp 720w, https:\/\/incensemachinery.com\/wp-content\/uploads\/2022\/08\/Religious-Incense-Cones-maker-1-300x225.webp 300w\" sizes=\"auto, (max-width: 720px) 100vw, 720px\" \/><figcaption class=\"wp-element-caption\">Fabricante de cones de incenso religioso<\/figcaption><\/figure>    <figure class=\"wp-block-image size-large is-style-default\"><img loading=\"lazy\" decoding=\"async\" width=\"720\" height=\"540\" data-id=\"64\" src=\"https:\/\/incensemachinery.com\/wp-content\/uploads\/2022\/08\/tower-incense-cone-forming-molds.webp\" alt=\"moldes formadores de cone de incenso de torre\" class=\"wp-image-64\" srcset=\"https:\/\/incensemachinery.com\/wp-content\/uploads\/2022\/08\/tower-incense-cone-forming-molds.webp 720w, https:\/\/incensemachinery.com\/wp-content\/uploads\/2022\/08\/tower-incense-cone-forming-molds-300x225.webp 300w\" sizes=\"auto, (max-width: 720px) 100vw, 720px\" \/><figcaption class=\"wp-element-caption\">moldes formadores de cone de incenso de torre<\/figcaption><\/figure>    <figure class=\"wp-block-image size-large\"><img loading=\"lazy\" decoding=\"async\" width=\"720\" height=\"540\" data-id=\"65\" src=\"https:\/\/incensemachinery.com\/wp-content\/uploads\/2022\/08\/Tower-Incense-Maker-structure.webp\" alt=\"Estrutura do fabricante de incenso da torre\" class=\"wp-image-65\" srcset=\"https:\/\/incensemachinery.com\/wp-content\/uploads\/2022\/08\/Tower-Incense-Maker-structure.webp 720w, https:\/\/incensemachinery.com\/wp-content\/uploads\/2022\/08\/Tower-Incense-Maker-structure-300x225.webp 300w\" sizes=\"auto, (max-width: 720px) 100vw, 720px\" \/><figcaption class=\"wp-element-caption\">Estrutura do fabricante de incenso da torre<\/figcaption><\/figure> <\/figure>    <p>Passo 1: A farinha de madeira, a cola em p\u00f3 e a \u00e1gua s\u00e3o bem misturadas em uma determinada propor\u00e7\u00e3o. A farinha de madeira, a \u00e1gua e a cola em p\u00f3 s\u00e3o as mat\u00e9rias-primas b\u00e1sicas para o processamento do incenso, e o cliente pode adicionar a quantidade certa de temperos de acordo com as necessidades espec\u00edficas de processamento.<\/p>    <p>Passo 2: Coloque os ingredientes bem misturados na entrada da m\u00e1quina. O material \u00e9 empurrado pela unidade hidr\u00e1ulica dentro da m\u00e1quina at\u00e9 a matriz de extrus\u00e3o. Os moldes da m\u00e1quina s\u00e3o bandejas de moldes superiores e inferiores em grupos. Em alta velocidade, o p\u00f3 perfumado \u00e9 rapidamente espremido em forma de cone. Um soprador pr\u00f3ximo \u00e0 sa\u00edda sopra automaticamente os cones de incenso j\u00e1 formados no molde para a esteira transportadora de sa\u00edda.<\/p>    <p>Etapa 3: Os cones de incenso rec\u00e9m-processados \u200b\u200bainda est\u00e3o macios e propensos a quebrar e deformar. Precisamos, portanto, colet\u00e1-los e coloc\u00e1-los em uma estrutura de malha para secar.<\/p>    <figure class=\"wp-block-gallery has-nested-images columns-default is-cropped wp-block-gallery-5 is-layout-flex wp-block-gallery-is-layout-flex\"> <figure class=\"wp-block-image size-large\"><img loading=\"lazy\" decoding=\"async\" width=\"720\" height=\"540\" data-id=\"342\" src=\"https:\/\/incensemachinery.com\/wp-content\/uploads\/2023\/05\/commercial-backflow-cone-incense-making-machine.webp\" alt=\"m\u00e1quina comercial de fabrica\u00e7\u00e3o de incenso de cone de refluxo\" class=\"wp-image-342\" srcset=\"https:\/\/incensemachinery.com\/wp-content\/uploads\/2023\/05\/commercial-backflow-cone-incense-making-machine.webp 720w, https:\/\/incensemachinery.com\/wp-content\/uploads\/2023\/05\/commercial-backflow-cone-incense-making-machine-300x225.webp 300w\" sizes=\"auto, (max-width: 720px) 100vw, 720px\" \/><figcaption class=\"wp-element-caption\">M\u00e1quina comercial de fabrica\u00e7\u00e3o de cones de incenso<\/figcaption><\/figure>    <figure class=\"wp-block-image size-large\"><img loading=\"lazy\" decoding=\"async\" width=\"720\" height=\"540\" data-id=\"331\" src=\"https:\/\/incensemachinery.com\/wp-content\/uploads\/2023\/03\/Shuliy-waterfall-incense-cone-machines-for-sale.webp\" alt=\"M\u00e1quinas de cone de incenso em cascata Shuliy \u00e0 venda\" class=\"wp-image-331\" srcset=\"https:\/\/incensemachinery.com\/wp-content\/uploads\/2023\/03\/Shuliy-waterfall-incense-cone-machines-for-sale.webp 720w, https:\/\/incensemachinery.com\/wp-content\/uploads\/2023\/03\/Shuliy-waterfall-incense-cone-machines-for-sale-300x225.webp 300w\" sizes=\"auto, (max-width: 720px) 100vw, 720px\" \/><figcaption class=\"wp-element-caption\">M\u00e1quinas de cones de incenso Shuliy \u00e0 venda<\/figcaption><\/figure> <\/figure>    <h2 class=\"wp-block-heading\">Principais caracter\u00edsticas da m\u00e1quina de fazer cones de incenso<\/h2>    <ul class=\"wp-block-list\"> <li>Nossa m\u00e1quina autom\u00e1tica de cones de incenso \u00e9 a linha de montagem autom\u00e1tica. Ela utiliza o dispositivo de coleta, que torna o processo de trabalho r\u00e1pido e conveniente. A capacidade \u00e9 de cerca de 240 pe\u00e7as por minuto.<\/li> <\/ul>    <ul class=\"wp-block-list\"> <li>Os cones de incenso podem ser finalizados com a linha de montagem autom\u00e1tica de cones de incenso. O material do funil \u00e9 transferido para o tambor, ap\u00f3s extrus\u00e3o e moldagem por inje\u00e7\u00e3o, formando assim o cone de incenso.<\/li> <\/ul>    <ul class=\"wp-block-list\"> <li>O cone de incenso acabado da nossa m\u00e1quina autom\u00e1tica de cones de incenso tem as vantagens de espessura uniforme e superf\u00edcie lisa. E n\u00e3o soltar\u00e1 p\u00f3 ap\u00f3s os cones de dhoop serem secos.<\/li> <\/ul>    <figure class=\"wp-block-gallery has-nested-images columns-default is-cropped wp-block-gallery-6 is-layout-flex wp-block-gallery-is-layout-flex\"> <figure class=\"wp-block-image size-large\"><img loading=\"lazy\" decoding=\"async\" width=\"540\" height=\"720\" data-id=\"67\" src=\"https:\/\/incensemachinery.com\/wp-content\/uploads\/2022\/08\/Shuliy-incense-cone-machine.webp\" alt=\"M\u00e1quina de cone de incenso Shuliy\" class=\"wp-image-67\" srcset=\"https:\/\/incensemachinery.com\/wp-content\/uploads\/2022\/08\/Shuliy-incense-cone-machine.webp 540w, https:\/\/incensemachinery.com\/wp-content\/uploads\/2022\/08\/Shuliy-incense-cone-machine-225x300.webp 225w\" sizes=\"auto, (max-width: 540px) 100vw, 540px\" \/><figcaption class=\"wp-element-caption\">M\u00e1quina de cone de incenso Shuliy<\/figcaption><\/figure>    <figure class=\"wp-block-image size-large\"><img loading=\"lazy\" decoding=\"async\" width=\"540\" height=\"720\" data-id=\"71\" src=\"https:\/\/incensemachinery.com\/wp-content\/uploads\/2022\/08\/automatic-dhoop-incense-cone-maker.webp\" alt=\"fabricante autom\u00e1tico de cone de incenso dhoop\" class=\"wp-image-71\" srcset=\"https:\/\/incensemachinery.com\/wp-content\/uploads\/2022\/08\/automatic-dhoop-incense-cone-maker.webp 540w, https:\/\/incensemachinery.com\/wp-content\/uploads\/2022\/08\/automatic-dhoop-incense-cone-maker-225x300.webp 225w\" sizes=\"auto, (max-width: 540px) 100vw, 540px\" \/><figcaption class=\"wp-element-caption\">fabricante autom\u00e1tico de cone de incenso dhoop<\/figcaption><\/figure>    <figure class=\"wp-block-image size-large\"><img loading=\"lazy\" decoding=\"async\" width=\"720\" height=\"540\" data-id=\"66\" src=\"https:\/\/incensemachinery.com\/wp-content\/uploads\/2022\/08\/Dhoop-cone-making-machine-details.webp\" alt=\"Detalhes da m\u00e1quina para fazer cone Dhoop\" class=\"wp-image-66\" srcset=\"https:\/\/incensemachinery.com\/wp-content\/uploads\/2022\/08\/Dhoop-cone-making-machine-details.webp 720w, https:\/\/incensemachinery.com\/wp-content\/uploads\/2022\/08\/Dhoop-cone-making-machine-details-300x225.webp 300w\" sizes=\"auto, (max-width: 720px) 100vw, 720px\" \/><figcaption class=\"wp-element-caption\">Detalhes da m\u00e1quina para fazer cone Dhoop<\/figcaption><\/figure>    <figure class=\"wp-block-image size-large\"><img loading=\"lazy\" decoding=\"async\" width=\"720\" height=\"540\" data-id=\"69\" src=\"https:\/\/incensemachinery.com\/wp-content\/uploads\/2022\/08\/purple-cone-incense.webp\" alt=\"incenso de cone roxo\" class=\"wp-image-69\" srcset=\"https:\/\/incensemachinery.com\/wp-content\/uploads\/2022\/08\/purple-cone-incense.webp 720w, https:\/\/incensemachinery.com\/wp-content\/uploads\/2022\/08\/purple-cone-incense-300x225.webp 300w\" sizes=\"auto, (max-width: 720px) 100vw, 720px\" \/><figcaption class=\"wp-element-caption\">incenso de cone roxo<\/figcaption><\/figure>    <figure class=\"wp-block-image size-large\"><img loading=\"lazy\" decoding=\"async\" width=\"720\" height=\"540\" data-id=\"70\" src=\"https:\/\/incensemachinery.com\/wp-content\/uploads\/2022\/08\/red-incense-cones.webp\" alt=\"cones de incenso vermelho\" class=\"wp-image-70\" srcset=\"https:\/\/incensemachinery.com\/wp-content\/uploads\/2022\/08\/red-incense-cones.webp 720w, https:\/\/incensemachinery.com\/wp-content\/uploads\/2022\/08\/red-incense-cones-300x225.webp 300w\" sizes=\"auto, (max-width: 720px) 100vw, 720px\" \/><figcaption class=\"wp-element-caption\">cones de incenso vermelho<\/figcaption><\/figure>    <figure class=\"wp-block-image size-large\"><img loading=\"lazy\" decoding=\"async\" width=\"720\" height=\"540\" data-id=\"68\" src=\"https:\/\/incensemachinery.com\/wp-content\/uploads\/2022\/08\/colorful-dhoop-cones.webp\" alt=\"cones dhoop coloridos\" class=\"wp-image-68\" srcset=\"https:\/\/incensemachinery.com\/wp-content\/uploads\/2022\/08\/colorful-dhoop-cones.webp 720w, https:\/\/incensemachinery.com\/wp-content\/uploads\/2022\/08\/colorful-dhoop-cones-300x225.webp 300w\" sizes=\"auto, (max-width: 720px) 100vw, 720px\" \/><figcaption class=\"wp-element-caption\">cones dhoop coloridos<\/figcaption><\/figure> <\/figure>    <h2 class=\"wp-block-heading\">Par\u00e2metros da m\u00e1quina de fazer cones de incenso<\/h2>    <figure class=\"wp-block-table\"><table><tbody><tr><td>Modelo<\/td><td>SL-ZX-1<\/td><\/tr><tr><td>Comprimento do incenso da torre<\/td><td>10-100 mm<\/td><\/tr><tr><td>Poder<\/td><td>4kw<\/td><\/tr><tr><td>Peso<\/td><td>350kg<\/td><\/tr><tr><td>Tamanho da m\u00e1quina<\/td><td>1700*500*1500mm<\/td><\/tr><tr><td>Di\u00e2metro do cilindro hidr\u00e1ulico<\/td><td>180mm<\/td><\/tr><tr><td>AVC<\/td><td>700 mm<\/td><\/tr><tr><td>Di\u00e2metro do cano<\/td><td>219 mm<\/td><\/tr><\/tbody><\/table><\/figure>    <h2 class=\"wp-block-heading\">V\u00eddeo da m\u00e1quina de fazer cones Dhoop<\/h2>    <figure class=\"wp-block-embed is-type-video is-provider-youtube wp-block-embed-youtube wp-embed-aspect-16-9 wp-has-aspect-ratio\"><div class=\"wp-block-embed__wrapper\"> <iframe loading=\"lazy\" title=\"Fornecedor r\u00e1pido de m\u00e1quina para fazer cones de incenso | Processo de trabalho da m\u00e1quina do fabricante de cone Dhoop #incensecones\" width=\"500\" height=\"281\" src=\"https:\/\/www.youtube.com\/embed\/rdno3c_3PkY?feature=oembed\" frameborder=\"0\" allow=\"accelerometer; autoplay; clipboard-write; encrypted-media; gyroscope; picture-in-picture; web-share\" referrerpolicy=\"strict-origin-when-cross-origin\" allowfullscreen><\/iframe> <\/div><\/figure>    <h2 class=\"wp-block-heading\">M\u00e1quina de Fabrica\u00e7\u00e3o de Cone de Incenso \u2013 FAQ<\/h2>   <div id=\"rank-math-faq\" class=\"rank-math-block\"> <div class=\"rank-math-list\"> <div id=\"faq-question-1776416314848\" class=\"rank-math-list-item\"> <h3 class=\"rank-math-question\">Que produtos esta m\u00e1quina pode produzir?<\/h3> <div class=\"rank-math-answer\">  <p>Cones de incenso (incenso torre), cones de fluxo reverso e outras formas pequenas de incenso.<\/p>  <\/div> <\/div> <div id=\"faq-question-1776416328243\" class=\"rank-math-list-item\"> <h3 class=\"rank-math-question\">Quais mat\u00e9rias-primas s\u00e3o necess\u00e1rias?<\/h3> <div class=\"rank-math-answer\">  <p>P\u00f3 de madeira, p\u00f3 de bambu, p\u00f3 de carv\u00e3o, p\u00f3 de jigat, fragr\u00e2ncia e \u00e1gua.<\/p>  <\/div> <\/div> <div id=\"faq-question-1776416342055\" class=\"rank-math-list-item\"> <h3 class=\"rank-math-question\">O tamanho e a forma podem ser personalizados?<\/h3> <div class=\"rank-math-answer\">  <p>Sim. A altura, o di\u00e2metro e a forma do cone podem ser personalizadas trocando os moldes.<\/p>  <\/div> <\/div> <div id=\"faq-question-1776416356926\" class=\"rank-math-list-item\"> <h3 class=\"rank-math-question\">A m\u00e1quina \u00e9 totalmente autom\u00e1tica?<\/h3> <div class=\"rank-math-answer\">  <p>Modelos semi-autom\u00e1ticos e totalmente autom\u00e1ticos est\u00e3o dispon\u00edveis.<\/p>  <\/div> <\/div> <\/div> <\/div>   <h2 class=\"wp-block-heading\">Pronto para come\u00e7ar seu pr\u00f3prio neg\u00f3cio de incenso?<\/h2>    <p>Don&#8217;t miss the opportunity to automate your production with our high-efficiency Incense Cone Making Machine. Whether you are looking to produce traditional dhoop cones or colorful backflow incense, Shuliy Machinery provides the perfect technical support and customized molds to meet your market needs. <\/p>    <p>Entre em contato conosco hoje para obter uma cota\u00e7\u00e3o gratuita e um plano de produ\u00e7\u00e3o profissional adaptado \u00e0 escala do seu neg\u00f3cio. Vamos transformar sua vis\u00e3o arom\u00e1tica em uma realidade lucrativa!<\/p>","protected":false},"excerpt":{"rendered":"<p>This commercial incense cone making machine is mainly used to process various types of conical incense cones. By changing the cone incense forming molds, the machine can process incense cones of different diameters and lengths. The dhoop cone machine has a capacity of 30-240 cones per minute, and its processing speed can be adjusted according [&hellip;]<\/p>\n","protected":false},"author":1,"featured_media":50,"parent":0,"template":"","tags":[14],"product-type":[4],"class_list":["post-49","product","type-product","status-publish","has-post-thumbnail","hentry","tag-cone-incense","product-type-incense-making-machine"],"_links":{"self":[{"href":"https:\/\/incensemachinery.com\/pt\/wp-json\/wp\/v2\/product\/49","targetHints":{"allow":["GET"]}}],"collection":[{"href":"https:\/\/incensemachinery.com\/pt\/wp-json\/wp\/v2\/product"}],"about":[{"href":"https:\/\/incensemachinery.com\/pt\/wp-json\/wp\/v2\/types\/product"}],"author":[{"embeddable":true,"href":"https:\/\/incensemachinery.com\/pt\/wp-json\/wp\/v2\/users\/1"}],"wp:featuredmedia":[{"embeddable":true,"href":"https:\/\/incensemachinery.com\/pt\/wp-json\/wp\/v2\/media\/50"}],"wp:attachment":[{"href":"https:\/\/incensemachinery.com\/pt\/wp-json\/wp\/v2\/media?parent=49"}],"wp:term":[{"taxonomy":"post_tag","embeddable":true,"href":"https:\/\/incensemachinery.com\/pt\/wp-json\/wp\/v2\/tags?post=49"},{"taxonomy":"product-type","embeddable":true,"href":"https:\/\/incensemachinery.com\/pt\/wp-json\/wp\/v2\/product-type?post=49"}],"curies":[{"name":"wp","href":"https:\/\/api.w.org\/{rel}","templated":true}]}}