{"id":154,"date":"2022-08-04T06:27:47","date_gmt":"2022-08-04T06:27:47","guid":{"rendered":"https:\/\/incensemachinery.com\/?post_type=product&#038;p=154"},"modified":"2025-07-24T16:38:23","modified_gmt":"2025-07-24T08:38:23","slug":"thread-incense-stick-production-line","status":"publish","type":"product","link":"https:\/\/incensemachinery.com\/pt\/product\/thread-incense-stick-production-line\/","title":{"rendered":"Linha de produ\u00e7\u00e3o autom\u00e1tica de bast\u00e3o de incenso de linha"},"content":{"rendered":"<div class=\"kk-star-ratings kksr-auto kksr-align-left kksr-valign-top\"     data-payload='{&quot;align&quot;:&quot;left&quot;,&quot;id&quot;:&quot;154&quot;,&quot;slug&quot;:&quot;default&quot;,&quot;valign&quot;:&quot;top&quot;,&quot;ignore&quot;:&quot;&quot;,&quot;reference&quot;:&quot;auto&quot;,&quot;class&quot;:&quot;&quot;,&quot;count&quot;:&quot;34&quot;,&quot;legendonly&quot;:&quot;&quot;,&quot;readonly&quot;:&quot;&quot;,&quot;score&quot;:&quot;4.6&quot;,&quot;starsonly&quot;:&quot;&quot;,&quot;best&quot;:&quot;5&quot;,&quot;gap&quot;:&quot;5&quot;,&quot;greet&quot;:&quot;Rate this product&quot;,&quot;legend&quot;:&quot;4.6\\\/5 - (34 votes)&quot;,&quot;size&quot;:&quot;24&quot;,&quot;title&quot;:&quot;Automatic Thread Incense Stick Production Line&quot;,&quot;width&quot;:&quot;130.9&quot;,&quot;_legend&quot;:&quot;{score}\\\/{best} - ({count} {votes})&quot;,&quot;font_factor&quot;:&quot;1.25&quot;}'>              <div class=\"kksr-stars\">      <div class=\"kksr-stars-inactive\">             <div class=\"kksr-star\" data-star=\"1\" style=\"padding-right: 5px\">               <div class=\"kksr-icon\" style=\"width: 24px; height: 24px;\"><\/div>         <\/div>             <div class=\"kksr-star\" data-star=\"2\" style=\"padding-right: 5px\">               <div class=\"kksr-icon\" style=\"width: 24px; height: 24px;\"><\/div>         <\/div>             <div class=\"kksr-star\" data-star=\"3\" style=\"padding-right: 5px\">               <div class=\"kksr-icon\" style=\"width: 24px; height: 24px;\"><\/div>         <\/div>             <div class=\"kksr-star\" data-star=\"4\" style=\"padding-right: 5px\">               <div class=\"kksr-icon\" style=\"width: 24px; height: 24px;\"><\/div>         <\/div>             <div class=\"kksr-star\" data-star=\"5\" style=\"padding-right: 5px\">               <div class=\"kksr-icon\" style=\"width: 24px; height: 24px;\"><\/div>         <\/div>     <\/div>      <div class=\"kksr-stars-active\" style=\"width: 130.9px;\">             <div class=\"kksr-star\" style=\"padding-right: 5px\">               <div class=\"kksr-icon\" style=\"width: 24px; height: 24px;\"><\/div>         <\/div>             <div class=\"kksr-star\" style=\"padding-right: 5px\">               <div class=\"kksr-icon\" style=\"width: 24px; height: 24px;\"><\/div>         <\/div>             <div class=\"kksr-star\" style=\"padding-right: 5px\">               <div class=\"kksr-icon\" style=\"width: 24px; height: 24px;\"><\/div>         <\/div>             <div class=\"kksr-star\" style=\"padding-right: 5px\">               <div class=\"kksr-icon\" style=\"width: 24px; height: 24px;\"><\/div>         <\/div>             <div class=\"kksr-star\" style=\"padding-right: 5px\">               <div class=\"kksr-icon\" style=\"width: 24px; height: 24px;\"><\/div>         <\/div>     <\/div> <\/div>                   <div class=\"kksr-legend\" style=\"font-size: 19.2px;\">             4.6\/5 - (34 votos)    <\/div>     <\/div>  <p>A linha de produ\u00e7\u00e3o autom\u00e1tica de incenso \u00e9 uma linha completa de processamento de bast\u00f5es de incenso para processar incenso sem bast\u00f5es de bambu. A linha de produ\u00e7\u00e3o de incenso em bast\u00e3o inclui um triturador de madeira, m\u00e1quina de p\u00f3 de madeira, misturador, m\u00e1quina formadora de incenso em fio, m\u00e1quina de secagem de bast\u00e3o de incenso e m\u00e1quina de embalagem de incenso. O processo de produ\u00e7\u00e3o inclui processamento de serragem, moagem de farinha de madeira, mistura de farinha de madeira, fabrica\u00e7\u00e3o de incenso, secagem e embalagem.<\/p>   <div class=\"wp-block-image\"> <figure class=\"aligncenter size-full\"><img loading=\"lazy\" decoding=\"async\" width=\"720\" height=\"540\" src=\"https:\/\/incensemachinery.com\/wp-content\/uploads\/2022\/08\/agarbatti-incense-stick-applications.webp\" alt=\"aplica\u00e7\u00f5es de bast\u00e3o de incenso agarbatti\" class=\"wp-image-158\" srcset=\"https:\/\/incensemachinery.com\/wp-content\/uploads\/2022\/08\/agarbatti-incense-stick-applications.webp 720w, https:\/\/incensemachinery.com\/wp-content\/uploads\/2022\/08\/agarbatti-incense-stick-applications-300x225.webp 300w\" sizes=\"auto, (max-width: 720px) 100vw, 720px\" \/><figcaption>aplica\u00e7\u00f5es de bast\u00e3o de incenso agarbatti<\/figcaption><\/figure> <\/div>     <h2 class=\"wp-block-heading\">Quais s\u00e3o os requisitos do p\u00f3 de madeira para fazer incenso?<\/h2>    <p>O principal componente do incenso \u00e9 o p\u00f3 de madeira. O p\u00f3 de madeira \u00e9 geralmente um p\u00f3 mais fino feito de v\u00e1rios p\u00f3s de madeira. O p\u00f3 de madeira usado para fazer incenso pode ser p\u00f3 de madeira comum (n\u00e3o \u00e9 necess\u00e1rio odor), s\u00e2ndalo, madeira de incenso, etc. <\/p>    <p class=\"translation-block\">Claro, tamb\u00e9m pode ser v\u00e1rios talos de plantas de laranja, ervas, etc. A finura do p\u00f3 de madeira usado para fazer incenso \u00e9 geralmente entre 80~120 mesh. Processamento especial de <strong><a href=\"https:\/\/en.wikipedia.org\/wiki\/Incense\" target=\"_blank\" rel=\"noopener\">incenso<\/a><\/strong> pode exigir uma finura diferente do p\u00f3 de madeira.<\/p>    <figure class=\"wp-block-gallery has-nested-images columns-default is-cropped wp-block-gallery-2 is-layout-flex wp-block-gallery-is-layout-flex\"> <figure class=\"wp-block-image size-large\"><img loading=\"lazy\" decoding=\"async\" width=\"720\" height=\"540\" data-id=\"156\" src=\"https:\/\/incensemachinery.com\/wp-content\/uploads\/2022\/08\/incense-sticks-making.webp\" alt=\"incenso feito pela linha de produ\u00e7\u00e3o de bast\u00e3o de incenso\" class=\"wp-image-156\" srcset=\"https:\/\/incensemachinery.com\/wp-content\/uploads\/2022\/08\/incense-sticks-making.webp 720w, https:\/\/incensemachinery.com\/wp-content\/uploads\/2022\/08\/incense-sticks-making-300x225.webp 300w\" sizes=\"auto, (max-width: 720px) 100vw, 720px\" \/><figcaption>fabrica\u00e7\u00e3o de bast\u00f5es de incenso<\/figcaption><\/figure>    <figure class=\"wp-block-image size-large\"><img loading=\"lazy\" decoding=\"async\" width=\"720\" height=\"540\" data-id=\"157\" src=\"https:\/\/incensemachinery.com\/wp-content\/uploads\/2022\/08\/thread-incense-production.webp\" alt=\"produ\u00e7\u00e3o de incenso de fio\" class=\"wp-image-157\" srcset=\"https:\/\/incensemachinery.com\/wp-content\/uploads\/2022\/08\/thread-incense-production.webp 720w, https:\/\/incensemachinery.com\/wp-content\/uploads\/2022\/08\/thread-incense-production-300x225.webp 300w\" sizes=\"auto, (max-width: 720px) 100vw, 720px\" \/><figcaption>produ\u00e7\u00e3o de incenso de fio<\/figcaption><\/figure> <\/figure>    <h2 class=\"wp-block-heading\">Processo de produ\u00e7\u00e3o da linha de produ\u00e7\u00e3o de incenso em bast\u00e3o completo<\/h2>    <h3 class=\"wp-block-heading\"><strong>Fabrica\u00e7\u00e3o de serragem<\/strong><\/h3>    <p>Para madeira de tamanho maior, galhos, ra\u00edzes, palha, ervas, etc., podemos usar este pequeno triturador de madeira para transform\u00e1-los em serragem. Este tipo de moinho de martelo geralmente pode transformar mat\u00e9rias-primas em serragem com um tamanho de cerca de 3 mm.<\/p>   <div class=\"wp-block-image\"> <figure class=\"aligncenter size-full\"><img loading=\"lazy\" decoding=\"async\" width=\"720\" height=\"540\" src=\"https:\/\/incensemachinery.com\/wp-content\/uploads\/2022\/08\/small-wood-crusher-for-sawdust-making.webp\" alt=\"triturador de madeira pequeno para fazer serragem\" class=\"wp-image-159\" srcset=\"https:\/\/incensemachinery.com\/wp-content\/uploads\/2022\/08\/small-wood-crusher-for-sawdust-making.webp 720w, https:\/\/incensemachinery.com\/wp-content\/uploads\/2022\/08\/small-wood-crusher-for-sawdust-making-300x225.webp 300w\" sizes=\"auto, (max-width: 720px) 100vw, 720px\" \/><figcaption>triturador de madeira pequeno para fazer serragem<\/figcaption><\/figure> <\/div>   <h3 class=\"wp-block-heading\"><strong>Moagem de p\u00f3 de madeira<\/strong><\/h3>    <p>O tamanho da serragem processada pelo moedor de madeira \u00e9 muito grande para ser usado diretamente na fabrica\u00e7\u00e3o de varetas de incenso, por isso precisamos usar um moinho comercial de farinha de madeira para moer ainda mais a serragem em uma farinha de madeira mais fina. A finura do moinho de farinha de madeira pode ser ajustada de acordo com as necessidades do cliente. Normalmente, a finura da farinha de madeira para varetas de incenso varia entre 60 e 120 malhas.<\/p>   <div class=\"wp-block-image\"> <figure class=\"aligncenter size-full\"><img loading=\"lazy\" decoding=\"async\" width=\"720\" height=\"540\" src=\"https:\/\/incensemachinery.com\/wp-content\/uploads\/2022\/08\/wood-powder-grinding-machine.webp\" alt=\"m\u00e1quina de moer p\u00f3 de madeira\" class=\"wp-image-160\" srcset=\"https:\/\/incensemachinery.com\/wp-content\/uploads\/2022\/08\/wood-powder-grinding-machine.webp 720w, https:\/\/incensemachinery.com\/wp-content\/uploads\/2022\/08\/wood-powder-grinding-machine-300x225.webp 300w\" sizes=\"auto, (max-width: 720px) 100vw, 720px\" \/><figcaption>m\u00e1quina de moer p\u00f3 de madeira<\/figcaption><\/figure> <\/div>   <h3 class=\"wp-block-heading\"><strong>Mistura de p\u00f3<\/strong><\/h3>    <p>Ap\u00f3s a conclus\u00e3o do processamento do p\u00f3 de madeira, precisamos usar o misturador autom\u00e1tico para misturar e misturar todas as mat\u00e9rias-primas para fazer o incenso de acordo com uma determinada propor\u00e7\u00e3o. O trabalho deste misturador \u00e9 feito em lotes. O volume de processamento de cada lote gira em torno de 50kg.<\/p>   <div class=\"wp-block-image\"> <figure class=\"aligncenter size-full\"><img loading=\"lazy\" decoding=\"async\" width=\"720\" height=\"540\" src=\"https:\/\/incensemachinery.com\/wp-content\/uploads\/2022\/08\/wood-powder-mixing-machine.webp\" alt=\"m\u00e1quina de mistura de p\u00f3 de madeira\" class=\"wp-image-161\" srcset=\"https:\/\/incensemachinery.com\/wp-content\/uploads\/2022\/08\/wood-powder-mixing-machine.webp 720w, https:\/\/incensemachinery.com\/wp-content\/uploads\/2022\/08\/wood-powder-mixing-machine-300x225.webp 300w\" sizes=\"auto, (max-width: 720px) 100vw, 720px\" \/><figcaption>m\u00e1quina de mistura de p\u00f3 de madeira<\/figcaption><\/figure> <\/div>   <h3 class=\"wp-block-heading\"><strong>Forma\u00e7\u00e3o de bast\u00e3o de incenso de linha<\/strong><\/h3>    <p class=\"translation-block\">Esta <strong>m\u00e1quina de fazer incenso<\/strong> pode extrudar as mat\u00e9rias-primas agitadas em linhas s\u00f3lidas e cort\u00e1-las em incensos de comprimento uniforme pelo dispositivo de corte. Ao alterar diferentes matrizes de extrus\u00e3o, o fabricante de incenso em pau com fio pode processar diferentes formas de incenso em pau, como cinco estrelas, cubos, tri\u00e2ngulos, cora\u00e7\u00f5es, flores, etc. Al\u00e9m disso, o comprimento de corte do incenso tamb\u00e9m pode ser ajustado.<\/p>   <div class=\"wp-block-image\"> <figure class=\"aligncenter size-full\"><img loading=\"lazy\" decoding=\"async\" width=\"720\" height=\"540\" src=\"https:\/\/incensemachinery.com\/wp-content\/uploads\/2022\/08\/incense-making-machine-for-sale.webp\" alt=\"Vendo m\u00e1quina de fazer incenso\" class=\"wp-image-121\" srcset=\"https:\/\/incensemachinery.com\/wp-content\/uploads\/2022\/08\/incense-making-machine-for-sale.webp 720w, https:\/\/incensemachinery.com\/wp-content\/uploads\/2022\/08\/incense-making-machine-for-sale-300x225.webp 300w\" sizes=\"auto, (max-width: 720px) 100vw, 720px\" \/><figcaption>linha de produ\u00e7\u00e3o de bast\u00e3o de incenso para venda<\/figcaption><\/figure> <\/div>   <h3 class=\"wp-block-heading\"><strong>Secagem com bast\u00e3o de incenso<\/strong><\/h3>    <p>Este secador de incenso \u00e9 muito adequado para secar incenso de fios e bast\u00f5es de incenso. Esta secadora possui um carrinho m\u00f3vel em seu interior e v\u00e1rias camadas de bandejas podem ser colocadas nas prateleiras do carrinho. Podemos colocar os bast\u00f5es de incenso cuidadosamente cortados nas bandejas e depois colocar as bandejas cheias de incenso na secadora para secar. A temperatura e o tempo de secagem deste secador de incenso de fio podem ser definidos e ajustados.<\/p>   <div class=\"wp-block-image\"> <figure class=\"aligncenter size-full\"><img loading=\"lazy\" decoding=\"async\" width=\"720\" height=\"540\" src=\"https:\/\/incensemachinery.com\/wp-content\/uploads\/2022\/08\/thread-incense-dryer-machine.webp\" alt=\"m\u00e1quina de secar incenso de linha\" class=\"wp-image-162\" srcset=\"https:\/\/incensemachinery.com\/wp-content\/uploads\/2022\/08\/thread-incense-dryer-machine.webp 720w, https:\/\/incensemachinery.com\/wp-content\/uploads\/2022\/08\/thread-incense-dryer-machine-300x225.webp 300w\" sizes=\"auto, (max-width: 720px) 100vw, 720px\" \/><figcaption>m\u00e1quina de secar incenso de linha<\/figcaption><\/figure> <\/div>   <h3 class=\"wp-block-heading\">M\u00e1quina de embalagem de incenso de linha<\/h3>    <p>A m\u00e1quina embaladora de incenso de Buda pode embalar o incenso seco de acordo com diferentes fatores de peso, comprimento e di\u00e2metro. N\u00e3o importa o tamanho do incenso processado pelo cliente, ele pode ser embalado nesta m\u00e1quina de embalagem. Al\u00e9m disso, os clientes tamb\u00e9m podem definir o estilo de embalagem do incenso, como saco, caixa, tubo, embalagem de filme termorretr\u00e1til, etc.<\/p>   <div class=\"wp-block-image\"> <figure class=\"aligncenter size-full\"><img loading=\"lazy\" decoding=\"async\" width=\"720\" height=\"540\" src=\"https:\/\/incensemachinery.com\/wp-content\/uploads\/2022\/08\/thread-incense-packaging-machine.webp\" alt=\"m\u00e1quina de embalagem de incenso de linha\" class=\"wp-image-169\" srcset=\"https:\/\/incensemachinery.com\/wp-content\/uploads\/2022\/08\/thread-incense-packaging-machine.webp 720w, https:\/\/incensemachinery.com\/wp-content\/uploads\/2022\/08\/thread-incense-packaging-machine-300x225.webp 300w\" sizes=\"auto, (max-width: 720px) 100vw, 720px\" \/><figcaption>m\u00e1quina de embalagem de incenso de linha<\/figcaption><\/figure> <\/div>   <h2 class=\"wp-block-heading\">Vantagens da planta de processamento de incenso de fio Shuliy<\/h2>    <ul class=\"wp-block-list\"><li>A linha de produ\u00e7\u00e3o de incenso inclui todos os equipamentos necess\u00e1rios para a produ\u00e7\u00e3o de incenso industrial e \u00e9 ideal para clientes que produzem incenso de fio em grande escala. A planta de processamento de incenso requer de 5 a 10 trabalhadores, o que economiza muitos custos de m\u00e3o de obra em compara\u00e7\u00e3o com a produ\u00e7\u00e3o manual de incenso.<\/li><\/ul>    <ul class=\"wp-block-list\"><li>Para a maioria dos clientes que desejam iniciar um neg\u00f3cio de fragr\u00e2ncias, a linha de incenso \u00e9 apenas uma configura\u00e7\u00e3o de refer\u00eancia. Nossa f\u00e1brica geralmente precisa desenvolver um plano de produ\u00e7\u00e3o de incenso adequado de acordo com o tamanho da f\u00e1brica do cliente, or\u00e7amento de investimento, produ\u00e7\u00e3o processada e outros fatores.<\/li><\/ul>    <ul class=\"wp-block-list\"><li>A f\u00e1brica Shuliy pode fornecer servi\u00e7o personalizado para cada processador de incenso e fornecer\u00e1 servi\u00e7o p\u00f3s-venda completo para clientes que adquirirem equipamentos de incenso. Apoiamos os clientes no envio de amostras para teste e convidamos os clientes a visitar nossa f\u00e1brica e testar as m\u00e1quinas.<\/li><\/ul>    <figure class=\"wp-block-gallery has-nested-images columns-2 is-cropped wp-block-gallery-3 is-layout-flex wp-block-gallery-is-layout-flex\"> <figure class=\"wp-block-image size-large\"><img loading=\"lazy\" decoding=\"async\" width=\"720\" height=\"540\" data-id=\"176\" src=\"https:\/\/incensemachinery.com\/wp-content\/uploads\/2022\/08\/thread-incense-bulk-prodution.webp\" alt=\"produ\u00e7\u00e3o em massa de incenso de fio\" class=\"wp-image-176\" srcset=\"https:\/\/incensemachinery.com\/wp-content\/uploads\/2022\/08\/thread-incense-bulk-prodution.webp 720w, https:\/\/incensemachinery.com\/wp-content\/uploads\/2022\/08\/thread-incense-bulk-prodution-300x225.webp 300w\" sizes=\"auto, (max-width: 720px) 100vw, 720px\" \/><figcaption>produ\u00e7\u00e3o em massa de incenso de fio<\/figcaption><\/figure>    <figure class=\"wp-block-image size-large\"><img loading=\"lazy\" decoding=\"async\" width=\"720\" height=\"540\" data-id=\"177\" src=\"https:\/\/incensemachinery.com\/wp-content\/uploads\/2022\/08\/well-packed-incense.webp\" alt=\"incenso bem embalado\" class=\"wp-image-177\" srcset=\"https:\/\/incensemachinery.com\/wp-content\/uploads\/2022\/08\/well-packed-incense.webp 720w, https:\/\/incensemachinery.com\/wp-content\/uploads\/2022\/08\/well-packed-incense-300x225.webp 300w\" sizes=\"auto, (max-width: 720px) 100vw, 720px\" \/><figcaption>incenso bem embalado<\/figcaption><\/figure>    <figure class=\"wp-block-image size-large\"><img loading=\"lazy\" decoding=\"async\" width=\"720\" height=\"540\" data-id=\"173\" src=\"https:\/\/incensemachinery.com\/wp-content\/uploads\/2022\/08\/agarbatti-incense.webp\" alt=\"incenso de agarbatti\" class=\"wp-image-173\" srcset=\"https:\/\/incensemachinery.com\/wp-content\/uploads\/2022\/08\/agarbatti-incense.webp 720w, https:\/\/incensemachinery.com\/wp-content\/uploads\/2022\/08\/agarbatti-incense-300x225.webp 300w\" sizes=\"auto, (max-width: 720px) 100vw, 720px\" \/><figcaption>incenso de agarbatti<\/figcaption><\/figure>    <figure class=\"wp-block-image size-large\"><img loading=\"lazy\" decoding=\"async\" width=\"720\" height=\"540\" data-id=\"174\" src=\"https:\/\/incensemachinery.com\/wp-content\/uploads\/2022\/08\/incense-packing-with-film.webp\" alt=\"embalagem de incenso com filme\" class=\"wp-image-174\" srcset=\"https:\/\/incensemachinery.com\/wp-content\/uploads\/2022\/08\/incense-packing-with-film.webp 720w, https:\/\/incensemachinery.com\/wp-content\/uploads\/2022\/08\/incense-packing-with-film-300x225.webp 300w\" sizes=\"auto, (max-width: 720px) 100vw, 720px\" \/><figcaption>embalagem de incenso com filme<\/figcaption><\/figure> <\/figure>","protected":false},"excerpt":{"rendered":"<p>The automatic incense production line is a complete thread incense stick processing line for processing incense without bamboo sticks. The thread incense stick production line includes a wood crusher, wood powder machine, mixer, thread incense forming machine, incense stick drying machine, and incense packaging machine. The production process includes sawdust processing, wood flour grinding, wood [&hellip;]<\/p>\n","protected":false},"author":1,"featured_media":155,"parent":0,"template":"","tags":[13],"product-type":[7],"class_list":["post-154","product","type-product","status-publish","has-post-thumbnail","hentry","tag-stick-incense","product-type-incense-stick-production-line"],"_links":{"self":[{"href":"https:\/\/incensemachinery.com\/pt\/wp-json\/wp\/v2\/product\/154","targetHints":{"allow":["GET"]}}],"collection":[{"href":"https:\/\/incensemachinery.com\/pt\/wp-json\/wp\/v2\/product"}],"about":[{"href":"https:\/\/incensemachinery.com\/pt\/wp-json\/wp\/v2\/types\/product"}],"author":[{"embeddable":true,"href":"https:\/\/incensemachinery.com\/pt\/wp-json\/wp\/v2\/users\/1"}],"wp:featuredmedia":[{"embeddable":true,"href":"https:\/\/incensemachinery.com\/pt\/wp-json\/wp\/v2\/media\/155"}],"wp:attachment":[{"href":"https:\/\/incensemachinery.com\/pt\/wp-json\/wp\/v2\/media?parent=154"}],"wp:term":[{"taxonomy":"post_tag","embeddable":true,"href":"https:\/\/incensemachinery.com\/pt\/wp-json\/wp\/v2\/tags?post=154"},{"taxonomy":"product-type","embeddable":true,"href":"https:\/\/incensemachinery.com\/pt\/wp-json\/wp\/v2\/product-type?post=154"}],"curies":[{"name":"wp","href":"https:\/\/api.w.org\/{rel}","templated":true}]}}