{"id":138,"date":"2022-08-04T02:33:13","date_gmt":"2022-08-04T02:33:13","guid":{"rendered":"https:\/\/incensemachinery.com\/?post_type=product&#038;p=138"},"modified":"2025-07-24T16:38:20","modified_gmt":"2025-07-24T08:38:20","slug":"stick-incense-production-line","status":"publish","type":"product","link":"https:\/\/incensemachinery.com\/pt\/product\/stick-incense-production-line\/","title":{"rendered":"Linha de produ\u00e7\u00e3o de incenso em pequena escala"},"content":{"rendered":"<div class=\"kk-star-ratings kksr-auto kksr-align-left kksr-valign-top\"     data-payload='{&quot;align&quot;:&quot;left&quot;,&quot;id&quot;:&quot;138&quot;,&quot;slug&quot;:&quot;default&quot;,&quot;valign&quot;:&quot;top&quot;,&quot;ignore&quot;:&quot;&quot;,&quot;reference&quot;:&quot;auto&quot;,&quot;class&quot;:&quot;&quot;,&quot;count&quot;:&quot;15&quot;,&quot;legendonly&quot;:&quot;&quot;,&quot;readonly&quot;:&quot;&quot;,&quot;score&quot;:&quot;4.8&quot;,&quot;starsonly&quot;:&quot;&quot;,&quot;best&quot;:&quot;5&quot;,&quot;gap&quot;:&quot;5&quot;,&quot;greet&quot;:&quot;Rate this product&quot;,&quot;legend&quot;:&quot;4.8\\\/5 - (15 votes)&quot;,&quot;size&quot;:&quot;24&quot;,&quot;title&quot;:&quot;Small-scale Stick Incense Production Line&quot;,&quot;width&quot;:&quot;136.7&quot;,&quot;_legend&quot;:&quot;{score}\\\/{best} - ({count} {votes})&quot;,&quot;font_factor&quot;:&quot;1.25&quot;}'>              <div class=\"kksr-stars\">      <div class=\"kksr-stars-inactive\">             <div class=\"kksr-star\" data-star=\"1\" style=\"padding-right: 5px\">               <div class=\"kksr-icon\" style=\"width: 24px; height: 24px;\"><\/div>         <\/div>             <div class=\"kksr-star\" data-star=\"2\" style=\"padding-right: 5px\">               <div class=\"kksr-icon\" style=\"width: 24px; height: 24px;\"><\/div>         <\/div>             <div class=\"kksr-star\" data-star=\"3\" style=\"padding-right: 5px\">               <div class=\"kksr-icon\" style=\"width: 24px; height: 24px;\"><\/div>         <\/div>             <div class=\"kksr-star\" data-star=\"4\" style=\"padding-right: 5px\">               <div class=\"kksr-icon\" style=\"width: 24px; height: 24px;\"><\/div>         <\/div>             <div class=\"kksr-star\" data-star=\"5\" style=\"padding-right: 5px\">               <div class=\"kksr-icon\" style=\"width: 24px; height: 24px;\"><\/div>         <\/div>     <\/div>      <div class=\"kksr-stars-active\" style=\"width: 136.7px;\">             <div class=\"kksr-star\" style=\"padding-right: 5px\">               <div class=\"kksr-icon\" style=\"width: 24px; height: 24px;\"><\/div>         <\/div>             <div class=\"kksr-star\" style=\"padding-right: 5px\">               <div class=\"kksr-icon\" style=\"width: 24px; height: 24px;\"><\/div>         <\/div>             <div class=\"kksr-star\" style=\"padding-right: 5px\">               <div class=\"kksr-icon\" style=\"width: 24px; height: 24px;\"><\/div>         <\/div>             <div class=\"kksr-star\" style=\"padding-right: 5px\">               <div class=\"kksr-icon\" style=\"width: 24px; height: 24px;\"><\/div>         <\/div>             <div class=\"kksr-star\" style=\"padding-right: 5px\">               <div class=\"kksr-icon\" style=\"width: 24px; height: 24px;\"><\/div>         <\/div>     <\/div> <\/div>                   <div class=\"kksr-legend\" style=\"font-size: 19.2px;\">             4.8\/5 - (15 votos)    <\/div>     <\/div>  <p>Esta linha de produ\u00e7\u00e3o de incenso em pequena escala \u00e9 usada principalmente em f\u00e1bricas de incenso de m\u00e9dio e pequeno porte que processam bast\u00f5es de incenso. O equipamento principal desta planta de processamento de bast\u00e3o de agarbatti inclui o misturador de p\u00f3 de madeira, m\u00e1quina formadora de incenso em bast\u00e3o e m\u00e1quina de embalagem de incenso em bast\u00e3o. A linha de processamento pode processar incenso em bast\u00e3o de diferentes di\u00e2metros e comprimentos.<\/p>   <div class=\"wp-block-image\"> <figure class=\"aligncenter size-full\"><img loading=\"lazy\" decoding=\"async\" width=\"720\" height=\"540\" src=\"https:\/\/incensemachinery.com\/wp-content\/uploads\/2022\/08\/stick-incense.jpg\" alt=\"incenso em bast\u00e3o\" class=\"wp-image-143\" srcset=\"https:\/\/incensemachinery.com\/wp-content\/uploads\/2022\/08\/stick-incense.jpg 720w, https:\/\/incensemachinery.com\/wp-content\/uploads\/2022\/08\/stick-incense-300x225.jpg 300w\" sizes=\"auto, (max-width: 720px) 100vw, 720px\" \/><figcaption>incenso em bast\u00e3o<\/figcaption><\/figure> <\/div>   <h2 class=\"wp-block-heading\">Equipamento principal da planta de processamento de bast\u00f5es de incenso agarbatti<\/h2>    <p>Esta pequena linha de processamento de bast\u00f5es de incenso \u00e9 um produto muito vendido em nossa f\u00e1brica. Isso ocorre porque a planta de processamento de palitos de agarbatti \u00e9 simples, f\u00e1cil de operar, de baixo custo e muito econ\u00f4mica. A linha de produ\u00e7\u00e3o inclui principalmente um misturador, m\u00e1quina extrusora de bast\u00e3o de incenso e m\u00e1quina de embalagem de bast\u00e3o de incenso.  Quando os clientes nos consultam sobre equipamentos para fabrica\u00e7\u00e3o de incenso, geralmente recomendamos m\u00e1quinas adequadas para os clientes com base em suas reais necessidades de produ\u00e7\u00e3o.<\/p>    <h3 class=\"wp-block-heading\">M\u00e1quina misturadora de p\u00f3 de madeira<\/h3>    <p>Este misturador autom\u00e1tico horizontal \u00e9 amplamente utilizado nas ind\u00fastrias de ra\u00e7\u00f5es, alimentos, produtos qu\u00edmicos, fertilizantes, farmac\u00eauticos e outras ind\u00fastrias para a mistura e agita\u00e7\u00e3o de materiais em p\u00f3, granulados, flocos, grumos e viscosos. O misturador utiliza o princ\u00edpio da leveza instant\u00e2nea para fabricar os materiais no corpo por mistura mec\u00e2nica, para atingir o objetivo de mistura uniforme. Podemos colocar as mat\u00e9rias-primas para fazer incenso, como p\u00f3 de madeira, p\u00f3 pegajoso, \u00e1gua, fragr\u00e2ncia, etc., em uma determinada propor\u00e7\u00e3o no misturador para uma mistura completa.<\/p>    <figure class=\"wp-block-gallery has-nested-images columns-default is-cropped wp-block-gallery-2 is-layout-flex wp-block-gallery-is-layout-flex\"> <figure class=\"wp-block-image size-large\"><img loading=\"lazy\" decoding=\"async\" width=\"720\" height=\"540\" data-id=\"144\" src=\"https:\/\/incensemachinery.com\/wp-content\/uploads\/2022\/08\/mixer-machine.webp\" alt=\"m\u00e1quina misturadora\" class=\"wp-image-144\" srcset=\"https:\/\/incensemachinery.com\/wp-content\/uploads\/2022\/08\/mixer-machine.webp 720w, https:\/\/incensemachinery.com\/wp-content\/uploads\/2022\/08\/mixer-machine-300x225.webp 300w\" sizes=\"auto, (max-width: 720px) 100vw, 720px\" \/><figcaption>m\u00e1quina misturadora<\/figcaption><\/figure>    <figure class=\"wp-block-image size-large\"><img loading=\"lazy\" decoding=\"async\" width=\"720\" height=\"540\" data-id=\"145\" src=\"https:\/\/incensemachinery.com\/wp-content\/uploads\/2022\/08\/wood-powder-1.webp\" alt=\"p\u00f3 de madeira\" class=\"wp-image-145\" srcset=\"https:\/\/incensemachinery.com\/wp-content\/uploads\/2022\/08\/wood-powder-1.webp 720w, https:\/\/incensemachinery.com\/wp-content\/uploads\/2022\/08\/wood-powder-1-300x225.webp 300w\" sizes=\"auto, (max-width: 720px) 100vw, 720px\" \/><figcaption>p\u00f3 de madeira<\/figcaption><\/figure> <\/figure>    <h4 class=\"wp-block-heading\">Par\u00e2metros do misturador<\/h4>    <figure class=\"wp-block-table\"><table><tbody><tr><td>Modelo<\/td><td>SL-ZW-0101<\/td><\/tr><tr><td>Agitando peso<\/td><td>50kg\/lote<\/td><\/tr><tr><td>Poder<\/td><td>3 kW<\/td><\/tr><tr><td>Tamanho<\/td><td>1100*750*1050mm<\/td><\/tr><tr><td>Peso<\/td><td>300kg<\/td><\/tr><\/tbody><\/table><\/figure>    <h3 class=\"wp-block-heading\">M\u00e1quina extrusora de bast\u00e3o de incenso<\/h3>    <p class=\"translation-block\">A <strong>m\u00e1quina extrusora de incenso<\/strong> \u00e9 o equipamento principal desta linha de produ\u00e7\u00e3o de incenso em bast\u00e3o, que \u00e9 utilizada para envolver e cobrir os materiais brutos misturados nos bast\u00f5es de bambu de forma uniforme. Entre eles, a espessura e o comprimento do envolt\u00f3rio de incenso podem ser definidos e ajustados no painel de controle da m\u00e1quina. A efici\u00eancia de processamento da m\u00e1quina extrusora de bast\u00f5es agarbatti \u00e9 de cerca de 300 pe\u00e7as por minuto. A velocidade de produ\u00e7\u00e3o tamb\u00e9m \u00e9 ajust\u00e1vel. Este modelo abaixo \u00e9 um dos extrusores mais vendidos.<\/p>    <figure class=\"wp-block-gallery has-nested-images columns-default is-cropped wp-block-gallery-3 is-layout-flex wp-block-gallery-is-layout-flex\"> <figure class=\"wp-block-image size-large\"><img loading=\"lazy\" decoding=\"async\" width=\"720\" height=\"540\" data-id=\"115\" src=\"https:\/\/incensemachinery.com\/wp-content\/uploads\/2022\/08\/dhoop-incense-stick-making-machine.webp\" alt=\"m\u00e1quina de fazer bast\u00e3o de incenso dhoop\" class=\"wp-image-115\" srcset=\"https:\/\/incensemachinery.com\/wp-content\/uploads\/2022\/08\/dhoop-incense-stick-making-machine.webp 720w, https:\/\/incensemachinery.com\/wp-content\/uploads\/2022\/08\/dhoop-incense-stick-making-machine-300x225.webp 300w\" sizes=\"auto, (max-width: 720px) 100vw, 720px\" \/><figcaption>m\u00e1quina de fazer bast\u00e3o de incenso dhoop<\/figcaption><\/figure>    <figure class=\"wp-block-image size-large\"><img loading=\"lazy\" decoding=\"async\" width=\"720\" height=\"540\" data-id=\"127\" src=\"https:\/\/incensemachinery.com\/wp-content\/uploads\/2022\/08\/stick-incense.webp\" alt=\"incenso em bast\u00e3o\" class=\"wp-image-127\" srcset=\"https:\/\/incensemachinery.com\/wp-content\/uploads\/2022\/08\/stick-incense.webp 720w, https:\/\/incensemachinery.com\/wp-content\/uploads\/2022\/08\/stick-incense-300x225.webp 300w\" sizes=\"auto, (max-width: 720px) 100vw, 720px\" \/><figcaption>incenso em bast\u00e3o de agarbatti<\/figcaption><\/figure> <\/figure>    <h4 class=\"wp-block-heading\">Par\u00e2metros da m\u00e1quina extrusora de incenso<\/h4>    <figure class=\"wp-block-table\"><table><tbody><tr><td>Modelo<\/td><td>SL-ZW-07<\/td><\/tr><tr><td>Poder<\/td><td>3 kW<\/td><\/tr><tr><td>Tamanho final do produto<\/td><td>3-6 mm\u00a02,5 mm de comprimento abaixo de 48 cm<\/td><\/tr><tr><td>Tamanho do pacote<\/td><td>800*1050*800mm<\/td><\/tr><tr><td>Velocidade<\/td><td>300+ pe\u00e7as\/min<\/td><\/tr><tr><td>Peso<\/td><td>300kg<\/td><\/tr><\/tbody><\/table><\/figure>    <h3 class=\"wp-block-heading\">M\u00e1quina de embalagem de incenso em bast\u00e3o<\/h3>    <p class=\"translation-block\">Este tipo de <strong><a href=\"https:\/\/taizypackaging.com\/incense-stick-counting-and-packing-machine\/\" target=\"_blank\" rel=\"noopener\">m\u00e1quina de embalagem de incenso em bast\u00e3o <\/a><\/strong>tem a fun\u00e7\u00e3o de contagem e embalagem autom\u00e1ticas. Ela pode embalar o incenso agarbatti seco automaticamente de acordo com certas especifica\u00e7\u00f5es de embalagem. Esta m\u00e1quina de embalagem pode substituir um grande n\u00famero de trabalhadores manuais para contar e embalar o incenso em bast\u00e3o sem causar danos ao incenso. A m\u00e1quina de embalagem de incenso em bast\u00e3o pode ser utilizada para embalar todos os tipos de incenso em bast\u00e3o com comprimento entre 1 e 100 cm.<\/p>   <div class=\"wp-block-image\"> <figure class=\"aligncenter size-full\"><img loading=\"lazy\" decoding=\"async\" width=\"720\" height=\"540\" src=\"https:\/\/incensemachinery.com\/wp-content\/uploads\/2022\/08\/incense-stick-packaging-machine.webp\" alt=\"m\u00e1quina de embalagem de bast\u00e3o de incenso\" class=\"wp-image-146\" srcset=\"https:\/\/incensemachinery.com\/wp-content\/uploads\/2022\/08\/incense-stick-packaging-machine.webp 720w, https:\/\/incensemachinery.com\/wp-content\/uploads\/2022\/08\/incense-stick-packaging-machine-300x225.webp 300w\" sizes=\"auto, (max-width: 720px) 100vw, 720px\" \/><figcaption>m\u00e1quina de embalagem de bast\u00e3o de incenso<\/figcaption><\/figure> <\/div>   <h4 class=\"wp-block-heading\">Par\u00e2metros da m\u00e1quina de embalagem de incenso<\/h4>    <figure class=\"wp-block-table\"><table><tbody><tr><td>Modelo<\/td><td>SL-CX-350<\/td><\/tr><tr><td>Poder<\/td><td>220V\/3kw<\/td><\/tr><tr><td>Tipo de embalagem<\/td><td>Tipo H<\/td><\/tr><tr><td>Velocidade<\/td><td>30-50 sacos\/min<\/td><\/tr><tr><td>A espessura do filme pl\u00e1stico<\/td><td>1,0\u20142,2um<\/td><\/tr><tr><td>Largura da embalagem<\/td><td>300mm<\/td><\/tr><tr><td>Altura da embalagem<\/td><td>\u226480 mm&nbsp;&nbsp;<\/td><\/tr><tr><td>Seus requisitos<\/td><td>Di\u00e2metro: 5-6mm, 100 pol.<\/td><\/tr><tr><td>Tamanho<\/td><td>2300*1400*1450 &nbsp;&nbsp;<\/td><\/tr><tr><td>peso<\/td><td>350kg<\/td><\/tr><tr><td>Adequado<\/td><td>Paus de incenso, canudos para bebidas, palitos de churrasco, etc.<\/td><\/tr><\/tbody><\/table><\/figure>    <figure class=\"wp-block-gallery has-nested-images columns-2 is-cropped wp-block-gallery-4 is-layout-flex wp-block-gallery-is-layout-flex\"> <figure class=\"wp-block-image size-large\"><img loading=\"lazy\" decoding=\"async\" width=\"720\" height=\"540\" data-id=\"147\" src=\"https:\/\/incensemachinery.com\/wp-content\/uploads\/2022\/08\/agarbatti-incense-stick-plants-in-Vietnam.webp\" alt=\"plantas de incenso agarbatti no Vietn\u00e3\" class=\"wp-image-147\" srcset=\"https:\/\/incensemachinery.com\/wp-content\/uploads\/2022\/08\/agarbatti-incense-stick-plants-in-Vietnam.webp 720w, https:\/\/incensemachinery.com\/wp-content\/uploads\/2022\/08\/agarbatti-incense-stick-plants-in-Vietnam-300x225.webp 300w\" sizes=\"auto, (max-width: 720px) 100vw, 720px\" \/><figcaption>plantas de incenso agarbatti no Vietn\u00e3<\/figcaption><\/figure>    <figure class=\"wp-block-image size-large\"><img loading=\"lazy\" decoding=\"async\" width=\"720\" height=\"540\" data-id=\"148\" src=\"https:\/\/incensemachinery.com\/wp-content\/uploads\/2022\/08\/incense-machine-factory.webp\" alt=\"f\u00e1brica de m\u00e1quinas de incenso\" class=\"wp-image-148\" srcset=\"https:\/\/incensemachinery.com\/wp-content\/uploads\/2022\/08\/incense-machine-factory.webp 720w, https:\/\/incensemachinery.com\/wp-content\/uploads\/2022\/08\/incense-machine-factory-300x225.webp 300w\" sizes=\"auto, (max-width: 720px) 100vw, 720px\" \/><figcaption>f\u00e1brica de m\u00e1quinas de incenso<\/figcaption><\/figure>    <figure class=\"wp-block-image size-large\"><img loading=\"lazy\" decoding=\"async\" width=\"720\" height=\"540\" data-id=\"149\" src=\"https:\/\/incensemachinery.com\/wp-content\/uploads\/2022\/08\/stick-incense-making.webp\" alt=\"fazer incenso em bast\u00e3o\" class=\"wp-image-149\" srcset=\"https:\/\/incensemachinery.com\/wp-content\/uploads\/2022\/08\/stick-incense-making.webp 720w, https:\/\/incensemachinery.com\/wp-content\/uploads\/2022\/08\/stick-incense-making-300x225.webp 300w\" sizes=\"auto, (max-width: 720px) 100vw, 720px\" \/><figcaption>fazer incenso em bast\u00e3o<\/figcaption><\/figure>    <figure class=\"wp-block-image size-large\"><img loading=\"lazy\" decoding=\"async\" width=\"720\" height=\"540\" data-id=\"150\" src=\"https:\/\/incensemachinery.com\/wp-content\/uploads\/2022\/08\/white-stick-incense-making.webp\" alt=\"fabrica\u00e7\u00e3o de incenso em bast\u00e3o branco\" class=\"wp-image-150\" srcset=\"https:\/\/incensemachinery.com\/wp-content\/uploads\/2022\/08\/white-stick-incense-making.webp 720w, https:\/\/incensemachinery.com\/wp-content\/uploads\/2022\/08\/white-stick-incense-making-300x225.webp 300w\" sizes=\"auto, (max-width: 720px) 100vw, 720px\" \/><figcaption>fabrica\u00e7\u00e3o de incenso em bast\u00e3o branco<\/figcaption><\/figure> <\/figure>    <h2 class=\"wp-block-heading\">Caracter\u00edsticas da linha de produ\u00e7\u00e3o de incenso em bast\u00e3o pequeno<\/h2>    <p>Esta pequena f\u00e1brica de processamento de incenso em vara \u00e9 uma solu\u00e7\u00e3o simples de produ\u00e7\u00e3o de incenso projetada pela nossa f\u00e1brica Shuliy com base nas op\u00e7\u00f5es da maioria dos nossos clientes. O baixo custo desta linha \u00e9 adequado para clientes com alto volume de processamento, mas um or\u00e7amento de investimento baixo. Esta linha pode basicamente atender \u00e0s necessidades de 70% das f\u00e1bricas de incenso.<\/p>    <p>O equipamento nesta linha de processamento de palitos de agarbatti \u00e9 apenas um projeto de refer\u00eancia. Por exemplo, se o cliente produz bast\u00f5es de incenso que n\u00e3o precisam ser embalados, n\u00e3o h\u00e1 necessidade de adquirir uma m\u00e1quina de embalar bast\u00f5es de incenso. Normalmente, nossa f\u00e1brica \u00e9 capaz de customizar uma solu\u00e7\u00e3o adequada para nossos clientes de acordo com suas necessidades de processamento e or\u00e7amento de investimento.<\/p>","protected":false},"excerpt":{"rendered":"<p>This small-scale stick incense production line is mainly used in medium and small incense factories that process incense sticks. The main equipment of this agarbatti stick processing plant includes the wood powder mixer, stick incense forming machine, and stick incense packaging machine. The processing line can process stick incense of different diameters and lengths. Main [&hellip;]<\/p>\n","protected":false},"author":1,"featured_media":139,"parent":0,"template":"","tags":[13],"product-type":[7],"class_list":["post-138","product","type-product","status-publish","has-post-thumbnail","hentry","tag-stick-incense","product-type-incense-stick-production-line"],"_links":{"self":[{"href":"https:\/\/incensemachinery.com\/pt\/wp-json\/wp\/v2\/product\/138","targetHints":{"allow":["GET"]}}],"collection":[{"href":"https:\/\/incensemachinery.com\/pt\/wp-json\/wp\/v2\/product"}],"about":[{"href":"https:\/\/incensemachinery.com\/pt\/wp-json\/wp\/v2\/types\/product"}],"author":[{"embeddable":true,"href":"https:\/\/incensemachinery.com\/pt\/wp-json\/wp\/v2\/users\/1"}],"wp:featuredmedia":[{"embeddable":true,"href":"https:\/\/incensemachinery.com\/pt\/wp-json\/wp\/v2\/media\/139"}],"wp:attachment":[{"href":"https:\/\/incensemachinery.com\/pt\/wp-json\/wp\/v2\/media?parent=138"}],"wp:term":[{"taxonomy":"post_tag","embeddable":true,"href":"https:\/\/incensemachinery.com\/pt\/wp-json\/wp\/v2\/tags?post=138"},{"taxonomy":"product-type","embeddable":true,"href":"https:\/\/incensemachinery.com\/pt\/wp-json\/wp\/v2\/product-type?post=138"}],"curies":[{"name":"wp","href":"https:\/\/api.w.org\/{rel}","templated":true}]}}