{"id":118,"date":"2022-08-03T10:43:01","date_gmt":"2022-08-03T10:43:01","guid":{"rendered":"https:\/\/incensemachinery.com\/?post_type=product&#038;p=118"},"modified":"2025-07-03T16:24:50","modified_gmt":"2025-07-03T08:24:50","slug":"thread-incense-making-machine","status":"publish","type":"product","link":"https:\/\/incensemachinery.com\/pt\/product\/thread-incense-making-machine\/","title":{"rendered":"M\u00e1quina de fazer incenso | M\u00e1quina de incenso de linha"},"content":{"rendered":"<div class=\"kk-star-ratings kksr-auto kksr-align-left kksr-valign-top\"     data-payload='{&quot;align&quot;:&quot;left&quot;,&quot;id&quot;:&quot;118&quot;,&quot;slug&quot;:&quot;default&quot;,&quot;valign&quot;:&quot;top&quot;,&quot;ignore&quot;:&quot;&quot;,&quot;reference&quot;:&quot;auto&quot;,&quot;class&quot;:&quot;&quot;,&quot;count&quot;:&quot;14&quot;,&quot;legendonly&quot;:&quot;&quot;,&quot;readonly&quot;:&quot;&quot;,&quot;score&quot;:&quot;4.9&quot;,&quot;starsonly&quot;:&quot;&quot;,&quot;best&quot;:&quot;5&quot;,&quot;gap&quot;:&quot;5&quot;,&quot;greet&quot;:&quot;Rate this product&quot;,&quot;legend&quot;:&quot;4.9\\\/5 - (14 votes)&quot;,&quot;size&quot;:&quot;24&quot;,&quot;title&quot;:&quot;Incense Making Machine | Thread Incense Machine&quot;,&quot;width&quot;:&quot;139.6&quot;,&quot;_legend&quot;:&quot;{score}\\\/{best} - ({count} {votes})&quot;,&quot;font_factor&quot;:&quot;1.25&quot;}'>              <div class=\"kksr-stars\">      <div class=\"kksr-stars-inactive\">             <div class=\"kksr-star\" data-star=\"1\" style=\"padding-right: 5px\">               <div class=\"kksr-icon\" style=\"width: 24px; height: 24px;\"><\/div>         <\/div>             <div class=\"kksr-star\" data-star=\"2\" style=\"padding-right: 5px\">               <div class=\"kksr-icon\" style=\"width: 24px; height: 24px;\"><\/div>         <\/div>             <div class=\"kksr-star\" data-star=\"3\" style=\"padding-right: 5px\">               <div class=\"kksr-icon\" style=\"width: 24px; height: 24px;\"><\/div>         <\/div>             <div class=\"kksr-star\" data-star=\"4\" style=\"padding-right: 5px\">               <div class=\"kksr-icon\" style=\"width: 24px; height: 24px;\"><\/div>         <\/div>             <div class=\"kksr-star\" data-star=\"5\" style=\"padding-right: 5px\">               <div class=\"kksr-icon\" style=\"width: 24px; height: 24px;\"><\/div>         <\/div>     <\/div>      <div class=\"kksr-stars-active\" style=\"width: 139.6px;\">             <div class=\"kksr-star\" style=\"padding-right: 5px\">               <div class=\"kksr-icon\" style=\"width: 24px; height: 24px;\"><\/div>         <\/div>             <div class=\"kksr-star\" style=\"padding-right: 5px\">               <div class=\"kksr-icon\" style=\"width: 24px; height: 24px;\"><\/div>         <\/div>             <div class=\"kksr-star\" style=\"padding-right: 5px\">               <div class=\"kksr-icon\" style=\"width: 24px; height: 24px;\"><\/div>         <\/div>             <div class=\"kksr-star\" style=\"padding-right: 5px\">               <div class=\"kksr-icon\" style=\"width: 24px; height: 24px;\"><\/div>         <\/div>             <div class=\"kksr-star\" style=\"padding-right: 5px\">               <div class=\"kksr-icon\" style=\"width: 24px; height: 24px;\"><\/div>         <\/div>     <\/div> <\/div>                   <div class=\"kksr-legend\" style=\"font-size: 19.2px;\">             4.9\/5 - (14 votos)    <\/div>     <\/div>  <p class=\"translation-block\">Esta m\u00e1quina autom\u00e1tica de fazer incenso tamb\u00e9m pode ser chamada de m\u00e1quina de incenso em bast\u00e3o, mas \u00e9 usada principalmente para fazer incenso sem bast\u00f5es de bambu. Esta m\u00e1quina de incenso em fio pode processar v\u00e1rios tipos de bast\u00f5es de incenso de diferentes di\u00e2metros e comprimentos. O incenso produzido por esta m\u00e1quina \u00e9 geralmente usado como <strong><a href=\"https:\/\/buddingbuddhist.com\/what-kind-of-incense-is-used-in-buddhist-temples\/\" target=\"_blank\" rel=\"noopener\">incenso budista<\/a><\/strong> e bast\u00f5es de incenso para uso interno. Ao adicionar diferentes cores \u00e0 mat\u00e9ria-prima, a m\u00e1quina tamb\u00e9m pode processar bast\u00f5es de incenso coloridos.<\/p>    <figure class=\"wp-block-gallery has-nested-images columns-default is-cropped wp-block-gallery-2 is-layout-flex wp-block-gallery-is-layout-flex\"> <figure class=\"wp-block-image size-large\"><img loading=\"lazy\" decoding=\"async\" width=\"720\" height=\"540\" data-id=\"124\" src=\"https:\/\/incensemachinery.com\/wp-content\/uploads\/2022\/08\/industrial-thread-incense-stick-machine.webp\" alt=\"m\u00e1quina de bast\u00e3o de incenso de linha industrial\" class=\"wp-image-124\" srcset=\"https:\/\/incensemachinery.com\/wp-content\/uploads\/2022\/08\/industrial-thread-incense-stick-machine.webp 720w, https:\/\/incensemachinery.com\/wp-content\/uploads\/2022\/08\/industrial-thread-incense-stick-machine-300x225.webp 300w\" sizes=\"auto, (max-width: 720px) 100vw, 720px\" \/><figcaption class=\"wp-element-caption\">m\u00e1quina de bast\u00e3o de incenso de linha industrial<\/figcaption><\/figure>    <figure class=\"wp-block-image size-large\"><img loading=\"lazy\" decoding=\"async\" width=\"720\" height=\"540\" data-id=\"125\" src=\"https:\/\/incensemachinery.com\/wp-content\/uploads\/2022\/08\/thread-incense-stick.webp\" alt=\"bast\u00e3o de incenso de fio\" class=\"wp-image-125\" srcset=\"https:\/\/incensemachinery.com\/wp-content\/uploads\/2022\/08\/thread-incense-stick.webp 720w, https:\/\/incensemachinery.com\/wp-content\/uploads\/2022\/08\/thread-incense-stick-300x225.webp 300w\" sizes=\"auto, (max-width: 720px) 100vw, 720px\" \/><figcaption class=\"wp-element-caption\">bast\u00e3o de incenso de fio<\/figcaption><\/figure> <\/figure>    <h2 class=\"wp-block-heading\" id=\"h-raw-materials-for-making-incense\">Mat\u00e9rias-primas para fazer incenso<\/h2>    <p>As mat\u00e9rias-primas b\u00e1sicas para o processamento de incenso s\u00e3o principalmente p\u00f3 de madeira mais fino (malha 60-100), p\u00f3 pegajoso, pigmento, sabor, etc. a casca, galhos, folhas e ra\u00edzes das \u00e1rvores ficam pegajosas. Este p\u00f3 fica pegajoso quando encontra a \u00e1gua, \u00e9 mucilaginoso e tem forte viscosidade.<\/p>    <h2 class=\"wp-block-heading\" id=\"h-incense-with-stick-vs-incense-without-sticks\">Incenso com bast\u00e3o VS incenso sem bast\u00e3o<\/h2>    <p class=\"translation-block\">Existem dois tipos principais de incenso em bast\u00e3o que costumamos ver, um com um bast\u00e3o de bambu ou madeira e o outro sem bast\u00e3o. Na verdade, n\u00e3o h\u00e1 diferen\u00e7a entre esses dois tipos de incenso em termos de uso, mas apenas uma leve diferen\u00e7a na apar\u00eancia. O <strong><a href=\"https:\/\/incensemachinery.com\/pt\/product\/agarbatti-incense-stick-machine\/?swcfpc=1\">incenso em bast\u00e3o com um bast\u00e3o de bambu<\/a><\/strong> \u00e9 f\u00e1cil de inserir no lugar onde o incenso \u00e9 aceso e f\u00e1cil de segurar. O que n\u00e3o tem bast\u00e3o geralmente precisa ser colocado no queimador de incenso.<\/p>    <figure class=\"wp-block-gallery has-nested-images columns-default is-cropped wp-block-gallery-3 is-layout-flex wp-block-gallery-is-layout-flex\"> <figure class=\"wp-block-image size-large\"><img loading=\"lazy\" decoding=\"async\" width=\"720\" height=\"540\" data-id=\"127\" src=\"https:\/\/incensemachinery.com\/wp-content\/uploads\/2022\/08\/stick-incense.webp\" alt=\"incenso em bast\u00e3o\" class=\"wp-image-127\" srcset=\"https:\/\/incensemachinery.com\/wp-content\/uploads\/2022\/08\/stick-incense.webp 720w, https:\/\/incensemachinery.com\/wp-content\/uploads\/2022\/08\/stick-incense-300x225.webp 300w\" sizes=\"auto, (max-width: 720px) 100vw, 720px\" \/><figcaption class=\"wp-element-caption\">incenso em bast\u00e3o<\/figcaption><\/figure>    <figure class=\"wp-block-image size-large\"><img loading=\"lazy\" decoding=\"async\" width=\"720\" height=\"540\" data-id=\"128\" src=\"https:\/\/incensemachinery.com\/wp-content\/uploads\/2022\/08\/thread-incense-without-sticks.webp\" alt=\"incenso de fio sem palitos\" class=\"wp-image-128\" srcset=\"https:\/\/incensemachinery.com\/wp-content\/uploads\/2022\/08\/thread-incense-without-sticks.webp 720w, https:\/\/incensemachinery.com\/wp-content\/uploads\/2022\/08\/thread-incense-without-sticks-300x225.webp 300w\" sizes=\"auto, (max-width: 720px) 100vw, 720px\" \/><figcaption class=\"wp-element-caption\">incenso de fio sem palitos<\/figcaption><\/figure> <\/figure>    <h2 class=\"wp-block-heading\" id=\"h-main-structure-of-thread-incense-making-machine\">Estrutura principal da m\u00e1quina de fazer incenso de fio<\/h2>    <p>A m\u00e1quina de incenso completa inclui uma m\u00e1quina extrusora, tr\u00eas transportadores (um transportador para alimenta\u00e7\u00e3o, um transportador com cortadores e um transportador para transporte) e uma m\u00e1quina empilhadora. O tamanho do incenso pode ser customizado de acordo com a solicita\u00e7\u00e3o do cliente e tamb\u00e9m pode ser alterado os moldes internos para produzir diferentes formatos ou di\u00e2metros de incenso final.<\/p>    <figure class=\"wp-block-gallery has-nested-images columns-default is-cropped wp-block-gallery-4 is-layout-flex wp-block-gallery-is-layout-flex\"> <figure class=\"wp-block-image size-large\"><img loading=\"lazy\" decoding=\"async\" width=\"720\" height=\"540\" data-id=\"130\" src=\"https:\/\/incensemachinery.com\/wp-content\/uploads\/2022\/08\/small-thread-incense-processing-line.webp\" alt=\"linha de processamento de incenso de fio pequeno\" class=\"wp-image-130\" srcset=\"https:\/\/incensemachinery.com\/wp-content\/uploads\/2022\/08\/small-thread-incense-processing-line.webp 720w, https:\/\/incensemachinery.com\/wp-content\/uploads\/2022\/08\/small-thread-incense-processing-line-300x225.webp 300w\" sizes=\"auto, (max-width: 720px) 100vw, 720px\" \/><figcaption class=\"wp-element-caption\">linha de processamento de incenso de fio pequeno<\/figcaption><\/figure>    <figure class=\"wp-block-image size-large\"><img loading=\"lazy\" decoding=\"async\" width=\"720\" height=\"540\" data-id=\"134\" src=\"https:\/\/incensemachinery.com\/wp-content\/uploads\/2022\/08\/stick-incense-extruding-molds.webp\" alt=\"moldes de extrus\u00e3o de incenso em bast\u00e3o\" class=\"wp-image-134\" srcset=\"https:\/\/incensemachinery.com\/wp-content\/uploads\/2022\/08\/stick-incense-extruding-molds.webp 720w, https:\/\/incensemachinery.com\/wp-content\/uploads\/2022\/08\/stick-incense-extruding-molds-300x225.webp 300w\" sizes=\"auto, (max-width: 720px) 100vw, 720px\" \/><figcaption class=\"wp-element-caption\">moldes de extrus\u00e3o de incenso em bast\u00e3o<\/figcaption><\/figure> <\/figure>    <h2 class=\"wp-block-heading\" id=\"h-main-advantages-of-shuliy-stick-incense-machine\">Principais vantagens da m\u00e1quina de incenso Shuliy<\/h2>    <ol class=\"wp-block-list\"> <li>As m\u00e1quinas de incenso da f\u00e1brica Shuliy est\u00e3o dispon\u00edveis em v\u00e1rios modelos. Basta nos dizer o tipo e tamanho do incenso que voc\u00ea deseja processar e n\u00f3s recomendaremos a m\u00e1quina fabricante de incenso mais adequada e uma solu\u00e7\u00e3o completa de processamento de incenso com desempenho de alto custo.<\/li>    <li>A f\u00e1brica Shuliy insiste na inova\u00e7\u00e3o e desenvolvimento, atualizando constantemente o equipamento de fabrica\u00e7\u00e3o de incenso com base no feedback dos clientes. Portanto, nossa f\u00e1brica pode personalizar as solu\u00e7\u00f5es de processamento de varetas de incenso adequadas para cada cliente. Podemos personalizar o di\u00e2metro, comprimento, forma, padr\u00e3o, fragr\u00e2ncia, teor de cinzas, tempo de igni\u00e7\u00e3o, tempo de queima, etc., de acordo com as necessidades do cliente.<\/li> <\/ol>    <figure class=\"wp-block-gallery has-nested-images columns-2 is-cropped wp-block-gallery-5 is-layout-flex wp-block-gallery-is-layout-flex\"> <figure class=\"wp-block-image size-large\"><img loading=\"lazy\" decoding=\"async\" width=\"720\" height=\"540\" data-id=\"131\" src=\"https:\/\/incensemachinery.com\/wp-content\/uploads\/2022\/08\/incense-making-machine-packaing-and-shipping.webp\" alt=\"embalagem e envio da m\u00e1quina de fazer incenso\" class=\"wp-image-131\" srcset=\"https:\/\/incensemachinery.com\/wp-content\/uploads\/2022\/08\/incense-making-machine-packaing-and-shipping.webp 720w, https:\/\/incensemachinery.com\/wp-content\/uploads\/2022\/08\/incense-making-machine-packaing-and-shipping-300x225.webp 300w\" sizes=\"auto, (max-width: 720px) 100vw, 720px\" \/><figcaption class=\"wp-element-caption\">embalagem e envio da m\u00e1quina de fazer incenso<\/figcaption><\/figure>    <figure class=\"wp-block-image size-large\"><img loading=\"lazy\" decoding=\"async\" width=\"720\" height=\"540\" data-id=\"132\" src=\"https:\/\/incensemachinery.com\/wp-content\/uploads\/2022\/08\/thread-incense-machine-shipment.webp\" alt=\"envio de m\u00e1quina de incenso de fio\" class=\"wp-image-132\" srcset=\"https:\/\/incensemachinery.com\/wp-content\/uploads\/2022\/08\/thread-incense-machine-shipment.webp 720w, https:\/\/incensemachinery.com\/wp-content\/uploads\/2022\/08\/thread-incense-machine-shipment-300x225.webp 300w\" sizes=\"auto, (max-width: 720px) 100vw, 720px\" \/><figcaption class=\"wp-element-caption\">envio de m\u00e1quina de incenso de fio<\/figcaption><\/figure>    <figure class=\"wp-block-image size-large\"><img loading=\"lazy\" decoding=\"async\" width=\"720\" height=\"540\" data-id=\"120\" src=\"https:\/\/incensemachinery.com\/wp-content\/uploads\/2022\/08\/complete-thread-incense-machine.webp\" alt=\"m\u00e1quina de incenso de fio completa\" class=\"wp-image-120\" srcset=\"https:\/\/incensemachinery.com\/wp-content\/uploads\/2022\/08\/complete-thread-incense-machine.webp 720w, https:\/\/incensemachinery.com\/wp-content\/uploads\/2022\/08\/complete-thread-incense-machine-300x225.webp 300w\" sizes=\"auto, (max-width: 720px) 100vw, 720px\" \/><figcaption class=\"wp-element-caption\">m\u00e1quina de incenso de fio completa<\/figcaption><\/figure>    <figure class=\"wp-block-image size-large\"><img loading=\"lazy\" decoding=\"async\" width=\"720\" height=\"540\" data-id=\"121\" src=\"https:\/\/incensemachinery.com\/wp-content\/uploads\/2022\/08\/incense-making-machine-for-sale.webp\" alt=\"Vendo m\u00e1quina de fazer incenso\" class=\"wp-image-121\" srcset=\"https:\/\/incensemachinery.com\/wp-content\/uploads\/2022\/08\/incense-making-machine-for-sale.webp 720w, https:\/\/incensemachinery.com\/wp-content\/uploads\/2022\/08\/incense-making-machine-for-sale-300x225.webp 300w\" sizes=\"auto, (max-width: 720px) 100vw, 720px\" \/><figcaption class=\"wp-element-caption\">Vendo m\u00e1quina de fazer incenso<\/figcaption><\/figure> <\/figure>    <h2 class=\"wp-block-heading\" id=\"h-how-to-dry-the-incense-sticks\">Como secar os incensos?<\/h2>    <p class=\"translation-block\">O incenso em fio \u00e9 macio quando \u00e9 feito pela primeira vez porque cont\u00e9m uma certa quantidade de \u00e1gua, e \u00e9 f\u00e1cil de dobrar e quebrar. Portanto, para evitar a deforma\u00e7\u00e3o dos bast\u00f5es de incenso, geralmente precisamos usar bandejas para secar o incenso cortado, e a secagem do incenso em bast\u00e3o pode ser feita naturalmente ou utilizando uma <strong><a href=\"https:\/\/dryingplant.com\/\" target=\"_blank\" rel=\"noopener\">m\u00e1quina de secagem<\/a><\/strong>. Nossa f\u00e1brica pode fornecer equipamentos de secagem para a secagem cont\u00ednua de bast\u00f5es de incenso.<\/p>    <p>O m\u00e9todo de secagem natural \u00e9 mais comum. Por\u00e9m, \u00e9 importante ressaltar que a secagem natural do incenso de fio n\u00e3o deve ser feita diretamente ao sol, mas sim em local fresco e ventilado. Isso ocorre porque os bast\u00f5es de incenso colocados ao sol ser\u00e3o aquecidos de forma desigual e ir\u00e3o entortar e rachar.<\/p>    <figure class=\"wp-block-gallery has-nested-images columns-default is-cropped wp-block-gallery-6 is-layout-flex wp-block-gallery-is-layout-flex\"> <figure class=\"wp-block-image size-full\"><img loading=\"lazy\" decoding=\"async\" width=\"720\" height=\"540\" data-id=\"165\" src=\"https:\/\/incensemachinery.com\/wp-content\/uploads\/2022\/08\/thread-incense-processing.webp\" alt=\"\" class=\"wp-image-165\" srcset=\"https:\/\/incensemachinery.com\/wp-content\/uploads\/2022\/08\/thread-incense-processing.webp 720w, https:\/\/incensemachinery.com\/wp-content\/uploads\/2022\/08\/thread-incense-processing-300x225.webp 300w\" sizes=\"auto, (max-width: 720px) 100vw, 720px\" \/><figcaption class=\"wp-element-caption\">incenso grosso<\/figcaption><\/figure>    <figure class=\"wp-block-image size-large\"><img loading=\"lazy\" decoding=\"async\" width=\"540\" height=\"720\" data-id=\"136\" src=\"https:\/\/incensemachinery.com\/wp-content\/uploads\/2022\/08\/thin-thread-incense-sticks.webp\" alt=\"bast\u00f5es de incenso de fio fino\" class=\"wp-image-136\" srcset=\"https:\/\/incensemachinery.com\/wp-content\/uploads\/2022\/08\/thin-thread-incense-sticks.webp 540w, https:\/\/incensemachinery.com\/wp-content\/uploads\/2022\/08\/thin-thread-incense-sticks-225x300.webp 225w\" sizes=\"auto, (max-width: 540px) 100vw, 540px\" \/><figcaption class=\"wp-element-caption\">bast\u00f5es de incenso de fio fino<\/figcaption><\/figure> <\/figure>    <h2 class=\"wp-block-heading\" id=\"h-parameters-of-incense-making-machine\">Par\u00e2metros da m\u00e1quina de fazer incenso<\/h2>    <figure class=\"wp-block-table\"><table><tbody><tr><td>Modelo<\/td><td>SL-ZX-4<\/td><\/tr><tr><td>Capacidade<\/td><td>1000kg por dia<\/td><\/tr><tr><td>Poder<\/td><td>5,5 kW<\/td><\/tr><tr><td>Tens\u00e3o<\/td><td>380 V<\/td><\/tr><tr><td>Tamanho final do produto<\/td><td>Di\u00e2metro (1-5mm)*1,25m<\/td><\/tr><tr><td>Tamanho da m\u00e1quina<\/td><td>8*3,5*2m<\/td><\/tr><\/tbody><\/table><\/figure>    <h2 class=\"wp-block-heading\">V\u00eddeo da m\u00e1quina de fazer bast\u00e3o de incenso<\/h2>    <figure class=\"wp-block-embed is-type-video is-provider-youtube wp-block-embed-youtube wp-embed-aspect-16-9 wp-has-aspect-ratio\"><div class=\"wp-block-embed__wrapper\"> <iframe loading=\"lazy\" title=\"M\u00e1quina de fazer bast\u00f5es de incenso de linha | Linha de produ\u00e7\u00e3o cont\u00ednua de varas de incenso #incense\" width=\"500\" height=\"281\" src=\"https:\/\/www.youtube.com\/embed\/ZD-PTHOlQ9I?feature=oembed\" frameborder=\"0\" allow=\"accelerometer; autoplay; clipboard-write; encrypted-media; gyroscope; picture-in-picture; web-share\" referrerpolicy=\"strict-origin-when-cross-origin\" allowfullscreen><\/iframe> <\/div><\/figure>","protected":false},"excerpt":{"rendered":"<p>This automatic incense making machine can also be called a stick incense machine, but it is mainly used to make incense without bamboo sticks. This thread incense machine can process various types of incense sticks of different diameters and lengths. The incense produced by this machine is usually used as Buddhist incense and indoor incense [&hellip;]<\/p>\n","protected":false},"author":1,"featured_media":119,"parent":0,"template":"","tags":[13],"product-type":[4],"class_list":["post-118","product","type-product","status-publish","has-post-thumbnail","hentry","tag-stick-incense","product-type-incense-making-machine"],"_links":{"self":[{"href":"https:\/\/incensemachinery.com\/pt\/wp-json\/wp\/v2\/product\/118","targetHints":{"allow":["GET"]}}],"collection":[{"href":"https:\/\/incensemachinery.com\/pt\/wp-json\/wp\/v2\/product"}],"about":[{"href":"https:\/\/incensemachinery.com\/pt\/wp-json\/wp\/v2\/types\/product"}],"author":[{"embeddable":true,"href":"https:\/\/incensemachinery.com\/pt\/wp-json\/wp\/v2\/users\/1"}],"wp:featuredmedia":[{"embeddable":true,"href":"https:\/\/incensemachinery.com\/pt\/wp-json\/wp\/v2\/media\/119"}],"wp:attachment":[{"href":"https:\/\/incensemachinery.com\/pt\/wp-json\/wp\/v2\/media?parent=118"}],"wp:term":[{"taxonomy":"post_tag","embeddable":true,"href":"https:\/\/incensemachinery.com\/pt\/wp-json\/wp\/v2\/tags?post=118"},{"taxonomy":"product-type","embeddable":true,"href":"https:\/\/incensemachinery.com\/pt\/wp-json\/wp\/v2\/product-type?post=118"}],"curies":[{"name":"wp","href":"https:\/\/api.w.org\/{rel}","templated":true}]}}