{"id":21,"date":"2022-08-02T10:16:40","date_gmt":"2022-08-02T10:16:40","guid":{"rendered":"https:\/\/incensemachinery.com\/?page_id=21"},"modified":"2026-04-17T16:54:53","modified_gmt":"2026-04-17T08:54:53","slug":"about-us","status":"publish","type":"page","link":"https:\/\/incensemachinery.com\/pt\/about-us\/","title":{"rendered":"Sobre n\u00f3s"},"content":{"rendered":"<p>A Shuliy \u00e9 uma fabricante profissional com mais de 10 anos especializada no design, P&amp;D, produ\u00e7\u00e3o, vendas e servi\u00e7o p\u00f3s-venda de m\u00e1quinas de fazer incenso, linhas de produ\u00e7\u00e3o autom\u00e1ticas de incenso e equipamentos de processamento relacionados.<\/p>    <p>Nossos produtos cobrem m\u00e1quinas de incenso de uso dom\u00e9stico, linhas de produ\u00e7\u00e3o semi-autom\u00e1ticas e totalmente autom\u00e1ticas, adequadas para produzir incenso Buddha, incenso em bast\u00e3o, linha de incenso, incenso em espiral, incenso arom\u00e1tico e v\u00e1rios incensos de forma especial.<\/p>    <p>Com tecnologia madura, desempenho est\u00e1vel e pre\u00e7o razo\u00e1vel, nossas m\u00e1quinas de incenso foram exportadas para mais de 30 pa\u00edses e regi\u00f5es do Sudeste Asi\u00e1tico, Oriente M\u00e9dio, \u00c1frica e outros mercados, sendo amplamente reconhecidas pelos clientes.<\/p>    <figure class=\"wp-block-gallery has-nested-images columns-default is-cropped wp-block-gallery-2 is-layout-flex wp-block-gallery-is-layout-flex\"> <figure class=\"wp-block-image size-large\"><img loading=\"lazy\" decoding=\"async\" width=\"720\" height=\"540\" data-id=\"518\" src=\"https:\/\/incensemachinery.com\/wp-content\/uploads\/2025\/08\/Nigerian-customers-visit.webp\" alt=\"Clientes nigerianos visitam\" class=\"wp-image-518\" srcset=\"https:\/\/incensemachinery.com\/wp-content\/uploads\/2025\/08\/Nigerian-customers-visit.webp 720w, https:\/\/incensemachinery.com\/wp-content\/uploads\/2025\/08\/Nigerian-customers-visit-300x225.webp 300w, https:\/\/incensemachinery.com\/wp-content\/uploads\/2025\/08\/Nigerian-customers-visit-16x12.webp 16w\" sizes=\"auto, (max-width: 720px) 100vw, 720px\" \/><figcaption class=\"wp-element-caption\">Clientes nigerianos visitam<\/figcaption><\/figure>    <figure class=\"wp-block-image size-large\"><img loading=\"lazy\" decoding=\"async\" width=\"720\" height=\"540\" data-id=\"520\" src=\"https:\/\/incensemachinery.com\/wp-content\/uploads\/2025\/08\/South-African-customers-visit.webp\" alt=\"Clientes sul-africanos visitam\" class=\"wp-image-520\" srcset=\"https:\/\/incensemachinery.com\/wp-content\/uploads\/2025\/08\/South-African-customers-visit.webp 720w, https:\/\/incensemachinery.com\/wp-content\/uploads\/2025\/08\/South-African-customers-visit-300x225.webp 300w, https:\/\/incensemachinery.com\/wp-content\/uploads\/2025\/08\/South-African-customers-visit-16x12.webp 16w\" sizes=\"auto, (max-width: 720px) 100vw, 720px\" \/><figcaption class=\"wp-element-caption\">Clientes sul-africanos visitam<\/figcaption><\/figure>    <figure class=\"wp-block-image size-large\"><img loading=\"lazy\" decoding=\"async\" width=\"720\" height=\"540\" data-id=\"523\" src=\"https:\/\/incensemachinery.com\/wp-content\/uploads\/2025\/08\/Yemeni-customers-visit.webp\" alt=\"Clientes iemenitas visitam\" class=\"wp-image-523\" srcset=\"https:\/\/incensemachinery.com\/wp-content\/uploads\/2025\/08\/Yemeni-customers-visit.webp 720w, https:\/\/incensemachinery.com\/wp-content\/uploads\/2025\/08\/Yemeni-customers-visit-300x225.webp 300w, https:\/\/incensemachinery.com\/wp-content\/uploads\/2025\/08\/Yemeni-customers-visit-16x12.webp 16w\" sizes=\"auto, (max-width: 720px) 100vw, 720px\" \/><figcaption class=\"wp-element-caption\">Clientes iemenitas visitam<\/figcaption><\/figure> <\/figure>    <h2 class=\"wp-block-heading\">Nossas For\u00e7as Principais<\/h2>    <p class=\"translation-block\"><strong>F\u00e1brica Profissional com Mais de 10 Anos<\/strong><\/p>    <p>Focado em P&amp;D e fabrica\u00e7\u00e3o de m\u00e1quinas de incenso, processo maduro e qualidade est\u00e1vel.<\/p>    <p class=\"translation-block\"><strong>Totalmente Autom\u00e1tico e de Alta Efici\u00eancia<\/strong><\/p>    <p>Integrar alimenta\u00e7\u00e3o, mistura, extrus\u00e3o, conforma\u00e7\u00e3o e corte; 1\u20132 trabalhadores podem operar uma linha, com produ\u00e7\u00e3o de at\u00e9 200\u2013800 kg\/h.<\/p>    <p class=\"translation-block\"><strong>Multi-fun\u00e7\u00f5es e Ampla Aplica\u00e7\u00e3o<\/strong><\/p>    <p>Suporte a incenso Buddha, incenso em bast\u00e3o, linha de incenso, incenso em espiral e moldes personalizados.<\/p>    <p class=\"translation-block\"><strong>Desempenho Est\u00e1vel e Baixa Taxa de Falhas<\/strong><\/p>    <p>Estrutura de a\u00e7o resistente, motores de marca reconhecida, controle de qualidade rigoroso e longa vida \u00fatil.<\/p>    <figure class=\"wp-block-gallery has-nested-images columns-default is-cropped wp-block-gallery-3 is-layout-flex wp-block-gallery-is-layout-flex\"> <figure class=\"wp-block-image size-large\"><img loading=\"lazy\" decoding=\"async\" width=\"720\" height=\"540\" data-id=\"605\" src=\"https:\/\/incensemachinery.com\/wp-content\/uploads\/2025\/11\/Backflow-Incense-Burner.webp\" alt=\"Queimador de Incenso de Fluxo Inverso\" class=\"wp-image-605\" srcset=\"https:\/\/incensemachinery.com\/wp-content\/uploads\/2025\/11\/Backflow-Incense-Burner.webp 720w, https:\/\/incensemachinery.com\/wp-content\/uploads\/2025\/11\/Backflow-Incense-Burner-300x225.webp 300w, https:\/\/incensemachinery.com\/wp-content\/uploads\/2025\/11\/Backflow-Incense-Burner-16x12.webp 16w\" sizes=\"auto, (max-width: 720px) 100vw, 720px\" \/><figcaption class=\"wp-element-caption\">Queimador de Incenso de Fluxo Inverso<\/figcaption><\/figure>    <figure class=\"wp-block-image size-large\"><img loading=\"lazy\" decoding=\"async\" width=\"720\" height=\"540\" data-id=\"615\" src=\"https:\/\/incensemachinery.com\/wp-content\/uploads\/2026\/02\/Backflow-Incense-Machine.webp\" alt=\"M\u00e1quina de incenso de fluxo reverso\" class=\"wp-image-615\" srcset=\"https:\/\/incensemachinery.com\/wp-content\/uploads\/2026\/02\/Backflow-Incense-Machine.webp 720w, https:\/\/incensemachinery.com\/wp-content\/uploads\/2026\/02\/Backflow-Incense-Machine-300x225.webp 300w, https:\/\/incensemachinery.com\/wp-content\/uploads\/2026\/02\/Backflow-Incense-Machine-16x12.webp 16w\" sizes=\"auto, (max-width: 720px) 100vw, 720px\" \/><figcaption class=\"wp-element-caption\">M\u00e1quina de incenso de fluxo reverso<\/figcaption><\/figure> <\/figure>    <h2 class=\"wp-block-heading\">Servi\u00e7os de Personaliza\u00e7\u00e3o<\/h2>    <p>Entendemos que cada cliente tem requisitos de produ\u00e7\u00e3o \u00fanicos, incluindo capacidade de produ\u00e7\u00e3o, tipo de incenso, caracter\u00edsticas da mat\u00e9ria-prima (como p\u00f3 de madeira, p\u00f3 de bambu e p\u00f3 de carv\u00e3o) e condi\u00e7\u00f5es do local. Por isso, oferecemos servi\u00e7os de personaliza\u00e7\u00e3o abrangentes para adaptar nossas m\u00e1quinas de fazer incenso \u00e0s suas necessidades espec\u00edficas. <\/p>    <p>Nossa equipa experiente trabalha em estreita colabora\u00e7\u00e3o consigo para entender os seus objetivos de produ\u00e7\u00e3o, restri\u00e7\u00f5es or\u00e7amentais e padr\u00f5es de produto, e ent\u00e3o projeta e fabrica m\u00e1quinas que atendem precisamente \u00e0s suas especifica\u00e7\u00f5es.<\/p>    <p>Quer precise de modifica\u00e7\u00f5es num modelo existente, substitui\u00e7\u00e3o de moldes para produzir diferentes tipos de incenso, ou uma linha de produ\u00e7\u00e3o autom\u00e1tica totalmente personalizada, temos a tecnologia e a experi\u00eancia para transformar a sua vis\u00e3o em realidade, ajudando-o a alcan\u00e7ar uma produ\u00e7\u00e3o personalizada e eficiente.<\/p>    <figure class=\"wp-block-gallery has-nested-images columns-default is-cropped wp-block-gallery-4 is-layout-flex wp-block-gallery-is-layout-flex\"> <figure class=\"wp-block-image size-large\"><img loading=\"lazy\" decoding=\"async\" width=\"540\" height=\"720\" data-id=\"601\" src=\"https:\/\/incensemachinery.com\/wp-content\/uploads\/2025\/10\/Workers-manufacturing-fans.webp\" alt=\"Trabalhadores que fabricam ventiladores\" class=\"wp-image-601\" srcset=\"https:\/\/incensemachinery.com\/wp-content\/uploads\/2025\/10\/Workers-manufacturing-fans.webp 540w, https:\/\/incensemachinery.com\/wp-content\/uploads\/2025\/10\/Workers-manufacturing-fans-225x300.webp 225w, https:\/\/incensemachinery.com\/wp-content\/uploads\/2025\/10\/Workers-manufacturing-fans-9x12.webp 9w\" sizes=\"auto, (max-width: 540px) 100vw, 540px\" \/><figcaption class=\"wp-element-caption\">Trabalhadores que fabricam ventiladores<\/figcaption><\/figure>    <figure class=\"wp-block-image size-large\"><img loading=\"lazy\" decoding=\"async\" width=\"540\" height=\"720\" data-id=\"584\" src=\"https:\/\/incensemachinery.com\/wp-content\/uploads\/2025\/09\/Blower-fan.webp\" alt=\"Ventoinha de sopro\" class=\"wp-image-584\" srcset=\"https:\/\/incensemachinery.com\/wp-content\/uploads\/2025\/09\/Blower-fan.webp 540w, https:\/\/incensemachinery.com\/wp-content\/uploads\/2025\/09\/Blower-fan-225x300.webp 225w, https:\/\/incensemachinery.com\/wp-content\/uploads\/2025\/09\/Blower-fan-9x12.webp 9w\" sizes=\"auto, (max-width: 540px) 100vw, 540px\" \/><figcaption class=\"wp-element-caption\">Ventoinha de sopro<\/figcaption><\/figure>    <figure class=\"wp-block-image size-large\"><img loading=\"lazy\" decoding=\"async\" width=\"540\" height=\"720\" data-id=\"596\" src=\"https:\/\/incensemachinery.com\/wp-content\/uploads\/2025\/10\/Incense-Drying-Cart.webp\" alt=\"Carrinho de Secagem de Incenso\" class=\"wp-image-596\" srcset=\"https:\/\/incensemachinery.com\/wp-content\/uploads\/2025\/10\/Incense-Drying-Cart.webp 540w, https:\/\/incensemachinery.com\/wp-content\/uploads\/2025\/10\/Incense-Drying-Cart-225x300.webp 225w, https:\/\/incensemachinery.com\/wp-content\/uploads\/2025\/10\/Incense-Drying-Cart-9x12.webp 9w\" sizes=\"auto, (max-width: 540px) 100vw, 540px\" \/><figcaption class=\"wp-element-caption\">Carrinho de Secagem de Incenso<\/figcaption><\/figure> <\/figure>    <h2 class=\"wp-block-heading\">Suporte ao Cliente<\/h2>    <p>Na Shuliy Machinery, acreditamos em fornecer um suporte ao cliente excepcional que permeia todo o processo de coopera\u00e7\u00e3o. Nossa equipe dedicada est\u00e1 dispon\u00edvel 24\/7 para responder \u00e0s suas d\u00favidas, oferecer orienta\u00e7\u00e3o t\u00e9cnica profissional e fornecer solu\u00e7\u00f5es oportunas para quaisquer preocupa\u00e7\u00f5es durante o uso do equipamento.<\/p>    <p>Fornecemos servi\u00e7os de instala\u00e7\u00e3o, comissionamento e forma\u00e7\u00e3o de operadores no local para ajud\u00e1-lo a dominar rapidamente as habilidades de opera\u00e7\u00e3o do equipamento. Al\u00e9m disso, oferecemos suporte de manuten\u00e7\u00e3o p\u00f3s-venda a longo prazo e fornecimento de pe\u00e7as de reposi\u00e7\u00e3o, garantindo que a sua produ\u00e7\u00e3o funcione sem interrup\u00e7\u00f5es. <\/p>    <p>Valorizamos a satisfa\u00e7\u00e3o dos nossos clientes e esfor\u00e7amo-nos por superar as suas expectativas a cada passo, construindo rela\u00e7\u00f5es duradouras baseadas na confian\u00e7a, transpar\u00eancia e fiabilidade.<\/p>    <figure class=\"wp-block-gallery has-nested-images columns-default is-cropped wp-block-gallery-5 is-layout-flex wp-block-gallery-is-layout-flex\"> <figure class=\"wp-block-image size-large\"><img loading=\"lazy\" decoding=\"async\" width=\"540\" height=\"720\" data-id=\"535\" src=\"https:\/\/incensemachinery.com\/wp-content\/uploads\/2025\/08\/Cabinets-installed-in-the-drying-oven.webp\" alt=\"Embalagem de cones de incenso em cascata\" class=\"wp-image-535\" srcset=\"https:\/\/incensemachinery.com\/wp-content\/uploads\/2025\/08\/Cabinets-installed-in-the-drying-oven.webp 540w, https:\/\/incensemachinery.com\/wp-content\/uploads\/2025\/08\/Cabinets-installed-in-the-drying-oven-225x300.webp 225w, https:\/\/incensemachinery.com\/wp-content\/uploads\/2025\/08\/Cabinets-installed-in-the-drying-oven-9x12.webp 9w\" sizes=\"auto, (max-width: 540px) 100vw, 540px\" \/><figcaption class=\"wp-element-caption\">Embalagem de cones de incenso em cascata<\/figcaption><\/figure>    <figure class=\"wp-block-image size-large\"><img loading=\"lazy\" decoding=\"async\" width=\"540\" height=\"720\" data-id=\"536\" src=\"https:\/\/incensemachinery.com\/wp-content\/uploads\/2025\/08\/Drying-room-loading-in-progress.webp\" alt=\"Carregamento da sala de secagem em curso\" class=\"wp-image-536\" srcset=\"https:\/\/incensemachinery.com\/wp-content\/uploads\/2025\/08\/Drying-room-loading-in-progress.webp 540w, https:\/\/incensemachinery.com\/wp-content\/uploads\/2025\/08\/Drying-room-loading-in-progress-225x300.webp 225w, https:\/\/incensemachinery.com\/wp-content\/uploads\/2025\/08\/Drying-room-loading-in-progress-9x12.webp 9w\" sizes=\"auto, (max-width: 540px) 100vw, 540px\" \/><figcaption class=\"wp-element-caption\">Carregamento da sala de secagem em curso<\/figcaption><\/figure>    <figure class=\"wp-block-image size-large\"><img loading=\"lazy\" decoding=\"async\" width=\"540\" height=\"720\" data-id=\"587\" src=\"https:\/\/incensemachinery.com\/wp-content\/uploads\/2025\/09\/Dhoop-cone-Dryer-shipment.webp\" alt=\"Envio do secador de cone de dhoop\" class=\"wp-image-587\" srcset=\"https:\/\/incensemachinery.com\/wp-content\/uploads\/2025\/09\/Dhoop-cone-Dryer-shipment.webp 540w, https:\/\/incensemachinery.com\/wp-content\/uploads\/2025\/09\/Dhoop-cone-Dryer-shipment-225x300.webp 225w, https:\/\/incensemachinery.com\/wp-content\/uploads\/2025\/09\/Dhoop-cone-Dryer-shipment-9x12.webp 9w\" sizes=\"auto, (max-width: 540px) 100vw, 540px\" \/><figcaption class=\"wp-element-caption\">Envio do secador de cone de dhoop<\/figcaption><\/figure> <\/figure>    <h2 class=\"wp-block-heading\">Comece o seu neg\u00f3cio de incenso com a Shuliy!<\/h2>    <p>Fornecemos m\u00e1quinas de fazer incenso de alta qualidade e solu\u00e7\u00f5es de produ\u00e7\u00e3o completas para a sua nova f\u00e1brica.<\/p>    <p>Contacte-nos agora para uma cota\u00e7\u00e3o gratuita e plano de f\u00e1brica!<\/p>    <figure class=\"wp-block-gallery has-nested-images columns-default is-cropped wp-block-gallery-6 is-layout-flex wp-block-gallery-is-layout-flex\"> <figure class=\"wp-block-image size-large\"><img loading=\"lazy\" decoding=\"async\" width=\"720\" height=\"540\" data-id=\"666\" src=\"https:\/\/incensemachinery.com\/wp-content\/uploads\/2026\/04\/Indonesia-Baler-Machine.webp\" alt=\"Clientes indon\u00e9sios visitam a empresa\" class=\"wp-image-666\" srcset=\"https:\/\/incensemachinery.com\/wp-content\/uploads\/2026\/04\/Indonesia-Baler-Machine.webp 720w, https:\/\/incensemachinery.com\/wp-content\/uploads\/2026\/04\/Indonesia-Baler-Machine-300x225.webp 300w, https:\/\/incensemachinery.com\/wp-content\/uploads\/2026\/04\/Indonesia-Baler-Machine-16x12.webp 16w\" sizes=\"auto, (max-width: 720px) 100vw, 720px\" \/><figcaption class=\"wp-element-caption\">Clientes indon\u00e9sios visitam a empresa<\/figcaption><\/figure>    <figure class=\"wp-block-image size-large\"><img loading=\"lazy\" decoding=\"async\" width=\"720\" height=\"540\" data-id=\"668\" src=\"https:\/\/incensemachinery.com\/wp-content\/uploads\/2026\/04\/Iran-French-Fries-Production-plant.webp\" alt=\"Parceria estabelecida com um cliente iraniano\" class=\"wp-image-668\" srcset=\"https:\/\/incensemachinery.com\/wp-content\/uploads\/2026\/04\/Iran-French-Fries-Production-plant.webp 720w, https:\/\/incensemachinery.com\/wp-content\/uploads\/2026\/04\/Iran-French-Fries-Production-plant-300x225.webp 300w, https:\/\/incensemachinery.com\/wp-content\/uploads\/2026\/04\/Iran-French-Fries-Production-plant-16x12.webp 16w\" sizes=\"auto, (max-width: 720px) 100vw, 720px\" \/><figcaption class=\"wp-element-caption\">Parceria estabelecida com um cliente iraniano<\/figcaption><\/figure> <\/figure>","protected":false},"excerpt":{"rendered":"<p>Shuliy is a professional manufacturer with 10+ years specializing in the design, R&amp;D, production, sales and after-sales service of incense making machines, automatic incense production lines, and related processing equipment. Our products cover small home-use incense machines, semi-automatic and fully automatic incense production lines, suitable for producing Buddha incense, stick incense, line incense, coil incense, [&hellip;]<\/p>\n","protected":false},"author":1,"featured_media":0,"parent":0,"menu_order":0,"comment_status":"closed","ping_status":"closed","template":"","meta":{"footnotes":""},"class_list":["post-21","page","type-page","status-publish","hentry"],"_links":{"self":[{"href":"https:\/\/incensemachinery.com\/pt\/wp-json\/wp\/v2\/pages\/21","targetHints":{"allow":["GET"]}}],"collection":[{"href":"https:\/\/incensemachinery.com\/pt\/wp-json\/wp\/v2\/pages"}],"about":[{"href":"https:\/\/incensemachinery.com\/pt\/wp-json\/wp\/v2\/types\/page"}],"author":[{"embeddable":true,"href":"https:\/\/incensemachinery.com\/pt\/wp-json\/wp\/v2\/users\/1"}],"replies":[{"embeddable":true,"href":"https:\/\/incensemachinery.com\/pt\/wp-json\/wp\/v2\/comments?post=21"}],"version-history":[{"count":4,"href":"https:\/\/incensemachinery.com\/pt\/wp-json\/wp\/v2\/pages\/21\/revisions"}],"predecessor-version":[{"id":669,"href":"https:\/\/incensemachinery.com\/pt\/wp-json\/wp\/v2\/pages\/21\/revisions\/669"}],"wp:attachment":[{"href":"https:\/\/incensemachinery.com\/pt\/wp-json\/wp\/v2\/media?parent=21"}],"curies":[{"name":"wp","href":"https:\/\/api.w.org\/{rel}","templated":true}]}}