{"id":78,"date":"2022-08-03T08:38:54","date_gmt":"2022-08-03T08:38:54","guid":{"rendered":"https:\/\/incensemachinery.com\/?post_type=product&#038;p=78"},"modified":"2026-04-28T14:45:06","modified_gmt":"2026-04-28T06:45:06","slug":"backflow-incense-cone-making-machine","status":"publish","type":"product","link":"https:\/\/incensemachinery.com\/fr\/product\/backflow-incense-cone-making-machine\/","title":{"rendered":"Machine de fabrication de c\u00f4nes d'encens \u00e0 reflux | Fabricant de c\u00f4nes d'encens cascade"},"content":{"rendered":"<div class=\"kk-star-ratings kksr-auto kksr-align-left kksr-valign-top\"     data-payload='{&quot;align&quot;:&quot;left&quot;,&quot;id&quot;:&quot;78&quot;,&quot;slug&quot;:&quot;default&quot;,&quot;valign&quot;:&quot;top&quot;,&quot;ignore&quot;:&quot;&quot;,&quot;reference&quot;:&quot;auto&quot;,&quot;class&quot;:&quot;&quot;,&quot;count&quot;:&quot;23&quot;,&quot;legendonly&quot;:&quot;&quot;,&quot;readonly&quot;:&quot;&quot;,&quot;score&quot;:&quot;4.8&quot;,&quot;starsonly&quot;:&quot;&quot;,&quot;best&quot;:&quot;5&quot;,&quot;gap&quot;:&quot;5&quot;,&quot;greet&quot;:&quot;Rate this product&quot;,&quot;legend&quot;:&quot;4.8\\\/5 - (23 votes)&quot;,&quot;size&quot;:&quot;24&quot;,&quot;title&quot;:&quot;Backflow Incense Cone Making Machine | Waterfall Incense Cones Maker&quot;,&quot;width&quot;:&quot;136.7&quot;,&quot;_legend&quot;:&quot;{score}\\\/{best} - ({count} {votes})&quot;,&quot;font_factor&quot;:&quot;1.25&quot;}'>              <div class=\"kksr-stars\">      <div class=\"kksr-stars-inactive\">             <div class=\"kksr-star\" data-star=\"1\" style=\"padding-right: 5px\">               <div class=\"kksr-icon\" style=\"width: 24px; height: 24px;\"><\/div>         <\/div>             <div class=\"kksr-star\" data-star=\"2\" style=\"padding-right: 5px\">               <div class=\"kksr-icon\" style=\"width: 24px; height: 24px;\"><\/div>         <\/div>             <div class=\"kksr-star\" data-star=\"3\" style=\"padding-right: 5px\">               <div class=\"kksr-icon\" style=\"width: 24px; height: 24px;\"><\/div>         <\/div>             <div class=\"kksr-star\" data-star=\"4\" style=\"padding-right: 5px\">               <div class=\"kksr-icon\" style=\"width: 24px; height: 24px;\"><\/div>         <\/div>             <div class=\"kksr-star\" data-star=\"5\" style=\"padding-right: 5px\">               <div class=\"kksr-icon\" style=\"width: 24px; height: 24px;\"><\/div>         <\/div>     <\/div>      <div class=\"kksr-stars-active\" style=\"width: 136.7px;\">             <div class=\"kksr-star\" style=\"padding-right: 5px\">               <div class=\"kksr-icon\" style=\"width: 24px; height: 24px;\"><\/div>         <\/div>             <div class=\"kksr-star\" style=\"padding-right: 5px\">               <div class=\"kksr-icon\" style=\"width: 24px; height: 24px;\"><\/div>         <\/div>             <div class=\"kksr-star\" style=\"padding-right: 5px\">               <div class=\"kksr-icon\" style=\"width: 24px; height: 24px;\"><\/div>         <\/div>             <div class=\"kksr-star\" style=\"padding-right: 5px\">               <div class=\"kksr-icon\" style=\"width: 24px; height: 24px;\"><\/div>         <\/div>             <div class=\"kksr-star\" style=\"padding-right: 5px\">               <div class=\"kksr-icon\" style=\"width: 24px; height: 24px;\"><\/div>         <\/div>     <\/div> <\/div>                   <div class=\"kksr-legend\" style=\"font-size: 19.2px;\">             4.8\/5 - (23 votes)    <\/div>     <\/div>  <p>La machine continue de fabrication de c\u00f4nes d'encens \u00e0 reflux est utilis\u00e9e pour la production de divers c\u00f4nes d'encens avec des trous centraux ou des encens en forme de pagode avec diff\u00e9rents types de gravures. La machine automatique de fabrication de c\u00f4nes d'encens cascade peut \u00eatre utilis\u00e9e pour produire des c\u00f4nes d'encens \u00e0 reflux de diff\u00e9rentes tailles en changeant les moules. Bien s\u00fbr, nous pouvons \u00e9galement utiliser la machine \u00e0 reflux pour la production de c\u00f4nes d'encens color\u00e9s.<\/p>    <figure class=\"wp-block-gallery has-nested-images columns-default is-cropped wp-block-gallery-2 is-layout-flex wp-block-gallery-is-layout-flex\"> <figure class=\"wp-block-image size-large\"><img loading=\"lazy\" decoding=\"async\" width=\"720\" height=\"540\" data-id=\"84\" src=\"https:\/\/incensemachinery.com\/wp-content\/uploads\/2022\/08\/commercial-backflow-incense-cone-maker-for-sale.webp\" alt=\"Machine de fabrication de c\u00f4nes d&#039;encens \u00e0 reflux \" class=\"wp-image-84\" srcset=\"https:\/\/incensemachinery.com\/wp-content\/uploads\/2022\/08\/commercial-backflow-incense-cone-maker-for-sale.webp 720w, https:\/\/incensemachinery.com\/wp-content\/uploads\/2022\/08\/commercial-backflow-incense-cone-maker-for-sale-300x225.webp 300w\" sizes=\"auto, (max-width: 720px) 100vw, 720px\" \/><figcaption class=\"wp-element-caption\">Machine commerciale \u00e0 vendre pour la fabrication de c\u00f4nes d'encens \u00e0 reflux<\/figcaption><\/figure>    <figure class=\"wp-block-image size-large\"><img loading=\"lazy\" decoding=\"async\" width=\"720\" height=\"540\" data-id=\"85\" src=\"https:\/\/incensemachinery.com\/wp-content\/uploads\/2022\/08\/waterfall-incense-cone.webp\" alt=\"c\u00f4ne d&#039;encens cascade\" class=\"wp-image-85\" srcset=\"https:\/\/incensemachinery.com\/wp-content\/uploads\/2022\/08\/waterfall-incense-cone.webp 720w, https:\/\/incensemachinery.com\/wp-content\/uploads\/2022\/08\/waterfall-incense-cone-300x225.webp 300w\" sizes=\"auto, (max-width: 720px) 100vw, 720px\" \/><figcaption class=\"wp-element-caption\">c\u00f4ne d'encens cascade<\/figcaption><\/figure> <\/figure>    <h2 class=\"wp-block-heading\" id=\"h-what-are-backflow-incense-cones\">Que sont les c\u00f4nes d\u2019encens \u00e0 reflux ?<\/h2>    <p>L'encens \u00e0 reflux, \u00e9galement connu sous le nom de c\u00f4nes dhoop \u00e0 reflux, est g\u00e9n\u00e9ralement un c\u00f4ne d'encens en forme de c\u00f4ne ou de tour avec un trou central. Contrairement \u00e0 l'encens ordinaire, ce c\u00f4ne d'encens unique produit de la fum\u00e9e qui s'\u00e9coule g\u00e9n\u00e9ralement du trou au fond lorsqu'il est br\u00fbl\u00e9, ressemblant \u00e0 une cascade. C'est pourquoi l'encens \u00e0 reflux est \u00e9galement appel\u00e9 c\u00f4nes d'encens cascade.<\/p>    <p class=\"translation-block\">La seule diff\u00e9rence entre cet encens et l\u2019encens en c\u00f4ne fabriqu\u00e9 avec une <strong>machine \u00e0 fabriquer des c\u00f4nes d\u2019encens normale<\/strong> est qu\u2019il poss\u00e8de un trou central.<\/p>    <figure class=\"wp-block-gallery has-nested-images columns-default is-cropped wp-block-gallery-3 is-layout-flex wp-block-gallery-is-layout-flex\"> <figure class=\"wp-block-image size-large\"><img loading=\"lazy\" decoding=\"async\" width=\"720\" height=\"540\" data-id=\"86\" src=\"https:\/\/incensemachinery.com\/wp-content\/uploads\/2022\/08\/Backflow-Cones-Incense.webp\" alt=\"Encens C\u00f4nes \u00e0 Refoulement\" class=\"wp-image-86\" srcset=\"https:\/\/incensemachinery.com\/wp-content\/uploads\/2022\/08\/Backflow-Cones-Incense.webp 720w, https:\/\/incensemachinery.com\/wp-content\/uploads\/2022\/08\/Backflow-Cones-Incense-300x225.webp 300w\" sizes=\"auto, (max-width: 720px) 100vw, 720px\" \/><figcaption class=\"wp-element-caption\">Encens C\u00f4nes \u00e0 Refoulement<\/figcaption><\/figure>    <figure class=\"wp-block-image size-large\"><img loading=\"lazy\" decoding=\"async\" width=\"720\" height=\"540\" data-id=\"88\" src=\"https:\/\/incensemachinery.com\/wp-content\/uploads\/2022\/08\/waterfall-cones-burning.webp\" alt=\"c\u00f4nes de cascade en feu\" class=\"wp-image-88\" srcset=\"https:\/\/incensemachinery.com\/wp-content\/uploads\/2022\/08\/waterfall-cones-burning.webp 720w, https:\/\/incensemachinery.com\/wp-content\/uploads\/2022\/08\/waterfall-cones-burning-300x225.webp 300w\" sizes=\"auto, (max-width: 720px) 100vw, 720px\" \/><figcaption class=\"wp-element-caption\">c\u00f4nes de cascade en feu<\/figcaption><\/figure> <\/figure>    <h2 class=\"wp-block-heading\" id=\"h-how-does-the-incense-waterfall-work\">Comment fonctionne la cascade d'encens ?<\/h2>    <p>Nous voyons souvent la fum\u00e9e de l'encens \u00e0 reflux descendre. Pourquoi cela ? L'encens invers\u00e9 utilise le principe de siphon. Comme l'encens \u00e0 reflux br\u00fble en haut, la fum\u00e9e produite est progressivement refroidie par des orifices plus longs. La fum\u00e9e est alors \u00e9galement plus grande et plus dense, et lorsqu'elle sort de l'orifice, la fum\u00e9e est un peu plus dense que l'air ext\u00e9rieur, elle coule donc naturellement vers le bas, produisant finalement le ph\u00e9nom\u00e8ne de reflux.<\/p>    <p class=\"translation-block\">De plus, <strong>br\u00fbleurs d'encens invers\u00e9s<\/strong> sont utilis\u00e9s dans des tours d'encens sp\u00e9ciales, principalement du type creux conique. Ce type de br\u00fbleur d'encens refroidit la fum\u00e9e en l'isolant de l'air chaud et en la verrouillant \u00e0 l'int\u00e9rieur de la colonne d'encens en forme de pagode creuse. La suie tombe au sol car elle est plus lourde que l'air et s'\u00e9coule par les petits trous \u00e0 la base de la colonne d'encens, cr\u00e9ant le flux invers\u00e9 de fum\u00e9e que nous voyons.<\/p>    <figure class=\"wp-block-gallery has-nested-images columns-default is-cropped wp-block-gallery-4 is-layout-flex wp-block-gallery-is-layout-flex\"> <figure class=\"wp-block-image size-large\"><img loading=\"lazy\" decoding=\"async\" width=\"720\" height=\"540\" data-id=\"91\" src=\"https:\/\/incensemachinery.com\/wp-content\/uploads\/2022\/08\/reverse-flow-incense-burner.webp\" alt=\"br\u00fbleur d&#039;encens \u00e0 flux invers\u00e9\" class=\"wp-image-91\" srcset=\"https:\/\/incensemachinery.com\/wp-content\/uploads\/2022\/08\/reverse-flow-incense-burner.webp 720w, https:\/\/incensemachinery.com\/wp-content\/uploads\/2022\/08\/reverse-flow-incense-burner-300x225.webp 300w\" sizes=\"auto, (max-width: 720px) 100vw, 720px\" \/><figcaption class=\"wp-element-caption\">br\u00fbleur d'encens \u00e0 flux invers\u00e9<\/figcaption><\/figure>    <figure class=\"wp-block-image size-large\"><img loading=\"lazy\" decoding=\"async\" width=\"720\" height=\"540\" data-id=\"90\" src=\"https:\/\/incensemachinery.com\/wp-content\/uploads\/2022\/08\/backflow-dhoop-cones-use.webp\" alt=\"utilisation de c\u00f4nes de dhoop \u00e0 reflux\" class=\"wp-image-90\" srcset=\"https:\/\/incensemachinery.com\/wp-content\/uploads\/2022\/08\/backflow-dhoop-cones-use.webp 720w, https:\/\/incensemachinery.com\/wp-content\/uploads\/2022\/08\/backflow-dhoop-cones-use-300x225.webp 300w\" sizes=\"auto, (max-width: 720px) 100vw, 720px\" \/><figcaption class=\"wp-element-caption\">utilisation de c\u00f4nes de dhoop \u00e0 reflux<\/figcaption><\/figure>    <figure class=\"wp-block-image size-large\"><img loading=\"lazy\" decoding=\"async\" width=\"720\" height=\"540\" data-id=\"87\" src=\"https:\/\/incensemachinery.com\/wp-content\/uploads\/2022\/08\/backflow-cones-with-waterfall-effect.webp\" alt=\"c\u00f4nes anti-retour avec effet cascade\" class=\"wp-image-87\" srcset=\"https:\/\/incensemachinery.com\/wp-content\/uploads\/2022\/08\/backflow-cones-with-waterfall-effect.webp 720w, https:\/\/incensemachinery.com\/wp-content\/uploads\/2022\/08\/backflow-cones-with-waterfall-effect-300x225.webp 300w\" sizes=\"auto, (max-width: 720px) 100vw, 720px\" \/><figcaption class=\"wp-element-caption\">c\u00f4nes anti-retour avec effet cascade<\/figcaption><\/figure> <\/figure>    <h2 class=\"wp-block-heading\" id=\"h-common-ingredients-to-make-backflow-incense-cones\">Ingr\u00e9dients courants pour fabriquer des c\u00f4nes d'encens \u00e0 reflux<\/h2>    <p>La production d'encens \u00e0 verser est similaire \u00e0 celle d'autres types d'encens dans la mesure o\u00f9 elle utilise de la poudre de gomme, de la poudre de bois, des \u00e9pices et une certaine quantit\u00e9 d'aide \u00e0 la combustion comme ingr\u00e9dients de base. <\/p>    <p>Cependant, le m\u00e9lange d\u2019ingr\u00e9dients varie d\u2019une personne \u00e0 l\u2019autre et les diff\u00e9rents clients ont des exigences diff\u00e9rentes. Le parfum produit en br\u00fblant de l'encens invers\u00e9 est d\u00e9termin\u00e9 par les \u00e9pices ou les aromates ajout\u00e9s \u00e0 la mati\u00e8re premi\u00e8re. Les \u00e9pices courantes comprennent l'encens, l'armoise, le cypr\u00e8s et le bois de santal.<\/p>    <h2 class=\"wp-block-heading\" id=\"h-how-to-make-backflow-incense-cones\">Comment faire de bons c\u00f4nes d'encens \u00e0 reflux ?<\/h2>    <p>La production de diff\u00e9rentes formes de c\u00f4nes d\u2019encens en cascade n\u00e9cessite g\u00e9n\u00e9ralement l\u2019utilisation d\u2019une machine sp\u00e9ciale de formation d\u2019encens \u00e0 reflux. Cette machine commerciale de fabrication de c\u00f4nes d'encens \u00e0 reflux comprend des paquets de matrices de formage pour presser rapidement la poudre d'encens bien m\u00e9lang\u00e9e en bandes solides. <\/p>    <p>Les c\u00f4nes de reflux sont ensuite fa\u00e7onn\u00e9s par le fa\u00e7onnage pr\u00e9cis des moules. La machine \u00e0 fabriquer des c\u00f4nes d'encens en cascade produit des c\u00f4nes d'encens de taille uniforme avec une surface lisse et une finition dure qui r\u00e9siste \u00e0 la d\u00e9formation et \u00e0 la casse.<\/p>    <figure class=\"wp-block-gallery has-nested-images columns-default is-cropped wp-block-gallery-5 is-layout-flex wp-block-gallery-is-layout-flex\"> <figure class=\"wp-block-image size-large\"><img loading=\"lazy\" decoding=\"async\" width=\"720\" height=\"540\" data-id=\"225\" src=\"https:\/\/incensemachinery.com\/wp-content\/uploads\/2022\/08\/complete-set-of-backflow-cone-machine.webp\" alt=\"ensemble complet de machine \u00e0 c\u00f4ne de reflux\" class=\"wp-image-225\" srcset=\"https:\/\/incensemachinery.com\/wp-content\/uploads\/2022\/08\/complete-set-of-backflow-cone-machine.webp 720w, https:\/\/incensemachinery.com\/wp-content\/uploads\/2022\/08\/complete-set-of-backflow-cone-machine-300x225.webp 300w\" sizes=\"auto, (max-width: 720px) 100vw, 720px\" \/><figcaption class=\"wp-element-caption\">ensemble complet de machine \u00e0 c\u00f4ne de reflux<\/figcaption><\/figure>    <figure class=\"wp-block-image size-large\"><img loading=\"lazy\" decoding=\"async\" width=\"720\" height=\"540\" data-id=\"227\" src=\"https:\/\/incensemachinery.com\/wp-content\/uploads\/2022\/08\/waterfall-incense-cones-maker-mahine-1.webp\" alt=\"Machine \u00e0 fabriquer des c\u00f4nes d&#039;encens en cascade\" class=\"wp-image-227\" srcset=\"https:\/\/incensemachinery.com\/wp-content\/uploads\/2022\/08\/waterfall-incense-cones-maker-mahine-1.webp 720w, https:\/\/incensemachinery.com\/wp-content\/uploads\/2022\/08\/waterfall-incense-cones-maker-mahine-1-300x225.webp 300w\" sizes=\"auto, (max-width: 720px) 100vw, 720px\" \/><figcaption class=\"wp-element-caption\">Machine de fabrication de c\u00f4nes d'encens cascade<\/figcaption><\/figure> <\/figure>    <h2 class=\"wp-block-heading\" id=\"h-backflow-incense-cone-making-machine-advantages\">C\u00f4ne d'encens \u00e0 reflux faisant les avantages de la machine<\/h2>    <ul class=\"wp-block-list\"> <li>La machine de fabrication de c\u00f4nes \u00e0 reflux est livr\u00e9e d\u00e9j\u00e0 assembl\u00e9e et pr\u00eate \u00e0 l'emploi sans installation. De plus, la machine est tr\u00e8s simple \u00e0 utiliser, avec un panneau de commande qui permet de r\u00e9gler la vitesse de traitement. Notre usine envoie \u00e9galement \u00e0 nos clients des instructions d'utilisation d\u00e9taill\u00e9es en anglais et des vid\u00e9os d'instructions d\u00e9taill\u00e9es pour les aider \u00e0 apprendre rapidement la bonne fa\u00e7on de les utiliser.<\/li>    <li>La machine \u00e0 c\u00f4nes d'encens \u00e0 reflux peut \u00eatre personnalis\u00e9e avec des moules tels que des pagodes, des gourdes, des c\u00f4nes, des lettrages, des motifs et des logos. Les diam\u00e8tres et longueurs des produits finis peuvent \u00e9galement \u00eatre personnalis\u00e9s en fonction des besoins du client.<\/li> <\/ul>    <figure class=\"wp-block-gallery has-nested-images columns-2 is-cropped wp-block-gallery-6 is-layout-flex wp-block-gallery-is-layout-flex\"> <figure class=\"wp-block-image size-large\"><img loading=\"lazy\" decoding=\"async\" width=\"720\" height=\"540\" data-id=\"94\" src=\"https:\/\/incensemachinery.com\/wp-content\/uploads\/2022\/08\/tower-shape-backflow-incense-cone.webp\" alt=\"c\u00f4ne d&#039;encens \u00e0 reflux en forme de tour\" class=\"wp-image-94\" srcset=\"https:\/\/incensemachinery.com\/wp-content\/uploads\/2022\/08\/tower-shape-backflow-incense-cone.webp 720w, https:\/\/incensemachinery.com\/wp-content\/uploads\/2022\/08\/tower-shape-backflow-incense-cone-300x225.webp 300w\" sizes=\"auto, (max-width: 720px) 100vw, 720px\" \/><figcaption class=\"wp-element-caption\">c\u00f4ne d'encens \u00e0 reflux en forme de tour<\/figcaption><\/figure>    <figure class=\"wp-block-image size-large\"><img loading=\"lazy\" decoding=\"async\" width=\"720\" height=\"540\" data-id=\"83\" src=\"https:\/\/incensemachinery.com\/wp-content\/uploads\/2022\/08\/backflow-cones-with-different-shapes.webp\" alt=\"c\u00f4nes de refoulement de diff\u00e9rentes formes\" class=\"wp-image-83\" srcset=\"https:\/\/incensemachinery.com\/wp-content\/uploads\/2022\/08\/backflow-cones-with-different-shapes.webp 720w, https:\/\/incensemachinery.com\/wp-content\/uploads\/2022\/08\/backflow-cones-with-different-shapes-300x225.webp 300w\" sizes=\"auto, (max-width: 720px) 100vw, 720px\" \/><figcaption class=\"wp-element-caption\">c\u00f4nes de refoulement de diff\u00e9rentes formes<\/figcaption><\/figure>    <figure class=\"wp-block-image size-large\"><img loading=\"lazy\" decoding=\"async\" width=\"720\" height=\"540\" data-id=\"93\" src=\"https:\/\/incensemachinery.com\/wp-content\/uploads\/2022\/08\/bulk-back-flow-cones-production.webp\" alt=\"production de c\u00f4nes de reflux en vrac\" class=\"wp-image-93\" srcset=\"https:\/\/incensemachinery.com\/wp-content\/uploads\/2022\/08\/bulk-back-flow-cones-production.webp 720w, https:\/\/incensemachinery.com\/wp-content\/uploads\/2022\/08\/bulk-back-flow-cones-production-300x225.webp 300w\" sizes=\"auto, (max-width: 720px) 100vw, 720px\" \/><figcaption class=\"wp-element-caption\">production de c\u00f4nes de reflux en vrac<\/figcaption><\/figure>    <figure class=\"wp-block-image size-large\"><img loading=\"lazy\" decoding=\"async\" width=\"720\" height=\"540\" data-id=\"92\" src=\"https:\/\/incensemachinery.com\/wp-content\/uploads\/2022\/08\/backflow-cone-shapes-design.webp\" alt=\"conception de formes de c\u00f4ne de reflux\" class=\"wp-image-92\" srcset=\"https:\/\/incensemachinery.com\/wp-content\/uploads\/2022\/08\/backflow-cone-shapes-design.webp 720w, https:\/\/incensemachinery.com\/wp-content\/uploads\/2022\/08\/backflow-cone-shapes-design-300x225.webp 300w\" sizes=\"auto, (max-width: 720px) 100vw, 720px\" \/><figcaption class=\"wp-element-caption\">conception de formes de c\u00f4ne de reflux<\/figcaption><\/figure> <\/figure>    <h2 class=\"wp-block-heading\" id=\"h-parameters-of-waterfall-incense-cone-maker\">Param\u00e8tres du fabricant de c\u00f4nes d'encens cascade<\/h2>    <figure class=\"wp-block-table\"><table><tbody><tr><td>Mod\u00e8le<\/td><td>SL-ZX-2<\/td><\/tr><tr><td>Pouvoir<\/td><td>3kw<\/td><\/tr><tr><td>Compresseur d'air<\/td><td>1,5 kW<\/td><\/tr><tr><td>Tension<\/td><td>220\/380v<\/td><\/tr><tr><td>Poids<\/td><td>800 kg<\/td><\/tr><tr><td>Capacit\u00e9<\/td><td>200-250kg\/heure<\/td><\/tr><tr><td>Dimension<\/td><td>2,3*1,8*0,9m<\/td><\/tr><\/tbody><\/table><\/figure>    <figure class=\"wp-block-gallery aligncenter has-nested-images columns-default is-cropped wp-block-gallery-7 is-layout-flex wp-block-gallery-is-layout-flex\"> <figure class=\"wp-block-image size-full\"><img loading=\"lazy\" decoding=\"async\" width=\"540\" height=\"720\" data-id=\"80\" src=\"https:\/\/incensemachinery.com\/wp-content\/uploads\/2022\/08\/backflow-incense-cone-machine.webp\" alt=\"machine \u00e0 c\u00f4ne d&#039;encens \u00e0 reflux\" class=\"wp-image-80\" srcset=\"https:\/\/incensemachinery.com\/wp-content\/uploads\/2022\/08\/backflow-incense-cone-machine.webp 540w, https:\/\/incensemachinery.com\/wp-content\/uploads\/2022\/08\/backflow-incense-cone-machine-225x300.webp 225w\" sizes=\"auto, (max-width: 540px) 100vw, 540px\" \/><figcaption class=\"wp-element-caption\">machine \u00e0 c\u00f4ne d'encens \u00e0 reflux<\/figcaption><\/figure>    <figure class=\"wp-block-image size-full\"><img loading=\"lazy\" decoding=\"async\" width=\"540\" height=\"720\" data-id=\"620\" src=\"https:\/\/incensemachinery.com\/wp-content\/uploads\/2026\/02\/Reverse-Flow-Incense-Machine.webp\" alt=\"machine commerciale de fabrication de boules d&#039;encens\" class=\"wp-image-620\" srcset=\"https:\/\/incensemachinery.com\/wp-content\/uploads\/2026\/02\/Reverse-Flow-Incense-Machine.webp 540w, https:\/\/incensemachinery.com\/wp-content\/uploads\/2026\/02\/Reverse-Flow-Incense-Machine-225x300.webp 225w, https:\/\/incensemachinery.com\/wp-content\/uploads\/2026\/02\/Reverse-Flow-Incense-Machine-9x12.webp 9w\" sizes=\"auto, (max-width: 540px) 100vw, 540px\" \/><figcaption class=\"wp-element-caption\">Machine commerciale de fabrication d'encens \u00e0 reflux<\/figcaption><\/figure> <\/figure>    <h2 class=\"wp-block-heading\">Vid\u00e9o de la machine \u00e0 fabriquer des c\u00f4nes d'encens \u00e0 reflux<\/h2>    <figure class=\"wp-block-embed is-type-video is-provider-youtube wp-block-embed-youtube wp-embed-aspect-16-9 wp-has-aspect-ratio\"><div class=\"wp-block-embed__wrapper\"> <iframe loading=\"lazy\" title=\"Machine de fabrication de c\u00f4nes d&#039;encens \u00e0 reflux | Comment fabriquer des c\u00f4nes d&#039;encens cascade avec une machine \u00e0 encens ?\" width=\"500\" height=\"281\" src=\"https:\/\/www.youtube.com\/embed\/DUIzkE9ElqM?feature=oembed\" frameborder=\"0\" allow=\"accelerometer; autoplay; clipboard-write; encrypted-media; gyroscope; picture-in-picture; web-share\" referrerpolicy=\"strict-origin-when-cross-origin\" allowfullscreen><\/iframe> <\/div><\/figure>    <h2 class=\"wp-block-heading\">FAQ<\/h2>   <div id=\"rank-math-faq\" class=\"rank-math-block\"> <div class=\"rank-math-list\"> <div id=\"faq-question-1777343408530\" class=\"rank-math-list-item\"> <h3 class=\"rank-math-question\">Quels produits cette machine peut-elle produire ?<\/h3> <div class=\"rank-math-answer\">  <p>C\u00f4nes d'encens \u00e0 reflux avec un trou central, utilis\u00e9s pour les br\u00fbleurs d'encens cascade.<\/p>  <\/div> <\/div> <div id=\"faq-question-1777343746294\" class=\"rank-math-list-item\"> <h3 class=\"rank-math-question\">Qu'est-ce qui diff\u00e9rencie l'encens \u00e0 reflux de l'encens normal ?<\/h3> <div class=\"rank-math-answer\">  <p>L'encens \u00e0 reflux poss\u00e8de un canal creux qui permet \u00e0 la fum\u00e9e de descendre, cr\u00e9ant un effet de cascade.<\/p>  <\/div> <\/div> <div id=\"faq-question-1777343756939\" class=\"rank-math-list-item\"> <h3 class=\"rank-math-question\">De quelles mati\u00e8res premi\u00e8res faut-il disposer ?<\/h3> <div class=\"rank-math-answer\">  <p>Poudre de bois, poudre de charbon de bois, poudre de jigat, parfum et eau.<\/p>  <\/div> <\/div> <div id=\"faq-question-1777343768818\" class=\"rank-math-list-item\"> <h3 class=\"rank-math-question\">La taille et la forme peuvent-elles \u00eatre personnalis\u00e9es ?<\/h3> <div class=\"rank-math-answer\">  <p>Oui. La hauteur du c\u00f4ne, le diam\u00e8tre et la taille du trou peuvent \u00eatre personnalis\u00e9s.<\/p>  <\/div> <\/div> <\/div> <\/div>   <h2 class=\"wp-block-heading\">Contactez-nous !<\/h2>    <p class=\"translation-block\">Contactez-nous pour des solutions personnalis\u00e9es de fabrication de c\u00f4nes d'encens et <a href=\"https:\/\/incensemachinery.com\/fr\/product\/incense-cone-production-line\/\">ligne de production compl\u00e8te d'encens<\/a>!<\/p>","protected":false},"excerpt":{"rendered":"<p>The continuous backflow incense cone making machine is used for the production of various incense cones with central holes or pagoda-shaped incense with various types of engraving. The automatic waterfall incense cone maker machine can be used to produce backflow incense cones of various sizes by changing the molds. Of course, we can also use [&hellip;]<\/p>\n","protected":false},"author":1,"featured_media":79,"parent":0,"template":"","tags":[46,14,47],"product-type":[4],"class_list":["post-78","product","type-product","status-publish","has-post-thumbnail","hentry","tag-backflow-incense-cone-making-machine","tag-cone-incense","tag-waterfall-incense-cones-maker","product-type-incense-making-machine"],"_links":{"self":[{"href":"https:\/\/incensemachinery.com\/fr\/wp-json\/wp\/v2\/product\/78","targetHints":{"allow":["GET"]}}],"collection":[{"href":"https:\/\/incensemachinery.com\/fr\/wp-json\/wp\/v2\/product"}],"about":[{"href":"https:\/\/incensemachinery.com\/fr\/wp-json\/wp\/v2\/types\/product"}],"author":[{"embeddable":true,"href":"https:\/\/incensemachinery.com\/fr\/wp-json\/wp\/v2\/users\/1"}],"wp:featuredmedia":[{"embeddable":true,"href":"https:\/\/incensemachinery.com\/fr\/wp-json\/wp\/v2\/media\/79"}],"wp:attachment":[{"href":"https:\/\/incensemachinery.com\/fr\/wp-json\/wp\/v2\/media?parent=78"}],"wp:term":[{"taxonomy":"post_tag","embeddable":true,"href":"https:\/\/incensemachinery.com\/fr\/wp-json\/wp\/v2\/tags?post=78"},{"taxonomy":"product-type","embeddable":true,"href":"https:\/\/incensemachinery.com\/fr\/wp-json\/wp\/v2\/product-type?post=78"}],"curies":[{"name":"wp","href":"https:\/\/api.w.org\/{rel}","templated":true}]}}