{"id":49,"date":"2022-08-03T07:13:17","date_gmt":"2022-08-03T07:13:17","guid":{"rendered":"https:\/\/incensemachinery.com\/?post_type=product&#038;p=49"},"modified":"2026-04-17T17:00:54","modified_gmt":"2026-04-17T09:00:54","slug":"dhoop-incense-cone-making-machine","status":"publish","type":"product","link":"https:\/\/incensemachinery.com\/fr\/product\/dhoop-incense-cone-making-machine\/","title":{"rendered":"Machine de fabrication de c\u00f4nes d'encens | Machine \u00e0 c\u00f4ne Dhoop color\u00e9e"},"content":{"rendered":"<div class=\"kk-star-ratings kksr-auto kksr-align-left kksr-valign-top\"     data-payload='{&quot;align&quot;:&quot;left&quot;,&quot;id&quot;:&quot;49&quot;,&quot;slug&quot;:&quot;default&quot;,&quot;valign&quot;:&quot;top&quot;,&quot;ignore&quot;:&quot;&quot;,&quot;reference&quot;:&quot;auto&quot;,&quot;class&quot;:&quot;&quot;,&quot;count&quot;:&quot;16&quot;,&quot;legendonly&quot;:&quot;&quot;,&quot;readonly&quot;:&quot;&quot;,&quot;score&quot;:&quot;4.6&quot;,&quot;starsonly&quot;:&quot;&quot;,&quot;best&quot;:&quot;5&quot;,&quot;gap&quot;:&quot;5&quot;,&quot;greet&quot;:&quot;Rate this product&quot;,&quot;legend&quot;:&quot;4.6\\\/5 - (16 votes)&quot;,&quot;size&quot;:&quot;24&quot;,&quot;title&quot;:&quot;Incense Cone Making Machine | Colourful Dhoop Cone Machine&quot;,&quot;width&quot;:&quot;130.9&quot;,&quot;_legend&quot;:&quot;{score}\\\/{best} - ({count} {votes})&quot;,&quot;font_factor&quot;:&quot;1.25&quot;}'>              <div class=\"kksr-stars\">      <div class=\"kksr-stars-inactive\">             <div class=\"kksr-star\" data-star=\"1\" style=\"padding-right: 5px\">               <div class=\"kksr-icon\" style=\"width: 24px; height: 24px;\"><\/div>         <\/div>             <div class=\"kksr-star\" data-star=\"2\" style=\"padding-right: 5px\">               <div class=\"kksr-icon\" style=\"width: 24px; height: 24px;\"><\/div>         <\/div>             <div class=\"kksr-star\" data-star=\"3\" style=\"padding-right: 5px\">               <div class=\"kksr-icon\" style=\"width: 24px; height: 24px;\"><\/div>         <\/div>             <div class=\"kksr-star\" data-star=\"4\" style=\"padding-right: 5px\">               <div class=\"kksr-icon\" style=\"width: 24px; height: 24px;\"><\/div>         <\/div>             <div class=\"kksr-star\" data-star=\"5\" style=\"padding-right: 5px\">               <div class=\"kksr-icon\" style=\"width: 24px; height: 24px;\"><\/div>         <\/div>     <\/div>      <div class=\"kksr-stars-active\" style=\"width: 130.9px;\">             <div class=\"kksr-star\" style=\"padding-right: 5px\">               <div class=\"kksr-icon\" style=\"width: 24px; height: 24px;\"><\/div>         <\/div>             <div class=\"kksr-star\" style=\"padding-right: 5px\">               <div class=\"kksr-icon\" style=\"width: 24px; height: 24px;\"><\/div>         <\/div>             <div class=\"kksr-star\" style=\"padding-right: 5px\">               <div class=\"kksr-icon\" style=\"width: 24px; height: 24px;\"><\/div>         <\/div>             <div class=\"kksr-star\" style=\"padding-right: 5px\">               <div class=\"kksr-icon\" style=\"width: 24px; height: 24px;\"><\/div>         <\/div>             <div class=\"kksr-star\" style=\"padding-right: 5px\">               <div class=\"kksr-icon\" style=\"width: 24px; height: 24px;\"><\/div>         <\/div>     <\/div> <\/div>                   <div class=\"kksr-legend\" style=\"font-size: 19.2px;\">             4,6\/5 - (16 votes)    <\/div>     <\/div>  <p>Cette machine commerciale de fabrication de c\u00f4nes d'encens est principalement utilis\u00e9e pour traiter diff\u00e9rents types de c\u00f4nes d'encens en forme de c\u00f4ne. En changeant les moules de formation de c\u00f4nes d'encens, la machine peut traiter des c\u00f4nes d'encens de diff\u00e9rents diam\u00e8tres et longueurs. La machine \u00e0 c\u00f4nes dhoop a une capacit\u00e9 de 30-240 c\u00f4nes par minute, et sa vitesse de traitement peut \u00eatre ajust\u00e9e selon les besoins de production.<\/p>    <figure class=\"wp-block-gallery has-nested-images columns-default is-cropped wp-block-gallery-2 is-layout-flex wp-block-gallery-is-layout-flex\"> <figure class=\"wp-block-image size-large\"><img loading=\"lazy\" decoding=\"async\" width=\"720\" height=\"540\" data-id=\"59\" src=\"https:\/\/incensemachinery.com\/wp-content\/uploads\/2022\/08\/tower-incense-machine-1.webp\" alt=\"machine \u00e0 encens tour\" class=\"wp-image-59\" srcset=\"https:\/\/incensemachinery.com\/wp-content\/uploads\/2022\/08\/tower-incense-machine-1.webp 720w, https:\/\/incensemachinery.com\/wp-content\/uploads\/2022\/08\/tower-incense-machine-1-300x225.webp 300w\" sizes=\"auto, (max-width: 720px) 100vw, 720px\" \/><figcaption class=\"wp-element-caption\">machine \u00e0 encens tour<\/figcaption><\/figure>    <figure class=\"wp-block-image size-large\"><img loading=\"lazy\" decoding=\"async\" width=\"720\" height=\"540\" data-id=\"58\" src=\"https:\/\/incensemachinery.com\/wp-content\/uploads\/2022\/08\/incense-cones.webp\" alt=\"\" class=\"wp-image-58\" srcset=\"https:\/\/incensemachinery.com\/wp-content\/uploads\/2022\/08\/incense-cones.webp 720w, https:\/\/incensemachinery.com\/wp-content\/uploads\/2022\/08\/incense-cones-300x225.webp 300w\" sizes=\"auto, (max-width: 720px) 100vw, 720px\" \/><\/figure> <\/figure>    <h2 class=\"wp-block-heading\">Que sont les c\u00f4nes d'encens ?<\/h2>    <p class=\"translation-block\">Les c\u00f4nes d'encens sont \u00e9galement connus sous le nom d'encens en tour ou <strong>dhoop cones<\/strong>, qui sont un type d'encens en forme de c\u00f4ne. Cet encens unique est principalement fabriqu\u00e9 en m\u00e9langeant et en extrudant de la poudre de bois, diverses \u00e9pices, de la poudre de gomme et de l'eau. Cet encens en c\u00f4ne est tr\u00e8s similaire \u00e0 d'autres types d'encens et peut \u00eatre allum\u00e9 pour une utilisation en aromath\u00e9rapie ou comme encens bouddhiste.<\/p>    <p class=\"translation-block\">Ces derni\u00e8res ann\u00e9es, ces petits c\u00f4nes d'encens portables ont \u00e9t\u00e9 utilis\u00e9s pour l'encens d'int\u00e9rieur, en particulier dans les salles d'\u00e9tude et les salons de th\u00e9. De plus, cet encens peut \u00eatre transform\u00e9 en c\u00f4nes de diff\u00e9rentes longueurs et diam\u00e8tres selon les exigences du client. Ces c\u00f4nes d'encens r\u00e9guliers diff\u00e8rent de ceux avec des trous usin\u00e9s par une <strong><a href=\"https:\/\/incensemachinery.com\/fr\/product\/backflow-incense-cone-making-machine\/?swcfpc=1\">backflow incense cone machine<\/a><\/strong>.<\/p>    <figure class=\"wp-block-gallery has-nested-images columns-default is-cropped wp-block-gallery-3 is-layout-flex wp-block-gallery-is-layout-flex\"> <figure class=\"wp-block-image size-large\"><img loading=\"lazy\" decoding=\"async\" width=\"720\" height=\"540\" data-id=\"60\" src=\"https:\/\/incensemachinery.com\/wp-content\/uploads\/2022\/08\/Religious-Incense-Cones.webp\" alt=\"C\u00f4nes d&#039;encens religieux\" class=\"wp-image-60\" srcset=\"https:\/\/incensemachinery.com\/wp-content\/uploads\/2022\/08\/Religious-Incense-Cones.webp 720w, https:\/\/incensemachinery.com\/wp-content\/uploads\/2022\/08\/Religious-Incense-Cones-300x225.webp 300w\" sizes=\"auto, (max-width: 720px) 100vw, 720px\" \/><figcaption class=\"wp-element-caption\">C\u00f4nes d'encens religieux<\/figcaption><\/figure>    <figure class=\"wp-block-image size-large\"><img loading=\"lazy\" decoding=\"async\" width=\"720\" height=\"540\" data-id=\"61\" src=\"https:\/\/incensemachinery.com\/wp-content\/uploads\/2022\/08\/small-cone-incense.webp\" alt=\"encens petit c\u00f4ne\" class=\"wp-image-61\" srcset=\"https:\/\/incensemachinery.com\/wp-content\/uploads\/2022\/08\/small-cone-incense.webp 720w, https:\/\/incensemachinery.com\/wp-content\/uploads\/2022\/08\/small-cone-incense-300x225.webp 300w\" sizes=\"auto, (max-width: 720px) 100vw, 720px\" \/><figcaption class=\"wp-element-caption\">encens petit c\u00f4ne<\/figcaption><\/figure> <\/figure>    <h2 class=\"wp-block-heading\">Applications de l'encens c\u00f4ne dhoop<\/h2>    <p>Les c\u00f4nes d'encens dhoop sont tr\u00e8s polyvalents et peuvent \u00eatre utilis\u00e9s comme encens religieux dans les temples, ainsi que pour l'usage le plus courant pour tous les types d'encens d'int\u00e9rieur. Cela est d\u00fb au fait que, lors du traitement des c\u00f4nes d'encens, nous pouvons ajouter diff\u00e9rentes fragrances pour cr\u00e9er diff\u00e9rentes odeurs. Actuellement, ces c\u00f4nes d'encens sont utilis\u00e9s dans des \u00e9tudes, des salons de th\u00e9, des salons, des chambres, des salles de bain et d'autres endroits.<\/p>   <div class=\"wp-block-image\"> <figure class=\"aligncenter size-full\"><img loading=\"lazy\" decoding=\"async\" width=\"720\" height=\"540\" src=\"https:\/\/incensemachinery.com\/wp-content\/uploads\/2022\/08\/incense-cones-burning.webp\" alt=\"c\u00f4nes d&#039;encens br\u00fblants\" class=\"wp-image-62\" srcset=\"https:\/\/incensemachinery.com\/wp-content\/uploads\/2022\/08\/incense-cones-burning.webp 720w, https:\/\/incensemachinery.com\/wp-content\/uploads\/2022\/08\/incense-cones-burning-300x225.webp 300w\" sizes=\"auto, (max-width: 720px) 100vw, 720px\" \/><figcaption class=\"wp-element-caption\">c\u00f4nes d'encens br\u00fblants<\/figcaption><\/figure> <\/div>   <h2 class=\"wp-block-heading\">Comment fabriquer des c\u00f4nes d'encens avec une machine \u00e0 c\u00f4nes d'encens ?<\/h2>    <p>En g\u00e9n\u00e9ral, la production de c\u00f4nes d'encens peut \u00eatre effectu\u00e9e manuellement. Cependant, la production en masse de c\u00f4nes d'encens dhoop n\u00e9cessite l'utilisation d'une machine \u00e0 fabriquer des c\u00f4nes d'encens commerciale. Le processus de fabrication des c\u00f4nes d'encens avec une machine \u00e0 c\u00f4ne dhoop est \u00e9galement simple.<\/p>    <figure class=\"wp-block-gallery has-nested-images columns-3 is-cropped wp-block-gallery-4 is-layout-flex wp-block-gallery-is-layout-flex\"> <figure class=\"wp-block-image size-large\"><img loading=\"lazy\" decoding=\"async\" width=\"720\" height=\"540\" data-id=\"63\" src=\"https:\/\/incensemachinery.com\/wp-content\/uploads\/2022\/08\/Religious-Incense-Cones-maker-1.webp\" alt=\"Fabricant de c\u00f4nes d&#039;encens religieux\" class=\"wp-image-63\" srcset=\"https:\/\/incensemachinery.com\/wp-content\/uploads\/2022\/08\/Religious-Incense-Cones-maker-1.webp 720w, https:\/\/incensemachinery.com\/wp-content\/uploads\/2022\/08\/Religious-Incense-Cones-maker-1-300x225.webp 300w\" sizes=\"auto, (max-width: 720px) 100vw, 720px\" \/><figcaption class=\"wp-element-caption\">Fabricant de c\u00f4nes d'encens religieux<\/figcaption><\/figure>    <figure class=\"wp-block-image size-large is-style-default\"><img loading=\"lazy\" decoding=\"async\" width=\"720\" height=\"540\" data-id=\"64\" src=\"https:\/\/incensemachinery.com\/wp-content\/uploads\/2022\/08\/tower-incense-cone-forming-molds.webp\" alt=\"moules de formation de c\u00f4nes d&#039;encens de tour\" class=\"wp-image-64\" srcset=\"https:\/\/incensemachinery.com\/wp-content\/uploads\/2022\/08\/tower-incense-cone-forming-molds.webp 720w, https:\/\/incensemachinery.com\/wp-content\/uploads\/2022\/08\/tower-incense-cone-forming-molds-300x225.webp 300w\" sizes=\"auto, (max-width: 720px) 100vw, 720px\" \/><figcaption class=\"wp-element-caption\">moules de formation de c\u00f4nes d'encens de tour<\/figcaption><\/figure>    <figure class=\"wp-block-image size-large\"><img loading=\"lazy\" decoding=\"async\" width=\"720\" height=\"540\" data-id=\"65\" src=\"https:\/\/incensemachinery.com\/wp-content\/uploads\/2022\/08\/Tower-Incense-Maker-structure.webp\" alt=\"Structure du fabricant d&#039;encens de la tour\" class=\"wp-image-65\" srcset=\"https:\/\/incensemachinery.com\/wp-content\/uploads\/2022\/08\/Tower-Incense-Maker-structure.webp 720w, https:\/\/incensemachinery.com\/wp-content\/uploads\/2022\/08\/Tower-Incense-Maker-structure-300x225.webp 300w\" sizes=\"auto, (max-width: 720px) 100vw, 720px\" \/><figcaption class=\"wp-element-caption\">Structure du fabricant d'encens de la tour<\/figcaption><\/figure> <\/figure>    <p>\u00c9tape 1 : La farine de bois, la poudre de colle et l'eau sont soigneusement m\u00e9lang\u00e9es dans un certain rapport. La farine de bois, l'eau et la poudre de colle sont les mati\u00e8res premi\u00e8res de base pour le traitement de l'encens, et le client peut y ajouter la bonne quantit\u00e9 d'\u00e9pices en fonction des besoins sp\u00e9cifiques du traitement.<\/p>    <p>\u00c9tape 2 : placez les ingr\u00e9dients bien m\u00e9lang\u00e9s dans l'entr\u00e9e de la machine. Le mat\u00e9riau est pouss\u00e9 vers l'avant par l'unit\u00e9 hydraulique \u00e0 l'int\u00e9rieur de la machine jusqu'\u00e0 la fili\u00e8re d'extrusion. Les moules de la machine sont des plateaux de moules sup\u00e9rieurs et inf\u00e9rieurs regroup\u00e9s. \u00c0 grande vitesse, la poudre parfum\u00e9e est rapidement press\u00e9e en forme de c\u00f4ne. Un souffleur situ\u00e9 \u00e0 proximit\u00e9 de la sortie souffle ensuite automatiquement les c\u00f4nes d'encens d\u00e9j\u00e0 form\u00e9s dans le moule sur le tapis roulant de sortie.<\/p>    <p>\u00c9tape 3 : Les c\u00f4nes d'encens fra\u00eechement trait\u00e9s sont encore mous et sujets \u00e0 la casse et \u00e0 la d\u00e9formation. Il faut donc les r\u00e9cup\u00e9rer et les mettre \u00e0 s\u00e9cher dans un cadre grillag\u00e9.<\/p>    <figure class=\"wp-block-gallery has-nested-images columns-default is-cropped wp-block-gallery-5 is-layout-flex wp-block-gallery-is-layout-flex\"> <figure class=\"wp-block-image size-large\"><img loading=\"lazy\" decoding=\"async\" width=\"720\" height=\"540\" data-id=\"342\" src=\"https:\/\/incensemachinery.com\/wp-content\/uploads\/2023\/05\/commercial-backflow-cone-incense-making-machine.webp\" alt=\"Machine commerciale de fabrication d&#039;encens \u00e0 c\u00f4ne de reflux\" class=\"wp-image-342\" srcset=\"https:\/\/incensemachinery.com\/wp-content\/uploads\/2023\/05\/commercial-backflow-cone-incense-making-machine.webp 720w, https:\/\/incensemachinery.com\/wp-content\/uploads\/2023\/05\/commercial-backflow-cone-incense-making-machine-300x225.webp 300w\" sizes=\"auto, (max-width: 720px) 100vw, 720px\" \/><figcaption class=\"wp-element-caption\">Machine commerciale \u00e0 fabriquer des c\u00f4nes d'encens<\/figcaption><\/figure>    <figure class=\"wp-block-image size-large\"><img loading=\"lazy\" decoding=\"async\" width=\"720\" height=\"540\" data-id=\"331\" src=\"https:\/\/incensemachinery.com\/wp-content\/uploads\/2023\/03\/Shuliy-waterfall-incense-cone-machines-for-sale.webp\" alt=\"Machines \u00e0 c\u00f4nes d&#039;encens cascade Shuliy \u00e0 vendre\" class=\"wp-image-331\" srcset=\"https:\/\/incensemachinery.com\/wp-content\/uploads\/2023\/03\/Shuliy-waterfall-incense-cone-machines-for-sale.webp 720w, https:\/\/incensemachinery.com\/wp-content\/uploads\/2023\/03\/Shuliy-waterfall-incense-cone-machines-for-sale-300x225.webp 300w\" sizes=\"auto, (max-width: 720px) 100vw, 720px\" \/><figcaption class=\"wp-element-caption\">Machines \u00e0 c\u00f4nes d'encens Shuliy \u00e0 vendre<\/figcaption><\/figure> <\/figure>    <h2 class=\"wp-block-heading\">Principales caract\u00e9ristiques de la machine \u00e0 fabriquer des c\u00f4nes d'encens<\/h2>    <ul class=\"wp-block-list\"> <li>Notre machine automatique \u00e0 c\u00f4nes d'encens est une ligne de production automatique. Elle utilise un dispositif de collecte, ce qui rend le processus de travail rapide et pratique. La capacit\u00e9 est d'environ 240 pi\u00e8ces par minute.<\/li> <\/ul>    <ul class=\"wp-block-list\"> <li>Les c\u00f4nes d'encens peuvent \u00eatre finis avec la ligne de montage automatique de c\u00f4nes d'encens. Le mat\u00e9riau provenant de la tr\u00e9mie est transf\u00e9r\u00e9 dans le baril, apr\u00e8s extrusion et moulage par injection, puis forme le c\u00f4ne d'encens.<\/li> <\/ul>    <ul class=\"wp-block-list\"> <li>L'encens en c\u00f4ne fini de notre machine automatique de fabrication d'encens en c\u00f4ne pr\u00e9sente les avantages d'une \u00e9paisseur uniforme et d'une surface lisse. Et il ne tombera pas de poudre apr\u00e8s le s\u00e9chage des c\u00f4nes dhoop.<\/li> <\/ul>    <figure class=\"wp-block-gallery has-nested-images columns-default is-cropped wp-block-gallery-6 is-layout-flex wp-block-gallery-is-layout-flex\"> <figure class=\"wp-block-image size-large\"><img loading=\"lazy\" decoding=\"async\" width=\"540\" height=\"720\" data-id=\"67\" src=\"https:\/\/incensemachinery.com\/wp-content\/uploads\/2022\/08\/Shuliy-incense-cone-machine.webp\" alt=\"Machine \u00e0 c\u00f4nes d&#039;encens Shuliy\" class=\"wp-image-67\" srcset=\"https:\/\/incensemachinery.com\/wp-content\/uploads\/2022\/08\/Shuliy-incense-cone-machine.webp 540w, https:\/\/incensemachinery.com\/wp-content\/uploads\/2022\/08\/Shuliy-incense-cone-machine-225x300.webp 225w\" sizes=\"auto, (max-width: 540px) 100vw, 540px\" \/><figcaption class=\"wp-element-caption\">Machine \u00e0 c\u00f4nes d'encens Shuliy<\/figcaption><\/figure>    <figure class=\"wp-block-image size-large\"><img loading=\"lazy\" decoding=\"async\" width=\"540\" height=\"720\" data-id=\"71\" src=\"https:\/\/incensemachinery.com\/wp-content\/uploads\/2022\/08\/automatic-dhoop-incense-cone-maker.webp\" alt=\"fabricant automatique de c\u00f4nes d&#039;encens dhoop\" class=\"wp-image-71\" srcset=\"https:\/\/incensemachinery.com\/wp-content\/uploads\/2022\/08\/automatic-dhoop-incense-cone-maker.webp 540w, https:\/\/incensemachinery.com\/wp-content\/uploads\/2022\/08\/automatic-dhoop-incense-cone-maker-225x300.webp 225w\" sizes=\"auto, (max-width: 540px) 100vw, 540px\" \/><figcaption class=\"wp-element-caption\">fabricant automatique de c\u00f4nes d'encens dhoop<\/figcaption><\/figure>    <figure class=\"wp-block-image size-large\"><img loading=\"lazy\" decoding=\"async\" width=\"720\" height=\"540\" data-id=\"66\" src=\"https:\/\/incensemachinery.com\/wp-content\/uploads\/2022\/08\/Dhoop-cone-making-machine-details.webp\" alt=\"D\u00e9tails de la machine de fabrication de c\u00f4nes Dhoop\" class=\"wp-image-66\" srcset=\"https:\/\/incensemachinery.com\/wp-content\/uploads\/2022\/08\/Dhoop-cone-making-machine-details.webp 720w, https:\/\/incensemachinery.com\/wp-content\/uploads\/2022\/08\/Dhoop-cone-making-machine-details-300x225.webp 300w\" sizes=\"auto, (max-width: 720px) 100vw, 720px\" \/><figcaption class=\"wp-element-caption\">D\u00e9tails de la machine de fabrication de c\u00f4nes Dhoop<\/figcaption><\/figure>    <figure class=\"wp-block-image size-large\"><img loading=\"lazy\" decoding=\"async\" width=\"720\" height=\"540\" data-id=\"69\" src=\"https:\/\/incensemachinery.com\/wp-content\/uploads\/2022\/08\/purple-cone-incense.webp\" alt=\"encens c\u00f4ne violet\" class=\"wp-image-69\" srcset=\"https:\/\/incensemachinery.com\/wp-content\/uploads\/2022\/08\/purple-cone-incense.webp 720w, https:\/\/incensemachinery.com\/wp-content\/uploads\/2022\/08\/purple-cone-incense-300x225.webp 300w\" sizes=\"auto, (max-width: 720px) 100vw, 720px\" \/><figcaption class=\"wp-element-caption\">encens c\u00f4ne violet<\/figcaption><\/figure>    <figure class=\"wp-block-image size-large\"><img loading=\"lazy\" decoding=\"async\" width=\"720\" height=\"540\" data-id=\"70\" src=\"https:\/\/incensemachinery.com\/wp-content\/uploads\/2022\/08\/red-incense-cones.webp\" alt=\"c\u00f4nes d&#039;encens rouges\" class=\"wp-image-70\" srcset=\"https:\/\/incensemachinery.com\/wp-content\/uploads\/2022\/08\/red-incense-cones.webp 720w, https:\/\/incensemachinery.com\/wp-content\/uploads\/2022\/08\/red-incense-cones-300x225.webp 300w\" sizes=\"auto, (max-width: 720px) 100vw, 720px\" \/><figcaption class=\"wp-element-caption\">c\u00f4nes d'encens rouges<\/figcaption><\/figure>    <figure class=\"wp-block-image size-large\"><img loading=\"lazy\" decoding=\"async\" width=\"720\" height=\"540\" data-id=\"68\" src=\"https:\/\/incensemachinery.com\/wp-content\/uploads\/2022\/08\/colorful-dhoop-cones.webp\" alt=\"c\u00f4nes de dhoop color\u00e9s\" class=\"wp-image-68\" srcset=\"https:\/\/incensemachinery.com\/wp-content\/uploads\/2022\/08\/colorful-dhoop-cones.webp 720w, https:\/\/incensemachinery.com\/wp-content\/uploads\/2022\/08\/colorful-dhoop-cones-300x225.webp 300w\" sizes=\"auto, (max-width: 720px) 100vw, 720px\" \/><figcaption class=\"wp-element-caption\">c\u00f4nes de dhoop color\u00e9s<\/figcaption><\/figure> <\/figure>    <h2 class=\"wp-block-heading\">Param\u00e8tres de la machine \u00e0 fabriquer des c\u00f4nes d'encens<\/h2>    <figure class=\"wp-block-table\"><table><tbody><tr><td>Mod\u00e8le<\/td><td>SL-ZX-1<\/td><\/tr><tr><td>Longueur de la tour d'encens<\/td><td>10-100mm<\/td><\/tr><tr><td>Pouvoir<\/td><td>4kw<\/td><\/tr><tr><td>Poids<\/td><td>350 kg<\/td><\/tr><tr><td>Taille de la machine<\/td><td>1700*500*1500mm<\/td><\/tr><tr><td>Diam\u00e8tre du v\u00e9rin hydraulique<\/td><td>180mm<\/td><\/tr><tr><td>Accident vasculaire c\u00e9r\u00e9bral<\/td><td>700mm<\/td><\/tr><tr><td>Diam\u00e8tre du canon<\/td><td>219mm<\/td><\/tr><\/tbody><\/table><\/figure>    <h2 class=\"wp-block-heading\">Vid\u00e9o de la machine \u00e0 fabriquer des c\u00f4nes Dhoop<\/h2>    <figure class=\"wp-block-embed is-type-video is-provider-youtube wp-block-embed-youtube wp-embed-aspect-16-9 wp-has-aspect-ratio\"><div class=\"wp-block-embed__wrapper\"> <iframe loading=\"lazy\" title=\"Fournisseur de machines de fabrication de c\u00f4nes d&#039;encens rapides | Processus de travail de la machine \u00e0 fabriquer des c\u00f4nes Dhoop #incensecones\" width=\"500\" height=\"281\" src=\"https:\/\/www.youtube.com\/embed\/rdno3c_3PkY?feature=oembed\" frameborder=\"0\" allow=\"accelerometer; autoplay; clipboard-write; encrypted-media; gyroscope; picture-in-picture; web-share\" referrerpolicy=\"strict-origin-when-cross-origin\" allowfullscreen><\/iframe> <\/div><\/figure>    <h2 class=\"wp-block-heading\">FAQ sur la machine \u00e0 fabriquer des c\u00f4nes d'encens<\/h2>   <div id=\"rank-math-faq\" class=\"rank-math-block\"> <div class=\"rank-math-list\"> <div id=\"faq-question-1776416314848\" class=\"rank-math-list-item\"> <h3 class=\"rank-math-question\">Quels produits cette machine peut-elle produire ?<\/h3> <div class=\"rank-math-answer\">  <p>Encens en c\u00f4ne (encens en tour), c\u00f4nes d'encens \u00e0 reflux, et autres petites formes d'encens.<\/p>  <\/div> <\/div> <div id=\"faq-question-1776416328243\" class=\"rank-math-list-item\"> <h3 class=\"rank-math-question\">De quelles mati\u00e8res premi\u00e8res faut-il disposer ?<\/h3> <div class=\"rank-math-answer\">  <p>Poudre de bois, poudre de bambou, poudre de charbon, poudre de jigat, parfum et eau.<\/p>  <\/div> <\/div> <div id=\"faq-question-1776416342055\" class=\"rank-math-list-item\"> <h3 class=\"rank-math-question\">La taille et la forme peuvent-elles \u00eatre personnalis\u00e9es ?<\/h3> <div class=\"rank-math-answer\">  <p>Oui. La hauteur, le diam\u00e8tre et la forme du c\u00f4ne peuvent \u00eatre personnalis\u00e9s en changeant de moules.<\/p>  <\/div> <\/div> <div id=\"faq-question-1776416356926\" class=\"rank-math-list-item\"> <h3 class=\"rank-math-question\">La machine est-elle enti\u00e8rement automatique ?<\/h3> <div class=\"rank-math-answer\">  <p>Des mod\u00e8les semi-automatiques et enti\u00e8rement automatiques sont disponibles.<\/p>  <\/div> <\/div> <\/div> <\/div>   <h2 class=\"wp-block-heading\">Pr\u00eat \u00e0 lancer votre propre entreprise d'encens ?<\/h2>    <p>Don&#8217;t miss the opportunity to automate your production with our high-efficiency Incense Cone Making Machine. Whether you are looking to produce traditional dhoop cones or colorful backflow incense, Shuliy Machinery provides the perfect technical support and customized molds to meet your market needs. <\/p>    <p>Contactez-nous d\u00e8s aujourd'hui pour obtenir un devis gratuit et un plan de production professionnel adapt\u00e9 \u00e0 l'\u00e9chelle de votre entreprise. Transformons votre vision aromatique en une r\u00e9alit\u00e9 rentable !<\/p>","protected":false},"excerpt":{"rendered":"<p>This commercial incense cone making machine is mainly used to process various types of conical incense cones. By changing the cone incense forming molds, the machine can process incense cones of different diameters and lengths. The dhoop cone machine has a capacity of 30-240 cones per minute, and its processing speed can be adjusted according [&hellip;]<\/p>\n","protected":false},"author":1,"featured_media":50,"parent":0,"template":"","tags":[14],"product-type":[4],"class_list":["post-49","product","type-product","status-publish","has-post-thumbnail","hentry","tag-cone-incense","product-type-incense-making-machine"],"_links":{"self":[{"href":"https:\/\/incensemachinery.com\/fr\/wp-json\/wp\/v2\/product\/49","targetHints":{"allow":["GET"]}}],"collection":[{"href":"https:\/\/incensemachinery.com\/fr\/wp-json\/wp\/v2\/product"}],"about":[{"href":"https:\/\/incensemachinery.com\/fr\/wp-json\/wp\/v2\/types\/product"}],"author":[{"embeddable":true,"href":"https:\/\/incensemachinery.com\/fr\/wp-json\/wp\/v2\/users\/1"}],"wp:featuredmedia":[{"embeddable":true,"href":"https:\/\/incensemachinery.com\/fr\/wp-json\/wp\/v2\/media\/50"}],"wp:attachment":[{"href":"https:\/\/incensemachinery.com\/fr\/wp-json\/wp\/v2\/media?parent=49"}],"wp:term":[{"taxonomy":"post_tag","embeddable":true,"href":"https:\/\/incensemachinery.com\/fr\/wp-json\/wp\/v2\/tags?post=49"},{"taxonomy":"product-type","embeddable":true,"href":"https:\/\/incensemachinery.com\/fr\/wp-json\/wp\/v2\/product-type?post=49"}],"curies":[{"name":"wp","href":"https:\/\/api.w.org\/{rel}","templated":true}]}}