{"id":154,"date":"2022-08-04T06:27:47","date_gmt":"2022-08-04T06:27:47","guid":{"rendered":"https:\/\/incensemachinery.com\/?post_type=product&#038;p=154"},"modified":"2025-07-24T16:38:23","modified_gmt":"2025-07-24T08:38:23","slug":"thread-incense-stick-production-line","status":"publish","type":"product","link":"https:\/\/incensemachinery.com\/fr\/product\/thread-incense-stick-production-line\/","title":{"rendered":"Ligne de production automatique de b\u00e2tons d'encens \u00e0 fil"},"content":{"rendered":"<div class=\"kk-star-ratings kksr-auto kksr-align-left kksr-valign-top\"     data-payload='{&quot;align&quot;:&quot;left&quot;,&quot;id&quot;:&quot;154&quot;,&quot;slug&quot;:&quot;default&quot;,&quot;valign&quot;:&quot;top&quot;,&quot;ignore&quot;:&quot;&quot;,&quot;reference&quot;:&quot;auto&quot;,&quot;class&quot;:&quot;&quot;,&quot;count&quot;:&quot;34&quot;,&quot;legendonly&quot;:&quot;&quot;,&quot;readonly&quot;:&quot;&quot;,&quot;score&quot;:&quot;4.6&quot;,&quot;starsonly&quot;:&quot;&quot;,&quot;best&quot;:&quot;5&quot;,&quot;gap&quot;:&quot;5&quot;,&quot;greet&quot;:&quot;Rate this product&quot;,&quot;legend&quot;:&quot;4.6\\\/5 - (34 votes)&quot;,&quot;size&quot;:&quot;24&quot;,&quot;title&quot;:&quot;Automatic Thread Incense Stick Production Line&quot;,&quot;width&quot;:&quot;130.9&quot;,&quot;_legend&quot;:&quot;{score}\\\/{best} - ({count} {votes})&quot;,&quot;font_factor&quot;:&quot;1.25&quot;}'>              <div class=\"kksr-stars\">      <div class=\"kksr-stars-inactive\">             <div class=\"kksr-star\" data-star=\"1\" style=\"padding-right: 5px\">               <div class=\"kksr-icon\" style=\"width: 24px; height: 24px;\"><\/div>         <\/div>             <div class=\"kksr-star\" data-star=\"2\" style=\"padding-right: 5px\">               <div class=\"kksr-icon\" style=\"width: 24px; height: 24px;\"><\/div>         <\/div>             <div class=\"kksr-star\" data-star=\"3\" style=\"padding-right: 5px\">               <div class=\"kksr-icon\" style=\"width: 24px; height: 24px;\"><\/div>         <\/div>             <div class=\"kksr-star\" data-star=\"4\" style=\"padding-right: 5px\">               <div class=\"kksr-icon\" style=\"width: 24px; height: 24px;\"><\/div>         <\/div>             <div class=\"kksr-star\" data-star=\"5\" style=\"padding-right: 5px\">               <div class=\"kksr-icon\" style=\"width: 24px; height: 24px;\"><\/div>         <\/div>     <\/div>      <div class=\"kksr-stars-active\" style=\"width: 130.9px;\">             <div class=\"kksr-star\" style=\"padding-right: 5px\">               <div class=\"kksr-icon\" style=\"width: 24px; height: 24px;\"><\/div>         <\/div>             <div class=\"kksr-star\" style=\"padding-right: 5px\">               <div class=\"kksr-icon\" style=\"width: 24px; height: 24px;\"><\/div>         <\/div>             <div class=\"kksr-star\" style=\"padding-right: 5px\">               <div class=\"kksr-icon\" style=\"width: 24px; height: 24px;\"><\/div>         <\/div>             <div class=\"kksr-star\" style=\"padding-right: 5px\">               <div class=\"kksr-icon\" style=\"width: 24px; height: 24px;\"><\/div>         <\/div>             <div class=\"kksr-star\" style=\"padding-right: 5px\">               <div class=\"kksr-icon\" style=\"width: 24px; height: 24px;\"><\/div>         <\/div>     <\/div> <\/div>                   <div class=\"kksr-legend\" style=\"font-size: 19.2px;\">             4,6\/5 - (34 votes)    <\/div>     <\/div>  <p>La ligne de production automatique d'encens est une ligne compl\u00e8te de traitement de b\u00e2tons d'encens en fil pour le traitement de l'encens sans b\u00e2tons de bambou. La ligne de production de b\u00e2tons d'encens \u00e0 fil comprend un broyeur de bois, une machine \u00e0 poudre de bois, un m\u00e9langeur, une machine de formation d'encens \u00e0 fil, une machine de s\u00e9chage de b\u00e2tons d'encens et une machine d'emballage d'encens. Le processus de production comprend le traitement de la sciure de bois, le broyage de la farine de bois, le m\u00e9lange de la farine de bois, la fabrication de l'encens, le s\u00e9chage et l'emballage.<\/p>   <div class=\"wp-block-image\"> <figure class=\"aligncenter size-full\"><img loading=\"lazy\" decoding=\"async\" width=\"720\" height=\"540\" src=\"https:\/\/incensemachinery.com\/wp-content\/uploads\/2022\/08\/agarbatti-incense-stick-applications.webp\" alt=\"applications de b\u00e2tons d&#039;encens agarbatti\" class=\"wp-image-158\" srcset=\"https:\/\/incensemachinery.com\/wp-content\/uploads\/2022\/08\/agarbatti-incense-stick-applications.webp 720w, https:\/\/incensemachinery.com\/wp-content\/uploads\/2022\/08\/agarbatti-incense-stick-applications-300x225.webp 300w\" sizes=\"auto, (max-width: 720px) 100vw, 720px\" \/><figcaption>applications de b\u00e2tons d'encens agarbatti<\/figcaption><\/figure> <\/div>     <h2 class=\"wp-block-heading\">Quelles sont les exigences en mati\u00e8re de poudre de bois pour la fabrication d'encens ?<\/h2>    <p>Le composant principal de l\u2019encens est la poudre de bois. La poudre de bois est g\u00e9n\u00e9ralement une poudre plus fine compos\u00e9e de diverses poudres de bois. La poudre de bois utilis\u00e9e pour fabriquer de l'encens peut \u00eatre de la poudre de bois ordinaire (aucune odeur n'est requise), du bois de santal, du bois d'encens, etc. <\/p>    <p class=\"translation-block\">Bien s\u00fbr, cela peut \u00e9galement \u00eatre divers cultures de b\u00e2tons d'orange, herbes, etc. La finesse de la poudre de bois utilis\u00e9e pour fabriquer de l'encens est g\u00e9n\u00e9ralement comprise entre 80 et 120 mailles. Un traitement sp\u00e9cial de <strong><a href=\"https:\/\/en.wikipedia.org\/wiki\/Incense\" target=\"_blank\" rel=\"noopener\">l'encens<\/a><\/strong> peut n\u00e9cessiter une finesse diff\u00e9rente de la poudre de bois.<\/p>    <figure class=\"wp-block-gallery has-nested-images columns-default is-cropped wp-block-gallery-2 is-layout-flex wp-block-gallery-is-layout-flex\"> <figure class=\"wp-block-image size-large\"><img loading=\"lazy\" decoding=\"async\" width=\"720\" height=\"540\" data-id=\"156\" src=\"https:\/\/incensemachinery.com\/wp-content\/uploads\/2022\/08\/incense-sticks-making.webp\" alt=\"encens fabriqu\u00e9 par une ligne de production de b\u00e2tons d&#039;encens en fil\" class=\"wp-image-156\" srcset=\"https:\/\/incensemachinery.com\/wp-content\/uploads\/2022\/08\/incense-sticks-making.webp 720w, https:\/\/incensemachinery.com\/wp-content\/uploads\/2022\/08\/incense-sticks-making-300x225.webp 300w\" sizes=\"auto, (max-width: 720px) 100vw, 720px\" \/><figcaption>fabrication de b\u00e2tons d'encens<\/figcaption><\/figure>    <figure class=\"wp-block-image size-large\"><img loading=\"lazy\" decoding=\"async\" width=\"720\" height=\"540\" data-id=\"157\" src=\"https:\/\/incensemachinery.com\/wp-content\/uploads\/2022\/08\/thread-incense-production.webp\" alt=\"production d&#039;encens en fil\" class=\"wp-image-157\" srcset=\"https:\/\/incensemachinery.com\/wp-content\/uploads\/2022\/08\/thread-incense-production.webp 720w, https:\/\/incensemachinery.com\/wp-content\/uploads\/2022\/08\/thread-incense-production-300x225.webp 300w\" sizes=\"auto, (max-width: 720px) 100vw, 720px\" \/><figcaption>production d'encens en fil<\/figcaption><\/figure> <\/figure>    <h2 class=\"wp-block-heading\">Processus de production complet de la ligne de production de b\u00e2tons d'encens \u00e0 fil<\/h2>    <h3 class=\"wp-block-heading\"><strong>Fabrication de sciure de bois<\/strong><\/h3>    <p>Pour le bois de plus grande taille, les branches, les racines, la paille, les herbes, etc., nous pouvons utiliser ce petit broyeur \u00e0 bois pour les broyer en sciure de bois. Ce type de broyeur \u00e0 marteaux peut g\u00e9n\u00e9ralement broyer les mati\u00e8res premi\u00e8res en sciure de bois d'une taille d'environ 3 mm.<\/p>   <div class=\"wp-block-image\"> <figure class=\"aligncenter size-full\"><img loading=\"lazy\" decoding=\"async\" width=\"720\" height=\"540\" src=\"https:\/\/incensemachinery.com\/wp-content\/uploads\/2022\/08\/small-wood-crusher-for-sawdust-making.webp\" alt=\"petit broyeur de bois pour la fabrication de sciure de bois\" class=\"wp-image-159\" srcset=\"https:\/\/incensemachinery.com\/wp-content\/uploads\/2022\/08\/small-wood-crusher-for-sawdust-making.webp 720w, https:\/\/incensemachinery.com\/wp-content\/uploads\/2022\/08\/small-wood-crusher-for-sawdust-making-300x225.webp 300w\" sizes=\"auto, (max-width: 720px) 100vw, 720px\" \/><figcaption>petit broyeur de bois pour la fabrication de sciure de bois<\/figcaption><\/figure> <\/div>   <h3 class=\"wp-block-heading\"><strong>Broyage de poudre de bois<\/strong><\/h3>    <p>La taille de la sciure trait\u00e9e par le broyeur \u00e0 bois est trop grande pour \u00eatre utilis\u00e9e directement pour fabriquer des b\u00e2tons d'encens, nous devons donc utiliser un moulin \u00e0 farine de bois commercial pour broyer davantage la sciure en une farine de bois plus fine. La finesse du moulin \u00e0 farine de bois peut \u00eatre ajust\u00e9e selon les besoins du client. Habituellement, la finesse de la farine de bois pour b\u00e2tons d'encens est comprise entre 60 et 120 mesh.<\/p>   <div class=\"wp-block-image\"> <figure class=\"aligncenter size-full\"><img loading=\"lazy\" decoding=\"async\" width=\"720\" height=\"540\" src=\"https:\/\/incensemachinery.com\/wp-content\/uploads\/2022\/08\/wood-powder-grinding-machine.webp\" alt=\"rectifieuse de poudre de bois\" class=\"wp-image-160\" srcset=\"https:\/\/incensemachinery.com\/wp-content\/uploads\/2022\/08\/wood-powder-grinding-machine.webp 720w, https:\/\/incensemachinery.com\/wp-content\/uploads\/2022\/08\/wood-powder-grinding-machine-300x225.webp 300w\" sizes=\"auto, (max-width: 720px) 100vw, 720px\" \/><figcaption>rectifieuse de poudre de bois<\/figcaption><\/figure> <\/div>   <h3 class=\"wp-block-heading\"><strong>M\u00e9lange de poudre<\/strong><\/h3>    <p>Une fois le traitement de la poudre de bois termin\u00e9, nous devons utiliser le m\u00e9langeur automatique pour m\u00e9langer et m\u00e9langer toutes les mati\u00e8res premi\u00e8res n\u00e9cessaires \u00e0 la fabrication de l'encens selon un certain rapport. Le travail de ce m\u00e9langeur se fait par lots. Le volume de traitement de chaque lot est d'environ 50 kg.<\/p>   <div class=\"wp-block-image\"> <figure class=\"aligncenter size-full\"><img loading=\"lazy\" decoding=\"async\" width=\"720\" height=\"540\" src=\"https:\/\/incensemachinery.com\/wp-content\/uploads\/2022\/08\/wood-powder-mixing-machine.webp\" alt=\"malaxeur de poudre de bois\" class=\"wp-image-161\" srcset=\"https:\/\/incensemachinery.com\/wp-content\/uploads\/2022\/08\/wood-powder-mixing-machine.webp 720w, https:\/\/incensemachinery.com\/wp-content\/uploads\/2022\/08\/wood-powder-mixing-machine-300x225.webp 300w\" sizes=\"auto, (max-width: 720px) 100vw, 720px\" \/><figcaption>malaxeur de poudre de bois<\/figcaption><\/figure> <\/div>   <h3 class=\"wp-block-heading\"><strong>Formation de b\u00e2tonnets d'encens en fil<\/strong><\/h3>    <p class=\"translation-block\">Cette <strong>machine de fabrication d'encens<\/strong> peut extruder les mati\u00e8res premi\u00e8res m\u00e9lang\u00e9es en lignes solides et les couper en encens de longueur uniforme \u00e0 l'aide du dispositif de coupe. En changeant diff\u00e9rents moules d'extrusion, le fabricant de b\u00e2tons d'encens \u00e0 fil peut traiter diff\u00e9rentes formes de b\u00e2tons d'encens, comme des \u00e9toiles \u00e0 cinq branches, des cubes, des triangles, des c\u0153urs, des fleurs, etc. De plus, la longueur de coupe de l'encens peut \u00e9galement \u00eatre ajust\u00e9e.<\/p>   <div class=\"wp-block-image\"> <figure class=\"aligncenter size-full\"><img loading=\"lazy\" decoding=\"async\" width=\"720\" height=\"540\" src=\"https:\/\/incensemachinery.com\/wp-content\/uploads\/2022\/08\/incense-making-machine-for-sale.webp\" alt=\"machine de fabrication d&#039;encens \u00e0 vendre\" class=\"wp-image-121\" srcset=\"https:\/\/incensemachinery.com\/wp-content\/uploads\/2022\/08\/incense-making-machine-for-sale.webp 720w, https:\/\/incensemachinery.com\/wp-content\/uploads\/2022\/08\/incense-making-machine-for-sale-300x225.webp 300w\" sizes=\"auto, (max-width: 720px) 100vw, 720px\" \/><figcaption>ligne de production de b\u00e2tons d'encens en fil \u00e0 vendre<\/figcaption><\/figure> <\/div>   <h3 class=\"wp-block-heading\"><strong>S\u00e9chage des b\u00e2tons d'encens<\/strong><\/h3>    <p>Ce s\u00e8che-encens est tr\u00e8s adapt\u00e9 pour s\u00e9cher les encens en fil et les b\u00e2tons d'encens. Ce s\u00e9choir est dot\u00e9 d'un chariot mobile \u00e0 l'int\u00e9rieur et plusieurs couches de plateaux peuvent \u00eatre plac\u00e9es sur les \u00e9tag\u00e8res du chariot. Nous pouvons mettre les b\u00e2tons d'encens soigneusement coup\u00e9s dans les plateaux, puis mettre les plateaux remplis d'encens dans le s\u00e8che-linge pour les faire s\u00e9cher. La temp\u00e9rature et le temps de s\u00e9chage de ce s\u00e8che-encens \u00e0 fil peuvent \u00eatre r\u00e9gl\u00e9s et ajust\u00e9s.<\/p>   <div class=\"wp-block-image\"> <figure class=\"aligncenter size-full\"><img loading=\"lazy\" decoding=\"async\" width=\"720\" height=\"540\" src=\"https:\/\/incensemachinery.com\/wp-content\/uploads\/2022\/08\/thread-incense-dryer-machine.webp\" alt=\"Machine \u00e0 s\u00e9cher l&#039;encens \u00e0 fil\" class=\"wp-image-162\" srcset=\"https:\/\/incensemachinery.com\/wp-content\/uploads\/2022\/08\/thread-incense-dryer-machine.webp 720w, https:\/\/incensemachinery.com\/wp-content\/uploads\/2022\/08\/thread-incense-dryer-machine-300x225.webp 300w\" sizes=\"auto, (max-width: 720px) 100vw, 720px\" \/><figcaption>Machine \u00e0 s\u00e9cher l'encens \u00e0 fil<\/figcaption><\/figure> <\/div>   <h3 class=\"wp-block-heading\">Machine d'emballage d'encens \u00e0 fil<\/h3>    <p>La machine d'emballage d'encens Bouddha peut emballer l'encens s\u00e9ch\u00e9 en fonction de diff\u00e9rents facteurs de poids, de longueur et de diam\u00e8tre. Quelle que soit la taille de l'encens trait\u00e9 par le client, il peut \u00eatre emball\u00e9 \u00e0 l'aide de cette machine d'emballage. En outre, les clients peuvent \u00e9galement d\u00e9finir le style d'emballage de l'encens, tel qu'un sac, une bo\u00eete, un tube, un emballage sous film thermor\u00e9tractable, etc.<\/p>   <div class=\"wp-block-image\"> <figure class=\"aligncenter size-full\"><img loading=\"lazy\" decoding=\"async\" width=\"720\" height=\"540\" src=\"https:\/\/incensemachinery.com\/wp-content\/uploads\/2022\/08\/thread-incense-packaging-machine.webp\" alt=\"machine de conditionnement d&#039;encens \u00e0 fil\" class=\"wp-image-169\" srcset=\"https:\/\/incensemachinery.com\/wp-content\/uploads\/2022\/08\/thread-incense-packaging-machine.webp 720w, https:\/\/incensemachinery.com\/wp-content\/uploads\/2022\/08\/thread-incense-packaging-machine-300x225.webp 300w\" sizes=\"auto, (max-width: 720px) 100vw, 720px\" \/><figcaption>machine de conditionnement d'encens \u00e0 fil<\/figcaption><\/figure> <\/div>   <h2 class=\"wp-block-heading\">Avantages de l'usine de transformation d'encens \u00e0 fil Shuliy<\/h2>    <ul class=\"wp-block-list\"><li>La ligne de production d'encens comprend tout l'\u00e9quipement n\u00e9cessaire \u00e0 la production industrielle d'encens et est id\u00e9ale pour les clients qui produisent de l'encens en fil \u00e0 grande \u00e9chelle. L'usine de transformation d'encens n\u00e9cessite 5 \u00e0 10 travailleurs, ce qui permet d'\u00e9conomiser beaucoup de co\u00fbts de main-d'\u0153uvre par rapport \u00e0 la production manuelle d'encens.<\/li><\/ul>    <ul class=\"wp-block-list\"><li>Pour la plupart des clients qui souhaitent d\u00e9marrer une entreprise de parfumerie, la gamme d'encens n'est qu'une configuration de r\u00e9f\u00e9rence. Notre usine doit g\u00e9n\u00e9ralement d\u00e9velopper un plan de production d\u2019encens appropri\u00e9 en fonction de la taille de l\u2019usine du client, du budget d\u2019investissement, du rendement de transformation et d\u2019autres facteurs.<\/li><\/ul>    <ul class=\"wp-block-list\"><li>L'usine Shuliy peut fournir un service personnalis\u00e9 pour chaque processeur d'encens et fournira un service apr\u00e8s-vente complet aux clients qui ach\u00e8tent du mat\u00e9riel d'encens. Nous aidons les clients \u00e0 envoyer des \u00e9chantillons pour tests et invitons les clients \u00e0 visiter notre usine et \u00e0 tester les machines.<\/li><\/ul>    <figure class=\"wp-block-gallery has-nested-images columns-2 is-cropped wp-block-gallery-3 is-layout-flex wp-block-gallery-is-layout-flex\"> <figure class=\"wp-block-image size-large\"><img loading=\"lazy\" decoding=\"async\" width=\"720\" height=\"540\" data-id=\"176\" src=\"https:\/\/incensemachinery.com\/wp-content\/uploads\/2022\/08\/thread-incense-bulk-prodution.webp\" alt=\"production en vrac d&#039;encens \u00e0 fil\" class=\"wp-image-176\" srcset=\"https:\/\/incensemachinery.com\/wp-content\/uploads\/2022\/08\/thread-incense-bulk-prodution.webp 720w, https:\/\/incensemachinery.com\/wp-content\/uploads\/2022\/08\/thread-incense-bulk-prodution-300x225.webp 300w\" sizes=\"auto, (max-width: 720px) 100vw, 720px\" \/><figcaption>production en vrac d'encens \u00e0 fil<\/figcaption><\/figure>    <figure class=\"wp-block-image size-large\"><img loading=\"lazy\" decoding=\"async\" width=\"720\" height=\"540\" data-id=\"177\" src=\"https:\/\/incensemachinery.com\/wp-content\/uploads\/2022\/08\/well-packed-incense.webp\" alt=\"encens bien emball\u00e9\" class=\"wp-image-177\" srcset=\"https:\/\/incensemachinery.com\/wp-content\/uploads\/2022\/08\/well-packed-incense.webp 720w, https:\/\/incensemachinery.com\/wp-content\/uploads\/2022\/08\/well-packed-incense-300x225.webp 300w\" sizes=\"auto, (max-width: 720px) 100vw, 720px\" \/><figcaption>encens bien emball\u00e9<\/figcaption><\/figure>    <figure class=\"wp-block-image size-large\"><img loading=\"lazy\" decoding=\"async\" width=\"720\" height=\"540\" data-id=\"173\" src=\"https:\/\/incensemachinery.com\/wp-content\/uploads\/2022\/08\/agarbatti-incense.webp\" alt=\"encens agarbatti\" class=\"wp-image-173\" srcset=\"https:\/\/incensemachinery.com\/wp-content\/uploads\/2022\/08\/agarbatti-incense.webp 720w, https:\/\/incensemachinery.com\/wp-content\/uploads\/2022\/08\/agarbatti-incense-300x225.webp 300w\" sizes=\"auto, (max-width: 720px) 100vw, 720px\" \/><figcaption>encens agarbatti<\/figcaption><\/figure>    <figure class=\"wp-block-image size-large\"><img loading=\"lazy\" decoding=\"async\" width=\"720\" height=\"540\" data-id=\"174\" src=\"https:\/\/incensemachinery.com\/wp-content\/uploads\/2022\/08\/incense-packing-with-film.webp\" alt=\"emballage d&#039;encens avec film\" class=\"wp-image-174\" srcset=\"https:\/\/incensemachinery.com\/wp-content\/uploads\/2022\/08\/incense-packing-with-film.webp 720w, https:\/\/incensemachinery.com\/wp-content\/uploads\/2022\/08\/incense-packing-with-film-300x225.webp 300w\" sizes=\"auto, (max-width: 720px) 100vw, 720px\" \/><figcaption>emballage d'encens avec film<\/figcaption><\/figure> <\/figure>","protected":false},"excerpt":{"rendered":"<p>The automatic incense production line is a complete thread incense stick processing line for processing incense without bamboo sticks. The thread incense stick production line includes a wood crusher, wood powder machine, mixer, thread incense forming machine, incense stick drying machine, and incense packaging machine. The production process includes sawdust processing, wood flour grinding, wood [&hellip;]<\/p>\n","protected":false},"author":1,"featured_media":155,"parent":0,"template":"","tags":[13],"product-type":[7],"class_list":["post-154","product","type-product","status-publish","has-post-thumbnail","hentry","tag-stick-incense","product-type-incense-stick-production-line"],"_links":{"self":[{"href":"https:\/\/incensemachinery.com\/fr\/wp-json\/wp\/v2\/product\/154","targetHints":{"allow":["GET"]}}],"collection":[{"href":"https:\/\/incensemachinery.com\/fr\/wp-json\/wp\/v2\/product"}],"about":[{"href":"https:\/\/incensemachinery.com\/fr\/wp-json\/wp\/v2\/types\/product"}],"author":[{"embeddable":true,"href":"https:\/\/incensemachinery.com\/fr\/wp-json\/wp\/v2\/users\/1"}],"wp:featuredmedia":[{"embeddable":true,"href":"https:\/\/incensemachinery.com\/fr\/wp-json\/wp\/v2\/media\/155"}],"wp:attachment":[{"href":"https:\/\/incensemachinery.com\/fr\/wp-json\/wp\/v2\/media?parent=154"}],"wp:term":[{"taxonomy":"post_tag","embeddable":true,"href":"https:\/\/incensemachinery.com\/fr\/wp-json\/wp\/v2\/tags?post=154"},{"taxonomy":"product-type","embeddable":true,"href":"https:\/\/incensemachinery.com\/fr\/wp-json\/wp\/v2\/product-type?post=154"}],"curies":[{"name":"wp","href":"https:\/\/api.w.org\/{rel}","templated":true}]}}