{"id":138,"date":"2022-08-04T02:33:13","date_gmt":"2022-08-04T02:33:13","guid":{"rendered":"https:\/\/incensemachinery.com\/?post_type=product&#038;p=138"},"modified":"2025-07-24T16:38:20","modified_gmt":"2025-07-24T08:38:20","slug":"stick-incense-production-line","status":"publish","type":"product","link":"https:\/\/incensemachinery.com\/fr\/product\/stick-incense-production-line\/","title":{"rendered":"Ligne de production d'encens en b\u00e2tonnets \u00e0 petite \u00e9chelle"},"content":{"rendered":"<div class=\"kk-star-ratings kksr-auto kksr-align-left kksr-valign-top\"     data-payload='{&quot;align&quot;:&quot;left&quot;,&quot;id&quot;:&quot;138&quot;,&quot;slug&quot;:&quot;default&quot;,&quot;valign&quot;:&quot;top&quot;,&quot;ignore&quot;:&quot;&quot;,&quot;reference&quot;:&quot;auto&quot;,&quot;class&quot;:&quot;&quot;,&quot;count&quot;:&quot;15&quot;,&quot;legendonly&quot;:&quot;&quot;,&quot;readonly&quot;:&quot;&quot;,&quot;score&quot;:&quot;4.8&quot;,&quot;starsonly&quot;:&quot;&quot;,&quot;best&quot;:&quot;5&quot;,&quot;gap&quot;:&quot;5&quot;,&quot;greet&quot;:&quot;Rate this product&quot;,&quot;legend&quot;:&quot;4.8\\\/5 - (15 votes)&quot;,&quot;size&quot;:&quot;24&quot;,&quot;title&quot;:&quot;Small-scale Stick Incense Production Line&quot;,&quot;width&quot;:&quot;136.7&quot;,&quot;_legend&quot;:&quot;{score}\\\/{best} - ({count} {votes})&quot;,&quot;font_factor&quot;:&quot;1.25&quot;}'>              <div class=\"kksr-stars\">      <div class=\"kksr-stars-inactive\">             <div class=\"kksr-star\" data-star=\"1\" style=\"padding-right: 5px\">               <div class=\"kksr-icon\" style=\"width: 24px; height: 24px;\"><\/div>         <\/div>             <div class=\"kksr-star\" data-star=\"2\" style=\"padding-right: 5px\">               <div class=\"kksr-icon\" style=\"width: 24px; height: 24px;\"><\/div>         <\/div>             <div class=\"kksr-star\" data-star=\"3\" style=\"padding-right: 5px\">               <div class=\"kksr-icon\" style=\"width: 24px; height: 24px;\"><\/div>         <\/div>             <div class=\"kksr-star\" data-star=\"4\" style=\"padding-right: 5px\">               <div class=\"kksr-icon\" style=\"width: 24px; height: 24px;\"><\/div>         <\/div>             <div class=\"kksr-star\" data-star=\"5\" style=\"padding-right: 5px\">               <div class=\"kksr-icon\" style=\"width: 24px; height: 24px;\"><\/div>         <\/div>     <\/div>      <div class=\"kksr-stars-active\" style=\"width: 136.7px;\">             <div class=\"kksr-star\" style=\"padding-right: 5px\">               <div class=\"kksr-icon\" style=\"width: 24px; height: 24px;\"><\/div>         <\/div>             <div class=\"kksr-star\" style=\"padding-right: 5px\">               <div class=\"kksr-icon\" style=\"width: 24px; height: 24px;\"><\/div>         <\/div>             <div class=\"kksr-star\" style=\"padding-right: 5px\">               <div class=\"kksr-icon\" style=\"width: 24px; height: 24px;\"><\/div>         <\/div>             <div class=\"kksr-star\" style=\"padding-right: 5px\">               <div class=\"kksr-icon\" style=\"width: 24px; height: 24px;\"><\/div>         <\/div>             <div class=\"kksr-star\" style=\"padding-right: 5px\">               <div class=\"kksr-icon\" style=\"width: 24px; height: 24px;\"><\/div>         <\/div>     <\/div> <\/div>                   <div class=\"kksr-legend\" style=\"font-size: 19.2px;\">             4,8\/5 - (15 votes)    <\/div>     <\/div>  <p>Cette ligne de production d'encens en b\u00e2tonnets \u00e0 petite \u00e9chelle est principalement utilis\u00e9e dans les moyennes et petites usines d'encens qui traitent des b\u00e2tons d'encens. L'\u00e9quipement principal de cette usine de transformation de b\u00e2tonnets d'agarbatti comprend le m\u00e9langeur de poudre de bois, la machine de formage d'encens en b\u00e2tonnets et la machine d'emballage d'encens en b\u00e2tonnets. La ligne de traitement peut traiter des b\u00e2tons d'encens de diff\u00e9rents diam\u00e8tres et longueurs.<\/p>   <div class=\"wp-block-image\"> <figure class=\"aligncenter size-full\"><img loading=\"lazy\" decoding=\"async\" width=\"720\" height=\"540\" src=\"https:\/\/incensemachinery.com\/wp-content\/uploads\/2022\/08\/stick-incense.jpg\" alt=\"b\u00e2ton d&#039;encens\" class=\"wp-image-143\" srcset=\"https:\/\/incensemachinery.com\/wp-content\/uploads\/2022\/08\/stick-incense.jpg 720w, https:\/\/incensemachinery.com\/wp-content\/uploads\/2022\/08\/stick-incense-300x225.jpg 300w\" sizes=\"auto, (max-width: 720px) 100vw, 720px\" \/><figcaption>b\u00e2ton d'encens<\/figcaption><\/figure> <\/div>   <h2 class=\"wp-block-heading\">\u00c9quipement principal de l'usine de transformation de b\u00e2tons d'encens agarbatti<\/h2>    <p>Cette petite ligne de traitement de b\u00e2tons d\u2019encens est un produit tr\u00e8s vendu dans notre usine. En effet, l\u2019usine de traitement des b\u00e2tonnets d\u2019agarbatti est simple, facile \u00e0 exploiter, peu co\u00fbteuse et tr\u00e8s rentable. La ligne de production comprend principalement un m\u00e9langeur, une extrudeuse de b\u00e2tons d'encens et une machine d'emballage de b\u00e2tons d'encens. Lorsque les clients nous consultent au sujet des \u00e9quipements de fabrication d'encens, nous recommandons g\u00e9n\u00e9ralement aux clients des machines adapt\u00e9es en fonction de leurs besoins r\u00e9els de production.<\/p>    <h3 class=\"wp-block-heading\">M\u00e9langeur de poudre de bois<\/h3>    <p>Ce m\u00e9langeur automatique horizontal est largement utilis\u00e9 dans les industries de l'alimentation animale, alimentaire, chimique, des engrais, pharmaceutique et autres pour le m\u00e9lange et l'agitation de mat\u00e9riaux en poudre, granulaires, en flocons, en morceaux et visqueux. Le m\u00e9langeur utilise le principe de l'apesanteur instantan\u00e9e pour fabriquer les mat\u00e9riaux dans le corps par m\u00e9lange m\u00e9canique, afin d'atteindre l'objectif d'un m\u00e9lange uniforme. Nous pouvons mettre les mati\u00e8res premi\u00e8res pour fabriquer de l'encens, telles que la poudre de bois, la poudre collante, l'eau, le parfum, etc., dans un certain rapport dans le m\u00e9langeur pour un m\u00e9lange complet.<\/p>    <figure class=\"wp-block-gallery has-nested-images columns-default is-cropped wp-block-gallery-2 is-layout-flex wp-block-gallery-is-layout-flex\"> <figure class=\"wp-block-image size-large\"><img loading=\"lazy\" decoding=\"async\" width=\"720\" height=\"540\" data-id=\"144\" src=\"https:\/\/incensemachinery.com\/wp-content\/uploads\/2022\/08\/mixer-machine.webp\" alt=\"m\u00e9langeur\" class=\"wp-image-144\" srcset=\"https:\/\/incensemachinery.com\/wp-content\/uploads\/2022\/08\/mixer-machine.webp 720w, https:\/\/incensemachinery.com\/wp-content\/uploads\/2022\/08\/mixer-machine-300x225.webp 300w\" sizes=\"auto, (max-width: 720px) 100vw, 720px\" \/><figcaption>m\u00e9langeur<\/figcaption><\/figure>    <figure class=\"wp-block-image size-large\"><img loading=\"lazy\" decoding=\"async\" width=\"720\" height=\"540\" data-id=\"145\" src=\"https:\/\/incensemachinery.com\/wp-content\/uploads\/2022\/08\/wood-powder-1.webp\" alt=\"poudre de bois\" class=\"wp-image-145\" srcset=\"https:\/\/incensemachinery.com\/wp-content\/uploads\/2022\/08\/wood-powder-1.webp 720w, https:\/\/incensemachinery.com\/wp-content\/uploads\/2022\/08\/wood-powder-1-300x225.webp 300w\" sizes=\"auto, (max-width: 720px) 100vw, 720px\" \/><figcaption>poudre de bois<\/figcaption><\/figure> <\/figure>    <h4 class=\"wp-block-heading\">Param\u00e8tres du m\u00e9langeur<\/h4>    <figure class=\"wp-block-table\"><table><tbody><tr><td>Mod\u00e8le<\/td><td>SL-ZW-0101<\/td><\/tr><tr><td>Poids d'agitation<\/td><td>50kg\/lot<\/td><\/tr><tr><td>Pouvoir<\/td><td>3kw<\/td><\/tr><tr><td>Taille<\/td><td>1100*750*1050mm<\/td><\/tr><tr><td>Poids<\/td><td>300 kg<\/td><\/tr><\/tbody><\/table><\/figure>    <h3 class=\"wp-block-heading\">Extrudeuse de b\u00e2tons d'encens<\/h3>    <p class=\"translation-block\">La <strong>machine \u00e0 extruder de l'encens<\/strong> est l'\u00e9quipement principal de cette ligne de production de b\u00e2tons d'encens, qui est utilis\u00e9e pour enrouler et rev\u00eatir les mati\u00e8res premi\u00e8res m\u00e9lang\u00e9es sur les b\u00e2tons de bambou de mani\u00e8re uniforme. Parmi eux, l'\u00e9paisseur et la longueur de l'enveloppement d'encens peuvent \u00eatre r\u00e9gl\u00e9es et ajust\u00e9es sur le panneau de contr\u00f4le de la machine. L'efficacit\u00e9 de traitement de la machine \u00e0 extruder des b\u00e2tons d'agarbatti est d'environ 300 pi\u00e8ces par minute. Sa vitesse de production est \u00e9galement ajustable. Ce mod\u00e8le ci-dessous est l'un des extrudeurs les plus vendus.<\/p>    <figure class=\"wp-block-gallery has-nested-images columns-default is-cropped wp-block-gallery-3 is-layout-flex wp-block-gallery-is-layout-flex\"> <figure class=\"wp-block-image size-large\"><img loading=\"lazy\" decoding=\"async\" width=\"720\" height=\"540\" data-id=\"115\" src=\"https:\/\/incensemachinery.com\/wp-content\/uploads\/2022\/08\/dhoop-incense-stick-making-machine.webp\" alt=\"machine de fabrication de b\u00e2tons d&#039;encens dhoop\" class=\"wp-image-115\" srcset=\"https:\/\/incensemachinery.com\/wp-content\/uploads\/2022\/08\/dhoop-incense-stick-making-machine.webp 720w, https:\/\/incensemachinery.com\/wp-content\/uploads\/2022\/08\/dhoop-incense-stick-making-machine-300x225.webp 300w\" sizes=\"auto, (max-width: 720px) 100vw, 720px\" \/><figcaption>machine de fabrication de b\u00e2tons d'encens dhoop<\/figcaption><\/figure>    <figure class=\"wp-block-image size-large\"><img loading=\"lazy\" decoding=\"async\" width=\"720\" height=\"540\" data-id=\"127\" src=\"https:\/\/incensemachinery.com\/wp-content\/uploads\/2022\/08\/stick-incense.webp\" alt=\"b\u00e2ton d&#039;encens\" class=\"wp-image-127\" srcset=\"https:\/\/incensemachinery.com\/wp-content\/uploads\/2022\/08\/stick-incense.webp 720w, https:\/\/incensemachinery.com\/wp-content\/uploads\/2022\/08\/stick-incense-300x225.webp 300w\" sizes=\"auto, (max-width: 720px) 100vw, 720px\" \/><figcaption>encens en b\u00e2ton d'agarbatti<\/figcaption><\/figure> <\/figure>    <h4 class=\"wp-block-heading\">Param\u00e8tres de la machine d'extrudeuse d'encens<\/h4>    <figure class=\"wp-block-table\"><table><tbody><tr><td>Mod\u00e8le<\/td><td>SL-ZW-07<\/td><\/tr><tr><td>Pouvoir<\/td><td>3kw<\/td><\/tr><tr><td>Taille du produit final<\/td><td>3-6\u00a0mm\u00a02,5\u00a0mm de longueur inf\u00e9rieure \u00e0 48\u00a0cm<\/td><\/tr><tr><td>Taille du paquet<\/td><td>800*1050*800mm<\/td><\/tr><tr><td>Vitesse<\/td><td>300+ pi\u00e8ces\/min<\/td><\/tr><tr><td>Poids<\/td><td>300 kg<\/td><\/tr><\/tbody><\/table><\/figure>    <h3 class=\"wp-block-heading\">Machine de conditionnement d'encens en b\u00e2ton<\/h3>    <p class=\"translation-block\">Ce type de <strong><a href=\"https:\/\/taizypackaging.com\/incense-stick-counting-and-packing-machine\/\" target=\"_blank\" rel=\"noopener\">machine d'emballage de b\u00e2tons d'encens <\/a><\/strong>a la fonction de comptage et d'emballage automatiques. Elle peut emballer automatiquement le b\u00e2ton d'encens agarbatti s\u00e9ch\u00e9 selon certaines sp\u00e9cifications d'emballage. Cette machine d'emballage peut remplacer un grand nombre de travailleurs manuels pour compter et emballer le b\u00e2ton d'encens agarbatti sans endommager le b\u00e2ton d'encens. La machine d'emballage de b\u00e2tons d'encens peut \u00eatre utilis\u00e9e pour emballer tous les types de b\u00e2tons d'encens d'une longueur de 1 \u00e0 100 cm.<\/p>   <div class=\"wp-block-image\"> <figure class=\"aligncenter size-full\"><img loading=\"lazy\" decoding=\"async\" width=\"720\" height=\"540\" src=\"https:\/\/incensemachinery.com\/wp-content\/uploads\/2022\/08\/incense-stick-packaging-machine.webp\" alt=\"machine d&#039;emballage de b\u00e2tons d&#039;encens\" class=\"wp-image-146\" srcset=\"https:\/\/incensemachinery.com\/wp-content\/uploads\/2022\/08\/incense-stick-packaging-machine.webp 720w, https:\/\/incensemachinery.com\/wp-content\/uploads\/2022\/08\/incense-stick-packaging-machine-300x225.webp 300w\" sizes=\"auto, (max-width: 720px) 100vw, 720px\" \/><figcaption>machine d'emballage de b\u00e2tons d'encens<\/figcaption><\/figure> <\/div>   <h4 class=\"wp-block-heading\">Param\u00e8tres de la machine d'emballage d'encens<\/h4>    <figure class=\"wp-block-table\"><table><tbody><tr><td>Mod\u00e8le<\/td><td>SL-CX-350<\/td><\/tr><tr><td>Pouvoir<\/td><td>220V\/3kw<\/td><\/tr><tr><td>Type d'emballage<\/td><td>Type H<\/td><\/tr><tr><td>Vitesse<\/td><td>30-50 sacs\/min<\/td><\/tr><tr><td>L'\u00e9paisseur du film plastique<\/td><td>1,0\u20142,2 um<\/td><\/tr><tr><td>Largeur de l'emballage<\/td><td>300mm<\/td><\/tr><tr><td>Hauteur d'emballage<\/td><td>\u226480mm&nbsp;&nbsp;<\/td><\/tr><tr><td>Vos exigences<\/td><td>Diam\u00e8tre : 5-6 mm, 100 pi\u00e8ces\/sac.<\/td><\/tr><tr><td>Taille<\/td><td>2300*1400*1450 &nbsp;&nbsp;<\/td><\/tr><tr><td>poids<\/td><td>350 kg<\/td><\/tr><tr><td>Appropri\u00e9<\/td><td>B\u00e2tons d'encens, pailles \u00e0 boisson, b\u00e2tons de barbecue,\u00a0etc.<\/td><\/tr><\/tbody><\/table><\/figure>    <figure class=\"wp-block-gallery has-nested-images columns-2 is-cropped wp-block-gallery-4 is-layout-flex wp-block-gallery-is-layout-flex\"> <figure class=\"wp-block-image size-large\"><img loading=\"lazy\" decoding=\"async\" width=\"720\" height=\"540\" data-id=\"147\" src=\"https:\/\/incensemachinery.com\/wp-content\/uploads\/2022\/08\/agarbatti-incense-stick-plants-in-Vietnam.webp\" alt=\"Plantes de b\u00e2tons d&#039;encens agarbatti au Vietnam\" class=\"wp-image-147\" srcset=\"https:\/\/incensemachinery.com\/wp-content\/uploads\/2022\/08\/agarbatti-incense-stick-plants-in-Vietnam.webp 720w, https:\/\/incensemachinery.com\/wp-content\/uploads\/2022\/08\/agarbatti-incense-stick-plants-in-Vietnam-300x225.webp 300w\" sizes=\"auto, (max-width: 720px) 100vw, 720px\" \/><figcaption>Plantes de b\u00e2tons d'encens agarbatti au Vietnam<\/figcaption><\/figure>    <figure class=\"wp-block-image size-large\"><img loading=\"lazy\" decoding=\"async\" width=\"720\" height=\"540\" data-id=\"148\" src=\"https:\/\/incensemachinery.com\/wp-content\/uploads\/2022\/08\/incense-machine-factory.webp\" alt=\"usine de machines \u00e0 encens\" class=\"wp-image-148\" srcset=\"https:\/\/incensemachinery.com\/wp-content\/uploads\/2022\/08\/incense-machine-factory.webp 720w, https:\/\/incensemachinery.com\/wp-content\/uploads\/2022\/08\/incense-machine-factory-300x225.webp 300w\" sizes=\"auto, (max-width: 720px) 100vw, 720px\" \/><figcaption>usine de machines \u00e0 encens<\/figcaption><\/figure>    <figure class=\"wp-block-image size-large\"><img loading=\"lazy\" decoding=\"async\" width=\"720\" height=\"540\" data-id=\"149\" src=\"https:\/\/incensemachinery.com\/wp-content\/uploads\/2022\/08\/stick-incense-making.webp\" alt=\"fabrication d&#039;encens en b\u00e2ton\" class=\"wp-image-149\" srcset=\"https:\/\/incensemachinery.com\/wp-content\/uploads\/2022\/08\/stick-incense-making.webp 720w, https:\/\/incensemachinery.com\/wp-content\/uploads\/2022\/08\/stick-incense-making-300x225.webp 300w\" sizes=\"auto, (max-width: 720px) 100vw, 720px\" \/><figcaption>fabrication d'encens en b\u00e2ton<\/figcaption><\/figure>    <figure class=\"wp-block-image size-large\"><img loading=\"lazy\" decoding=\"async\" width=\"720\" height=\"540\" data-id=\"150\" src=\"https:\/\/incensemachinery.com\/wp-content\/uploads\/2022\/08\/white-stick-incense-making.webp\" alt=\"fabrication d&#039;encens en b\u00e2ton blanc\" class=\"wp-image-150\" srcset=\"https:\/\/incensemachinery.com\/wp-content\/uploads\/2022\/08\/white-stick-incense-making.webp 720w, https:\/\/incensemachinery.com\/wp-content\/uploads\/2022\/08\/white-stick-incense-making-300x225.webp 300w\" sizes=\"auto, (max-width: 720px) 100vw, 720px\" \/><figcaption>fabrication d'encens en b\u00e2ton blanc<\/figcaption><\/figure> <\/figure>    <h2 class=\"wp-block-heading\">Caract\u00e9ristiques de la ligne de production d'encens en petits b\u00e2tons<\/h2>    <p>Cette usine de transformation de b\u00e2tonnets d'encens \u00e0 petite \u00e9chelle est une solution simple de production d'encens con\u00e7ue par notre usine Shuliy sur la base de la plupart des options de nos clients. Le faible co\u00fbt de cette ligne convient aux clients ayant un volume de traitement \u00e9lev\u00e9 mais un faible budget d'investissement. Cette ligne peut essentiellement r\u00e9pondre aux besoins du 70% des usines d'encens.<\/p>    <p>L'\u00e9quipement de cette ligne de traitement de b\u00e2tonnets d'agarbatti n'est qu'une conception de r\u00e9f\u00e9rence. Par exemple, si le client produit des b\u00e2tons d\u2019encens qui n\u2019ont pas besoin d\u2019\u00eatre emball\u00e9s, il n\u2019est pas n\u00e9cessaire d\u2019acheter une machine d\u2019emballage de b\u00e2tons d\u2019encens. Habituellement, notre usine est en mesure de personnaliser une solution adapt\u00e9e \u00e0 nos clients en fonction de leurs besoins de traitement et de leur budget d'investissement.<\/p>","protected":false},"excerpt":{"rendered":"<p>This small-scale stick incense production line is mainly used in medium and small incense factories that process incense sticks. The main equipment of this agarbatti stick processing plant includes the wood powder mixer, stick incense forming machine, and stick incense packaging machine. The processing line can process stick incense of different diameters and lengths. Main [&hellip;]<\/p>\n","protected":false},"author":1,"featured_media":139,"parent":0,"template":"","tags":[13],"product-type":[7],"class_list":["post-138","product","type-product","status-publish","has-post-thumbnail","hentry","tag-stick-incense","product-type-incense-stick-production-line"],"_links":{"self":[{"href":"https:\/\/incensemachinery.com\/fr\/wp-json\/wp\/v2\/product\/138","targetHints":{"allow":["GET"]}}],"collection":[{"href":"https:\/\/incensemachinery.com\/fr\/wp-json\/wp\/v2\/product"}],"about":[{"href":"https:\/\/incensemachinery.com\/fr\/wp-json\/wp\/v2\/types\/product"}],"author":[{"embeddable":true,"href":"https:\/\/incensemachinery.com\/fr\/wp-json\/wp\/v2\/users\/1"}],"wp:featuredmedia":[{"embeddable":true,"href":"https:\/\/incensemachinery.com\/fr\/wp-json\/wp\/v2\/media\/139"}],"wp:attachment":[{"href":"https:\/\/incensemachinery.com\/fr\/wp-json\/wp\/v2\/media?parent=138"}],"wp:term":[{"taxonomy":"post_tag","embeddable":true,"href":"https:\/\/incensemachinery.com\/fr\/wp-json\/wp\/v2\/tags?post=138"},{"taxonomy":"product-type","embeddable":true,"href":"https:\/\/incensemachinery.com\/fr\/wp-json\/wp\/v2\/product-type?post=138"}],"curies":[{"name":"wp","href":"https:\/\/api.w.org\/{rel}","templated":true}]}}