{"id":118,"date":"2022-08-03T10:43:01","date_gmt":"2022-08-03T10:43:01","guid":{"rendered":"https:\/\/incensemachinery.com\/?post_type=product&#038;p=118"},"modified":"2025-07-03T16:24:50","modified_gmt":"2025-07-03T08:24:50","slug":"thread-incense-making-machine","status":"publish","type":"product","link":"https:\/\/incensemachinery.com\/fr\/product\/thread-incense-making-machine\/","title":{"rendered":"Machine de fabrication d'encens | Machine \u00e0 encens \u00e0 fil"},"content":{"rendered":"<div class=\"kk-star-ratings kksr-auto kksr-align-left kksr-valign-top\"     data-payload='{&quot;align&quot;:&quot;left&quot;,&quot;id&quot;:&quot;118&quot;,&quot;slug&quot;:&quot;default&quot;,&quot;valign&quot;:&quot;top&quot;,&quot;ignore&quot;:&quot;&quot;,&quot;reference&quot;:&quot;auto&quot;,&quot;class&quot;:&quot;&quot;,&quot;count&quot;:&quot;14&quot;,&quot;legendonly&quot;:&quot;&quot;,&quot;readonly&quot;:&quot;&quot;,&quot;score&quot;:&quot;4.9&quot;,&quot;starsonly&quot;:&quot;&quot;,&quot;best&quot;:&quot;5&quot;,&quot;gap&quot;:&quot;5&quot;,&quot;greet&quot;:&quot;Rate this product&quot;,&quot;legend&quot;:&quot;4.9\\\/5 - (14 votes)&quot;,&quot;size&quot;:&quot;24&quot;,&quot;title&quot;:&quot;Incense Making Machine | Thread Incense Machine&quot;,&quot;width&quot;:&quot;139.6&quot;,&quot;_legend&quot;:&quot;{score}\\\/{best} - ({count} {votes})&quot;,&quot;font_factor&quot;:&quot;1.25&quot;}'>              <div class=\"kksr-stars\">      <div class=\"kksr-stars-inactive\">             <div class=\"kksr-star\" data-star=\"1\" style=\"padding-right: 5px\">               <div class=\"kksr-icon\" style=\"width: 24px; height: 24px;\"><\/div>         <\/div>             <div class=\"kksr-star\" data-star=\"2\" style=\"padding-right: 5px\">               <div class=\"kksr-icon\" style=\"width: 24px; height: 24px;\"><\/div>         <\/div>             <div class=\"kksr-star\" data-star=\"3\" style=\"padding-right: 5px\">               <div class=\"kksr-icon\" style=\"width: 24px; height: 24px;\"><\/div>         <\/div>             <div class=\"kksr-star\" data-star=\"4\" style=\"padding-right: 5px\">               <div class=\"kksr-icon\" style=\"width: 24px; height: 24px;\"><\/div>         <\/div>             <div class=\"kksr-star\" data-star=\"5\" style=\"padding-right: 5px\">               <div class=\"kksr-icon\" style=\"width: 24px; height: 24px;\"><\/div>         <\/div>     <\/div>      <div class=\"kksr-stars-active\" style=\"width: 139.6px;\">             <div class=\"kksr-star\" style=\"padding-right: 5px\">               <div class=\"kksr-icon\" style=\"width: 24px; height: 24px;\"><\/div>         <\/div>             <div class=\"kksr-star\" style=\"padding-right: 5px\">               <div class=\"kksr-icon\" style=\"width: 24px; height: 24px;\"><\/div>         <\/div>             <div class=\"kksr-star\" style=\"padding-right: 5px\">               <div class=\"kksr-icon\" style=\"width: 24px; height: 24px;\"><\/div>         <\/div>             <div class=\"kksr-star\" style=\"padding-right: 5px\">               <div class=\"kksr-icon\" style=\"width: 24px; height: 24px;\"><\/div>         <\/div>             <div class=\"kksr-star\" style=\"padding-right: 5px\">               <div class=\"kksr-icon\" style=\"width: 24px; height: 24px;\"><\/div>         <\/div>     <\/div> <\/div>                   <div class=\"kksr-legend\" style=\"font-size: 19.2px;\">             4,9\/5 - (14 votes)    <\/div>     <\/div>  <p class=\"translation-block\">Cette machine automatique \u00e0 fabriquer de l'encens peut \u00e9galement \u00eatre appel\u00e9e machine \u00e0 encens en b\u00e2ton, mais elle est principalement utilis\u00e9e pour fabriquer de l'encens sans b\u00e2ton de bambou. Cette machine \u00e0 encens en fil peut traiter diff\u00e9rents types de b\u00e2tons d'encens de diff\u00e9rents diam\u00e8tres et longueurs. L'encens produit par cette machine est g\u00e9n\u00e9ralement utilis\u00e9 comme <strong><a href=\"https:\/\/buddingbuddhist.com\/what-kind-of-incense-is-used-in-buddhist-temples\/\" target=\"_blank\" rel=\"noopener\">encens bouddhiste<\/a><\/strong> et b\u00e2tons d'encens d'int\u00e9rieur. En ajoutant diff\u00e9rentes couleurs au mat\u00e9riau brut, la machine peut \u00e9galement produire des b\u00e2tons d'encens color\u00e9s.<\/p>    <figure class=\"wp-block-gallery has-nested-images columns-default is-cropped wp-block-gallery-2 is-layout-flex wp-block-gallery-is-layout-flex\"> <figure class=\"wp-block-image size-large\"><img loading=\"lazy\" decoding=\"async\" width=\"720\" height=\"540\" data-id=\"124\" src=\"https:\/\/incensemachinery.com\/wp-content\/uploads\/2022\/08\/industrial-thread-incense-stick-machine.webp\" alt=\"machine industrielle de b\u00e2ton d&#039;encens de fil\" class=\"wp-image-124\" srcset=\"https:\/\/incensemachinery.com\/wp-content\/uploads\/2022\/08\/industrial-thread-incense-stick-machine.webp 720w, https:\/\/incensemachinery.com\/wp-content\/uploads\/2022\/08\/industrial-thread-incense-stick-machine-300x225.webp 300w\" sizes=\"auto, (max-width: 720px) 100vw, 720px\" \/><figcaption class=\"wp-element-caption\">machine industrielle de b\u00e2ton d'encens de fil<\/figcaption><\/figure>    <figure class=\"wp-block-image size-large\"><img loading=\"lazy\" decoding=\"async\" width=\"720\" height=\"540\" data-id=\"125\" src=\"https:\/\/incensemachinery.com\/wp-content\/uploads\/2022\/08\/thread-incense-stick.webp\" alt=\"b\u00e2ton d&#039;encens en fil\" class=\"wp-image-125\" srcset=\"https:\/\/incensemachinery.com\/wp-content\/uploads\/2022\/08\/thread-incense-stick.webp 720w, https:\/\/incensemachinery.com\/wp-content\/uploads\/2022\/08\/thread-incense-stick-300x225.webp 300w\" sizes=\"auto, (max-width: 720px) 100vw, 720px\" \/><figcaption class=\"wp-element-caption\">b\u00e2ton d'encens en fil<\/figcaption><\/figure> <\/figure>    <h2 class=\"wp-block-heading\" id=\"h-raw-materials-for-making-incense\">Mati\u00e8res premi\u00e8res pour fabriquer de l'encens<\/h2>    <p>Les mati\u00e8res premi\u00e8res de base pour le traitement de l'encens sont principalement de la poudre de bois plus fine (60-100 mesh), de la poudre collante, des pigments, des ar\u00f4mes, etc. Parmi eux, la poudre collante n'est pas le type de poudre de gomme utilis\u00e9e dans l'industrie, mais la poudre fabriqu\u00e9e \u00e0 partir de l'\u00e9corce, les branches, les feuilles et les racines des arbres \u00e9tant collantes. Cette poudre sera collante lorsqu'elle rencontrera de l'eau, elle est mucilagineuse et tr\u00e8s collante.<\/p>    <h2 class=\"wp-block-heading\" id=\"h-incense-with-stick-vs-incense-without-sticks\">Encens avec b\u00e2ton VS encens sans b\u00e2tons<\/h2>    <p class=\"translation-block\">Il existe deux types principaux de b\u00e2tons d'encens que nous voyons g\u00e9n\u00e9ralement, l'un avec un b\u00e2ton de bambou ou en bois et l'autre sans b\u00e2ton. En fait, il n'y a pas de diff\u00e9rence entre ces deux types d'encens en termes d'utilisation, mais seulement une l\u00e9g\u00e8re diff\u00e9rence d'apparence. Le <strong><a href=\"https:\/\/incensemachinery.com\/fr\/product\/agarbatti-incense-stick-machine\/?swcfpc=1\">b\u00e2ton d'encens avec un b\u00e2ton de bambou<\/a><\/strong> est facile \u00e0 ins\u00e9rer \u00e0 l'endroit o\u00f9 l'encens est allum\u00e9 et facile \u00e0 tenir. Celui sans b\u00e2ton doit g\u00e9n\u00e9ralement \u00eatre plac\u00e9 sur le br\u00fbleur d'encens.<\/p>    <figure class=\"wp-block-gallery has-nested-images columns-default is-cropped wp-block-gallery-3 is-layout-flex wp-block-gallery-is-layout-flex\"> <figure class=\"wp-block-image size-large\"><img loading=\"lazy\" decoding=\"async\" width=\"720\" height=\"540\" data-id=\"127\" src=\"https:\/\/incensemachinery.com\/wp-content\/uploads\/2022\/08\/stick-incense.webp\" alt=\"b\u00e2ton d&#039;encens\" class=\"wp-image-127\" srcset=\"https:\/\/incensemachinery.com\/wp-content\/uploads\/2022\/08\/stick-incense.webp 720w, https:\/\/incensemachinery.com\/wp-content\/uploads\/2022\/08\/stick-incense-300x225.webp 300w\" sizes=\"auto, (max-width: 720px) 100vw, 720px\" \/><figcaption class=\"wp-element-caption\">b\u00e2ton d'encens<\/figcaption><\/figure>    <figure class=\"wp-block-image size-large\"><img loading=\"lazy\" decoding=\"async\" width=\"720\" height=\"540\" data-id=\"128\" src=\"https:\/\/incensemachinery.com\/wp-content\/uploads\/2022\/08\/thread-incense-without-sticks.webp\" alt=\"fil d&#039;encens sans b\u00e2tons\" class=\"wp-image-128\" srcset=\"https:\/\/incensemachinery.com\/wp-content\/uploads\/2022\/08\/thread-incense-without-sticks.webp 720w, https:\/\/incensemachinery.com\/wp-content\/uploads\/2022\/08\/thread-incense-without-sticks-300x225.webp 300w\" sizes=\"auto, (max-width: 720px) 100vw, 720px\" \/><figcaption class=\"wp-element-caption\">fil d'encens sans b\u00e2tons<\/figcaption><\/figure> <\/figure>    <h2 class=\"wp-block-heading\" id=\"h-main-structure-of-thread-incense-making-machine\">Structure principale de la machine de fabrication d'encens \u00e0 fil<\/h2>    <p>La machine \u00e0 encens compl\u00e8te comprend une extrudeuse, trois convoyeurs (un convoyeur pour l'alimentation, un convoyeur avec couteaux et un convoyeur pour le transport) et une machine d'empilage. La taille de l'encens peut \u00eatre personnalis\u00e9e en fonction de la demande du client et les moules peuvent \u00e9galement \u00eatre modifi\u00e9s \u00e0 l'int\u00e9rieur pour produire diff\u00e9rentes formes ou diff\u00e9rents diam\u00e8tres d'encens final.<\/p>    <figure class=\"wp-block-gallery has-nested-images columns-default is-cropped wp-block-gallery-4 is-layout-flex wp-block-gallery-is-layout-flex\"> <figure class=\"wp-block-image size-large\"><img loading=\"lazy\" decoding=\"async\" width=\"720\" height=\"540\" data-id=\"130\" src=\"https:\/\/incensemachinery.com\/wp-content\/uploads\/2022\/08\/small-thread-incense-processing-line.webp\" alt=\"ligne de traitement d&#039;encens \u00e0 petits fils\" class=\"wp-image-130\" srcset=\"https:\/\/incensemachinery.com\/wp-content\/uploads\/2022\/08\/small-thread-incense-processing-line.webp 720w, https:\/\/incensemachinery.com\/wp-content\/uploads\/2022\/08\/small-thread-incense-processing-line-300x225.webp 300w\" sizes=\"auto, (max-width: 720px) 100vw, 720px\" \/><figcaption class=\"wp-element-caption\">ligne de traitement d'encens \u00e0 petits fils<\/figcaption><\/figure>    <figure class=\"wp-block-image size-large\"><img loading=\"lazy\" decoding=\"async\" width=\"720\" height=\"540\" data-id=\"134\" src=\"https:\/\/incensemachinery.com\/wp-content\/uploads\/2022\/08\/stick-incense-extruding-molds.webp\" alt=\"moules d&#039;extrusion d&#039;encens en b\u00e2ton\" class=\"wp-image-134\" srcset=\"https:\/\/incensemachinery.com\/wp-content\/uploads\/2022\/08\/stick-incense-extruding-molds.webp 720w, https:\/\/incensemachinery.com\/wp-content\/uploads\/2022\/08\/stick-incense-extruding-molds-300x225.webp 300w\" sizes=\"auto, (max-width: 720px) 100vw, 720px\" \/><figcaption class=\"wp-element-caption\">moules d'extrusion d'encens en b\u00e2ton<\/figcaption><\/figure> <\/figure>    <h2 class=\"wp-block-heading\" id=\"h-main-advantages-of-shuliy-stick-incense-machine\">Principaux avantages de la machine \u00e0 encens Shuliy stick<\/h2>    <ol class=\"wp-block-list\"> <li>Les machines \u00e0 encens Shuliy Factory sont disponibles en diff\u00e9rents mod\u00e8les. Dites-nous simplement le type et la taille de l'encens que vous souhaitez traiter, et nous vous recommanderons la machine \u00e0 encens la plus adapt\u00e9e et une solution compl\u00e8te de traitement de l'encens avec des performances \u00e9lev\u00e9es.<\/li>    <li>L'usine Shuliy insiste sur l'innovation et le d\u00e9veloppement, mettant constamment \u00e0 jour les \u00e9quipements de fabrication d'encens en fonction des commentaires des clients. Par cons\u00e9quent, notre usine peut personnaliser les solutions de traitement des b\u00e2tons d'encens adapt\u00e9es \u00e0 chaque client. Nous pouvons personnaliser le diam\u00e8tre, la longueur, la forme, le motif, le parfum, la teneur en cendres, le temps d\u2019allumage, le temps de combustion, etc. selon les besoins du client.<\/li> <\/ol>    <figure class=\"wp-block-gallery has-nested-images columns-2 is-cropped wp-block-gallery-5 is-layout-flex wp-block-gallery-is-layout-flex\"> <figure class=\"wp-block-image size-large\"><img loading=\"lazy\" decoding=\"async\" width=\"720\" height=\"540\" data-id=\"131\" src=\"https:\/\/incensemachinery.com\/wp-content\/uploads\/2022\/08\/incense-making-machine-packaing-and-shipping.webp\" alt=\"Machine de fabrication d&#039;encens, emballage et exp\u00e9dition\" class=\"wp-image-131\" srcset=\"https:\/\/incensemachinery.com\/wp-content\/uploads\/2022\/08\/incense-making-machine-packaing-and-shipping.webp 720w, https:\/\/incensemachinery.com\/wp-content\/uploads\/2022\/08\/incense-making-machine-packaing-and-shipping-300x225.webp 300w\" sizes=\"auto, (max-width: 720px) 100vw, 720px\" \/><figcaption class=\"wp-element-caption\">Machine de fabrication d'encens, emballage et exp\u00e9dition<\/figcaption><\/figure>    <figure class=\"wp-block-image size-large\"><img loading=\"lazy\" decoding=\"async\" width=\"720\" height=\"540\" data-id=\"132\" src=\"https:\/\/incensemachinery.com\/wp-content\/uploads\/2022\/08\/thread-incense-machine-shipment.webp\" alt=\"exp\u00e9dition de machine \u00e0 encens \u00e0 fil\" class=\"wp-image-132\" srcset=\"https:\/\/incensemachinery.com\/wp-content\/uploads\/2022\/08\/thread-incense-machine-shipment.webp 720w, https:\/\/incensemachinery.com\/wp-content\/uploads\/2022\/08\/thread-incense-machine-shipment-300x225.webp 300w\" sizes=\"auto, (max-width: 720px) 100vw, 720px\" \/><figcaption class=\"wp-element-caption\">exp\u00e9dition de machine \u00e0 encens \u00e0 fil<\/figcaption><\/figure>    <figure class=\"wp-block-image size-large\"><img loading=\"lazy\" decoding=\"async\" width=\"720\" height=\"540\" data-id=\"120\" src=\"https:\/\/incensemachinery.com\/wp-content\/uploads\/2022\/08\/complete-thread-incense-machine.webp\" alt=\"machine \u00e0 encens \u00e0 fil compl\u00e8te\" class=\"wp-image-120\" srcset=\"https:\/\/incensemachinery.com\/wp-content\/uploads\/2022\/08\/complete-thread-incense-machine.webp 720w, https:\/\/incensemachinery.com\/wp-content\/uploads\/2022\/08\/complete-thread-incense-machine-300x225.webp 300w\" sizes=\"auto, (max-width: 720px) 100vw, 720px\" \/><figcaption class=\"wp-element-caption\">machine \u00e0 encens \u00e0 fil compl\u00e8te<\/figcaption><\/figure>    <figure class=\"wp-block-image size-large\"><img loading=\"lazy\" decoding=\"async\" width=\"720\" height=\"540\" data-id=\"121\" src=\"https:\/\/incensemachinery.com\/wp-content\/uploads\/2022\/08\/incense-making-machine-for-sale.webp\" alt=\"machine de fabrication d&#039;encens \u00e0 vendre\" class=\"wp-image-121\" srcset=\"https:\/\/incensemachinery.com\/wp-content\/uploads\/2022\/08\/incense-making-machine-for-sale.webp 720w, https:\/\/incensemachinery.com\/wp-content\/uploads\/2022\/08\/incense-making-machine-for-sale-300x225.webp 300w\" sizes=\"auto, (max-width: 720px) 100vw, 720px\" \/><figcaption class=\"wp-element-caption\">machine de fabrication d'encens \u00e0 vendre<\/figcaption><\/figure> <\/figure>    <h2 class=\"wp-block-heading\" id=\"h-how-to-dry-the-incense-sticks\">Comment s\u00e9cher les b\u00e2tons d'encens ?<\/h2>    <p class=\"translation-block\">L'encens en fil est mou lorsqu'il est fra\u00eechement fabriqu\u00e9 car il contient une certaine quantit\u00e9 d'eau, et il est facile de le plier et de le casser. Par cons\u00e9quent, afin d'\u00e9viter la d\u00e9formation des b\u00e2tons d'encens, nous devons g\u00e9n\u00e9ralement utiliser des plateaux pour s\u00e9cher l'encens coup\u00e9, et le s\u00e9chage des b\u00e2tons d'encens peut se faire naturellement ou en utilisant une <strong><a href=\"https:\/\/dryingplant.com\/\" target=\"_blank\" rel=\"noopener\">machine \u00e0 s\u00e9cher<\/a><\/strong>. Notre usine peut fournir des \u00e9quipements de s\u00e9chage pour le s\u00e9chage continu des b\u00e2tons d'encens.<\/p>    <p>La m\u00e9thode de s\u00e9chage naturel est plus courante. Il est toutefois important de noter que le s\u00e9chage naturel de l'encens fil ne doit pas se faire directement au soleil, mais dans un endroit frais et a\u00e9r\u00e9. En effet, les b\u00e2tons d\u2019encens plac\u00e9s au soleil seront chauff\u00e9s de mani\u00e8re in\u00e9gale et se plieront et se fissureront.<\/p>    <figure class=\"wp-block-gallery has-nested-images columns-default is-cropped wp-block-gallery-6 is-layout-flex wp-block-gallery-is-layout-flex\"> <figure class=\"wp-block-image size-full\"><img loading=\"lazy\" decoding=\"async\" width=\"720\" height=\"540\" data-id=\"165\" src=\"https:\/\/incensemachinery.com\/wp-content\/uploads\/2022\/08\/thread-incense-processing.webp\" alt=\"\" class=\"wp-image-165\" srcset=\"https:\/\/incensemachinery.com\/wp-content\/uploads\/2022\/08\/thread-incense-processing.webp 720w, https:\/\/incensemachinery.com\/wp-content\/uploads\/2022\/08\/thread-incense-processing-300x225.webp 300w\" sizes=\"auto, (max-width: 720px) 100vw, 720px\" \/><figcaption class=\"wp-element-caption\">encens \u00e9pais<\/figcaption><\/figure>    <figure class=\"wp-block-image size-large\"><img loading=\"lazy\" decoding=\"async\" width=\"540\" height=\"720\" data-id=\"136\" src=\"https:\/\/incensemachinery.com\/wp-content\/uploads\/2022\/08\/thin-thread-incense-sticks.webp\" alt=\"b\u00e2tons d&#039;encens \u00e0 fil fin\" class=\"wp-image-136\" srcset=\"https:\/\/incensemachinery.com\/wp-content\/uploads\/2022\/08\/thin-thread-incense-sticks.webp 540w, https:\/\/incensemachinery.com\/wp-content\/uploads\/2022\/08\/thin-thread-incense-sticks-225x300.webp 225w\" sizes=\"auto, (max-width: 540px) 100vw, 540px\" \/><figcaption class=\"wp-element-caption\">b\u00e2tons d'encens \u00e0 fil fin<\/figcaption><\/figure> <\/figure>    <h2 class=\"wp-block-heading\" id=\"h-parameters-of-incense-making-machine\">Param\u00e8tres de la machine de fabrication d'encens<\/h2>    <figure class=\"wp-block-table\"><table><tbody><tr><td>Mod\u00e8le<\/td><td>SL-ZX-4<\/td><\/tr><tr><td>Capacit\u00e9<\/td><td>1000kg par jour<\/td><\/tr><tr><td>Pouvoir<\/td><td>5,5 kW<\/td><\/tr><tr><td>Tension<\/td><td>380V<\/td><\/tr><tr><td>Taille du produit final<\/td><td>Diam\u00e8tre (1-5 mm) * 1,25 m<\/td><\/tr><tr><td>Taille de la machine<\/td><td>8*3.5*2m<\/td><\/tr><\/tbody><\/table><\/figure>    <h2 class=\"wp-block-heading\">Vid\u00e9o de la machine \u00e0 fabriquer des b\u00e2tons d'encens \u00e0 fil<\/h2>    <figure class=\"wp-block-embed is-type-video is-provider-youtube wp-block-embed-youtube wp-embed-aspect-16-9 wp-has-aspect-ratio\"><div class=\"wp-block-embed__wrapper\"> <iframe loading=\"lazy\" title=\"Machine de fabrication de b\u00e2tons d&#039;encens \u00e0 fil | Ligne de production continue de b\u00e2tons d&#039;encens #incense\" width=\"500\" height=\"281\" src=\"https:\/\/www.youtube.com\/embed\/ZD-PTHOlQ9I?feature=oembed\" frameborder=\"0\" allow=\"accelerometer; autoplay; clipboard-write; encrypted-media; gyroscope; picture-in-picture; web-share\" referrerpolicy=\"strict-origin-when-cross-origin\" allowfullscreen><\/iframe> <\/div><\/figure>","protected":false},"excerpt":{"rendered":"<p>This automatic incense making machine can also be called a stick incense machine, but it is mainly used to make incense without bamboo sticks. This thread incense machine can process various types of incense sticks of different diameters and lengths. The incense produced by this machine is usually used as Buddhist incense and indoor incense [&hellip;]<\/p>\n","protected":false},"author":1,"featured_media":119,"parent":0,"template":"","tags":[13],"product-type":[4],"class_list":["post-118","product","type-product","status-publish","has-post-thumbnail","hentry","tag-stick-incense","product-type-incense-making-machine"],"_links":{"self":[{"href":"https:\/\/incensemachinery.com\/fr\/wp-json\/wp\/v2\/product\/118","targetHints":{"allow":["GET"]}}],"collection":[{"href":"https:\/\/incensemachinery.com\/fr\/wp-json\/wp\/v2\/product"}],"about":[{"href":"https:\/\/incensemachinery.com\/fr\/wp-json\/wp\/v2\/types\/product"}],"author":[{"embeddable":true,"href":"https:\/\/incensemachinery.com\/fr\/wp-json\/wp\/v2\/users\/1"}],"wp:featuredmedia":[{"embeddable":true,"href":"https:\/\/incensemachinery.com\/fr\/wp-json\/wp\/v2\/media\/119"}],"wp:attachment":[{"href":"https:\/\/incensemachinery.com\/fr\/wp-json\/wp\/v2\/media?parent=118"}],"wp:term":[{"taxonomy":"post_tag","embeddable":true,"href":"https:\/\/incensemachinery.com\/fr\/wp-json\/wp\/v2\/tags?post=118"},{"taxonomy":"product-type","embeddable":true,"href":"https:\/\/incensemachinery.com\/fr\/wp-json\/wp\/v2\/product-type?post=118"}],"curies":[{"name":"wp","href":"https:\/\/api.w.org\/{rel}","templated":true}]}}