{"id":23,"date":"2022-08-02T10:17:01","date_gmt":"2022-08-02T10:17:01","guid":{"rendered":"https:\/\/incensemachinery.com\/?page_id=23"},"modified":"2025-08-13T17:19:29","modified_gmt":"2025-08-13T09:19:29","slug":"contact-us","status":"publish","type":"page","link":"https:\/\/incensemachinery.com\/fr\/contact-us\/","title":{"rendered":"Contactez-nous"},"content":{"rendered":"<p>Zhengzhou Shuliy Machinery Equipment Co., Ltd. est sp\u00e9cialis\u00e9e dans la recherche, la fabrication et l'exportation de machines \u00e0 fabriquer de l'encens de haute qualit\u00e9 et d'\u00e9quipements de production associ\u00e9s. Avec plus d'une d\u00e9cennie d'exp\u00e9rience dans l'industrie de la machinerie, nous nous engageons \u00e0 fournir des solutions efficaces, fiables et rentables pour les entreprises de production d'encens dans le monde entier.<\/p>    <p>Nos produits sont con\u00e7us pour am\u00e9liorer l'efficacit\u00e9 de la production, r\u00e9duire les co\u00fbts de main-d'\u0153uvre et garantir une qualit\u00e9 constante, aidant ainsi les clients \u00e0 accro\u00eetre leur rentabilit\u00e9 et leur comp\u00e9titivit\u00e9 sur le march\u00e9. Les machines Shuliy ont \u00e9t\u00e9 export\u00e9es dans plus de 50 pays, acqu\u00e9rant une solide r\u00e9putation pour leurs excellentes performances, leur durabilit\u00e9 et leur facilit\u00e9 d'utilisation.<\/p>    <p>Nous adh\u00e9rons au principe \u00ab Le client d'abord \u00bb, offrant un support complet, de la consultation avant-vente, des solutions personnalis\u00e9es et une livraison rapide, \u00e0 un service apr\u00e8s-vente complet incluant l'installation, la formation et la maintenance.<\/p>    <p>Votre production, notre engagement \u2014 Shuliy est votre partenaire de confiance dans l'industrie de l'encens.<\/p>    <p class=\"translation-block\"><strong>Coordonn\u00e9es ci-dessous<\/strong><\/p>    <p>WhatsApp \/ WeChat \/ T\u00e9l : +86 19139754781<\/p>    <p>Courriel\u00a0: info@incensemachinery.com<\/p>    <h2 class=\"wp-block-heading alignwide has-text-align-left\" style=\"font-size:30px\">Nous Offrons<\/h2>    <div class=\"wp-block-media-text alignwide is-stacked-on-mobile\"><figure class=\"wp-block-media-text__media\"><img loading=\"lazy\" decoding=\"async\" width=\"720\" height=\"540\" src=\"https:\/\/incensemachinery.com\/wp-content\/uploads\/2025\/08\/South-African-customers-visit.webp\" alt=\"Visite de clients sud-africains\" class=\"wp-image-520 size-full\" srcset=\"https:\/\/incensemachinery.com\/wp-content\/uploads\/2025\/08\/South-African-customers-visit.webp 720w, https:\/\/incensemachinery.com\/wp-content\/uploads\/2025\/08\/South-African-customers-visit-300x225.webp 300w, https:\/\/incensemachinery.com\/wp-content\/uploads\/2025\/08\/South-African-customers-visit-16x12.webp 16w\" sizes=\"auto, (max-width: 720px) 100vw, 720px\" \/><\/figure><div class=\"wp-block-media-text__content\"> <p>Service de visite vid\u00e9o de l'usine : Si vous ne pouvez pas visiter la Chine, notre personnel de vente professionnel vous fournira un service complet de visite vid\u00e9o de l'usine. Vous pourrez consulter des informations d\u00e9taill\u00e9es sur les machines, leurs m\u00e9thodes de fonctionnement et l'environnement de l'usine.<\/p> <\/div><\/div>    <div class=\"wp-block-media-text alignwide has-media-on-the-right is-stacked-on-mobile\"><div class=\"wp-block-media-text__content\"> <p>Service de prise en charge \u00e0 l'a\u00e9roport : Notre ville dispose d'un grand a\u00e9roport international, ce qui vous permet de nous joindre facilement. Bien s\u00fbr, nous offrons un service de prise en charge \u00e0 l'a\u00e9roport.<\/p> <\/div><figure class=\"wp-block-media-text__media\"><img loading=\"lazy\" decoding=\"async\" width=\"720\" height=\"540\" src=\"https:\/\/incensemachinery.com\/wp-content\/uploads\/2025\/08\/Turkish-customers-visit.webp\" alt=\"Visite de clients turcs\" class=\"wp-image-522 size-full\" srcset=\"https:\/\/incensemachinery.com\/wp-content\/uploads\/2025\/08\/Turkish-customers-visit.webp 720w, https:\/\/incensemachinery.com\/wp-content\/uploads\/2025\/08\/Turkish-customers-visit-300x225.webp 300w, https:\/\/incensemachinery.com\/wp-content\/uploads\/2025\/08\/Turkish-customers-visit-16x12.webp 16w\" sizes=\"auto, (max-width: 720px) 100vw, 720px\" \/><\/figure><\/div>    <div class=\"wp-block-media-text alignwide is-stacked-on-mobile\"><figure class=\"wp-block-media-text__media\"><img loading=\"lazy\" decoding=\"async\" width=\"720\" height=\"540\" src=\"https:\/\/incensemachinery.com\/wp-content\/uploads\/2025\/08\/Yemeni-customers-visit.webp\" alt=\"Visite de clients y\u00e9m\u00e9nites\" class=\"wp-image-523 size-full\" srcset=\"https:\/\/incensemachinery.com\/wp-content\/uploads\/2025\/08\/Yemeni-customers-visit.webp 720w, https:\/\/incensemachinery.com\/wp-content\/uploads\/2025\/08\/Yemeni-customers-visit-300x225.webp 300w, https:\/\/incensemachinery.com\/wp-content\/uploads\/2025\/08\/Yemeni-customers-visit-16x12.webp 16w\" sizes=\"auto, (max-width: 720px) 100vw, 720px\" \/><\/figure><div class=\"wp-block-media-text__content\"> <p>Service de visite d'usine : Nous pouvons emmener les clients visiter l'usine. Vous pouvez poser toutes les questions que vous pourriez avoir sur les machines.<\/p> <\/div><\/div>    <figure class=\"wp-block-gallery alignwide has-nested-images columns-default is-cropped wp-block-gallery-2 is-layout-flex wp-block-gallery-is-layout-flex\"> <figure class=\"wp-block-image size-large\"><img loading=\"lazy\" decoding=\"async\" width=\"720\" height=\"540\" data-id=\"521\" src=\"https:\/\/incensemachinery.com\/wp-content\/uploads\/2025\/08\/Spanish-customers-visit.webp\" alt=\"Visite de clients espagnols\" class=\"wp-image-521\" srcset=\"https:\/\/incensemachinery.com\/wp-content\/uploads\/2025\/08\/Spanish-customers-visit.webp 720w, https:\/\/incensemachinery.com\/wp-content\/uploads\/2025\/08\/Spanish-customers-visit-300x225.webp 300w, https:\/\/incensemachinery.com\/wp-content\/uploads\/2025\/08\/Spanish-customers-visit-16x12.webp 16w\" sizes=\"auto, (max-width: 720px) 100vw, 720px\" \/><\/figure>    <figure class=\"wp-block-image size-large\"><img loading=\"lazy\" decoding=\"async\" width=\"720\" height=\"540\" data-id=\"518\" src=\"https:\/\/incensemachinery.com\/wp-content\/uploads\/2025\/08\/Nigerian-customers-visit.webp\" alt=\"Visite de clients nig\u00e9rians\" class=\"wp-image-518\" srcset=\"https:\/\/incensemachinery.com\/wp-content\/uploads\/2025\/08\/Nigerian-customers-visit.webp 720w, https:\/\/incensemachinery.com\/wp-content\/uploads\/2025\/08\/Nigerian-customers-visit-300x225.webp 300w, https:\/\/incensemachinery.com\/wp-content\/uploads\/2025\/08\/Nigerian-customers-visit-16x12.webp 16w\" sizes=\"auto, (max-width: 720px) 100vw, 720px\" \/><\/figure>    <figure class=\"wp-block-image size-large\"><img loading=\"lazy\" decoding=\"async\" width=\"720\" height=\"540\" data-id=\"517\" src=\"https:\/\/incensemachinery.com\/wp-content\/uploads\/2025\/08\/Kenyan-customers-visit.webp\" alt=\"Visite de clients kenyans\" class=\"wp-image-517\" srcset=\"https:\/\/incensemachinery.com\/wp-content\/uploads\/2025\/08\/Kenyan-customers-visit.webp 720w, https:\/\/incensemachinery.com\/wp-content\/uploads\/2025\/08\/Kenyan-customers-visit-300x225.webp 300w, https:\/\/incensemachinery.com\/wp-content\/uploads\/2025\/08\/Kenyan-customers-visit-16x12.webp 16w\" sizes=\"auto, (max-width: 720px) 100vw, 720px\" \/><\/figure> <\/figure>","protected":false},"excerpt":{"rendered":"<p>Zhengzhou Shuliy Machinery Equipment Co., Ltd. specializes in the research, manufacturing, and export of high-quality incense making machines and related production equipment. With over a decade of experience in the machinery industry, we are committed to providing efficient, reliable, and cost-effective solutions for incense production businesses worldwide. Our products are designed to enhance production efficiency, [&hellip;]<\/p>\n","protected":false},"author":1,"featured_media":0,"parent":0,"menu_order":0,"comment_status":"closed","ping_status":"closed","template":"","meta":{"footnotes":""},"class_list":["post-23","page","type-page","status-publish","hentry"],"_links":{"self":[{"href":"https:\/\/incensemachinery.com\/fr\/wp-json\/wp\/v2\/pages\/23","targetHints":{"allow":["GET"]}}],"collection":[{"href":"https:\/\/incensemachinery.com\/fr\/wp-json\/wp\/v2\/pages"}],"about":[{"href":"https:\/\/incensemachinery.com\/fr\/wp-json\/wp\/v2\/types\/page"}],"author":[{"embeddable":true,"href":"https:\/\/incensemachinery.com\/fr\/wp-json\/wp\/v2\/users\/1"}],"replies":[{"embeddable":true,"href":"https:\/\/incensemachinery.com\/fr\/wp-json\/wp\/v2\/comments?post=23"}],"version-history":[{"count":0,"href":"https:\/\/incensemachinery.com\/fr\/wp-json\/wp\/v2\/pages\/23\/revisions"}],"wp:attachment":[{"href":"https:\/\/incensemachinery.com\/fr\/wp-json\/wp\/v2\/media?parent=23"}],"curies":[{"name":"wp","href":"https:\/\/api.w.org\/{rel}","templated":true}]}}