{"id":21,"date":"2022-08-02T10:16:40","date_gmt":"2022-08-02T10:16:40","guid":{"rendered":"https:\/\/incensemachinery.com\/?page_id=21"},"modified":"2026-04-17T16:54:53","modified_gmt":"2026-04-17T08:54:53","slug":"about-us","status":"publish","type":"page","link":"https:\/\/incensemachinery.com\/fr\/about-us\/","title":{"rendered":"\u00c0 propos de nous"},"content":{"rendered":"<p>Shuliy est un fabricant professionnel avec plus de 10 ans d'exp\u00e9rience sp\u00e9cialis\u00e9 dans la conception, la R&amp;D, la production, la vente et le service apr\u00e8s-vente de machines \u00e0 encens, lignes de production automatiques d'encens, et \u00e9quipements de traitement connexes.<\/p>    <p>Nos produits couvrent des machines \u00e0 encens pour usage domestique, des lignes de production semi-automatiques et enti\u00e8rement automatiques, adapt\u00e9es \u00e0 la production d'encens bouddhiste, d'encens en b\u00e2ton, en ligne, en bobine, d'encens aromatique et de divers encens de forme sp\u00e9ciale.<\/p>    <p>Gr\u00e2ce \u00e0 une technologie mature, une performance stable et un prix raisonnable, nos machines \u00e0 encens ont \u00e9t\u00e9 export\u00e9es vers plus de 30 pays et r\u00e9gions en Asie du Sud-Est, au Moyen-Orient, en Afrique et sur d'autres march\u00e9s, et sont largement reconnues par les clients.<\/p>    <figure class=\"wp-block-gallery has-nested-images columns-default is-cropped wp-block-gallery-2 is-layout-flex wp-block-gallery-is-layout-flex\"> <figure class=\"wp-block-image size-large\"><img loading=\"lazy\" decoding=\"async\" width=\"720\" height=\"540\" data-id=\"518\" src=\"https:\/\/incensemachinery.com\/wp-content\/uploads\/2025\/08\/Nigerian-customers-visit.webp\" alt=\"Visite de clients nig\u00e9rians\" class=\"wp-image-518\" srcset=\"https:\/\/incensemachinery.com\/wp-content\/uploads\/2025\/08\/Nigerian-customers-visit.webp 720w, https:\/\/incensemachinery.com\/wp-content\/uploads\/2025\/08\/Nigerian-customers-visit-300x225.webp 300w, https:\/\/incensemachinery.com\/wp-content\/uploads\/2025\/08\/Nigerian-customers-visit-16x12.webp 16w\" sizes=\"auto, (max-width: 720px) 100vw, 720px\" \/><figcaption class=\"wp-element-caption\">Visite de clients nig\u00e9rians<\/figcaption><\/figure>    <figure class=\"wp-block-image size-large\"><img loading=\"lazy\" decoding=\"async\" width=\"720\" height=\"540\" data-id=\"520\" src=\"https:\/\/incensemachinery.com\/wp-content\/uploads\/2025\/08\/South-African-customers-visit.webp\" alt=\"Visite de clients sud-africains\" class=\"wp-image-520\" srcset=\"https:\/\/incensemachinery.com\/wp-content\/uploads\/2025\/08\/South-African-customers-visit.webp 720w, https:\/\/incensemachinery.com\/wp-content\/uploads\/2025\/08\/South-African-customers-visit-300x225.webp 300w, https:\/\/incensemachinery.com\/wp-content\/uploads\/2025\/08\/South-African-customers-visit-16x12.webp 16w\" sizes=\"auto, (max-width: 720px) 100vw, 720px\" \/><figcaption class=\"wp-element-caption\">Visite de clients sud-africains<\/figcaption><\/figure>    <figure class=\"wp-block-image size-large\"><img loading=\"lazy\" decoding=\"async\" width=\"720\" height=\"540\" data-id=\"523\" src=\"https:\/\/incensemachinery.com\/wp-content\/uploads\/2025\/08\/Yemeni-customers-visit.webp\" alt=\"Visite de clients y\u00e9m\u00e9nites\" class=\"wp-image-523\" srcset=\"https:\/\/incensemachinery.com\/wp-content\/uploads\/2025\/08\/Yemeni-customers-visit.webp 720w, https:\/\/incensemachinery.com\/wp-content\/uploads\/2025\/08\/Yemeni-customers-visit-300x225.webp 300w, https:\/\/incensemachinery.com\/wp-content\/uploads\/2025\/08\/Yemeni-customers-visit-16x12.webp 16w\" sizes=\"auto, (max-width: 720px) 100vw, 720px\" \/><figcaption class=\"wp-element-caption\">Visite de clients y\u00e9m\u00e9nites<\/figcaption><\/figure> <\/figure>    <h2 class=\"wp-block-heading\">Nos forces principales<\/h2>    <p class=\"translation-block\"><strong>Plus de 10 ans d'exp\u00e9rience en usine professionnelle<\/strong><\/p>    <p>Focalis\u00e9 sur la R&amp;D et la fabrication de machines \u00e0 encens, processus mature, et qualit\u00e9 stable.<\/p>    <p class=\"translation-block\"><strong>Enti\u00e8rement automatique et haute efficacit\u00e9<\/strong><\/p>    <p>Int\u00e9grer l'alimentation, le m\u00e9lange, l'extrusion, le fa\u00e7onnage et la coupe ; 1 \u00e0 2 travailleurs peuvent faire fonctionner une ligne, avec une production allant jusqu'\u00e0 200\u2013800 kg\/h.<\/p>    <p class=\"translation-block\"><strong>Polyvalent et \u00e0 large application<\/strong><\/p>    <p>Supporte l'encens bouddhiste, l'encens en b\u00e2ton, l'encens en ligne, l'encens en bobine, et les moules personnalis\u00e9s.<\/p>    <p class=\"translation-block\"><strong>Performance stable et faible taux de d\u00e9faillance<\/strong><\/p>    <p>Cadre en acier robuste, moteurs de marque c\u00e9l\u00e8bre, contr\u00f4le qualit\u00e9 strict, et longue dur\u00e9e de vie.<\/p>    <figure class=\"wp-block-gallery has-nested-images columns-default is-cropped wp-block-gallery-3 is-layout-flex wp-block-gallery-is-layout-flex\"> <figure class=\"wp-block-image size-large\"><img loading=\"lazy\" decoding=\"async\" width=\"720\" height=\"540\" data-id=\"605\" src=\"https:\/\/incensemachinery.com\/wp-content\/uploads\/2025\/11\/Backflow-Incense-Burner.webp\" alt=\"Br\u00fbleur d&#039;encens \u00e0 reflux\" class=\"wp-image-605\" srcset=\"https:\/\/incensemachinery.com\/wp-content\/uploads\/2025\/11\/Backflow-Incense-Burner.webp 720w, https:\/\/incensemachinery.com\/wp-content\/uploads\/2025\/11\/Backflow-Incense-Burner-300x225.webp 300w, https:\/\/incensemachinery.com\/wp-content\/uploads\/2025\/11\/Backflow-Incense-Burner-16x12.webp 16w\" sizes=\"auto, (max-width: 720px) 100vw, 720px\" \/><figcaption class=\"wp-element-caption\">Br\u00fbleur d'encens \u00e0 reflux<\/figcaption><\/figure>    <figure class=\"wp-block-image size-large\"><img loading=\"lazy\" decoding=\"async\" width=\"720\" height=\"540\" data-id=\"615\" src=\"https:\/\/incensemachinery.com\/wp-content\/uploads\/2026\/02\/Backflow-Incense-Machine.webp\" alt=\"Machine \u00e0 encens \u00e0 reflux\" class=\"wp-image-615\" srcset=\"https:\/\/incensemachinery.com\/wp-content\/uploads\/2026\/02\/Backflow-Incense-Machine.webp 720w, https:\/\/incensemachinery.com\/wp-content\/uploads\/2026\/02\/Backflow-Incense-Machine-300x225.webp 300w, https:\/\/incensemachinery.com\/wp-content\/uploads\/2026\/02\/Backflow-Incense-Machine-16x12.webp 16w\" sizes=\"auto, (max-width: 720px) 100vw, 720px\" \/><figcaption class=\"wp-element-caption\">Machine \u00e0 encens \u00e0 reflux<\/figcaption><\/figure> <\/figure>    <h2 class=\"wp-block-heading\">Services de personnalisation<\/h2>    <p>Nous comprenons que chaque client a des exigences de production uniques, notamment la capacit\u00e9 de production, le type d'encens, les caract\u00e9ristiques des mati\u00e8res premi\u00e8res (telles que la poudre de bois, la poudre de bambou et la poudre de charbon de bois), et les conditions du site. C\u2019est pourquoi nous proposons des services de personnalisation complets pour adapter nos machines \u00e0 encens \u00e0 vos besoins sp\u00e9cifiques. <\/p>    <p>Notre \u00e9quipe exp\u00e9riment\u00e9e travaille en \u00e9troite collaboration avec vous pour comprendre vos objectifs de production, contraintes budg\u00e9taires, et normes de produit, puis con\u00e7oit et fabrique des machines qui r\u00e9pondent pr\u00e9cis\u00e9ment \u00e0 vos sp\u00e9cifications.<\/p>    <p>Que vous ayez besoin de modifications d'un mod\u00e8le existant, de remplacement de moules pour produire diff\u00e9rents types d'encens, ou d'une ligne de production automatique enti\u00e8rement personnalis\u00e9e, nous avons la technologie et l'exp\u00e9rience pour transformer votre vision en r\u00e9alit\u00e9, vous aidant \u00e0 atteindre une production personnalis\u00e9e et efficace.<\/p>    <figure class=\"wp-block-gallery has-nested-images columns-default is-cropped wp-block-gallery-4 is-layout-flex wp-block-gallery-is-layout-flex\"> <figure class=\"wp-block-image size-large\"><img loading=\"lazy\" decoding=\"async\" width=\"540\" height=\"720\" data-id=\"601\" src=\"https:\/\/incensemachinery.com\/wp-content\/uploads\/2025\/10\/Workers-manufacturing-fans.webp\" alt=\"Travailleurs fabriquant des ventilateurs\" class=\"wp-image-601\" srcset=\"https:\/\/incensemachinery.com\/wp-content\/uploads\/2025\/10\/Workers-manufacturing-fans.webp 540w, https:\/\/incensemachinery.com\/wp-content\/uploads\/2025\/10\/Workers-manufacturing-fans-225x300.webp 225w, https:\/\/incensemachinery.com\/wp-content\/uploads\/2025\/10\/Workers-manufacturing-fans-9x12.webp 9w\" sizes=\"auto, (max-width: 540px) 100vw, 540px\" \/><figcaption class=\"wp-element-caption\">Travailleurs fabriquant des ventilateurs<\/figcaption><\/figure>    <figure class=\"wp-block-image size-large\"><img loading=\"lazy\" decoding=\"async\" width=\"540\" height=\"720\" data-id=\"584\" src=\"https:\/\/incensemachinery.com\/wp-content\/uploads\/2025\/09\/Blower-fan.webp\" alt=\"Vanne d\u2019\u00e9vent\" class=\"wp-image-584\" srcset=\"https:\/\/incensemachinery.com\/wp-content\/uploads\/2025\/09\/Blower-fan.webp 540w, https:\/\/incensemachinery.com\/wp-content\/uploads\/2025\/09\/Blower-fan-225x300.webp 225w, https:\/\/incensemachinery.com\/wp-content\/uploads\/2025\/09\/Blower-fan-9x12.webp 9w\" sizes=\"auto, (max-width: 540px) 100vw, 540px\" \/><figcaption class=\"wp-element-caption\">Vanne d\u2019\u00e9vent<\/figcaption><\/figure>    <figure class=\"wp-block-image size-large\"><img loading=\"lazy\" decoding=\"async\" width=\"540\" height=\"720\" data-id=\"596\" src=\"https:\/\/incensemachinery.com\/wp-content\/uploads\/2025\/10\/Incense-Drying-Cart.webp\" alt=\"Chariot de s\u00e9chage d\u2019encens\" class=\"wp-image-596\" srcset=\"https:\/\/incensemachinery.com\/wp-content\/uploads\/2025\/10\/Incense-Drying-Cart.webp 540w, https:\/\/incensemachinery.com\/wp-content\/uploads\/2025\/10\/Incense-Drying-Cart-225x300.webp 225w, https:\/\/incensemachinery.com\/wp-content\/uploads\/2025\/10\/Incense-Drying-Cart-9x12.webp 9w\" sizes=\"auto, (max-width: 540px) 100vw, 540px\" \/><figcaption class=\"wp-element-caption\">Chariot de s\u00e9chage d\u2019encens<\/figcaption><\/figure> <\/figure>    <h2 class=\"wp-block-heading\">Support client<\/h2>    <p>Chez Shuliy Machinery, nous croyons en un support client exceptionnel qui traverse tout le processus de coop\u00e9ration. Notre \u00e9quipe d\u00e9di\u00e9e est disponible 24\/7 pour r\u00e9pondre \u00e0 vos questions, offrir des conseils techniques professionnels et fournir des solutions rapides \u00e0 toutes vos pr\u00e9occupations lors de l'utilisation de l'\u00e9quipement.<\/p>    <p>Nous proposons des services d'installation sur site, de mise en service et de formation des op\u00e9rateurs pour vous aider \u00e0 ma\u00eetriser rapidement les comp\u00e9tences d'exploitation de l'\u00e9quipement. De plus, nous assurons un support de maintenance apr\u00e8s-vente \u00e0 long terme et la fourniture de pi\u00e8ces de rechange, garantissant que votre production fonctionne sans interruption. <\/p>    <p>Nous valorisons la satisfaction de nos clients et nous effor\u00e7ons de d\u00e9passer leurs attentes \u00e0 chaque \u00e9tape, en construisant des relations durables bas\u00e9es sur la confiance, la transparence et la fiabilit\u00e9.<\/p>    <figure class=\"wp-block-gallery has-nested-images columns-default is-cropped wp-block-gallery-5 is-layout-flex wp-block-gallery-is-layout-flex\"> <figure class=\"wp-block-image size-large\"><img loading=\"lazy\" decoding=\"async\" width=\"540\" height=\"720\" data-id=\"535\" src=\"https:\/\/incensemachinery.com\/wp-content\/uploads\/2025\/08\/Cabinets-installed-in-the-drying-oven.webp\" alt=\"Emballage de c\u00f4ne d&#039;encens en cascade\" class=\"wp-image-535\" srcset=\"https:\/\/incensemachinery.com\/wp-content\/uploads\/2025\/08\/Cabinets-installed-in-the-drying-oven.webp 540w, https:\/\/incensemachinery.com\/wp-content\/uploads\/2025\/08\/Cabinets-installed-in-the-drying-oven-225x300.webp 225w, https:\/\/incensemachinery.com\/wp-content\/uploads\/2025\/08\/Cabinets-installed-in-the-drying-oven-9x12.webp 9w\" sizes=\"auto, (max-width: 540px) 100vw, 540px\" \/><figcaption class=\"wp-element-caption\">Emballage de c\u00f4ne d'encens en cascade<\/figcaption><\/figure>    <figure class=\"wp-block-image size-large\"><img loading=\"lazy\" decoding=\"async\" width=\"540\" height=\"720\" data-id=\"536\" src=\"https:\/\/incensemachinery.com\/wp-content\/uploads\/2025\/08\/Drying-room-loading-in-progress.webp\" alt=\"Chargement de la chambre de s\u00e9chage en cours\" class=\"wp-image-536\" srcset=\"https:\/\/incensemachinery.com\/wp-content\/uploads\/2025\/08\/Drying-room-loading-in-progress.webp 540w, https:\/\/incensemachinery.com\/wp-content\/uploads\/2025\/08\/Drying-room-loading-in-progress-225x300.webp 225w, https:\/\/incensemachinery.com\/wp-content\/uploads\/2025\/08\/Drying-room-loading-in-progress-9x12.webp 9w\" sizes=\"auto, (max-width: 540px) 100vw, 540px\" \/><figcaption class=\"wp-element-caption\">Chargement de la chambre de s\u00e9chage en cours<\/figcaption><\/figure>    <figure class=\"wp-block-image size-large\"><img loading=\"lazy\" decoding=\"async\" width=\"540\" height=\"720\" data-id=\"587\" src=\"https:\/\/incensemachinery.com\/wp-content\/uploads\/2025\/09\/Dhoop-cone-Dryer-shipment.webp\" alt=\"exp\u00e9dition du s\u00e9cheur de c\u00f4nes dhoop\" class=\"wp-image-587\" srcset=\"https:\/\/incensemachinery.com\/wp-content\/uploads\/2025\/09\/Dhoop-cone-Dryer-shipment.webp 540w, https:\/\/incensemachinery.com\/wp-content\/uploads\/2025\/09\/Dhoop-cone-Dryer-shipment-225x300.webp 225w, https:\/\/incensemachinery.com\/wp-content\/uploads\/2025\/09\/Dhoop-cone-Dryer-shipment-9x12.webp 9w\" sizes=\"auto, (max-width: 540px) 100vw, 540px\" \/><figcaption class=\"wp-element-caption\">exp\u00e9dition du s\u00e9cheur de c\u00f4nes dhoop<\/figcaption><\/figure> <\/figure>    <h2 class=\"wp-block-heading\">Lancez votre activit\u00e9 d'encens avec Shuliy !<\/h2>    <p>Nous fournissons des machines \u00e0 encens de haute qualit\u00e9 et des solutions de production cl\u00e9 en main pour votre nouvelle usine.<\/p>    <p>Contactez-nous d\u00e8s maintenant pour un devis gratuit et un plan d'usine !<\/p>    <figure class=\"wp-block-gallery has-nested-images columns-default is-cropped wp-block-gallery-6 is-layout-flex wp-block-gallery-is-layout-flex\"> <figure class=\"wp-block-image size-large\"><img loading=\"lazy\" decoding=\"async\" width=\"720\" height=\"540\" data-id=\"666\" src=\"https:\/\/incensemachinery.com\/wp-content\/uploads\/2026\/04\/Indonesia-Baler-Machine.webp\" alt=\"Les clients indon\u00e9siens visitent l&#039;entreprise\" class=\"wp-image-666\" srcset=\"https:\/\/incensemachinery.com\/wp-content\/uploads\/2026\/04\/Indonesia-Baler-Machine.webp 720w, https:\/\/incensemachinery.com\/wp-content\/uploads\/2026\/04\/Indonesia-Baler-Machine-300x225.webp 300w, https:\/\/incensemachinery.com\/wp-content\/uploads\/2026\/04\/Indonesia-Baler-Machine-16x12.webp 16w\" sizes=\"auto, (max-width: 720px) 100vw, 720px\" \/><figcaption class=\"wp-element-caption\">Les clients indon\u00e9siens visitent l'entreprise<\/figcaption><\/figure>    <figure class=\"wp-block-image size-large\"><img loading=\"lazy\" decoding=\"async\" width=\"720\" height=\"540\" data-id=\"668\" src=\"https:\/\/incensemachinery.com\/wp-content\/uploads\/2026\/04\/Iran-French-Fries-Production-plant.webp\" alt=\"Partenariat \u00e9tabli avec un client iranien\" class=\"wp-image-668\" srcset=\"https:\/\/incensemachinery.com\/wp-content\/uploads\/2026\/04\/Iran-French-Fries-Production-plant.webp 720w, https:\/\/incensemachinery.com\/wp-content\/uploads\/2026\/04\/Iran-French-Fries-Production-plant-300x225.webp 300w, https:\/\/incensemachinery.com\/wp-content\/uploads\/2026\/04\/Iran-French-Fries-Production-plant-16x12.webp 16w\" sizes=\"auto, (max-width: 720px) 100vw, 720px\" \/><figcaption class=\"wp-element-caption\">Partenariat \u00e9tabli avec un client iranien<\/figcaption><\/figure> <\/figure>","protected":false},"excerpt":{"rendered":"<p>Shuliy is a professional manufacturer with 10+ years specializing in the design, R&amp;D, production, sales and after-sales service of incense making machines, automatic incense production lines, and related processing equipment. Our products cover small home-use incense machines, semi-automatic and fully automatic incense production lines, suitable for producing Buddha incense, stick incense, line incense, coil incense, [&hellip;]<\/p>\n","protected":false},"author":1,"featured_media":0,"parent":0,"menu_order":0,"comment_status":"closed","ping_status":"closed","template":"","meta":{"footnotes":""},"class_list":["post-21","page","type-page","status-publish","hentry"],"_links":{"self":[{"href":"https:\/\/incensemachinery.com\/fr\/wp-json\/wp\/v2\/pages\/21","targetHints":{"allow":["GET"]}}],"collection":[{"href":"https:\/\/incensemachinery.com\/fr\/wp-json\/wp\/v2\/pages"}],"about":[{"href":"https:\/\/incensemachinery.com\/fr\/wp-json\/wp\/v2\/types\/page"}],"author":[{"embeddable":true,"href":"https:\/\/incensemachinery.com\/fr\/wp-json\/wp\/v2\/users\/1"}],"replies":[{"embeddable":true,"href":"https:\/\/incensemachinery.com\/fr\/wp-json\/wp\/v2\/comments?post=21"}],"version-history":[{"count":4,"href":"https:\/\/incensemachinery.com\/fr\/wp-json\/wp\/v2\/pages\/21\/revisions"}],"predecessor-version":[{"id":669,"href":"https:\/\/incensemachinery.com\/fr\/wp-json\/wp\/v2\/pages\/21\/revisions\/669"}],"wp:attachment":[{"href":"https:\/\/incensemachinery.com\/fr\/wp-json\/wp\/v2\/media?parent=21"}],"curies":[{"name":"wp","href":"https:\/\/api.w.org\/{rel}","templated":true}]}}