{"id":49,"date":"2022-08-03T07:13:17","date_gmt":"2022-08-03T07:13:17","guid":{"rendered":"https:\/\/incensemachinery.com\/?post_type=product&#038;p=49"},"modified":"2026-04-17T17:00:54","modified_gmt":"2026-04-17T09:00:54","slug":"dhoop-incense-cone-making-machine","status":"publish","type":"product","link":"https:\/\/incensemachinery.com\/es\/product\/dhoop-incense-cone-making-machine\/","title":{"rendered":"M\u00e1quina para fabricar conos de incienso | M\u00e1quina de cono Dhoop colorida"},"content":{"rendered":"<div class=\"kk-star-ratings kksr-auto kksr-align-left kksr-valign-top\"     data-payload='{&quot;align&quot;:&quot;left&quot;,&quot;id&quot;:&quot;49&quot;,&quot;slug&quot;:&quot;default&quot;,&quot;valign&quot;:&quot;top&quot;,&quot;ignore&quot;:&quot;&quot;,&quot;reference&quot;:&quot;auto&quot;,&quot;class&quot;:&quot;&quot;,&quot;count&quot;:&quot;16&quot;,&quot;legendonly&quot;:&quot;&quot;,&quot;readonly&quot;:&quot;&quot;,&quot;score&quot;:&quot;4.6&quot;,&quot;starsonly&quot;:&quot;&quot;,&quot;best&quot;:&quot;5&quot;,&quot;gap&quot;:&quot;5&quot;,&quot;greet&quot;:&quot;Rate this product&quot;,&quot;legend&quot;:&quot;4.6\\\/5 - (16 votos)&quot;,&quot;size&quot;:&quot;24&quot;,&quot;title&quot;:&quot;Incense Cone Making Machine | Colourful Dhoop Cone Machine&quot;,&quot;width&quot;:&quot;130.9&quot;,&quot;_legend&quot;:&quot;{score}\\\/{best} - ({count} {votes})&quot;,&quot;font_factor&quot;:&quot;1.25&quot;}'>              <div class=\"kksr-stars\">      <div class=\"kksr-stars-inactive\">             <div class=\"kksr-star\" data-star=\"1\" style=\"padding-right: 5px\">               <div class=\"kksr-icon\" style=\"width: 24px; height: 24px;\"><\/div>         <\/div>             <div class=\"kksr-star\" data-star=\"2\" style=\"padding-right: 5px\">               <div class=\"kksr-icon\" style=\"width: 24px; height: 24px;\"><\/div>         <\/div>             <div class=\"kksr-star\" data-star=\"3\" style=\"padding-right: 5px\">               <div class=\"kksr-icon\" style=\"width: 24px; height: 24px;\"><\/div>         <\/div>             <div class=\"kksr-star\" data-star=\"4\" style=\"padding-right: 5px\">               <div class=\"kksr-icon\" style=\"width: 24px; height: 24px;\"><\/div>         <\/div>             <div class=\"kksr-star\" data-star=\"5\" style=\"padding-right: 5px\">               <div class=\"kksr-icon\" style=\"width: 24px; height: 24px;\"><\/div>         <\/div>     <\/div>      <div class=\"kksr-stars-active\" style=\"width: 130.9px;\">             <div class=\"kksr-star\" style=\"padding-right: 5px\">               <div class=\"kksr-icon\" style=\"width: 24px; height: 24px;\"><\/div>         <\/div>             <div class=\"kksr-star\" style=\"padding-right: 5px\">               <div class=\"kksr-icon\" style=\"width: 24px; height: 24px;\"><\/div>         <\/div>             <div class=\"kksr-star\" style=\"padding-right: 5px\">               <div class=\"kksr-icon\" style=\"width: 24px; height: 24px;\"><\/div>         <\/div>             <div class=\"kksr-star\" style=\"padding-right: 5px\">               <div class=\"kksr-icon\" style=\"width: 24px; height: 24px;\"><\/div>         <\/div>             <div class=\"kksr-star\" style=\"padding-right: 5px\">               <div class=\"kksr-icon\" style=\"width: 24px; height: 24px;\"><\/div>         <\/div>     <\/div> <\/div>                   <div class=\"kksr-legend\" style=\"font-size: 19.2px;\">             4.6\/5 - (16 votos)    <\/div>     <\/div>  <p>Esta m\u00e1quina comercial de conos de incienso se usa principalmente para procesar varios tipos de conos de incienso c\u00f3nicos. Al cambiar los moldes de formaci\u00f3n de conos de incienso, la m\u00e1quina puede procesar conos de diferentes di\u00e1metros y longitudes. La m\u00e1quina de conos de dhoop tiene una capacidad de 30-240 conos por minuto, y su velocidad de procesamiento puede ajustarse seg\u00fan las necesidades de producci\u00f3n.<\/p>    <figure class=\"wp-block-gallery has-nested-images columns-default is-cropped wp-block-gallery-2 is-layout-flex wp-block-gallery-is-layout-flex\"> <figure class=\"wp-block-image size-large\"><img loading=\"lazy\" decoding=\"async\" width=\"720\" height=\"540\" data-id=\"59\" src=\"https:\/\/incensemachinery.com\/wp-content\/uploads\/2022\/08\/tower-incense-machine-1.webp\" alt=\"m\u00e1quina de incienso de torre\" class=\"wp-image-59\" srcset=\"https:\/\/incensemachinery.com\/wp-content\/uploads\/2022\/08\/tower-incense-machine-1.webp 720w, https:\/\/incensemachinery.com\/wp-content\/uploads\/2022\/08\/tower-incense-machine-1-300x225.webp 300w\" sizes=\"auto, (max-width: 720px) 100vw, 720px\" \/><figcaption class=\"wp-element-caption\">m\u00e1quina de incienso de torre<\/figcaption><\/figure>    <figure class=\"wp-block-image size-large\"><img loading=\"lazy\" decoding=\"async\" width=\"720\" height=\"540\" data-id=\"58\" src=\"https:\/\/incensemachinery.com\/wp-content\/uploads\/2022\/08\/incense-cones.webp\" alt=\"\" class=\"wp-image-58\" srcset=\"https:\/\/incensemachinery.com\/wp-content\/uploads\/2022\/08\/incense-cones.webp 720w, https:\/\/incensemachinery.com\/wp-content\/uploads\/2022\/08\/incense-cones-300x225.webp 300w\" sizes=\"auto, (max-width: 720px) 100vw, 720px\" \/><\/figure> <\/figure>    <h2 class=\"wp-block-heading\">\u00bfQu\u00e9 son los conos de incienso?<\/h2>    <p class=\"translation-block\">Los conos de incienso tambi\u00e9n se conocen como conos de torre o <strong>dhoop cones<\/strong>, que son un tipo de incienso de forma c\u00f3nica. Este incienso \u00fanico se fabrica principalmente mezclando y extruyendo polvo de madera, varias especias, polvo de goma y agua. Este incienso en cono es muy similar a otros tipos de incienso y puede encenderse para aromaterapia o incienso budista.<\/p>    <p class=\"translation-block\">En los \u00faltimos a\u00f1os, estos peque\u00f1os conos de incienso port\u00e1tiles se han utilizado para incienso de interior, especialmente en salas de estudio y salas de t\u00e9. Adem\u00e1s, este incienso puede procesarse en conos de diferentes longitudes y di\u00e1metros seg\u00fan los requisitos del cliente. Estos conos de incienso regulares son diferentes de los conos de incienso con agujeros mecanizados por una <strong><a href=\"https:\/\/incensemachinery.com\/es\/product\/backflow-incense-cone-making-machine\/?swcfpc=1\">m\u00e1quina de conos de retroceso<\/a><\/strong>.<\/p>    <figure class=\"wp-block-gallery has-nested-images columns-default is-cropped wp-block-gallery-3 is-layout-flex wp-block-gallery-is-layout-flex\"> <figure class=\"wp-block-image size-large\"><img loading=\"lazy\" decoding=\"async\" width=\"720\" height=\"540\" data-id=\"60\" src=\"https:\/\/incensemachinery.com\/wp-content\/uploads\/2022\/08\/Religious-Incense-Cones.webp\" alt=\"Conos de incienso religioso\" class=\"wp-image-60\" srcset=\"https:\/\/incensemachinery.com\/wp-content\/uploads\/2022\/08\/Religious-Incense-Cones.webp 720w, https:\/\/incensemachinery.com\/wp-content\/uploads\/2022\/08\/Religious-Incense-Cones-300x225.webp 300w\" sizes=\"auto, (max-width: 720px) 100vw, 720px\" \/><figcaption class=\"wp-element-caption\">Conos de incienso religioso<\/figcaption><\/figure>    <figure class=\"wp-block-image size-large\"><img loading=\"lazy\" decoding=\"async\" width=\"720\" height=\"540\" data-id=\"61\" src=\"https:\/\/incensemachinery.com\/wp-content\/uploads\/2022\/08\/small-cone-incense.webp\" alt=\"incienso de cono peque\u00f1o\" class=\"wp-image-61\" srcset=\"https:\/\/incensemachinery.com\/wp-content\/uploads\/2022\/08\/small-cone-incense.webp 720w, https:\/\/incensemachinery.com\/wp-content\/uploads\/2022\/08\/small-cone-incense-300x225.webp 300w\" sizes=\"auto, (max-width: 720px) 100vw, 720px\" \/><figcaption class=\"wp-element-caption\">incienso de cono peque\u00f1o<\/figcaption><\/figure> <\/figure>    <h2 class=\"wp-block-heading\">Aplicaciones del incienso cono dhoop<\/h2>    <p>Los conos de incienso Dhoop son muy vers\u00e1tiles y pueden usarse para incienso religioso en templos, as\u00ed como para el uso m\u00e1s com\u00fan en todo tipo de incienso de interior. Esto se debe a que, en el procesamiento de conos de incienso, podemos a\u00f1adir diferentes fragancias para crear distintos aromas. Actualmente, los conos de incienso se usan en estudios, casas de t\u00e9, salones, dormitorios, ba\u00f1os y otros lugares.<\/p>   <div class=\"wp-block-image\"> <figure class=\"aligncenter size-full\"><img loading=\"lazy\" decoding=\"async\" width=\"720\" height=\"540\" src=\"https:\/\/incensemachinery.com\/wp-content\/uploads\/2022\/08\/incense-cones-burning.webp\" alt=\"conos de incienso ardiendo\" class=\"wp-image-62\" srcset=\"https:\/\/incensemachinery.com\/wp-content\/uploads\/2022\/08\/incense-cones-burning.webp 720w, https:\/\/incensemachinery.com\/wp-content\/uploads\/2022\/08\/incense-cones-burning-300x225.webp 300w\" sizes=\"auto, (max-width: 720px) 100vw, 720px\" \/><figcaption class=\"wp-element-caption\">conos de incienso ardiendo<\/figcaption><\/figure> <\/div>   <h2 class=\"wp-block-heading\">\u00bfC\u00f3mo hacer conos de incienso con una m\u00e1quina de conos de incienso?<\/h2>    <p>Por lo general, la producci\u00f3n de conos de incienso puede hacerse manualmente. Sin embargo, la producci\u00f3n en masa de conos de incienso Dhoop requiere el uso de una m\u00e1quina comercial de conos de incienso. El proceso de fabricaci\u00f3n de conos de incienso con una m\u00e1quina de conos de dhoop tambi\u00e9n es sencillo.<\/p>    <figure class=\"wp-block-gallery has-nested-images columns-3 is-cropped wp-block-gallery-4 is-layout-flex wp-block-gallery-is-layout-flex\"> <figure class=\"wp-block-image size-large\"><img loading=\"lazy\" decoding=\"async\" width=\"720\" height=\"540\" data-id=\"63\" src=\"https:\/\/incensemachinery.com\/wp-content\/uploads\/2022\/08\/Religious-Incense-Cones-maker-1.webp\" alt=\"Fabricante de conos de incienso religioso\" class=\"wp-image-63\" srcset=\"https:\/\/incensemachinery.com\/wp-content\/uploads\/2022\/08\/Religious-Incense-Cones-maker-1.webp 720w, https:\/\/incensemachinery.com\/wp-content\/uploads\/2022\/08\/Religious-Incense-Cones-maker-1-300x225.webp 300w\" sizes=\"auto, (max-width: 720px) 100vw, 720px\" \/><figcaption class=\"wp-element-caption\">Fabricante de conos de incienso religioso<\/figcaption><\/figure>    <figure class=\"wp-block-image size-large is-style-default\"><img loading=\"lazy\" decoding=\"async\" width=\"720\" height=\"540\" data-id=\"64\" src=\"https:\/\/incensemachinery.com\/wp-content\/uploads\/2022\/08\/tower-incense-cone-forming-molds.webp\" alt=\"moldes formadores de conos de incienso torre\" class=\"wp-image-64\" srcset=\"https:\/\/incensemachinery.com\/wp-content\/uploads\/2022\/08\/tower-incense-cone-forming-molds.webp 720w, https:\/\/incensemachinery.com\/wp-content\/uploads\/2022\/08\/tower-incense-cone-forming-molds-300x225.webp 300w\" sizes=\"auto, (max-width: 720px) 100vw, 720px\" \/><figcaption class=\"wp-element-caption\">moldes formadores de conos de incienso torre<\/figcaption><\/figure>    <figure class=\"wp-block-image size-large\"><img loading=\"lazy\" decoding=\"async\" width=\"720\" height=\"540\" data-id=\"65\" src=\"https:\/\/incensemachinery.com\/wp-content\/uploads\/2022\/08\/Tower-Incense-Maker-structure.webp\" alt=\"Estructura del fabricante de incienso de torre\" class=\"wp-image-65\" srcset=\"https:\/\/incensemachinery.com\/wp-content\/uploads\/2022\/08\/Tower-Incense-Maker-structure.webp 720w, https:\/\/incensemachinery.com\/wp-content\/uploads\/2022\/08\/Tower-Incense-Maker-structure-300x225.webp 300w\" sizes=\"auto, (max-width: 720px) 100vw, 720px\" \/><figcaption class=\"wp-element-caption\">Estructura del fabricante de incienso de torre<\/figcaption><\/figure> <\/figure>    <p>Paso 1: La harina de madera, el pegamento en polvo y el agua se mezclan bien en una proporci\u00f3n determinada. La harina de madera, el agua y el pegamento en polvo son las materias primas b\u00e1sicas para el procesamiento del incienso, y el cliente puede agregarles la cantidad adecuada de especias de acuerdo con las necesidades espec\u00edficas del procesamiento.<\/p>    <p>Paso 2: Coloca los ingredientes bien mezclados en la entrada de la m\u00e1quina. La unidad hidr\u00e1ulica dentro de la m\u00e1quina empuja el material hacia el troquel de extrusi\u00f3n. Los moldes de la m\u00e1quina son bandejas de molde superior e inferior en grupos. A alta velocidad, el polvo fragante se exprime r\u00e1pidamente en forma de cono. Un soplador cerca de la salida sopla autom\u00e1ticamente los conos de incienso ya formados en el molde hacia la cinta transportadora de salida.<\/p>    <p>Paso 3: Los conos de incienso reci\u00e9n procesados \u200b\u200btodav\u00eda son suaves y propensos a romperse y deformarse. Por lo tanto, debemos recogerlos y ponerlos en un marco de malla para que se sequen.<\/p>    <figure class=\"wp-block-gallery has-nested-images columns-default is-cropped wp-block-gallery-5 is-layout-flex wp-block-gallery-is-layout-flex\"> <figure class=\"wp-block-image size-large\"><img loading=\"lazy\" decoding=\"async\" width=\"720\" height=\"540\" data-id=\"342\" src=\"https:\/\/incensemachinery.com\/wp-content\/uploads\/2023\/05\/commercial-backflow-cone-incense-making-machine.webp\" alt=\"M\u00e1quina comercial para hacer incienso de cono de reflujo\" class=\"wp-image-342\" srcset=\"https:\/\/incensemachinery.com\/wp-content\/uploads\/2023\/05\/commercial-backflow-cone-incense-making-machine.webp 720w, https:\/\/incensemachinery.com\/wp-content\/uploads\/2023\/05\/commercial-backflow-cone-incense-making-machine-300x225.webp 300w\" sizes=\"auto, (max-width: 720px) 100vw, 720px\" \/><figcaption class=\"wp-element-caption\">M\u00e1quina comercial de fabricaci\u00f3n de conos de incienso<\/figcaption><\/figure>    <figure class=\"wp-block-image size-large\"><img loading=\"lazy\" decoding=\"async\" width=\"720\" height=\"540\" data-id=\"331\" src=\"https:\/\/incensemachinery.com\/wp-content\/uploads\/2023\/03\/Shuliy-waterfall-incense-cone-machines-for-sale.webp\" alt=\"M\u00e1quinas de cono de incienso en cascada Shuliy a la venta\" class=\"wp-image-331\" srcset=\"https:\/\/incensemachinery.com\/wp-content\/uploads\/2023\/03\/Shuliy-waterfall-incense-cone-machines-for-sale.webp 720w, https:\/\/incensemachinery.com\/wp-content\/uploads\/2023\/03\/Shuliy-waterfall-incense-cone-machines-for-sale-300x225.webp 300w\" sizes=\"auto, (max-width: 720px) 100vw, 720px\" \/><figcaption class=\"wp-element-caption\">M\u00e1quinas de conos de incienso Shuliy en venta<\/figcaption><\/figure> <\/figure>    <h2 class=\"wp-block-heading\">Principales caracter\u00edsticas de la m\u00e1quina de fabricaci\u00f3n de conos de incienso<\/h2>    <ul class=\"wp-block-list\"> <li>Nuestra m\u00e1quina autom\u00e1tica de conos de incienso es la l\u00ednea de ensamblaje autom\u00e1tica. Utiliza el dispositivo de recolecci\u00f3n, que hace que el proceso de trabajo sea r\u00e1pido y conveniente. La capacidad es de aproximadamente 240 unidades por minuto.<\/li> <\/ul>    <ul class=\"wp-block-list\"> <li>Los conos de incienso pueden terminarse con la l\u00ednea de ensamblaje autom\u00e1tica de conos de incienso. El material del tolva se transfiere al barril, despu\u00e9s de la extrusi\u00f3n y el moldeo por inyecci\u00f3n, formando as\u00ed el cono de incienso.<\/li> <\/ul>    <ul class=\"wp-block-list\"> <li>El incienso en cono terminado de nuestra m\u00e1quina autom\u00e1tica de conos de incienso tiene ventajas de  uniformidad en grosor  y una superficie lisa. Adem\u00e1s, no soltar\u00e1 polvo despu\u00e9s de que los conos de dhoop est\u00e9n secos.<\/li> <\/ul>    <figure class=\"wp-block-gallery has-nested-images columns-default is-cropped wp-block-gallery-6 is-layout-flex wp-block-gallery-is-layout-flex\"> <figure class=\"wp-block-image size-large\"><img loading=\"lazy\" decoding=\"async\" width=\"540\" height=\"720\" data-id=\"67\" src=\"https:\/\/incensemachinery.com\/wp-content\/uploads\/2022\/08\/Shuliy-incense-cone-machine.webp\" alt=\"M\u00e1quina de conos de incienso Shuliy\" class=\"wp-image-67\" srcset=\"https:\/\/incensemachinery.com\/wp-content\/uploads\/2022\/08\/Shuliy-incense-cone-machine.webp 540w, https:\/\/incensemachinery.com\/wp-content\/uploads\/2022\/08\/Shuliy-incense-cone-machine-225x300.webp 225w\" sizes=\"auto, (max-width: 540px) 100vw, 540px\" \/><figcaption class=\"wp-element-caption\">M\u00e1quina de conos de incienso Shuliy<\/figcaption><\/figure>    <figure class=\"wp-block-image size-large\"><img loading=\"lazy\" decoding=\"async\" width=\"540\" height=\"720\" data-id=\"71\" src=\"https:\/\/incensemachinery.com\/wp-content\/uploads\/2022\/08\/automatic-dhoop-incense-cone-maker.webp\" alt=\"fabricante autom\u00e1tico de conos de incienso dhoop\" class=\"wp-image-71\" srcset=\"https:\/\/incensemachinery.com\/wp-content\/uploads\/2022\/08\/automatic-dhoop-incense-cone-maker.webp 540w, https:\/\/incensemachinery.com\/wp-content\/uploads\/2022\/08\/automatic-dhoop-incense-cone-maker-225x300.webp 225w\" sizes=\"auto, (max-width: 540px) 100vw, 540px\" \/><figcaption class=\"wp-element-caption\">fabricante autom\u00e1tico de conos de incienso dhoop<\/figcaption><\/figure>    <figure class=\"wp-block-image size-large\"><img loading=\"lazy\" decoding=\"async\" width=\"720\" height=\"540\" data-id=\"66\" src=\"https:\/\/incensemachinery.com\/wp-content\/uploads\/2022\/08\/Dhoop-cone-making-machine-details.webp\" alt=\"Detalles de la m\u00e1quina para fabricar conos Dhoop\" class=\"wp-image-66\" srcset=\"https:\/\/incensemachinery.com\/wp-content\/uploads\/2022\/08\/Dhoop-cone-making-machine-details.webp 720w, https:\/\/incensemachinery.com\/wp-content\/uploads\/2022\/08\/Dhoop-cone-making-machine-details-300x225.webp 300w\" sizes=\"auto, (max-width: 720px) 100vw, 720px\" \/><figcaption class=\"wp-element-caption\">Detalles de la m\u00e1quina para fabricar conos Dhoop<\/figcaption><\/figure>    <figure class=\"wp-block-image size-large\"><img loading=\"lazy\" decoding=\"async\" width=\"720\" height=\"540\" data-id=\"69\" src=\"https:\/\/incensemachinery.com\/wp-content\/uploads\/2022\/08\/purple-cone-incense.webp\" alt=\"incienso de cono morado\" class=\"wp-image-69\" srcset=\"https:\/\/incensemachinery.com\/wp-content\/uploads\/2022\/08\/purple-cone-incense.webp 720w, https:\/\/incensemachinery.com\/wp-content\/uploads\/2022\/08\/purple-cone-incense-300x225.webp 300w\" sizes=\"auto, (max-width: 720px) 100vw, 720px\" \/><figcaption class=\"wp-element-caption\">incienso de cono morado<\/figcaption><\/figure>    <figure class=\"wp-block-image size-large\"><img loading=\"lazy\" decoding=\"async\" width=\"720\" height=\"540\" data-id=\"70\" src=\"https:\/\/incensemachinery.com\/wp-content\/uploads\/2022\/08\/red-incense-cones.webp\" alt=\"conos de incienso rojo\" class=\"wp-image-70\" srcset=\"https:\/\/incensemachinery.com\/wp-content\/uploads\/2022\/08\/red-incense-cones.webp 720w, https:\/\/incensemachinery.com\/wp-content\/uploads\/2022\/08\/red-incense-cones-300x225.webp 300w\" sizes=\"auto, (max-width: 720px) 100vw, 720px\" \/><figcaption class=\"wp-element-caption\">conos de incienso rojo<\/figcaption><\/figure>    <figure class=\"wp-block-image size-large\"><img loading=\"lazy\" decoding=\"async\" width=\"720\" height=\"540\" data-id=\"68\" src=\"https:\/\/incensemachinery.com\/wp-content\/uploads\/2022\/08\/colorful-dhoop-cones.webp\" alt=\"conos coloridos\" class=\"wp-image-68\" srcset=\"https:\/\/incensemachinery.com\/wp-content\/uploads\/2022\/08\/colorful-dhoop-cones.webp 720w, https:\/\/incensemachinery.com\/wp-content\/uploads\/2022\/08\/colorful-dhoop-cones-300x225.webp 300w\" sizes=\"auto, (max-width: 720px) 100vw, 720px\" \/><figcaption class=\"wp-element-caption\">conos coloridos<\/figcaption><\/figure> <\/figure>    <h2 class=\"wp-block-heading\">Par\u00e1metros de la m\u00e1quina de fabricaci\u00f3n de conos de incienso<\/h2>    <figure class=\"wp-block-table\"><table><tbody><tr><td>Modelo<\/td><td>SL-ZX-1<\/td><\/tr><tr><td>Longitud de la torre de incienso<\/td><td>10-100 mm<\/td><\/tr><tr><td>Fuerza<\/td><td>4kW<\/td><\/tr><tr><td>Peso<\/td><td>350 kilos<\/td><\/tr><tr><td>Tama\u00f1o de la m\u00e1quina<\/td><td>1700*500*1500mm<\/td><\/tr><tr><td>Di\u00e1metro del cilindro hidr\u00e1ulico<\/td><td>180mm<\/td><\/tr><tr><td>Ataque<\/td><td>700 mm<\/td><\/tr><tr><td>Di\u00e1metro del barril<\/td><td>219 mm<\/td><\/tr><\/tbody><\/table><\/figure>    <h2 class=\"wp-block-heading\">V\u00eddeo de la m\u00e1quina para hacer conos Dhoop<\/h2>    <figure class=\"wp-block-embed is-type-video is-provider-youtube wp-block-embed-youtube wp-embed-aspect-16-9 wp-has-aspect-ratio\"><div class=\"wp-block-embed__wrapper\"> <iframe loading=\"lazy\" title=\"Proveedor de m\u00e1quinas para fabricar conos de incienso r\u00e1pidos | Proceso de trabajo de la m\u00e1quina para fabricar conos Dhoop #incensecones\" width=\"500\" height=\"281\" src=\"https:\/\/www.youtube.com\/embed\/rdno3c_3PkY?feature=oembed\" frameborder=\"0\" allow=\"accelerometer; autoplay; clipboard-write; encrypted-media; gyroscope; picture-in-picture; web-share\" referrerpolicy=\"strict-origin-when-cross-origin\" allowfullscreen><\/iframe> <\/div><\/figure>    <h2 class=\"wp-block-heading\">M\u00e1quina de fabricaci\u00f3n de conos de incienso \u2013 Preguntas frecuentes<\/h2>   <div id=\"rank-math-faq\" class=\"rank-math-block\"> <div class=\"rank-math-list\"> <div id=\"faq-question-1776416314848\" class=\"rank-math-list-item\"> <h3 class=\"rank-math-question\">\u00bfQu\u00e9 productos puede producir esta m\u00e1quina?<\/h3> <div class=\"rank-math-answer\">  <p>Incienso en cono (incienso en torre), conos de retroceso y otras formas peque\u00f1as de incienso.<\/p>  <\/div> <\/div> <div id=\"faq-question-1776416328243\" class=\"rank-math-list-item\"> <h3 class=\"rank-math-question\">\u00bfQu\u00e9 materias primas se requieren?<\/h3> <div class=\"rank-math-answer\">  <p>Polvo de madera, polvo de bamb\u00fa, polvo de carb\u00f3n, polvo de jigat, fragancia y agua.<\/p>  <\/div> <\/div> <div id=\"faq-question-1776416342055\" class=\"rank-math-list-item\"> <h3 class=\"rank-math-question\">\u00bfSe puede personalizar el tama\u00f1o y la forma?<\/h3> <div class=\"rank-math-answer\">  <p>S\u00ed. La altura, el di\u00e1metro y la forma del cono se pueden personalizar cambiando los moldes.<\/p>  <\/div> <\/div> <div id=\"faq-question-1776416356926\" class=\"rank-math-list-item\"> <h3 class=\"rank-math-question\">\u00bfLa m\u00e1quina es totalmente autom\u00e1tica?<\/h3> <div class=\"rank-math-answer\">  <p>Hay modelos semi-autom\u00e1ticos y totalmente autom\u00e1ticos disponibles.<\/p>  <\/div> <\/div> <\/div> <\/div>   <h2 class=\"wp-block-heading\">\u00bfListo para comenzar tu propio negocio de incienso?<\/h2>    <p>Don&#8217;t miss the opportunity to automate your production with our high-efficiency Incense Cone Making Machine. Whether you are looking to produce traditional dhoop cones or colorful backflow incense, Shuliy Machinery provides the perfect technical support and customized molds to meet your market needs. <\/p>    <p>Cont\u00e1ctanos hoy para obtener una cotizaci\u00f3n gratuita y un plan de producci\u00f3n profesional adaptado a la escala de tu negocio. \u00a1Convirtamos tu visi\u00f3n arom\u00e1tica en una realidad rentable!<\/p>","protected":false},"excerpt":{"rendered":"<p>This commercial incense cone making machine is mainly used to process various types of conical incense cones. By changing the cone incense forming molds, the machine can process incense cones of different diameters and lengths. The dhoop cone machine has a capacity of 30-240 cones per minute, and its processing speed can be adjusted according [&hellip;]<\/p>\n","protected":false},"author":1,"featured_media":50,"parent":0,"template":"","tags":[14],"product-type":[4],"class_list":["post-49","product","type-product","status-publish","has-post-thumbnail","hentry","tag-cone-incense","product-type-incense-making-machine"],"_links":{"self":[{"href":"https:\/\/incensemachinery.com\/es\/wp-json\/wp\/v2\/product\/49","targetHints":{"allow":["GET"]}}],"collection":[{"href":"https:\/\/incensemachinery.com\/es\/wp-json\/wp\/v2\/product"}],"about":[{"href":"https:\/\/incensemachinery.com\/es\/wp-json\/wp\/v2\/types\/product"}],"author":[{"embeddable":true,"href":"https:\/\/incensemachinery.com\/es\/wp-json\/wp\/v2\/users\/1"}],"wp:featuredmedia":[{"embeddable":true,"href":"https:\/\/incensemachinery.com\/es\/wp-json\/wp\/v2\/media\/50"}],"wp:attachment":[{"href":"https:\/\/incensemachinery.com\/es\/wp-json\/wp\/v2\/media?parent=49"}],"wp:term":[{"taxonomy":"post_tag","embeddable":true,"href":"https:\/\/incensemachinery.com\/es\/wp-json\/wp\/v2\/tags?post=49"},{"taxonomy":"product-type","embeddable":true,"href":"https:\/\/incensemachinery.com\/es\/wp-json\/wp\/v2\/product-type?post=49"}],"curies":[{"name":"wp","href":"https:\/\/api.w.org\/{rel}","templated":true}]}}