{"id":154,"date":"2022-08-04T06:27:47","date_gmt":"2022-08-04T06:27:47","guid":{"rendered":"https:\/\/incensemachinery.com\/?post_type=product&#038;p=154"},"modified":"2025-07-24T16:38:23","modified_gmt":"2025-07-24T08:38:23","slug":"thread-incense-stick-production-line","status":"publish","type":"product","link":"https:\/\/incensemachinery.com\/es\/product\/thread-incense-stick-production-line\/","title":{"rendered":"L\u00ednea autom\u00e1tica de producci\u00f3n de varillas de incienso de hilo"},"content":{"rendered":"<div class=\"kk-star-ratings kksr-auto kksr-align-left kksr-valign-top\"     data-payload='{&quot;align&quot;:&quot;left&quot;,&quot;id&quot;:&quot;154&quot;,&quot;slug&quot;:&quot;default&quot;,&quot;valign&quot;:&quot;top&quot;,&quot;ignore&quot;:&quot;&quot;,&quot;reference&quot;:&quot;auto&quot;,&quot;class&quot;:&quot;&quot;,&quot;count&quot;:&quot;34&quot;,&quot;legendonly&quot;:&quot;&quot;,&quot;readonly&quot;:&quot;&quot;,&quot;score&quot;:&quot;4.6&quot;,&quot;starsonly&quot;:&quot;&quot;,&quot;best&quot;:&quot;5&quot;,&quot;gap&quot;:&quot;5&quot;,&quot;greet&quot;:&quot;Rate this product&quot;,&quot;legend&quot;:&quot;4.6\\\/5 - (34 votos)&quot;,&quot;size&quot;:&quot;24&quot;,&quot;title&quot;:&quot;Automatic Thread Incense Stick Production Line&quot;,&quot;width&quot;:&quot;130.9&quot;,&quot;_legend&quot;:&quot;{score}\\\/{best} - ({count} {votes})&quot;,&quot;font_factor&quot;:&quot;1.25&quot;}'>              <div class=\"kksr-stars\">      <div class=\"kksr-stars-inactive\">             <div class=\"kksr-star\" data-star=\"1\" style=\"padding-right: 5px\">               <div class=\"kksr-icon\" style=\"width: 24px; height: 24px;\"><\/div>         <\/div>             <div class=\"kksr-star\" data-star=\"2\" style=\"padding-right: 5px\">               <div class=\"kksr-icon\" style=\"width: 24px; height: 24px;\"><\/div>         <\/div>             <div class=\"kksr-star\" data-star=\"3\" style=\"padding-right: 5px\">               <div class=\"kksr-icon\" style=\"width: 24px; height: 24px;\"><\/div>         <\/div>             <div class=\"kksr-star\" data-star=\"4\" style=\"padding-right: 5px\">               <div class=\"kksr-icon\" style=\"width: 24px; height: 24px;\"><\/div>         <\/div>             <div class=\"kksr-star\" data-star=\"5\" style=\"padding-right: 5px\">               <div class=\"kksr-icon\" style=\"width: 24px; height: 24px;\"><\/div>         <\/div>     <\/div>      <div class=\"kksr-stars-active\" style=\"width: 130.9px;\">             <div class=\"kksr-star\" style=\"padding-right: 5px\">               <div class=\"kksr-icon\" style=\"width: 24px; height: 24px;\"><\/div>         <\/div>             <div class=\"kksr-star\" style=\"padding-right: 5px\">               <div class=\"kksr-icon\" style=\"width: 24px; height: 24px;\"><\/div>         <\/div>             <div class=\"kksr-star\" style=\"padding-right: 5px\">               <div class=\"kksr-icon\" style=\"width: 24px; height: 24px;\"><\/div>         <\/div>             <div class=\"kksr-star\" style=\"padding-right: 5px\">               <div class=\"kksr-icon\" style=\"width: 24px; height: 24px;\"><\/div>         <\/div>             <div class=\"kksr-star\" style=\"padding-right: 5px\">               <div class=\"kksr-icon\" style=\"width: 24px; height: 24px;\"><\/div>         <\/div>     <\/div> <\/div>                   <div class=\"kksr-legend\" style=\"font-size: 19.2px;\">             4.6\/5 - (34 votos)    <\/div>     <\/div>  <p>La l\u00ednea autom\u00e1tica de producci\u00f3n de incienso es una l\u00ednea completa de procesamiento de varillas de incienso con hilo para procesar incienso sin varillas de bamb\u00fa. La l\u00ednea de producci\u00f3n de varillas de incienso en hilo incluye una trituradora de madera, una m\u00e1quina de polvo de madera, una mezcladora, una m\u00e1quina formadora de incienso en hilo, una m\u00e1quina secadora de varillas de incienso y una m\u00e1quina empacadora de incienso. El proceso de producci\u00f3n incluye el procesamiento de aserr\u00edn, la molienda y mezcla de harina de madera, la elaboraci\u00f3n de incienso, el secado y el envasado.<\/p>   <div class=\"wp-block-image\"> <figure class=\"aligncenter size-full\"><img loading=\"lazy\" decoding=\"async\" width=\"720\" height=\"540\" src=\"https:\/\/incensemachinery.com\/wp-content\/uploads\/2022\/08\/agarbatti-incense-stick-applications.webp\" alt=\"aplicaciones de varillas de incienso agarbatti\" class=\"wp-image-158\" srcset=\"https:\/\/incensemachinery.com\/wp-content\/uploads\/2022\/08\/agarbatti-incense-stick-applications.webp 720w, https:\/\/incensemachinery.com\/wp-content\/uploads\/2022\/08\/agarbatti-incense-stick-applications-300x225.webp 300w\" sizes=\"auto, (max-width: 720px) 100vw, 720px\" \/><figcaption>aplicaciones de varillas de incienso agarbatti<\/figcaption><\/figure> <\/div>     <h2 class=\"wp-block-heading\">\u00bfCu\u00e1les son los requisitos del polvo de madera para hacer incienso?<\/h2>    <p>El componente principal del incienso es el polvo de madera. El polvo de madera suele ser un polvo m\u00e1s fino elaborado a partir de varios polvos de madera. El polvo de madera utilizado para hacer incienso puede ser polvo de madera com\u00fan (no requiere olor), s\u00e1ndalo, madera de incienso, etc. <\/p>    <p class=\"translation-block\">Por supuesto, tambi\u00e9n puede ser varios cultivos de varitas de naranja, hierbas, etc. La finura del polvo de madera utilizado para hacer incienso suele estar entre 80~120 mallas. El procesamiento especial de <strong><a href=\"https:\/\/en.wikipedia.org\/wiki\/Incense\" target=\"_blank\" rel=\"noopener\">incienso<\/a><\/strong> puede requerir una finura diferente del polvo de madera.<\/p>    <figure class=\"wp-block-gallery has-nested-images columns-default is-cropped wp-block-gallery-2 is-layout-flex wp-block-gallery-is-layout-flex\"> <figure class=\"wp-block-image size-large\"><img loading=\"lazy\" decoding=\"async\" width=\"720\" height=\"540\" data-id=\"156\" src=\"https:\/\/incensemachinery.com\/wp-content\/uploads\/2022\/08\/incense-sticks-making.webp\" alt=\"Incienso elaborado mediante l\u00ednea de producci\u00f3n de varillas de incienso de hilo.\" class=\"wp-image-156\" srcset=\"https:\/\/incensemachinery.com\/wp-content\/uploads\/2022\/08\/incense-sticks-making.webp 720w, https:\/\/incensemachinery.com\/wp-content\/uploads\/2022\/08\/incense-sticks-making-300x225.webp 300w\" sizes=\"auto, (max-width: 720px) 100vw, 720px\" \/><figcaption>hacer varitas de incienso<\/figcaption><\/figure>    <figure class=\"wp-block-image size-large\"><img loading=\"lazy\" decoding=\"async\" width=\"720\" height=\"540\" data-id=\"157\" src=\"https:\/\/incensemachinery.com\/wp-content\/uploads\/2022\/08\/thread-incense-production.webp\" alt=\"producci\u00f3n de incienso de hilo\" class=\"wp-image-157\" srcset=\"https:\/\/incensemachinery.com\/wp-content\/uploads\/2022\/08\/thread-incense-production.webp 720w, https:\/\/incensemachinery.com\/wp-content\/uploads\/2022\/08\/thread-incense-production-300x225.webp 300w\" sizes=\"auto, (max-width: 720px) 100vw, 720px\" \/><figcaption>producci\u00f3n de incienso de hilo<\/figcaption><\/figure> <\/figure>    <h2 class=\"wp-block-heading\">Proceso de producci\u00f3n completo de la l\u00ednea de producci\u00f3n de varillas de incienso de hilo.<\/h2>    <h3 class=\"wp-block-heading\"><strong>Fabricaci\u00f3n de aserr\u00edn<\/strong><\/h3>    <p>Para madera de mayor tama\u00f1o, ramas, ra\u00edces, paja, hierbas, etc., podemos utilizar esta peque\u00f1a trituradora de madera para triturarlas y convertirlas en aserr\u00edn. Este tipo de molino de martillos generalmente puede triturar materias primas hasta convertirlas en aserr\u00edn de un tama\u00f1o de aproximadamente 3 mm.<\/p>   <div class=\"wp-block-image\"> <figure class=\"aligncenter size-full\"><img loading=\"lazy\" decoding=\"async\" width=\"720\" height=\"540\" src=\"https:\/\/incensemachinery.com\/wp-content\/uploads\/2022\/08\/small-wood-crusher-for-sawdust-making.webp\" alt=\"trituradora de madera peque\u00f1a para hacer aserr\u00edn\" class=\"wp-image-159\" srcset=\"https:\/\/incensemachinery.com\/wp-content\/uploads\/2022\/08\/small-wood-crusher-for-sawdust-making.webp 720w, https:\/\/incensemachinery.com\/wp-content\/uploads\/2022\/08\/small-wood-crusher-for-sawdust-making-300x225.webp 300w\" sizes=\"auto, (max-width: 720px) 100vw, 720px\" \/><figcaption>trituradora de madera peque\u00f1a para hacer aserr\u00edn<\/figcaption><\/figure> <\/div>   <h3 class=\"wp-block-heading\"><strong>Molienda de polvo de madera<\/strong><\/h3>    <p>El tama\u00f1o del aserr\u00edn procesado por el molinillo de madera es demasiado grande para usarlo directamente para hacer varitas de incienso, por lo que necesitamos usar un molino harinero de madera comercial para moler a\u00fan m\u00e1s el aserr\u00edn hasta obtener una harina de madera m\u00e1s fina. La finura del molino harinero de madera se puede ajustar seg\u00fan las necesidades del cliente. Por lo general, la finura de la harina de madera para varitas de incienso est\u00e1 entre 60 y 120 mallas.<\/p>   <div class=\"wp-block-image\"> <figure class=\"aligncenter size-full\"><img loading=\"lazy\" decoding=\"async\" width=\"720\" height=\"540\" src=\"https:\/\/incensemachinery.com\/wp-content\/uploads\/2022\/08\/wood-powder-grinding-machine.webp\" alt=\"maquina para moler polvo de madera\" class=\"wp-image-160\" srcset=\"https:\/\/incensemachinery.com\/wp-content\/uploads\/2022\/08\/wood-powder-grinding-machine.webp 720w, https:\/\/incensemachinery.com\/wp-content\/uploads\/2022\/08\/wood-powder-grinding-machine-300x225.webp 300w\" sizes=\"auto, (max-width: 720px) 100vw, 720px\" \/><figcaption>maquina para moler polvo de madera<\/figcaption><\/figure> <\/div>   <h3 class=\"wp-block-heading\"><strong>Mezcla de polvo<\/strong><\/h3>    <p>Una vez completado el procesamiento del polvo de madera, debemos utilizar la mezcladora autom\u00e1tica para mezclar y mezclar todas las materias primas para hacer incienso seg\u00fan una proporci\u00f3n determinada. El trabajo de este mezclador se realiza por lotes. El volumen de procesamiento de cada lote es de alrededor de 50 kg.<\/p>   <div class=\"wp-block-image\"> <figure class=\"aligncenter size-full\"><img loading=\"lazy\" decoding=\"async\" width=\"720\" height=\"540\" src=\"https:\/\/incensemachinery.com\/wp-content\/uploads\/2022\/08\/wood-powder-mixing-machine.webp\" alt=\"m\u00e1quina mezcladora de polvo de madera\" class=\"wp-image-161\" srcset=\"https:\/\/incensemachinery.com\/wp-content\/uploads\/2022\/08\/wood-powder-mixing-machine.webp 720w, https:\/\/incensemachinery.com\/wp-content\/uploads\/2022\/08\/wood-powder-mixing-machine-300x225.webp 300w\" sizes=\"auto, (max-width: 720px) 100vw, 720px\" \/><figcaption>m\u00e1quina mezcladora de polvo de madera<\/figcaption><\/figure> <\/div>   <h3 class=\"wp-block-heading\"><strong>Formando varillas de incienso con hilo<\/strong><\/h3>    <p class=\"translation-block\">Esta <strong>m\u00e1quina para hacer incienso<\/strong> puede extruir los materiales crudos mezclados en l\u00edneas s\u00f3lidas y cortarlas en incienso de longitud uniforme mediante el dispositivo de corte. Al cambiar diferentes troqueles de extrusi\u00f3n, la m\u00e1quina formadora de varitas de incienso en hilo puede procesar diferentes formas de varitas de incienso, como estrellas de cinco puntas, cubos, tri\u00e1ngulos, corazones, flores, etc. Adem\u00e1s, la longitud de corte del incienso tambi\u00e9n se puede ajustar.<\/p>   <div class=\"wp-block-image\"> <figure class=\"aligncenter size-full\"><img loading=\"lazy\" decoding=\"async\" width=\"720\" height=\"540\" src=\"https:\/\/incensemachinery.com\/wp-content\/uploads\/2022\/08\/incense-making-machine-for-sale.webp\" alt=\"Vendo maquina para hacer incienso\" class=\"wp-image-121\" srcset=\"https:\/\/incensemachinery.com\/wp-content\/uploads\/2022\/08\/incense-making-machine-for-sale.webp 720w, https:\/\/incensemachinery.com\/wp-content\/uploads\/2022\/08\/incense-making-machine-for-sale-300x225.webp 300w\" sizes=\"auto, (max-width: 720px) 100vw, 720px\" \/><figcaption>L\u00ednea de producci\u00f3n de varillas de incienso de hilo a la venta.<\/figcaption><\/figure> <\/div>   <h3 class=\"wp-block-heading\"><strong>Secado de varillas de incienso<\/strong><\/h3>    <p>Este secador de incienso es muy adecuado para secar incienso en hilo y varillas de incienso. Esta secadora tiene un carro m\u00f3vil en su interior y se pueden colocar varias capas de bandejas en los estantes del carro. Podemos poner las varitas de incienso cuidadosamente cortadas en las bandejas y luego poner las bandejas llenas de incienso en la secadora para que se sequen. La temperatura y el tiempo de secado de este secador de incienso en hilo se pueden configurar y ajustar.<\/p>   <div class=\"wp-block-image\"> <figure class=\"aligncenter size-full\"><img loading=\"lazy\" decoding=\"async\" width=\"720\" height=\"540\" src=\"https:\/\/incensemachinery.com\/wp-content\/uploads\/2022\/08\/thread-incense-dryer-machine.webp\" alt=\"secadora de incienso de hilo\" class=\"wp-image-162\" srcset=\"https:\/\/incensemachinery.com\/wp-content\/uploads\/2022\/08\/thread-incense-dryer-machine.webp 720w, https:\/\/incensemachinery.com\/wp-content\/uploads\/2022\/08\/thread-incense-dryer-machine-300x225.webp 300w\" sizes=\"auto, (max-width: 720px) 100vw, 720px\" \/><figcaption>secadora de incienso de hilo<\/figcaption><\/figure> <\/div>   <h3 class=\"wp-block-heading\">M\u00e1quina empacadora de incienso de hilo<\/h3>    <p>La m\u00e1quina empacadora de incienso de Buda puede empacar el incienso seco de acuerdo con diferentes factores de peso, longitud y di\u00e1metro. No importa qu\u00e9 tan grande sea el tama\u00f1o del incienso procesado por el cliente, se puede envasar utilizando esta m\u00e1quina envasadora. Adem\u00e1s, los clientes tambi\u00e9n pueden configurar el estilo de embalaje del incienso, como bolsa, caja, tubo, embalaje con pel\u00edcula termorretr\u00e1ctil, etc.<\/p>   <div class=\"wp-block-image\"> <figure class=\"aligncenter size-full\"><img loading=\"lazy\" decoding=\"async\" width=\"720\" height=\"540\" src=\"https:\/\/incensemachinery.com\/wp-content\/uploads\/2022\/08\/thread-incense-packaging-machine.webp\" alt=\"empaquetadora de incienso de hilo\" class=\"wp-image-169\" srcset=\"https:\/\/incensemachinery.com\/wp-content\/uploads\/2022\/08\/thread-incense-packaging-machine.webp 720w, https:\/\/incensemachinery.com\/wp-content\/uploads\/2022\/08\/thread-incense-packaging-machine-300x225.webp 300w\" sizes=\"auto, (max-width: 720px) 100vw, 720px\" \/><figcaption>empaquetadora de incienso de hilo<\/figcaption><\/figure> <\/div>   <h2 class=\"wp-block-heading\">Ventajas de la planta procesadora de incienso de hilo Shuliy<\/h2>    <ul class=\"wp-block-list\"><li>La l\u00ednea de producci\u00f3n de incienso incluye todo el equipo necesario para la producci\u00f3n industrial de incienso y es ideal para clientes que producen incienso en hilo a gran escala. La planta de procesamiento de incienso requiere de 5 a 10 trabajadores, lo que ahorra muchos costos laborales en comparaci\u00f3n con la producci\u00f3n manual de incienso.<\/li><\/ul>    <ul class=\"wp-block-list\"><li>Para la mayor\u00eda de los clientes que desean iniciar un negocio de fragancias, la l\u00ednea de incienso es solo una configuraci\u00f3n de referencia. Nuestra f\u00e1brica generalmente necesita desarrollar un plan de producci\u00f3n de incienso adecuado de acuerdo con el tama\u00f1o de la f\u00e1brica, el presupuesto de inversi\u00f3n, la producci\u00f3n de procesamiento y otros factores del cliente.<\/li><\/ul>    <ul class=\"wp-block-list\"><li>La f\u00e1brica Shuliy puede brindar un servicio personalizado para cada procesador de incienso y brindar\u00e1 un servicio posventa completo a los clientes que compren equipos de incienso. Apoyamos a los clientes para que env\u00eden muestras para realizar pruebas y les invitamos a visitar nuestra f\u00e1brica y probar las m\u00e1quinas.<\/li><\/ul>    <figure class=\"wp-block-gallery has-nested-images columns-2 is-cropped wp-block-gallery-3 is-layout-flex wp-block-gallery-is-layout-flex\"> <figure class=\"wp-block-image size-large\"><img loading=\"lazy\" decoding=\"async\" width=\"720\" height=\"540\" data-id=\"176\" src=\"https:\/\/incensemachinery.com\/wp-content\/uploads\/2022\/08\/thread-incense-bulk-prodution.webp\" alt=\"producci\u00f3n a granel de incienso de hilo\" class=\"wp-image-176\" srcset=\"https:\/\/incensemachinery.com\/wp-content\/uploads\/2022\/08\/thread-incense-bulk-prodution.webp 720w, https:\/\/incensemachinery.com\/wp-content\/uploads\/2022\/08\/thread-incense-bulk-prodution-300x225.webp 300w\" sizes=\"auto, (max-width: 720px) 100vw, 720px\" \/><figcaption>producci\u00f3n a granel de incienso de hilo<\/figcaption><\/figure>    <figure class=\"wp-block-image size-large\"><img loading=\"lazy\" decoding=\"async\" width=\"720\" height=\"540\" data-id=\"177\" src=\"https:\/\/incensemachinery.com\/wp-content\/uploads\/2022\/08\/well-packed-incense.webp\" alt=\"incienso bien empaquetado\" class=\"wp-image-177\" srcset=\"https:\/\/incensemachinery.com\/wp-content\/uploads\/2022\/08\/well-packed-incense.webp 720w, https:\/\/incensemachinery.com\/wp-content\/uploads\/2022\/08\/well-packed-incense-300x225.webp 300w\" sizes=\"auto, (max-width: 720px) 100vw, 720px\" \/><figcaption>incienso bien empaquetado<\/figcaption><\/figure>    <figure class=\"wp-block-image size-large\"><img loading=\"lazy\" decoding=\"async\" width=\"720\" height=\"540\" data-id=\"173\" src=\"https:\/\/incensemachinery.com\/wp-content\/uploads\/2022\/08\/agarbatti-incense.webp\" alt=\"incienso agarbatti\" class=\"wp-image-173\" srcset=\"https:\/\/incensemachinery.com\/wp-content\/uploads\/2022\/08\/agarbatti-incense.webp 720w, https:\/\/incensemachinery.com\/wp-content\/uploads\/2022\/08\/agarbatti-incense-300x225.webp 300w\" sizes=\"auto, (max-width: 720px) 100vw, 720px\" \/><figcaption>incienso agarbatti<\/figcaption><\/figure>    <figure class=\"wp-block-image size-large\"><img loading=\"lazy\" decoding=\"async\" width=\"720\" height=\"540\" data-id=\"174\" src=\"https:\/\/incensemachinery.com\/wp-content\/uploads\/2022\/08\/incense-packing-with-film.webp\" alt=\"embalaje de incienso con film\" class=\"wp-image-174\" srcset=\"https:\/\/incensemachinery.com\/wp-content\/uploads\/2022\/08\/incense-packing-with-film.webp 720w, https:\/\/incensemachinery.com\/wp-content\/uploads\/2022\/08\/incense-packing-with-film-300x225.webp 300w\" sizes=\"auto, (max-width: 720px) 100vw, 720px\" \/><figcaption>embalaje de incienso con film<\/figcaption><\/figure> <\/figure>","protected":false},"excerpt":{"rendered":"<p>The automatic incense production line is a complete thread incense stick processing line for processing incense without bamboo sticks. The thread incense stick production line includes a wood crusher, wood powder machine, mixer, thread incense forming machine, incense stick drying machine, and incense packaging machine. The production process includes sawdust processing, wood flour grinding, wood [&hellip;]<\/p>\n","protected":false},"author":1,"featured_media":155,"parent":0,"template":"","tags":[13],"product-type":[7],"class_list":["post-154","product","type-product","status-publish","has-post-thumbnail","hentry","tag-stick-incense","product-type-incense-stick-production-line"],"_links":{"self":[{"href":"https:\/\/incensemachinery.com\/es\/wp-json\/wp\/v2\/product\/154","targetHints":{"allow":["GET"]}}],"collection":[{"href":"https:\/\/incensemachinery.com\/es\/wp-json\/wp\/v2\/product"}],"about":[{"href":"https:\/\/incensemachinery.com\/es\/wp-json\/wp\/v2\/types\/product"}],"author":[{"embeddable":true,"href":"https:\/\/incensemachinery.com\/es\/wp-json\/wp\/v2\/users\/1"}],"wp:featuredmedia":[{"embeddable":true,"href":"https:\/\/incensemachinery.com\/es\/wp-json\/wp\/v2\/media\/155"}],"wp:attachment":[{"href":"https:\/\/incensemachinery.com\/es\/wp-json\/wp\/v2\/media?parent=154"}],"wp:term":[{"taxonomy":"post_tag","embeddable":true,"href":"https:\/\/incensemachinery.com\/es\/wp-json\/wp\/v2\/tags?post=154"},{"taxonomy":"product-type","embeddable":true,"href":"https:\/\/incensemachinery.com\/es\/wp-json\/wp\/v2\/product-type?post=154"}],"curies":[{"name":"wp","href":"https:\/\/api.w.org\/{rel}","templated":true}]}}