{"id":138,"date":"2022-08-04T02:33:13","date_gmt":"2022-08-04T02:33:13","guid":{"rendered":"https:\/\/incensemachinery.com\/?post_type=product&#038;p=138"},"modified":"2025-07-24T16:38:20","modified_gmt":"2025-07-24T08:38:20","slug":"stick-incense-production-line","status":"publish","type":"product","link":"https:\/\/incensemachinery.com\/es\/product\/stick-incense-production-line\/","title":{"rendered":"L\u00ednea de producci\u00f3n de incienso en barra a peque\u00f1a escala"},"content":{"rendered":"<div class=\"kk-star-ratings kksr-auto kksr-align-left kksr-valign-top\"     data-payload='{&quot;align&quot;:&quot;left&quot;,&quot;id&quot;:&quot;138&quot;,&quot;slug&quot;:&quot;default&quot;,&quot;valign&quot;:&quot;top&quot;,&quot;ignore&quot;:&quot;&quot;,&quot;reference&quot;:&quot;auto&quot;,&quot;class&quot;:&quot;&quot;,&quot;count&quot;:&quot;15&quot;,&quot;legendonly&quot;:&quot;&quot;,&quot;readonly&quot;:&quot;&quot;,&quot;score&quot;:&quot;4.8&quot;,&quot;starsonly&quot;:&quot;&quot;,&quot;best&quot;:&quot;5&quot;,&quot;gap&quot;:&quot;5&quot;,&quot;greet&quot;:&quot;Rate this product&quot;,&quot;legend&quot;:&quot;4.8\\\/5 - (15 votos)&quot;,&quot;size&quot;:&quot;24&quot;,&quot;title&quot;:&quot;Small-scale Stick Incense Production Line&quot;,&quot;width&quot;:&quot;136.7&quot;,&quot;_legend&quot;:&quot;{score}\\\/{best} - ({count} {votes})&quot;,&quot;font_factor&quot;:&quot;1.25&quot;}'>              <div class=\"kksr-stars\">      <div class=\"kksr-stars-inactive\">             <div class=\"kksr-star\" data-star=\"1\" style=\"padding-right: 5px\">               <div class=\"kksr-icon\" style=\"width: 24px; height: 24px;\"><\/div>         <\/div>             <div class=\"kksr-star\" data-star=\"2\" style=\"padding-right: 5px\">               <div class=\"kksr-icon\" style=\"width: 24px; height: 24px;\"><\/div>         <\/div>             <div class=\"kksr-star\" data-star=\"3\" style=\"padding-right: 5px\">               <div class=\"kksr-icon\" style=\"width: 24px; height: 24px;\"><\/div>         <\/div>             <div class=\"kksr-star\" data-star=\"4\" style=\"padding-right: 5px\">               <div class=\"kksr-icon\" style=\"width: 24px; height: 24px;\"><\/div>         <\/div>             <div class=\"kksr-star\" data-star=\"5\" style=\"padding-right: 5px\">               <div class=\"kksr-icon\" style=\"width: 24px; height: 24px;\"><\/div>         <\/div>     <\/div>      <div class=\"kksr-stars-active\" style=\"width: 136.7px;\">             <div class=\"kksr-star\" style=\"padding-right: 5px\">               <div class=\"kksr-icon\" style=\"width: 24px; height: 24px;\"><\/div>         <\/div>             <div class=\"kksr-star\" style=\"padding-right: 5px\">               <div class=\"kksr-icon\" style=\"width: 24px; height: 24px;\"><\/div>         <\/div>             <div class=\"kksr-star\" style=\"padding-right: 5px\">               <div class=\"kksr-icon\" style=\"width: 24px; height: 24px;\"><\/div>         <\/div>             <div class=\"kksr-star\" style=\"padding-right: 5px\">               <div class=\"kksr-icon\" style=\"width: 24px; height: 24px;\"><\/div>         <\/div>             <div class=\"kksr-star\" style=\"padding-right: 5px\">               <div class=\"kksr-icon\" style=\"width: 24px; height: 24px;\"><\/div>         <\/div>     <\/div> <\/div>                   <div class=\"kksr-legend\" style=\"font-size: 19.2px;\">             4.8\/5 - (15 votos)    <\/div>     <\/div>  <p>Esta l\u00ednea de producci\u00f3n de incienso en varitas a peque\u00f1a escala se utiliza principalmente en f\u00e1bricas de incienso medianas y peque\u00f1as que procesan varitas de incienso. El equipo principal de esta planta procesadora de varillas de agarbatti incluye el mezclador de polvo de madera, la m\u00e1quina formadora de varillas de incienso y la m\u00e1quina envasadora de varillas de incienso. La l\u00ednea de procesamiento puede procesar incienso en varillas de diferentes di\u00e1metros y longitudes.<\/p>   <div class=\"wp-block-image\"> <figure class=\"aligncenter size-full\"><img loading=\"lazy\" decoding=\"async\" width=\"720\" height=\"540\" src=\"https:\/\/incensemachinery.com\/wp-content\/uploads\/2022\/08\/stick-incense.jpg\" alt=\"incienso en barra\" class=\"wp-image-143\" srcset=\"https:\/\/incensemachinery.com\/wp-content\/uploads\/2022\/08\/stick-incense.jpg 720w, https:\/\/incensemachinery.com\/wp-content\/uploads\/2022\/08\/stick-incense-300x225.jpg 300w\" sizes=\"auto, (max-width: 720px) 100vw, 720px\" \/><figcaption>incienso en barra<\/figcaption><\/figure> <\/div>   <h2 class=\"wp-block-heading\">Equipo principal de la planta procesadora de varillas de incienso agarbatti<\/h2>    <p>Esta peque\u00f1a l\u00ednea de procesamiento de varillas de incienso es un producto muy vendido en nuestra f\u00e1brica. Esto se debe a que la planta de procesamiento de barras de agarbatti es simple, f\u00e1cil de operar, de bajo costo y muy rentable. La l\u00ednea de producci\u00f3n incluye principalmente una mezcladora, una m\u00e1quina extrusora de varillas de incienso y una m\u00e1quina empacadora de varillas de incienso. Cuando los clientes nos consultan sobre equipos para fabricar incienso, generalmente recomendamos m\u00e1quinas adecuadas para los clientes en funci\u00f3n de sus necesidades de producci\u00f3n reales.<\/p>    <h3 class=\"wp-block-heading\">M\u00e1quina mezcladora de polvo de madera<\/h3>    <p>Este mezclador autom\u00e1tico horizontal se usa ampliamente en las industrias de piensos, alimentos, qu\u00edmica, fertilizantes, farmac\u00e9utica y otras industrias para mezclar y agitar materiales en polvo, granulados, en escamas, en grumos y viscosos. El mezclador utiliza el principio de ingravidez instant\u00e1nea para mezclar los materiales en el cuerpo mediante mezcla mec\u00e1nica, para lograr el prop\u00f3sito de una mezcla uniforme. Podemos poner las materias primas para hacer incienso, como polvo de madera, polvo pegajoso, agua, fragancia, etc., en una cierta proporci\u00f3n en la batidora para mezclar bien.<\/p>    <figure class=\"wp-block-gallery has-nested-images columns-default is-cropped wp-block-gallery-2 is-layout-flex wp-block-gallery-is-layout-flex\"> <figure class=\"wp-block-image size-large\"><img loading=\"lazy\" decoding=\"async\" width=\"720\" height=\"540\" data-id=\"144\" src=\"https:\/\/incensemachinery.com\/wp-content\/uploads\/2022\/08\/mixer-machine.webp\" alt=\"maquina mezcladora\" class=\"wp-image-144\" srcset=\"https:\/\/incensemachinery.com\/wp-content\/uploads\/2022\/08\/mixer-machine.webp 720w, https:\/\/incensemachinery.com\/wp-content\/uploads\/2022\/08\/mixer-machine-300x225.webp 300w\" sizes=\"auto, (max-width: 720px) 100vw, 720px\" \/><figcaption>maquina mezcladora<\/figcaption><\/figure>    <figure class=\"wp-block-image size-large\"><img loading=\"lazy\" decoding=\"async\" width=\"720\" height=\"540\" data-id=\"145\" src=\"https:\/\/incensemachinery.com\/wp-content\/uploads\/2022\/08\/wood-powder-1.webp\" alt=\"polvo de madera\" class=\"wp-image-145\" srcset=\"https:\/\/incensemachinery.com\/wp-content\/uploads\/2022\/08\/wood-powder-1.webp 720w, https:\/\/incensemachinery.com\/wp-content\/uploads\/2022\/08\/wood-powder-1-300x225.webp 300w\" sizes=\"auto, (max-width: 720px) 100vw, 720px\" \/><figcaption>polvo de madera<\/figcaption><\/figure> <\/figure>    <h4 class=\"wp-block-heading\">Par\u00e1metros del mezclador<\/h4>    <figure class=\"wp-block-table\"><table><tbody><tr><td>Modelo<\/td><td>SL-ZW-0101<\/td><\/tr><tr><td>Peso de agitaci\u00f3n<\/td><td>50 kg\/lote<\/td><\/tr><tr><td>Fuerza<\/td><td>3kW<\/td><\/tr><tr><td>Tama\u00f1o<\/td><td>1100*750*1050mm<\/td><\/tr><tr><td>Peso<\/td><td>300 kilos<\/td><\/tr><\/tbody><\/table><\/figure>    <h3 class=\"wp-block-heading\">M\u00e1quina extrusora de varillas de incienso<\/h3>    <p class=\"translation-block\">La <strong>m\u00e1quina extrusora de incienso<\/strong> es el equipo principal de esta l\u00ednea de producci\u00f3n de varillas de incienso, que se utiliza para envolver y recubrir las materias primas mezcladas en las varillas de bamb\u00fa de manera uniforme. Entre ellas, el grosor y la longitud del recubrimiento del incienso se pueden configurar y ajustar en el panel de control de la m\u00e1quina. La eficiencia de procesamiento de la m\u00e1quina extrusora de varillas de agarbatti es de alrededor de 300 piezas por minuto. Su velocidad de producci\u00f3n tambi\u00e9n es ajustable. El siguiente modelo es una de las extrusoras m\u00e1s vendidas.<\/p>    <figure class=\"wp-block-gallery has-nested-images columns-default is-cropped wp-block-gallery-3 is-layout-flex wp-block-gallery-is-layout-flex\"> <figure class=\"wp-block-image size-large\"><img loading=\"lazy\" decoding=\"async\" width=\"720\" height=\"540\" data-id=\"115\" src=\"https:\/\/incensemachinery.com\/wp-content\/uploads\/2022\/08\/dhoop-incense-stick-making-machine.webp\" alt=\"M\u00e1quina para fabricar varillas de incienso Dhoop\" class=\"wp-image-115\" srcset=\"https:\/\/incensemachinery.com\/wp-content\/uploads\/2022\/08\/dhoop-incense-stick-making-machine.webp 720w, https:\/\/incensemachinery.com\/wp-content\/uploads\/2022\/08\/dhoop-incense-stick-making-machine-300x225.webp 300w\" sizes=\"auto, (max-width: 720px) 100vw, 720px\" \/><figcaption>M\u00e1quina para fabricar varillas de incienso Dhoop<\/figcaption><\/figure>    <figure class=\"wp-block-image size-large\"><img loading=\"lazy\" decoding=\"async\" width=\"720\" height=\"540\" data-id=\"127\" src=\"https:\/\/incensemachinery.com\/wp-content\/uploads\/2022\/08\/stick-incense.webp\" alt=\"incienso en barra\" class=\"wp-image-127\" srcset=\"https:\/\/incensemachinery.com\/wp-content\/uploads\/2022\/08\/stick-incense.webp 720w, https:\/\/incensemachinery.com\/wp-content\/uploads\/2022\/08\/stick-incense-300x225.webp 300w\" sizes=\"auto, (max-width: 720px) 100vw, 720px\" \/><figcaption>incienso en barra agarbatti<\/figcaption><\/figure> <\/figure>    <h4 class=\"wp-block-heading\">Par\u00e1metros de la m\u00e1quina extrusora de incienso.<\/h4>    <figure class=\"wp-block-table\"><table><tbody><tr><td>Modelo<\/td><td>SL-ZW-07<\/td><\/tr><tr><td>Fuerza<\/td><td>3kW<\/td><\/tr><tr><td>Tama\u00f1o del producto final<\/td><td>3-6 mm\u00a02,5 mm de longitud por debajo de 48 cm<\/td><\/tr><tr><td>Tama\u00f1o del paquete<\/td><td>800*1050*800mm<\/td><\/tr><tr><td>Velocidad<\/td><td>M\u00e1s de 300 unidades\/minuto<\/td><\/tr><tr><td>Peso<\/td><td>300 kilos<\/td><\/tr><\/tbody><\/table><\/figure>    <h3 class=\"wp-block-heading\">M\u00e1quina envasadora de incienso en barra<\/h3>    <p class=\"translation-block\">Este tipo de <strong><a href=\"https:\/\/taizypackaging.com\/incense-stick-counting-and-packing-machine\/\" target=\"_blank\" rel=\"noopener\">m\u00e1quina de envasado de varillas de incienso<\/a><\/strong> tiene la funci\u00f3n de contar y envasar autom\u00e1ticamente. Puede envasar las varillas de incienso de agarbatti secas autom\u00e1ticamente seg\u00fan las especificaciones de envasado determinadas. Esta m\u00e1quina de envasado puede reemplazar a un gran n\u00famero de trabajadores manuales para contar y envasar el incienso en varillas de agarbatti sin causar da\u00f1os al incienso en varillas. La m\u00e1quina de envasado de varillas de incienso se puede utilizar para envasar todo tipo de varillas de incienso de entre 1 y 100 cm de longitud.<\/p>   <div class=\"wp-block-image\"> <figure class=\"aligncenter size-full\"><img loading=\"lazy\" decoding=\"async\" width=\"720\" height=\"540\" src=\"https:\/\/incensemachinery.com\/wp-content\/uploads\/2022\/08\/incense-stick-packaging-machine.webp\" alt=\"empaquetadora de varillas de incienso\" class=\"wp-image-146\" srcset=\"https:\/\/incensemachinery.com\/wp-content\/uploads\/2022\/08\/incense-stick-packaging-machine.webp 720w, https:\/\/incensemachinery.com\/wp-content\/uploads\/2022\/08\/incense-stick-packaging-machine-300x225.webp 300w\" sizes=\"auto, (max-width: 720px) 100vw, 720px\" \/><figcaption>empaquetadora de varillas de incienso<\/figcaption><\/figure> <\/div>   <h4 class=\"wp-block-heading\">Par\u00e1metros de la m\u00e1quina envasadora de incienso.<\/h4>    <figure class=\"wp-block-table\"><table><tbody><tr><td>Modelo<\/td><td>SL-CX-350<\/td><\/tr><tr><td>Fuerza<\/td><td>220V\/3kW<\/td><\/tr><tr><td>Tipo de embalaje<\/td><td>tipo H<\/td><\/tr><tr><td>Velocidad<\/td><td>30-50 bolsas\/minuto<\/td><\/tr><tr><td>El espesor de la pel\u00edcula pl\u00e1stica.<\/td><td>1,0\u20142,2 \u00b5m<\/td><\/tr><tr><td>Ancho del embalaje<\/td><td>300 mm<\/td><\/tr><tr><td>Altura del embalaje<\/td><td>\u226480mm&nbsp;&nbsp;<\/td><\/tr><tr><td>Tus requisitos<\/td><td>Di\u00e1metro: 5-6 mm, 100 unidades\/bolsa<\/td><\/tr><tr><td>Tama\u00f1o<\/td><td>2300*1400*1450 &nbsp;&nbsp;<\/td><\/tr><tr><td>peso<\/td><td>350 kilos<\/td><\/tr><tr><td>Adecuado<\/td><td>Varitas de incienso, pajitas para beber, palitos para barbacoa, etc.<\/td><\/tr><\/tbody><\/table><\/figure>    <figure class=\"wp-block-gallery has-nested-images columns-2 is-cropped wp-block-gallery-4 is-layout-flex wp-block-gallery-is-layout-flex\"> <figure class=\"wp-block-image size-large\"><img loading=\"lazy\" decoding=\"async\" width=\"720\" height=\"540\" data-id=\"147\" src=\"https:\/\/incensemachinery.com\/wp-content\/uploads\/2022\/08\/agarbatti-incense-stick-plants-in-Vietnam.webp\" alt=\"Plantas de varillas de incienso agarbatti en Vietnam\" class=\"wp-image-147\" srcset=\"https:\/\/incensemachinery.com\/wp-content\/uploads\/2022\/08\/agarbatti-incense-stick-plants-in-Vietnam.webp 720w, https:\/\/incensemachinery.com\/wp-content\/uploads\/2022\/08\/agarbatti-incense-stick-plants-in-Vietnam-300x225.webp 300w\" sizes=\"auto, (max-width: 720px) 100vw, 720px\" \/><figcaption>Plantas de varillas de incienso agarbatti en Vietnam<\/figcaption><\/figure>    <figure class=\"wp-block-image size-large\"><img loading=\"lazy\" decoding=\"async\" width=\"720\" height=\"540\" data-id=\"148\" src=\"https:\/\/incensemachinery.com\/wp-content\/uploads\/2022\/08\/incense-machine-factory.webp\" alt=\"f\u00e1brica de m\u00e1quinas de incienso\" class=\"wp-image-148\" srcset=\"https:\/\/incensemachinery.com\/wp-content\/uploads\/2022\/08\/incense-machine-factory.webp 720w, https:\/\/incensemachinery.com\/wp-content\/uploads\/2022\/08\/incense-machine-factory-300x225.webp 300w\" sizes=\"auto, (max-width: 720px) 100vw, 720px\" \/><figcaption>f\u00e1brica de m\u00e1quinas de incienso<\/figcaption><\/figure>    <figure class=\"wp-block-image size-large\"><img loading=\"lazy\" decoding=\"async\" width=\"720\" height=\"540\" data-id=\"149\" src=\"https:\/\/incensemachinery.com\/wp-content\/uploads\/2022\/08\/stick-incense-making.webp\" alt=\"hacer incienso en barra\" class=\"wp-image-149\" srcset=\"https:\/\/incensemachinery.com\/wp-content\/uploads\/2022\/08\/stick-incense-making.webp 720w, https:\/\/incensemachinery.com\/wp-content\/uploads\/2022\/08\/stick-incense-making-300x225.webp 300w\" sizes=\"auto, (max-width: 720px) 100vw, 720px\" \/><figcaption>hacer incienso en barra<\/figcaption><\/figure>    <figure class=\"wp-block-image size-large\"><img loading=\"lazy\" decoding=\"async\" width=\"720\" height=\"540\" data-id=\"150\" src=\"https:\/\/incensemachinery.com\/wp-content\/uploads\/2022\/08\/white-stick-incense-making.webp\" alt=\"hacer incienso de varita blanca\" class=\"wp-image-150\" srcset=\"https:\/\/incensemachinery.com\/wp-content\/uploads\/2022\/08\/white-stick-incense-making.webp 720w, https:\/\/incensemachinery.com\/wp-content\/uploads\/2022\/08\/white-stick-incense-making-300x225.webp 300w\" sizes=\"auto, (max-width: 720px) 100vw, 720px\" \/><figcaption>hacer incienso de varita blanca<\/figcaption><\/figure> <\/figure>    <h2 class=\"wp-block-heading\">Caracter\u00edsticas de la l\u00ednea de producci\u00f3n de incienso en varitas peque\u00f1as.<\/h2>    <p>Esta planta de procesamiento de varillas de incienso a peque\u00f1a escala es una soluci\u00f3n sencilla de producci\u00f3n de incienso dise\u00f1ada por nuestra f\u00e1brica de Shuliy basada en la mayor\u00eda de las opciones de nuestros clientes. El bajo coste de esta l\u00ednea es adecuado para clientes con un alto volumen de procesamiento pero un bajo presupuesto de inversi\u00f3n. Esta l\u00ednea b\u00e1sicamente puede satisfacer las necesidades del 70% de las f\u00e1bricas de incienso.<\/p>    <p>El equipo de esta l\u00ednea de procesamiento de barras de agarbatti es solo un dise\u00f1o de referencia. Por ejemplo, si el cliente produce varitas de incienso que no necesitan ser empaquetadas, no es necesario comprar una m\u00e1quina empacadora de varitas de incienso. Por lo general, nuestra f\u00e1brica puede personalizar una soluci\u00f3n adecuada para nuestros clientes de acuerdo con sus necesidades de procesamiento y presupuesto de inversi\u00f3n.<\/p>","protected":false},"excerpt":{"rendered":"<p>This small-scale stick incense production line is mainly used in medium and small incense factories that process incense sticks. The main equipment of this agarbatti stick processing plant includes the wood powder mixer, stick incense forming machine, and stick incense packaging machine. The processing line can process stick incense of different diameters and lengths. Main [&hellip;]<\/p>\n","protected":false},"author":1,"featured_media":139,"parent":0,"template":"","tags":[13],"product-type":[7],"class_list":["post-138","product","type-product","status-publish","has-post-thumbnail","hentry","tag-stick-incense","product-type-incense-stick-production-line"],"_links":{"self":[{"href":"https:\/\/incensemachinery.com\/es\/wp-json\/wp\/v2\/product\/138","targetHints":{"allow":["GET"]}}],"collection":[{"href":"https:\/\/incensemachinery.com\/es\/wp-json\/wp\/v2\/product"}],"about":[{"href":"https:\/\/incensemachinery.com\/es\/wp-json\/wp\/v2\/types\/product"}],"author":[{"embeddable":true,"href":"https:\/\/incensemachinery.com\/es\/wp-json\/wp\/v2\/users\/1"}],"wp:featuredmedia":[{"embeddable":true,"href":"https:\/\/incensemachinery.com\/es\/wp-json\/wp\/v2\/media\/139"}],"wp:attachment":[{"href":"https:\/\/incensemachinery.com\/es\/wp-json\/wp\/v2\/media?parent=138"}],"wp:term":[{"taxonomy":"post_tag","embeddable":true,"href":"https:\/\/incensemachinery.com\/es\/wp-json\/wp\/v2\/tags?post=138"},{"taxonomy":"product-type","embeddable":true,"href":"https:\/\/incensemachinery.com\/es\/wp-json\/wp\/v2\/product-type?post=138"}],"curies":[{"name":"wp","href":"https:\/\/api.w.org\/{rel}","templated":true}]}}