{"id":118,"date":"2022-08-03T10:43:01","date_gmt":"2022-08-03T10:43:01","guid":{"rendered":"https:\/\/incensemachinery.com\/?post_type=product&#038;p=118"},"modified":"2025-07-03T16:24:50","modified_gmt":"2025-07-03T08:24:50","slug":"thread-incense-making-machine","status":"publish","type":"product","link":"https:\/\/incensemachinery.com\/es\/product\/thread-incense-making-machine\/","title":{"rendered":"M\u00e1quina para hacer incienso | M\u00e1quina de incienso de hilo"},"content":{"rendered":"<div class=\"kk-star-ratings kksr-auto kksr-align-left kksr-valign-top\"     data-payload='{&quot;align&quot;:&quot;left&quot;,&quot;id&quot;:&quot;118&quot;,&quot;slug&quot;:&quot;default&quot;,&quot;valign&quot;:&quot;top&quot;,&quot;ignore&quot;:&quot;&quot;,&quot;reference&quot;:&quot;auto&quot;,&quot;class&quot;:&quot;&quot;,&quot;count&quot;:&quot;14&quot;,&quot;legendonly&quot;:&quot;&quot;,&quot;readonly&quot;:&quot;&quot;,&quot;score&quot;:&quot;4.9&quot;,&quot;starsonly&quot;:&quot;&quot;,&quot;best&quot;:&quot;5&quot;,&quot;gap&quot;:&quot;5&quot;,&quot;greet&quot;:&quot;Rate this product&quot;,&quot;legend&quot;:&quot;4.9\\\/5 - (14 votos)&quot;,&quot;size&quot;:&quot;24&quot;,&quot;title&quot;:&quot;Incense Making Machine | Thread Incense Machine&quot;,&quot;width&quot;:&quot;139.6&quot;,&quot;_legend&quot;:&quot;{score}\\\/{best} - ({count} {votes})&quot;,&quot;font_factor&quot;:&quot;1.25&quot;}'>              <div class=\"kksr-stars\">      <div class=\"kksr-stars-inactive\">             <div class=\"kksr-star\" data-star=\"1\" style=\"padding-right: 5px\">               <div class=\"kksr-icon\" style=\"width: 24px; height: 24px;\"><\/div>         <\/div>             <div class=\"kksr-star\" data-star=\"2\" style=\"padding-right: 5px\">               <div class=\"kksr-icon\" style=\"width: 24px; height: 24px;\"><\/div>         <\/div>             <div class=\"kksr-star\" data-star=\"3\" style=\"padding-right: 5px\">               <div class=\"kksr-icon\" style=\"width: 24px; height: 24px;\"><\/div>         <\/div>             <div class=\"kksr-star\" data-star=\"4\" style=\"padding-right: 5px\">               <div class=\"kksr-icon\" style=\"width: 24px; height: 24px;\"><\/div>         <\/div>             <div class=\"kksr-star\" data-star=\"5\" style=\"padding-right: 5px\">               <div class=\"kksr-icon\" style=\"width: 24px; height: 24px;\"><\/div>         <\/div>     <\/div>      <div class=\"kksr-stars-active\" style=\"width: 139.6px;\">             <div class=\"kksr-star\" style=\"padding-right: 5px\">               <div class=\"kksr-icon\" style=\"width: 24px; height: 24px;\"><\/div>         <\/div>             <div class=\"kksr-star\" style=\"padding-right: 5px\">               <div class=\"kksr-icon\" style=\"width: 24px; height: 24px;\"><\/div>         <\/div>             <div class=\"kksr-star\" style=\"padding-right: 5px\">               <div class=\"kksr-icon\" style=\"width: 24px; height: 24px;\"><\/div>         <\/div>             <div class=\"kksr-star\" style=\"padding-right: 5px\">               <div class=\"kksr-icon\" style=\"width: 24px; height: 24px;\"><\/div>         <\/div>             <div class=\"kksr-star\" style=\"padding-right: 5px\">               <div class=\"kksr-icon\" style=\"width: 24px; height: 24px;\"><\/div>         <\/div>     <\/div> <\/div>                   <div class=\"kksr-legend\" style=\"font-size: 19.2px;\">             4.9\/5 - (14 votos)    <\/div>     <\/div>  <p class=\"translation-block\">Esta m\u00e1quina autom\u00e1tica para hacer incienso tambi\u00e9n se puede llamar m\u00e1quina de incienso en barra, pero se utiliza principalmente para hacer incienso sin varillas de bamb\u00fa. Esta m\u00e1quina de incienso de hilo puede procesar varios tipos de varillas de incienso de diferentes di\u00e1metros y longitudes. El incienso producido por esta m\u00e1quina se usa generalmente como <strong><a href=\"https:\/\/buddingbuddhist.com\/what-kind-of-incense-is-used-in-buddhist-temples\/\" target=\"_blank\" rel=\"noopener\">incienso budista<\/a><\/strong> e incienso de interior en barra. Al agregar diferentes colores a la materia prima, la m\u00e1quina tambi\u00e9n puede procesar varillas de incienso de colores.<\/p>    <figure class=\"wp-block-gallery has-nested-images columns-default is-cropped wp-block-gallery-2 is-layout-flex wp-block-gallery-is-layout-flex\"> <figure class=\"wp-block-image size-large\"><img loading=\"lazy\" decoding=\"async\" width=\"720\" height=\"540\" data-id=\"124\" src=\"https:\/\/incensemachinery.com\/wp-content\/uploads\/2022\/08\/industrial-thread-incense-stick-machine.webp\" alt=\"M\u00e1quina industrial de varillas de incienso de hilo.\" class=\"wp-image-124\" srcset=\"https:\/\/incensemachinery.com\/wp-content\/uploads\/2022\/08\/industrial-thread-incense-stick-machine.webp 720w, https:\/\/incensemachinery.com\/wp-content\/uploads\/2022\/08\/industrial-thread-incense-stick-machine-300x225.webp 300w\" sizes=\"auto, (max-width: 720px) 100vw, 720px\" \/><figcaption class=\"wp-element-caption\">M\u00e1quina industrial de varillas de incienso de hilo.<\/figcaption><\/figure>    <figure class=\"wp-block-image size-large\"><img loading=\"lazy\" decoding=\"async\" width=\"720\" height=\"540\" data-id=\"125\" src=\"https:\/\/incensemachinery.com\/wp-content\/uploads\/2022\/08\/thread-incense-stick.webp\" alt=\"varilla de incienso de hilo\" class=\"wp-image-125\" srcset=\"https:\/\/incensemachinery.com\/wp-content\/uploads\/2022\/08\/thread-incense-stick.webp 720w, https:\/\/incensemachinery.com\/wp-content\/uploads\/2022\/08\/thread-incense-stick-300x225.webp 300w\" sizes=\"auto, (max-width: 720px) 100vw, 720px\" \/><figcaption class=\"wp-element-caption\">varilla de incienso de hilo<\/figcaption><\/figure> <\/figure>    <h2 class=\"wp-block-heading\" id=\"h-raw-materials-for-making-incense\">Materias primas para hacer incienso.<\/h2>    <p>Las materias primas b\u00e1sicas para procesar incienso son principalmente polvo de madera m\u00e1s fino (malla 60-100), polvo pegajoso, pigmentos, aromas, etc. Entre ellos, el polvo pegajoso no es el tipo de goma en polvo que se usa en la industria, sino el polvo hecho de La corteza, ramas, hojas y ra\u00edces de los \u00e1rboles se vuelven pegajosas. Este polvo ser\u00e1 pegajoso cuando entre en contacto con el agua, es mucilaginoso y tiene una fuerte pegajosidad.<\/p>    <h2 class=\"wp-block-heading\" id=\"h-incense-with-stick-vs-incense-without-sticks\">Incienso con varilla VS incienso sin varilla<\/h2>    <p class=\"translation-block\">Hay dos tipos principales de incienso en barra que solemos ver, uno con varilla de bamb\u00fa o madera y otro sin varilla. De hecho, no hay diferencia entre estos dos tipos de incienso en cuanto a uso, solo una ligera diferencia en la apariencia. El <strong><a href=\"https:\/\/incensemachinery.com\/es\/product\/agarbatti-incense-stick-machine\/?swcfpc=1\">incienso en barra con varilla de bamb\u00fa<\/a><\/strong> es f\u00e1cil de insertar en el lugar donde se enciende el incienso y f\u00e1cil de sujetar. El que no tiene varilla suele necesitar colocarse en el quemador de incienso.<\/p>    <figure class=\"wp-block-gallery has-nested-images columns-default is-cropped wp-block-gallery-3 is-layout-flex wp-block-gallery-is-layout-flex\"> <figure class=\"wp-block-image size-large\"><img loading=\"lazy\" decoding=\"async\" width=\"720\" height=\"540\" data-id=\"127\" src=\"https:\/\/incensemachinery.com\/wp-content\/uploads\/2022\/08\/stick-incense.webp\" alt=\"incienso en barra\" class=\"wp-image-127\" srcset=\"https:\/\/incensemachinery.com\/wp-content\/uploads\/2022\/08\/stick-incense.webp 720w, https:\/\/incensemachinery.com\/wp-content\/uploads\/2022\/08\/stick-incense-300x225.webp 300w\" sizes=\"auto, (max-width: 720px) 100vw, 720px\" \/><figcaption class=\"wp-element-caption\">incienso en barra<\/figcaption><\/figure>    <figure class=\"wp-block-image size-large\"><img loading=\"lazy\" decoding=\"async\" width=\"720\" height=\"540\" data-id=\"128\" src=\"https:\/\/incensemachinery.com\/wp-content\/uploads\/2022\/08\/thread-incense-without-sticks.webp\" alt=\"incienso de hilo sin varillas\" class=\"wp-image-128\" srcset=\"https:\/\/incensemachinery.com\/wp-content\/uploads\/2022\/08\/thread-incense-without-sticks.webp 720w, https:\/\/incensemachinery.com\/wp-content\/uploads\/2022\/08\/thread-incense-without-sticks-300x225.webp 300w\" sizes=\"auto, (max-width: 720px) 100vw, 720px\" \/><figcaption class=\"wp-element-caption\">incienso de hilo sin varillas<\/figcaption><\/figure> <\/figure>    <h2 class=\"wp-block-heading\" id=\"h-main-structure-of-thread-incense-making-machine\">Estructura principal de la m\u00e1quina para fabricar incienso de hilo.<\/h2>    <p>La m\u00e1quina de incienso completa incluye una m\u00e1quina extrusora, tres transportadores (un transportador para alimentaci\u00f3n, un transportador con cortadores y un transportador para transporte) y una m\u00e1quina apiladora. El tama\u00f1o del incienso se puede personalizar seg\u00fan el pedido del cliente y tambi\u00e9n se pueden cambiar los moldes del interior para producir diferentes formas o diferentes di\u00e1metros de incienso final.<\/p>    <figure class=\"wp-block-gallery has-nested-images columns-default is-cropped wp-block-gallery-4 is-layout-flex wp-block-gallery-is-layout-flex\"> <figure class=\"wp-block-image size-large\"><img loading=\"lazy\" decoding=\"async\" width=\"720\" height=\"540\" data-id=\"130\" src=\"https:\/\/incensemachinery.com\/wp-content\/uploads\/2022\/08\/small-thread-incense-processing-line.webp\" alt=\"l\u00ednea de procesamiento de incienso de hilo peque\u00f1o\" class=\"wp-image-130\" srcset=\"https:\/\/incensemachinery.com\/wp-content\/uploads\/2022\/08\/small-thread-incense-processing-line.webp 720w, https:\/\/incensemachinery.com\/wp-content\/uploads\/2022\/08\/small-thread-incense-processing-line-300x225.webp 300w\" sizes=\"auto, (max-width: 720px) 100vw, 720px\" \/><figcaption class=\"wp-element-caption\">l\u00ednea de procesamiento de incienso de hilo peque\u00f1o<\/figcaption><\/figure>    <figure class=\"wp-block-image size-large\"><img loading=\"lazy\" decoding=\"async\" width=\"720\" height=\"540\" data-id=\"134\" src=\"https:\/\/incensemachinery.com\/wp-content\/uploads\/2022\/08\/stick-incense-extruding-molds.webp\" alt=\"moldes de extrusi\u00f3n de incienso en barra\" class=\"wp-image-134\" srcset=\"https:\/\/incensemachinery.com\/wp-content\/uploads\/2022\/08\/stick-incense-extruding-molds.webp 720w, https:\/\/incensemachinery.com\/wp-content\/uploads\/2022\/08\/stick-incense-extruding-molds-300x225.webp 300w\" sizes=\"auto, (max-width: 720px) 100vw, 720px\" \/><figcaption class=\"wp-element-caption\">moldes de extrusi\u00f3n de incienso en barra<\/figcaption><\/figure> <\/figure>    <h2 class=\"wp-block-heading\" id=\"h-main-advantages-of-shuliy-stick-incense-machine\">Principales ventajas de la m\u00e1quina de incienso en barra Shuliy<\/h2>    <ol class=\"wp-block-list\"> <li>Las m\u00e1quinas de incienso de la f\u00e1brica Shuliy est\u00e1n disponibles en varios modelos. Simplemente d\u00edganos el tipo y tama\u00f1o de incienso que desea procesar y le recomendaremos la m\u00e1quina para fabricar incienso m\u00e1s adecuada y una soluci\u00f3n completa de procesamiento de incienso con un rendimiento de alto costo.<\/li>    <li>La f\u00e1brica Shuliy insiste en la innovaci\u00f3n y el desarrollo, actualizando constantemente los equipos de fabricaci\u00f3n de incienso en funci\u00f3n de los comentarios de los clientes. Por lo tanto, nuestra f\u00e1brica puede personalizar las soluciones de procesamiento de varillas de incienso adecuadas para cada cliente. Podemos personalizar el di\u00e1metro, longitud, forma, patr\u00f3n, fragancia, contenido de cenizas, tiempo de ignici\u00f3n, tiempo de combusti\u00f3n, etc. seg\u00fan las necesidades del cliente.<\/li> <\/ol>    <figure class=\"wp-block-gallery has-nested-images columns-2 is-cropped wp-block-gallery-5 is-layout-flex wp-block-gallery-is-layout-flex\"> <figure class=\"wp-block-image size-large\"><img loading=\"lazy\" decoding=\"async\" width=\"720\" height=\"540\" data-id=\"131\" src=\"https:\/\/incensemachinery.com\/wp-content\/uploads\/2022\/08\/incense-making-machine-packaing-and-shipping.webp\" alt=\"Embalaje y env\u00edo de la m\u00e1quina para fabricar incienso.\" class=\"wp-image-131\" srcset=\"https:\/\/incensemachinery.com\/wp-content\/uploads\/2022\/08\/incense-making-machine-packaing-and-shipping.webp 720w, https:\/\/incensemachinery.com\/wp-content\/uploads\/2022\/08\/incense-making-machine-packaing-and-shipping-300x225.webp 300w\" sizes=\"auto, (max-width: 720px) 100vw, 720px\" \/><figcaption class=\"wp-element-caption\">Embalaje y env\u00edo de la m\u00e1quina para fabricar incienso.<\/figcaption><\/figure>    <figure class=\"wp-block-image size-large\"><img loading=\"lazy\" decoding=\"async\" width=\"720\" height=\"540\" data-id=\"132\" src=\"https:\/\/incensemachinery.com\/wp-content\/uploads\/2022\/08\/thread-incense-machine-shipment.webp\" alt=\"Env\u00edo de m\u00e1quina de incienso de hilo.\" class=\"wp-image-132\" srcset=\"https:\/\/incensemachinery.com\/wp-content\/uploads\/2022\/08\/thread-incense-machine-shipment.webp 720w, https:\/\/incensemachinery.com\/wp-content\/uploads\/2022\/08\/thread-incense-machine-shipment-300x225.webp 300w\" sizes=\"auto, (max-width: 720px) 100vw, 720px\" \/><figcaption class=\"wp-element-caption\">Env\u00edo de m\u00e1quina de incienso de hilo.<\/figcaption><\/figure>    <figure class=\"wp-block-image size-large\"><img loading=\"lazy\" decoding=\"async\" width=\"720\" height=\"540\" data-id=\"120\" src=\"https:\/\/incensemachinery.com\/wp-content\/uploads\/2022\/08\/complete-thread-incense-machine.webp\" alt=\"maquina de incienso de hilo completa\" class=\"wp-image-120\" srcset=\"https:\/\/incensemachinery.com\/wp-content\/uploads\/2022\/08\/complete-thread-incense-machine.webp 720w, https:\/\/incensemachinery.com\/wp-content\/uploads\/2022\/08\/complete-thread-incense-machine-300x225.webp 300w\" sizes=\"auto, (max-width: 720px) 100vw, 720px\" \/><figcaption class=\"wp-element-caption\">maquina de incienso de hilo completa<\/figcaption><\/figure>    <figure class=\"wp-block-image size-large\"><img loading=\"lazy\" decoding=\"async\" width=\"720\" height=\"540\" data-id=\"121\" src=\"https:\/\/incensemachinery.com\/wp-content\/uploads\/2022\/08\/incense-making-machine-for-sale.webp\" alt=\"Vendo maquina para hacer incienso\" class=\"wp-image-121\" srcset=\"https:\/\/incensemachinery.com\/wp-content\/uploads\/2022\/08\/incense-making-machine-for-sale.webp 720w, https:\/\/incensemachinery.com\/wp-content\/uploads\/2022\/08\/incense-making-machine-for-sale-300x225.webp 300w\" sizes=\"auto, (max-width: 720px) 100vw, 720px\" \/><figcaption class=\"wp-element-caption\">Vendo maquina para hacer incienso<\/figcaption><\/figure> <\/figure>    <h2 class=\"wp-block-heading\" id=\"h-how-to-dry-the-incense-sticks\">\u00bfC\u00f3mo secar las varitas de incienso?<\/h2>    <p class=\"translation-block\">El incienso de hilo es blando cuando se acaba de hacer porque contiene una cierta cantidad de agua, y es f\u00e1cil de doblar y romper. Por lo tanto, para evitar la deformaci\u00f3n de las varillas de incienso, generalmente necesitamos usar bandejas para secar el incienso cortado, y el secado del incienso en barra se puede hacer de forma natural o utilizando una <strong><a href=\"https:\/\/dryingplant.com\/\" target=\"_blank\" rel=\"noopener\">m\u00e1quina secadora<\/a><\/strong>. Nuestra f\u00e1brica puede proporcionar equipos de secado para el secado continuo de varillas de incienso.<\/p>    <p>El m\u00e9todo de secado natural es m\u00e1s com\u00fan. Sin embargo, es importante se\u00f1alar que el secado natural del incienso en hilo no debe realizarse directamente al sol, sino en un lugar fresco y ventilado. Esto se debe a que las varitas de incienso colocadas al sol se calentar\u00e1n de manera desigual y se doblar\u00e1n y agrietar\u00e1n.<\/p>    <figure class=\"wp-block-gallery has-nested-images columns-default is-cropped wp-block-gallery-6 is-layout-flex wp-block-gallery-is-layout-flex\"> <figure class=\"wp-block-image size-full\"><img loading=\"lazy\" decoding=\"async\" width=\"720\" height=\"540\" data-id=\"165\" src=\"https:\/\/incensemachinery.com\/wp-content\/uploads\/2022\/08\/thread-incense-processing.webp\" alt=\"\" class=\"wp-image-165\" srcset=\"https:\/\/incensemachinery.com\/wp-content\/uploads\/2022\/08\/thread-incense-processing.webp 720w, https:\/\/incensemachinery.com\/wp-content\/uploads\/2022\/08\/thread-incense-processing-300x225.webp 300w\" sizes=\"auto, (max-width: 720px) 100vw, 720px\" \/><figcaption class=\"wp-element-caption\">incienso espeso<\/figcaption><\/figure>    <figure class=\"wp-block-image size-large\"><img loading=\"lazy\" decoding=\"async\" width=\"540\" height=\"720\" data-id=\"136\" src=\"https:\/\/incensemachinery.com\/wp-content\/uploads\/2022\/08\/thin-thread-incense-sticks.webp\" alt=\"varitas de incienso de hilo fino\" class=\"wp-image-136\" srcset=\"https:\/\/incensemachinery.com\/wp-content\/uploads\/2022\/08\/thin-thread-incense-sticks.webp 540w, https:\/\/incensemachinery.com\/wp-content\/uploads\/2022\/08\/thin-thread-incense-sticks-225x300.webp 225w\" sizes=\"auto, (max-width: 540px) 100vw, 540px\" \/><figcaption class=\"wp-element-caption\">varitas de incienso de hilo fino<\/figcaption><\/figure> <\/figure>    <h2 class=\"wp-block-heading\" id=\"h-parameters-of-incense-making-machine\">Par\u00e1metros de la m\u00e1quina para hacer incienso.<\/h2>    <figure class=\"wp-block-table\"><table><tbody><tr><td>Modelo<\/td><td>SL-ZX-4<\/td><\/tr><tr><td>Capacidad<\/td><td>1000 kg por d\u00eda<\/td><\/tr><tr><td>Fuerza<\/td><td>5,5 kw<\/td><\/tr><tr><td>Voltaje<\/td><td>380V<\/td><\/tr><tr><td>Tama\u00f1o del producto final<\/td><td>Di\u00e1metro (1-5 mm) * 1,25 m<\/td><\/tr><tr><td>Tama\u00f1o de la m\u00e1quina<\/td><td>8*3,5*2m<\/td><\/tr><\/tbody><\/table><\/figure>    <h2 class=\"wp-block-heading\">V\u00eddeo de la m\u00e1quina para fabricar varillas de incienso con hilo<\/h2>    <figure class=\"wp-block-embed is-type-video is-provider-youtube wp-block-embed-youtube wp-embed-aspect-16-9 wp-has-aspect-ratio\"><div class=\"wp-block-embed__wrapper\"> <iframe loading=\"lazy\" title=\"M\u00e1quina para fabricar varillas de incienso con hilo | L\u00ednea de producci\u00f3n continua de varillas de incienso #incense\" width=\"500\" height=\"281\" src=\"https:\/\/www.youtube.com\/embed\/ZD-PTHOlQ9I?feature=oembed\" frameborder=\"0\" allow=\"accelerometer; autoplay; clipboard-write; encrypted-media; gyroscope; picture-in-picture; web-share\" referrerpolicy=\"strict-origin-when-cross-origin\" allowfullscreen><\/iframe> <\/div><\/figure>","protected":false},"excerpt":{"rendered":"<p>This automatic incense making machine can also be called a stick incense machine, but it is mainly used to make incense without bamboo sticks. This thread incense machine can process various types of incense sticks of different diameters and lengths. The incense produced by this machine is usually used as Buddhist incense and indoor incense [&hellip;]<\/p>\n","protected":false},"author":1,"featured_media":119,"parent":0,"template":"","tags":[13],"product-type":[4],"class_list":["post-118","product","type-product","status-publish","has-post-thumbnail","hentry","tag-stick-incense","product-type-incense-making-machine"],"_links":{"self":[{"href":"https:\/\/incensemachinery.com\/es\/wp-json\/wp\/v2\/product\/118","targetHints":{"allow":["GET"]}}],"collection":[{"href":"https:\/\/incensemachinery.com\/es\/wp-json\/wp\/v2\/product"}],"about":[{"href":"https:\/\/incensemachinery.com\/es\/wp-json\/wp\/v2\/types\/product"}],"author":[{"embeddable":true,"href":"https:\/\/incensemachinery.com\/es\/wp-json\/wp\/v2\/users\/1"}],"wp:featuredmedia":[{"embeddable":true,"href":"https:\/\/incensemachinery.com\/es\/wp-json\/wp\/v2\/media\/119"}],"wp:attachment":[{"href":"https:\/\/incensemachinery.com\/es\/wp-json\/wp\/v2\/media?parent=118"}],"wp:term":[{"taxonomy":"post_tag","embeddable":true,"href":"https:\/\/incensemachinery.com\/es\/wp-json\/wp\/v2\/tags?post=118"},{"taxonomy":"product-type","embeddable":true,"href":"https:\/\/incensemachinery.com\/es\/wp-json\/wp\/v2\/product-type?post=118"}],"curies":[{"name":"wp","href":"https:\/\/api.w.org\/{rel}","templated":true}]}}