{"id":23,"date":"2022-08-02T10:17:01","date_gmt":"2022-08-02T10:17:01","guid":{"rendered":"https:\/\/incensemachinery.com\/?page_id=23"},"modified":"2025-08-13T17:19:29","modified_gmt":"2025-08-13T09:19:29","slug":"contact-us","status":"publish","type":"page","link":"https:\/\/incensemachinery.com\/es\/contact-us\/","title":{"rendered":"Cont\u00e1ctenos"},"content":{"rendered":"<p>Zhengzhou Shuliy Machinery Equipment Co., Ltd. se especializa en la investigaci\u00f3n, fabricaci\u00f3n y exportaci\u00f3n de m\u00e1quinas para hacer incienso de alta calidad y equipos de producci\u00f3n relacionados. Con m\u00e1s de una d\u00e9cada de experiencia en la industria de la maquinaria, estamos comprometidos a proporcionar soluciones eficientes, confiables y rentables para negocios de producci\u00f3n de incienso en todo el mundo.<\/p>    <p>Nuestros productos est\u00e1n dise\u00f1ados para mejorar la eficiencia de producci\u00f3n, reducir los costos de mano de obra y garantizar una calidad constante, ayudando a los clientes a lograr una mayor rentabilidad y competitividad en el mercado. Las m\u00e1quinas Shuliy se han exportado a m\u00e1s de 50 pa\u00edses, ganando una s\u00f3lida reputaci\u00f3n por su excelente rendimiento, durabilidad y operaci\u00f3n f\u00e1cil de usar.<\/p>    <p>Mantenemos el principio de \"El Cliente Primero\", ofreciendo soporte completo desde la consulta previa a la venta, soluciones personalizadas y entrega r\u00e1pida, hasta un servicio postventa integral que incluye instalaci\u00f3n, capacitaci\u00f3n y mantenimiento.<\/p>    <p>Su producci\u00f3n, nuestro compromiso: Shuliy es su socio de confianza en la industria del incienso.<\/p>    <p class=\"translation-block\"><strong>Detalles de contacto a continuaci\u00f3n<\/strong><\/p>    <p>WhatsApp\/WeChat\/Tel: +86 19139754781<\/p>    <p>Correo electr\u00f3nico: info@incensemachinery.com<\/p>    <h2 class=\"wp-block-heading alignwide has-text-align-left\" style=\"font-size:30px\">Ofrecemos<\/h2>    <div class=\"wp-block-media-text alignwide is-stacked-on-mobile\"><figure class=\"wp-block-media-text__media\"><img loading=\"lazy\" decoding=\"async\" width=\"720\" height=\"540\" src=\"https:\/\/incensemachinery.com\/wp-content\/uploads\/2025\/08\/South-African-customers-visit.webp\" alt=\"Visita de clientes sudafricanos\" class=\"wp-image-520 size-full\" srcset=\"https:\/\/incensemachinery.com\/wp-content\/uploads\/2025\/08\/South-African-customers-visit.webp 720w, https:\/\/incensemachinery.com\/wp-content\/uploads\/2025\/08\/South-African-customers-visit-300x225.webp 300w, https:\/\/incensemachinery.com\/wp-content\/uploads\/2025\/08\/South-African-customers-visit-16x12.webp 16w\" sizes=\"auto, (max-width: 720px) 100vw, 720px\" \/><\/figure><div class=\"wp-block-media-text__content\"> <p>Servicio de recorrido virtual de f\u00e1brica: Si no puede visitar China, nuestro personal de ventas profesional le proporcionar\u00e1 un servicio completo de recorrido virtual de f\u00e1brica. Puede ver informaci\u00f3n detallada sobre las m\u00e1quinas, sus m\u00e9todos de operaci\u00f3n y el entorno de la f\u00e1brica.<\/p> <\/div><\/div>    <div class=\"wp-block-media-text alignwide has-media-on-the-right is-stacked-on-mobile\"><div class=\"wp-block-media-text__content\"> <p>Servicio de recogida en el aeropuerto: Nuestra ciudad cuenta con un gran aeropuerto internacional, lo que facilita su llegada. Por supuesto, ofrecemos un servicio de recogida en el aeropuerto.<\/p> <\/div><figure class=\"wp-block-media-text__media\"><img loading=\"lazy\" decoding=\"async\" width=\"720\" height=\"540\" src=\"https:\/\/incensemachinery.com\/wp-content\/uploads\/2025\/08\/Turkish-customers-visit.webp\" alt=\"Visita de clientes turcos\" class=\"wp-image-522 size-full\" srcset=\"https:\/\/incensemachinery.com\/wp-content\/uploads\/2025\/08\/Turkish-customers-visit.webp 720w, https:\/\/incensemachinery.com\/wp-content\/uploads\/2025\/08\/Turkish-customers-visit-300x225.webp 300w, https:\/\/incensemachinery.com\/wp-content\/uploads\/2025\/08\/Turkish-customers-visit-16x12.webp 16w\" sizes=\"auto, (max-width: 720px) 100vw, 720px\" \/><\/figure><\/div>    <div class=\"wp-block-media-text alignwide is-stacked-on-mobile\"><figure class=\"wp-block-media-text__media\"><img loading=\"lazy\" decoding=\"async\" width=\"720\" height=\"540\" src=\"https:\/\/incensemachinery.com\/wp-content\/uploads\/2025\/08\/Yemeni-customers-visit.webp\" alt=\"Visita de clientes yemen\u00edes\" class=\"wp-image-523 size-full\" srcset=\"https:\/\/incensemachinery.com\/wp-content\/uploads\/2025\/08\/Yemeni-customers-visit.webp 720w, https:\/\/incensemachinery.com\/wp-content\/uploads\/2025\/08\/Yemeni-customers-visit-300x225.webp 300w, https:\/\/incensemachinery.com\/wp-content\/uploads\/2025\/08\/Yemeni-customers-visit-16x12.webp 16w\" sizes=\"auto, (max-width: 720px) 100vw, 720px\" \/><\/figure><div class=\"wp-block-media-text__content\"> <p>Servicio de visita a la f\u00e1brica: Podemos llevar a los clientes a hacer un recorrido por la f\u00e1brica. Puede hacer cualquier pregunta que tenga sobre las m\u00e1quinas.<\/p> <\/div><\/div>    <figure class=\"wp-block-gallery alignwide has-nested-images columns-default is-cropped wp-block-gallery-2 is-layout-flex wp-block-gallery-is-layout-flex\"> <figure class=\"wp-block-image size-large\"><img loading=\"lazy\" decoding=\"async\" width=\"720\" height=\"540\" data-id=\"521\" src=\"https:\/\/incensemachinery.com\/wp-content\/uploads\/2025\/08\/Spanish-customers-visit.webp\" alt=\"Visita de clientes espa\u00f1oles\" class=\"wp-image-521\" srcset=\"https:\/\/incensemachinery.com\/wp-content\/uploads\/2025\/08\/Spanish-customers-visit.webp 720w, https:\/\/incensemachinery.com\/wp-content\/uploads\/2025\/08\/Spanish-customers-visit-300x225.webp 300w, https:\/\/incensemachinery.com\/wp-content\/uploads\/2025\/08\/Spanish-customers-visit-16x12.webp 16w\" sizes=\"auto, (max-width: 720px) 100vw, 720px\" \/><\/figure>    <figure class=\"wp-block-image size-large\"><img loading=\"lazy\" decoding=\"async\" width=\"720\" height=\"540\" data-id=\"518\" src=\"https:\/\/incensemachinery.com\/wp-content\/uploads\/2025\/08\/Nigerian-customers-visit.webp\" alt=\"Visita de clientes nigerianos\" class=\"wp-image-518\" srcset=\"https:\/\/incensemachinery.com\/wp-content\/uploads\/2025\/08\/Nigerian-customers-visit.webp 720w, https:\/\/incensemachinery.com\/wp-content\/uploads\/2025\/08\/Nigerian-customers-visit-300x225.webp 300w, https:\/\/incensemachinery.com\/wp-content\/uploads\/2025\/08\/Nigerian-customers-visit-16x12.webp 16w\" sizes=\"auto, (max-width: 720px) 100vw, 720px\" \/><\/figure>    <figure class=\"wp-block-image size-large\"><img loading=\"lazy\" decoding=\"async\" width=\"720\" height=\"540\" data-id=\"517\" src=\"https:\/\/incensemachinery.com\/wp-content\/uploads\/2025\/08\/Kenyan-customers-visit.webp\" alt=\"Visita de clientes kenianos\" class=\"wp-image-517\" srcset=\"https:\/\/incensemachinery.com\/wp-content\/uploads\/2025\/08\/Kenyan-customers-visit.webp 720w, https:\/\/incensemachinery.com\/wp-content\/uploads\/2025\/08\/Kenyan-customers-visit-300x225.webp 300w, https:\/\/incensemachinery.com\/wp-content\/uploads\/2025\/08\/Kenyan-customers-visit-16x12.webp 16w\" sizes=\"auto, (max-width: 720px) 100vw, 720px\" \/><\/figure> <\/figure>","protected":false},"excerpt":{"rendered":"<p>Zhengzhou Shuliy Machinery Equipment Co., Ltd. specializes in the research, manufacturing, and export of high-quality incense making machines and related production equipment. With over a decade of experience in the machinery industry, we are committed to providing efficient, reliable, and cost-effective solutions for incense production businesses worldwide. Our products are designed to enhance production efficiency, [&hellip;]<\/p>\n","protected":false},"author":1,"featured_media":0,"parent":0,"menu_order":0,"comment_status":"closed","ping_status":"closed","template":"","meta":{"footnotes":""},"class_list":["post-23","page","type-page","status-publish","hentry"],"_links":{"self":[{"href":"https:\/\/incensemachinery.com\/es\/wp-json\/wp\/v2\/pages\/23","targetHints":{"allow":["GET"]}}],"collection":[{"href":"https:\/\/incensemachinery.com\/es\/wp-json\/wp\/v2\/pages"}],"about":[{"href":"https:\/\/incensemachinery.com\/es\/wp-json\/wp\/v2\/types\/page"}],"author":[{"embeddable":true,"href":"https:\/\/incensemachinery.com\/es\/wp-json\/wp\/v2\/users\/1"}],"replies":[{"embeddable":true,"href":"https:\/\/incensemachinery.com\/es\/wp-json\/wp\/v2\/comments?post=23"}],"version-history":[{"count":0,"href":"https:\/\/incensemachinery.com\/es\/wp-json\/wp\/v2\/pages\/23\/revisions"}],"wp:attachment":[{"href":"https:\/\/incensemachinery.com\/es\/wp-json\/wp\/v2\/media?parent=23"}],"curies":[{"name":"wp","href":"https:\/\/api.w.org\/{rel}","templated":true}]}}