{"id":21,"date":"2022-08-02T10:16:40","date_gmt":"2022-08-02T10:16:40","guid":{"rendered":"https:\/\/incensemachinery.com\/?page_id=21"},"modified":"2026-04-14T17:28:45","modified_gmt":"2026-04-14T09:28:45","slug":"about-us","status":"publish","type":"page","link":"https:\/\/incensemachinery.com\/es\/about-us\/","title":{"rendered":"Sobre nosotros"},"content":{"rendered":"<p>Shuliy Machinery es un gran fabricante y exportador de equipos industriales. En diez a\u00f1os, el grupo Shuliy se ha convertido en una f\u00e1brica con dos filiales (marca Taizy y marca Shuliy). Actualmente, la f\u00e1brica Shuliy se dedica al desarrollo, fabricaci\u00f3n y exportaci\u00f3n de diversos tipos de equipos de reciclaje. <\/p>    <p>La m\u00e1quina para fabricar incienso es uno de los tipos de equipos de reciclaje de biomasa de nuestra f\u00e1brica. En la actualidad, la f\u00e1brica de Shuliy ofrece una amplia gama de equipos de fabricaci\u00f3n de incienso y equipos auxiliares, como diferentes tipos de m\u00e1quinas formadoras de conos y varillas de incienso, mezcladoras de incienso en polvo, m\u00e1quinas secadoras de incienso, m\u00e1quinas envasadoras de varillas de incienso, etc.<\/p>    <figure class=\"wp-block-gallery has-nested-images columns-default is-cropped wp-block-gallery-2 is-layout-flex wp-block-gallery-is-layout-flex\"> <figure class=\"wp-block-image size-large\"><img loading=\"lazy\" decoding=\"async\" width=\"720\" height=\"540\" data-id=\"518\" src=\"https:\/\/incensemachinery.com\/wp-content\/uploads\/2025\/08\/Nigerian-customers-visit.webp\" alt=\"Visita de clientes nigerianos\" class=\"wp-image-518\" srcset=\"https:\/\/incensemachinery.com\/wp-content\/uploads\/2025\/08\/Nigerian-customers-visit.webp 720w, https:\/\/incensemachinery.com\/wp-content\/uploads\/2025\/08\/Nigerian-customers-visit-300x225.webp 300w, https:\/\/incensemachinery.com\/wp-content\/uploads\/2025\/08\/Nigerian-customers-visit-16x12.webp 16w\" sizes=\"auto, (max-width: 720px) 100vw, 720px\" \/><figcaption class=\"wp-element-caption\">Visita de clientes nigerianos<\/figcaption><\/figure>    <figure class=\"wp-block-image size-large\"><img loading=\"lazy\" decoding=\"async\" width=\"720\" height=\"540\" data-id=\"520\" src=\"https:\/\/incensemachinery.com\/wp-content\/uploads\/2025\/08\/South-African-customers-visit.webp\" alt=\"Visita de clientes sudafricanos\" class=\"wp-image-520\" srcset=\"https:\/\/incensemachinery.com\/wp-content\/uploads\/2025\/08\/South-African-customers-visit.webp 720w, https:\/\/incensemachinery.com\/wp-content\/uploads\/2025\/08\/South-African-customers-visit-300x225.webp 300w, https:\/\/incensemachinery.com\/wp-content\/uploads\/2025\/08\/South-African-customers-visit-16x12.webp 16w\" sizes=\"auto, (max-width: 720px) 100vw, 720px\" \/><figcaption class=\"wp-element-caption\">Visita de clientes sudafricanos<\/figcaption><\/figure>    <figure class=\"wp-block-image size-large\"><img loading=\"lazy\" decoding=\"async\" width=\"720\" height=\"540\" data-id=\"523\" src=\"https:\/\/incensemachinery.com\/wp-content\/uploads\/2025\/08\/Yemeni-customers-visit.webp\" alt=\"Visita de clientes yemen\u00edes\" class=\"wp-image-523\" srcset=\"https:\/\/incensemachinery.com\/wp-content\/uploads\/2025\/08\/Yemeni-customers-visit.webp 720w, https:\/\/incensemachinery.com\/wp-content\/uploads\/2025\/08\/Yemeni-customers-visit-300x225.webp 300w, https:\/\/incensemachinery.com\/wp-content\/uploads\/2025\/08\/Yemeni-customers-visit-16x12.webp 16w\" sizes=\"auto, (max-width: 720px) 100vw, 720px\" \/><figcaption class=\"wp-element-caption\">Visita de clientes yemen\u00edes<\/figcaption><\/figure> <\/figure>    <p>Los equipos de la f\u00e1brica Shuliy se han exportado a m\u00e1s de 50 pa\u00edses y regiones uno tras otro. Adem\u00e1s, ya hemos establecido relaciones de agencia con clientes en varios pa\u00edses. <\/p>    <p>Los pa\u00edses con el mayor n\u00famero de clientes para nuestras m\u00e1quinas para fabricar incienso son Tailandia, Jap\u00f3n, Singapur, Bangladesh, Malasia, Corea, India, Turqu\u00eda, Egipto, Irak, Arabia Saudita, Emiratos \u00c1rabes Unidos, L\u00edbano, Uzbekist\u00e1n, Estados Unidos, Australia, Nueva Zelanda. Espa\u00f1a, Eslovaquia, Italia, Nigeria, Senegal, Guinea, etc.<\/p>    <figure class=\"wp-block-gallery has-nested-images columns-default is-cropped wp-block-gallery-3 is-layout-flex wp-block-gallery-is-layout-flex\"> <figure class=\"wp-block-image size-large\"><img loading=\"lazy\" decoding=\"async\" width=\"540\" height=\"720\" data-id=\"535\" src=\"https:\/\/incensemachinery.com\/wp-content\/uploads\/2025\/08\/Cabinets-installed-in-the-drying-oven.webp\" alt=\"Embalaje de conos de incienso de cascada\" class=\"wp-image-535\" srcset=\"https:\/\/incensemachinery.com\/wp-content\/uploads\/2025\/08\/Cabinets-installed-in-the-drying-oven.webp 540w, https:\/\/incensemachinery.com\/wp-content\/uploads\/2025\/08\/Cabinets-installed-in-the-drying-oven-225x300.webp 225w, https:\/\/incensemachinery.com\/wp-content\/uploads\/2025\/08\/Cabinets-installed-in-the-drying-oven-9x12.webp 9w\" sizes=\"auto, (max-width: 540px) 100vw, 540px\" \/><figcaption class=\"wp-element-caption\">Embalaje de conos de incienso de cascada<\/figcaption><\/figure>    <figure class=\"wp-block-image size-large\"><img loading=\"lazy\" decoding=\"async\" width=\"540\" height=\"720\" data-id=\"536\" src=\"https:\/\/incensemachinery.com\/wp-content\/uploads\/2025\/08\/Drying-room-loading-in-progress.webp\" alt=\"Carga de la sala de secado en curso\" class=\"wp-image-536\" srcset=\"https:\/\/incensemachinery.com\/wp-content\/uploads\/2025\/08\/Drying-room-loading-in-progress.webp 540w, https:\/\/incensemachinery.com\/wp-content\/uploads\/2025\/08\/Drying-room-loading-in-progress-225x300.webp 225w, https:\/\/incensemachinery.com\/wp-content\/uploads\/2025\/08\/Drying-room-loading-in-progress-9x12.webp 9w\" sizes=\"auto, (max-width: 540px) 100vw, 540px\" \/><figcaption class=\"wp-element-caption\">Carga de la sala de secado en curso<\/figcaption><\/figure>    <figure class=\"wp-block-image size-large\"><img loading=\"lazy\" decoding=\"async\" width=\"540\" height=\"720\" data-id=\"587\" src=\"https:\/\/incensemachinery.com\/wp-content\/uploads\/2025\/09\/Dhoop-cone-Dryer-shipment.webp\" alt=\"Env\u00edo del secador de cono de incienso\" class=\"wp-image-587\" srcset=\"https:\/\/incensemachinery.com\/wp-content\/uploads\/2025\/09\/Dhoop-cone-Dryer-shipment.webp 540w, https:\/\/incensemachinery.com\/wp-content\/uploads\/2025\/09\/Dhoop-cone-Dryer-shipment-225x300.webp 225w, https:\/\/incensemachinery.com\/wp-content\/uploads\/2025\/09\/Dhoop-cone-Dryer-shipment-9x12.webp 9w\" sizes=\"auto, (max-width: 540px) 100vw, 540px\" \/><figcaption class=\"wp-element-caption\">Env\u00edo del secador de cono de incienso<\/figcaption><\/figure> <\/figure>","protected":false},"excerpt":{"rendered":"<p>Shuliy Machinery is a large manufacturer and exporter of industrial equipment. In ten years, the Shuliy group has grown into a factory with two subsidiaries (Taizy brand &amp; Shuliy brand). Currently, Shuliy factory is engaged in the development, manufacture, and export of various types of recycling equipment. Incense making machine is one of the types [&hellip;]<\/p>\n","protected":false},"author":1,"featured_media":0,"parent":0,"menu_order":0,"comment_status":"closed","ping_status":"closed","template":"","meta":{"footnotes":""},"class_list":["post-21","page","type-page","status-publish","hentry"],"_links":{"self":[{"href":"https:\/\/incensemachinery.com\/es\/wp-json\/wp\/v2\/pages\/21","targetHints":{"allow":["GET"]}}],"collection":[{"href":"https:\/\/incensemachinery.com\/es\/wp-json\/wp\/v2\/pages"}],"about":[{"href":"https:\/\/incensemachinery.com\/es\/wp-json\/wp\/v2\/types\/page"}],"author":[{"embeddable":true,"href":"https:\/\/incensemachinery.com\/es\/wp-json\/wp\/v2\/users\/1"}],"replies":[{"embeddable":true,"href":"https:\/\/incensemachinery.com\/es\/wp-json\/wp\/v2\/comments?post=21"}],"version-history":[{"count":1,"href":"https:\/\/incensemachinery.com\/es\/wp-json\/wp\/v2\/pages\/21\/revisions"}],"predecessor-version":[{"id":658,"href":"https:\/\/incensemachinery.com\/es\/wp-json\/wp\/v2\/pages\/21\/revisions\/658"}],"wp:attachment":[{"href":"https:\/\/incensemachinery.com\/es\/wp-json\/wp\/v2\/media?parent=21"}],"curies":[{"name":"wp","href":"https:\/\/api.w.org\/{rel}","templated":true}]}}