{"id":78,"date":"2022-08-03T08:38:54","date_gmt":"2022-08-03T08:38:54","guid":{"rendered":"https:\/\/incensemachinery.com\/?post_type=product&#038;p=78"},"modified":"2025-07-24T16:38:13","modified_gmt":"2025-07-24T08:38:13","slug":"backflow-incense-cone-making-machine","status":"publish","type":"product","link":"https:\/\/incensemachinery.com\/de\/product\/backflow-incense-cone-making-machine\/","title":{"rendered":"R\u00fcckfluss-R\u00e4ucherkegel-Herstellungsmaschine | Wasserfall-R\u00e4ucherkegelhersteller"},"content":{"rendered":"<div class=\"kk-star-ratings kksr-auto kksr-align-left kksr-valign-top\"     data-payload='{&quot;align&quot;:&quot;left&quot;,&quot;id&quot;:&quot;78&quot;,&quot;slug&quot;:&quot;default&quot;,&quot;valign&quot;:&quot;top&quot;,&quot;ignore&quot;:&quot;&quot;,&quot;reference&quot;:&quot;auto&quot;,&quot;class&quot;:&quot;&quot;,&quot;count&quot;:&quot;23&quot;,&quot;legendonly&quot;:&quot;&quot;,&quot;readonly&quot;:&quot;&quot;,&quot;score&quot;:&quot;4.8&quot;,&quot;starsonly&quot;:&quot;&quot;,&quot;best&quot;:&quot;5&quot;,&quot;gap&quot;:&quot;5&quot;,&quot;greet&quot;:&quot;Rate this product&quot;,&quot;legend&quot;:&quot;4.8\\\/5 - (23 votes)&quot;,&quot;size&quot;:&quot;24&quot;,&quot;title&quot;:&quot;Backflow Incense Cone Making Machine | Waterfall Incense Cones Maker&quot;,&quot;width&quot;:&quot;136.7&quot;,&quot;_legend&quot;:&quot;{score}\\\/{best} - ({count} {votes})&quot;,&quot;font_factor&quot;:&quot;1.25&quot;}'>              <div class=\"kksr-stars\">      <div class=\"kksr-stars-inactive\">             <div class=\"kksr-star\" data-star=\"1\" style=\"padding-right: 5px\">               <div class=\"kksr-icon\" style=\"width: 24px; height: 24px;\"><\/div>         <\/div>             <div class=\"kksr-star\" data-star=\"2\" style=\"padding-right: 5px\">               <div class=\"kksr-icon\" style=\"width: 24px; height: 24px;\"><\/div>         <\/div>             <div class=\"kksr-star\" data-star=\"3\" style=\"padding-right: 5px\">               <div class=\"kksr-icon\" style=\"width: 24px; height: 24px;\"><\/div>         <\/div>             <div class=\"kksr-star\" data-star=\"4\" style=\"padding-right: 5px\">               <div class=\"kksr-icon\" style=\"width: 24px; height: 24px;\"><\/div>         <\/div>             <div class=\"kksr-star\" data-star=\"5\" style=\"padding-right: 5px\">               <div class=\"kksr-icon\" style=\"width: 24px; height: 24px;\"><\/div>         <\/div>     <\/div>      <div class=\"kksr-stars-active\" style=\"width: 136.7px;\">             <div class=\"kksr-star\" style=\"padding-right: 5px\">               <div class=\"kksr-icon\" style=\"width: 24px; height: 24px;\"><\/div>         <\/div>             <div class=\"kksr-star\" style=\"padding-right: 5px\">               <div class=\"kksr-icon\" style=\"width: 24px; height: 24px;\"><\/div>         <\/div>             <div class=\"kksr-star\" style=\"padding-right: 5px\">               <div class=\"kksr-icon\" style=\"width: 24px; height: 24px;\"><\/div>         <\/div>             <div class=\"kksr-star\" style=\"padding-right: 5px\">               <div class=\"kksr-icon\" style=\"width: 24px; height: 24px;\"><\/div>         <\/div>             <div class=\"kksr-star\" style=\"padding-right: 5px\">               <div class=\"kksr-icon\" style=\"width: 24px; height: 24px;\"><\/div>         <\/div>     <\/div> <\/div>                   <div class=\"kksr-legend\" style=\"font-size: 19.2px;\">             4.8\/5 - (23 Stimmen)    <\/div>     <\/div>  <p>Die Maschine zur kontinuierlichen R\u00fcckfluss-R\u00e4ucherkegelherstellung dient zur Herstellung verschiedener R\u00e4ucherkegel mit Mittell\u00f6chern oder pagodenf\u00f6rmiger R\u00e4ucherst\u00e4bchen mit verschiedenen Gravurarten. Mit der automatischen Maschine zur Herstellung von Wasserfall-R\u00e4ucherkegeln k\u00f6nnen durch Auswechseln der Formen R\u00fcckfluss-R\u00e4ucherkegel verschiedener Gr\u00f6\u00dfen hergestellt werden. Selbstverst\u00e4ndlich k\u00f6nnen wir die R\u00fcckfluss-R\u00e4uchermaschine auch f\u00fcr die Herstellung von farbigen R\u00e4ucherkegeln nutzen.<\/p>    <figure class=\"wp-block-gallery has-nested-images columns-default is-cropped wp-block-gallery-2 is-layout-flex wp-block-gallery-is-layout-flex\"> <figure class=\"wp-block-image size-large\"><img loading=\"lazy\" decoding=\"async\" width=\"720\" height=\"540\" data-id=\"84\" src=\"https:\/\/incensemachinery.com\/wp-content\/uploads\/2022\/08\/commercial-backflow-incense-cone-maker-for-sale.webp\" alt=\"R\u00fcckfluss-R\u00e4ucherkegel-Herstellungsmaschine \" class=\"wp-image-84\" srcset=\"https:\/\/incensemachinery.com\/wp-content\/uploads\/2022\/08\/commercial-backflow-incense-cone-maker-for-sale.webp 720w, https:\/\/incensemachinery.com\/wp-content\/uploads\/2022\/08\/commercial-backflow-incense-cone-maker-for-sale-300x225.webp 300w\" sizes=\"auto, (max-width: 720px) 100vw, 720px\" \/><figcaption class=\"wp-element-caption\">Kommerzieller Backflow-R\u00e4ucherkegelhersteller zu verkaufen<\/figcaption><\/figure>    <figure class=\"wp-block-image size-large\"><img loading=\"lazy\" decoding=\"async\" width=\"720\" height=\"540\" data-id=\"85\" src=\"https:\/\/incensemachinery.com\/wp-content\/uploads\/2022\/08\/waterfall-incense-cone.webp\" alt=\"Wasserfall-R\u00e4ucherkegel\" class=\"wp-image-85\" srcset=\"https:\/\/incensemachinery.com\/wp-content\/uploads\/2022\/08\/waterfall-incense-cone.webp 720w, https:\/\/incensemachinery.com\/wp-content\/uploads\/2022\/08\/waterfall-incense-cone-300x225.webp 300w\" sizes=\"auto, (max-width: 720px) 100vw, 720px\" \/><figcaption class=\"wp-element-caption\">Wasserfall-R\u00e4ucherkegel<\/figcaption><\/figure> <\/figure>    <h2 class=\"wp-block-heading\" id=\"h-what-are-backflow-incense-cones\">Was sind R\u00fcckfluss-R\u00e4ucherkegel?<\/h2>    <p>Backflow-R\u00e4ucherkegel, auch Backflow-Dhoop-Kegel genannt, sind normalerweise kegelf\u00f6rmige oder turmf\u00f6rmige R\u00e4ucherkegel mit einem zentralen Loch. Im Gegensatz zu gew\u00f6hnlichem R\u00e4ucherst\u00e4bchen erzeugt dieser einzigartige R\u00e4ucherkegel Rauch, der beim Verbrennen normalerweise aus dem Loch an der Unterseite flie\u00dft und einem Wasserfall \u00e4hnelt. Aus diesem Grund werden R\u00fcckfluss-R\u00e4ucherkegel auch Wasserfall-R\u00e4ucherkegel genannt.<\/p>    <p class=\"translation-block\">Der einzige Unterschied zwischen diesem R\u00e4ucherwerk und den Kegelr\u00e4ucherwerken, die mit einer <strong>normalen R\u00e4ucherkegelmaschine<\/strong> hergestellt werden, ist, dass es ein Mittelloch hat.<\/p>    <figure class=\"wp-block-gallery has-nested-images columns-default is-cropped wp-block-gallery-3 is-layout-flex wp-block-gallery-is-layout-flex\"> <figure class=\"wp-block-image size-large\"><img loading=\"lazy\" decoding=\"async\" width=\"720\" height=\"540\" data-id=\"86\" src=\"https:\/\/incensemachinery.com\/wp-content\/uploads\/2022\/08\/Backflow-Cones-Incense.webp\" alt=\"R\u00fcckflusskegel Weihrauch\" class=\"wp-image-86\" srcset=\"https:\/\/incensemachinery.com\/wp-content\/uploads\/2022\/08\/Backflow-Cones-Incense.webp 720w, https:\/\/incensemachinery.com\/wp-content\/uploads\/2022\/08\/Backflow-Cones-Incense-300x225.webp 300w\" sizes=\"auto, (max-width: 720px) 100vw, 720px\" \/><figcaption class=\"wp-element-caption\">R\u00fcckflusskegel Weihrauch<\/figcaption><\/figure>    <figure class=\"wp-block-image size-large\"><img loading=\"lazy\" decoding=\"async\" width=\"720\" height=\"540\" data-id=\"88\" src=\"https:\/\/incensemachinery.com\/wp-content\/uploads\/2022\/08\/waterfall-cones-burning.webp\" alt=\"Wasserfallkegel brennen\" class=\"wp-image-88\" srcset=\"https:\/\/incensemachinery.com\/wp-content\/uploads\/2022\/08\/waterfall-cones-burning.webp 720w, https:\/\/incensemachinery.com\/wp-content\/uploads\/2022\/08\/waterfall-cones-burning-300x225.webp 300w\" sizes=\"auto, (max-width: 720px) 100vw, 720px\" \/><figcaption class=\"wp-element-caption\">Wasserfallkegel brennen<\/figcaption><\/figure> <\/figure>    <h2 class=\"wp-block-heading\" id=\"h-how-does-the-incense-waterfall-work\">Wie funktioniert der R\u00e4ucherwasserfall?<\/h2>    <p>Wir sehen oft, wie der Rauch von Backflow-R\u00e4ucherst\u00e4bchen nach unten treibt. Warum ist das so? Umgekehrter Weihrauch nutzt das Prinzip des Siphonierens. Da der R\u00fcckfluss-R\u00e4ucherst\u00e4bchen oben brennt, wird der erzeugte Rauch durch l\u00e4ngere \u00d6ffnungen allm\u00e4hlich abgek\u00fchlt. Der Rauch ist dann auch gr\u00f6\u00dfer und dichter, und wenn er aus dem Auslass austritt, ist der Rauch etwas dichter als die Au\u00dfenluft, sodass er auf nat\u00fcrliche Weise nach unten str\u00f6mt und schlie\u00dflich das Ph\u00e4nomen des R\u00fcckflusses erzeugt.<\/p>    <p class=\"translation-block\">Dar\u00fcber hinaus werden <strong>umgekehrte R\u00e4uchergef\u00e4\u00dfe<\/strong> in speziellen R\u00e4uchert\u00fcrmen verwendet, meist vom Typ mit hohler Kegelform. Diese Art von R\u00e4uchergef\u00e4\u00df k\u00fchlt den Rauch, indem sie ihn von der hei\u00dfen Luft isoliert und im hohlen, pagodenf\u00f6rmigen R\u00e4ucherkegel einschlie\u00dft. Der Ru\u00df sinkt zu Boden, da er schwerer als Luft ist, und flie\u00dft durch die kleinen L\u00f6cher am Boden des R\u00e4ucherkegels aus, wodurch der von uns gesehene umgekehrte Rauchfluss entsteht.<\/p>    <figure class=\"wp-block-gallery has-nested-images columns-default is-cropped wp-block-gallery-4 is-layout-flex wp-block-gallery-is-layout-flex\"> <figure class=\"wp-block-image size-large\"><img loading=\"lazy\" decoding=\"async\" width=\"720\" height=\"540\" data-id=\"91\" src=\"https:\/\/incensemachinery.com\/wp-content\/uploads\/2022\/08\/reverse-flow-incense-burner.webp\" alt=\"R\u00fcckfluss-R\u00e4uchergef\u00e4\u00df\" class=\"wp-image-91\" srcset=\"https:\/\/incensemachinery.com\/wp-content\/uploads\/2022\/08\/reverse-flow-incense-burner.webp 720w, https:\/\/incensemachinery.com\/wp-content\/uploads\/2022\/08\/reverse-flow-incense-burner-300x225.webp 300w\" sizes=\"auto, (max-width: 720px) 100vw, 720px\" \/><figcaption class=\"wp-element-caption\">R\u00fcckfluss-R\u00e4uchergef\u00e4\u00df<\/figcaption><\/figure>    <figure class=\"wp-block-image size-large\"><img loading=\"lazy\" decoding=\"async\" width=\"720\" height=\"540\" data-id=\"90\" src=\"https:\/\/incensemachinery.com\/wp-content\/uploads\/2022\/08\/backflow-dhoop-cones-use.webp\" alt=\"Verwendung von R\u00fcckfluss-Dhoop-Kegeln\" class=\"wp-image-90\" srcset=\"https:\/\/incensemachinery.com\/wp-content\/uploads\/2022\/08\/backflow-dhoop-cones-use.webp 720w, https:\/\/incensemachinery.com\/wp-content\/uploads\/2022\/08\/backflow-dhoop-cones-use-300x225.webp 300w\" sizes=\"auto, (max-width: 720px) 100vw, 720px\" \/><figcaption class=\"wp-element-caption\">Verwendung von R\u00fcckfluss-Dhoop-Kegeln<\/figcaption><\/figure>    <figure class=\"wp-block-image size-large\"><img loading=\"lazy\" decoding=\"async\" width=\"720\" height=\"540\" data-id=\"87\" src=\"https:\/\/incensemachinery.com\/wp-content\/uploads\/2022\/08\/backflow-cones-with-waterfall-effect.webp\" alt=\"R\u00fcckstaukegel mit Wasserfalleffekt\" class=\"wp-image-87\" srcset=\"https:\/\/incensemachinery.com\/wp-content\/uploads\/2022\/08\/backflow-cones-with-waterfall-effect.webp 720w, https:\/\/incensemachinery.com\/wp-content\/uploads\/2022\/08\/backflow-cones-with-waterfall-effect-300x225.webp 300w\" sizes=\"auto, (max-width: 720px) 100vw, 720px\" \/><figcaption class=\"wp-element-caption\">R\u00fcckstaukegel mit Wasserfalleffekt<\/figcaption><\/figure> <\/figure>    <h2 class=\"wp-block-heading\" id=\"h-common-ingredients-to-make-backflow-incense-cones\">G\u00e4ngige Zutaten f\u00fcr die Herstellung von R\u00fcckfluss-R\u00e4ucherkegeln<\/h2>    <p>Die Herstellung von \u00dcbergie\u00df-R\u00e4ucherst\u00e4bchen \u00e4hnelt der anderer R\u00e4ucherarten, da als Grundzutaten Gummipulver, Holzpulver, Gew\u00fcrze und eine gewisse Menge Brennhilfsmittel verwendet werden. <\/p>    <p>Allerdings variiert die Mischung der Zutaten von Person zu Person und unterschiedliche Kunden haben unterschiedliche Anforderungen. Der Duft, der durch das Verbrennen von umgekehrtem Weihrauch entsteht, wird durch die Gew\u00fcrze oder Aromastoffe bestimmt, die dem Rohmaterial zugesetzt werden. Zu den \u00fcblichen Gew\u00fcrzen geh\u00f6ren Weihrauch, Beifu\u00df, Zypresse und Sandelholz.<\/p>    <h2 class=\"wp-block-heading\" id=\"h-how-to-make-backflow-incense-cones\">Wie stellt man gute R\u00fcckfluss-R\u00e4ucherkegel her?<\/h2>    <p>Die Herstellung verschiedener Formen von Wasserfall-R\u00e4ucherkegeln erfordert in der Regel den Einsatz einer speziellen R\u00fcckfluss-R\u00e4ucherformmaschine. Diese kommerzielle R\u00fcckfluss-R\u00e4ucherkegel-Herstellungsmaschine verf\u00fcgt \u00fcber Packungen mit Formwerkzeugen, um das gut gemischte R\u00e4ucherpulver schnell in feste Streifen zu pressen. <\/p>    <p>Durch die pr\u00e4zise Formgebung der Formen werden dann die R\u00fcckstaukegel geformt. Die Wasserfall-R\u00e4ucherkegelmaschine produziert gleichm\u00e4\u00dfig gro\u00dfe R\u00e4ucherkegel mit einer glatten Oberfl\u00e4che und einer harten Oberfl\u00e4che, die resistent gegen Verformung und Bruch ist.<\/p>    <figure class=\"wp-block-gallery has-nested-images columns-default is-cropped wp-block-gallery-5 is-layout-flex wp-block-gallery-is-layout-flex\"> <figure class=\"wp-block-image size-large\"><img loading=\"lazy\" decoding=\"async\" width=\"720\" height=\"540\" data-id=\"225\" src=\"https:\/\/incensemachinery.com\/wp-content\/uploads\/2022\/08\/complete-set-of-backflow-cone-machine.webp\" alt=\"Kompletter Satz R\u00fcckflusskegelmaschine\" class=\"wp-image-225\" srcset=\"https:\/\/incensemachinery.com\/wp-content\/uploads\/2022\/08\/complete-set-of-backflow-cone-machine.webp 720w, https:\/\/incensemachinery.com\/wp-content\/uploads\/2022\/08\/complete-set-of-backflow-cone-machine-300x225.webp 300w\" sizes=\"auto, (max-width: 720px) 100vw, 720px\" \/><figcaption class=\"wp-element-caption\">Kompletter Satz R\u00fcckflusskegelmaschine<\/figcaption><\/figure>    <figure class=\"wp-block-image size-large\"><img loading=\"lazy\" decoding=\"async\" width=\"720\" height=\"540\" data-id=\"227\" src=\"https:\/\/incensemachinery.com\/wp-content\/uploads\/2022\/08\/waterfall-incense-cones-maker-mahine-1.webp\" alt=\"Hersteller von Wasserfall-R\u00e4ucherkegeln aus Mahine\" class=\"wp-image-227\" srcset=\"https:\/\/incensemachinery.com\/wp-content\/uploads\/2022\/08\/waterfall-incense-cones-maker-mahine-1.webp 720w, https:\/\/incensemachinery.com\/wp-content\/uploads\/2022\/08\/waterfall-incense-cones-maker-mahine-1-300x225.webp 300w\" sizes=\"auto, (max-width: 720px) 100vw, 720px\" \/><figcaption class=\"wp-element-caption\">Hersteller von Wasserfall-R\u00e4ucherkegeln aus Mahine<\/figcaption><\/figure> <\/figure>    <h2 class=\"wp-block-heading\" id=\"h-backflow-incense-cone-making-machine-advantages\">Vorteile der Backflow-R\u00e4ucherkegelherstellungsmaschine<\/h2>    <ul class=\"wp-block-list\"> <li>Die Maschine zur Herstellung von Backflow-Dhoop-Kegeln wird bereits montiert geliefert und ist ohne Installation betriebsbereit. Dar\u00fcber hinaus ist die Maschine sehr einfach zu bedienen und verf\u00fcgt \u00fcber ein Bedienfeld, \u00fcber das Sie die Verarbeitungsgeschwindigkeit einstellen k\u00f6nnen. Unser Werk sendet unseren Kunden au\u00dferdem ausf\u00fchrliche Bedienungsanleitungen in englischer Sprache und ausf\u00fchrliche Lehrvideos, damit sie schnell die richtige Verwendung erlernen k\u00f6nnen.<\/li>    <li>Die R\u00fcckfluss-R\u00e4ucherkegelmaschine kann mit Formen wie Pagoden, K\u00fcrbissen, Kegeln, Schriftz\u00fcgen, Mustern und Logos angepasst werden. Die Durchmesser und L\u00e4ngen der fertigen Produkte k\u00f6nnen ebenfalls an die Bed\u00fcrfnisse des Kunden angepasst werden.<\/li> <\/ul>    <figure class=\"wp-block-gallery has-nested-images columns-2 is-cropped wp-block-gallery-6 is-layout-flex wp-block-gallery-is-layout-flex\"> <figure class=\"wp-block-image size-large\"><img loading=\"lazy\" decoding=\"async\" width=\"720\" height=\"540\" data-id=\"94\" src=\"https:\/\/incensemachinery.com\/wp-content\/uploads\/2022\/08\/tower-shape-backflow-incense-cone.webp\" alt=\"Turmf\u00f6rmiger R\u00fcckfluss-R\u00e4ucherkegel\" class=\"wp-image-94\" srcset=\"https:\/\/incensemachinery.com\/wp-content\/uploads\/2022\/08\/tower-shape-backflow-incense-cone.webp 720w, https:\/\/incensemachinery.com\/wp-content\/uploads\/2022\/08\/tower-shape-backflow-incense-cone-300x225.webp 300w\" sizes=\"auto, (max-width: 720px) 100vw, 720px\" \/><figcaption class=\"wp-element-caption\">Turmf\u00f6rmiger R\u00fcckfluss-R\u00e4ucherkegel<\/figcaption><\/figure>    <figure class=\"wp-block-image size-large\"><img loading=\"lazy\" decoding=\"async\" width=\"720\" height=\"540\" data-id=\"83\" src=\"https:\/\/incensemachinery.com\/wp-content\/uploads\/2022\/08\/backflow-cones-with-different-shapes.webp\" alt=\"R\u00fcckflusskegel mit unterschiedlichen Formen\" class=\"wp-image-83\" srcset=\"https:\/\/incensemachinery.com\/wp-content\/uploads\/2022\/08\/backflow-cones-with-different-shapes.webp 720w, https:\/\/incensemachinery.com\/wp-content\/uploads\/2022\/08\/backflow-cones-with-different-shapes-300x225.webp 300w\" sizes=\"auto, (max-width: 720px) 100vw, 720px\" \/><figcaption class=\"wp-element-caption\">R\u00fcckflusskegel mit unterschiedlichen Formen<\/figcaption><\/figure>    <figure class=\"wp-block-image size-large\"><img loading=\"lazy\" decoding=\"async\" width=\"720\" height=\"540\" data-id=\"93\" src=\"https:\/\/incensemachinery.com\/wp-content\/uploads\/2022\/08\/bulk-back-flow-cones-production.webp\" alt=\"Massenproduktion von R\u00fcckflusskegeln\" class=\"wp-image-93\" srcset=\"https:\/\/incensemachinery.com\/wp-content\/uploads\/2022\/08\/bulk-back-flow-cones-production.webp 720w, https:\/\/incensemachinery.com\/wp-content\/uploads\/2022\/08\/bulk-back-flow-cones-production-300x225.webp 300w\" sizes=\"auto, (max-width: 720px) 100vw, 720px\" \/><figcaption class=\"wp-element-caption\">Massenproduktion von R\u00fcckflusskegeln<\/figcaption><\/figure>    <figure class=\"wp-block-image size-large\"><img loading=\"lazy\" decoding=\"async\" width=\"720\" height=\"540\" data-id=\"92\" src=\"https:\/\/incensemachinery.com\/wp-content\/uploads\/2022\/08\/backflow-cone-shapes-design.webp\" alt=\"Design mit R\u00fcckflusskegelformen\" class=\"wp-image-92\" srcset=\"https:\/\/incensemachinery.com\/wp-content\/uploads\/2022\/08\/backflow-cone-shapes-design.webp 720w, https:\/\/incensemachinery.com\/wp-content\/uploads\/2022\/08\/backflow-cone-shapes-design-300x225.webp 300w\" sizes=\"auto, (max-width: 720px) 100vw, 720px\" \/><figcaption class=\"wp-element-caption\">Design mit R\u00fcckflusskegelformen<\/figcaption><\/figure> <\/figure>    <h2 class=\"wp-block-heading\" id=\"h-parameters-of-waterfall-incense-cone-maker\">Parameter des Wasserfall-R\u00e4ucherkegelherstellers<\/h2>    <figure class=\"wp-block-table\"><table><tbody><tr><td>Modell<\/td><td>SL-ZX-2<\/td><\/tr><tr><td>Leistung<\/td><td>3 kW<\/td><\/tr><tr><td>Luftkompressor<\/td><td>1,5 kW<\/td><\/tr><tr><td>Stromspannung<\/td><td>220\/380 V<\/td><\/tr><tr><td>Gewicht<\/td><td>800kg<\/td><\/tr><tr><td>Kapazit\u00e4t<\/td><td>200-250kg\/h<\/td><\/tr><tr><td>Dimension<\/td><td>2,3 * 1,8 * 0,9 m<\/td><\/tr><\/tbody><\/table><\/figure>   <div class=\"wp-block-image\"> <figure class=\"aligncenter size-full\"><img loading=\"lazy\" decoding=\"async\" width=\"540\" height=\"720\" src=\"https:\/\/incensemachinery.com\/wp-content\/uploads\/2022\/08\/backflow-incense-cone-machine.webp\" alt=\"R\u00fcckfluss-R\u00e4ucherkegelmaschine\" class=\"wp-image-80\" srcset=\"https:\/\/incensemachinery.com\/wp-content\/uploads\/2022\/08\/backflow-incense-cone-machine.webp 540w, https:\/\/incensemachinery.com\/wp-content\/uploads\/2022\/08\/backflow-incense-cone-machine-225x300.webp 225w\" sizes=\"auto, (max-width: 540px) 100vw, 540px\" \/><figcaption class=\"wp-element-caption\">R\u00fcckfluss-R\u00e4ucherkegelmaschine<\/figcaption><\/figure> <\/div>   <h2 class=\"wp-block-heading\">Video zur Backflow-R\u00e4ucherkegelmaschine<\/h2>    <figure class=\"wp-block-embed is-type-video is-provider-youtube wp-block-embed-youtube wp-embed-aspect-16-9 wp-has-aspect-ratio\"><div class=\"wp-block-embed__wrapper\"> <iframe loading=\"lazy\" title=\"R\u00fcckfluss-R\u00e4ucherkegel-Herstellungsmaschine | Wie stellt man Wasserfall-R\u00e4ucherkegel mit einer R\u00e4uchermaschine her?\" width=\"500\" height=\"281\" src=\"https:\/\/www.youtube.com\/embed\/DUIzkE9ElqM?feature=oembed\" frameborder=\"0\" allow=\"accelerometer; autoplay; clipboard-write; encrypted-media; gyroscope; picture-in-picture; web-share\" referrerpolicy=\"strict-origin-when-cross-origin\" allowfullscreen><\/iframe> <\/div><\/figure>","protected":false},"excerpt":{"rendered":"<p>The continuous backflow incense cone making machine is used for the production of various incense cones with central holes or pagoda-shaped incense with various types of engraving. The automatic waterfall incense cones maker machine can be used to produce backflow incense cones of various sizes by changing the molds. Of course, we can also use [&hellip;]<\/p>\n","protected":false},"author":1,"featured_media":79,"parent":0,"template":"","tags":[14],"product-type":[4],"class_list":["post-78","product","type-product","status-publish","has-post-thumbnail","hentry","tag-cone-incense","product-type-incense-making-machine"],"_links":{"self":[{"href":"https:\/\/incensemachinery.com\/de\/wp-json\/wp\/v2\/product\/78","targetHints":{"allow":["GET"]}}],"collection":[{"href":"https:\/\/incensemachinery.com\/de\/wp-json\/wp\/v2\/product"}],"about":[{"href":"https:\/\/incensemachinery.com\/de\/wp-json\/wp\/v2\/types\/product"}],"author":[{"embeddable":true,"href":"https:\/\/incensemachinery.com\/de\/wp-json\/wp\/v2\/users\/1"}],"wp:featuredmedia":[{"embeddable":true,"href":"https:\/\/incensemachinery.com\/de\/wp-json\/wp\/v2\/media\/79"}],"wp:attachment":[{"href":"https:\/\/incensemachinery.com\/de\/wp-json\/wp\/v2\/media?parent=78"}],"wp:term":[{"taxonomy":"post_tag","embeddable":true,"href":"https:\/\/incensemachinery.com\/de\/wp-json\/wp\/v2\/tags?post=78"},{"taxonomy":"product-type","embeddable":true,"href":"https:\/\/incensemachinery.com\/de\/wp-json\/wp\/v2\/product-type?post=78"}],"curies":[{"name":"wp","href":"https:\/\/api.w.org\/{rel}","templated":true}]}}