{"id":49,"date":"2022-08-03T07:13:17","date_gmt":"2022-08-03T07:13:17","guid":{"rendered":"https:\/\/incensemachinery.com\/?post_type=product&#038;p=49"},"modified":"2026-04-17T17:00:54","modified_gmt":"2026-04-17T09:00:54","slug":"dhoop-incense-cone-making-machine","status":"publish","type":"product","link":"https:\/\/incensemachinery.com\/de\/product\/dhoop-incense-cone-making-machine\/","title":{"rendered":"Maschine zur Herstellung von R\u00e4ucherkegeln | Bunte Dhoop-Kegelmaschine"},"content":{"rendered":"<div class=\"kk-star-ratings kksr-auto kksr-align-left kksr-valign-top\"     data-payload='{&quot;align&quot;:&quot;left&quot;,&quot;id&quot;:&quot;49&quot;,&quot;slug&quot;:&quot;default&quot;,&quot;valign&quot;:&quot;top&quot;,&quot;ignore&quot;:&quot;&quot;,&quot;reference&quot;:&quot;auto&quot;,&quot;class&quot;:&quot;&quot;,&quot;count&quot;:&quot;16&quot;,&quot;legendonly&quot;:&quot;&quot;,&quot;readonly&quot;:&quot;&quot;,&quot;score&quot;:&quot;4.6&quot;,&quot;starsonly&quot;:&quot;&quot;,&quot;best&quot;:&quot;5&quot;,&quot;gap&quot;:&quot;5&quot;,&quot;greet&quot;:&quot;Rate this product&quot;,&quot;legend&quot;:&quot;4.6\\\/5 - (16 votes)&quot;,&quot;size&quot;:&quot;24&quot;,&quot;title&quot;:&quot;Incense Cone Making Machine | Colourful Dhoop Cone Machine&quot;,&quot;width&quot;:&quot;130.9&quot;,&quot;_legend&quot;:&quot;{score}\\\/{best} - ({count} {votes})&quot;,&quot;font_factor&quot;:&quot;1.25&quot;}'>              <div class=\"kksr-stars\">      <div class=\"kksr-stars-inactive\">             <div class=\"kksr-star\" data-star=\"1\" style=\"padding-right: 5px\">               <div class=\"kksr-icon\" style=\"width: 24px; height: 24px;\"><\/div>         <\/div>             <div class=\"kksr-star\" data-star=\"2\" style=\"padding-right: 5px\">               <div class=\"kksr-icon\" style=\"width: 24px; height: 24px;\"><\/div>         <\/div>             <div class=\"kksr-star\" data-star=\"3\" style=\"padding-right: 5px\">               <div class=\"kksr-icon\" style=\"width: 24px; height: 24px;\"><\/div>         <\/div>             <div class=\"kksr-star\" data-star=\"4\" style=\"padding-right: 5px\">               <div class=\"kksr-icon\" style=\"width: 24px; height: 24px;\"><\/div>         <\/div>             <div class=\"kksr-star\" data-star=\"5\" style=\"padding-right: 5px\">               <div class=\"kksr-icon\" style=\"width: 24px; height: 24px;\"><\/div>         <\/div>     <\/div>      <div class=\"kksr-stars-active\" style=\"width: 130.9px;\">             <div class=\"kksr-star\" style=\"padding-right: 5px\">               <div class=\"kksr-icon\" style=\"width: 24px; height: 24px;\"><\/div>         <\/div>             <div class=\"kksr-star\" style=\"padding-right: 5px\">               <div class=\"kksr-icon\" style=\"width: 24px; height: 24px;\"><\/div>         <\/div>             <div class=\"kksr-star\" style=\"padding-right: 5px\">               <div class=\"kksr-icon\" style=\"width: 24px; height: 24px;\"><\/div>         <\/div>             <div class=\"kksr-star\" style=\"padding-right: 5px\">               <div class=\"kksr-icon\" style=\"width: 24px; height: 24px;\"><\/div>         <\/div>             <div class=\"kksr-star\" style=\"padding-right: 5px\">               <div class=\"kksr-icon\" style=\"width: 24px; height: 24px;\"><\/div>         <\/div>     <\/div> <\/div>                   <div class=\"kksr-legend\" style=\"font-size: 19.2px;\">             4,6\/5 - (16 Stimmen)    <\/div>     <\/div>  <p>Diese kommerzielle R\u00e4ucherkegelmaschine wird haupts\u00e4chlich zur Verarbeitung verschiedener Arten von konischen R\u00e4ucherkegeln verwendet. Durch den Austausch der Kegelr\u00e4ucherformen kann die Maschine R\u00e4ucherkegel unterschiedlicher Durchmesser und L\u00e4ngen herstellen. Die Dhoop-Kegelmaschine hat eine Kapazit\u00e4t von 30-240 Kegeln pro Minute, und die Verarbeitungsgeschwindigkeit kann je nach Produktionsbedarf angepasst werden.<\/p>    <figure class=\"wp-block-gallery has-nested-images columns-default is-cropped wp-block-gallery-2 is-layout-flex wp-block-gallery-is-layout-flex\"> <figure class=\"wp-block-image size-large\"><img loading=\"lazy\" decoding=\"async\" width=\"720\" height=\"540\" data-id=\"59\" src=\"https:\/\/incensemachinery.com\/wp-content\/uploads\/2022\/08\/tower-incense-machine-1.webp\" alt=\"Turm-R\u00e4uchermaschine\" class=\"wp-image-59\" srcset=\"https:\/\/incensemachinery.com\/wp-content\/uploads\/2022\/08\/tower-incense-machine-1.webp 720w, https:\/\/incensemachinery.com\/wp-content\/uploads\/2022\/08\/tower-incense-machine-1-300x225.webp 300w\" sizes=\"auto, (max-width: 720px) 100vw, 720px\" \/><figcaption class=\"wp-element-caption\">Turm-R\u00e4uchermaschine<\/figcaption><\/figure>    <figure class=\"wp-block-image size-large\"><img loading=\"lazy\" decoding=\"async\" width=\"720\" height=\"540\" data-id=\"58\" src=\"https:\/\/incensemachinery.com\/wp-content\/uploads\/2022\/08\/incense-cones.webp\" alt=\"\" class=\"wp-image-58\" srcset=\"https:\/\/incensemachinery.com\/wp-content\/uploads\/2022\/08\/incense-cones.webp 720w, https:\/\/incensemachinery.com\/wp-content\/uploads\/2022\/08\/incense-cones-300x225.webp 300w\" sizes=\"auto, (max-width: 720px) 100vw, 720px\" \/><\/figure> <\/figure>    <h2 class=\"wp-block-heading\">Was sind R\u00e4ucherkegel?<\/h2>    <p class=\"translation-block\">R\u00e4ucherkegel werden auch als Turmr\u00e4ucherst\u00e4bchen oder <strong>Dhoop-Kegel<\/strong> bezeichnet, die eine Art von konischem R\u00e4ucherwerk sind. Dieses einzigartige R\u00e4ucherwerk wird haupts\u00e4chlich durch Mischen und Extrudieren von Holzpulver, verschiedenen Gew\u00fcrzen, Gummipulver und Wasser hergestellt. Dieser Kegelr\u00e4ucher \u00e4hnelt anderen R\u00e4ucherarten sehr und kann zum Aromatherapie oder als buddhistisches R\u00e4ucherwerk angez\u00fcndet werden.<\/p>    <p class=\"translation-block\">In den letzten Jahren wurden diese kleinen und tragbaren R\u00e4ucherkegel vor allem f\u00fcr den Innenbereich verwendet, insbesondere in Studienr\u00e4umen und Teeh\u00e4usern. Au\u00dferdem kann dieses R\u00e4ucherwerk je nach Kundenwunsch in Kegel unterschiedlicher L\u00e4ngen und Durchmesser verarbeitet werden. Solche regul\u00e4ren R\u00e4ucherkegel unterscheiden sich von R\u00e4ucherkegeln mit gebohrten L\u00f6chern, die mit einer <strong><a href=\"https:\/\/incensemachinery.com\/de\/product\/backflow-incense-cone-making-machine\/?swcfpc=1\">Backflow-R\u00e4ucherkegelmaschine<\/a><\/strong> hergestellt werden.<\/p>    <figure class=\"wp-block-gallery has-nested-images columns-default is-cropped wp-block-gallery-3 is-layout-flex wp-block-gallery-is-layout-flex\"> <figure class=\"wp-block-image size-large\"><img loading=\"lazy\" decoding=\"async\" width=\"720\" height=\"540\" data-id=\"60\" src=\"https:\/\/incensemachinery.com\/wp-content\/uploads\/2022\/08\/Religious-Incense-Cones.webp\" alt=\"Religi\u00f6se R\u00e4ucherkegel\" class=\"wp-image-60\" srcset=\"https:\/\/incensemachinery.com\/wp-content\/uploads\/2022\/08\/Religious-Incense-Cones.webp 720w, https:\/\/incensemachinery.com\/wp-content\/uploads\/2022\/08\/Religious-Incense-Cones-300x225.webp 300w\" sizes=\"auto, (max-width: 720px) 100vw, 720px\" \/><figcaption class=\"wp-element-caption\">Religi\u00f6se R\u00e4ucherkegel<\/figcaption><\/figure>    <figure class=\"wp-block-image size-large\"><img loading=\"lazy\" decoding=\"async\" width=\"720\" height=\"540\" data-id=\"61\" src=\"https:\/\/incensemachinery.com\/wp-content\/uploads\/2022\/08\/small-cone-incense.webp\" alt=\"kleiner kegelf\u00f6rmiger Weihrauch\" class=\"wp-image-61\" srcset=\"https:\/\/incensemachinery.com\/wp-content\/uploads\/2022\/08\/small-cone-incense.webp 720w, https:\/\/incensemachinery.com\/wp-content\/uploads\/2022\/08\/small-cone-incense-300x225.webp 300w\" sizes=\"auto, (max-width: 720px) 100vw, 720px\" \/><figcaption class=\"wp-element-caption\">kleiner kegelf\u00f6rmiger Weihrauch<\/figcaption><\/figure> <\/figure>    <h2 class=\"wp-block-heading\">Anwendungen von Dhoop-Kegel-R\u00e4ucherst\u00e4bchen<\/h2>    <p>Dhoop-R\u00e4ucherkegel sind sehr vielseitig und k\u00f6nnen f\u00fcr religi\u00f6se R\u00e4ucherwerke in Tempeln sowie f\u00fcr die g\u00e4ngigste Verwendung f\u00fcr alle Arten von Innenr\u00e4ucherwerk genutzt werden. Dies liegt daran, dass bei der Verarbeitung der R\u00e4ucherkegel unterschiedliche D\u00fcfte hinzugef\u00fcgt werden k\u00f6nnen, um verschiedene Ger\u00fcche zu erzeugen. Die R\u00e4ucherkegel werden derzeit in Studien, Teeh\u00e4usern, Salons, Schlafzimmern, Badezimmern und anderen Orten verwendet.<\/p>   <div class=\"wp-block-image\"> <figure class=\"aligncenter size-full\"><img loading=\"lazy\" decoding=\"async\" width=\"720\" height=\"540\" src=\"https:\/\/incensemachinery.com\/wp-content\/uploads\/2022\/08\/incense-cones-burning.webp\" alt=\"R\u00e4ucherkegel brennen\" class=\"wp-image-62\" srcset=\"https:\/\/incensemachinery.com\/wp-content\/uploads\/2022\/08\/incense-cones-burning.webp 720w, https:\/\/incensemachinery.com\/wp-content\/uploads\/2022\/08\/incense-cones-burning-300x225.webp 300w\" sizes=\"auto, (max-width: 720px) 100vw, 720px\" \/><figcaption class=\"wp-element-caption\">R\u00e4ucherkegel brennen<\/figcaption><\/figure> <\/div>   <h2 class=\"wp-block-heading\">Wie stellt man Kegelr\u00e4ucherst\u00e4bchen mit einer R\u00e4ucherkegelmaschine her?<\/h2>    <p>In der Regel kann die Produktion von Kegelr\u00e4ucherst\u00e4bchen manuell erfolgen. Die Massenproduktion von Dhoop-R\u00e4ucherkegeln erfordert jedoch den Einsatz einer handels\u00fcblichen R\u00e4ucherkegelmaschine. Der Prozess der Verarbeitung von R\u00e4ucherkegeln mit einer Dhoop-Kegelmaschine ist ebenfalls einfach.<\/p>    <figure class=\"wp-block-gallery has-nested-images columns-3 is-cropped wp-block-gallery-4 is-layout-flex wp-block-gallery-is-layout-flex\"> <figure class=\"wp-block-image size-large\"><img loading=\"lazy\" decoding=\"async\" width=\"720\" height=\"540\" data-id=\"63\" src=\"https:\/\/incensemachinery.com\/wp-content\/uploads\/2022\/08\/Religious-Incense-Cones-maker-1.webp\" alt=\"Hersteller religi\u00f6ser R\u00e4ucherkegel\" class=\"wp-image-63\" srcset=\"https:\/\/incensemachinery.com\/wp-content\/uploads\/2022\/08\/Religious-Incense-Cones-maker-1.webp 720w, https:\/\/incensemachinery.com\/wp-content\/uploads\/2022\/08\/Religious-Incense-Cones-maker-1-300x225.webp 300w\" sizes=\"auto, (max-width: 720px) 100vw, 720px\" \/><figcaption class=\"wp-element-caption\">Hersteller religi\u00f6ser R\u00e4ucherkegel<\/figcaption><\/figure>    <figure class=\"wp-block-image size-large is-style-default\"><img loading=\"lazy\" decoding=\"async\" width=\"720\" height=\"540\" data-id=\"64\" src=\"https:\/\/incensemachinery.com\/wp-content\/uploads\/2022\/08\/tower-incense-cone-forming-molds.webp\" alt=\"Formen f\u00fcr Turm-R\u00e4ucherkegel\" class=\"wp-image-64\" srcset=\"https:\/\/incensemachinery.com\/wp-content\/uploads\/2022\/08\/tower-incense-cone-forming-molds.webp 720w, https:\/\/incensemachinery.com\/wp-content\/uploads\/2022\/08\/tower-incense-cone-forming-molds-300x225.webp 300w\" sizes=\"auto, (max-width: 720px) 100vw, 720px\" \/><figcaption class=\"wp-element-caption\">Formen f\u00fcr Turm-R\u00e4ucherkegel<\/figcaption><\/figure>    <figure class=\"wp-block-image size-large\"><img loading=\"lazy\" decoding=\"async\" width=\"720\" height=\"540\" data-id=\"65\" src=\"https:\/\/incensemachinery.com\/wp-content\/uploads\/2022\/08\/Tower-Incense-Maker-structure.webp\" alt=\"Turm-R\u00e4ucherwerk-Struktur\" class=\"wp-image-65\" srcset=\"https:\/\/incensemachinery.com\/wp-content\/uploads\/2022\/08\/Tower-Incense-Maker-structure.webp 720w, https:\/\/incensemachinery.com\/wp-content\/uploads\/2022\/08\/Tower-Incense-Maker-structure-300x225.webp 300w\" sizes=\"auto, (max-width: 720px) 100vw, 720px\" \/><figcaption class=\"wp-element-caption\">Turm-R\u00e4ucherwerk-Struktur<\/figcaption><\/figure> <\/figure>    <p>Schritt 1: Holzmehl, Leimpulver und Wasser werden in einem bestimmten Verh\u00e4ltnis gr\u00fcndlich vermischt. Holzmehl, Wasser und Leimpulver sind die Grundrohstoffe f\u00fcr die Verarbeitung von Weihrauch, und der Kunde kann je nach Verarbeitungsbedarf die richtige Menge an Gew\u00fcrzen hinzuf\u00fcgen.<\/p>    <p>Schritt 2: Geben Sie die gut vermischten Zutaten in den Einlass der Maschine. Das Material wird von der Hydraulikeinheit im Inneren der Maschine nach vorne zur Extrusionsd\u00fcse geschoben. Die Formen der Maschine sind in Gruppen angeordnete obere und untere Formschalen. Bei hoher Geschwindigkeit wird das duftende Pulver schnell in eine Kegelform gepresst. Ein Gebl\u00e4se in der N\u00e4he des Auslasses bl\u00e4st dann automatisch die bereits in der Form geformten R\u00e4ucherkegel auf das Auslauff\u00f6rderband.<\/p>    <p>Schritt 3: Frisch verarbeitete R\u00e4ucherkegel sind noch weich und anf\u00e4llig f\u00fcr Bruch und Verformung. Wir m\u00fcssen sie daher einsammeln und zum Trocknen in einen Gitterrahmen legen.<\/p>    <figure class=\"wp-block-gallery has-nested-images columns-default is-cropped wp-block-gallery-5 is-layout-flex wp-block-gallery-is-layout-flex\"> <figure class=\"wp-block-image size-large\"><img loading=\"lazy\" decoding=\"async\" width=\"720\" height=\"540\" data-id=\"342\" src=\"https:\/\/incensemachinery.com\/wp-content\/uploads\/2023\/05\/commercial-backflow-cone-incense-making-machine.webp\" alt=\"Kommerzielle Maschine zur Herstellung von R\u00e4ucherkegeln mit R\u00fcckflusskegel\" class=\"wp-image-342\" srcset=\"https:\/\/incensemachinery.com\/wp-content\/uploads\/2023\/05\/commercial-backflow-cone-incense-making-machine.webp 720w, https:\/\/incensemachinery.com\/wp-content\/uploads\/2023\/05\/commercial-backflow-cone-incense-making-machine-300x225.webp 300w\" sizes=\"auto, (max-width: 720px) 100vw, 720px\" \/><figcaption class=\"wp-element-caption\">Kommerzielle Kegelr\u00e4uchermaschine<\/figcaption><\/figure>    <figure class=\"wp-block-image size-large\"><img loading=\"lazy\" decoding=\"async\" width=\"720\" height=\"540\" data-id=\"331\" src=\"https:\/\/incensemachinery.com\/wp-content\/uploads\/2023\/03\/Shuliy-waterfall-incense-cone-machines-for-sale.webp\" alt=\"Shuliy Wasserfall-R\u00e4ucherkegelmaschinen zu verkaufen\" class=\"wp-image-331\" srcset=\"https:\/\/incensemachinery.com\/wp-content\/uploads\/2023\/03\/Shuliy-waterfall-incense-cone-machines-for-sale.webp 720w, https:\/\/incensemachinery.com\/wp-content\/uploads\/2023\/03\/Shuliy-waterfall-incense-cone-machines-for-sale-300x225.webp 300w\" sizes=\"auto, (max-width: 720px) 100vw, 720px\" \/><figcaption class=\"wp-element-caption\">Shuliy R\u00e4ucherkegelmaschinen zum Verkauf<\/figcaption><\/figure> <\/figure>    <h2 class=\"wp-block-heading\">Hauptmerkmale der R\u00e4ucherkegelmaschine<\/h2>    <ul class=\"wp-block-list\"> <li>Unsere automatische R\u00e4ucherkegelmaschine ist die automatische Montagelinie. Sie verwendet die Sammelvorrichtung, was den Arbeitsablauf schnell und bequem macht. Die Kapazit\u00e4t betr\u00e4gt etwa 240 St\u00fcck pro Minute.<\/li> <\/ul>    <ul class=\"wp-block-list\"> <li>Die R\u00e4ucherkegel k\u00f6nnen mit der automatischen R\u00e4ucherkegelmontagelinie fertiggestellt werden. Das Material aus dem Trichter wird in den Zylinder \u00fcbertragen, nach Extrusion und Spritzguss bildet es den Kegelr\u00e4ucher.<\/li> <\/ul>    <ul class=\"wp-block-list\"> <li>Der fertige Kegelr\u00e4ucher aus unserer automatischen R\u00e4ucherkegelmaschine hat den Vorteil einer gleichm\u00e4\u00dfigen Dicke und einer glatten Oberfl\u00e4che. Au\u00dferdem f\u00e4llt nach dem Trocknen der Dhoop-Kegel kein Pulver ab.<\/li> <\/ul>    <figure class=\"wp-block-gallery has-nested-images columns-default is-cropped wp-block-gallery-6 is-layout-flex wp-block-gallery-is-layout-flex\"> <figure class=\"wp-block-image size-large\"><img loading=\"lazy\" decoding=\"async\" width=\"540\" height=\"720\" data-id=\"67\" src=\"https:\/\/incensemachinery.com\/wp-content\/uploads\/2022\/08\/Shuliy-incense-cone-machine.webp\" alt=\"Shuliy R\u00e4ucherkegelmaschine\" class=\"wp-image-67\" srcset=\"https:\/\/incensemachinery.com\/wp-content\/uploads\/2022\/08\/Shuliy-incense-cone-machine.webp 540w, https:\/\/incensemachinery.com\/wp-content\/uploads\/2022\/08\/Shuliy-incense-cone-machine-225x300.webp 225w\" sizes=\"auto, (max-width: 540px) 100vw, 540px\" \/><figcaption class=\"wp-element-caption\">Shuliy R\u00e4ucherkegelmaschine<\/figcaption><\/figure>    <figure class=\"wp-block-image size-large\"><img loading=\"lazy\" decoding=\"async\" width=\"540\" height=\"720\" data-id=\"71\" src=\"https:\/\/incensemachinery.com\/wp-content\/uploads\/2022\/08\/automatic-dhoop-incense-cone-maker.webp\" alt=\"Automatischer Dhoop-R\u00e4ucherkegelhersteller\" class=\"wp-image-71\" srcset=\"https:\/\/incensemachinery.com\/wp-content\/uploads\/2022\/08\/automatic-dhoop-incense-cone-maker.webp 540w, https:\/\/incensemachinery.com\/wp-content\/uploads\/2022\/08\/automatic-dhoop-incense-cone-maker-225x300.webp 225w\" sizes=\"auto, (max-width: 540px) 100vw, 540px\" \/><figcaption class=\"wp-element-caption\">Automatischer Dhoop-R\u00e4ucherkegelhersteller<\/figcaption><\/figure>    <figure class=\"wp-block-image size-large\"><img loading=\"lazy\" decoding=\"async\" width=\"720\" height=\"540\" data-id=\"66\" src=\"https:\/\/incensemachinery.com\/wp-content\/uploads\/2022\/08\/Dhoop-cone-making-machine-details.webp\" alt=\"Details zur Maschine zur Herstellung von Dhoop-Kegeln\" class=\"wp-image-66\" srcset=\"https:\/\/incensemachinery.com\/wp-content\/uploads\/2022\/08\/Dhoop-cone-making-machine-details.webp 720w, https:\/\/incensemachinery.com\/wp-content\/uploads\/2022\/08\/Dhoop-cone-making-machine-details-300x225.webp 300w\" sizes=\"auto, (max-width: 720px) 100vw, 720px\" \/><figcaption class=\"wp-element-caption\">Details zur Maschine zur Herstellung von Dhoop-Kegeln<\/figcaption><\/figure>    <figure class=\"wp-block-image size-large\"><img loading=\"lazy\" decoding=\"async\" width=\"720\" height=\"540\" data-id=\"69\" src=\"https:\/\/incensemachinery.com\/wp-content\/uploads\/2022\/08\/purple-cone-incense.webp\" alt=\"Lila kegelf\u00f6rmiger Weihrauch\" class=\"wp-image-69\" srcset=\"https:\/\/incensemachinery.com\/wp-content\/uploads\/2022\/08\/purple-cone-incense.webp 720w, https:\/\/incensemachinery.com\/wp-content\/uploads\/2022\/08\/purple-cone-incense-300x225.webp 300w\" sizes=\"auto, (max-width: 720px) 100vw, 720px\" \/><figcaption class=\"wp-element-caption\">Lila kegelf\u00f6rmiger Weihrauch<\/figcaption><\/figure>    <figure class=\"wp-block-image size-large\"><img loading=\"lazy\" decoding=\"async\" width=\"720\" height=\"540\" data-id=\"70\" src=\"https:\/\/incensemachinery.com\/wp-content\/uploads\/2022\/08\/red-incense-cones.webp\" alt=\"rote R\u00e4ucherkegel\" class=\"wp-image-70\" srcset=\"https:\/\/incensemachinery.com\/wp-content\/uploads\/2022\/08\/red-incense-cones.webp 720w, https:\/\/incensemachinery.com\/wp-content\/uploads\/2022\/08\/red-incense-cones-300x225.webp 300w\" sizes=\"auto, (max-width: 720px) 100vw, 720px\" \/><figcaption class=\"wp-element-caption\">rote R\u00e4ucherkegel<\/figcaption><\/figure>    <figure class=\"wp-block-image size-large\"><img loading=\"lazy\" decoding=\"async\" width=\"720\" height=\"540\" data-id=\"68\" src=\"https:\/\/incensemachinery.com\/wp-content\/uploads\/2022\/08\/colorful-dhoop-cones.webp\" alt=\"bunte Dhoop-Kegel\" class=\"wp-image-68\" srcset=\"https:\/\/incensemachinery.com\/wp-content\/uploads\/2022\/08\/colorful-dhoop-cones.webp 720w, https:\/\/incensemachinery.com\/wp-content\/uploads\/2022\/08\/colorful-dhoop-cones-300x225.webp 300w\" sizes=\"auto, (max-width: 720px) 100vw, 720px\" \/><figcaption class=\"wp-element-caption\">bunte Dhoop-Kegel<\/figcaption><\/figure> <\/figure>    <h2 class=\"wp-block-heading\">Parameter der R\u00e4ucherkegelmaschine<\/h2>    <figure class=\"wp-block-table\"><table><tbody><tr><td>Modell<\/td><td>SL-ZX-1<\/td><\/tr><tr><td>Turm-Weihrauchl\u00e4nge<\/td><td>10-100mm<\/td><\/tr><tr><td>Leistung<\/td><td>4 kW<\/td><\/tr><tr><td>Gewicht<\/td><td>350kg<\/td><\/tr><tr><td>Maschinengr\u00f6\u00dfe<\/td><td>1700*500*1500mm<\/td><\/tr><tr><td>Durchmesser des Hydraulikzylinders<\/td><td>180mm<\/td><\/tr><tr><td>Schlaganfall<\/td><td>700mm<\/td><\/tr><tr><td>Laufdurchmesser<\/td><td>219mm<\/td><\/tr><\/tbody><\/table><\/figure>    <h2 class=\"wp-block-heading\">Video zur Herstellung von Dhoop-Kegeln mit einer Maschine<\/h2>    <figure class=\"wp-block-embed is-type-video is-provider-youtube wp-block-embed-youtube wp-embed-aspect-16-9 wp-has-aspect-ratio\"><div class=\"wp-block-embed__wrapper\"> <iframe loading=\"lazy\" title=\"Schneller Lieferant von Maschinen zur Herstellung von R\u00e4ucherkegeln | Dhoop Cone Maker Machine Arbeitsablauf #icensecones\" width=\"500\" height=\"281\" src=\"https:\/\/www.youtube.com\/embed\/rdno3c_3PkY?feature=oembed\" frameborder=\"0\" allow=\"accelerometer; autoplay; clipboard-write; encrypted-media; gyroscope; picture-in-picture; web-share\" referrerpolicy=\"strict-origin-when-cross-origin\" allowfullscreen><\/iframe> <\/div><\/figure>    <h2 class=\"wp-block-heading\">Kegelr\u00e4uchermaschine \u2013 FAQ<\/h2>   <div id=\"rank-math-faq\" class=\"rank-math-block\"> <div class=\"rank-math-list\"> <div id=\"faq-question-1776416314848\" class=\"rank-math-list-item\"> <h3 class=\"rank-math-question\">Welche Produkte kann diese Maschine herstellen?<\/h3> <div class=\"rank-math-answer\">  <p>Kegelr\u00e4ucherst\u00e4bchen (Turmr\u00e4ucherst\u00e4bchen), R\u00fcckflussr\u00e4ucherkegel und andere kleine R\u00e4ucherformen.<\/p>  <\/div> <\/div> <div id=\"faq-question-1776416328243\" class=\"rank-math-list-item\"> <h3 class=\"rank-math-question\">Welche Rohstoffe werden ben\u00f6tigt?<\/h3> <div class=\"rank-math-answer\">  <p>Holzpulver, Bambuspulver, Holzkohlepulver, Jigat-Pulver, Duftstoff und Wasser.<\/p>  <\/div> <\/div> <div id=\"faq-question-1776416342055\" class=\"rank-math-list-item\"> <h3 class=\"rank-math-question\">Kann die Gr\u00f6\u00dfe und Form angepasst werden?<\/h3> <div class=\"rank-math-answer\">  <p>Ja. Die H\u00f6he, der Durchmesser und die Form des Kegels k\u00f6nnen durch den Wechsel der Formen angepasst werden.<\/p>  <\/div> <\/div> <div id=\"faq-question-1776416356926\" class=\"rank-math-list-item\"> <h3 class=\"rank-math-question\">Ist die Maschine vollautomatisch?<\/h3> <div class=\"rank-math-answer\">  <p>Halbautomatische und vollautomatische Modelle sind erh\u00e4ltlich.<\/p>  <\/div> <\/div> <\/div> <\/div>   <h2 class=\"wp-block-heading\">Bereit, Ihr eigenes R\u00e4ucher-Gesch\u00e4ft zu starten?<\/h2>    <p>Don&#8217;t miss the opportunity to automate your production with our high-efficiency Incense Cone Making Machine. Whether you are looking to produce traditional dhoop cones or colorful backflow incense, Shuliy Machinery provides the perfect technical support and customized molds to meet your market needs. <\/p>    <p>Kontaktieren Sie uns noch heute f\u00fcr ein kostenloses Angebot und einen professionellen Produktionsplan, der auf die Gr\u00f6\u00dfe Ihres Unternehmens zugeschnitten ist. Lassen Sie uns Ihre aromatische Vision in eine profitable Realit\u00e4t verwandeln!<\/p>","protected":false},"excerpt":{"rendered":"<p>This commercial incense cone making machine is mainly used to process various types of conical incense cones. By changing the cone incense forming molds, the machine can process incense cones of different diameters and lengths. The dhoop cone machine has a capacity of 30-240 cones per minute, and its processing speed can be adjusted according [&hellip;]<\/p>\n","protected":false},"author":1,"featured_media":50,"parent":0,"template":"","tags":[14],"product-type":[4],"class_list":["post-49","product","type-product","status-publish","has-post-thumbnail","hentry","tag-cone-incense","product-type-incense-making-machine"],"_links":{"self":[{"href":"https:\/\/incensemachinery.com\/de\/wp-json\/wp\/v2\/product\/49","targetHints":{"allow":["GET"]}}],"collection":[{"href":"https:\/\/incensemachinery.com\/de\/wp-json\/wp\/v2\/product"}],"about":[{"href":"https:\/\/incensemachinery.com\/de\/wp-json\/wp\/v2\/types\/product"}],"author":[{"embeddable":true,"href":"https:\/\/incensemachinery.com\/de\/wp-json\/wp\/v2\/users\/1"}],"wp:featuredmedia":[{"embeddable":true,"href":"https:\/\/incensemachinery.com\/de\/wp-json\/wp\/v2\/media\/50"}],"wp:attachment":[{"href":"https:\/\/incensemachinery.com\/de\/wp-json\/wp\/v2\/media?parent=49"}],"wp:term":[{"taxonomy":"post_tag","embeddable":true,"href":"https:\/\/incensemachinery.com\/de\/wp-json\/wp\/v2\/tags?post=49"},{"taxonomy":"product-type","embeddable":true,"href":"https:\/\/incensemachinery.com\/de\/wp-json\/wp\/v2\/product-type?post=49"}],"curies":[{"name":"wp","href":"https:\/\/api.w.org\/{rel}","templated":true}]}}