{"id":154,"date":"2022-08-04T06:27:47","date_gmt":"2022-08-04T06:27:47","guid":{"rendered":"https:\/\/incensemachinery.com\/?post_type=product&#038;p=154"},"modified":"2025-07-24T16:38:23","modified_gmt":"2025-07-24T08:38:23","slug":"thread-incense-stick-production-line","status":"publish","type":"product","link":"https:\/\/incensemachinery.com\/de\/product\/thread-incense-stick-production-line\/","title":{"rendered":"Automatische Produktionslinie f\u00fcr R\u00e4ucherst\u00e4bchen"},"content":{"rendered":"<div class=\"kk-star-ratings kksr-auto kksr-align-left kksr-valign-top\"     data-payload='{&quot;align&quot;:&quot;left&quot;,&quot;id&quot;:&quot;154&quot;,&quot;slug&quot;:&quot;default&quot;,&quot;valign&quot;:&quot;top&quot;,&quot;ignore&quot;:&quot;&quot;,&quot;reference&quot;:&quot;auto&quot;,&quot;class&quot;:&quot;&quot;,&quot;count&quot;:&quot;34&quot;,&quot;legendonly&quot;:&quot;&quot;,&quot;readonly&quot;:&quot;&quot;,&quot;score&quot;:&quot;4.6&quot;,&quot;starsonly&quot;:&quot;&quot;,&quot;best&quot;:&quot;5&quot;,&quot;gap&quot;:&quot;5&quot;,&quot;greet&quot;:&quot;Rate this product&quot;,&quot;legend&quot;:&quot;4.6\\\/5 - (34 votes)&quot;,&quot;size&quot;:&quot;24&quot;,&quot;title&quot;:&quot;Automatic Thread Incense Stick Production Line&quot;,&quot;width&quot;:&quot;130.9&quot;,&quot;_legend&quot;:&quot;{score}\\\/{best} - ({count} {votes})&quot;,&quot;font_factor&quot;:&quot;1.25&quot;}'>              <div class=\"kksr-stars\">      <div class=\"kksr-stars-inactive\">             <div class=\"kksr-star\" data-star=\"1\" style=\"padding-right: 5px\">               <div class=\"kksr-icon\" style=\"width: 24px; height: 24px;\"><\/div>         <\/div>             <div class=\"kksr-star\" data-star=\"2\" style=\"padding-right: 5px\">               <div class=\"kksr-icon\" style=\"width: 24px; height: 24px;\"><\/div>         <\/div>             <div class=\"kksr-star\" data-star=\"3\" style=\"padding-right: 5px\">               <div class=\"kksr-icon\" style=\"width: 24px; height: 24px;\"><\/div>         <\/div>             <div class=\"kksr-star\" data-star=\"4\" style=\"padding-right: 5px\">               <div class=\"kksr-icon\" style=\"width: 24px; height: 24px;\"><\/div>         <\/div>             <div class=\"kksr-star\" data-star=\"5\" style=\"padding-right: 5px\">               <div class=\"kksr-icon\" style=\"width: 24px; height: 24px;\"><\/div>         <\/div>     <\/div>      <div class=\"kksr-stars-active\" style=\"width: 130.9px;\">             <div class=\"kksr-star\" style=\"padding-right: 5px\">               <div class=\"kksr-icon\" style=\"width: 24px; height: 24px;\"><\/div>         <\/div>             <div class=\"kksr-star\" style=\"padding-right: 5px\">               <div class=\"kksr-icon\" style=\"width: 24px; height: 24px;\"><\/div>         <\/div>             <div class=\"kksr-star\" style=\"padding-right: 5px\">               <div class=\"kksr-icon\" style=\"width: 24px; height: 24px;\"><\/div>         <\/div>             <div class=\"kksr-star\" style=\"padding-right: 5px\">               <div class=\"kksr-icon\" style=\"width: 24px; height: 24px;\"><\/div>         <\/div>             <div class=\"kksr-star\" style=\"padding-right: 5px\">               <div class=\"kksr-icon\" style=\"width: 24px; height: 24px;\"><\/div>         <\/div>     <\/div> <\/div>                   <div class=\"kksr-legend\" style=\"font-size: 19.2px;\">             4.6\/5 - (34 Stimmen)    <\/div>     <\/div>  <p>Die automatische R\u00e4ucherst\u00e4bchen-Produktionslinie ist eine komplette Verarbeitungslinie f\u00fcr R\u00e4ucherst\u00e4bchen mit Faden zur Verarbeitung von R\u00e4ucherst\u00e4bchen ohne Bambusst\u00e4bchen. Die Produktionslinie f\u00fcr Faden-R\u00e4ucherst\u00e4bchen umfasst einen Holzbrecher, eine Holzpulvermaschine, einen Mixer, eine Maschine zur Herstellung von Faden-R\u00e4ucherst\u00e4bchen, eine Maschine zum Trocknen von R\u00e4ucherst\u00e4bchen und eine Maschine zum Verpacken von R\u00e4ucherst\u00e4bchen. Der Produktionsprozess umfasst die S\u00e4gemehlverarbeitung, das Mahlen von Holzmehl, das Mischen von Holzmehl, die Herstellung von R\u00e4ucherst\u00e4bchen, das Trocknen und das Verpacken.<\/p>   <div class=\"wp-block-image\"> <figure class=\"aligncenter size-full\"><img loading=\"lazy\" decoding=\"async\" width=\"720\" height=\"540\" src=\"https:\/\/incensemachinery.com\/wp-content\/uploads\/2022\/08\/agarbatti-incense-stick-applications.webp\" alt=\"Agarbatti-R\u00e4ucherst\u00e4bchenanwendungen\" class=\"wp-image-158\" srcset=\"https:\/\/incensemachinery.com\/wp-content\/uploads\/2022\/08\/agarbatti-incense-stick-applications.webp 720w, https:\/\/incensemachinery.com\/wp-content\/uploads\/2022\/08\/agarbatti-incense-stick-applications-300x225.webp 300w\" sizes=\"auto, (max-width: 720px) 100vw, 720px\" \/><figcaption>Agarbatti-R\u00e4ucherst\u00e4bchenanwendungen<\/figcaption><\/figure> <\/div>     <h2 class=\"wp-block-heading\">Was sind die Anforderungen an Holzpulver zur R\u00e4ucherherstellung?<\/h2>    <p>Der Hauptbestandteil von Weihrauch ist Holzpulver. Holzpulver ist in der Regel ein feineres Pulver aus verschiedenen Holzpulvern. Das zur Herstellung von R\u00e4ucherst\u00e4bchen verwendete Holzpulver kann gew\u00f6hnliches Holzpulver (kein Geruch erforderlich), Sandelholz, Weihrauchholz usw. sein. <\/p>    <p class=\"translation-block\">Nat\u00fcrlich k\u00f6nnen auch verschiedene Pflanzen wie Orangenst\u00e4bchen, Kr\u00e4uter usw. verwendet werden. Die Feinheit des Holzpulvers, das zur Herstellung von R\u00e4ucherst\u00e4bchen verwendet wird, liegt normalerweise zwischen 80 und 120 Mesh. Besondere <strong><a href=\"https:\/\/en.wikipedia.org\/wiki\/Incense\" target=\"_blank\" rel=\"noopener\">R\u00e4ucherwaren<\/a><\/strong> k\u00f6nnen eine andere Feinheit des Holzpulvers erfordern.<\/p>    <figure class=\"wp-block-gallery has-nested-images columns-default is-cropped wp-block-gallery-2 is-layout-flex wp-block-gallery-is-layout-flex\"> <figure class=\"wp-block-image size-large\"><img loading=\"lazy\" decoding=\"async\" width=\"720\" height=\"540\" data-id=\"156\" src=\"https:\/\/incensemachinery.com\/wp-content\/uploads\/2022\/08\/incense-sticks-making.webp\" alt=\"R\u00e4ucherst\u00e4bchen, hergestellt in der Produktionslinie f\u00fcr R\u00e4ucherst\u00e4bchen\" class=\"wp-image-156\" srcset=\"https:\/\/incensemachinery.com\/wp-content\/uploads\/2022\/08\/incense-sticks-making.webp 720w, https:\/\/incensemachinery.com\/wp-content\/uploads\/2022\/08\/incense-sticks-making-300x225.webp 300w\" sizes=\"auto, (max-width: 720px) 100vw, 720px\" \/><figcaption>Herstellung von R\u00e4ucherst\u00e4bchen<\/figcaption><\/figure>    <figure class=\"wp-block-image size-large\"><img loading=\"lazy\" decoding=\"async\" width=\"720\" height=\"540\" data-id=\"157\" src=\"https:\/\/incensemachinery.com\/wp-content\/uploads\/2022\/08\/thread-incense-production.webp\" alt=\"Herstellung von Fadenweihrauch\" class=\"wp-image-157\" srcset=\"https:\/\/incensemachinery.com\/wp-content\/uploads\/2022\/08\/thread-incense-production.webp 720w, https:\/\/incensemachinery.com\/wp-content\/uploads\/2022\/08\/thread-incense-production-300x225.webp 300w\" sizes=\"auto, (max-width: 720px) 100vw, 720px\" \/><figcaption>Herstellung von Fadenweihrauch<\/figcaption><\/figure> <\/figure>    <h2 class=\"wp-block-heading\">Vollst\u00e4ndiger Produktionsprozess der Produktionslinie f\u00fcr R\u00e4ucherst\u00e4bchen<\/h2>    <h3 class=\"wp-block-heading\"><strong>S\u00e4gemehlherstellung<\/strong><\/h3>    <p>Gr\u00f6\u00dferes Holz, Zweige, Wurzeln, Stroh, Kr\u00e4uter usw. k\u00f6nnen wir mit diesem kleinen Holzbrecher zu S\u00e4gemehl zerkleinern. Diese Art von Hammerm\u00fchle kann normalerweise Rohstoffe zu S\u00e4gemehl mit einer Gr\u00f6\u00dfe von etwa 3 mm zerkleinern.<\/p>   <div class=\"wp-block-image\"> <figure class=\"aligncenter size-full\"><img loading=\"lazy\" decoding=\"async\" width=\"720\" height=\"540\" src=\"https:\/\/incensemachinery.com\/wp-content\/uploads\/2022\/08\/small-wood-crusher-for-sawdust-making.webp\" alt=\"kleiner Holzbrecher zur S\u00e4gemehlherstellung\" class=\"wp-image-159\" srcset=\"https:\/\/incensemachinery.com\/wp-content\/uploads\/2022\/08\/small-wood-crusher-for-sawdust-making.webp 720w, https:\/\/incensemachinery.com\/wp-content\/uploads\/2022\/08\/small-wood-crusher-for-sawdust-making-300x225.webp 300w\" sizes=\"auto, (max-width: 720px) 100vw, 720px\" \/><figcaption>kleiner Holzbrecher zur S\u00e4gemehlherstellung<\/figcaption><\/figure> <\/div>   <h3 class=\"wp-block-heading\"><strong>Mahlen von Holzpulver<\/strong><\/h3>    <p>Die Gr\u00f6\u00dfe des S\u00e4gemehls, das von der Holzschleifmaschine verarbeitet wird, ist zu gro\u00df, um direkt zur Herstellung von R\u00e4ucherst\u00e4bchen verwendet zu werden. Daher m\u00fcssen wir eine kommerzielle Holzmehlm\u00fchle verwenden, um das S\u00e4gemehl weiter zu einem feineren Holzmehl zu mahlen. Die Feinheit der Holzmehlm\u00fchle kann je nach den Bed\u00fcrfnissen des Kunden angepasst werden. In der Regel liegt die Feinheit des Holzmehls f\u00fcr R\u00e4ucherst\u00e4bchen zwischen 60 und 120 Mesh.<\/p>   <div class=\"wp-block-image\"> <figure class=\"aligncenter size-full\"><img loading=\"lazy\" decoding=\"async\" width=\"720\" height=\"540\" src=\"https:\/\/incensemachinery.com\/wp-content\/uploads\/2022\/08\/wood-powder-grinding-machine.webp\" alt=\"Holzpulver-Schleifmaschine\" class=\"wp-image-160\" srcset=\"https:\/\/incensemachinery.com\/wp-content\/uploads\/2022\/08\/wood-powder-grinding-machine.webp 720w, https:\/\/incensemachinery.com\/wp-content\/uploads\/2022\/08\/wood-powder-grinding-machine-300x225.webp 300w\" sizes=\"auto, (max-width: 720px) 100vw, 720px\" \/><figcaption>Holzpulver-Schleifmaschine<\/figcaption><\/figure> <\/div>   <h3 class=\"wp-block-heading\"><strong>Pulvermischen<\/strong><\/h3>    <p>Nachdem die Verarbeitung des Holzpulvers abgeschlossen ist, m\u00fcssen wir mit dem automatischen Mixer alle Rohstoffe f\u00fcr die Herstellung von R\u00e4ucherst\u00e4bchen in einem bestimmten Verh\u00e4ltnis mischen und vermischen. Die Arbeit dieses Mischers erfolgt in Chargen. Das Verarbeitungsvolumen jeder Charge betr\u00e4gt ca. 50 kg.<\/p>   <div class=\"wp-block-image\"> <figure class=\"aligncenter size-full\"><img loading=\"lazy\" decoding=\"async\" width=\"720\" height=\"540\" src=\"https:\/\/incensemachinery.com\/wp-content\/uploads\/2022\/08\/wood-powder-mixing-machine.webp\" alt=\"Holzpulver-Mischmaschine\" class=\"wp-image-161\" srcset=\"https:\/\/incensemachinery.com\/wp-content\/uploads\/2022\/08\/wood-powder-mixing-machine.webp 720w, https:\/\/incensemachinery.com\/wp-content\/uploads\/2022\/08\/wood-powder-mixing-machine-300x225.webp 300w\" sizes=\"auto, (max-width: 720px) 100vw, 720px\" \/><figcaption>Holzpulver-Mischmaschine<\/figcaption><\/figure> <\/div>   <h3 class=\"wp-block-heading\"><strong>R\u00e4ucherst\u00e4bchen formen<\/strong><\/h3>    <p class=\"translation-block\">Diese <strong>R\u00e4ucherst\u00e4bchenmaschine<\/strong> kann die ger\u00fchrten Rohstoffe in feste Linien extrudieren und sie mit dem Schneideger\u00e4t in R\u00e4ucherst\u00e4bchen einheitlicher L\u00e4nge schneiden. Durch den Wechsel verschiedener Extrusionsd\u00fcsen kann der Fadenr\u00e4ucherst\u00e4bchenhersteller verschiedene Formen von R\u00e4ucherst\u00e4bchen verarbeiten, wie z.B. Sterne, W\u00fcrfel, Dreiecke, Herzen, Blumen usw. Dar\u00fcber hinaus kann auch die Schnittl\u00e4nge der R\u00e4ucherst\u00e4bchen angepasst werden.<\/p>   <div class=\"wp-block-image\"> <figure class=\"aligncenter size-full\"><img loading=\"lazy\" decoding=\"async\" width=\"720\" height=\"540\" src=\"https:\/\/incensemachinery.com\/wp-content\/uploads\/2022\/08\/incense-making-machine-for-sale.webp\" alt=\"R\u00e4uchermaschine zu verkaufen\" class=\"wp-image-121\" srcset=\"https:\/\/incensemachinery.com\/wp-content\/uploads\/2022\/08\/incense-making-machine-for-sale.webp 720w, https:\/\/incensemachinery.com\/wp-content\/uploads\/2022\/08\/incense-making-machine-for-sale-300x225.webp 300w\" sizes=\"auto, (max-width: 720px) 100vw, 720px\" \/><figcaption>Faden-R\u00e4ucherst\u00e4bchen-Produktionslinie zu verkaufen<\/figcaption><\/figure> <\/div>   <h3 class=\"wp-block-heading\"><strong>R\u00e4ucherst\u00e4bchen trocknen<\/strong><\/h3>    <p>Dieser R\u00e4uchertrockner eignet sich sehr gut zum Trocknen von Faden-R\u00e4ucherst\u00e4bchen und R\u00e4ucherst\u00e4bchen. Dieser Trockner verf\u00fcgt im Inneren \u00fcber einen beweglichen Wagen und auf den Regalen des Wagens k\u00f6nnen mehrere Lagen Tabletts platziert werden. Wir k\u00f6nnen die sauber geschnittenen R\u00e4ucherst\u00e4bchen in die Tabletts legen und die Tabletts voller R\u00e4ucherst\u00e4bchen dann zum Trocknen in den Trockner stellen. Die Trocknungstemperatur und Trocknungszeit dieses Faden-R\u00e4ucherst\u00e4bchentrockners k\u00f6nnen eingestellt und angepasst werden.<\/p>   <div class=\"wp-block-image\"> <figure class=\"aligncenter size-full\"><img loading=\"lazy\" decoding=\"async\" width=\"720\" height=\"540\" src=\"https:\/\/incensemachinery.com\/wp-content\/uploads\/2022\/08\/thread-incense-dryer-machine.webp\" alt=\"Faden-R\u00e4uchertrocknermaschine\" class=\"wp-image-162\" srcset=\"https:\/\/incensemachinery.com\/wp-content\/uploads\/2022\/08\/thread-incense-dryer-machine.webp 720w, https:\/\/incensemachinery.com\/wp-content\/uploads\/2022\/08\/thread-incense-dryer-machine-300x225.webp 300w\" sizes=\"auto, (max-width: 720px) 100vw, 720px\" \/><figcaption>Faden-R\u00e4uchertrocknermaschine<\/figcaption><\/figure> <\/div>   <h3 class=\"wp-block-heading\">Verpackungsmaschine f\u00fcr R\u00e4ucherst\u00e4bchen<\/h3>    <p>Die Buddha-R\u00e4ucherst\u00e4bchenverpackungsmaschine kann das getrocknete R\u00e4ucherst\u00e4bchen nach verschiedenen Faktoren wie Gewicht, L\u00e4nge und Durchmesser verpacken. Unabh\u00e4ngig von der Gr\u00f6\u00dfe des vom Kunden verarbeiteten Weihrauchs kann dieser mit dieser Verpackungsmaschine verpackt werden. Dar\u00fcber hinaus k\u00f6nnen Kunden auch den Verpackungsstil des Weihrauchs festlegen, z. B. Beutel, Schachtel, Tube, Schrumpffolienverpackung usw.<\/p>   <div class=\"wp-block-image\"> <figure class=\"aligncenter size-full\"><img loading=\"lazy\" decoding=\"async\" width=\"720\" height=\"540\" src=\"https:\/\/incensemachinery.com\/wp-content\/uploads\/2022\/08\/thread-incense-packaging-machine.webp\" alt=\"Faden-R\u00e4ucherst\u00e4bchen-Verpackungsmaschine\" class=\"wp-image-169\" srcset=\"https:\/\/incensemachinery.com\/wp-content\/uploads\/2022\/08\/thread-incense-packaging-machine.webp 720w, https:\/\/incensemachinery.com\/wp-content\/uploads\/2022\/08\/thread-incense-packaging-machine-300x225.webp 300w\" sizes=\"auto, (max-width: 720px) 100vw, 720px\" \/><figcaption>Faden-R\u00e4ucherst\u00e4bchen-Verpackungsmaschine<\/figcaption><\/figure> <\/div>   <h2 class=\"wp-block-heading\">Vorteile der Shuliy-Faden-R\u00e4ucherwerksverarbeitungsanlage<\/h2>    <ul class=\"wp-block-list\"><li>Die R\u00e4ucherproduktionslinie umfasst alle f\u00fcr die industrielle R\u00e4ucherproduktion erforderlichen Ger\u00e4te und ist ideal f\u00fcr Kunden, die R\u00e4ucherst\u00e4bchen in gro\u00dfen Mengen herstellen. Die Weihrauchverarbeitungsanlage erfordert 5\u201310 Arbeiter, was im Vergleich zur manuellen Weihrauchproduktion eine Menge Arbeitskosten einspart.<\/li><\/ul>    <ul class=\"wp-block-list\"><li>F\u00fcr die meisten Kunden, die ein Duftgesch\u00e4ft starten m\u00f6chten, ist die R\u00e4ucherst\u00e4bchenlinie nur eine Referenzkonfiguration. Unsere Fabrik muss in der Regel einen geeigneten Produktionsplan f\u00fcr R\u00e4ucherst\u00e4bchen entwickeln, basierend auf der Gr\u00f6\u00dfe der Fabrik des Kunden, dem Investitionsbudget, der Verarbeitungskapazit\u00e4t und anderen Faktoren.<\/li><\/ul>    <ul class=\"wp-block-list\"><li>Die Shuliy-Fabrik kann f\u00fcr jeden R\u00e4ucherst\u00e4bchenverarbeiter einen ma\u00dfgeschneiderten Service anbieten und bietet Kunden, die R\u00e4ucherger\u00e4te kaufen, einen umfassenden Kundendienst. Wir unterst\u00fctzen Kunden beim Versenden von Mustern zum Testen und hei\u00dfen Kunden herzlich willkommen, unsere Fabrik zu besuchen und die Maschinen zu testen.<\/li><\/ul>    <figure class=\"wp-block-gallery has-nested-images columns-2 is-cropped wp-block-gallery-3 is-layout-flex wp-block-gallery-is-layout-flex\"> <figure class=\"wp-block-image size-large\"><img loading=\"lazy\" decoding=\"async\" width=\"720\" height=\"540\" data-id=\"176\" src=\"https:\/\/incensemachinery.com\/wp-content\/uploads\/2022\/08\/thread-incense-bulk-prodution.webp\" alt=\"Faden-Weihrauch-Massenproduktion\" class=\"wp-image-176\" srcset=\"https:\/\/incensemachinery.com\/wp-content\/uploads\/2022\/08\/thread-incense-bulk-prodution.webp 720w, https:\/\/incensemachinery.com\/wp-content\/uploads\/2022\/08\/thread-incense-bulk-prodution-300x225.webp 300w\" sizes=\"auto, (max-width: 720px) 100vw, 720px\" \/><figcaption>Faden-Weihrauch-Massenproduktion<\/figcaption><\/figure>    <figure class=\"wp-block-image size-large\"><img loading=\"lazy\" decoding=\"async\" width=\"720\" height=\"540\" data-id=\"177\" src=\"https:\/\/incensemachinery.com\/wp-content\/uploads\/2022\/08\/well-packed-incense.webp\" alt=\"gut verpackter Weihrauch\" class=\"wp-image-177\" srcset=\"https:\/\/incensemachinery.com\/wp-content\/uploads\/2022\/08\/well-packed-incense.webp 720w, https:\/\/incensemachinery.com\/wp-content\/uploads\/2022\/08\/well-packed-incense-300x225.webp 300w\" sizes=\"auto, (max-width: 720px) 100vw, 720px\" \/><figcaption>gut verpackter Weihrauch<\/figcaption><\/figure>    <figure class=\"wp-block-image size-large\"><img loading=\"lazy\" decoding=\"async\" width=\"720\" height=\"540\" data-id=\"173\" src=\"https:\/\/incensemachinery.com\/wp-content\/uploads\/2022\/08\/agarbatti-incense.webp\" alt=\"Agarbatti-Weihrauch\" class=\"wp-image-173\" srcset=\"https:\/\/incensemachinery.com\/wp-content\/uploads\/2022\/08\/agarbatti-incense.webp 720w, https:\/\/incensemachinery.com\/wp-content\/uploads\/2022\/08\/agarbatti-incense-300x225.webp 300w\" sizes=\"auto, (max-width: 720px) 100vw, 720px\" \/><figcaption>Agarbatti-Weihrauch<\/figcaption><\/figure>    <figure class=\"wp-block-image size-large\"><img loading=\"lazy\" decoding=\"async\" width=\"720\" height=\"540\" data-id=\"174\" src=\"https:\/\/incensemachinery.com\/wp-content\/uploads\/2022\/08\/incense-packing-with-film.webp\" alt=\"Weihrauchverpackung mit Folie\" class=\"wp-image-174\" srcset=\"https:\/\/incensemachinery.com\/wp-content\/uploads\/2022\/08\/incense-packing-with-film.webp 720w, https:\/\/incensemachinery.com\/wp-content\/uploads\/2022\/08\/incense-packing-with-film-300x225.webp 300w\" sizes=\"auto, (max-width: 720px) 100vw, 720px\" \/><figcaption>Weihrauchverpackung mit Folie<\/figcaption><\/figure> <\/figure>","protected":false},"excerpt":{"rendered":"<p>The automatic incense production line is a complete thread incense stick processing line for processing incense without bamboo sticks. The thread incense stick production line includes a wood crusher, wood powder machine, mixer, thread incense forming machine, incense stick drying machine, and incense packaging machine. The production process includes sawdust processing, wood flour grinding, wood [&hellip;]<\/p>\n","protected":false},"author":1,"featured_media":155,"parent":0,"template":"","tags":[13],"product-type":[7],"class_list":["post-154","product","type-product","status-publish","has-post-thumbnail","hentry","tag-stick-incense","product-type-incense-stick-production-line"],"_links":{"self":[{"href":"https:\/\/incensemachinery.com\/de\/wp-json\/wp\/v2\/product\/154","targetHints":{"allow":["GET"]}}],"collection":[{"href":"https:\/\/incensemachinery.com\/de\/wp-json\/wp\/v2\/product"}],"about":[{"href":"https:\/\/incensemachinery.com\/de\/wp-json\/wp\/v2\/types\/product"}],"author":[{"embeddable":true,"href":"https:\/\/incensemachinery.com\/de\/wp-json\/wp\/v2\/users\/1"}],"wp:featuredmedia":[{"embeddable":true,"href":"https:\/\/incensemachinery.com\/de\/wp-json\/wp\/v2\/media\/155"}],"wp:attachment":[{"href":"https:\/\/incensemachinery.com\/de\/wp-json\/wp\/v2\/media?parent=154"}],"wp:term":[{"taxonomy":"post_tag","embeddable":true,"href":"https:\/\/incensemachinery.com\/de\/wp-json\/wp\/v2\/tags?post=154"},{"taxonomy":"product-type","embeddable":true,"href":"https:\/\/incensemachinery.com\/de\/wp-json\/wp\/v2\/product-type?post=154"}],"curies":[{"name":"wp","href":"https:\/\/api.w.org\/{rel}","templated":true}]}}