{"id":138,"date":"2022-08-04T02:33:13","date_gmt":"2022-08-04T02:33:13","guid":{"rendered":"https:\/\/incensemachinery.com\/?post_type=product&#038;p=138"},"modified":"2025-07-24T16:38:20","modified_gmt":"2025-07-24T08:38:20","slug":"stick-incense-production-line","status":"publish","type":"product","link":"https:\/\/incensemachinery.com\/de\/product\/stick-incense-production-line\/","title":{"rendered":"Kleine Produktionslinie f\u00fcr R\u00e4ucherst\u00e4bchen"},"content":{"rendered":"<div class=\"kk-star-ratings kksr-auto kksr-align-left kksr-valign-top\"     data-payload='{&quot;align&quot;:&quot;left&quot;,&quot;id&quot;:&quot;138&quot;,&quot;slug&quot;:&quot;default&quot;,&quot;valign&quot;:&quot;top&quot;,&quot;ignore&quot;:&quot;&quot;,&quot;reference&quot;:&quot;auto&quot;,&quot;class&quot;:&quot;&quot;,&quot;count&quot;:&quot;15&quot;,&quot;legendonly&quot;:&quot;&quot;,&quot;readonly&quot;:&quot;&quot;,&quot;score&quot;:&quot;4.8&quot;,&quot;starsonly&quot;:&quot;&quot;,&quot;best&quot;:&quot;5&quot;,&quot;gap&quot;:&quot;5&quot;,&quot;greet&quot;:&quot;Rate this product&quot;,&quot;legend&quot;:&quot;4.8\\\/5 - (15 votes)&quot;,&quot;size&quot;:&quot;24&quot;,&quot;title&quot;:&quot;Small-scale Stick Incense Production Line&quot;,&quot;width&quot;:&quot;136.7&quot;,&quot;_legend&quot;:&quot;{score}\\\/{best} - ({count} {votes})&quot;,&quot;font_factor&quot;:&quot;1.25&quot;}'>              <div class=\"kksr-stars\">      <div class=\"kksr-stars-inactive\">             <div class=\"kksr-star\" data-star=\"1\" style=\"padding-right: 5px\">               <div class=\"kksr-icon\" style=\"width: 24px; height: 24px;\"><\/div>         <\/div>             <div class=\"kksr-star\" data-star=\"2\" style=\"padding-right: 5px\">               <div class=\"kksr-icon\" style=\"width: 24px; height: 24px;\"><\/div>         <\/div>             <div class=\"kksr-star\" data-star=\"3\" style=\"padding-right: 5px\">               <div class=\"kksr-icon\" style=\"width: 24px; height: 24px;\"><\/div>         <\/div>             <div class=\"kksr-star\" data-star=\"4\" style=\"padding-right: 5px\">               <div class=\"kksr-icon\" style=\"width: 24px; height: 24px;\"><\/div>         <\/div>             <div class=\"kksr-star\" data-star=\"5\" style=\"padding-right: 5px\">               <div class=\"kksr-icon\" style=\"width: 24px; height: 24px;\"><\/div>         <\/div>     <\/div>      <div class=\"kksr-stars-active\" style=\"width: 136.7px;\">             <div class=\"kksr-star\" style=\"padding-right: 5px\">               <div class=\"kksr-icon\" style=\"width: 24px; height: 24px;\"><\/div>         <\/div>             <div class=\"kksr-star\" style=\"padding-right: 5px\">               <div class=\"kksr-icon\" style=\"width: 24px; height: 24px;\"><\/div>         <\/div>             <div class=\"kksr-star\" style=\"padding-right: 5px\">               <div class=\"kksr-icon\" style=\"width: 24px; height: 24px;\"><\/div>         <\/div>             <div class=\"kksr-star\" style=\"padding-right: 5px\">               <div class=\"kksr-icon\" style=\"width: 24px; height: 24px;\"><\/div>         <\/div>             <div class=\"kksr-star\" style=\"padding-right: 5px\">               <div class=\"kksr-icon\" style=\"width: 24px; height: 24px;\"><\/div>         <\/div>     <\/div> <\/div>                   <div class=\"kksr-legend\" style=\"font-size: 19.2px;\">             4,8\/5 - (15 Stimmen)    <\/div>     <\/div>  <p>Diese kleine Produktionslinie f\u00fcr R\u00e4ucherst\u00e4bchen wird haupts\u00e4chlich in mittleren und kleinen R\u00e4ucherst\u00e4bchenfabriken eingesetzt, die R\u00e4ucherst\u00e4bchen verarbeiten. Zur Hauptausr\u00fcstung dieser Agarbatti-St\u00e4bchen-Verarbeitungsanlage geh\u00f6ren der Holzpulvermischer, die R\u00e4ucherst\u00e4bchen-Formungsmaschine und die R\u00e4ucherst\u00e4bchen-Verpackungsmaschine. Die Verarbeitungslinie kann R\u00e4ucherst\u00e4bchen unterschiedlicher Durchmesser und L\u00e4ngen verarbeiten.<\/p>   <div class=\"wp-block-image\"> <figure class=\"aligncenter size-full\"><img loading=\"lazy\" decoding=\"async\" width=\"720\" height=\"540\" src=\"https:\/\/incensemachinery.com\/wp-content\/uploads\/2022\/08\/stick-incense.jpg\" alt=\"R\u00e4ucherst\u00e4bchen\" class=\"wp-image-143\" srcset=\"https:\/\/incensemachinery.com\/wp-content\/uploads\/2022\/08\/stick-incense.jpg 720w, https:\/\/incensemachinery.com\/wp-content\/uploads\/2022\/08\/stick-incense-300x225.jpg 300w\" sizes=\"auto, (max-width: 720px) 100vw, 720px\" \/><figcaption>R\u00e4ucherst\u00e4bchen<\/figcaption><\/figure> <\/div>   <h2 class=\"wp-block-heading\">Hauptausr\u00fcstung der Agarbatti-R\u00e4ucherst\u00e4bchenverarbeitungsanlage<\/h2>    <p>Diese kleine R\u00e4ucherst\u00e4bchen-Verarbeitungslinie ist ein hei\u00df verkauftes Produkt in unserer Fabrik. Dies liegt daran, dass die Agarbatti-Stick-Verarbeitungsanlage einfach, leicht zu bedienen, kosteng\u00fcnstig und sehr kosteng\u00fcnstig ist. Die Produktionslinie umfasst haupts\u00e4chlich einen Mixer, eine R\u00e4ucherst\u00e4bchen-Extrudermaschine und eine R\u00e4ucherst\u00e4bchen-Verpackungsmaschine.  Wenn Kunden uns zu Ger\u00e4ten zur R\u00e4ucherst\u00e4bchenherstellung konsultieren, empfehlen wir ihnen in der Regel geeignete Maschinen basierend auf ihren tats\u00e4chlichen Produktionsanforderungen.<\/p>    <h3 class=\"wp-block-heading\">Maschine zum Mischen von Holzpulver<\/h3>    <p>Dieser horizontale automatische Mischer wird h\u00e4ufig in der Futtermittel-, Lebensmittel-, Chemie-, D\u00fcngemittel-, Pharma- und anderen Industrie zum Mischen und R\u00fchren von Pulver, Granulat, Flocken, Klumpen und viskosen Materialien eingesetzt. Der Mischer nutzt das Prinzip der sofortigen Schwerelosigkeit, um die Materialien im K\u00f6rper durch mechanisches Mischen herzustellen und so den Zweck einer gleichm\u00e4\u00dfigen Vermischung zu erreichen. Wir k\u00f6nnen die Rohstoffe f\u00fcr die Herstellung von R\u00e4ucherst\u00e4bchen, wie Holzpulver, klebriges Pulver, Wasser, Duftstoffe usw., in einem bestimmten Verh\u00e4ltnis in den Mixer geben, um sie gr\u00fcndlich zu vermischen.<\/p>    <figure class=\"wp-block-gallery has-nested-images columns-default is-cropped wp-block-gallery-2 is-layout-flex wp-block-gallery-is-layout-flex\"> <figure class=\"wp-block-image size-large\"><img loading=\"lazy\" decoding=\"async\" width=\"720\" height=\"540\" data-id=\"144\" src=\"https:\/\/incensemachinery.com\/wp-content\/uploads\/2022\/08\/mixer-machine.webp\" alt=\"Mischmaschine\" class=\"wp-image-144\" srcset=\"https:\/\/incensemachinery.com\/wp-content\/uploads\/2022\/08\/mixer-machine.webp 720w, https:\/\/incensemachinery.com\/wp-content\/uploads\/2022\/08\/mixer-machine-300x225.webp 300w\" sizes=\"auto, (max-width: 720px) 100vw, 720px\" \/><figcaption>Mischmaschine<\/figcaption><\/figure>    <figure class=\"wp-block-image size-large\"><img loading=\"lazy\" decoding=\"async\" width=\"720\" height=\"540\" data-id=\"145\" src=\"https:\/\/incensemachinery.com\/wp-content\/uploads\/2022\/08\/wood-powder-1.webp\" alt=\"Holzpulver\" class=\"wp-image-145\" srcset=\"https:\/\/incensemachinery.com\/wp-content\/uploads\/2022\/08\/wood-powder-1.webp 720w, https:\/\/incensemachinery.com\/wp-content\/uploads\/2022\/08\/wood-powder-1-300x225.webp 300w\" sizes=\"auto, (max-width: 720px) 100vw, 720px\" \/><figcaption>Holzpulver<\/figcaption><\/figure> <\/figure>    <h4 class=\"wp-block-heading\">Parameter des Mischers<\/h4>    <figure class=\"wp-block-table\"><table><tbody><tr><td>Modell<\/td><td>SL-ZW-0101<\/td><\/tr><tr><td>R\u00fchrgewicht<\/td><td>50 kg\/Charge<\/td><\/tr><tr><td>Leistung<\/td><td>3 kW<\/td><\/tr><tr><td>Gr\u00f6\u00dfe<\/td><td>1100*750*1050mm<\/td><\/tr><tr><td>Gewicht<\/td><td>300kg<\/td><\/tr><\/tbody><\/table><\/figure>    <h3 class=\"wp-block-heading\">R\u00e4ucherst\u00e4bchen-Extrudermaschine<\/h3>    <p class=\"translation-block\">Die <strong>R\u00e4ucherst\u00e4bchen-Extrusionsmaschine<\/strong> ist das Hauptger\u00e4t dieser Produktionlinie f\u00fcr R\u00e4ucherst\u00e4bchen, das verwendet wird, um die gemischten Rohmaterialien gleichm\u00e4\u00dfig auf die Bambusst\u00e4be zu wickeln und zu beschichten. Dabei k\u00f6nnen die Dicke und L\u00e4nge der R\u00e4ucherst\u00e4bchenwickel an der Steuerungseinheit der Maschine eingestellt und angepasst werden. Die Verarbeitungseffizienz der Agarbatti-Stab-Extrusionsmaschine liegt bei etwa 300 St\u00fcck pro Minute. Ihre Produktionsgeschwindigkeit ist ebenfalls einstellbar. Dieses Modell unten ist einer der meistverkauften Extruder.<\/p>    <figure class=\"wp-block-gallery has-nested-images columns-default is-cropped wp-block-gallery-3 is-layout-flex wp-block-gallery-is-layout-flex\"> <figure class=\"wp-block-image size-large\"><img loading=\"lazy\" decoding=\"async\" width=\"720\" height=\"540\" data-id=\"115\" src=\"https:\/\/incensemachinery.com\/wp-content\/uploads\/2022\/08\/dhoop-incense-stick-making-machine.webp\" alt=\"Maschine zur Herstellung von Dhoop-R\u00e4ucherst\u00e4bchen\" class=\"wp-image-115\" srcset=\"https:\/\/incensemachinery.com\/wp-content\/uploads\/2022\/08\/dhoop-incense-stick-making-machine.webp 720w, https:\/\/incensemachinery.com\/wp-content\/uploads\/2022\/08\/dhoop-incense-stick-making-machine-300x225.webp 300w\" sizes=\"auto, (max-width: 720px) 100vw, 720px\" \/><figcaption>Maschine zur Herstellung von Dhoop-R\u00e4ucherst\u00e4bchen<\/figcaption><\/figure>    <figure class=\"wp-block-image size-large\"><img loading=\"lazy\" decoding=\"async\" width=\"720\" height=\"540\" data-id=\"127\" src=\"https:\/\/incensemachinery.com\/wp-content\/uploads\/2022\/08\/stick-incense.webp\" alt=\"R\u00e4ucherst\u00e4bchen\" class=\"wp-image-127\" srcset=\"https:\/\/incensemachinery.com\/wp-content\/uploads\/2022\/08\/stick-incense.webp 720w, https:\/\/incensemachinery.com\/wp-content\/uploads\/2022\/08\/stick-incense-300x225.webp 300w\" sizes=\"auto, (max-width: 720px) 100vw, 720px\" \/><figcaption>Agarbatti-R\u00e4ucherst\u00e4bchen<\/figcaption><\/figure> <\/figure>    <h4 class=\"wp-block-heading\">Parameter der Weihrauch-Extrudermaschine<\/h4>    <figure class=\"wp-block-table\"><table><tbody><tr><td>Modell<\/td><td>SL-ZW-07<\/td><\/tr><tr><td>Leistung<\/td><td>3 kW<\/td><\/tr><tr><td>Endg\u00fcltige Produktgr\u00f6\u00dfe<\/td><td>3\u20136\u00a0mm\u00a02,5\u00a0mm L\u00e4nge unter 48\u00a0cm<\/td><\/tr><tr><td>Packungsgr\u00f6\u00dfe<\/td><td>800*1050*800mm<\/td><\/tr><tr><td>Geschwindigkeit<\/td><td>300+ St\u00fcck\/Min<\/td><\/tr><tr><td>Gewicht<\/td><td>300kg<\/td><\/tr><\/tbody><\/table><\/figure>    <h3 class=\"wp-block-heading\">Verpackungsmaschine f\u00fcr R\u00e4ucherst\u00e4bchen<\/h3>    <p class=\"translation-block\">Diese Art von <strong><a href=\"https:\/\/taizypackaging.com\/incense-stick-counting-and-packing-machine\/\" target=\"_blank\" rel=\"noopener\">R\u00e4ucherst\u00e4bchen-Verpackungsmaschine <\/a><\/strong>hat die Funktion des automatischen Z\u00e4hlens und Verpackens. Sie kann die getrockneten Agarbatti-R\u00e4ucherst\u00e4bchen automatisch gem\u00e4\u00df bestimmten Verpackungsspezifikationen verpacken. Diese Verpackungsmaschine kann eine gro\u00dfe Anzahl von Arbeitskr\u00e4ften ersetzen, um die Agarbatti-R\u00e4ucherst\u00e4bchen zu z\u00e4hlen und zu verpacken, ohne die St\u00e4bchen zu besch\u00e4digen. Die R\u00e4ucherst\u00e4bchen-Verpackungsmaschine kann verwendet werden, um alle Arten von R\u00e4ucherst\u00e4bchen mit einer L\u00e4nge von 1-100 cm zu verpacken.<\/p>   <div class=\"wp-block-image\"> <figure class=\"aligncenter size-full\"><img loading=\"lazy\" decoding=\"async\" width=\"720\" height=\"540\" src=\"https:\/\/incensemachinery.com\/wp-content\/uploads\/2022\/08\/incense-stick-packaging-machine.webp\" alt=\"Verpackungsmaschine f\u00fcr R\u00e4ucherst\u00e4bchen\" class=\"wp-image-146\" srcset=\"https:\/\/incensemachinery.com\/wp-content\/uploads\/2022\/08\/incense-stick-packaging-machine.webp 720w, https:\/\/incensemachinery.com\/wp-content\/uploads\/2022\/08\/incense-stick-packaging-machine-300x225.webp 300w\" sizes=\"auto, (max-width: 720px) 100vw, 720px\" \/><figcaption>Verpackungsmaschine f\u00fcr R\u00e4ucherst\u00e4bchen<\/figcaption><\/figure> <\/div>   <h4 class=\"wp-block-heading\">Parameter der R\u00e4ucherst\u00e4bchenverpackungsmaschine<\/h4>    <figure class=\"wp-block-table\"><table><tbody><tr><td>Modell<\/td><td>SL-CX-350<\/td><\/tr><tr><td>Leistung<\/td><td>220V\/3kw<\/td><\/tr><tr><td>Verpackungsart<\/td><td>H-Typ<\/td><\/tr><tr><td>Geschwindigkeit<\/td><td>30-50 Beutel\/Min<\/td><\/tr><tr><td>Die Dicke der Kunststofffolie<\/td><td>1,0\u20142,2 \u00b5m<\/td><\/tr><tr><td>Breite der Verpackung<\/td><td>300mm<\/td><\/tr><tr><td>Verpackungsh\u00f6he<\/td><td>\u226480mm&nbsp;&nbsp;<\/td><\/tr><tr><td>Ihre Anforderungen<\/td><td>Durchmesser: 5\u20136 mm, 100 St\u00fcck\/Beutel<\/td><\/tr><tr><td>Gr\u00f6\u00dfe<\/td><td>2300*1400*1450 &nbsp;&nbsp;<\/td><\/tr><tr><td>Gewicht<\/td><td>350kg<\/td><\/tr><tr><td>Geeignet<\/td><td>R\u00e4ucherst\u00e4bchen, Trinkhalme, Grillst\u00e4bchen usw.<\/td><\/tr><\/tbody><\/table><\/figure>    <figure class=\"wp-block-gallery has-nested-images columns-2 is-cropped wp-block-gallery-4 is-layout-flex wp-block-gallery-is-layout-flex\"> <figure class=\"wp-block-image size-large\"><img loading=\"lazy\" decoding=\"async\" width=\"720\" height=\"540\" data-id=\"147\" src=\"https:\/\/incensemachinery.com\/wp-content\/uploads\/2022\/08\/agarbatti-incense-stick-plants-in-Vietnam.webp\" alt=\"Agarbatti-R\u00e4ucherst\u00e4bchenpflanzen in Vietnam\" class=\"wp-image-147\" srcset=\"https:\/\/incensemachinery.com\/wp-content\/uploads\/2022\/08\/agarbatti-incense-stick-plants-in-Vietnam.webp 720w, https:\/\/incensemachinery.com\/wp-content\/uploads\/2022\/08\/agarbatti-incense-stick-plants-in-Vietnam-300x225.webp 300w\" sizes=\"auto, (max-width: 720px) 100vw, 720px\" \/><figcaption>Agarbatti-R\u00e4ucherst\u00e4bchenpflanzen in Vietnam<\/figcaption><\/figure>    <figure class=\"wp-block-image size-large\"><img loading=\"lazy\" decoding=\"async\" width=\"720\" height=\"540\" data-id=\"148\" src=\"https:\/\/incensemachinery.com\/wp-content\/uploads\/2022\/08\/incense-machine-factory.webp\" alt=\"Weihrauchmaschinenfabrik\" class=\"wp-image-148\" srcset=\"https:\/\/incensemachinery.com\/wp-content\/uploads\/2022\/08\/incense-machine-factory.webp 720w, https:\/\/incensemachinery.com\/wp-content\/uploads\/2022\/08\/incense-machine-factory-300x225.webp 300w\" sizes=\"auto, (max-width: 720px) 100vw, 720px\" \/><figcaption>Weihrauchmaschinenfabrik<\/figcaption><\/figure>    <figure class=\"wp-block-image size-large\"><img loading=\"lazy\" decoding=\"async\" width=\"720\" height=\"540\" data-id=\"149\" src=\"https:\/\/incensemachinery.com\/wp-content\/uploads\/2022\/08\/stick-incense-making.webp\" alt=\"Herstellung von R\u00e4ucherst\u00e4bchen\" class=\"wp-image-149\" srcset=\"https:\/\/incensemachinery.com\/wp-content\/uploads\/2022\/08\/stick-incense-making.webp 720w, https:\/\/incensemachinery.com\/wp-content\/uploads\/2022\/08\/stick-incense-making-300x225.webp 300w\" sizes=\"auto, (max-width: 720px) 100vw, 720px\" \/><figcaption>Herstellung von R\u00e4ucherst\u00e4bchen<\/figcaption><\/figure>    <figure class=\"wp-block-image size-large\"><img loading=\"lazy\" decoding=\"async\" width=\"720\" height=\"540\" data-id=\"150\" src=\"https:\/\/incensemachinery.com\/wp-content\/uploads\/2022\/08\/white-stick-incense-making.webp\" alt=\"Herstellung von R\u00e4ucherst\u00e4bchen mit wei\u00dfen St\u00e4bchen\" class=\"wp-image-150\" srcset=\"https:\/\/incensemachinery.com\/wp-content\/uploads\/2022\/08\/white-stick-incense-making.webp 720w, https:\/\/incensemachinery.com\/wp-content\/uploads\/2022\/08\/white-stick-incense-making-300x225.webp 300w\" sizes=\"auto, (max-width: 720px) 100vw, 720px\" \/><figcaption>Herstellung von R\u00e4ucherst\u00e4bchen mit wei\u00dfen St\u00e4bchen<\/figcaption><\/figure> <\/figure>    <h2 class=\"wp-block-heading\">Merkmale der Produktionslinie f\u00fcr kleine R\u00e4ucherst\u00e4bchen<\/h2>    <p>Diese kleine R\u00e4ucherst\u00e4bchenverarbeitungsanlage ist eine einfache L\u00f6sung zur R\u00e4ucherproduktion, die von unserer Shuliy-Fabrik basierend auf den Optionen der meisten unserer Kunden entworfen wurde. Die niedrigen Kosten dieser Linie sind f\u00fcr Kunden geeignet, die ein hohes Verarbeitungsvolumen, aber ein niedriges Investitionsbudget haben. Diese Linie kann im Grunde die Bed\u00fcrfnisse von 70 % der R\u00e4ucherst\u00e4bchenfabriken erf\u00fcllen.<\/p>    <p>Die Ausr\u00fcstung dieser Agarbatti-Stick-Verarbeitungslinie ist nur ein Referenzdesign. Wenn der Kunde beispielsweise R\u00e4ucherst\u00e4bchen herstellt, die nicht verpackt werden m\u00fcssen, ist die Anschaffung einer R\u00e4ucherst\u00e4bchenverpackungsmaschine nicht erforderlich. Normalerweise ist unser Werk in der Lage, eine passende L\u00f6sung f\u00fcr unsere Kunden entsprechend ihren Verarbeitungsanforderungen und ihrem Investitionsbudget anzupassen.<\/p>","protected":false},"excerpt":{"rendered":"<p>This small-scale stick incense production line is mainly used in medium and small incense factories that process incense sticks. The main equipment of this agarbatti stick processing plant includes the wood powder mixer, stick incense forming machine, and stick incense packaging machine. The processing line can process stick incense of different diameters and lengths. Main [&hellip;]<\/p>\n","protected":false},"author":1,"featured_media":139,"parent":0,"template":"","tags":[13],"product-type":[7],"class_list":["post-138","product","type-product","status-publish","has-post-thumbnail","hentry","tag-stick-incense","product-type-incense-stick-production-line"],"_links":{"self":[{"href":"https:\/\/incensemachinery.com\/de\/wp-json\/wp\/v2\/product\/138","targetHints":{"allow":["GET"]}}],"collection":[{"href":"https:\/\/incensemachinery.com\/de\/wp-json\/wp\/v2\/product"}],"about":[{"href":"https:\/\/incensemachinery.com\/de\/wp-json\/wp\/v2\/types\/product"}],"author":[{"embeddable":true,"href":"https:\/\/incensemachinery.com\/de\/wp-json\/wp\/v2\/users\/1"}],"wp:featuredmedia":[{"embeddable":true,"href":"https:\/\/incensemachinery.com\/de\/wp-json\/wp\/v2\/media\/139"}],"wp:attachment":[{"href":"https:\/\/incensemachinery.com\/de\/wp-json\/wp\/v2\/media?parent=138"}],"wp:term":[{"taxonomy":"post_tag","embeddable":true,"href":"https:\/\/incensemachinery.com\/de\/wp-json\/wp\/v2\/tags?post=138"},{"taxonomy":"product-type","embeddable":true,"href":"https:\/\/incensemachinery.com\/de\/wp-json\/wp\/v2\/product-type?post=138"}],"curies":[{"name":"wp","href":"https:\/\/api.w.org\/{rel}","templated":true}]}}