{"id":118,"date":"2022-08-03T10:43:01","date_gmt":"2022-08-03T10:43:01","guid":{"rendered":"https:\/\/incensemachinery.com\/?post_type=product&#038;p=118"},"modified":"2025-07-03T16:24:50","modified_gmt":"2025-07-03T08:24:50","slug":"thread-incense-making-machine","status":"publish","type":"product","link":"https:\/\/incensemachinery.com\/de\/product\/thread-incense-making-machine\/","title":{"rendered":"Weihrauchmaschine | Faden-R\u00e4uchermaschine"},"content":{"rendered":"<div class=\"kk-star-ratings kksr-auto kksr-align-left kksr-valign-top\"     data-payload='{&quot;align&quot;:&quot;left&quot;,&quot;id&quot;:&quot;118&quot;,&quot;slug&quot;:&quot;default&quot;,&quot;valign&quot;:&quot;top&quot;,&quot;ignore&quot;:&quot;&quot;,&quot;reference&quot;:&quot;auto&quot;,&quot;class&quot;:&quot;&quot;,&quot;count&quot;:&quot;14&quot;,&quot;legendonly&quot;:&quot;&quot;,&quot;readonly&quot;:&quot;&quot;,&quot;score&quot;:&quot;4.9&quot;,&quot;starsonly&quot;:&quot;&quot;,&quot;best&quot;:&quot;5&quot;,&quot;gap&quot;:&quot;5&quot;,&quot;greet&quot;:&quot;Rate this product&quot;,&quot;legend&quot;:&quot;4.9\\\/5 - (14 votes)&quot;,&quot;size&quot;:&quot;24&quot;,&quot;title&quot;:&quot;Incense Making Machine | Thread Incense Machine&quot;,&quot;width&quot;:&quot;139.6&quot;,&quot;_legend&quot;:&quot;{score}\\\/{best} - ({count} {votes})&quot;,&quot;font_factor&quot;:&quot;1.25&quot;}'>              <div class=\"kksr-stars\">      <div class=\"kksr-stars-inactive\">             <div class=\"kksr-star\" data-star=\"1\" style=\"padding-right: 5px\">               <div class=\"kksr-icon\" style=\"width: 24px; height: 24px;\"><\/div>         <\/div>             <div class=\"kksr-star\" data-star=\"2\" style=\"padding-right: 5px\">               <div class=\"kksr-icon\" style=\"width: 24px; height: 24px;\"><\/div>         <\/div>             <div class=\"kksr-star\" data-star=\"3\" style=\"padding-right: 5px\">               <div class=\"kksr-icon\" style=\"width: 24px; height: 24px;\"><\/div>         <\/div>             <div class=\"kksr-star\" data-star=\"4\" style=\"padding-right: 5px\">               <div class=\"kksr-icon\" style=\"width: 24px; height: 24px;\"><\/div>         <\/div>             <div class=\"kksr-star\" data-star=\"5\" style=\"padding-right: 5px\">               <div class=\"kksr-icon\" style=\"width: 24px; height: 24px;\"><\/div>         <\/div>     <\/div>      <div class=\"kksr-stars-active\" style=\"width: 139.6px;\">             <div class=\"kksr-star\" style=\"padding-right: 5px\">               <div class=\"kksr-icon\" style=\"width: 24px; height: 24px;\"><\/div>         <\/div>             <div class=\"kksr-star\" style=\"padding-right: 5px\">               <div class=\"kksr-icon\" style=\"width: 24px; height: 24px;\"><\/div>         <\/div>             <div class=\"kksr-star\" style=\"padding-right: 5px\">               <div class=\"kksr-icon\" style=\"width: 24px; height: 24px;\"><\/div>         <\/div>             <div class=\"kksr-star\" style=\"padding-right: 5px\">               <div class=\"kksr-icon\" style=\"width: 24px; height: 24px;\"><\/div>         <\/div>             <div class=\"kksr-star\" style=\"padding-right: 5px\">               <div class=\"kksr-icon\" style=\"width: 24px; height: 24px;\"><\/div>         <\/div>     <\/div> <\/div>                   <div class=\"kksr-legend\" style=\"font-size: 19.2px;\">             4,9\/5 - (14 Stimmen)    <\/div>     <\/div>  <p class=\"translation-block\">Diese automatische R\u00e4ucherst\u00e4bchenmaschine kann auch als Fadenr\u00e4uchermaschine bezeichnet werden, wird jedoch haupts\u00e4chlich zur Herstellung von R\u00e4ucherst\u00e4bchen ohne Bambusst\u00e4bchen verwendet. Diese Fadenr\u00e4uchermaschine kann verschiedene Arten von R\u00e4ucherst\u00e4bchen mit unterschiedlichen Durchmessern und L\u00e4ngen verarbeiten. Der von dieser Maschine produzierte Rauch wird normalerweise als <strong><a href=\"https:\/\/buddingbuddhist.com\/what-kind-of-incense-is-used-in-buddhist-temples\/\" target=\"_blank\" rel=\"noopener\">buddhistischer Rauch<\/a><\/strong> und f\u00fcr R\u00e4ucherst\u00e4bchen in Innenr\u00e4umen verwendet. Durch die Zugabe verschiedener Farben zum Rohmaterial kann die Maschine auch bunte R\u00e4ucherst\u00e4bchen verarbeiten.<\/p>    <figure class=\"wp-block-gallery has-nested-images columns-default is-cropped wp-block-gallery-2 is-layout-flex wp-block-gallery-is-layout-flex\"> <figure class=\"wp-block-image size-large\"><img loading=\"lazy\" decoding=\"async\" width=\"720\" height=\"540\" data-id=\"124\" src=\"https:\/\/incensemachinery.com\/wp-content\/uploads\/2022\/08\/industrial-thread-incense-stick-machine.webp\" alt=\"Industrielle R\u00e4ucherst\u00e4bchenmaschine\" class=\"wp-image-124\" srcset=\"https:\/\/incensemachinery.com\/wp-content\/uploads\/2022\/08\/industrial-thread-incense-stick-machine.webp 720w, https:\/\/incensemachinery.com\/wp-content\/uploads\/2022\/08\/industrial-thread-incense-stick-machine-300x225.webp 300w\" sizes=\"auto, (max-width: 720px) 100vw, 720px\" \/><figcaption class=\"wp-element-caption\">Industrielle R\u00e4ucherst\u00e4bchenmaschine<\/figcaption><\/figure>    <figure class=\"wp-block-image size-large\"><img loading=\"lazy\" decoding=\"async\" width=\"720\" height=\"540\" data-id=\"125\" src=\"https:\/\/incensemachinery.com\/wp-content\/uploads\/2022\/08\/thread-incense-stick.webp\" alt=\"R\u00e4ucherst\u00e4bchen auff\u00e4deln\" class=\"wp-image-125\" srcset=\"https:\/\/incensemachinery.com\/wp-content\/uploads\/2022\/08\/thread-incense-stick.webp 720w, https:\/\/incensemachinery.com\/wp-content\/uploads\/2022\/08\/thread-incense-stick-300x225.webp 300w\" sizes=\"auto, (max-width: 720px) 100vw, 720px\" \/><figcaption class=\"wp-element-caption\">R\u00e4ucherst\u00e4bchen auff\u00e4deln<\/figcaption><\/figure> <\/figure>    <h2 class=\"wp-block-heading\" id=\"h-raw-materials-for-making-incense\">Rohstoffe zur Herstellung von R\u00e4ucherst\u00e4bchen<\/h2>    <p>Die Grundrohstoffe f\u00fcr die Verarbeitung von Weihrauch sind haupts\u00e4chlich feineres Holzpulver (60\u2013100 Mesh), klebriges Pulver, Pigmente, Aromen usw. Unter diesen ist das klebrige Pulver nicht die Art von Gummipulver, das in der Industrie verwendet wird, sondern das daraus hergestellte Pulver die Rinde, \u00c4ste, Bl\u00e4tter und Wurzeln von B\u00e4umen mit Klebrigkeit. Dieses Pulver wird klebrig, wenn es auf Wasser trifft, es ist schleimig und hat eine starke Klebrigkeit.<\/p>    <h2 class=\"wp-block-heading\" id=\"h-incense-with-stick-vs-incense-without-sticks\">R\u00e4ucherst\u00e4bchen mit St\u00e4bchen vs. R\u00e4ucherst\u00e4bchen ohne St\u00e4bchen<\/h2>    <p class=\"translation-block\">Es gibt zwei Haupttypen von R\u00e4ucherst\u00e4bchen, die wir normalerweise sehen: eine mit einem Bambus- oder Holzstab und die andere ohne Stab. Tats\u00e4chlich gibt es keinen Unterschied zwischen diesen beiden Arten von R\u00e4ucherst\u00e4bchen hinsichtlich der Verwendung, sondern nur einen geringen Unterschied im Aussehen. Das <strong><a href=\"https:\/\/incensemachinery.com\/de\/product\/agarbatti-incense-stick-machine\/?swcfpc=1\">R\u00e4ucherst\u00e4bchen mit Bambusstab<\/a><\/strong> l\u00e4sst sich leicht an dem Ort einsetzen, an dem der Rauch entz\u00fcndet wird, und ist leicht zu halten. Das ohne Stab muss normalerweise auf dem R\u00e4uchergef\u00e4\u00df platziert werden.<\/p>    <figure class=\"wp-block-gallery has-nested-images columns-default is-cropped wp-block-gallery-3 is-layout-flex wp-block-gallery-is-layout-flex\"> <figure class=\"wp-block-image size-large\"><img loading=\"lazy\" decoding=\"async\" width=\"720\" height=\"540\" data-id=\"127\" src=\"https:\/\/incensemachinery.com\/wp-content\/uploads\/2022\/08\/stick-incense.webp\" alt=\"R\u00e4ucherst\u00e4bchen\" class=\"wp-image-127\" srcset=\"https:\/\/incensemachinery.com\/wp-content\/uploads\/2022\/08\/stick-incense.webp 720w, https:\/\/incensemachinery.com\/wp-content\/uploads\/2022\/08\/stick-incense-300x225.webp 300w\" sizes=\"auto, (max-width: 720px) 100vw, 720px\" \/><figcaption class=\"wp-element-caption\">R\u00e4ucherst\u00e4bchen<\/figcaption><\/figure>    <figure class=\"wp-block-image size-large\"><img loading=\"lazy\" decoding=\"async\" width=\"720\" height=\"540\" data-id=\"128\" src=\"https:\/\/incensemachinery.com\/wp-content\/uploads\/2022\/08\/thread-incense-without-sticks.webp\" alt=\"R\u00e4ucherst\u00e4bchen ohne St\u00e4bchen auff\u00e4deln\" class=\"wp-image-128\" srcset=\"https:\/\/incensemachinery.com\/wp-content\/uploads\/2022\/08\/thread-incense-without-sticks.webp 720w, https:\/\/incensemachinery.com\/wp-content\/uploads\/2022\/08\/thread-incense-without-sticks-300x225.webp 300w\" sizes=\"auto, (max-width: 720px) 100vw, 720px\" \/><figcaption class=\"wp-element-caption\">R\u00e4ucherst\u00e4bchen ohne St\u00e4bchen auff\u00e4deln<\/figcaption><\/figure> <\/figure>    <h2 class=\"wp-block-heading\" id=\"h-main-structure-of-thread-incense-making-machine\">Hauptstruktur der Maschine zur Herstellung von Faden-R\u00e4ucherst\u00e4bchen<\/h2>    <p>Die komplette R\u00e4uchermaschine umfasst eine Extrudiermaschine, drei F\u00f6rderb\u00e4nder (ein F\u00f6rderband f\u00fcr die Zuf\u00fchrung, ein F\u00f6rderband mit Schneidern und ein F\u00f6rderband f\u00fcr den Transport) und eine Stapelmaschine. Die R\u00e4ucherst\u00e4bchengr\u00f6\u00dfe kann je nach Kundenwunsch individuell angepasst werden und es k\u00f6nnen auch die Formen im Inneren ausgetauscht werden, um unterschiedliche Formen oder unterschiedliche Durchmesser des endg\u00fcltigen R\u00e4ucherst\u00e4bchens herzustellen.<\/p>    <figure class=\"wp-block-gallery has-nested-images columns-default is-cropped wp-block-gallery-4 is-layout-flex wp-block-gallery-is-layout-flex\"> <figure class=\"wp-block-image size-large\"><img loading=\"lazy\" decoding=\"async\" width=\"720\" height=\"540\" data-id=\"130\" src=\"https:\/\/incensemachinery.com\/wp-content\/uploads\/2022\/08\/small-thread-incense-processing-line.webp\" alt=\"kleine Verarbeitungslinie f\u00fcr R\u00e4ucherst\u00e4bchen\" class=\"wp-image-130\" srcset=\"https:\/\/incensemachinery.com\/wp-content\/uploads\/2022\/08\/small-thread-incense-processing-line.webp 720w, https:\/\/incensemachinery.com\/wp-content\/uploads\/2022\/08\/small-thread-incense-processing-line-300x225.webp 300w\" sizes=\"auto, (max-width: 720px) 100vw, 720px\" \/><figcaption class=\"wp-element-caption\">kleine Verarbeitungslinie f\u00fcr R\u00e4ucherst\u00e4bchen<\/figcaption><\/figure>    <figure class=\"wp-block-image size-large\"><img loading=\"lazy\" decoding=\"async\" width=\"720\" height=\"540\" data-id=\"134\" src=\"https:\/\/incensemachinery.com\/wp-content\/uploads\/2022\/08\/stick-incense-extruding-molds.webp\" alt=\"Extrudierformen f\u00fcr R\u00e4ucherst\u00e4bchen\" class=\"wp-image-134\" srcset=\"https:\/\/incensemachinery.com\/wp-content\/uploads\/2022\/08\/stick-incense-extruding-molds.webp 720w, https:\/\/incensemachinery.com\/wp-content\/uploads\/2022\/08\/stick-incense-extruding-molds-300x225.webp 300w\" sizes=\"auto, (max-width: 720px) 100vw, 720px\" \/><figcaption class=\"wp-element-caption\">Extrudierformen f\u00fcr R\u00e4ucherst\u00e4bchen<\/figcaption><\/figure> <\/figure>    <h2 class=\"wp-block-heading\" id=\"h-main-advantages-of-shuliy-stick-incense-machine\">Hauptvorteile der Shuliy-R\u00e4ucherst\u00e4bchenmaschine<\/h2>    <ol class=\"wp-block-list\"> <li>Shuliy-Fabrik-R\u00e4uchermaschinen sind in verschiedenen Modellen erh\u00e4ltlich. Teilen Sie uns einfach die Art und Gr\u00f6\u00dfe des R\u00e4ucherwerks mit, das Sie verarbeiten m\u00f6chten, und wir empfehlen Ihnen die am besten geeignete R\u00e4ucherwerksmaschine und eine komplette R\u00e4ucherwerksverarbeitungsl\u00f6sung mit hoher Kostenleistung.<\/li>    <li>Die Shuliy-Fabrik besteht auf Innovation und Entwicklung und aktualisiert st\u00e4ndig die Ger\u00e4te zur Herstellung von R\u00e4ucherst\u00e4bchen basierend auf dem Feedback der Kunden. Daher kann unsere Fabrik die richtigen L\u00f6sungen zur Verarbeitung von R\u00e4ucherst\u00e4bchen f\u00fcr jeden Kunden anpassen. Wir k\u00f6nnen den Durchmesser, die L\u00e4nge, die Form, das Muster, den Duft, den Aschegehalt, die Z\u00fcndzeit, die Brenndauer usw. gem\u00e4\u00df den Bed\u00fcrfnissen des Kunden anpassen.<\/li> <\/ol>    <figure class=\"wp-block-gallery has-nested-images columns-2 is-cropped wp-block-gallery-5 is-layout-flex wp-block-gallery-is-layout-flex\"> <figure class=\"wp-block-image size-large\"><img loading=\"lazy\" decoding=\"async\" width=\"720\" height=\"540\" data-id=\"131\" src=\"https:\/\/incensemachinery.com\/wp-content\/uploads\/2022\/08\/incense-making-machine-packaing-and-shipping.webp\" alt=\"Verpackung und Versand von R\u00e4uchermaschinen\" class=\"wp-image-131\" srcset=\"https:\/\/incensemachinery.com\/wp-content\/uploads\/2022\/08\/incense-making-machine-packaing-and-shipping.webp 720w, https:\/\/incensemachinery.com\/wp-content\/uploads\/2022\/08\/incense-making-machine-packaing-and-shipping-300x225.webp 300w\" sizes=\"auto, (max-width: 720px) 100vw, 720px\" \/><figcaption class=\"wp-element-caption\">Verpackung und Versand von R\u00e4uchermaschinen<\/figcaption><\/figure>    <figure class=\"wp-block-image size-large\"><img loading=\"lazy\" decoding=\"async\" width=\"720\" height=\"540\" data-id=\"132\" src=\"https:\/\/incensemachinery.com\/wp-content\/uploads\/2022\/08\/thread-incense-machine-shipment.webp\" alt=\"Versand der Thread-R\u00e4uchermaschine\" class=\"wp-image-132\" srcset=\"https:\/\/incensemachinery.com\/wp-content\/uploads\/2022\/08\/thread-incense-machine-shipment.webp 720w, https:\/\/incensemachinery.com\/wp-content\/uploads\/2022\/08\/thread-incense-machine-shipment-300x225.webp 300w\" sizes=\"auto, (max-width: 720px) 100vw, 720px\" \/><figcaption class=\"wp-element-caption\">Versand der Thread-R\u00e4uchermaschine<\/figcaption><\/figure>    <figure class=\"wp-block-image size-large\"><img loading=\"lazy\" decoding=\"async\" width=\"720\" height=\"540\" data-id=\"120\" src=\"https:\/\/incensemachinery.com\/wp-content\/uploads\/2022\/08\/complete-thread-incense-machine.webp\" alt=\"Komplette Faden-R\u00e4uchermaschine\" class=\"wp-image-120\" srcset=\"https:\/\/incensemachinery.com\/wp-content\/uploads\/2022\/08\/complete-thread-incense-machine.webp 720w, https:\/\/incensemachinery.com\/wp-content\/uploads\/2022\/08\/complete-thread-incense-machine-300x225.webp 300w\" sizes=\"auto, (max-width: 720px) 100vw, 720px\" \/><figcaption class=\"wp-element-caption\">Komplette Faden-R\u00e4uchermaschine<\/figcaption><\/figure>    <figure class=\"wp-block-image size-large\"><img loading=\"lazy\" decoding=\"async\" width=\"720\" height=\"540\" data-id=\"121\" src=\"https:\/\/incensemachinery.com\/wp-content\/uploads\/2022\/08\/incense-making-machine-for-sale.webp\" alt=\"R\u00e4uchermaschine zu verkaufen\" class=\"wp-image-121\" srcset=\"https:\/\/incensemachinery.com\/wp-content\/uploads\/2022\/08\/incense-making-machine-for-sale.webp 720w, https:\/\/incensemachinery.com\/wp-content\/uploads\/2022\/08\/incense-making-machine-for-sale-300x225.webp 300w\" sizes=\"auto, (max-width: 720px) 100vw, 720px\" \/><figcaption class=\"wp-element-caption\">R\u00e4uchermaschine zu verkaufen<\/figcaption><\/figure> <\/figure>    <h2 class=\"wp-block-heading\" id=\"h-how-to-dry-the-incense-sticks\">Wie trockne ich die R\u00e4ucherst\u00e4bchen?<\/h2>    <p class=\"translation-block\">Fadenr\u00e4ucherst\u00e4bchen sind beim ersten Herstellen weich, da sie eine bestimmte Menge Wasser enthalten, und sie sind leicht zu verbiegen und zu brechen. Daher m\u00fcssen wir normalerweise Tabletts verwenden, um die geschnittenen R\u00e4ucherst\u00e4bchen zu trocknen, und das Trocknen von R\u00e4ucherst\u00e4bchen kann nat\u00fcrlich oder mit einer <strong><a href=\"https:\/\/dryingplant.com\/\" target=\"_blank\" rel=\"noopener\">Trocknungsmaschine<\/a><\/strong> erfolgen. Unsere Fabrik kann Trocknungsausr\u00fcstung f\u00fcr die kontinuierliche Trocknung von R\u00e4ucherst\u00e4bchen bereitstellen.<\/p>    <p>Die nat\u00fcrliche Trocknungsmethode ist h\u00e4ufiger. Es ist jedoch wichtig zu beachten, dass die nat\u00fcrliche Trocknung von Fadenr\u00e4ucherst\u00e4bchen nicht direkt in der Sonne, sondern an einem k\u00fchlen und bel\u00fcfteten Ort erfolgen sollte. Dies liegt daran, dass R\u00e4ucherst\u00e4bchen, die in der Sonne platziert werden, ungleichm\u00e4\u00dfig erhitzt werden und sich verbiegen und rei\u00dfen.<\/p>    <figure class=\"wp-block-gallery has-nested-images columns-default is-cropped wp-block-gallery-6 is-layout-flex wp-block-gallery-is-layout-flex\"> <figure class=\"wp-block-image size-full\"><img loading=\"lazy\" decoding=\"async\" width=\"720\" height=\"540\" data-id=\"165\" src=\"https:\/\/incensemachinery.com\/wp-content\/uploads\/2022\/08\/thread-incense-processing.webp\" alt=\"\" class=\"wp-image-165\" srcset=\"https:\/\/incensemachinery.com\/wp-content\/uploads\/2022\/08\/thread-incense-processing.webp 720w, https:\/\/incensemachinery.com\/wp-content\/uploads\/2022\/08\/thread-incense-processing-300x225.webp 300w\" sizes=\"auto, (max-width: 720px) 100vw, 720px\" \/><figcaption class=\"wp-element-caption\">dicker Weihrauch<\/figcaption><\/figure>    <figure class=\"wp-block-image size-large\"><img loading=\"lazy\" decoding=\"async\" width=\"540\" height=\"720\" data-id=\"136\" src=\"https:\/\/incensemachinery.com\/wp-content\/uploads\/2022\/08\/thin-thread-incense-sticks.webp\" alt=\"R\u00e4ucherst\u00e4bchen mit d\u00fcnnem Faden\" class=\"wp-image-136\" srcset=\"https:\/\/incensemachinery.com\/wp-content\/uploads\/2022\/08\/thin-thread-incense-sticks.webp 540w, https:\/\/incensemachinery.com\/wp-content\/uploads\/2022\/08\/thin-thread-incense-sticks-225x300.webp 225w\" sizes=\"auto, (max-width: 540px) 100vw, 540px\" \/><figcaption class=\"wp-element-caption\">R\u00e4ucherst\u00e4bchen mit d\u00fcnnem Faden<\/figcaption><\/figure> <\/figure>    <h2 class=\"wp-block-heading\" id=\"h-parameters-of-incense-making-machine\">Parameter der R\u00e4uchermaschine<\/h2>    <figure class=\"wp-block-table\"><table><tbody><tr><td>Modell<\/td><td>SL-ZX-4<\/td><\/tr><tr><td>Kapazit\u00e4t<\/td><td>1000 kg pro Tag<\/td><\/tr><tr><td>Leistung<\/td><td>5,5 kW<\/td><\/tr><tr><td>Stromspannung<\/td><td>380V<\/td><\/tr><tr><td>Endg\u00fcltige Produktgr\u00f6\u00dfe<\/td><td>Durchmesser (1\u20135 mm) x 1,25 m<\/td><\/tr><tr><td>Maschinengr\u00f6\u00dfe<\/td><td>8*3,5*2m<\/td><\/tr><\/tbody><\/table><\/figure>    <h2 class=\"wp-block-heading\">Video zur R\u00e4ucherst\u00e4bchenherstellungsmaschine<\/h2>    <figure class=\"wp-block-embed is-type-video is-provider-youtube wp-block-embed-youtube wp-embed-aspect-16-9 wp-has-aspect-ratio\"><div class=\"wp-block-embed__wrapper\"> <iframe loading=\"lazy\" title=\"Faden-R\u00e4ucherst\u00e4bchen-Herstellungsmaschine | Kontinuierliche R\u00e4ucherst\u00e4bchen-Produktionslinie #incense\" width=\"500\" height=\"281\" src=\"https:\/\/www.youtube.com\/embed\/ZD-PTHOlQ9I?feature=oembed\" frameborder=\"0\" allow=\"accelerometer; autoplay; clipboard-write; encrypted-media; gyroscope; picture-in-picture; web-share\" referrerpolicy=\"strict-origin-when-cross-origin\" allowfullscreen><\/iframe> <\/div><\/figure>","protected":false},"excerpt":{"rendered":"<p>This automatic incense making machine can also be called a stick incense machine, but it is mainly used to make incense without bamboo sticks. This thread incense machine can process various types of incense sticks of different diameters and lengths. The incense produced by this machine is usually used as Buddhist incense and indoor incense [&hellip;]<\/p>\n","protected":false},"author":1,"featured_media":119,"parent":0,"template":"","tags":[13],"product-type":[4],"class_list":["post-118","product","type-product","status-publish","has-post-thumbnail","hentry","tag-stick-incense","product-type-incense-making-machine"],"_links":{"self":[{"href":"https:\/\/incensemachinery.com\/de\/wp-json\/wp\/v2\/product\/118","targetHints":{"allow":["GET"]}}],"collection":[{"href":"https:\/\/incensemachinery.com\/de\/wp-json\/wp\/v2\/product"}],"about":[{"href":"https:\/\/incensemachinery.com\/de\/wp-json\/wp\/v2\/types\/product"}],"author":[{"embeddable":true,"href":"https:\/\/incensemachinery.com\/de\/wp-json\/wp\/v2\/users\/1"}],"wp:featuredmedia":[{"embeddable":true,"href":"https:\/\/incensemachinery.com\/de\/wp-json\/wp\/v2\/media\/119"}],"wp:attachment":[{"href":"https:\/\/incensemachinery.com\/de\/wp-json\/wp\/v2\/media?parent=118"}],"wp:term":[{"taxonomy":"post_tag","embeddable":true,"href":"https:\/\/incensemachinery.com\/de\/wp-json\/wp\/v2\/tags?post=118"},{"taxonomy":"product-type","embeddable":true,"href":"https:\/\/incensemachinery.com\/de\/wp-json\/wp\/v2\/product-type?post=118"}],"curies":[{"name":"wp","href":"https:\/\/api.w.org\/{rel}","templated":true}]}}