{"id":23,"date":"2022-08-02T10:17:01","date_gmt":"2022-08-02T10:17:01","guid":{"rendered":"https:\/\/incensemachinery.com\/?page_id=23"},"modified":"2025-08-13T17:19:29","modified_gmt":"2025-08-13T09:19:29","slug":"contact-us","status":"publish","type":"page","link":"https:\/\/incensemachinery.com\/de\/contact-us\/","title":{"rendered":"Kontaktieren Sie uns"},"content":{"rendered":"<p>Zhengzhou Shuliy Machinery Equipment Co., Ltd. ist spezialisiert auf Forschung, Herstellung und Export von hochwertigen R\u00e4ucherwerkmaschinen und zugeh\u00f6rigen Produktionsanlagen. Mit \u00fcber einem Jahrzehnt Erfahrung in der Maschinenbauindustrie verpflichten wir uns, effiziente, zuverl\u00e4ssige und kosteneffiziente L\u00f6sungen f\u00fcr R\u00e4ucherwerkproduktionsbetriebe weltweit bereitzustellen.<\/p>    <p>Unsere Produkte sind darauf ausgelegt, die Produktionseffizienz zu steigern, die Arbeitskosten zu senken und eine gleichbleibende Qualit\u00e4t zu gew\u00e4hrleisten \u2013 damit unsere Kunden eine h\u00f6here Rentabilit\u00e4t und Wettbewerbsf\u00e4higkeit auf dem Markt erzielen. Shuliy-Maschinen wurden in mehr als 50 L\u00e4nder exportiert und genie\u00dfen einen hervorragenden Ruf f\u00fcr ihre Leistung, Haltbarkeit und benutzerfreundliche Bedienung.<\/p>    <p>Wir halten am Prinzip \u201eKunde zuerst\u201c fest und bieten umfassende Unterst\u00fctzung von der Vorverkaufsberatung, kundenspezifischen L\u00f6sungen und schneller Lieferung bis hin zu einem umfassenden Kundendienst einschlie\u00dflich Installation, Schulung und Wartung.<\/p>    <p>Ihre Produktion, unser Engagement \u2013 Shuliy ist Ihr vertrauensw\u00fcrdiger Partner in der R\u00e4ucherst\u00e4bchenindustrie.<\/p>    <p class=\"translation-block\"><strong>Kontaktdaten siehe unten<\/strong><\/p>    <p>WhatsApp\/WeChat\/Tel: +86 19139754781<\/p>    <p>E-Mail: info@incensemachinery.com<\/p>    <h2 class=\"wp-block-heading alignwide has-text-align-left\" style=\"font-size:30px\">Wir bieten<\/h2>    <div class=\"wp-block-media-text alignwide is-stacked-on-mobile\"><figure class=\"wp-block-media-text__media\"><img loading=\"lazy\" decoding=\"async\" width=\"720\" height=\"540\" src=\"https:\/\/incensemachinery.com\/wp-content\/uploads\/2025\/08\/South-African-customers-visit.webp\" alt=\"Besuch s\u00fcdafrikanischer Kunden\" class=\"wp-image-520 size-full\" srcset=\"https:\/\/incensemachinery.com\/wp-content\/uploads\/2025\/08\/South-African-customers-visit.webp 720w, https:\/\/incensemachinery.com\/wp-content\/uploads\/2025\/08\/South-African-customers-visit-300x225.webp 300w, https:\/\/incensemachinery.com\/wp-content\/uploads\/2025\/08\/South-African-customers-visit-16x12.webp 16w\" sizes=\"auto, (max-width: 720px) 100vw, 720px\" \/><\/figure><div class=\"wp-block-media-text__content\"> <p>Video-Werksbesichtigungsservice: Wenn Sie China nicht besuchen k\u00f6nnen, bieten Ihnen unsere professionellen Vertriebsmitarbeiter einen umfassenden Video-Werksbesichtigungsservice. Sie k\u00f6nnen detaillierte Informationen \u00fcber die Maschinen, ihre Bedienungsmethoden und die Fabrikumgebung einsehen.<\/p> <\/div><\/div>    <div class=\"wp-block-media-text alignwide has-media-on-the-right is-stacked-on-mobile\"><div class=\"wp-block-media-text__content\"> <p>Flughafentransfer-Service: Unsere Stadt verf\u00fcgt \u00fcber einen gro\u00dfen internationalen Flughafen, der Ihnen die Anreise erleichtert. Selbstverst\u00e4ndlich bieten wir einen Flughafentransfer-Service an.<\/p> <\/div><figure class=\"wp-block-media-text__media\"><img loading=\"lazy\" decoding=\"async\" width=\"720\" height=\"540\" src=\"https:\/\/incensemachinery.com\/wp-content\/uploads\/2025\/08\/Turkish-customers-visit.webp\" alt=\"Besuch t\u00fcrkischer Kunden\" class=\"wp-image-522 size-full\" srcset=\"https:\/\/incensemachinery.com\/wp-content\/uploads\/2025\/08\/Turkish-customers-visit.webp 720w, https:\/\/incensemachinery.com\/wp-content\/uploads\/2025\/08\/Turkish-customers-visit-300x225.webp 300w, https:\/\/incensemachinery.com\/wp-content\/uploads\/2025\/08\/Turkish-customers-visit-16x12.webp 16w\" sizes=\"auto, (max-width: 720px) 100vw, 720px\" \/><\/figure><\/div>    <div class=\"wp-block-media-text alignwide is-stacked-on-mobile\"><figure class=\"wp-block-media-text__media\"><img loading=\"lazy\" decoding=\"async\" width=\"720\" height=\"540\" src=\"https:\/\/incensemachinery.com\/wp-content\/uploads\/2025\/08\/Yemeni-customers-visit.webp\" alt=\"Besuch jemenitischer Kunden\" class=\"wp-image-523 size-full\" srcset=\"https:\/\/incensemachinery.com\/wp-content\/uploads\/2025\/08\/Yemeni-customers-visit.webp 720w, https:\/\/incensemachinery.com\/wp-content\/uploads\/2025\/08\/Yemeni-customers-visit-300x225.webp 300w, https:\/\/incensemachinery.com\/wp-content\/uploads\/2025\/08\/Yemeni-customers-visit-16x12.webp 16w\" sizes=\"auto, (max-width: 720px) 100vw, 720px\" \/><\/figure><div class=\"wp-block-media-text__content\"> <p>Werksbesichtigungsservice: Wir k\u00f6nnen Kunden durch die Fabrik f\u00fchren. Sie k\u00f6nnen alle Fragen stellen, die Sie zu den Maschinen haben.<\/p> <\/div><\/div>    <figure class=\"wp-block-gallery alignwide has-nested-images columns-default is-cropped wp-block-gallery-2 is-layout-flex wp-block-gallery-is-layout-flex\"> <figure class=\"wp-block-image size-large\"><img loading=\"lazy\" decoding=\"async\" width=\"720\" height=\"540\" data-id=\"521\" src=\"https:\/\/incensemachinery.com\/wp-content\/uploads\/2025\/08\/Spanish-customers-visit.webp\" alt=\"Besuch spanischer Kunden\" class=\"wp-image-521\" srcset=\"https:\/\/incensemachinery.com\/wp-content\/uploads\/2025\/08\/Spanish-customers-visit.webp 720w, https:\/\/incensemachinery.com\/wp-content\/uploads\/2025\/08\/Spanish-customers-visit-300x225.webp 300w, https:\/\/incensemachinery.com\/wp-content\/uploads\/2025\/08\/Spanish-customers-visit-16x12.webp 16w\" sizes=\"auto, (max-width: 720px) 100vw, 720px\" \/><\/figure>    <figure class=\"wp-block-image size-large\"><img loading=\"lazy\" decoding=\"async\" width=\"720\" height=\"540\" data-id=\"518\" src=\"https:\/\/incensemachinery.com\/wp-content\/uploads\/2025\/08\/Nigerian-customers-visit.webp\" alt=\"Besuch nigerianischer Kunden\" class=\"wp-image-518\" srcset=\"https:\/\/incensemachinery.com\/wp-content\/uploads\/2025\/08\/Nigerian-customers-visit.webp 720w, https:\/\/incensemachinery.com\/wp-content\/uploads\/2025\/08\/Nigerian-customers-visit-300x225.webp 300w, https:\/\/incensemachinery.com\/wp-content\/uploads\/2025\/08\/Nigerian-customers-visit-16x12.webp 16w\" sizes=\"auto, (max-width: 720px) 100vw, 720px\" \/><\/figure>    <figure class=\"wp-block-image size-large\"><img loading=\"lazy\" decoding=\"async\" width=\"720\" height=\"540\" data-id=\"517\" src=\"https:\/\/incensemachinery.com\/wp-content\/uploads\/2025\/08\/Kenyan-customers-visit.webp\" alt=\"Besuch kenianischer Kunden\" class=\"wp-image-517\" srcset=\"https:\/\/incensemachinery.com\/wp-content\/uploads\/2025\/08\/Kenyan-customers-visit.webp 720w, https:\/\/incensemachinery.com\/wp-content\/uploads\/2025\/08\/Kenyan-customers-visit-300x225.webp 300w, https:\/\/incensemachinery.com\/wp-content\/uploads\/2025\/08\/Kenyan-customers-visit-16x12.webp 16w\" sizes=\"auto, (max-width: 720px) 100vw, 720px\" \/><\/figure> <\/figure>","protected":false},"excerpt":{"rendered":"<p>Zhengzhou Shuliy Machinery Equipment Co., Ltd. specializes in the research, manufacturing, and export of high-quality incense making machines and related production equipment. With over a decade of experience in the machinery industry, we are committed to providing efficient, reliable, and cost-effective solutions for incense production businesses worldwide. Our products are designed to enhance production efficiency, [&hellip;]<\/p>\n","protected":false},"author":1,"featured_media":0,"parent":0,"menu_order":0,"comment_status":"closed","ping_status":"closed","template":"","meta":{"footnotes":""},"class_list":["post-23","page","type-page","status-publish","hentry"],"_links":{"self":[{"href":"https:\/\/incensemachinery.com\/de\/wp-json\/wp\/v2\/pages\/23","targetHints":{"allow":["GET"]}}],"collection":[{"href":"https:\/\/incensemachinery.com\/de\/wp-json\/wp\/v2\/pages"}],"about":[{"href":"https:\/\/incensemachinery.com\/de\/wp-json\/wp\/v2\/types\/page"}],"author":[{"embeddable":true,"href":"https:\/\/incensemachinery.com\/de\/wp-json\/wp\/v2\/users\/1"}],"replies":[{"embeddable":true,"href":"https:\/\/incensemachinery.com\/de\/wp-json\/wp\/v2\/comments?post=23"}],"version-history":[{"count":0,"href":"https:\/\/incensemachinery.com\/de\/wp-json\/wp\/v2\/pages\/23\/revisions"}],"wp:attachment":[{"href":"https:\/\/incensemachinery.com\/de\/wp-json\/wp\/v2\/media?parent=23"}],"curies":[{"name":"wp","href":"https:\/\/api.w.org\/{rel}","templated":true}]}}