{"id":21,"date":"2022-08-02T10:16:40","date_gmt":"2022-08-02T10:16:40","guid":{"rendered":"https:\/\/incensemachinery.com\/?page_id=21"},"modified":"2022-08-03T06:36:27","modified_gmt":"2022-08-03T06:36:27","slug":"about-us","status":"publish","type":"page","link":"https:\/\/incensemachinery.com\/de\/about-us\/","title":{"rendered":"\u00dcber uns"},"content":{"rendered":"<p>Shuliy Machinery ist ein gro\u00dfer Hersteller und Exporteur von Industrieausr\u00fcstung. In zehn Jahren hat sich die Shuliy-Gruppe zu einer Fabrik mit zwei Tochtergesellschaften (Marke Taizy und Marke Shuliy) entwickelt. Derzeit besch\u00e4ftigt sich das Werk Shuliy mit der Entwicklung, Herstellung und dem Export verschiedener Arten von Recyclingger\u00e4ten. <\/p>    <p>Eine Maschine zur Herstellung von R\u00e4ucherst\u00e4bchen ist eine der Arten von Biomasse-Recyclingger\u00e4ten in unserer Fabrik. Derzeit bietet die Shuliy-Fabrik eine breite Palette an Ger\u00e4ten und Zusatzger\u00e4ten zur Herstellung von R\u00e4ucherst\u00e4bchen an, wie z. B. verschiedene Arten von R\u00e4ucherkegeln und Maschinen zum Formen von R\u00e4ucherst\u00e4bchen, R\u00e4ucherpulvermischer, Maschinen zum Trocknen von R\u00e4ucherst\u00e4bchen, Verpackungsmaschinen f\u00fcr R\u00e4ucherst\u00e4bchen usw.<\/p>    <p>Die Ausr\u00fcstung der Shuliy-Fabrik wurde nacheinander in mehr als 50 L\u00e4nder und Regionen exportiert. Dar\u00fcber hinaus sind wir bereits in mehreren L\u00e4ndern Agenturbeziehungen mit Kunden eingegangen. <\/p>    <p>Die L\u00e4nder mit den meisten Kunden f\u00fcr unsere R\u00e4uchermaschinen sind Thailand, Japan, Singapur, Bangladesch, Malaysia, Korea, Indien, T\u00fcrkei, \u00c4gypten, Irak, Saudi-Arabien, Vereinigte Arabische Emirate, Libanon, Usbekistan, USA, Australien, Neuseeland, Spanien, Slowakei, Italien, Nigeria, Senegal, Guinea usw.<\/p>","protected":false},"excerpt":{"rendered":"<p>Shuliy Machinery is a large manufacturer and exporter of industrial equipment. In ten years, the Shuliy group has grown into a factory with two subsidiaries (Taizy brand &amp; Shuliy brand). Currently, Shuliy factory is engaged in the development, manufacture, and export of various types of recycling equipment. Incense making machine is one of the types [&hellip;]<\/p>\n","protected":false},"author":1,"featured_media":0,"parent":0,"menu_order":0,"comment_status":"closed","ping_status":"closed","template":"","meta":{"footnotes":""},"class_list":["post-21","page","type-page","status-publish","hentry"],"_links":{"self":[{"href":"https:\/\/incensemachinery.com\/de\/wp-json\/wp\/v2\/pages\/21","targetHints":{"allow":["GET"]}}],"collection":[{"href":"https:\/\/incensemachinery.com\/de\/wp-json\/wp\/v2\/pages"}],"about":[{"href":"https:\/\/incensemachinery.com\/de\/wp-json\/wp\/v2\/types\/page"}],"author":[{"embeddable":true,"href":"https:\/\/incensemachinery.com\/de\/wp-json\/wp\/v2\/users\/1"}],"replies":[{"embeddable":true,"href":"https:\/\/incensemachinery.com\/de\/wp-json\/wp\/v2\/comments?post=21"}],"version-history":[{"count":0,"href":"https:\/\/incensemachinery.com\/de\/wp-json\/wp\/v2\/pages\/21\/revisions"}],"wp:attachment":[{"href":"https:\/\/incensemachinery.com\/de\/wp-json\/wp\/v2\/media?parent=21"}],"curies":[{"name":"wp","href":"https:\/\/api.w.org\/{rel}","templated":true}]}}